{"id":4084,"date":"2025-10-16T11:27:00","date_gmt":"2025-10-16T03:27:00","guid":{"rendered":"https:\/\/www.drrashel-bbg.com\/?post_type=product&#038;p=4084"},"modified":"2026-01-04T16:13:00","modified_gmt":"2026-01-04T08:13:00","slug":"24k-gold-collagen-cc-cream","status":"publish","type":"product","link":"https:\/\/www.drrashel-bbg.com\/es\/face-makeup\/24k-gold-collagen-cc-cream\/","title":{"rendered":"Crema de col\u00e1geno CC de oro 24K"},"content":{"rendered":"<p><img fetchpriority=\"high\" decoding=\"async\" class=\"aligncenter wp-image-4093\" src=\"https:\/\/www.drrashel-bbg.com\/wp-content\/uploads\/2025\/10\/DRL-1174CCE-Detail-1.jpg\" alt=\"DRL-1174CCE-Detalle-(1)\" width=\"1300\" height=\"2538\" srcset=\"https:\/\/www.drrashel-bbg.com\/wp-content\/uploads\/2025\/10\/DRL-1174CCE-Detail-1.jpg 750w, https:\/\/www.drrashel-bbg.com\/wp-content\/uploads\/2025\/10\/DRL-1174CCE-Detail-1-154x300.jpg 154w, https:\/\/www.drrashel-bbg.com\/wp-content\/uploads\/2025\/10\/DRL-1174CCE-Detail-1-525x1024.jpg 525w, https:\/\/www.drrashel-bbg.com\/wp-content\/uploads\/2025\/10\/DRL-1174CCE-Detail-1-600x1171.jpg 600w\" sizes=\"(max-width: 1300px) 100vw, 1300px\" \/> <img decoding=\"async\" class=\"aligncenter wp-image-4094\" src=\"https:\/\/www.drrashel-bbg.com\/wp-content\/uploads\/2025\/10\/DRL-1174CCE-Detail-2.jpg\" alt=\"DRL-1174CCE-Detalle-(2)\" width=\"1300\" height=\"2506\" srcset=\"https:\/\/www.drrashel-bbg.com\/wp-content\/uploads\/2025\/10\/DRL-1174CCE-Detail-2.jpg 750w, https:\/\/www.drrashel-bbg.com\/wp-content\/uploads\/2025\/10\/DRL-1174CCE-Detail-2-156x300.jpg 156w, https:\/\/www.drrashel-bbg.com\/wp-content\/uploads\/2025\/10\/DRL-1174CCE-Detail-2-531x1024.jpg 531w, https:\/\/www.drrashel-bbg.com\/wp-content\/uploads\/2025\/10\/DRL-1174CCE-Detail-2-600x1157.jpg 600w\" sizes=\"(max-width: 1300px) 100vw, 1300px\" \/> <img decoding=\"async\" class=\"aligncenter wp-image-4095\" src=\"https:\/\/www.drrashel-bbg.com\/wp-content\/uploads\/2025\/10\/DRL-1174CCE-Detail-3.jpg\" alt=\"DRL-1174CCE-Detalle-(3)\" width=\"1300\" height=\"624\" srcset=\"https:\/\/www.drrashel-bbg.com\/wp-content\/uploads\/2025\/10\/DRL-1174CCE-Detail-3.jpg 750w, https:\/\/www.drrashel-bbg.com\/wp-content\/uploads\/2025\/10\/DRL-1174CCE-Detail-3-300x144.jpg 300w, https:\/\/www.drrashel-bbg.com\/wp-content\/uploads\/2025\/10\/DRL-1174CCE-Detail-3-600x288.jpg 600w\" sizes=\"(max-width: 1300px) 100vw, 1300px\" \/> <img loading=\"lazy\" decoding=\"async\" class=\"aligncenter wp-image-4096\" src=\"https:\/\/www.drrashel-bbg.com\/wp-content\/uploads\/2025\/10\/DRL-1174CCE-Detail-4.jpg\" alt=\"DRL-1174CCE-Detalle-(4)\" width=\"1300\" height=\"2174\" srcset=\"https:\/\/www.drrashel-bbg.com\/wp-content\/uploads\/2025\/10\/DRL-1174CCE-Detail-4.jpg 750w, https:\/\/www.drrashel-bbg.com\/wp-content\/uploads\/2025\/10\/DRL-1174CCE-Detail-4-179x300.jpg 179w, https:\/\/www.drrashel-bbg.com\/wp-content\/uploads\/2025\/10\/DRL-1174CCE-Detail-4-612x1024.jpg 612w, https:\/\/www.drrashel-bbg.com\/wp-content\/uploads\/2025\/10\/DRL-1174CCE-Detail-4-600x1003.jpg 600w\" sizes=\"(max-width: 1300px) 100vw, 1300px\" \/> <img loading=\"lazy\" decoding=\"async\" class=\"aligncenter wp-image-4097\" src=\"https:\/\/www.drrashel-bbg.com\/wp-content\/uploads\/2025\/10\/DRL-1174CCE-Detail-5.jpg\" alt=\"DRL-1174CCE-Detalle-(5)\" width=\"1300\" height=\"2283\" srcset=\"https:\/\/www.drrashel-bbg.com\/wp-content\/uploads\/2025\/10\/DRL-1174CCE-Detail-5.jpg 750w, https:\/\/www.drrashel-bbg.com\/wp-content\/uploads\/2025\/10\/DRL-1174CCE-Detail-5-171x300.jpg 171w, https:\/\/www.drrashel-bbg.com\/wp-content\/uploads\/2025\/10\/DRL-1174CCE-Detail-5-583x1024.jpg 583w, https:\/\/www.drrashel-bbg.com\/wp-content\/uploads\/2025\/10\/DRL-1174CCE-Detail-5-600x1054.jpg 600w\" sizes=\"(max-width: 1300px) 100vw, 1300px\" \/> <img loading=\"lazy\" decoding=\"async\" class=\"aligncenter wp-image-4098\" src=\"https:\/\/www.drrashel-bbg.com\/wp-content\/uploads\/2025\/10\/DRL-1174CCE-Detail-6.jpg\" alt=\"DRL-1174CCE-Detalle-(6)\" width=\"1300\" height=\"1635\" srcset=\"https:\/\/www.drrashel-bbg.com\/wp-content\/uploads\/2025\/10\/DRL-1174CCE-Detail-6.jpg 750w, https:\/\/www.drrashel-bbg.com\/wp-content\/uploads\/2025\/10\/DRL-1174CCE-Detail-6-239x300.jpg 239w, https:\/\/www.drrashel-bbg.com\/wp-content\/uploads\/2025\/10\/DRL-1174CCE-Detail-6-600x754.jpg 600w\" sizes=\"(max-width: 1300px) 100vw, 1300px\" \/> <img loading=\"lazy\" decoding=\"async\" class=\"aligncenter wp-image-4099\" src=\"https:\/\/www.drrashel-bbg.com\/wp-content\/uploads\/2025\/10\/DRL-1174CCE-Detail-7.jpg\" alt=\"DRL-1174CCE-Detalle-(7)\" width=\"1300\" height=\"2295\" srcset=\"https:\/\/www.drrashel-bbg.com\/wp-content\/uploads\/2025\/10\/DRL-1174CCE-Detail-7.jpg 750w, https:\/\/www.drrashel-bbg.com\/wp-content\/uploads\/2025\/10\/DRL-1174CCE-Detail-7-170x300.jpg 170w, https:\/\/www.drrashel-bbg.com\/wp-content\/uploads\/2025\/10\/DRL-1174CCE-Detail-7-580x1024.jpg 580w, https:\/\/www.drrashel-bbg.com\/wp-content\/uploads\/2025\/10\/DRL-1174CCE-Detail-7-600x1059.jpg 600w\" sizes=\"(max-width: 1300px) 100vw, 1300px\" \/> <img loading=\"lazy\" decoding=\"async\" class=\"aligncenter wp-image-4100\" src=\"https:\/\/www.drrashel-bbg.com\/wp-content\/uploads\/2025\/10\/DRL-1174CCE-Detail-8.jpg\" alt=\"DRL-1174CCE-Detalle-(8)\" width=\"1300\" height=\"2489\" srcset=\"https:\/\/www.drrashel-bbg.com\/wp-content\/uploads\/2025\/10\/DRL-1174CCE-Detail-8.jpg 750w, https:\/\/www.drrashel-bbg.com\/wp-content\/uploads\/2025\/10\/DRL-1174CCE-Detail-8-157x300.jpg 157w, https:\/\/www.drrashel-bbg.com\/wp-content\/uploads\/2025\/10\/DRL-1174CCE-Detail-8-535x1024.jpg 535w, https:\/\/www.drrashel-bbg.com\/wp-content\/uploads\/2025\/10\/DRL-1174CCE-Detail-8-600x1149.jpg 600w\" sizes=\"(max-width: 1300px) 100vw, 1300px\" \/> <img loading=\"lazy\" decoding=\"async\" class=\"aligncenter wp-image-4101\" src=\"https:\/\/www.drrashel-bbg.com\/wp-content\/uploads\/2025\/10\/DRL-1174CCE-Detail-9.jpg\" alt=\"DRL-1174CCE-Detalle-(9)\" width=\"1300\" height=\"2891\" srcset=\"https:\/\/www.drrashel-bbg.com\/wp-content\/uploads\/2025\/10\/DRL-1174CCE-Detail-9.jpg 750w, https:\/\/www.drrashel-bbg.com\/wp-content\/uploads\/2025\/10\/DRL-1174CCE-Detail-9-135x300.jpg 135w, https:\/\/www.drrashel-bbg.com\/wp-content\/uploads\/2025\/10\/DRL-1174CCE-Detail-9-460x1024.jpg 460w, https:\/\/www.drrashel-bbg.com\/wp-content\/uploads\/2025\/10\/DRL-1174CCE-Detail-9-691x1536.jpg 691w, https:\/\/www.drrashel-bbg.com\/wp-content\/uploads\/2025\/10\/DRL-1174CCE-Detail-9-600x1334.jpg 600w\" sizes=\"(max-width: 1300px) 100vw, 1300px\" \/> <img loading=\"lazy\" decoding=\"async\" class=\"aligncenter wp-image-4102\" src=\"https:\/\/www.drrashel-bbg.com\/wp-content\/uploads\/2025\/10\/DRL-1174CCE-Detail-10.jpg\" alt=\"DRL-1174CCE-Detalle-(10)\" width=\"1300\" height=\"1385\" srcset=\"https:\/\/www.drrashel-bbg.com\/wp-content\/uploads\/2025\/10\/DRL-1174CCE-Detail-10.jpg 750w, https:\/\/www.drrashel-bbg.com\/wp-content\/uploads\/2025\/10\/DRL-1174CCE-Detail-10-282x300.jpg 282w, https:\/\/www.drrashel-bbg.com\/wp-content\/uploads\/2025\/10\/DRL-1174CCE-Detail-10-600x639.jpg 600w\" sizes=\"(max-width: 1300px) 100vw, 1300px\" \/><\/p>\n<p>&nbsp;<\/p>\n<p><strong><b>Beneficios del producto:<\/b><\/strong><\/p>\n<p>Para aclarar el color de la piel: \u00e1tomos de oro reales, aclara el color de la piel en el lugar, para mostrar una piel brillante, joven y saludable.<\/p>\n<ul>\n<li>Restaurar la juventud: la eficacia del col\u00e1geno para antienvejecimiento, endurecimiento de la piel, y restaurar la juventud de la piel.<\/li>\n<li>Mejorar la piel: mejorar las l\u00edneas, y mejorar la melanina natural en la piel, cubriendo manchas y manchas y poros grandes, acn\u00e9, la piel parece tan suave y grasa.<\/li>\n<li>Protecci\u00f3n contra el sol: la reforma de la piel, protecci\u00f3n solar, protecci\u00f3n contra los rayos UV.<\/li>\n<li>Corrector natural: Oculta el agua y los aceites residuales de la piel y mejora la piel oscura.<\/li>\n<\/ul>\n<p>&nbsp;<\/p>\n<p><strong><b>Ingredientes y tecnolog\u00edas principales:<\/b><\/strong><\/p>\n<p>INGREDIENTES ESTRELLADOS<\/p>\n<p>El col\u00e1geno hidrolizado puede hidratar y bloquear la humedad, formando una buena pel\u00edcula protectora. Tambi\u00e9n puede aclarar el tono de la piel y suavizar temporalmente las l\u00edneas finas.<\/p>\n<p>INGREDIENTES COMPLETOS<\/p>\n<p>AQUA<\/p>\n<p>GLICERINA<\/p>\n<p>PALMITATO DE ETILHEXILO<\/p>\n<p>DI\u00d3XIDO DE TITANIO<\/p>\n<p>CETYL PEG\/PPG-10\/1 DIMETICONA<\/p>\n<p>CICLOPENTASILOXANO<\/p>\n<p>Col\u00e1geno hidrolizado<\/p>\n<p>&nbsp;<\/p>\n<p><strong><b>C\u00f3mo utilizar:<\/b><\/strong><\/p>\n<p>Despu\u00e9s de limpiar la piel, aplicar una peque\u00f1a cantidad en la cara y el cuello masajear suavemente hasta la absorci\u00f3n completa.<\/p>\n<p>&nbsp;<\/p>\n<p><strong><b>Introducci\u00f3n de la marca:<\/b><\/strong><\/p>\n<p>DR\u00b7RASHEL fue fundada en 1989 por el Sr. BAKRI, un maestro de cuidado de la piel, con treinta a\u00f1os de experiencia en productos. Centrado en la salud, el Sr. BAKRI desarroll\u00f3 f\u00f3rmulas precisas para los ingredientes naturales para maximizar la salud de la piel y el brillo vibrante, un principio aplicado en la amplia gama de productos de cuidado de la piel de DR\u00b7RASHEL.<\/p>\n<p>&nbsp;<\/p>\n<p>Los productos de DR\u00b7RASHEL est\u00e1n extendidos por todo el mundo y son bienvenidos por clientes en cinco continentes, m\u00e1s espec\u00edficamente, en Oriente Medio, Am\u00e9rica del Sur y Europa.<\/p>\n<p>Exportamos a m\u00e1s de 100 pa\u00edses, incluyendo Emiratos \u00c1rabes Unidos, Rusia, Am\u00e9rica, M\u00e9xico, Australia, Arabia Saudita, Brasil, India y Sud\u00e1frica.<\/p>\n<p>Tenemos ISO, GMPC American European Union International Autoritative Double Certification, Advanced R &amp; amp; D equipo de prueba, miles de f\u00f3rmulas maduras y equipo de ventas de alta eficiencia y superioridad de precio competitivo. Nuestras categor\u00edas de productos son: productos de cuidado de la piel, productos de maquillaje, productos de lavado y cuidado.<\/p>\n<p>&nbsp;<\/p>\n<p><strong><b>Preguntas frecuentes:<\/b><\/strong><\/p>\n<p>P: \u00bfCu\u00e1l es la funci\u00f3n principal de esta crema CC?<\/p>\n<p>R: Los principales efectos incluyen: modificar el tono de la piel, aclarar y ocultar las manchas, hidratar y mantener, y reducir la sequedad causada por los cosm\u00e9ticos.<\/p>\n<p>P: \u00bfQu\u00e9 papel hace &#8220; Oro 24K&#8221;  \u00bfJugar en ella?<\/p>\n<p>R: Reduce suavemente la aparici\u00f3n de l\u00edneas finas y poros para una piel naturalmente radiante.<\/p>","protected":false},"excerpt":{"rendered":"<p>Este es un corrector con ingredientes para el cuidado de la piel y factor de protecci\u00f3n solar, que mejora la melanina natural en la piel, cubre manchas y manchas, poros grandes, acn\u00e9 y revela una piel brillante, joven y saludable.<\/p>\n<p>N\u00famero de serie: DRL-1174<\/p>","protected":false},"featured_media":4090,"comment_status":"closed","ping_status":"closed","template":"","meta":[],"product_brand":[],"product_cat":[164,163],"product_tag":[],"class_list":{"0":"post-4084","1":"product","2":"type-product","3":"status-publish","4":"has-post-thumbnail","6":"product_cat-face-makeup","7":"product_cat-makeup","9":"first","10":"instock","11":"shipping-taxable","12":"product-type-simple"},"_links":{"self":[{"href":"https:\/\/www.drrashel-bbg.com\/es\/wp-json\/wp\/v2\/product\/4084","targetHints":{"allow":["GET"]}}],"collection":[{"href":"https:\/\/www.drrashel-bbg.com\/es\/wp-json\/wp\/v2\/product"}],"about":[{"href":"https:\/\/www.drrashel-bbg.com\/es\/wp-json\/wp\/v2\/types\/product"}],"replies":[{"embeddable":true,"href":"https:\/\/www.drrashel-bbg.com\/es\/wp-json\/wp\/v2\/comments?post=4084"}],"wp:featuredmedia":[{"embeddable":true,"href":"https:\/\/www.drrashel-bbg.com\/es\/wp-json\/wp\/v2\/media\/4090"}],"wp:attachment":[{"href":"https:\/\/www.drrashel-bbg.com\/es\/wp-json\/wp\/v2\/media?parent=4084"}],"wp:term":[{"taxonomy":"product_brand","embeddable":true,"href":"https:\/\/www.drrashel-bbg.com\/es\/wp-json\/wp\/v2\/product_brand?post=4084"},{"taxonomy":"product_cat","embeddable":true,"href":"https:\/\/www.drrashel-bbg.com\/es\/wp-json\/wp\/v2\/product_cat?post=4084"},{"taxonomy":"product_tag","embeddable":true,"href":"https:\/\/www.drrashel-bbg.com\/es\/wp-json\/wp\/v2\/product_tag?post=4084"}],"curies":[{"name":"wp","href":"https:\/\/api.w.org\/{rel}","templated":true}]}}