{"id":4149,"date":"2025-10-16T17:17:01","date_gmt":"2025-10-16T09:17:01","guid":{"rendered":"https:\/\/www.drrashel-bbg.com\/?post_type=product&#038;p=4149"},"modified":"2026-01-04T16:11:18","modified_gmt":"2026-01-04T08:11:18","slug":"vitamin-c-retinol-a-daytime-brightening-night-anti-aging-facial-serum","status":"publish","type":"product","link":"https:\/\/www.drrashel-bbg.com\/es\/facial-care-sets\/vitamin-c-retinol-a-daytime-brightening-night-anti-aging-facial-serum\/","title":{"rendered":"Vitamina C &#038; Retinol Un iluminador diurno &#038; suero facial anti-envejecimiento nocturno"},"content":{"rendered":"<p><img fetchpriority=\"high\" decoding=\"async\" class=\"aligncenter wp-image-4163\" src=\"https:\/\/www.drrashel-bbg.com\/wp-content\/uploads\/2025\/10\/DRL-1724-Product-Details-2.jpg\" alt=\"\" width=\"1300\" height=\"2083\" srcset=\"https:\/\/www.drrashel-bbg.com\/wp-content\/uploads\/2025\/10\/DRL-1724-Product-Details-2.jpg 750w, https:\/\/www.drrashel-bbg.com\/wp-content\/uploads\/2025\/10\/DRL-1724-Product-Details-2-187x300.jpg 187w, https:\/\/www.drrashel-bbg.com\/wp-content\/uploads\/2025\/10\/DRL-1724-Product-Details-2-639x1024.jpg 639w, https:\/\/www.drrashel-bbg.com\/wp-content\/uploads\/2025\/10\/DRL-1724-Product-Details-2-600x962.jpg 600w\" sizes=\"(max-width: 1300px) 100vw, 1300px\" \/> <img decoding=\"async\" class=\"aligncenter wp-image-4164\" src=\"https:\/\/www.drrashel-bbg.com\/wp-content\/uploads\/2025\/10\/DRL-1724-Product-Details-3.jpg\" alt=\"\" width=\"1300\" height=\"879\" srcset=\"https:\/\/www.drrashel-bbg.com\/wp-content\/uploads\/2025\/10\/DRL-1724-Product-Details-3.jpg 750w, https:\/\/www.drrashel-bbg.com\/wp-content\/uploads\/2025\/10\/DRL-1724-Product-Details-3-300x203.jpg 300w, https:\/\/www.drrashel-bbg.com\/wp-content\/uploads\/2025\/10\/DRL-1724-Product-Details-3-600x406.jpg 600w\" sizes=\"(max-width: 1300px) 100vw, 1300px\" \/> <img decoding=\"async\" class=\"aligncenter wp-image-4165\" src=\"https:\/\/www.drrashel-bbg.com\/wp-content\/uploads\/2025\/10\/DRL-1724-Product-Details-4.jpg\" alt=\"\" width=\"1300\" height=\"1607\" srcset=\"https:\/\/www.drrashel-bbg.com\/wp-content\/uploads\/2025\/10\/DRL-1724-Product-Details-4.jpg 750w, https:\/\/www.drrashel-bbg.com\/wp-content\/uploads\/2025\/10\/DRL-1724-Product-Details-4-243x300.jpg 243w, https:\/\/www.drrashel-bbg.com\/wp-content\/uploads\/2025\/10\/DRL-1724-Product-Details-4-600x742.jpg 600w\" sizes=\"(max-width: 1300px) 100vw, 1300px\" \/> <img loading=\"lazy\" decoding=\"async\" class=\"aligncenter wp-image-4166\" src=\"https:\/\/www.drrashel-bbg.com\/wp-content\/uploads\/2025\/10\/DRL-1724-Product-Details-5.jpg\" alt=\"\" width=\"1300\" height=\"1063\" srcset=\"https:\/\/www.drrashel-bbg.com\/wp-content\/uploads\/2025\/10\/DRL-1724-Product-Details-5.jpg 750w, https:\/\/www.drrashel-bbg.com\/wp-content\/uploads\/2025\/10\/DRL-1724-Product-Details-5-300x245.jpg 300w, https:\/\/www.drrashel-bbg.com\/wp-content\/uploads\/2025\/10\/DRL-1724-Product-Details-5-600x490.jpg 600w\" sizes=\"(max-width: 1300px) 100vw, 1300px\" \/> <img loading=\"lazy\" decoding=\"async\" class=\"aligncenter wp-image-4167\" src=\"https:\/\/www.drrashel-bbg.com\/wp-content\/uploads\/2025\/10\/DRL-1724-Product-Details-6.jpg\" alt=\"\" width=\"1300\" height=\"1964\" srcset=\"https:\/\/www.drrashel-bbg.com\/wp-content\/uploads\/2025\/10\/DRL-1724-Product-Details-6.jpg 750w, https:\/\/www.drrashel-bbg.com\/wp-content\/uploads\/2025\/10\/DRL-1724-Product-Details-6-199x300.jpg 199w, https:\/\/www.drrashel-bbg.com\/wp-content\/uploads\/2025\/10\/DRL-1724-Product-Details-6-678x1024.jpg 678w, https:\/\/www.drrashel-bbg.com\/wp-content\/uploads\/2025\/10\/DRL-1724-Product-Details-6-600x906.jpg 600w\" sizes=\"(max-width: 1300px) 100vw, 1300px\" \/> <img loading=\"lazy\" decoding=\"async\" class=\"aligncenter wp-image-4168\" src=\"https:\/\/www.drrashel-bbg.com\/wp-content\/uploads\/2025\/10\/DRL-1724-Product-Details-7.jpg\" alt=\"\" width=\"1300\" height=\"1993\" srcset=\"https:\/\/www.drrashel-bbg.com\/wp-content\/uploads\/2025\/10\/DRL-1724-Product-Details-7.jpg 750w, https:\/\/www.drrashel-bbg.com\/wp-content\/uploads\/2025\/10\/DRL-1724-Product-Details-7-196x300.jpg 196w, https:\/\/www.drrashel-bbg.com\/wp-content\/uploads\/2025\/10\/DRL-1724-Product-Details-7-668x1024.jpg 668w, https:\/\/www.drrashel-bbg.com\/wp-content\/uploads\/2025\/10\/DRL-1724-Product-Details-7-600x920.jpg 600w\" sizes=\"(max-width: 1300px) 100vw, 1300px\" \/> <img loading=\"lazy\" decoding=\"async\" class=\"aligncenter wp-image-4169\" src=\"https:\/\/www.drrashel-bbg.com\/wp-content\/uploads\/2025\/10\/DRL-1724-Product-Details-8.jpg\" alt=\"\" width=\"1300\" height=\"1203\" srcset=\"https:\/\/www.drrashel-bbg.com\/wp-content\/uploads\/2025\/10\/DRL-1724-Product-Details-8.jpg 750w, https:\/\/www.drrashel-bbg.com\/wp-content\/uploads\/2025\/10\/DRL-1724-Product-Details-8-300x278.jpg 300w, https:\/\/www.drrashel-bbg.com\/wp-content\/uploads\/2025\/10\/DRL-1724-Product-Details-8-600x555.jpg 600w\" sizes=\"(max-width: 1300px) 100vw, 1300px\" \/> <img loading=\"lazy\" decoding=\"async\" class=\"aligncenter wp-image-4170\" src=\"https:\/\/www.drrashel-bbg.com\/wp-content\/uploads\/2025\/10\/DRL-1724-Product-Details-9.jpg\" alt=\"\" width=\"1300\" height=\"2246\" srcset=\"https:\/\/www.drrashel-bbg.com\/wp-content\/uploads\/2025\/10\/DRL-1724-Product-Details-9.jpg 750w, https:\/\/www.drrashel-bbg.com\/wp-content\/uploads\/2025\/10\/DRL-1724-Product-Details-9-174x300.jpg 174w, https:\/\/www.drrashel-bbg.com\/wp-content\/uploads\/2025\/10\/DRL-1724-Product-Details-9-593x1024.jpg 593w, https:\/\/www.drrashel-bbg.com\/wp-content\/uploads\/2025\/10\/DRL-1724-Product-Details-9-600x1037.jpg 600w\" sizes=\"(max-width: 1300px) 100vw, 1300px\" \/> <img loading=\"lazy\" decoding=\"async\" class=\"aligncenter wp-image-4171\" src=\"https:\/\/www.drrashel-bbg.com\/wp-content\/uploads\/2025\/10\/DRL-1724-Product-Details-10.jpg\" alt=\"\" width=\"1300\" height=\"2238\" srcset=\"https:\/\/www.drrashel-bbg.com\/wp-content\/uploads\/2025\/10\/DRL-1724-Product-Details-10.jpg 750w, https:\/\/www.drrashel-bbg.com\/wp-content\/uploads\/2025\/10\/DRL-1724-Product-Details-10-174x300.jpg 174w, https:\/\/www.drrashel-bbg.com\/wp-content\/uploads\/2025\/10\/DRL-1724-Product-Details-10-595x1024.jpg 595w, https:\/\/www.drrashel-bbg.com\/wp-content\/uploads\/2025\/10\/DRL-1724-Product-Details-10-600x1033.jpg 600w\" sizes=\"(max-width: 1300px) 100vw, 1300px\" \/> <img loading=\"lazy\" decoding=\"async\" class=\"aligncenter wp-image-4172\" src=\"https:\/\/www.drrashel-bbg.com\/wp-content\/uploads\/2025\/10\/DRL-1724-Product-Details-11.jpg\" alt=\"\" width=\"1300\" height=\"2432\" srcset=\"https:\/\/www.drrashel-bbg.com\/wp-content\/uploads\/2025\/10\/DRL-1724-Product-Details-11.jpg 750w, https:\/\/www.drrashel-bbg.com\/wp-content\/uploads\/2025\/10\/DRL-1724-Product-Details-11-160x300.jpg 160w, https:\/\/www.drrashel-bbg.com\/wp-content\/uploads\/2025\/10\/DRL-1724-Product-Details-11-547x1024.jpg 547w, https:\/\/www.drrashel-bbg.com\/wp-content\/uploads\/2025\/10\/DRL-1724-Product-Details-11-600x1122.jpg 600w\" sizes=\"(max-width: 1300px) 100vw, 1300px\" \/> <img loading=\"lazy\" decoding=\"async\" class=\"aligncenter wp-image-4173\" src=\"https:\/\/www.drrashel-bbg.com\/wp-content\/uploads\/2025\/10\/DRL-1724-Product-Details-12.jpg\" alt=\"\" width=\"1300\" height=\"2281\" srcset=\"https:\/\/www.drrashel-bbg.com\/wp-content\/uploads\/2025\/10\/DRL-1724-Product-Details-12.jpg 750w, https:\/\/www.drrashel-bbg.com\/wp-content\/uploads\/2025\/10\/DRL-1724-Product-Details-12-171x300.jpg 171w, https:\/\/www.drrashel-bbg.com\/wp-content\/uploads\/2025\/10\/DRL-1724-Product-Details-12-584x1024.jpg 584w, https:\/\/www.drrashel-bbg.com\/wp-content\/uploads\/2025\/10\/DRL-1724-Product-Details-12-600x1053.jpg 600w\" sizes=\"(max-width: 1300px) 100vw, 1300px\" \/> <img loading=\"lazy\" decoding=\"async\" class=\"aligncenter wp-image-4174\" src=\"https:\/\/www.drrashel-bbg.com\/wp-content\/uploads\/2025\/10\/DRL-1724-Product-Details-13.jpg\" alt=\"\" width=\"1300\" height=\"2957\" srcset=\"https:\/\/www.drrashel-bbg.com\/wp-content\/uploads\/2025\/10\/DRL-1724-Product-Details-13.jpg 750w, https:\/\/www.drrashel-bbg.com\/wp-content\/uploads\/2025\/10\/DRL-1724-Product-Details-13-132x300.jpg 132w, https:\/\/www.drrashel-bbg.com\/wp-content\/uploads\/2025\/10\/DRL-1724-Product-Details-13-450x1024.jpg 450w, https:\/\/www.drrashel-bbg.com\/wp-content\/uploads\/2025\/10\/DRL-1724-Product-Details-13-675x1536.jpg 675w, https:\/\/www.drrashel-bbg.com\/wp-content\/uploads\/2025\/10\/DRL-1724-Product-Details-13-600x1365.jpg 600w\" sizes=\"(max-width: 1300px) 100vw, 1300px\" \/> <img loading=\"lazy\" decoding=\"async\" class=\"aligncenter wp-image-4175\" src=\"https:\/\/www.drrashel-bbg.com\/wp-content\/uploads\/2025\/10\/DRL-1724-Product-Details-14.jpg\" alt=\"\" width=\"1300\" height=\"2685\" srcset=\"https:\/\/www.drrashel-bbg.com\/wp-content\/uploads\/2025\/10\/DRL-1724-Product-Details-14.jpg 750w, https:\/\/www.drrashel-bbg.com\/wp-content\/uploads\/2025\/10\/DRL-1724-Product-Details-14-145x300.jpg 145w, https:\/\/www.drrashel-bbg.com\/wp-content\/uploads\/2025\/10\/DRL-1724-Product-Details-14-496x1024.jpg 496w, https:\/\/www.drrashel-bbg.com\/wp-content\/uploads\/2025\/10\/DRL-1724-Product-Details-14-744x1536.jpg 744w, https:\/\/www.drrashel-bbg.com\/wp-content\/uploads\/2025\/10\/DRL-1724-Product-Details-14-600x1239.jpg 600w\" sizes=\"(max-width: 1300px) 100vw, 1300px\" \/><\/p>\n<p>&nbsp;<\/p>\n<p><strong><b>Beneficios del producto:<\/b><\/strong><\/p>\n<p>El suero de iluminaci\u00f3n de la vitamina C, estimula la producci\u00f3n de col\u00e1geno y elastina, la vitamina C se mezcla sinergicamente con \u00e1cido hialur\u00f3nico y vitamina E en esta f\u00f3rmula avanzada dise\u00f1ada, es el suero perfecto y suave para apuntar a las manchas oscuras, iluminando su piel, dejando su piel m\u00e1s brillante, firme y m\u00e1s flexible.<\/p>\n<p>El suero nocturno antienvejecimiento con retinol es una f\u00f3rmula de hidrataci\u00f3n nocturna dise\u00f1ada para reducir el da\u00f1o a la piel que causa arrugas, piel seca, p\u00e9rdida de firmeza y elasticidad y pigmentaci\u00f3n desigual. Es la poci\u00f3n renovadora perfecta que trabaja su magia, llenando e hidratando mientras duermes para que puedas despertar con una piel revitalizada.<\/p>\n<p>&nbsp;<\/p>\n<p><strong><b>Ingredientes y tecnolog\u00edas principales:<\/b><\/strong><\/p>\n<p>INGREDIENTES ESTRELLADOS<\/p>\n<p>Vitamina C E, antioxidante y aclarante, el retinol y el \u00e1cido hialur\u00f3nico pueden antienvejecimiento e hidratar<\/p>\n<p>Ingredientes completos (vitamina C)<\/p>\n<p>AQUA<\/p>\n<p>GLICERINA<\/p>\n<p>NIACINAMIDA<\/p>\n<p>\u00c1CIDO ASCORBICO 3-O-ETILO<\/p>\n<p>\u00c1cido hialur\u00f3nico<\/p>\n<p>Ingredientes completos (retinol A)<\/p>\n<p>AQUA<\/p>\n<p>GLICERINA<\/p>\n<p>TOCOFEROL<\/p>\n<p>RETINOL<\/p>\n<p>HIALURONATO DE SODIO<\/p>\n<p>&nbsp;<\/p>\n<p><strong><b>C\u00f3mo utilizar:<\/b><\/strong><\/p>\n<p>Despu\u00e9s de limpiar por la ma\u00f1ana o la noche, tome 3-4 gotas para frotar uniformemente en la cara, y masajee suavemente con las puntas del dedo medio y el dedo anular hasta que se absorbe. Adecuado para uso diario o antes de aplicar su maquillaje o fundaci\u00f3n, o como una m\u00e1scara, se puede usar como una imprimaci\u00f3n eficaz.<\/p>\n<p>&nbsp;<\/p>\n<p><strong><b>Introducci\u00f3n de la marca:<\/b><\/strong><\/p>\n<p>DR\u00b7RASHEL fue fundada en 1989 por el Sr. BAKRI, un maestro de cuidado de la piel, con treinta a\u00f1os de experiencia en productos. Centrado en la salud, el Sr. BAKRI desarroll\u00f3 f\u00f3rmulas precisas para los ingredientes naturales para maximizar la salud de la piel y el brillo vibrante, un principio aplicado en la amplia gama de productos de cuidado de la piel de DR\u00b7RASHEL.<\/p>\n<p>Los productos de DR\u00b7RASHEL est\u00e1n extendidos por todo el mundo y son bienvenidos por clientes en cinco continentes, m\u00e1s espec\u00edficamente, en Oriente Medio, Am\u00e9rica del Sur y Europa.<\/p>\n<p>Exportamos a m\u00e1s de 100 pa\u00edses, incluyendo Emiratos \u00c1rabes Unidos, Rusia, Am\u00e9rica, M\u00e9xico, Australia, Arabia Saudita, Brasil, India y Sud\u00e1frica.<\/p>\n<p>Tenemos ISO, GMPC American European Union International Autoritative Double Certification, Advanced R &amp; amp; D equipo de prueba, miles de f\u00f3rmulas maduras y equipo de ventas de alta eficiencia y superioridad de precio competitivo. Nuestras categor\u00edas de productos son: productos de cuidado de la piel, productos de maquillaje, productos de lavado y cuidado.<\/p>\n<p>&nbsp;<\/p>\n<p><strong><b>Preguntas frecuentes:<\/b><\/strong><\/p>\n<p>P: \u00bfQu\u00e9 es la vitamina C por la ma\u00f1ana y el retinol por la noche?<\/p>\n<p>R: Se refiere a una estrategia de cuidado de la piel en tiempo compartido, que implica el uso de productos para el cuidado de la piel que contienen vitamina C por la ma\u00f1ana y productos para el cuidado de la piel que contienen vitamina A (como el retinol) por la noche.<\/p>\n<p>P: \u00bfCu\u00e1les son los beneficios de usar vitamina C por la ma\u00f1ana y retinol por la noche?<\/p>\n<p>R: Lograr efectos anti-envejecimiento y aclarantes completos con la defensa diurna y la reparaci\u00f3n nocturna.<\/p>","protected":false},"excerpt":{"rendered":"<p>Ay\u00fadanos antioxidante \u3001 arrugas \u3001 aclarante \u3001 firme \u3001 proteger y reparar. Volver el reloj del envejecimiento, para una piel m\u00e1s suave y m\u00e1s joven.<\/p>\n<p>N\u00famero de serie: DRL-1724<\/p>\n<p>Tipo de piel aplicable: Adecuado para todos los tipos de piel.<\/p>\n<p>Capacidad del producto: 30ml \/ 1.01fl.oz 30ml \/ 1.01fl.oz<\/p>","protected":false},"featured_media":4178,"comment_status":"closed","ping_status":"closed","template":"","meta":[],"product_brand":[],"product_cat":[169,168],"product_tag":[],"class_list":{"0":"post-4149","1":"product","2":"type-product","3":"status-publish","4":"has-post-thumbnail","6":"product_cat-facial-care-sets","7":"product_cat-sets-kits","9":"first","10":"instock","11":"shipping-taxable","12":"product-type-simple"},"_links":{"self":[{"href":"https:\/\/www.drrashel-bbg.com\/es\/wp-json\/wp\/v2\/product\/4149","targetHints":{"allow":["GET"]}}],"collection":[{"href":"https:\/\/www.drrashel-bbg.com\/es\/wp-json\/wp\/v2\/product"}],"about":[{"href":"https:\/\/www.drrashel-bbg.com\/es\/wp-json\/wp\/v2\/types\/product"}],"replies":[{"embeddable":true,"href":"https:\/\/www.drrashel-bbg.com\/es\/wp-json\/wp\/v2\/comments?post=4149"}],"wp:featuredmedia":[{"embeddable":true,"href":"https:\/\/www.drrashel-bbg.com\/es\/wp-json\/wp\/v2\/media\/4178"}],"wp:attachment":[{"href":"https:\/\/www.drrashel-bbg.com\/es\/wp-json\/wp\/v2\/media?parent=4149"}],"wp:term":[{"taxonomy":"product_brand","embeddable":true,"href":"https:\/\/www.drrashel-bbg.com\/es\/wp-json\/wp\/v2\/product_brand?post=4149"},{"taxonomy":"product_cat","embeddable":true,"href":"https:\/\/www.drrashel-bbg.com\/es\/wp-json\/wp\/v2\/product_cat?post=4149"},{"taxonomy":"product_tag","embeddable":true,"href":"https:\/\/www.drrashel-bbg.com\/es\/wp-json\/wp\/v2\/product_tag?post=4149"}],"curies":[{"name":"wp","href":"https:\/\/api.w.org\/{rel}","templated":true}]}}