{"id":4182,"date":"2025-10-16T18:13:47","date_gmt":"2025-10-16T10:13:47","guid":{"rendered":"https:\/\/www.drrashel-bbg.com\/?post_type=product&#038;p=4182"},"modified":"2026-01-04T16:09:23","modified_gmt":"2026-01-04T08:09:23","slug":"whitening-fade-spots-serum","status":"publish","type":"product","link":"https:\/\/www.drrashel-bbg.com\/es\/serum-essences\/whitening-fade-spots-serum\/","title":{"rendered":"El blanqueamiento se desvanece manchas suero"},"content":{"rendered":"<p><img fetchpriority=\"high\" decoding=\"async\" class=\"aligncenter wp-image-4184\" src=\"https:\/\/www.drrashel-bbg.com\/wp-content\/uploads\/2025\/10\/DRL-1434E-Detail-2.jpg\" alt=\"\" width=\"1300\" height=\"2343\" srcset=\"https:\/\/www.drrashel-bbg.com\/wp-content\/uploads\/2025\/10\/DRL-1434E-Detail-2.jpg 750w, https:\/\/www.drrashel-bbg.com\/wp-content\/uploads\/2025\/10\/DRL-1434E-Detail-2-166x300.jpg 166w, https:\/\/www.drrashel-bbg.com\/wp-content\/uploads\/2025\/10\/DRL-1434E-Detail-2-568x1024.jpg 568w, https:\/\/www.drrashel-bbg.com\/wp-content\/uploads\/2025\/10\/DRL-1434E-Detail-2-600x1082.jpg 600w\" sizes=\"(max-width: 1300px) 100vw, 1300px\" \/> <img decoding=\"async\" class=\"aligncenter wp-image-4185\" src=\"https:\/\/www.drrashel-bbg.com\/wp-content\/uploads\/2025\/10\/DRL-1434E-Detail-3.jpg\" alt=\"\" width=\"1300\" height=\"690\" srcset=\"https:\/\/www.drrashel-bbg.com\/wp-content\/uploads\/2025\/10\/DRL-1434E-Detail-3.jpg 750w, https:\/\/www.drrashel-bbg.com\/wp-content\/uploads\/2025\/10\/DRL-1434E-Detail-3-300x159.jpg 300w, https:\/\/www.drrashel-bbg.com\/wp-content\/uploads\/2025\/10\/DRL-1434E-Detail-3-600x318.jpg 600w\" sizes=\"(max-width: 1300px) 100vw, 1300px\" \/> <img decoding=\"async\" class=\"aligncenter wp-image-4186\" src=\"https:\/\/www.drrashel-bbg.com\/wp-content\/uploads\/2025\/10\/DRL-1434E-Detail-4.jpg\" alt=\"\" width=\"1300\" height=\"1028\" srcset=\"https:\/\/www.drrashel-bbg.com\/wp-content\/uploads\/2025\/10\/DRL-1434E-Detail-4.jpg 750w, https:\/\/www.drrashel-bbg.com\/wp-content\/uploads\/2025\/10\/DRL-1434E-Detail-4-300x237.jpg 300w, https:\/\/www.drrashel-bbg.com\/wp-content\/uploads\/2025\/10\/DRL-1434E-Detail-4-600x474.jpg 600w\" sizes=\"(max-width: 1300px) 100vw, 1300px\" \/> <img loading=\"lazy\" decoding=\"async\" class=\"aligncenter wp-image-4187\" src=\"https:\/\/www.drrashel-bbg.com\/wp-content\/uploads\/2025\/10\/DRL-1434E-Detail-5.jpg\" alt=\"\" width=\"1300\" height=\"1572\" srcset=\"https:\/\/www.drrashel-bbg.com\/wp-content\/uploads\/2025\/10\/DRL-1434E-Detail-5.jpg 750w, https:\/\/www.drrashel-bbg.com\/wp-content\/uploads\/2025\/10\/DRL-1434E-Detail-5-248x300.jpg 248w, https:\/\/www.drrashel-bbg.com\/wp-content\/uploads\/2025\/10\/DRL-1434E-Detail-5-600x726.jpg 600w\" sizes=\"(max-width: 1300px) 100vw, 1300px\" \/> <img loading=\"lazy\" decoding=\"async\" class=\"aligncenter wp-image-4188\" src=\"https:\/\/www.drrashel-bbg.com\/wp-content\/uploads\/2025\/10\/DRL-1434E-Detail-6.jpg\" alt=\"\" width=\"1300\" height=\"2115\" srcset=\"https:\/\/www.drrashel-bbg.com\/wp-content\/uploads\/2025\/10\/DRL-1434E-Detail-6.jpg 750w, https:\/\/www.drrashel-bbg.com\/wp-content\/uploads\/2025\/10\/DRL-1434E-Detail-6-184x300.jpg 184w, https:\/\/www.drrashel-bbg.com\/wp-content\/uploads\/2025\/10\/DRL-1434E-Detail-6-630x1024.jpg 630w, https:\/\/www.drrashel-bbg.com\/wp-content\/uploads\/2025\/10\/DRL-1434E-Detail-6-600x976.jpg 600w\" sizes=\"(max-width: 1300px) 100vw, 1300px\" \/> <img loading=\"lazy\" decoding=\"async\" class=\"aligncenter wp-image-4189\" src=\"https:\/\/www.drrashel-bbg.com\/wp-content\/uploads\/2025\/10\/DRL-1434E-Detail-7.jpg\" alt=\"\" width=\"1300\" height=\"2063\" srcset=\"https:\/\/www.drrashel-bbg.com\/wp-content\/uploads\/2025\/10\/DRL-1434E-Detail-7.jpg 750w, https:\/\/www.drrashel-bbg.com\/wp-content\/uploads\/2025\/10\/DRL-1434E-Detail-7-189x300.jpg 189w, https:\/\/www.drrashel-bbg.com\/wp-content\/uploads\/2025\/10\/DRL-1434E-Detail-7-645x1024.jpg 645w, https:\/\/www.drrashel-bbg.com\/wp-content\/uploads\/2025\/10\/DRL-1434E-Detail-7-600x952.jpg 600w\" sizes=\"(max-width: 1300px) 100vw, 1300px\" \/> <img loading=\"lazy\" decoding=\"async\" class=\"aligncenter wp-image-4190\" src=\"https:\/\/www.drrashel-bbg.com\/wp-content\/uploads\/2025\/10\/DRL-1434E-Detail-8.jpg\" alt=\"\" width=\"1300\" height=\"1933\" srcset=\"https:\/\/www.drrashel-bbg.com\/wp-content\/uploads\/2025\/10\/DRL-1434E-Detail-8.jpg 750w, https:\/\/www.drrashel-bbg.com\/wp-content\/uploads\/2025\/10\/DRL-1434E-Detail-8-202x300.jpg 202w, https:\/\/www.drrashel-bbg.com\/wp-content\/uploads\/2025\/10\/DRL-1434E-Detail-8-689x1024.jpg 689w, https:\/\/www.drrashel-bbg.com\/wp-content\/uploads\/2025\/10\/DRL-1434E-Detail-8-600x892.jpg 600w\" sizes=\"(max-width: 1300px) 100vw, 1300px\" \/> <img loading=\"lazy\" decoding=\"async\" class=\"aligncenter wp-image-4191\" src=\"https:\/\/www.drrashel-bbg.com\/wp-content\/uploads\/2025\/10\/DRL-1434E-Detail-9.jpg\" alt=\"\" width=\"1300\" height=\"2139\" srcset=\"https:\/\/www.drrashel-bbg.com\/wp-content\/uploads\/2025\/10\/DRL-1434E-Detail-9.jpg 750w, https:\/\/www.drrashel-bbg.com\/wp-content\/uploads\/2025\/10\/DRL-1434E-Detail-9-182x300.jpg 182w, https:\/\/www.drrashel-bbg.com\/wp-content\/uploads\/2025\/10\/DRL-1434E-Detail-9-622x1024.jpg 622w, https:\/\/www.drrashel-bbg.com\/wp-content\/uploads\/2025\/10\/DRL-1434E-Detail-9-600x987.jpg 600w\" sizes=\"(max-width: 1300px) 100vw, 1300px\" \/> <img loading=\"lazy\" decoding=\"async\" class=\"aligncenter wp-image-4192\" src=\"https:\/\/www.drrashel-bbg.com\/wp-content\/uploads\/2025\/10\/DRL-1434E-Detail-10.jpg\" alt=\"\" width=\"1300\" height=\"2413\" srcset=\"https:\/\/www.drrashel-bbg.com\/wp-content\/uploads\/2025\/10\/DRL-1434E-Detail-10.jpg 750w, https:\/\/www.drrashel-bbg.com\/wp-content\/uploads\/2025\/10\/DRL-1434E-Detail-10-162x300.jpg 162w, https:\/\/www.drrashel-bbg.com\/wp-content\/uploads\/2025\/10\/DRL-1434E-Detail-10-552x1024.jpg 552w, https:\/\/www.drrashel-bbg.com\/wp-content\/uploads\/2025\/10\/DRL-1434E-Detail-10-600x1114.jpg 600w\" sizes=\"(max-width: 1300px) 100vw, 1300px\" \/> <img loading=\"lazy\" decoding=\"async\" class=\"aligncenter wp-image-4193\" src=\"https:\/\/www.drrashel-bbg.com\/wp-content\/uploads\/2025\/10\/DRL-1434E-Detail-11.jpg\" alt=\"\" width=\"1300\" height=\"2226\" srcset=\"https:\/\/www.drrashel-bbg.com\/wp-content\/uploads\/2025\/10\/DRL-1434E-Detail-11.jpg 750w, https:\/\/www.drrashel-bbg.com\/wp-content\/uploads\/2025\/10\/DRL-1434E-Detail-11-175x300.jpg 175w, https:\/\/www.drrashel-bbg.com\/wp-content\/uploads\/2025\/10\/DRL-1434E-Detail-11-598x1024.jpg 598w, https:\/\/www.drrashel-bbg.com\/wp-content\/uploads\/2025\/10\/DRL-1434E-Detail-11-600x1027.jpg 600w\" sizes=\"(max-width: 1300px) 100vw, 1300px\" \/><\/p>\n<p>&nbsp;<\/p>\n<p><strong><b>Beneficios del producto:<\/b><\/strong><\/p>\n<p>Contiene ingredientes de arbutina y niacinamida, este suero facial altamente eficaz ilumina y aclara la piel para un mayor resplandor. Con el tiempo, disminuye el n\u00famero e intensidad de manchas oscuras profundas e incluso decoloraciones de la piel. Minimiza la aparici\u00f3n de un amplio espectro de manchas oscuras, el uso diario y continuo da como resultado una piel visiblemente m\u00e1s brillante y radiante.<\/p>\n<p>&nbsp;<\/p>\n<p><strong><b>Ingredientes y tecnolog\u00edas principales:<\/b><\/strong><\/p>\n<p>INGREDIENTES ESTRELLADOS<\/p>\n<p>La niacinamida aborda visiblemente el aburrimiento debido a las manchas oscuras y ultrafinas, ayudando a restaurar la apariencia de la piel lisa, clara y saludable.<\/p>\n<p>INGREDIENTES COMPLETOS<\/p>\n<p>AQUA<\/p>\n<p>GLICERINA<\/p>\n<p>NIACINAMIDA<\/p>\n<p>HIALURONATO DE SODIO<\/p>\n<p>ARBUTINA<\/p>\n<p>Extracto de aloe vera<\/p>\n<p>PEG\/PPG\/POLIBUTILENO GLICOL-8\/5\/3 GLICERINA<\/p>\n<p>&nbsp;<\/p>\n<p><strong><b>C\u00f3mo utilizar:<\/b><\/strong><\/p>\n<p>Se utiliza en la piel limpiada, distribuye 3-4 gotas en la piel de la cara y el cuello, a partir del centro de la cara y trabajando su camino, y masajear suavemente hasta que se absorbe completamente, se utiliza todas las ma\u00f1anas y por la noche, solo o antes de su hidratante.<\/p>\n<p>&nbsp;<\/p>\n<p><strong><b>Introducci\u00f3n de la marca:<\/b><\/strong><\/p>\n<p>DR\u00b7RASHEL fue fundada en 1989 por el Sr. BAKRI, un maestro de cuidado de la piel, con treinta a\u00f1os de experiencia en productos. Centrado en la salud, el Sr. BAKRI desarroll\u00f3 f\u00f3rmulas precisas para los ingredientes naturales para maximizar la salud de la piel y el brillo vibrante, un principio aplicado en la amplia gama de productos de cuidado de la piel de DR\u00b7RASHEL.<\/p>\n<p>&nbsp;<\/p>\n<p>Los productos de DR\u00b7RASHEL est\u00e1n extendidos por todo el mundo y son bienvenidos por clientes en cinco continentes, m\u00e1s espec\u00edficamente, en Oriente Medio, Am\u00e9rica del Sur y Europa.<\/p>\n<p>Exportamos a m\u00e1s de 100 pa\u00edses, incluyendo Emiratos \u00c1rabes Unidos, Rusia, Am\u00e9rica, M\u00e9xico, Australia, Arabia Saudita, Brasil, India y Sud\u00e1frica.<\/p>\n<p>Tenemos ISO, GMPC American European Union International Autoritative Double Certification, Advanced R &amp; amp; D equipo de prueba, miles de f\u00f3rmulas maduras y equipo de ventas de alta eficiencia y superioridad de precio competitivo. Nuestras categor\u00edas de productos son: productos de cuidado de la piel, productos de maquillaje, productos de lavado y cuidado.<\/p>\n<p>&nbsp;<\/p>\n<p><strong><b>Preguntas frecuentes:<\/b><\/strong><\/p>\n<p>P: \u00bfCu\u00e1l es la funci\u00f3n principal del suero blanqueador?<\/p>\n<p>R: Principalmente reduce la precipitaci\u00f3n de melanina, ilumina la piel, desvanece las manchas oscuras y hace que la piel sea m\u00e1s transl\u00facida y hermosa.<\/p>\n<p>P: \u00bfCu\u00e1l es el ingrediente m\u00e1s eficaz en el suero blanqueador?<\/p>\n<p>R: Niacinamida y Arbutina<\/p>\n<p>Niacinamida: bloquea que la melanina llegue a la epidermis, blanqueando, encogiendo los poros y reparando la barrera cut\u00e1nea<\/p>\n<p>Arbutina: Bloquea la melanina en su fuente.<\/p>","protected":false},"excerpt":{"rendered":"<p>Mejora la piel opaca, Reduce la pigmentaci\u00f3n y desvanece las manchas oscuras para una piel m\u00e1s suave y brillante. Tambi\u00e9n tiene efectos hidratantes, rejuvenecedores, firmentes y anti-arrugas, haciendo que la piel sea m\u00e1s joven y vibrante.<\/p>\n<p>N\u00famero de serie: DRL-1434<\/p>\n<p>Tipo de piel aplicable: Adecuado para la piel que muestra signos de envejecimiento, p\u00e9rdida de firmeza, tono de piel desigual, l\u00edneas finas y arrugas.<\/p>\n<p>Capacidad del producto: 50ml.<\/p>","protected":false},"featured_media":4202,"comment_status":"closed","ping_status":"closed","template":"","meta":[],"product_brand":[],"product_cat":[15,115],"product_tag":[],"class_list":{"0":"post-4182","1":"product","2":"type-product","3":"status-publish","4":"has-post-thumbnail","6":"product_cat-face-care","7":"product_cat-serum-essences","9":"first","10":"instock","11":"shipping-taxable","12":"product-type-simple"},"_links":{"self":[{"href":"https:\/\/www.drrashel-bbg.com\/es\/wp-json\/wp\/v2\/product\/4182","targetHints":{"allow":["GET"]}}],"collection":[{"href":"https:\/\/www.drrashel-bbg.com\/es\/wp-json\/wp\/v2\/product"}],"about":[{"href":"https:\/\/www.drrashel-bbg.com\/es\/wp-json\/wp\/v2\/types\/product"}],"replies":[{"embeddable":true,"href":"https:\/\/www.drrashel-bbg.com\/es\/wp-json\/wp\/v2\/comments?post=4182"}],"wp:featuredmedia":[{"embeddable":true,"href":"https:\/\/www.drrashel-bbg.com\/es\/wp-json\/wp\/v2\/media\/4202"}],"wp:attachment":[{"href":"https:\/\/www.drrashel-bbg.com\/es\/wp-json\/wp\/v2\/media?parent=4182"}],"wp:term":[{"taxonomy":"product_brand","embeddable":true,"href":"https:\/\/www.drrashel-bbg.com\/es\/wp-json\/wp\/v2\/product_brand?post=4182"},{"taxonomy":"product_cat","embeddable":true,"href":"https:\/\/www.drrashel-bbg.com\/es\/wp-json\/wp\/v2\/product_cat?post=4182"},{"taxonomy":"product_tag","embeddable":true,"href":"https:\/\/www.drrashel-bbg.com\/es\/wp-json\/wp\/v2\/product_tag?post=4182"}],"curies":[{"name":"wp","href":"https:\/\/api.w.org\/{rel}","templated":true}]}}