{"id":4210,"date":"2025-10-16T18:42:52","date_gmt":"2025-10-16T10:42:52","guid":{"rendered":"https:\/\/www.drrashel-bbg.com\/?post_type=product&#038;p=4210"},"modified":"2026-04-09T15:10:44","modified_gmt":"2026-04-09T07:10:44","slug":"niacinamide-super-serum","status":"publish","type":"product","link":"https:\/\/www.drrashel-bbg.com\/es\/serum-essences\/niacinamide-super-serum\/","title":{"rendered":"Niacinamida s\u00faper suero"},"content":{"rendered":"<p data-wp-editing=\"1\"><img fetchpriority=\"high\" decoding=\"async\" class=\"aligncenter wp-image-4211\" src=\"https:\/\/www.drrashel-bbg.com\/wp-content\/uploads\/2025\/10\/DRL-1859-Detail-1.jpg\" alt=\"\" width=\"1300\" height=\"1914\" srcset=\"https:\/\/www.drrashel-bbg.com\/wp-content\/uploads\/2025\/10\/DRL-1859-Detail-1.jpg 790w, https:\/\/www.drrashel-bbg.com\/wp-content\/uploads\/2025\/10\/DRL-1859-Detail-1-204x300.jpg 204w, https:\/\/www.drrashel-bbg.com\/wp-content\/uploads\/2025\/10\/DRL-1859-Detail-1-696x1024.jpg 696w, https:\/\/www.drrashel-bbg.com\/wp-content\/uploads\/2025\/10\/DRL-1859-Detail-1-768x1131.jpg 768w, https:\/\/www.drrashel-bbg.com\/wp-content\/uploads\/2025\/10\/DRL-1859-Detail-1-600x883.jpg 600w\" sizes=\"(max-width: 1300px) 100vw, 1300px\" \/> <img decoding=\"async\" class=\"aligncenter wp-image-4212\" src=\"https:\/\/www.drrashel-bbg.com\/wp-content\/uploads\/2025\/10\/DRL-1859-Detail-2.jpg\" alt=\"\" width=\"1300\" height=\"1825\" srcset=\"https:\/\/www.drrashel-bbg.com\/wp-content\/uploads\/2025\/10\/DRL-1859-Detail-2.jpg 790w, https:\/\/www.drrashel-bbg.com\/wp-content\/uploads\/2025\/10\/DRL-1859-Detail-2-214x300.jpg 214w, https:\/\/www.drrashel-bbg.com\/wp-content\/uploads\/2025\/10\/DRL-1859-Detail-2-729x1024.jpg 729w, https:\/\/www.drrashel-bbg.com\/wp-content\/uploads\/2025\/10\/DRL-1859-Detail-2-768x1078.jpg 768w, https:\/\/www.drrashel-bbg.com\/wp-content\/uploads\/2025\/10\/DRL-1859-Detail-2-600x842.jpg 600w\" sizes=\"(max-width: 1300px) 100vw, 1300px\" \/> <img decoding=\"async\" class=\"aligncenter wp-image-4213\" src=\"https:\/\/www.drrashel-bbg.com\/wp-content\/uploads\/2025\/10\/DRL-1859-Detail-3.jpg\" alt=\"\" width=\"1300\" height=\"2119\" srcset=\"https:\/\/www.drrashel-bbg.com\/wp-content\/uploads\/2025\/10\/DRL-1859-Detail-3.jpg 790w, https:\/\/www.drrashel-bbg.com\/wp-content\/uploads\/2025\/10\/DRL-1859-Detail-3-184x300.jpg 184w, https:\/\/www.drrashel-bbg.com\/wp-content\/uploads\/2025\/10\/DRL-1859-Detail-3-628x1024.jpg 628w, https:\/\/www.drrashel-bbg.com\/wp-content\/uploads\/2025\/10\/DRL-1859-Detail-3-768x1252.jpg 768w, https:\/\/www.drrashel-bbg.com\/wp-content\/uploads\/2025\/10\/DRL-1859-Detail-3-600x978.jpg 600w\" sizes=\"(max-width: 1300px) 100vw, 1300px\" \/> <img loading=\"lazy\" decoding=\"async\" class=\"aligncenter wp-image-4214\" src=\"https:\/\/www.drrashel-bbg.com\/wp-content\/uploads\/2025\/10\/Whitening-fade-spots-serum-DRL-1434-4-1.jpg\" alt=\"\" width=\"1300\" height=\"1300\" srcset=\"https:\/\/www.drrashel-bbg.com\/wp-content\/uploads\/2025\/10\/Whitening-fade-spots-serum-DRL-1434-4-1.jpg 800w, https:\/\/www.drrashel-bbg.com\/wp-content\/uploads\/2025\/10\/Whitening-fade-spots-serum-DRL-1434-4-1-300x300.jpg 300w, https:\/\/www.drrashel-bbg.com\/wp-content\/uploads\/2025\/10\/Whitening-fade-spots-serum-DRL-1434-4-1-150x150.jpg 150w, https:\/\/www.drrashel-bbg.com\/wp-content\/uploads\/2025\/10\/Whitening-fade-spots-serum-DRL-1434-4-1-768x768.jpg 768w, https:\/\/www.drrashel-bbg.com\/wp-content\/uploads\/2025\/10\/Whitening-fade-spots-serum-DRL-1434-4-1-600x600.jpg 600w, https:\/\/www.drrashel-bbg.com\/wp-content\/uploads\/2025\/10\/Whitening-fade-spots-serum-DRL-1434-4-1-100x100.jpg 100w\" sizes=\"(max-width: 1300px) 100vw, 1300px\" \/> <img loading=\"lazy\" decoding=\"async\" class=\"aligncenter wp-image-4215\" src=\"https:\/\/www.drrashel-bbg.com\/wp-content\/uploads\/2025\/10\/DRL-1859-Detail-5.jpg\" alt=\"\" width=\"1300\" height=\"1919\" srcset=\"https:\/\/www.drrashel-bbg.com\/wp-content\/uploads\/2025\/10\/DRL-1859-Detail-5.jpg 790w, https:\/\/www.drrashel-bbg.com\/wp-content\/uploads\/2025\/10\/DRL-1859-Detail-5-203x300.jpg 203w, https:\/\/www.drrashel-bbg.com\/wp-content\/uploads\/2025\/10\/DRL-1859-Detail-5-694x1024.jpg 694w, https:\/\/www.drrashel-bbg.com\/wp-content\/uploads\/2025\/10\/DRL-1859-Detail-5-768x1134.jpg 768w, https:\/\/www.drrashel-bbg.com\/wp-content\/uploads\/2025\/10\/DRL-1859-Detail-5-600x886.jpg 600w\" sizes=\"(max-width: 1300px) 100vw, 1300px\" \/> <img loading=\"lazy\" decoding=\"async\" class=\"aligncenter wp-image-4216\" src=\"https:\/\/www.drrashel-bbg.com\/wp-content\/uploads\/2025\/10\/DRL-1859-Detail-6.jpg\" alt=\"\" width=\"1300\" height=\"2059\" srcset=\"https:\/\/www.drrashel-bbg.com\/wp-content\/uploads\/2025\/10\/DRL-1859-Detail-6.jpg 790w, https:\/\/www.drrashel-bbg.com\/wp-content\/uploads\/2025\/10\/DRL-1859-Detail-6-189x300.jpg 189w, https:\/\/www.drrashel-bbg.com\/wp-content\/uploads\/2025\/10\/DRL-1859-Detail-6-647x1024.jpg 647w, https:\/\/www.drrashel-bbg.com\/wp-content\/uploads\/2025\/10\/DRL-1859-Detail-6-768x1216.jpg 768w, https:\/\/www.drrashel-bbg.com\/wp-content\/uploads\/2025\/10\/DRL-1859-Detail-6-600x950.jpg 600w\" sizes=\"(max-width: 1300px) 100vw, 1300px\" \/> <img loading=\"lazy\" decoding=\"async\" class=\"aligncenter wp-image-4217\" src=\"https:\/\/www.drrashel-bbg.com\/wp-content\/uploads\/2025\/10\/DRL-1859-Detail-7.jpg\" alt=\"\" width=\"1300\" height=\"2432\" srcset=\"https:\/\/www.drrashel-bbg.com\/wp-content\/uploads\/2025\/10\/DRL-1859-Detail-7.jpg 790w, https:\/\/www.drrashel-bbg.com\/wp-content\/uploads\/2025\/10\/DRL-1859-Detail-7-160x300.jpg 160w, https:\/\/www.drrashel-bbg.com\/wp-content\/uploads\/2025\/10\/DRL-1859-Detail-7-547x1024.jpg 547w, https:\/\/www.drrashel-bbg.com\/wp-content\/uploads\/2025\/10\/DRL-1859-Detail-7-768x1437.jpg 768w, https:\/\/www.drrashel-bbg.com\/wp-content\/uploads\/2025\/10\/DRL-1859-Detail-7-600x1123.jpg 600w\" sizes=\"(max-width: 1300px) 100vw, 1300px\" \/> <img loading=\"lazy\" decoding=\"async\" class=\"aligncenter wp-image-4218\" src=\"https:\/\/www.drrashel-bbg.com\/wp-content\/uploads\/2025\/10\/DRL-1859-Detail-8.jpg\" alt=\"\" width=\"1300\" height=\"1902\" srcset=\"https:\/\/www.drrashel-bbg.com\/wp-content\/uploads\/2025\/10\/DRL-1859-Detail-8.jpg 790w, https:\/\/www.drrashel-bbg.com\/wp-content\/uploads\/2025\/10\/DRL-1859-Detail-8-205x300.jpg 205w, https:\/\/www.drrashel-bbg.com\/wp-content\/uploads\/2025\/10\/DRL-1859-Detail-8-700x1024.jpg 700w, https:\/\/www.drrashel-bbg.com\/wp-content\/uploads\/2025\/10\/DRL-1859-Detail-8-768x1124.jpg 768w, https:\/\/www.drrashel-bbg.com\/wp-content\/uploads\/2025\/10\/DRL-1859-Detail-8-600x878.jpg 600w\" sizes=\"(max-width: 1300px) 100vw, 1300px\" \/> <img loading=\"lazy\" decoding=\"async\" class=\"aligncenter wp-image-4219\" src=\"https:\/\/www.drrashel-bbg.com\/wp-content\/uploads\/2025\/10\/DRL-1859-Detail-9.jpg\" alt=\"\" width=\"1300\" height=\"1892\" srcset=\"https:\/\/www.drrashel-bbg.com\/wp-content\/uploads\/2025\/10\/DRL-1859-Detail-9.jpg 790w, https:\/\/www.drrashel-bbg.com\/wp-content\/uploads\/2025\/10\/DRL-1859-Detail-9-206x300.jpg 206w, https:\/\/www.drrashel-bbg.com\/wp-content\/uploads\/2025\/10\/DRL-1859-Detail-9-703x1024.jpg 703w, https:\/\/www.drrashel-bbg.com\/wp-content\/uploads\/2025\/10\/DRL-1859-Detail-9-768x1118.jpg 768w, https:\/\/www.drrashel-bbg.com\/wp-content\/uploads\/2025\/10\/DRL-1859-Detail-9-600x873.jpg 600w\" sizes=\"(max-width: 1300px) 100vw, 1300px\" \/> <img loading=\"lazy\" decoding=\"async\" class=\"aligncenter wp-image-4220\" src=\"https:\/\/www.drrashel-bbg.com\/wp-content\/uploads\/2025\/10\/DRL-1859-Detail-10.jpg\" alt=\"\" width=\"1300\" height=\"1665\" srcset=\"https:\/\/www.drrashel-bbg.com\/wp-content\/uploads\/2025\/10\/DRL-1859-Detail-10.jpg 790w, https:\/\/www.drrashel-bbg.com\/wp-content\/uploads\/2025\/10\/DRL-1859-Detail-10-234x300.jpg 234w, https:\/\/www.drrashel-bbg.com\/wp-content\/uploads\/2025\/10\/DRL-1859-Detail-10-768x984.jpg 768w, https:\/\/www.drrashel-bbg.com\/wp-content\/uploads\/2025\/10\/DRL-1859-Detail-10-600x769.jpg 600w\" sizes=\"(max-width: 1300px) 100vw, 1300px\" \/> <img loading=\"lazy\" decoding=\"async\" class=\"aligncenter wp-image-4221\" src=\"https:\/\/www.drrashel-bbg.com\/wp-content\/uploads\/2025\/10\/DRL-1859-Detail-11.jpg\" alt=\"\" width=\"1300\" height=\"2391\" srcset=\"https:\/\/www.drrashel-bbg.com\/wp-content\/uploads\/2025\/10\/DRL-1859-Detail-11.jpg 790w, https:\/\/www.drrashel-bbg.com\/wp-content\/uploads\/2025\/10\/DRL-1859-Detail-11-163x300.jpg 163w, https:\/\/www.drrashel-bbg.com\/wp-content\/uploads\/2025\/10\/DRL-1859-Detail-11-557x1024.jpg 557w, https:\/\/www.drrashel-bbg.com\/wp-content\/uploads\/2025\/10\/DRL-1859-Detail-11-768x1413.jpg 768w, https:\/\/www.drrashel-bbg.com\/wp-content\/uploads\/2025\/10\/DRL-1859-Detail-11-600x1104.jpg 600w\" sizes=\"(max-width: 1300px) 100vw, 1300px\" \/> <img loading=\"lazy\" decoding=\"async\" class=\"aligncenter wp-image-4222\" src=\"https:\/\/www.drrashel-bbg.com\/wp-content\/uploads\/2025\/10\/DRL-1859-Detail-12.jpg\" alt=\"\" width=\"1300\" height=\"2579\" srcset=\"https:\/\/www.drrashel-bbg.com\/wp-content\/uploads\/2025\/10\/DRL-1859-Detail-12.jpg 790w, https:\/\/www.drrashel-bbg.com\/wp-content\/uploads\/2025\/10\/DRL-1859-Detail-12-151x300.jpg 151w, https:\/\/www.drrashel-bbg.com\/wp-content\/uploads\/2025\/10\/DRL-1859-Detail-12-516x1024.jpg 516w, https:\/\/www.drrashel-bbg.com\/wp-content\/uploads\/2025\/10\/DRL-1859-Detail-12-768x1523.jpg 768w, https:\/\/www.drrashel-bbg.com\/wp-content\/uploads\/2025\/10\/DRL-1859-Detail-12-774x1536.jpg 774w, https:\/\/www.drrashel-bbg.com\/wp-content\/uploads\/2025\/10\/DRL-1859-Detail-12-600x1190.jpg 600w\" sizes=\"(max-width: 1300px) 100vw, 1300px\" \/><\/p>\n<p>&nbsp;<\/p>\n<p><strong><b>Beneficios del producto:<\/b><\/strong><\/p>\n<p>Niacinamide super suero es un producto dise\u00f1ado para mejorar la claridad y el brillo de la piel. Puede reducir eficazmente las manchas, desvanecerse las manchas y quitar el tono de la piel, ayuda a suavizar la textura de la piel y promueve la piel clara y brillante. Hace que la piel se vea m\u00e1s brillante inmediatamente despu\u00e9s de la aplicaci\u00f3n y da a la piel un resplandor de aura definitivo.<\/p>\n<p>&nbsp;<\/p>\n<p><strong><b>Ingredientes y tecnolog\u00edas principales:<\/b><\/strong><\/p>\n<p>INGREDIENTES ESTRELLADOS<\/p>\n<p>La niacinamida aborda visiblemente el aburrimiento debido a las manchas oscuras y ultrafinas, ayudando a restaurar la apariencia de la piel lisa, clara y saludable.<\/p>\n<p>INGREDIENTES COMPLETOS<\/p>\n<p>AQUA<\/p>\n<p>NIACINAMIDA<\/p>\n<p>GLICERINA<\/p>\n<p>TOCOFEROL<\/p>\n<p>ARBUTINA<\/p>\n<p>HIALURONATO DE SODIO<\/p>\n<p>POLIGLUTAMATO DE SODIO<\/p>\n<p>&nbsp;<\/p>\n<p><strong><b>C\u00f3mo utilizar:<\/b><\/strong><\/p>\n<p>Se utiliza en la piel limpiada, distribuye 3-4 gotas en la piel de la cara y el cuello, a partir del centro de la cara y trabajando su camino, y masajear suavemente hasta que se absorbe completamente, se utiliza todas las ma\u00f1anas y por la noche, solo o antes de su hidratante.<\/p>\n<p>&nbsp;<\/p>\n<p><strong><b>Introducci\u00f3n de la marca:<\/b><\/strong><\/p>\n<p>DR\u00b7RASHEL fue fundada en 1989 por el Sr. BAKRI, un maestro de cuidado de la piel, con treinta a\u00f1os de experiencia en productos. Centrado en la salud, el Sr. BAKRI desarroll\u00f3 f\u00f3rmulas precisas para los ingredientes naturales para maximizar la salud de la piel y el brillo vibrante, un principio aplicado en la amplia gama de productos de cuidado de la piel de DR\u00b7RASHEL.<\/p>\n<p>&nbsp;<\/p>\n<p>Los productos de DR\u00b7RASHEL est\u00e1n extendidos por todo el mundo y son bienvenidos por clientes en cinco continentes, m\u00e1s espec\u00edficamente, en Oriente Medio, Am\u00e9rica del Sur y Europa.<\/p>\n<p>Exportamos a m\u00e1s de 100 pa\u00edses, incluyendo Emiratos \u00c1rabes Unidos, Rusia, Am\u00e9rica, M\u00e9xico, Australia, Arabia Saudita, Brasil, India y Sud\u00e1frica.<\/p>\n<p>Tenemos ISO, GMPC American European Union International Autoritative Double Certification, Advanced R &amp; amp; D equipo de prueba, miles de f\u00f3rmulas maduras y equipo de ventas de alta eficiencia y superioridad de precio competitivo. Nuestras categor\u00edas de productos son: productos de cuidado de la piel, productos de maquillaje, productos de lavado y cuidado.<\/p>\n<p>&nbsp;<\/p>\n<p><strong><b>Preguntas frecuentes:<\/b><\/strong><\/p>\n<p>P: \u00bfCu\u00e1l es la concentraci\u00f3n de este suero?<\/p>\n<p>R: La concentraci\u00f3n es del 5% de la relaci\u00f3n de oro. Esta concentraci\u00f3n logra el mejor equilibrio entre eficacia y suavidad, y puede resolver una variedad de problemas de la piel de una manera espec\u00edfica.<\/p>\n<p>P: \u00bfCu\u00e1les son los principales efectos de niacinamida?<\/p>\n<p>A: Ilumina el tono de la piel, controla el aceite y apriete la piel, regula la secreci\u00f3n de aceite, refina los poros, repara la barrera de la piel y mejora la piel; capacidad de bloquear la humedad.<\/p>","protected":false},"excerpt":{"rendered":"<p>Este suero contiene una alta concentraci\u00f3n de niacinamida, que puede aclarar las manchas oscuras, reducir las manchas oscuras y las manchas, reducir eficazmente las manchas, desvanecerse las manchas y igualar el tono de la piel, ayudar a suavizar la textura de la piel, revelar la piel clara y hacer que la piel brille.<\/p>\n<p>N\u00famero de serie: DRL-1859<\/p>\n<p>Tipo de piel aplicable: Adecuado para personas con piel opaca que quieren aclarar su piel.<\/p>\n<p>Capacidad del producto: 50ml<\/p>","protected":false},"featured_media":10716,"comment_status":"closed","ping_status":"closed","template":"","meta":[],"product_brand":[],"product_cat":[15,115],"product_tag":[],"class_list":{"0":"post-4210","1":"product","2":"type-product","3":"status-publish","4":"has-post-thumbnail","6":"product_cat-face-care","7":"product_cat-serum-essences","9":"first","10":"instock","11":"shipping-taxable","12":"product-type-simple"},"_links":{"self":[{"href":"https:\/\/www.drrashel-bbg.com\/es\/wp-json\/wp\/v2\/product\/4210","targetHints":{"allow":["GET"]}}],"collection":[{"href":"https:\/\/www.drrashel-bbg.com\/es\/wp-json\/wp\/v2\/product"}],"about":[{"href":"https:\/\/www.drrashel-bbg.com\/es\/wp-json\/wp\/v2\/types\/product"}],"replies":[{"embeddable":true,"href":"https:\/\/www.drrashel-bbg.com\/es\/wp-json\/wp\/v2\/comments?post=4210"}],"wp:featuredmedia":[{"embeddable":true,"href":"https:\/\/www.drrashel-bbg.com\/es\/wp-json\/wp\/v2\/media\/10716"}],"wp:attachment":[{"href":"https:\/\/www.drrashel-bbg.com\/es\/wp-json\/wp\/v2\/media?parent=4210"}],"wp:term":[{"taxonomy":"product_brand","embeddable":true,"href":"https:\/\/www.drrashel-bbg.com\/es\/wp-json\/wp\/v2\/product_brand?post=4210"},{"taxonomy":"product_cat","embeddable":true,"href":"https:\/\/www.drrashel-bbg.com\/es\/wp-json\/wp\/v2\/product_cat?post=4210"},{"taxonomy":"product_tag","embeddable":true,"href":"https:\/\/www.drrashel-bbg.com\/es\/wp-json\/wp\/v2\/product_tag?post=4210"}],"curies":[{"name":"wp","href":"https:\/\/api.w.org\/{rel}","templated":true}]}}