{"id":4229,"date":"2025-10-17T09:41:42","date_gmt":"2025-10-17T01:41:42","guid":{"rendered":"https:\/\/www.drrashel-bbg.com\/?post_type=product&#038;p=4229"},"modified":"2026-01-04T16:06:13","modified_gmt":"2026-01-04T08:06:13","slug":"24k-gold-radiance-anti-aging-primer-serum","status":"publish","type":"product","link":"https:\/\/www.drrashel-bbg.com\/es\/serum-essences\/24k-gold-radiance-anti-aging-primer-serum\/","title":{"rendered":"Radiancia de oro 24K &#038; suero de cebador anti-envejecimiento"},"content":{"rendered":"<p><strong><b>Beneficios del producto:<\/b><\/strong><\/p>\n<p>Este es un suero lujoso que combina oro puro 24K (99,9%), es rico en nutrientes, puede penetrarse profundamente en la parte inferior de la piel para ejercer poderosos efectos hidratantes y antienvejecimiento. Tambi\u00e9n proporciona un efecto intenso de hidrataci\u00f3n y firmeza a su piel, lo hace al instante lleno, h\u00famedo y brillante, se ve flexible y saludable.<\/p>\n<p>&nbsp;<\/p>\n<p><strong><b>Ingredientes y tecnolog\u00edas principales:<\/b><\/strong><\/p>\n<p>INGREDIENTES ESTRELLADOS<\/p>\n<p>El oro granular fino se puede usar para eliminar toxinas e impurezas en la piel, tambi\u00e9n, estimula la piel&#8217; Factor hidratante natural y promueve el metabolismo, para lograr los efectos de apriete y blanqueamiento para la piel.<\/p>\n<p>INGREDIENTES COMPLETOS<\/p>\n<p>AQUA<\/p>\n<p>GLICERINA<\/p>\n<p>Glicol de propileno<\/p>\n<p>Col\u00e1geno hidrolizado<\/p>\n<p>HIALURONATO DE SODIO<\/p>\n<p>NIACINAMIDA<\/p>\n<p>Oro<\/p>\n<p>&nbsp;<\/p>\n<p><strong><b>C\u00f3mo utilizar:<\/b><\/strong><\/p>\n<p>Aplique unas cuantas gotas en el centro de su cara y masajee hacia fuera, ya que el \u00faltimo paso de su cuidado de la piel antes de aplicar su maquillaje\/foundation.lt puede ser utilizado como un imprimante eficaz, tambi\u00e9n se puede aplicar en capas como tratamiento de puntos para \u00e1reas con texturas fuertes en la piel. Esto dejar\u00e1 su piel con una piel brillante, borrosa y suave.<\/p>\n<p><strong><b>Introducci\u00f3n de la marca:<\/b><\/strong><\/p>\n<p>DR\u00b7RASHEL fue fundada en 1989 por el Sr. BAKRI, un maestro de cuidado de la piel, con treinta a\u00f1os de experiencia en productos. Centrado en la salud, el Sr. BAKRI desarroll\u00f3 f\u00f3rmulas precisas para los ingredientes naturales para maximizar la salud de la piel y el brillo vibrante, un principio aplicado en la amplia gama de productos de cuidado de la piel de DR\u00b7RASHEL.<\/p>\n<p>&nbsp;<\/p>\n<p>Los productos de DR\u00b7RASHEL est\u00e1n extendidos por todo el mundo y son bienvenidos por clientes en cinco continentes, m\u00e1s espec\u00edficamente, en Oriente Medio, Am\u00e9rica del Sur y Europa.<\/p>\n<p>Exportamos a m\u00e1s de 100 pa\u00edses, incluyendo Emiratos \u00c1rabes Unidos, Rusia, Am\u00e9rica, M\u00e9xico, Australia, Arabia Saudita, Brasil, India y Sud\u00e1frica.<\/p>\n<p>Tenemos ISO, GMPC American European Union International Autoritative Double Certification, Advanced R &amp; amp; D equipo de prueba, miles de f\u00f3rmulas maduras y equipo de ventas de alta eficiencia y superioridad de precio competitivo. Nuestras categor\u00edas de productos son: productos de cuidado de la piel, productos de maquillaje, productos de lavado y cuidado.<\/p>\n<p>&nbsp;<\/p>\n<p><strong><b>Preguntas frecuentes:<\/b><\/strong><\/p>\n<p>P: \u00bfCon qu\u00e9 tipo de fundaci\u00f3n es adecuado emparejarse?<\/p>\n<p>R: Puede mezclarse perfectamente con varios productos de maquillaje de base de diferentes texturas. Puede especialmente mejorar la transparencia de la base mate y aumentar el brillo de la base hidratante.<\/p>\n<p>P: Adem\u00e1s del oro, \u00bfqu\u00e9 otros ingredientes anti-envejecimiento b\u00e1sicos hay?<\/p>\n<p>A: \u00c1cido hialur\u00f3nico: bloquea profundamente la humedad y hidrata, llena las l\u00edneas secas y hace que la piel se engorda.<\/p>\n<p>NIACINAMIDA: Alimenta el tono de la piel, mejora el aburrimiento y repara la barrera de la piel<\/p>\n<p>Col\u00e1geno Hidrolizado: Alisa las l\u00edneas finas, aprieta la piel y combate la flaqueza.<\/p>","protected":false},"excerpt":{"rendered":"<p>Esta es una esencia anti-envejecimiento pre-maquillaje. \u00daselo antes de aplicar cosm\u00e9ticos para ayudar a eliminar las arrugas y aclarar la piel, al mismo tiempo que le da a la piel un brillo juvenil, haciendo que sea brillante, gruesa y suave.<\/p>\n<p>N\u00famero de serie: DRL-1479<\/p>\n<p>Tipo de piel aplicable: Adecuado Todo tipo de piel<\/p>\n<p>Capacidad del producto: 100ml.<\/p>","protected":false},"featured_media":4238,"comment_status":"closed","ping_status":"closed","template":"","meta":[],"product_brand":[],"product_cat":[15,115],"product_tag":[],"class_list":{"0":"post-4229","1":"product","2":"type-product","3":"status-publish","4":"has-post-thumbnail","6":"product_cat-face-care","7":"product_cat-serum-essences","9":"first","10":"instock","11":"shipping-taxable","12":"product-type-simple"},"_links":{"self":[{"href":"https:\/\/www.drrashel-bbg.com\/es\/wp-json\/wp\/v2\/product\/4229","targetHints":{"allow":["GET"]}}],"collection":[{"href":"https:\/\/www.drrashel-bbg.com\/es\/wp-json\/wp\/v2\/product"}],"about":[{"href":"https:\/\/www.drrashel-bbg.com\/es\/wp-json\/wp\/v2\/types\/product"}],"replies":[{"embeddable":true,"href":"https:\/\/www.drrashel-bbg.com\/es\/wp-json\/wp\/v2\/comments?post=4229"}],"wp:featuredmedia":[{"embeddable":true,"href":"https:\/\/www.drrashel-bbg.com\/es\/wp-json\/wp\/v2\/media\/4238"}],"wp:attachment":[{"href":"https:\/\/www.drrashel-bbg.com\/es\/wp-json\/wp\/v2\/media?parent=4229"}],"wp:term":[{"taxonomy":"product_brand","embeddable":true,"href":"https:\/\/www.drrashel-bbg.com\/es\/wp-json\/wp\/v2\/product_brand?post=4229"},{"taxonomy":"product_cat","embeddable":true,"href":"https:\/\/www.drrashel-bbg.com\/es\/wp-json\/wp\/v2\/product_cat?post=4229"},{"taxonomy":"product_tag","embeddable":true,"href":"https:\/\/www.drrashel-bbg.com\/es\/wp-json\/wp\/v2\/product_tag?post=4229"}],"curies":[{"name":"wp","href":"https:\/\/api.w.org\/{rel}","templated":true}]}}