{"id":4239,"date":"2025-10-17T09:56:25","date_gmt":"2025-10-17T01:56:25","guid":{"rendered":"https:\/\/www.drrashel-bbg.com\/?post_type=product&#038;p=4239"},"modified":"2026-01-04T16:03:34","modified_gmt":"2026-01-04T08:03:34","slug":"day-to-night-vitamin-c-and-retinol-a-24h-power-couple","status":"publish","type":"product","link":"https:\/\/www.drrashel-bbg.com\/es\/facial-care-sets\/day-to-night-vitamin-c-and-retinol-a-24h-power-couple\/","title":{"rendered":"D\u00eda a Noche Vitamina C y Retinol A 24H Power Couple"},"content":{"rendered":"<p data-wp-editing=\"1\"><img fetchpriority=\"high\" decoding=\"async\" class=\"aligncenter wp-image-4240\" src=\"https:\/\/www.drrashel-bbg.com\/wp-content\/uploads\/2025\/10\/DRL-1723Product-Details-2.jpg\" alt=\"\" width=\"1300\" height=\"2007\" srcset=\"https:\/\/www.drrashel-bbg.com\/wp-content\/uploads\/2025\/10\/DRL-1723Product-Details-2.jpg 750w, https:\/\/www.drrashel-bbg.com\/wp-content\/uploads\/2025\/10\/DRL-1723Product-Details-2-194x300.jpg 194w, https:\/\/www.drrashel-bbg.com\/wp-content\/uploads\/2025\/10\/DRL-1723Product-Details-2-663x1024.jpg 663w, https:\/\/www.drrashel-bbg.com\/wp-content\/uploads\/2025\/10\/DRL-1723Product-Details-2-600x926.jpg 600w\" sizes=\"(max-width: 1300px) 100vw, 1300px\" \/> <img decoding=\"async\" class=\"aligncenter wp-image-4241\" src=\"https:\/\/www.drrashel-bbg.com\/wp-content\/uploads\/2025\/10\/DRL-1723Product-Details-3.jpg\" alt=\"\" width=\"1300\" height=\"816\" srcset=\"https:\/\/www.drrashel-bbg.com\/wp-content\/uploads\/2025\/10\/DRL-1723Product-Details-3.jpg 750w, https:\/\/www.drrashel-bbg.com\/wp-content\/uploads\/2025\/10\/DRL-1723Product-Details-3-300x188.jpg 300w, https:\/\/www.drrashel-bbg.com\/wp-content\/uploads\/2025\/10\/DRL-1723Product-Details-3-600x377.jpg 600w\" sizes=\"(max-width: 1300px) 100vw, 1300px\" \/> <img decoding=\"async\" class=\"aligncenter wp-image-4242\" src=\"https:\/\/www.drrashel-bbg.com\/wp-content\/uploads\/2025\/10\/DRL-1723Product-Details-4.jpg\" alt=\"\" width=\"1300\" height=\"1721\" srcset=\"https:\/\/www.drrashel-bbg.com\/wp-content\/uploads\/2025\/10\/DRL-1723Product-Details-4.jpg 750w, https:\/\/www.drrashel-bbg.com\/wp-content\/uploads\/2025\/10\/DRL-1723Product-Details-4-227x300.jpg 227w, https:\/\/www.drrashel-bbg.com\/wp-content\/uploads\/2025\/10\/DRL-1723Product-Details-4-600x794.jpg 600w\" sizes=\"(max-width: 1300px) 100vw, 1300px\" \/> <img loading=\"lazy\" decoding=\"async\" class=\"aligncenter wp-image-4243\" src=\"https:\/\/www.drrashel-bbg.com\/wp-content\/uploads\/2025\/10\/DRL-1723Product-Details-5.jpg\" alt=\"\" width=\"1300\" height=\"1619\" srcset=\"https:\/\/www.drrashel-bbg.com\/wp-content\/uploads\/2025\/10\/DRL-1723Product-Details-5.jpg 750w, https:\/\/www.drrashel-bbg.com\/wp-content\/uploads\/2025\/10\/DRL-1723Product-Details-5-241x300.jpg 241w, https:\/\/www.drrashel-bbg.com\/wp-content\/uploads\/2025\/10\/DRL-1723Product-Details-5-600x747.jpg 600w\" sizes=\"(max-width: 1300px) 100vw, 1300px\" \/> <img loading=\"lazy\" decoding=\"async\" class=\"aligncenter wp-image-4244\" src=\"https:\/\/www.drrashel-bbg.com\/wp-content\/uploads\/2025\/10\/DRL-1723Product-Details-6.jpg\" alt=\"\" width=\"1300\" height=\"1837\" srcset=\"https:\/\/www.drrashel-bbg.com\/wp-content\/uploads\/2025\/10\/DRL-1723Product-Details-6.jpg 750w, https:\/\/www.drrashel-bbg.com\/wp-content\/uploads\/2025\/10\/DRL-1723Product-Details-6-212x300.jpg 212w, https:\/\/www.drrashel-bbg.com\/wp-content\/uploads\/2025\/10\/DRL-1723Product-Details-6-725x1024.jpg 725w, https:\/\/www.drrashel-bbg.com\/wp-content\/uploads\/2025\/10\/DRL-1723Product-Details-6-600x848.jpg 600w\" sizes=\"(max-width: 1300px) 100vw, 1300px\" \/> <img loading=\"lazy\" decoding=\"async\" class=\"aligncenter wp-image-4245\" src=\"https:\/\/www.drrashel-bbg.com\/wp-content\/uploads\/2025\/10\/DRL-1723Product-Details-7.jpg\" alt=\"\" width=\"1300\" height=\"2078\" srcset=\"https:\/\/www.drrashel-bbg.com\/wp-content\/uploads\/2025\/10\/DRL-1723Product-Details-7.jpg 750w, https:\/\/www.drrashel-bbg.com\/wp-content\/uploads\/2025\/10\/DRL-1723Product-Details-7-188x300.jpg 188w, https:\/\/www.drrashel-bbg.com\/wp-content\/uploads\/2025\/10\/DRL-1723Product-Details-7-641x1024.jpg 641w, https:\/\/www.drrashel-bbg.com\/wp-content\/uploads\/2025\/10\/DRL-1723Product-Details-7-600x959.jpg 600w\" sizes=\"(max-width: 1300px) 100vw, 1300px\" \/> <img loading=\"lazy\" decoding=\"async\" class=\"aligncenter wp-image-4246\" src=\"https:\/\/www.drrashel-bbg.com\/wp-content\/uploads\/2025\/10\/DRL-1723Product-Details-8.jpg\" alt=\"\" width=\"1300\" height=\"1439\" srcset=\"https:\/\/www.drrashel-bbg.com\/wp-content\/uploads\/2025\/10\/DRL-1723Product-Details-8.jpg 750w, https:\/\/www.drrashel-bbg.com\/wp-content\/uploads\/2025\/10\/DRL-1723Product-Details-8-271x300.jpg 271w, https:\/\/www.drrashel-bbg.com\/wp-content\/uploads\/2025\/10\/DRL-1723Product-Details-8-600x664.jpg 600w\" sizes=\"(max-width: 1300px) 100vw, 1300px\" \/> <img loading=\"lazy\" decoding=\"async\" class=\"aligncenter wp-image-4247\" src=\"https:\/\/www.drrashel-bbg.com\/wp-content\/uploads\/2025\/10\/DRL-1723Product-Details-9.jpg\" alt=\"\" width=\"1300\" height=\"1451\" srcset=\"https:\/\/www.drrashel-bbg.com\/wp-content\/uploads\/2025\/10\/DRL-1723Product-Details-9.jpg 750w, https:\/\/www.drrashel-bbg.com\/wp-content\/uploads\/2025\/10\/DRL-1723Product-Details-9-269x300.jpg 269w, https:\/\/www.drrashel-bbg.com\/wp-content\/uploads\/2025\/10\/DRL-1723Product-Details-9-600x670.jpg 600w\" sizes=\"(max-width: 1300px) 100vw, 1300px\" \/> <img loading=\"lazy\" decoding=\"async\" class=\"aligncenter wp-image-4248\" src=\"https:\/\/www.drrashel-bbg.com\/wp-content\/uploads\/2025\/10\/DRL-1723Product-Details-10.jpg\" alt=\"\" width=\"1300\" height=\"2097\" srcset=\"https:\/\/www.drrashel-bbg.com\/wp-content\/uploads\/2025\/10\/DRL-1723Product-Details-10.jpg 750w, https:\/\/www.drrashel-bbg.com\/wp-content\/uploads\/2025\/10\/DRL-1723Product-Details-10-186x300.jpg 186w, https:\/\/www.drrashel-bbg.com\/wp-content\/uploads\/2025\/10\/DRL-1723Product-Details-10-635x1024.jpg 635w, https:\/\/www.drrashel-bbg.com\/wp-content\/uploads\/2025\/10\/DRL-1723Product-Details-10-600x968.jpg 600w\" sizes=\"(max-width: 1300px) 100vw, 1300px\" \/> <img loading=\"lazy\" decoding=\"async\" class=\"aligncenter wp-image-4249\" src=\"https:\/\/www.drrashel-bbg.com\/wp-content\/uploads\/2025\/10\/DRL-1723Product-Details-11.jpg\" alt=\"\" width=\"1300\" height=\"1875\" srcset=\"https:\/\/www.drrashel-bbg.com\/wp-content\/uploads\/2025\/10\/DRL-1723Product-Details-11.jpg 750w, https:\/\/www.drrashel-bbg.com\/wp-content\/uploads\/2025\/10\/DRL-1723Product-Details-11-208x300.jpg 208w, https:\/\/www.drrashel-bbg.com\/wp-content\/uploads\/2025\/10\/DRL-1723Product-Details-11-710x1024.jpg 710w, https:\/\/www.drrashel-bbg.com\/wp-content\/uploads\/2025\/10\/DRL-1723Product-Details-11-600x866.jpg 600w\" sizes=\"(max-width: 1300px) 100vw, 1300px\" \/> <img loading=\"lazy\" decoding=\"async\" class=\"aligncenter wp-image-4250\" src=\"https:\/\/www.drrashel-bbg.com\/wp-content\/uploads\/2025\/10\/DRL-1723Product-Details-12.jpg\" alt=\"\" width=\"1300\" height=\"2109\" srcset=\"https:\/\/www.drrashel-bbg.com\/wp-content\/uploads\/2025\/10\/DRL-1723Product-Details-12.jpg 750w, https:\/\/www.drrashel-bbg.com\/wp-content\/uploads\/2025\/10\/DRL-1723Product-Details-12-185x300.jpg 185w, https:\/\/www.drrashel-bbg.com\/wp-content\/uploads\/2025\/10\/DRL-1723Product-Details-12-631x1024.jpg 631w, https:\/\/www.drrashel-bbg.com\/wp-content\/uploads\/2025\/10\/DRL-1723Product-Details-12-600x974.jpg 600w\" sizes=\"(max-width: 1300px) 100vw, 1300px\" \/> <img loading=\"lazy\" decoding=\"async\" class=\"aligncenter wp-image-4251\" src=\"https:\/\/www.drrashel-bbg.com\/wp-content\/uploads\/2025\/10\/DRL-1723Product-Details-13.jpg\" alt=\"\" width=\"1300\" height=\"2229\" srcset=\"https:\/\/www.drrashel-bbg.com\/wp-content\/uploads\/2025\/10\/DRL-1723Product-Details-13.jpg 750w, https:\/\/www.drrashel-bbg.com\/wp-content\/uploads\/2025\/10\/DRL-1723Product-Details-13-175x300.jpg 175w, https:\/\/www.drrashel-bbg.com\/wp-content\/uploads\/2025\/10\/DRL-1723Product-Details-13-597x1024.jpg 597w, https:\/\/www.drrashel-bbg.com\/wp-content\/uploads\/2025\/10\/DRL-1723Product-Details-13-600x1029.jpg 600w\" sizes=\"(max-width: 1300px) 100vw, 1300px\" \/> <img loading=\"lazy\" decoding=\"async\" class=\"aligncenter wp-image-4252\" src=\"https:\/\/www.drrashel-bbg.com\/wp-content\/uploads\/2025\/10\/DRL-1723Product-Details-14.jpg\" alt=\"\" width=\"1300\" height=\"2969\" srcset=\"https:\/\/www.drrashel-bbg.com\/wp-content\/uploads\/2025\/10\/DRL-1723Product-Details-14.jpg 750w, https:\/\/www.drrashel-bbg.com\/wp-content\/uploads\/2025\/10\/DRL-1723Product-Details-14-131x300.jpg 131w, https:\/\/www.drrashel-bbg.com\/wp-content\/uploads\/2025\/10\/DRL-1723Product-Details-14-448x1024.jpg 448w, https:\/\/www.drrashel-bbg.com\/wp-content\/uploads\/2025\/10\/DRL-1723Product-Details-14-673x1536.jpg 673w, https:\/\/www.drrashel-bbg.com\/wp-content\/uploads\/2025\/10\/DRL-1723Product-Details-14-600x1370.jpg 600w\" sizes=\"(max-width: 1300px) 100vw, 1300px\" \/> <img loading=\"lazy\" decoding=\"async\" class=\"aligncenter wp-image-4253\" src=\"https:\/\/www.drrashel-bbg.com\/wp-content\/uploads\/2025\/10\/DRL-1723Product-Details-15.jpg\" alt=\"\" width=\"1300\" height=\"2780\" srcset=\"https:\/\/www.drrashel-bbg.com\/wp-content\/uploads\/2025\/10\/DRL-1723Product-Details-15.jpg 750w, https:\/\/www.drrashel-bbg.com\/wp-content\/uploads\/2025\/10\/DRL-1723Product-Details-15-140x300.jpg 140w, https:\/\/www.drrashel-bbg.com\/wp-content\/uploads\/2025\/10\/DRL-1723Product-Details-15-479x1024.jpg 479w, https:\/\/www.drrashel-bbg.com\/wp-content\/uploads\/2025\/10\/DRL-1723Product-Details-15-718x1536.jpg 718w, https:\/\/www.drrashel-bbg.com\/wp-content\/uploads\/2025\/10\/DRL-1723Product-Details-15-600x1283.jpg 600w\" sizes=\"(max-width: 1300px) 100vw, 1300px\" \/><\/p>\n<p>&nbsp;<\/p>\n<p><strong><b>Beneficios del producto:<\/b><\/strong><\/p>\n<p>La vitamina C es un antioxidante natural que se sabe que lucha contra los radicales libres en la superficie de la piel y, en \u00faltima instancia, protege su piel de da\u00f1os visibles como l\u00edneas finas y tono de piel desigual. Esta hidratante ligera que aumenta el resplandor ayuda a mejorar la apariencia del tono desigual de la piel, las l\u00edneas finas y las arrugas y fortalece su piel. defensas naturales para una apariencia m\u00e1s suave, firme y revitalizada.<\/p>\n<p>Con la edad, el giro celular natural de su piel disminuye, lo que resulta en tono de piel aburrido e irregular, textura de piel \u00e1spera y arrugas. Este retinol Una crema de noche anti-envejecimiento firme ayuda a disminuir la aparici\u00f3n de l\u00edneas finas y arrugas mientras duerme. Despierta con una piel suave y radiante. Lev\u00e1ntate y brilla a una piel m\u00e1s refinada, luminosa, m\u00e1s joven, cortes\u00eda de esta crema antiarrugas, se ve m\u00e1s firme, hidratada y m\u00e1s uniforme.<\/p>\n<p>&nbsp;<\/p>\n<p><strong><b>Ingredientes y tecnolog\u00edas principales:<\/b><\/strong><\/p>\n<p>INGREDIENTES ESTRELLADOS<\/p>\n<p>Vitamina C Revelar piel m\u00e1s radiante y saludable, Retinol A Firms, suaviza y ilumina la piel durante la noche<\/p>\n<p>Ingredientes completos (vitamina C)<\/p>\n<p>AQUA<\/p>\n<p>PALMITATO DE ETILHEXILO<\/p>\n<p>GLICOL<\/p>\n<p>\u00c1CIDO ASCORBICO 3-O-ETILO<\/p>\n<p>\u00c1cido asc\u00f3rbico<\/p>\n<p>Ingredientes completos (retinol A)<\/p>\n<p>AQUA<\/p>\n<p>GLICERINA<\/p>\n<p>NIACINAMIDA<\/p>\n<p>TOCOFEROL<\/p>\n<p>RETINOL<\/p>\n<p>HIALURONATO DE SODIO<\/p>\n<p>&nbsp;<\/p>\n<p><strong><b>C\u00f3mo utilizar:<\/b><\/strong><\/p>\n<p>Mantenga suave en la cara y el cuello hasta que se absorbe completamente. Aplicar despu\u00e9s del suero facial y la crema ocular para obtener los mejores resultados. Evite el contacto con los ojos. Los resultados mejorar\u00e1n con el uso diario. adecuado para el \u00e1rea del cuello.<\/p>\n<p>&nbsp;<\/p>\n<p><strong><b>Introducci\u00f3n de la marca:<\/b><\/strong><\/p>\n<p>DR\u00b7RASHEL fue fundada en 1989 por el Sr. BAKRI, un maestro de cuidado de la piel, con treinta a\u00f1os de experiencia en productos. Centrado en la salud, el Sr. BAKRI desarroll\u00f3 f\u00f3rmulas precisas para los ingredientes naturales para maximizar la salud de la piel y el brillo vibrante, un principio aplicado en la amplia gama de productos de cuidado de la piel de DR\u00b7RASHEL.<\/p>\n<p>Los productos de DR\u00b7RASHEL est\u00e1n extendidos por todo el mundo y son bienvenidos por clientes en cinco continentes, m\u00e1s espec\u00edficamente, en Oriente Medio, Am\u00e9rica del Sur y Europa.<\/p>\n<p>Exportamos a m\u00e1s de 100 pa\u00edses, incluyendo Emiratos \u00c1rabes Unidos, Rusia, Am\u00e9rica, M\u00e9xico, Australia, Arabia Saudita, Brasil, India y Sud\u00e1frica.<\/p>\n<p>Tenemos ISO, GMPC American European Union International Autoritative Double Certification, Advanced R &amp; amp; D equipo de prueba, miles de f\u00f3rmulas maduras y equipo de ventas de alta eficiencia y superioridad de precio competitivo. Nuestras categor\u00edas de productos son: productos de cuidado de la piel, productos de maquillaje, productos de lavado y cuidado.<\/p>\n<p>&nbsp;<\/p>\n<p><strong><b>Preguntas frecuentes:<\/b><\/strong><\/p>\n<p>P: \u00bfQu\u00e9 es la vitamina C por la ma\u00f1ana y el retinol por la noche?<\/p>\n<p>R: Se refiere a una estrategia de cuidado de la piel en tiempo compartido, que implica el uso de productos para el cuidado de la piel que contienen vitamina C por la ma\u00f1ana y productos para el cuidado de la piel que contienen vitamina A (como el retinol) por la noche.<\/p>\n<p>P: \u00bfCu\u00e1les son los beneficios de usar vitamina C por la ma\u00f1ana y retinol por la noche?<\/p>\n<p>R: Lograr efectos anti-envejecimiento y aclarantes completos con la defensa diurna y la reparaci\u00f3n nocturna.<\/p>","protected":false},"excerpt":{"rendered":"<p>Ay\u00fadanos nutre, resurfaces, suave, renovaci\u00f3n, lucha contra l\u00edneas finas, manchas oscuras y arrugas. Durante 24 horas de piel visiblemente brillante y lisa con una reducci\u00f3n en la apariencia de l\u00edneas finas y arrugas.<\/p>\n<p>N\u00famero de serie: DRL-1723<\/p>\n<p>Tipo de piel aplicable: Adecuado para todos los tipos de piel.<\/p>\n<p>Capacidad del producto: 50g \/ 1.76 oz 50g \/ 1.76 oz<\/p>","protected":false},"featured_media":4254,"comment_status":"closed","ping_status":"closed","template":"","meta":[],"product_brand":[],"product_cat":[169,168],"product_tag":[],"class_list":{"0":"post-4239","1":"product","2":"type-product","3":"status-publish","4":"has-post-thumbnail","6":"product_cat-facial-care-sets","7":"product_cat-sets-kits","9":"first","10":"instock","11":"shipping-taxable","12":"product-type-simple"},"_links":{"self":[{"href":"https:\/\/www.drrashel-bbg.com\/es\/wp-json\/wp\/v2\/product\/4239","targetHints":{"allow":["GET"]}}],"collection":[{"href":"https:\/\/www.drrashel-bbg.com\/es\/wp-json\/wp\/v2\/product"}],"about":[{"href":"https:\/\/www.drrashel-bbg.com\/es\/wp-json\/wp\/v2\/types\/product"}],"replies":[{"embeddable":true,"href":"https:\/\/www.drrashel-bbg.com\/es\/wp-json\/wp\/v2\/comments?post=4239"}],"wp:featuredmedia":[{"embeddable":true,"href":"https:\/\/www.drrashel-bbg.com\/es\/wp-json\/wp\/v2\/media\/4254"}],"wp:attachment":[{"href":"https:\/\/www.drrashel-bbg.com\/es\/wp-json\/wp\/v2\/media?parent=4239"}],"wp:term":[{"taxonomy":"product_brand","embeddable":true,"href":"https:\/\/www.drrashel-bbg.com\/es\/wp-json\/wp\/v2\/product_brand?post=4239"},{"taxonomy":"product_cat","embeddable":true,"href":"https:\/\/www.drrashel-bbg.com\/es\/wp-json\/wp\/v2\/product_cat?post=4239"},{"taxonomy":"product_tag","embeddable":true,"href":"https:\/\/www.drrashel-bbg.com\/es\/wp-json\/wp\/v2\/product_tag?post=4239"}],"curies":[{"name":"wp","href":"https:\/\/api.w.org\/{rel}","templated":true}]}}