{"id":4260,"date":"2025-10-17T10:11:16","date_gmt":"2025-10-17T02:11:16","guid":{"rendered":"https:\/\/www.drrashel-bbg.com\/?post_type=product&#038;p=4260"},"modified":"2026-01-04T16:01:09","modified_gmt":"2026-01-04T08:01:09","slug":"vitamin-c-brightening-anti-aging-face-cream","status":"publish","type":"product","link":"https:\/\/www.drrashel-bbg.com\/es\/cream\/vitamin-c-brightening-anti-aging-face-cream\/","title":{"rendered":"Brillante de vitamina C &#038; Crema anti envejecimiento para la cara"},"content":{"rendered":"<p><img fetchpriority=\"high\" decoding=\"async\" class=\"aligncenter wp-image-4261\" src=\"https:\/\/www.drrashel-bbg.com\/wp-content\/uploads\/2025\/10\/DRL-1432-Detail-2.jpg\" alt=\"\" width=\"1300\" height=\"1782\" srcset=\"https:\/\/www.drrashel-bbg.com\/wp-content\/uploads\/2025\/10\/DRL-1432-Detail-2.jpg 790w, https:\/\/www.drrashel-bbg.com\/wp-content\/uploads\/2025\/10\/DRL-1432-Detail-2-219x300.jpg 219w, https:\/\/www.drrashel-bbg.com\/wp-content\/uploads\/2025\/10\/DRL-1432-Detail-2-747x1024.jpg 747w, https:\/\/www.drrashel-bbg.com\/wp-content\/uploads\/2025\/10\/DRL-1432-Detail-2-768x1053.jpg 768w, https:\/\/www.drrashel-bbg.com\/wp-content\/uploads\/2025\/10\/DRL-1432-Detail-2-600x823.jpg 600w\" sizes=\"(max-width: 1300px) 100vw, 1300px\" \/> <img decoding=\"async\" class=\"aligncenter wp-image-4262\" src=\"https:\/\/www.drrashel-bbg.com\/wp-content\/uploads\/2025\/10\/DRL-1432-Detail-3.jpg\" alt=\"\" width=\"1300\" height=\"1955\" srcset=\"https:\/\/www.drrashel-bbg.com\/wp-content\/uploads\/2025\/10\/DRL-1432-Detail-3.jpg 790w, https:\/\/www.drrashel-bbg.com\/wp-content\/uploads\/2025\/10\/DRL-1432-Detail-3-199x300.jpg 199w, https:\/\/www.drrashel-bbg.com\/wp-content\/uploads\/2025\/10\/DRL-1432-Detail-3-681x1024.jpg 681w, https:\/\/www.drrashel-bbg.com\/wp-content\/uploads\/2025\/10\/DRL-1432-Detail-3-768x1155.jpg 768w, https:\/\/www.drrashel-bbg.com\/wp-content\/uploads\/2025\/10\/DRL-1432-Detail-3-600x902.jpg 600w\" sizes=\"(max-width: 1300px) 100vw, 1300px\" \/> <img decoding=\"async\" class=\"aligncenter wp-image-4263\" src=\"https:\/\/www.drrashel-bbg.com\/wp-content\/uploads\/2025\/10\/DRL-1432-Detail-4.jpg\" alt=\"\" width=\"1300\" height=\"1469\" srcset=\"https:\/\/www.drrashel-bbg.com\/wp-content\/uploads\/2025\/10\/DRL-1432-Detail-4.jpg 790w, https:\/\/www.drrashel-bbg.com\/wp-content\/uploads\/2025\/10\/DRL-1432-Detail-4-265x300.jpg 265w, https:\/\/www.drrashel-bbg.com\/wp-content\/uploads\/2025\/10\/DRL-1432-Detail-4-768x868.jpg 768w, https:\/\/www.drrashel-bbg.com\/wp-content\/uploads\/2025\/10\/DRL-1432-Detail-4-600x678.jpg 600w\" sizes=\"(max-width: 1300px) 100vw, 1300px\" \/> <img loading=\"lazy\" decoding=\"async\" class=\"aligncenter wp-image-4264\" src=\"https:\/\/www.drrashel-bbg.com\/wp-content\/uploads\/2025\/10\/DRL-1432-Detail-5.jpg\" alt=\"\" width=\"1300\" height=\"1883\" srcset=\"https:\/\/www.drrashel-bbg.com\/wp-content\/uploads\/2025\/10\/DRL-1432-Detail-5.jpg 790w, https:\/\/www.drrashel-bbg.com\/wp-content\/uploads\/2025\/10\/DRL-1432-Detail-5-207x300.jpg 207w, https:\/\/www.drrashel-bbg.com\/wp-content\/uploads\/2025\/10\/DRL-1432-Detail-5-707x1024.jpg 707w, https:\/\/www.drrashel-bbg.com\/wp-content\/uploads\/2025\/10\/DRL-1432-Detail-5-768x1112.jpg 768w, https:\/\/www.drrashel-bbg.com\/wp-content\/uploads\/2025\/10\/DRL-1432-Detail-5-600x869.jpg 600w\" sizes=\"(max-width: 1300px) 100vw, 1300px\" \/> <img loading=\"lazy\" decoding=\"async\" class=\"aligncenter wp-image-4265\" src=\"https:\/\/www.drrashel-bbg.com\/wp-content\/uploads\/2025\/10\/DRL-1432-Detail-6.jpg\" alt=\"\" width=\"1300\" height=\"1978\" srcset=\"https:\/\/www.drrashel-bbg.com\/wp-content\/uploads\/2025\/10\/DRL-1432-Detail-6.jpg 790w, https:\/\/www.drrashel-bbg.com\/wp-content\/uploads\/2025\/10\/DRL-1432-Detail-6-197x300.jpg 197w, https:\/\/www.drrashel-bbg.com\/wp-content\/uploads\/2025\/10\/DRL-1432-Detail-6-673x1024.jpg 673w, https:\/\/www.drrashel-bbg.com\/wp-content\/uploads\/2025\/10\/DRL-1432-Detail-6-768x1169.jpg 768w, https:\/\/www.drrashel-bbg.com\/wp-content\/uploads\/2025\/10\/DRL-1432-Detail-6-600x913.jpg 600w\" sizes=\"(max-width: 1300px) 100vw, 1300px\" \/> <img loading=\"lazy\" decoding=\"async\" class=\"aligncenter wp-image-4266\" src=\"https:\/\/www.drrashel-bbg.com\/wp-content\/uploads\/2025\/10\/DRL-1432-Detail-7.jpg\" alt=\"\" width=\"1300\" height=\"2225\" srcset=\"https:\/\/www.drrashel-bbg.com\/wp-content\/uploads\/2025\/10\/DRL-1432-Detail-7.jpg 790w, https:\/\/www.drrashel-bbg.com\/wp-content\/uploads\/2025\/10\/DRL-1432-Detail-7-175x300.jpg 175w, https:\/\/www.drrashel-bbg.com\/wp-content\/uploads\/2025\/10\/DRL-1432-Detail-7-598x1024.jpg 598w, https:\/\/www.drrashel-bbg.com\/wp-content\/uploads\/2025\/10\/DRL-1432-Detail-7-768x1314.jpg 768w, https:\/\/www.drrashel-bbg.com\/wp-content\/uploads\/2025\/10\/DRL-1432-Detail-7-600x1027.jpg 600w\" sizes=\"(max-width: 1300px) 100vw, 1300px\" \/> <img loading=\"lazy\" decoding=\"async\" class=\"aligncenter wp-image-4267\" src=\"https:\/\/www.drrashel-bbg.com\/wp-content\/uploads\/2025\/10\/DRL-1432-Detail-8.jpg\" alt=\"\" width=\"1300\" height=\"1446\" srcset=\"https:\/\/www.drrashel-bbg.com\/wp-content\/uploads\/2025\/10\/DRL-1432-Detail-8.jpg 790w, https:\/\/www.drrashel-bbg.com\/wp-content\/uploads\/2025\/10\/DRL-1432-Detail-8-270x300.jpg 270w, https:\/\/www.drrashel-bbg.com\/wp-content\/uploads\/2025\/10\/DRL-1432-Detail-8-768x855.jpg 768w, https:\/\/www.drrashel-bbg.com\/wp-content\/uploads\/2025\/10\/DRL-1432-Detail-8-600x668.jpg 600w\" sizes=\"(max-width: 1300px) 100vw, 1300px\" \/> <img loading=\"lazy\" decoding=\"async\" class=\"aligncenter wp-image-4268\" src=\"https:\/\/www.drrashel-bbg.com\/wp-content\/uploads\/2025\/10\/DRL-1432-Detail-9.jpg\" alt=\"\" width=\"1300\" height=\"1683\" srcset=\"https:\/\/www.drrashel-bbg.com\/wp-content\/uploads\/2025\/10\/DRL-1432-Detail-9.jpg 790w, https:\/\/www.drrashel-bbg.com\/wp-content\/uploads\/2025\/10\/DRL-1432-Detail-9-232x300.jpg 232w, https:\/\/www.drrashel-bbg.com\/wp-content\/uploads\/2025\/10\/DRL-1432-Detail-9-768x995.jpg 768w, https:\/\/www.drrashel-bbg.com\/wp-content\/uploads\/2025\/10\/DRL-1432-Detail-9-600x777.jpg 600w\" sizes=\"(max-width: 1300px) 100vw, 1300px\" \/> <img loading=\"lazy\" decoding=\"async\" class=\"aligncenter wp-image-4269\" src=\"https:\/\/www.drrashel-bbg.com\/wp-content\/uploads\/2025\/10\/DRL-1432-Detail-10.jpg\" alt=\"\" width=\"1300\" height=\"1369\" srcset=\"https:\/\/www.drrashel-bbg.com\/wp-content\/uploads\/2025\/10\/DRL-1432-Detail-10.jpg 790w, https:\/\/www.drrashel-bbg.com\/wp-content\/uploads\/2025\/10\/DRL-1432-Detail-10-285x300.jpg 285w, https:\/\/www.drrashel-bbg.com\/wp-content\/uploads\/2025\/10\/DRL-1432-Detail-10-768x809.jpg 768w, https:\/\/www.drrashel-bbg.com\/wp-content\/uploads\/2025\/10\/DRL-1432-Detail-10-600x632.jpg 600w\" sizes=\"(max-width: 1300px) 100vw, 1300px\" \/> <img loading=\"lazy\" decoding=\"async\" class=\"aligncenter wp-image-4270\" src=\"https:\/\/www.drrashel-bbg.com\/wp-content\/uploads\/2025\/10\/DRL-1432-Detail-11.jpg\" alt=\"\" width=\"1300\" height=\"1369\" srcset=\"https:\/\/www.drrashel-bbg.com\/wp-content\/uploads\/2025\/10\/DRL-1432-Detail-11.jpg 790w, https:\/\/www.drrashel-bbg.com\/wp-content\/uploads\/2025\/10\/DRL-1432-Detail-11-285x300.jpg 285w, https:\/\/www.drrashel-bbg.com\/wp-content\/uploads\/2025\/10\/DRL-1432-Detail-11-768x809.jpg 768w, https:\/\/www.drrashel-bbg.com\/wp-content\/uploads\/2025\/10\/DRL-1432-Detail-11-600x632.jpg 600w\" sizes=\"(max-width: 1300px) 100vw, 1300px\" \/> <img loading=\"lazy\" decoding=\"async\" class=\"aligncenter wp-image-4271\" src=\"https:\/\/www.drrashel-bbg.com\/wp-content\/uploads\/2025\/10\/DRL-1432-Detail-12.jpg\" alt=\"\" width=\"1300\" height=\"1318\" srcset=\"https:\/\/www.drrashel-bbg.com\/wp-content\/uploads\/2025\/10\/DRL-1432-Detail-12.jpg 790w, https:\/\/www.drrashel-bbg.com\/wp-content\/uploads\/2025\/10\/DRL-1432-Detail-12-296x300.jpg 296w, https:\/\/www.drrashel-bbg.com\/wp-content\/uploads\/2025\/10\/DRL-1432-Detail-12-768x779.jpg 768w, https:\/\/www.drrashel-bbg.com\/wp-content\/uploads\/2025\/10\/DRL-1432-Detail-12-600x608.jpg 600w, https:\/\/www.drrashel-bbg.com\/wp-content\/uploads\/2025\/10\/DRL-1432-Detail-12-100x100.jpg 100w\" sizes=\"(max-width: 1300px) 100vw, 1300px\" \/><\/p>\n<p>&nbsp;<\/p>\n<p><strong><b>Beneficios del producto:<\/b><\/strong><\/p>\n<p>La crema facial DR\u00b7RASHEL Vitamina C contiene vitaminas C y E que son conocidas por ser antioxidantes tan eficaces, y que ayudan a proteger la piel contra los efectos del envejecimiento. es una f\u00f3rmula de gel fresca y ligera, la vitamina C estimula la producci\u00f3n de col\u00e1geno para reducir la aparici\u00f3n de arrugas, l\u00edneas finas y pies de cuervo y aclarar la piel. Mientras que el \u00e1cido hialur\u00f3nico proporciona una hidrataci\u00f3n profunda y natural, despierta y aclara su piel, revelando un resplandor natural de aspecto saludable.<\/p>\n<p>&nbsp;<\/p>\n<p><strong><b>Ingredientes y tecnolog\u00edas principales:<\/b><\/strong><\/p>\n<p>INGREDIENTES ESTRELLADOS<\/p>\n<p>VC puede ayudar a desvanecer las manchas solares &amp; decoloraci\u00f3n, refinar la textura de la piel, reducir la formaci\u00f3n de arrugas y minimizar las arrugas existentes<\/p>\n<p>INGREDIENTES COMPLETOS<\/p>\n<p>AQUA<\/p>\n<p>GLICERINA<\/p>\n<p>Glicol de propileno<\/p>\n<p>Dimeticona<\/p>\n<p>PALMITATO DE ETILHEXILO<\/p>\n<p>HIALURONATO DE SODIO<\/p>\n<p>\u00c1CIDO ASCORBICO DE 3-O-ETILO<\/p>\n<p>&nbsp;<\/p>\n<p><strong><b>C\u00f3mo utilizar:<\/b><\/strong><\/p>\n<p>Despu\u00e9s de limpiar y tonificar, aplicar una peque\u00f1a cantidad de la crema en la cara y el cuello, masajear hasta que se absorbe completamente.<\/p>\n<p>&nbsp;<\/p>\n<p><strong><b>Introducci\u00f3n de la marca:<\/b><\/strong><\/p>\n<p>DR\u00b7RASHEL fue fundada en 1989 por el Sr. BAKRI, un maestro de cuidado de la piel, con treinta a\u00f1os de experiencia en productos. Centrado en la salud, el Sr. BAKRI desarroll\u00f3 f\u00f3rmulas precisas para los ingredientes naturales para maximizar la salud de la piel y el brillo vibrante, un principio aplicado en la amplia gama de productos de cuidado de la piel de DR\u00b7RASHEL.<\/p>\n<p>Los productos de DR\u00b7RASHEL est\u00e1n extendidos por todo el mundo y son bienvenidos por clientes en cinco continentes, m\u00e1s espec\u00edficamente, en Oriente Medio, Am\u00e9rica del Sur y Europa.<\/p>\n<p>Exportamos a m\u00e1s de 100 pa\u00edses, incluyendo Emiratos \u00c1rabes Unidos, Rusia, Am\u00e9rica, M\u00e9xico, Australia, Arabia Saudita, Brasil, India y Sud\u00e1frica.<\/p>\n<p>Tenemos ISO, GMPC American European Union International Autoritative Double Certification, Advanced R &amp; amp; D equipo de prueba, miles de f\u00f3rmulas maduras y equipo de ventas de alta eficiencia y superioridad de precio competitivo. Nuestras categor\u00edas de productos son: productos de cuidado de la piel, productos de maquillaje, productos de lavado y cuidado.<\/p>\n<p>&nbsp;<\/p>\n<p><strong><b>Preguntas frecuentes:<\/b><\/strong><\/p>\n<p>P: \u00bfCu\u00e1l es el papel principal de la vitamina C en la esencia anti-envejecimiento?<\/p>\n<p>A: Principalmente antioxidante y tono de piel aclarante<\/p>\n<p>P: \u00bfCu\u00e1ndo es el mejor momento para usar la esencia de VC durante el d\u00eda?<\/p>\n<p>R: Mejor utilizado por la ma\u00f1ana, la vitamina C puede maximizar los efectos antioxidantes y fotoenvejecimiento<\/p>","protected":false},"excerpt":{"rendered":"<p>VC puede hidratar profundamente, mejorar las l\u00edneas finas y la piel opaca. Al mismo tiempo, puede antienvejecimiento, aclarar, aprietar, reparar, proteger y mejorar la elasticidad y vitalidad de la piel. Despertar y aclarar su tono de piel, mostrando un brillo natural y saludable.<\/p>\n<p>N\u00famero de serie: DRL-1432<\/p>\n<p>Tipo de piel aplicable: Adecuado para la piel que muestra signos de envejecimiento, p\u00e9rdida de firmeza, tono de piel desigual, l\u00edneas finas y arrugas.<\/p>\n<p>Capacidad del producto: 50g.<\/p>","protected":false},"featured_media":4274,"comment_status":"closed","ping_status":"closed","template":"","meta":[],"product_brand":[],"product_cat":[116,15],"product_tag":[],"class_list":{"0":"post-4260","1":"product","2":"type-product","3":"status-publish","4":"has-post-thumbnail","6":"product_cat-cream","7":"product_cat-face-care","9":"first","10":"instock","11":"shipping-taxable","12":"product-type-simple"},"_links":{"self":[{"href":"https:\/\/www.drrashel-bbg.com\/es\/wp-json\/wp\/v2\/product\/4260","targetHints":{"allow":["GET"]}}],"collection":[{"href":"https:\/\/www.drrashel-bbg.com\/es\/wp-json\/wp\/v2\/product"}],"about":[{"href":"https:\/\/www.drrashel-bbg.com\/es\/wp-json\/wp\/v2\/types\/product"}],"replies":[{"embeddable":true,"href":"https:\/\/www.drrashel-bbg.com\/es\/wp-json\/wp\/v2\/comments?post=4260"}],"wp:featuredmedia":[{"embeddable":true,"href":"https:\/\/www.drrashel-bbg.com\/es\/wp-json\/wp\/v2\/media\/4274"}],"wp:attachment":[{"href":"https:\/\/www.drrashel-bbg.com\/es\/wp-json\/wp\/v2\/media?parent=4260"}],"wp:term":[{"taxonomy":"product_brand","embeddable":true,"href":"https:\/\/www.drrashel-bbg.com\/es\/wp-json\/wp\/v2\/product_brand?post=4260"},{"taxonomy":"product_cat","embeddable":true,"href":"https:\/\/www.drrashel-bbg.com\/es\/wp-json\/wp\/v2\/product_cat?post=4260"},{"taxonomy":"product_tag","embeddable":true,"href":"https:\/\/www.drrashel-bbg.com\/es\/wp-json\/wp\/v2\/product_tag?post=4260"}],"curies":[{"name":"wp","href":"https:\/\/api.w.org\/{rel}","templated":true}]}}