{"id":4278,"date":"2025-10-17T10:24:49","date_gmt":"2025-10-17T02:24:49","guid":{"rendered":"https:\/\/www.drrashel-bbg.com\/?post_type=product&#038;p=4278"},"modified":"2026-01-04T16:00:15","modified_gmt":"2026-01-04T08:00:15","slug":"aloe-vera-moisture-cream","status":"publish","type":"product","link":"https:\/\/www.drrashel-bbg.com\/es\/cream\/aloe-vera-moisture-cream\/","title":{"rendered":"Crema hidratante de aloe vera"},"content":{"rendered":"<p><strong><b>Beneficios del producto:<\/b><\/strong><\/p>\n<p>Hecho con extracto de Aloe, esta crema hidratante facial 3 en 1: una crema hidratante diurna que refresca, una crema hidratante nocturna que hidrata y una m\u00e1scara facial que nutre. Esta crema de absorci\u00f3n r\u00e1pida y sin grasa hidrata instant\u00e1neamente, dejando la piel m\u00e1s suave y suave d\u00eda tras d\u00eda. La piel parece profundamente hidratada con l\u00edneas finas y secas reducidas. Adecuado para la piel sensible.<\/p>\n<p>&nbsp;<\/p>\n<p><strong><b>Ingredientes y tecnolog\u00edas principales:<\/b><\/strong><\/p>\n<p>INGREDIENTES ESTRELLADOS<\/p>\n<p>El aloe vera puede ayudar a calmar la piel sensible y roja, calmar la piel, hidratar profundamente la piel y reparar la barrera cut\u00e1nea.<\/p>\n<p>INGREDIENTES COMPLETOS<\/p>\n<p>AQUA<\/p>\n<p>Glicol de propileno<\/p>\n<p>GLICERINA<\/p>\n<p>Dimeticona<\/p>\n<p>Extracto de aloe barbadensis<\/p>\n<p>Parfum<\/p>\n<p>&nbsp;<\/p>\n<p><strong><b>C\u00f3mo utilizar:<\/b><\/strong><\/p>\n<p>Aplicar por la ma\u00f1ana a la piel limpia, Noche: aplicar por la noche a la piel limpia. M\u00e1scara: aplicar la capa athick en la piel dos veces a la semana por la noche, evitando los ojos y los labios. Dejar durante 10 minutos y, si es necesario, tejer el exceso.<\/p>\n<p>&nbsp;<\/p>\n<p><strong><b>Introducci\u00f3n de la marca:<\/b><\/strong><\/p>\n<p>DR\u00b7RASHEL fue fundada en 1989 por el Sr. BAKRI, un maestro de cuidado de la piel, con treinta a\u00f1os de experiencia en productos. Centrado en la salud, el Sr. BAKRI desarroll\u00f3 f\u00f3rmulas precisas para los ingredientes naturales para maximizar la salud de la piel y el brillo vibrante, un principio aplicado en la amplia gama de productos de cuidado de la piel de DR\u00b7RASHEL.<\/p>\n<p>Los productos de DR\u00b7RASHEL est\u00e1n extendidos por todo el mundo y son bienvenidos por clientes en cinco continentes, m\u00e1s espec\u00edficamente, en Oriente Medio, Am\u00e9rica del Sur y Europa.<\/p>\n<p>&nbsp;<\/p>\n<p>Exportamos a m\u00e1s de 100 pa\u00edses, incluyendo Emiratos \u00c1rabes Unidos, Rusia, Am\u00e9rica, M\u00e9xico, Australia, Arabia Saudita, Brasil, India y Sud\u00e1frica.<\/p>\n<p>Tenemos ISO, GMPC American European Union International Autoritative Double Certification, Advanced R &amp; amp; D equipo de prueba, miles de f\u00f3rmulas maduras y equipo de ventas de alta eficiencia y superioridad de precio competitivo. Nuestras categor\u00edas de productos son: productos de cuidado de la piel, productos de maquillaje, productos de lavado y cuidado.<\/p>\n<p>&nbsp;<\/p>\n<p><strong><b>Preguntas frecuentes:<\/b><\/strong><\/p>\n<p>P: \u00bfEn qu\u00e9 temporada o entorno es adecuado para su uso?<\/p>\n<p>R: La funci\u00f3n principal del aloe vera es hidratar e hidratar, lo que es aplicable en cualquier situaci\u00f3n.<\/p>\n<p>P: \u00bfAdem\u00e1s de hidratar, tambi\u00e9n tiene efectos calmantes o reparadores?<\/p>\n<p>R: Aloe vera calma y repara la barrera.<\/p>","protected":false},"excerpt":{"rendered":"<p>Esta crema hidratante de Aloe Vera es una crema hidratante tres en uno que hidrata profundamente, repara la barrera de la piel, alivia la piel sensible y la hace m\u00e1s suave.<\/p>\n<p>N\u00famero de serie: DRL-1534<\/p>\n<p>Tipo de piel aplicable: Adecuado para piel seca, sensible y roja.<\/p>\n<p>Capacidad del producto: 50g<\/p>","protected":false},"featured_media":4280,"comment_status":"closed","ping_status":"closed","template":"","meta":[],"product_brand":[],"product_cat":[116,15],"product_tag":[],"class_list":{"0":"post-4278","1":"product","2":"type-product","3":"status-publish","4":"has-post-thumbnail","6":"product_cat-cream","7":"product_cat-face-care","9":"first","10":"instock","11":"shipping-taxable","12":"product-type-simple"},"_links":{"self":[{"href":"https:\/\/www.drrashel-bbg.com\/es\/wp-json\/wp\/v2\/product\/4278","targetHints":{"allow":["GET"]}}],"collection":[{"href":"https:\/\/www.drrashel-bbg.com\/es\/wp-json\/wp\/v2\/product"}],"about":[{"href":"https:\/\/www.drrashel-bbg.com\/es\/wp-json\/wp\/v2\/types\/product"}],"replies":[{"embeddable":true,"href":"https:\/\/www.drrashel-bbg.com\/es\/wp-json\/wp\/v2\/comments?post=4278"}],"wp:featuredmedia":[{"embeddable":true,"href":"https:\/\/www.drrashel-bbg.com\/es\/wp-json\/wp\/v2\/media\/4280"}],"wp:attachment":[{"href":"https:\/\/www.drrashel-bbg.com\/es\/wp-json\/wp\/v2\/media?parent=4278"}],"wp:term":[{"taxonomy":"product_brand","embeddable":true,"href":"https:\/\/www.drrashel-bbg.com\/es\/wp-json\/wp\/v2\/product_brand?post=4278"},{"taxonomy":"product_cat","embeddable":true,"href":"https:\/\/www.drrashel-bbg.com\/es\/wp-json\/wp\/v2\/product_cat?post=4278"},{"taxonomy":"product_tag","embeddable":true,"href":"https:\/\/www.drrashel-bbg.com\/es\/wp-json\/wp\/v2\/product_tag?post=4278"}],"curies":[{"name":"wp","href":"https:\/\/api.w.org\/{rel}","templated":true}]}}