{"id":4353,"date":"2025-10-17T11:48:41","date_gmt":"2025-10-17T03:48:41","guid":{"rendered":"https:\/\/www.drrashel-bbg.com\/?post_type=product&#038;p=4353"},"modified":"2026-01-04T15:56:43","modified_gmt":"2026-01-04T07:56:43","slug":"anti-aging-moisture-sun-cream","status":"publish","type":"product","link":"https:\/\/www.drrashel-bbg.com\/es\/sun-cream\/anti-aging-moisture-sun-cream\/","title":{"rendered":"Antienvejecimiento &#038; humedad crema solar"},"content":{"rendered":"<p><img fetchpriority=\"high\" decoding=\"async\" class=\"aligncenter wp-image-4357\" src=\"https:\/\/www.drrashel-bbg.com\/wp-content\/uploads\/2025\/10\/DRL-1651-Detail-2.jpg\" alt=\"\" width=\"1300\" height=\"1577\" srcset=\"https:\/\/www.drrashel-bbg.com\/wp-content\/uploads\/2025\/10\/DRL-1651-Detail-2.jpg 750w, https:\/\/www.drrashel-bbg.com\/wp-content\/uploads\/2025\/10\/DRL-1651-Detail-2-247x300.jpg 247w, https:\/\/www.drrashel-bbg.com\/wp-content\/uploads\/2025\/10\/DRL-1651-Detail-2-600x728.jpg 600w\" sizes=\"(max-width: 1300px) 100vw, 1300px\" \/> <img decoding=\"async\" class=\"aligncenter wp-image-4358\" src=\"https:\/\/www.drrashel-bbg.com\/wp-content\/uploads\/2025\/10\/DRL-1651-Detail-3.jpg\" alt=\"\" width=\"1300\" height=\"1567\" srcset=\"https:\/\/www.drrashel-bbg.com\/wp-content\/uploads\/2025\/10\/DRL-1651-Detail-3.jpg 750w, https:\/\/www.drrashel-bbg.com\/wp-content\/uploads\/2025\/10\/DRL-1651-Detail-3-249x300.jpg 249w, https:\/\/www.drrashel-bbg.com\/wp-content\/uploads\/2025\/10\/DRL-1651-Detail-3-600x723.jpg 600w\" sizes=\"(max-width: 1300px) 100vw, 1300px\" \/> <img decoding=\"async\" class=\"aligncenter wp-image-4359\" src=\"https:\/\/www.drrashel-bbg.com\/wp-content\/uploads\/2025\/10\/DRL-1651-Detail-4.jpg\" alt=\"\" width=\"1300\" height=\"777\" srcset=\"https:\/\/www.drrashel-bbg.com\/wp-content\/uploads\/2025\/10\/DRL-1651-Detail-4.jpg 750w, https:\/\/www.drrashel-bbg.com\/wp-content\/uploads\/2025\/10\/DRL-1651-Detail-4-300x179.jpg 300w, https:\/\/www.drrashel-bbg.com\/wp-content\/uploads\/2025\/10\/DRL-1651-Detail-4-600x358.jpg 600w\" sizes=\"(max-width: 1300px) 100vw, 1300px\" \/> <img loading=\"lazy\" decoding=\"async\" class=\"aligncenter wp-image-4360\" src=\"https:\/\/www.drrashel-bbg.com\/wp-content\/uploads\/2025\/10\/DRL-1651-Detail-5.jpg\" alt=\"\" width=\"1300\" height=\"1726\" srcset=\"https:\/\/www.drrashel-bbg.com\/wp-content\/uploads\/2025\/10\/DRL-1651-Detail-5.jpg 750w, https:\/\/www.drrashel-bbg.com\/wp-content\/uploads\/2025\/10\/DRL-1651-Detail-5-226x300.jpg 226w, https:\/\/www.drrashel-bbg.com\/wp-content\/uploads\/2025\/10\/DRL-1651-Detail-5-600x797.jpg 600w\" sizes=\"(max-width: 1300px) 100vw, 1300px\" \/> <img loading=\"lazy\" decoding=\"async\" class=\"aligncenter wp-image-4361\" src=\"https:\/\/www.drrashel-bbg.com\/wp-content\/uploads\/2025\/10\/DRL-1651-Detail-6.jpg\" alt=\"\" width=\"1300\" height=\"1709\" srcset=\"https:\/\/www.drrashel-bbg.com\/wp-content\/uploads\/2025\/10\/DRL-1651-Detail-6.jpg 750w, https:\/\/www.drrashel-bbg.com\/wp-content\/uploads\/2025\/10\/DRL-1651-Detail-6-228x300.jpg 228w, https:\/\/www.drrashel-bbg.com\/wp-content\/uploads\/2025\/10\/DRL-1651-Detail-6-600x789.jpg 600w\" sizes=\"(max-width: 1300px) 100vw, 1300px\" \/> <img loading=\"lazy\" decoding=\"async\" class=\"aligncenter wp-image-4362\" src=\"https:\/\/www.drrashel-bbg.com\/wp-content\/uploads\/2025\/10\/DRL-1651-Detail-7.jpg\" alt=\"\" width=\"1300\" height=\"946\" srcset=\"https:\/\/www.drrashel-bbg.com\/wp-content\/uploads\/2025\/10\/DRL-1651-Detail-7.jpg 750w, https:\/\/www.drrashel-bbg.com\/wp-content\/uploads\/2025\/10\/DRL-1651-Detail-7-300x218.jpg 300w, https:\/\/www.drrashel-bbg.com\/wp-content\/uploads\/2025\/10\/DRL-1651-Detail-7-600x437.jpg 600w\" sizes=\"(max-width: 1300px) 100vw, 1300px\" \/> <img loading=\"lazy\" decoding=\"async\" class=\"aligncenter wp-image-4363\" src=\"https:\/\/www.drrashel-bbg.com\/wp-content\/uploads\/2025\/10\/DRL-1651-Detail-8.jpg\" alt=\"\" width=\"1300\" height=\"2063\" srcset=\"https:\/\/www.drrashel-bbg.com\/wp-content\/uploads\/2025\/10\/DRL-1651-Detail-8.jpg 750w, https:\/\/www.drrashel-bbg.com\/wp-content\/uploads\/2025\/10\/DRL-1651-Detail-8-189x300.jpg 189w, https:\/\/www.drrashel-bbg.com\/wp-content\/uploads\/2025\/10\/DRL-1651-Detail-8-645x1024.jpg 645w, https:\/\/www.drrashel-bbg.com\/wp-content\/uploads\/2025\/10\/DRL-1651-Detail-8-600x952.jpg 600w\" sizes=\"(max-width: 1300px) 100vw, 1300px\" \/> <img loading=\"lazy\" decoding=\"async\" class=\"aligncenter wp-image-4364\" src=\"https:\/\/www.drrashel-bbg.com\/wp-content\/uploads\/2025\/10\/DRL-1651-Detail-9.jpg\" alt=\"\" width=\"1300\" height=\"2931\" srcset=\"https:\/\/www.drrashel-bbg.com\/wp-content\/uploads\/2025\/10\/DRL-1651-Detail-9.jpg 750w, https:\/\/www.drrashel-bbg.com\/wp-content\/uploads\/2025\/10\/DRL-1651-Detail-9-133x300.jpg 133w, https:\/\/www.drrashel-bbg.com\/wp-content\/uploads\/2025\/10\/DRL-1651-Detail-9-454x1024.jpg 454w, https:\/\/www.drrashel-bbg.com\/wp-content\/uploads\/2025\/10\/DRL-1651-Detail-9-681x1536.jpg 681w, https:\/\/www.drrashel-bbg.com\/wp-content\/uploads\/2025\/10\/DRL-1651-Detail-9-600x1353.jpg 600w\" sizes=\"(max-width: 1300px) 100vw, 1300px\" \/> <img loading=\"lazy\" decoding=\"async\" class=\"aligncenter wp-image-4365\" src=\"https:\/\/www.drrashel-bbg.com\/wp-content\/uploads\/2025\/10\/DRL-1651-Detail-10.jpg\" alt=\"\" width=\"1300\" height=\"2635\" srcset=\"https:\/\/www.drrashel-bbg.com\/wp-content\/uploads\/2025\/10\/DRL-1651-Detail-10.jpg 750w, https:\/\/www.drrashel-bbg.com\/wp-content\/uploads\/2025\/10\/DRL-1651-Detail-10-148x300.jpg 148w, https:\/\/www.drrashel-bbg.com\/wp-content\/uploads\/2025\/10\/DRL-1651-Detail-10-505x1024.jpg 505w, https:\/\/www.drrashel-bbg.com\/wp-content\/uploads\/2025\/10\/DRL-1651-Detail-10-600x1216.jpg 600w\" sizes=\"(max-width: 1300px) 100vw, 1300px\" \/><\/p>\n<p>&nbsp;<\/p>\n<p><strong><b>Beneficios del producto:<\/b><\/strong><\/p>\n<p>Un potente complejo antioxidante para ayudar a proteger la piel de los radicales libres causados por los rayos UV mientras conserva su aspecto juvenil. El uso regular todos los d\u00edas puede proteger la piel del da\u00f1o solar y evitar que la piel envejeca prematuramente, manchas oscuras debido a la luz solar. Su f\u00f3rmula ligera se puede absorber r\u00e1pidamente, es libre de aceite, no comedog\u00e9nico y no obstruir\u00e1 los poros.<\/p>\n<p>&nbsp;<\/p>\n<p><strong><b>Ingredientes y tecnolog\u00edas principales:<\/b><\/strong><\/p>\n<p>INGREDIENTES ESTRELLADOS<\/p>\n<p>HIALURONATO DE SODIO puede prevenir el envejecimiento prematuro de la piel y no causar\u00e1 arrugas y l\u00edneas finas. La niacinamida puede eliminar las manchas oscuras causadas por la exposici\u00f3n al sol y tambi\u00e9n ayudar a blanquear y hacer que la piel sea m\u00e1s transl\u00facida.<\/p>\n<p>INGREDIENTES COMPLETOS<\/p>\n<p>AQUA<\/p>\n<p>PALMITATO DE ETILHEXILO<\/p>\n<p>Aceite mineral<\/p>\n<p>GLICERINA<\/p>\n<p>Glicol de propileno<\/p>\n<p>NIACINAMIDA<\/p>\n<p>HIALURONATO DE SODIO<\/p>\n<p>&nbsp;<\/p>\n<p><strong><b>C\u00f3mo utilizar:<\/b><\/strong><\/p>\n<p>En la \u00faltima etapa del cuidado de la piel, extiende la cantidad adecuada del producto sobre la cara y el cuerpo que es probable que est\u00e9n expuestos a los rayos ultravioletas. Repite la aplicaci\u00f3n cada 2 horas.<\/p>\n<p>&nbsp;<\/p>\n<p><strong><b>Introducci\u00f3n de la marca:<\/b><\/strong><\/p>\n<p>DR\u00b7RASHEL fue fundada en 1989 por el Sr. BAKRI, un maestro de cuidado de la piel, con treinta a\u00f1os de experiencia en productos. Centrado en la salud, el Sr. BAKRI desarroll\u00f3 f\u00f3rmulas precisas para los ingredientes naturales para maximizar la salud de la piel y el brillo vibrante, un principio aplicado en la amplia gama de productos de cuidado de la piel de DR\u00b7RASHEL.<\/p>\n<p>&nbsp;<\/p>\n<p>Los productos de DR\u00b7RASHEL est\u00e1n extendidos por todo el mundo y son bienvenidos por clientes en cinco continentes, m\u00e1s espec\u00edficamente, en Oriente Medio, Am\u00e9rica del Sur y Europa.<\/p>\n<p>Exportamos a m\u00e1s de 100 pa\u00edses, incluyendo Emiratos \u00c1rabes Unidos, Rusia, Am\u00e9rica, M\u00e9xico, Australia, Arabia Saudita, Brasil, India y Sud\u00e1frica.<\/p>\n<p>Tenemos ISO, GMPC American European Union International Autoritative Double Certification, Advanced R &amp; amp; D equipo de prueba, miles de f\u00f3rmulas maduras y equipo de ventas de alta eficiencia y superioridad de precio competitivo. Nuestras categor\u00edas de productos son: productos de cuidado de la piel, productos de maquillaje, productos de lavado y cuidado.<\/p>\n<p>&nbsp;<\/p>\n<p><strong><b>Preguntas frecuentes:<\/b><\/strong><\/p>\n<p>P: \u00bfEste protector solar requiere la eliminaci\u00f3n del maquillaje?<\/p>\n<p>R: No es necesario, simplemente l\u00e1valo con limpiador facial.<\/p>\n<p>P: \u00bfCon cu\u00e1nta antelaci\u00f3n debo aplicarlo?<\/p>\n<p>R: Debe aplicarse 15-20 minutos con antelaci\u00f3n para permitir que la pel\u00edcula se forme.<\/p>","protected":false},"excerpt":{"rendered":"<p>Proporciona protecci\u00f3n avanzada UVA \/ UVB para prevenir la aparici\u00f3n de manchas oscuras y proteger las c\u00e9lulas antienvejecimiento. Absorbe instant\u00e1neamente, es resistente al agua y a prueba del sudor, y es ligero, libre de alcohol y no graso, dejando la piel suave como la seda.<\/p>\n<p>N\u00famero de serie: DRL-1651<\/p>\n<p>Tipo de piel aplicable: Todos los tipos de piel<\/p>\n<p>Capacidad del producto: 50g \/ 1.76 oz<\/p>","protected":false},"featured_media":4355,"comment_status":"closed","ping_status":"closed","template":"","meta":[],"product_brand":[],"product_cat":[15,131,133],"product_tag":[],"class_list":{"0":"post-4353","1":"product","2":"type-product","3":"status-publish","4":"has-post-thumbnail","6":"product_cat-face-care","7":"product_cat-sun-care","8":"product_cat-sun-cream","10":"first","11":"instock","12":"shipping-taxable","13":"product-type-simple"},"_links":{"self":[{"href":"https:\/\/www.drrashel-bbg.com\/es\/wp-json\/wp\/v2\/product\/4353","targetHints":{"allow":["GET"]}}],"collection":[{"href":"https:\/\/www.drrashel-bbg.com\/es\/wp-json\/wp\/v2\/product"}],"about":[{"href":"https:\/\/www.drrashel-bbg.com\/es\/wp-json\/wp\/v2\/types\/product"}],"replies":[{"embeddable":true,"href":"https:\/\/www.drrashel-bbg.com\/es\/wp-json\/wp\/v2\/comments?post=4353"}],"wp:featuredmedia":[{"embeddable":true,"href":"https:\/\/www.drrashel-bbg.com\/es\/wp-json\/wp\/v2\/media\/4355"}],"wp:attachment":[{"href":"https:\/\/www.drrashel-bbg.com\/es\/wp-json\/wp\/v2\/media?parent=4353"}],"wp:term":[{"taxonomy":"product_brand","embeddable":true,"href":"https:\/\/www.drrashel-bbg.com\/es\/wp-json\/wp\/v2\/product_brand?post=4353"},{"taxonomy":"product_cat","embeddable":true,"href":"https:\/\/www.drrashel-bbg.com\/es\/wp-json\/wp\/v2\/product_cat?post=4353"},{"taxonomy":"product_tag","embeddable":true,"href":"https:\/\/www.drrashel-bbg.com\/es\/wp-json\/wp\/v2\/product_tag?post=4353"}],"curies":[{"name":"wp","href":"https:\/\/api.w.org\/{rel}","templated":true}]}}