{"id":4431,"date":"2025-10-17T13:51:19","date_gmt":"2025-10-17T05:51:19","guid":{"rendered":"https:\/\/www.drrashel-bbg.com\/?post_type=product&#038;p=4431"},"modified":"2026-01-04T15:48:55","modified_gmt":"2026-01-04T07:48:55","slug":"vc-niconamideessence-cleansing-mousse","status":"publish","type":"product","link":"https:\/\/www.drrashel-bbg.com\/es\/cleansing\/vc-niconamideessence-cleansing-mousse\/","title":{"rendered":"VC&#038; niconamideessence Mousse de limpieza"},"content":{"rendered":"<p><strong><b>Beneficios del producto:<\/b><\/strong><\/p>\n<p>VC Cleansing Mousse es una espuma limpiadora que aclara los poros. Elimina suavemente el maquillaje, la grasa y las impurezas dejando la piel purificada, tranquila y c\u00f3moda. Rico en extracto de VC, promueve la regeneraci\u00f3n de c\u00e9lulas de la piel, preserva la piel&#8217; s equilibrio de humedad y ralentizar la piel&#8217; envejecimiento. Es muy adecuado para la limpieza facial diaria, proporcionando as\u00ed brillo a la piel y haciendo que parezca joven, fresca e hidratada.<\/p>\n<p>&nbsp;<\/p>\n<p><strong><b>Ingredientes y tecnolog\u00edas principales:<\/b><\/strong><\/p>\n<p>INGREDIENTES ESTRELLADOS<\/p>\n<p>La vitamina C bloquea efectivamente la producci\u00f3n de melanina, mejorando y evitando as\u00ed la pigmentaci\u00f3n y el desvanecimiento de las manchas existentes, haciendo que su tono de piel en general sea m\u00e1s transl\u00facido y uniforme.<\/p>\n<p>INGREDIENTES COMPLETOS<\/p>\n<p>AQUA<\/p>\n<p>SULFONATO DE COCOMONOGLICER\u00cdDO DE SODIO<\/p>\n<p>SORBITOL<\/p>\n<p>GLICERINA<\/p>\n<p>LAURETH SULFATO DE SODIO<\/p>\n<p>NIACINAMIDA<\/p>\n<p>\u00c1CIDO ASCORBICO 3-0-ETILO<\/p>\n<p>&nbsp;<\/p>\n<p><strong><b>C\u00f3mo utilizar:<\/b><\/strong><\/p>\n<p>Bombea una buena cantidad de mousse y usa el cepillo para masajear suavemente en movimientos circulares sobre la piel h\u00fameda. Enjuague con agua. Limpia la cabeza del cepillo con regularidad.<\/p>\n<p>&nbsp;<\/p>\n<p><strong><b>Introducci\u00f3n de la marca:<\/b><\/strong><\/p>\n<p>DR\u00b7RASHEL fue fundada en 1989 por el Sr. BAKRI, un maestro de cuidado de la piel, con treinta a\u00f1os de experiencia en productos. Centrado en la salud, el Sr. BAKRI desarroll\u00f3 f\u00f3rmulas precisas para los ingredientes naturales para maximizar la salud de la piel y el brillo vibrante, un principio aplicado en la amplia gama de productos de cuidado de la piel de DR\u00b7RASHEL.<\/p>\n<p>&nbsp;<\/p>\n<p>Los productos de DR\u00b7RASHEL est\u00e1n extendidos por todo el mundo y son bienvenidos por clientes en cinco continentes, m\u00e1s espec\u00edficamente, en Oriente Medio, Am\u00e9rica del Sur y Europa.<\/p>\n<p>&nbsp;<\/p>\n<p>Exportamos a m\u00e1s de 100 pa\u00edses, incluyendo Emiratos \u00c1rabes Unidos, Rusia, Am\u00e9rica, M\u00e9xico, Australia, Arabia Saudita, Brasil, India y Sud\u00e1frica.<\/p>\n<p>&nbsp;<\/p>\n<p>Tenemos ISO, GMPC American European Union International Autoritative Double Certification, Advanced R &amp; amp; D equipo de prueba, miles de f\u00f3rmulas maduras y equipo de ventas de alta eficiencia y superioridad de precio competitivo. Nuestras categor\u00edas de productos son: productos de cuidado de la piel, productos de maquillaje, productos de lavado y cuidado.<\/p>\n<p>&nbsp;<\/p>\n<p><strong><b>Preguntas frecuentes:<\/b><\/strong><\/p>\n<p>P: \u00bfCu\u00e1les son los principales beneficios de esta espuma de limpieza?<\/p>\n<p>R: Limpieza suave, blanqueamiento y aclaramiento.<\/p>\n<p>P: \u00bfCu\u00e1l es la diferencia entre esta espuma de limpieza y el limpiador facial ordinario?<\/p>\n<p>A: Conveniente y ahorrando tiempo, no hay necesidad de espumar manualmente, mejor sensaci\u00f3n de la piel.<\/p>","protected":false},"excerpt":{"rendered":"<p>Este VC &amp; Niacinamide Essence Cleansing Mousse es una limpieza y eliminaci\u00f3n de maquillaje todo en uno, al mismo tiempo que aclara la piel y limpia los poros. Tambi\u00e9n viene con un cepillo de silicona con puntos de contacto de seguridad que pueden limpiar y masajear suavemente la piel sin abradir la piel, eliminar las impurezas en los poros y masajear el tejido de la piel.<\/p>\n<p>N\u00famero de serie: DRL-1486<\/p>\n<p>Tipo de piel aplicable: Adecuado para todos los tipos de piel, especialmente aquellos con excesiva secreci\u00f3n de aceite y piel opaca.<\/p>\n<p>Capacidad del producto: 120ml.<\/p>","protected":false},"featured_media":4435,"comment_status":"closed","ping_status":"closed","template":"","meta":[],"product_brand":[],"product_cat":[113,15],"product_tag":[],"class_list":{"0":"post-4431","1":"product","2":"type-product","3":"status-publish","4":"has-post-thumbnail","6":"product_cat-cleansing","7":"product_cat-face-care","9":"first","10":"instock","11":"shipping-taxable","12":"product-type-simple"},"_links":{"self":[{"href":"https:\/\/www.drrashel-bbg.com\/es\/wp-json\/wp\/v2\/product\/4431","targetHints":{"allow":["GET"]}}],"collection":[{"href":"https:\/\/www.drrashel-bbg.com\/es\/wp-json\/wp\/v2\/product"}],"about":[{"href":"https:\/\/www.drrashel-bbg.com\/es\/wp-json\/wp\/v2\/types\/product"}],"replies":[{"embeddable":true,"href":"https:\/\/www.drrashel-bbg.com\/es\/wp-json\/wp\/v2\/comments?post=4431"}],"wp:featuredmedia":[{"embeddable":true,"href":"https:\/\/www.drrashel-bbg.com\/es\/wp-json\/wp\/v2\/media\/4435"}],"wp:attachment":[{"href":"https:\/\/www.drrashel-bbg.com\/es\/wp-json\/wp\/v2\/media?parent=4431"}],"wp:term":[{"taxonomy":"product_brand","embeddable":true,"href":"https:\/\/www.drrashel-bbg.com\/es\/wp-json\/wp\/v2\/product_brand?post=4431"},{"taxonomy":"product_cat","embeddable":true,"href":"https:\/\/www.drrashel-bbg.com\/es\/wp-json\/wp\/v2\/product_cat?post=4431"},{"taxonomy":"product_tag","embeddable":true,"href":"https:\/\/www.drrashel-bbg.com\/es\/wp-json\/wp\/v2\/product_tag?post=4431"}],"curies":[{"name":"wp","href":"https:\/\/api.w.org\/{rel}","templated":true}]}}