{"id":4440,"date":"2025-10-17T14:02:34","date_gmt":"2025-10-17T06:02:34","guid":{"rendered":"https:\/\/www.drrashel-bbg.com\/?post_type=product&#038;p=4440"},"modified":"2026-01-04T15:46:57","modified_gmt":"2026-01-04T07:46:57","slug":"whitening-fade-spots-skin-care-series","status":"publish","type":"product","link":"https:\/\/www.drrashel-bbg.com\/es\/facial-care-sets\/whitening-fade-spots-skin-care-series\/","title":{"rendered":"Blancamiento Fade Spots Serie de cuidado de la piel"},"content":{"rendered":"<p><img fetchpriority=\"high\" decoding=\"async\" class=\"aligncenter wp-image-4450\" src=\"https:\/\/www.drrashel-bbg.com\/wp-content\/uploads\/2025\/10\/DRL-1556-Detail-1.jpg\" alt=\"\" width=\"1300\" height=\"1503\" srcset=\"https:\/\/www.drrashel-bbg.com\/wp-content\/uploads\/2025\/10\/DRL-1556-Detail-1.jpg 750w, https:\/\/www.drrashel-bbg.com\/wp-content\/uploads\/2025\/10\/DRL-1556-Detail-1-260x300.jpg 260w, https:\/\/www.drrashel-bbg.com\/wp-content\/uploads\/2025\/10\/DRL-1556-Detail-1-600x694.jpg 600w\" sizes=\"(max-width: 1300px) 100vw, 1300px\" \/> <img decoding=\"async\" class=\"aligncenter wp-image-4451\" src=\"https:\/\/www.drrashel-bbg.com\/wp-content\/uploads\/2025\/10\/DRL-1556-Detail-2.jpg\" alt=\"\" width=\"1300\" height=\"1144\" srcset=\"https:\/\/www.drrashel-bbg.com\/wp-content\/uploads\/2025\/10\/DRL-1556-Detail-2.jpg 750w, https:\/\/www.drrashel-bbg.com\/wp-content\/uploads\/2025\/10\/DRL-1556-Detail-2-300x264.jpg 300w, https:\/\/www.drrashel-bbg.com\/wp-content\/uploads\/2025\/10\/DRL-1556-Detail-2-600x528.jpg 600w\" sizes=\"(max-width: 1300px) 100vw, 1300px\" \/> <img decoding=\"async\" class=\"aligncenter wp-image-4452\" src=\"https:\/\/www.drrashel-bbg.com\/wp-content\/uploads\/2025\/10\/DRL-1556-Detail-3.jpg\" alt=\"\" width=\"1300\" height=\"1076\" srcset=\"https:\/\/www.drrashel-bbg.com\/wp-content\/uploads\/2025\/10\/DRL-1556-Detail-3.jpg 750w, https:\/\/www.drrashel-bbg.com\/wp-content\/uploads\/2025\/10\/DRL-1556-Detail-3-300x248.jpg 300w, https:\/\/www.drrashel-bbg.com\/wp-content\/uploads\/2025\/10\/DRL-1556-Detail-3-600x497.jpg 600w\" sizes=\"(max-width: 1300px) 100vw, 1300px\" \/> <img loading=\"lazy\" decoding=\"async\" class=\"aligncenter wp-image-4453\" src=\"https:\/\/www.drrashel-bbg.com\/wp-content\/uploads\/2025\/10\/DRL-1556-Detail-4.jpg\" alt=\"\" width=\"1300\" height=\"1158\" srcset=\"https:\/\/www.drrashel-bbg.com\/wp-content\/uploads\/2025\/10\/DRL-1556-Detail-4.jpg 750w, https:\/\/www.drrashel-bbg.com\/wp-content\/uploads\/2025\/10\/DRL-1556-Detail-4-300x267.jpg 300w, https:\/\/www.drrashel-bbg.com\/wp-content\/uploads\/2025\/10\/DRL-1556-Detail-4-600x534.jpg 600w\" sizes=\"(max-width: 1300px) 100vw, 1300px\" \/> <img loading=\"lazy\" decoding=\"async\" class=\"aligncenter wp-image-4454\" src=\"https:\/\/www.drrashel-bbg.com\/wp-content\/uploads\/2025\/10\/DRL-1556-Detail-5.jpg\" alt=\"\" width=\"1300\" height=\"1466\" srcset=\"https:\/\/www.drrashel-bbg.com\/wp-content\/uploads\/2025\/10\/DRL-1556-Detail-5.jpg 750w, https:\/\/www.drrashel-bbg.com\/wp-content\/uploads\/2025\/10\/DRL-1556-Detail-5-266x300.jpg 266w, https:\/\/www.drrashel-bbg.com\/wp-content\/uploads\/2025\/10\/DRL-1556-Detail-5-600x677.jpg 600w\" sizes=\"(max-width: 1300px) 100vw, 1300px\" \/> <img loading=\"lazy\" decoding=\"async\" class=\"aligncenter wp-image-4455\" src=\"https:\/\/www.drrashel-bbg.com\/wp-content\/uploads\/2025\/10\/DRL-1556-Detail-6.jpg\" alt=\"\" width=\"1300\" height=\"1271\" srcset=\"https:\/\/www.drrashel-bbg.com\/wp-content\/uploads\/2025\/10\/DRL-1556-Detail-6.jpg 750w, https:\/\/www.drrashel-bbg.com\/wp-content\/uploads\/2025\/10\/DRL-1556-Detail-6-300x293.jpg 300w, https:\/\/www.drrashel-bbg.com\/wp-content\/uploads\/2025\/10\/DRL-1556-Detail-6-600x586.jpg 600w\" sizes=\"(max-width: 1300px) 100vw, 1300px\" \/> <img loading=\"lazy\" decoding=\"async\" class=\"aligncenter wp-image-4456\" src=\"https:\/\/www.drrashel-bbg.com\/wp-content\/uploads\/2025\/10\/DRL-1556-Detail-7.jpg\" alt=\"\" width=\"1300\" height=\"1238\" srcset=\"https:\/\/www.drrashel-bbg.com\/wp-content\/uploads\/2025\/10\/DRL-1556-Detail-7.jpg 750w, https:\/\/www.drrashel-bbg.com\/wp-content\/uploads\/2025\/10\/DRL-1556-Detail-7-300x286.jpg 300w, https:\/\/www.drrashel-bbg.com\/wp-content\/uploads\/2025\/10\/DRL-1556-Detail-7-600x571.jpg 600w\" sizes=\"(max-width: 1300px) 100vw, 1300px\" \/> <img loading=\"lazy\" decoding=\"async\" class=\"aligncenter wp-image-4457\" src=\"https:\/\/www.drrashel-bbg.com\/wp-content\/uploads\/2025\/10\/DRL-1556-Detail-8.jpg\" alt=\"\" width=\"1300\" height=\"1515\" srcset=\"https:\/\/www.drrashel-bbg.com\/wp-content\/uploads\/2025\/10\/DRL-1556-Detail-8.jpg 750w, https:\/\/www.drrashel-bbg.com\/wp-content\/uploads\/2025\/10\/DRL-1556-Detail-8-257x300.jpg 257w, https:\/\/www.drrashel-bbg.com\/wp-content\/uploads\/2025\/10\/DRL-1556-Detail-8-600x699.jpg 600w\" sizes=\"(max-width: 1300px) 100vw, 1300px\" \/> <img loading=\"lazy\" decoding=\"async\" class=\"aligncenter wp-image-4458\" src=\"https:\/\/www.drrashel-bbg.com\/wp-content\/uploads\/2025\/10\/DRL-1556-Detail-9.jpg\" alt=\"\" width=\"1300\" height=\"1508\" srcset=\"https:\/\/www.drrashel-bbg.com\/wp-content\/uploads\/2025\/10\/DRL-1556-Detail-9.jpg 750w, https:\/\/www.drrashel-bbg.com\/wp-content\/uploads\/2025\/10\/DRL-1556-Detail-9-259x300.jpg 259w, https:\/\/www.drrashel-bbg.com\/wp-content\/uploads\/2025\/10\/DRL-1556-Detail-9-600x696.jpg 600w\" sizes=\"(max-width: 1300px) 100vw, 1300px\" \/> <img loading=\"lazy\" decoding=\"async\" class=\"aligncenter wp-image-4459\" src=\"https:\/\/www.drrashel-bbg.com\/wp-content\/uploads\/2025\/10\/DRL-1556-Detail-10.jpg\" alt=\"\" width=\"1300\" height=\"1361\" srcset=\"https:\/\/www.drrashel-bbg.com\/wp-content\/uploads\/2025\/10\/DRL-1556-Detail-10.jpg 750w, https:\/\/www.drrashel-bbg.com\/wp-content\/uploads\/2025\/10\/DRL-1556-Detail-10-287x300.jpg 287w, https:\/\/www.drrashel-bbg.com\/wp-content\/uploads\/2025\/10\/DRL-1556-Detail-10-600x628.jpg 600w\" sizes=\"(max-width: 1300px) 100vw, 1300px\" \/> <img loading=\"lazy\" decoding=\"async\" class=\"aligncenter wp-image-4460\" src=\"https:\/\/www.drrashel-bbg.com\/wp-content\/uploads\/2025\/10\/DRL-1556-Detail-11.jpg\" alt=\"\" width=\"1300\" height=\"1413\" srcset=\"https:\/\/www.drrashel-bbg.com\/wp-content\/uploads\/2025\/10\/DRL-1556-Detail-11.jpg 750w, https:\/\/www.drrashel-bbg.com\/wp-content\/uploads\/2025\/10\/DRL-1556-Detail-11-276x300.jpg 276w, https:\/\/www.drrashel-bbg.com\/wp-content\/uploads\/2025\/10\/DRL-1556-Detail-11-600x652.jpg 600w\" sizes=\"(max-width: 1300px) 100vw, 1300px\" \/> <img loading=\"lazy\" decoding=\"async\" class=\"aligncenter wp-image-4461\" src=\"https:\/\/www.drrashel-bbg.com\/wp-content\/uploads\/2025\/10\/DRL-1556-Detail-12.jpg\" alt=\"\" width=\"1300\" height=\"1132\" srcset=\"https:\/\/www.drrashel-bbg.com\/wp-content\/uploads\/2025\/10\/DRL-1556-Detail-12.jpg 750w, https:\/\/www.drrashel-bbg.com\/wp-content\/uploads\/2025\/10\/DRL-1556-Detail-12-300x261.jpg 300w, https:\/\/www.drrashel-bbg.com\/wp-content\/uploads\/2025\/10\/DRL-1556-Detail-12-600x522.jpg 600w\" sizes=\"(max-width: 1300px) 100vw, 1300px\" \/> <img loading=\"lazy\" decoding=\"async\" class=\"aligncenter wp-image-4462\" src=\"https:\/\/www.drrashel-bbg.com\/wp-content\/uploads\/2025\/10\/DRL-1556-Detail-13.jpg\" alt=\"\" width=\"1300\" height=\"1558\" srcset=\"https:\/\/www.drrashel-bbg.com\/wp-content\/uploads\/2025\/10\/DRL-1556-Detail-13.jpg 750w, https:\/\/www.drrashel-bbg.com\/wp-content\/uploads\/2025\/10\/DRL-1556-Detail-13-250x300.jpg 250w, https:\/\/www.drrashel-bbg.com\/wp-content\/uploads\/2025\/10\/DRL-1556-Detail-13-600x719.jpg 600w\" sizes=\"(max-width: 1300px) 100vw, 1300px\" \/> <img loading=\"lazy\" decoding=\"async\" class=\"aligncenter wp-image-4463\" src=\"https:\/\/www.drrashel-bbg.com\/wp-content\/uploads\/2025\/10\/DRL-1556-Detail-14.jpg\" alt=\"\" width=\"1300\" height=\"1440\" srcset=\"https:\/\/www.drrashel-bbg.com\/wp-content\/uploads\/2025\/10\/DRL-1556-Detail-14.jpg 750w, https:\/\/www.drrashel-bbg.com\/wp-content\/uploads\/2025\/10\/DRL-1556-Detail-14-271x300.jpg 271w, https:\/\/www.drrashel-bbg.com\/wp-content\/uploads\/2025\/10\/DRL-1556-Detail-14-600x665.jpg 600w\" sizes=\"(max-width: 1300px) 100vw, 1300px\" \/> <img loading=\"lazy\" decoding=\"async\" class=\"aligncenter wp-image-4464\" src=\"https:\/\/www.drrashel-bbg.com\/wp-content\/uploads\/2025\/10\/DRL-1556-Detail-15.jpg\" alt=\"\" width=\"1300\" height=\"1407\" srcset=\"https:\/\/www.drrashel-bbg.com\/wp-content\/uploads\/2025\/10\/DRL-1556-Detail-15.jpg 750w, https:\/\/www.drrashel-bbg.com\/wp-content\/uploads\/2025\/10\/DRL-1556-Detail-15-277x300.jpg 277w, https:\/\/www.drrashel-bbg.com\/wp-content\/uploads\/2025\/10\/DRL-1556-Detail-15-600x650.jpg 600w\" sizes=\"(max-width: 1300px) 100vw, 1300px\" \/> <img loading=\"lazy\" decoding=\"async\" class=\"aligncenter wp-image-4465\" src=\"https:\/\/www.drrashel-bbg.com\/wp-content\/uploads\/2025\/10\/DRL-1556-Detail-16.jpg\" alt=\"\" width=\"1300\" height=\"1563\" srcset=\"https:\/\/www.drrashel-bbg.com\/wp-content\/uploads\/2025\/10\/DRL-1556-Detail-16.jpg 750w, https:\/\/www.drrashel-bbg.com\/wp-content\/uploads\/2025\/10\/DRL-1556-Detail-16-249x300.jpg 249w, https:\/\/www.drrashel-bbg.com\/wp-content\/uploads\/2025\/10\/DRL-1556-Detail-16-600x722.jpg 600w\" sizes=\"(max-width: 1300px) 100vw, 1300px\" \/> <img loading=\"lazy\" decoding=\"async\" class=\"aligncenter wp-image-4466\" src=\"https:\/\/www.drrashel-bbg.com\/wp-content\/uploads\/2025\/10\/DRL-1556-Detail-17.jpg\" alt=\"\" width=\"1300\" height=\"1768\" srcset=\"https:\/\/www.drrashel-bbg.com\/wp-content\/uploads\/2025\/10\/DRL-1556-Detail-17.jpg 750w, https:\/\/www.drrashel-bbg.com\/wp-content\/uploads\/2025\/10\/DRL-1556-Detail-17-221x300.jpg 221w, https:\/\/www.drrashel-bbg.com\/wp-content\/uploads\/2025\/10\/DRL-1556-Detail-17-600x816.jpg 600w\" sizes=\"(max-width: 1300px) 100vw, 1300px\" \/><\/p>\n<p>&nbsp;<\/p>\n<p><strong><b>Beneficios del producto:<\/b><\/strong><\/p>\n<p><strong><b>Limpiador de blanqueamiento<\/b><\/strong>\u00a0es un lavado facial purificador, la f\u00f3rmula cremosa elimina el maquillaje, el aceite, la suciedad y los desechos de los poros para promover la piel sana. \u00a0<strong><b>El blanqueamiento se desvanece<\/b><\/strong><strong><b>\u00a0punto <\/b><\/strong><strong><b>suero<\/b><\/strong>\u00a0ilumina y aclara la piel para un mayor resplandor.<strong><b>F<\/b><\/strong><strong><b>Ade<\/b><\/strong><strong><b>\u00a0punto n<\/b><\/strong><strong><b>crema recta<\/b><\/strong>\u00a0iguala el tono de la piel, reduce las manchas oscuras y la decoloraci\u00f3n para una piel m\u00e1s brillante y radiante.<strong><b>blanqueamiento<\/b><\/strong><strong><b>\u00a0<\/b><\/strong><strong><b>Crema de d\u00eda<\/b><\/strong>\u00a0proporciona un aclaramiento instant\u00e1neo y un resplandor de tono uniforme de larga duraci\u00f3n, dejando la piel fresca todo el d\u00eda. En general, este conjunto puede lograr un buen efecto blanqueador en la piel y es una combinaci\u00f3n indispensable para las personas que buscan blanquear.<\/p>\n<p>&nbsp;<\/p>\n<p><strong><b>Ingredientes y tecnolog\u00edas principales:<\/b><\/strong><\/p>\n<p>INGREDIENTES ESTRELLADOS:<\/p>\n<p>La niacinamida aborda visiblemente el aburrimiento debido a las manchas oscuras y ultrafinas, ayudando a restaurar la apariencia de la piel lisa, clara y saludable.<\/p>\n<p>INGREDIENTES COMPLETOS<\/p>\n<p>Limpiador de blanqueamiento:<\/p>\n<p>AGUA, GLICERINA, PALMITICACIDO, ESTEARICACIDO, \u00c1CIDO MIR\u00cdSTICO, HIDROXIDO DE POTASIO<\/p>\n<p>Dimeticona<\/p>\n<p>Suero facial:<\/p>\n<p>AQUA, GLICERINA, NIACINAMIDA, ARBUTINA, HIALURONATO DE SODIO, EXTRACTO DE ALOE VERA<\/p>\n<p>Crema nocturna:<\/p>\n<p>AGUA, GLICERINA, GLICOL DE PROPILENO, ACETATO DE TOCOFERILO, NIACINAMIDA, HIALURONATO DE SODIO, ALFA-ARBUTINA<\/p>\n<p>Crema de d\u00eda:<\/p>\n<p>AGUA, GLICERINA, ETILHEXYL-PALMITATO, CI-77891, NIACINAMIDA, ALFA-ARBUTINA, HIALURONATO DE SODIO<\/p>\n<p>&nbsp;<\/p>\n<p><strong><b>C\u00f3mo utilizar:<\/b><\/strong><\/p>\n<p><strong><b>Limpiador de blanqueamiento<\/b><\/strong><\/p>\n<p>Usar dos veces al d\u00eda, exprimir una peque\u00f1a cantidad en las manos y trabajar en espuma rica. Masaje en la cara h\u00fameda, evite el contacto con los ojos, enjuague a fondo con agua.<\/p>\n<p><strong><b>El blanqueamiento se desvanece<\/b><\/strong><strong><b>\u00a0punto <\/b><\/strong><strong><b>suero<\/b><\/strong><\/p>\n<p>Tratar la piel ma\u00f1ana y noche dispensando 2-4 gotas del tama\u00f1o de una perla del producto en la palma de la mano y aplicando uniformemente en \u00e1reas de decoloraci\u00f3n como manchas solares y manchas oscuras.<\/p>\n<p><strong><b>F<\/b><\/strong><strong><b>Ade<\/b><\/strong><strong><b>\u00a0punto n<\/b><\/strong><strong><b>crema recta<\/b><\/strong><\/p>\n<p>Cada noche despu\u00e9s de la limpieza, aplique uniformemente sobre la cara y el cuello.<\/p>\n<p><strong><b>blanqueamiento<\/b><\/strong><strong><b>\u00a0<\/b><\/strong><strong><b>Crema de d\u00eda<\/b><\/strong><\/p>\n<p>Aplicar uniformemente sobre la cara cada ma\u00f1ana despu\u00e9s de la limpieza.<\/p>\n<p>&nbsp;<\/p>\n<p><strong><b>Introducci\u00f3n de la marca:<\/b><\/strong><\/p>\n<p>DR\u00b7RASHEL fue fundada en 1989 por el Sr. BAKRI, un maestro de cuidado de la piel, con treinta a\u00f1os de experiencia en productos. Centrado en la salud, el Sr. BAKRI desarroll\u00f3 f\u00f3rmulas precisas para los ingredientes naturales para maximizar la salud de la piel y el brillo vibrante, un principio aplicado en la amplia gama de productos de cuidado de la piel de DR\u00b7RASHEL.<\/p>\n<p>Los productos de DR\u00b7RASHEL est\u00e1n extendidos por todo el mundo y son bienvenidos por clientes en cinco continentes, m\u00e1s espec\u00edficamente, en Oriente Medio, Am\u00e9rica del Sur y Europa.<\/p>\n<p>Exportamos a m\u00e1s de 100 pa\u00edses, incluyendo Emiratos \u00c1rabes Unidos, Rusia, Am\u00e9rica, M\u00e9xico, Australia, Arabia Saudita, Brasil, India y Sud\u00e1frica.<\/p>\n<p>Tenemos ISO, GMPC American European Union International Autoritative Double Certification, Advanced R &amp; amp; D equipo de prueba, miles de f\u00f3rmulas maduras y equipo de ventas de alta eficiencia y superioridad de precio competitivo. Nuestras categor\u00edas de productos son: productos de cuidado de la piel, productos de maquillaje, productos de lavado y cuidado.<\/p>\n<p>&nbsp;<\/p>\n<p><strong><b>Preguntas frecuentes:<\/b><\/strong><\/p>\n<p>P: \u00bfPuede este conjunto combinarse con otras marcas de esencia blanqueadora?<\/p>\n<p>R: No se recomienda apilarlos a voluntad. Lo mejor es seguir un conjunto completo de usos.<\/p>\n<p>P: \u00bfCu\u00e1l es el principal ingrediente blanqueador en este kit?<\/p>\n<p>R: Niacinamida, que impide que la melanina se transfiera a las c\u00e9lulas epid\u00e9rmicas.<\/p>","protected":false},"excerpt":{"rendered":"<p>Los principales efectos de este conjunto son reducir la pigmentaci\u00f3n, aclarar las manchas oscuras, hidratar durante 24 horas, igualar el tono de la piel, nutrir y reparar, blanquear y purificar la piel, haciendo que la piel sea m\u00e1s suave y brillante.<\/p>\n<p>N\u00famero de serie: DRL-1556<\/p>\n<p>Tipo de piel aplicable: Adecuado para personas con tono de piel desigual, piel opaca y aquellos que quieren blanquear su piel.<\/p>\n<p>Capacidad del producto: 100ml 50ml 50g 50g<\/p>","protected":false},"featured_media":4449,"comment_status":"closed","ping_status":"closed","template":"","meta":[],"product_brand":[],"product_cat":[169,168],"product_tag":[],"class_list":{"0":"post-4440","1":"product","2":"type-product","3":"status-publish","4":"has-post-thumbnail","6":"product_cat-facial-care-sets","7":"product_cat-sets-kits","9":"first","10":"instock","11":"shipping-taxable","12":"product-type-simple"},"_links":{"self":[{"href":"https:\/\/www.drrashel-bbg.com\/es\/wp-json\/wp\/v2\/product\/4440","targetHints":{"allow":["GET"]}}],"collection":[{"href":"https:\/\/www.drrashel-bbg.com\/es\/wp-json\/wp\/v2\/product"}],"about":[{"href":"https:\/\/www.drrashel-bbg.com\/es\/wp-json\/wp\/v2\/types\/product"}],"replies":[{"embeddable":true,"href":"https:\/\/www.drrashel-bbg.com\/es\/wp-json\/wp\/v2\/comments?post=4440"}],"wp:featuredmedia":[{"embeddable":true,"href":"https:\/\/www.drrashel-bbg.com\/es\/wp-json\/wp\/v2\/media\/4449"}],"wp:attachment":[{"href":"https:\/\/www.drrashel-bbg.com\/es\/wp-json\/wp\/v2\/media?parent=4440"}],"wp:term":[{"taxonomy":"product_brand","embeddable":true,"href":"https:\/\/www.drrashel-bbg.com\/es\/wp-json\/wp\/v2\/product_brand?post=4440"},{"taxonomy":"product_cat","embeddable":true,"href":"https:\/\/www.drrashel-bbg.com\/es\/wp-json\/wp\/v2\/product_cat?post=4440"},{"taxonomy":"product_tag","embeddable":true,"href":"https:\/\/www.drrashel-bbg.com\/es\/wp-json\/wp\/v2\/product_tag?post=4440"}],"curies":[{"name":"wp","href":"https:\/\/api.w.org\/{rel}","templated":true}]}}