{"id":4498,"date":"2025-10-24T15:10:36","date_gmt":"2025-10-24T07:10:36","guid":{"rendered":"https:\/\/www.drrashel-bbg.com\/?post_type=product&#038;p=4498"},"modified":"2026-01-04T15:41:55","modified_gmt":"2026-01-04T07:41:55","slug":"complete-facial-serum-set-vitamin-c-serum-hyaluronic-acid-serum-retinol-serum-3-pack","status":"publish","type":"product","link":"https:\/\/www.drrashel-bbg.com\/es\/serum-essences\/complete-facial-serum-set-vitamin-c-serum-hyaluronic-acid-serum-retinol-serum-3-pack\/","title":{"rendered":"Set completo de suero facial Vitamina C, suero de \u00e1cido hialur\u00f3nico, suero de retinol 3 paquetes"},"content":{"rendered":"<p><img fetchpriority=\"high\" decoding=\"async\" class=\"aligncenter wp-image-4507\" src=\"https:\/\/www.drrashel-bbg.com\/wp-content\/uploads\/2025\/10\/DRL-1616-2.jpg\" alt=\"\" width=\"1300\" height=\"2135\" srcset=\"https:\/\/www.drrashel-bbg.com\/wp-content\/uploads\/2025\/10\/DRL-1616-2.jpg 750w, https:\/\/www.drrashel-bbg.com\/wp-content\/uploads\/2025\/10\/DRL-1616-2-183x300.jpg 183w, https:\/\/www.drrashel-bbg.com\/wp-content\/uploads\/2025\/10\/DRL-1616-2-623x1024.jpg 623w, https:\/\/www.drrashel-bbg.com\/wp-content\/uploads\/2025\/10\/DRL-1616-2-600x986.jpg 600w\" sizes=\"(max-width: 1300px) 100vw, 1300px\" \/> <img decoding=\"async\" class=\"aligncenter wp-image-4508\" src=\"https:\/\/www.drrashel-bbg.com\/wp-content\/uploads\/2025\/10\/DRL-1616-3.jpg\" alt=\"\" width=\"1300\" height=\"1794\" srcset=\"https:\/\/www.drrashel-bbg.com\/wp-content\/uploads\/2025\/10\/DRL-1616-3.jpg 750w, https:\/\/www.drrashel-bbg.com\/wp-content\/uploads\/2025\/10\/DRL-1616-3-217x300.jpg 217w, https:\/\/www.drrashel-bbg.com\/wp-content\/uploads\/2025\/10\/DRL-1616-3-742x1024.jpg 742w, https:\/\/www.drrashel-bbg.com\/wp-content\/uploads\/2025\/10\/DRL-1616-3-600x828.jpg 600w\" sizes=\"(max-width: 1300px) 100vw, 1300px\" \/> <img decoding=\"async\" class=\"aligncenter wp-image-4509\" src=\"https:\/\/www.drrashel-bbg.com\/wp-content\/uploads\/2025\/10\/DRL-1616-4.jpg\" alt=\"\" width=\"1300\" height=\"1858\" srcset=\"https:\/\/www.drrashel-bbg.com\/wp-content\/uploads\/2025\/10\/DRL-1616-4.jpg 750w, https:\/\/www.drrashel-bbg.com\/wp-content\/uploads\/2025\/10\/DRL-1616-4-210x300.jpg 210w, https:\/\/www.drrashel-bbg.com\/wp-content\/uploads\/2025\/10\/DRL-1616-4-716x1024.jpg 716w, https:\/\/www.drrashel-bbg.com\/wp-content\/uploads\/2025\/10\/DRL-1616-4-600x858.jpg 600w\" sizes=\"(max-width: 1300px) 100vw, 1300px\" \/> <img loading=\"lazy\" decoding=\"async\" class=\"aligncenter wp-image-4510\" src=\"https:\/\/www.drrashel-bbg.com\/wp-content\/uploads\/2025\/10\/DRL-1616-5.jpg\" alt=\"\" width=\"1300\" height=\"1454\" srcset=\"https:\/\/www.drrashel-bbg.com\/wp-content\/uploads\/2025\/10\/DRL-1616-5.jpg 750w, https:\/\/www.drrashel-bbg.com\/wp-content\/uploads\/2025\/10\/DRL-1616-5-268x300.jpg 268w, https:\/\/www.drrashel-bbg.com\/wp-content\/uploads\/2025\/10\/DRL-1616-5-600x671.jpg 600w\" sizes=\"(max-width: 1300px) 100vw, 1300px\" \/> <img loading=\"lazy\" decoding=\"async\" class=\"aligncenter wp-image-4511\" src=\"https:\/\/www.drrashel-bbg.com\/wp-content\/uploads\/2025\/10\/DRL-1616-6.jpg\" alt=\"\" width=\"1300\" height=\"1508\" srcset=\"https:\/\/www.drrashel-bbg.com\/wp-content\/uploads\/2025\/10\/DRL-1616-6.jpg 750w, https:\/\/www.drrashel-bbg.com\/wp-content\/uploads\/2025\/10\/DRL-1616-6-259x300.jpg 259w, https:\/\/www.drrashel-bbg.com\/wp-content\/uploads\/2025\/10\/DRL-1616-6-600x696.jpg 600w\" sizes=\"(max-width: 1300px) 100vw, 1300px\" \/> <img loading=\"lazy\" decoding=\"async\" class=\"aligncenter wp-image-4512\" src=\"https:\/\/www.drrashel-bbg.com\/wp-content\/uploads\/2025\/10\/DRL-1616-7.jpg\" alt=\"\" width=\"1300\" height=\"1789\" srcset=\"https:\/\/www.drrashel-bbg.com\/wp-content\/uploads\/2025\/10\/DRL-1616-7.jpg 750w, https:\/\/www.drrashel-bbg.com\/wp-content\/uploads\/2025\/10\/DRL-1616-7-218x300.jpg 218w, https:\/\/www.drrashel-bbg.com\/wp-content\/uploads\/2025\/10\/DRL-1616-7-744x1024.jpg 744w, https:\/\/www.drrashel-bbg.com\/wp-content\/uploads\/2025\/10\/DRL-1616-7-600x826.jpg 600w\" sizes=\"(max-width: 1300px) 100vw, 1300px\" \/> <img loading=\"lazy\" decoding=\"async\" class=\"aligncenter wp-image-4513\" src=\"https:\/\/www.drrashel-bbg.com\/wp-content\/uploads\/2025\/10\/DRL-1616-8.jpg\" alt=\"\" width=\"1300\" height=\"1740\" srcset=\"https:\/\/www.drrashel-bbg.com\/wp-content\/uploads\/2025\/10\/DRL-1616-8.jpg 750w, https:\/\/www.drrashel-bbg.com\/wp-content\/uploads\/2025\/10\/DRL-1616-8-224x300.jpg 224w, https:\/\/www.drrashel-bbg.com\/wp-content\/uploads\/2025\/10\/DRL-1616-8-600x803.jpg 600w\" sizes=\"(max-width: 1300px) 100vw, 1300px\" \/> <img loading=\"lazy\" decoding=\"async\" class=\"aligncenter wp-image-4514\" src=\"https:\/\/www.drrashel-bbg.com\/wp-content\/uploads\/2025\/10\/DRL-1616-9.jpg\" alt=\"\" width=\"1300\" height=\"2780\" srcset=\"https:\/\/www.drrashel-bbg.com\/wp-content\/uploads\/2025\/10\/DRL-1616-9.jpg 750w, https:\/\/www.drrashel-bbg.com\/wp-content\/uploads\/2025\/10\/DRL-1616-9-140x300.jpg 140w, https:\/\/www.drrashel-bbg.com\/wp-content\/uploads\/2025\/10\/DRL-1616-9-479x1024.jpg 479w, https:\/\/www.drrashel-bbg.com\/wp-content\/uploads\/2025\/10\/DRL-1616-9-718x1536.jpg 718w, https:\/\/www.drrashel-bbg.com\/wp-content\/uploads\/2025\/10\/DRL-1616-9-600x1283.jpg 600w\" sizes=\"(max-width: 1300px) 100vw, 1300px\" \/> <img loading=\"lazy\" decoding=\"async\" class=\"aligncenter wp-image-4515\" src=\"https:\/\/www.drrashel-bbg.com\/wp-content\/uploads\/2025\/10\/DRL-1616-10.jpg\" alt=\"\" width=\"1300\" height=\"2600\" srcset=\"https:\/\/www.drrashel-bbg.com\/wp-content\/uploads\/2025\/10\/DRL-1616-10.jpg 750w, https:\/\/www.drrashel-bbg.com\/wp-content\/uploads\/2025\/10\/DRL-1616-10-150x300.jpg 150w, https:\/\/www.drrashel-bbg.com\/wp-content\/uploads\/2025\/10\/DRL-1616-10-512x1024.jpg 512w, https:\/\/www.drrashel-bbg.com\/wp-content\/uploads\/2025\/10\/DRL-1616-10-600x1200.jpg 600w\" sizes=\"(max-width: 1300px) 100vw, 1300px\" \/> <img loading=\"lazy\" decoding=\"async\" class=\"aligncenter wp-image-4516\" src=\"https:\/\/www.drrashel-bbg.com\/wp-content\/uploads\/2025\/10\/DRL-1616-11.jpg\" alt=\"\" width=\"1300\" height=\"2456\" srcset=\"https:\/\/www.drrashel-bbg.com\/wp-content\/uploads\/2025\/10\/DRL-1616-11.jpg 750w, https:\/\/www.drrashel-bbg.com\/wp-content\/uploads\/2025\/10\/DRL-1616-11-159x300.jpg 159w, https:\/\/www.drrashel-bbg.com\/wp-content\/uploads\/2025\/10\/DRL-1616-11-542x1024.jpg 542w, https:\/\/www.drrashel-bbg.com\/wp-content\/uploads\/2025\/10\/DRL-1616-11-600x1134.jpg 600w\" sizes=\"(max-width: 1300px) 100vw, 1300px\" \/><\/p>\n<p>&nbsp;<\/p>\n<p><strong><b>Beneficios del producto:<\/b><\/strong><\/p>\n<p>El suero de vitamina C se absorbe r\u00e1pidamente y combate las l\u00edneas finas, las arrugas y el da\u00f1o solar. Se desvanece las manchas solares, la hiperpigmentaci\u00f3n y las cicatrices del acn\u00e9, ayudando a aclarar y equilibrar el tono de la piel. El suero de \u00e1cido hialur\u00f3nico aumenta la piel&#8217; s hidrataci\u00f3n y elasticidad, ayudando a suavizar y suavizar la piel. El suero de retinol combate bolsas bajo los ojos, manchas y cuervos y trata signos de da\u00f1o solar, textura \u00e1spera, arrugas y manchas superficiales.<\/p>\n<p>&nbsp;<\/p>\n<p><strong><b>Ingredientes y tecnolog\u00edas principales:<\/b><\/strong><\/p>\n<p>INGREDIENTES ESTRELLADOS<\/p>\n<p>VC ayuda a iluminar la piel y mejorar su brillo. El hialuronato de sodio hidrata y embotella la piel, aumentando su humedad y elasticidad. El retinol suaviza la textura de la piel y combate las arrugas.<\/p>\n<p>INGREDIENTES COMPLETOS<\/p>\n<p>Sero de vitamina C<\/p>\n<p>AQUA, \u00c1CIDO ASCORBICO 3-O-ETILO, NIACINAMIDA, HIALURONATO DE SODIO, COLLAGEN HIDROLIZADO<\/p>\n<p>Acido hialur\u00f3nico suero<\/p>\n<p>AQUA, \u00c1CIDO ASCORBICO 3-O-ETILO, HIALURONATO DE SODIO, \u00c1CIDO POLIGLUT\u00c1MICO, COLLAGEN HIDROLIZADO, TOCOFEROL<\/p>\n<p>Retinol suero<\/p>\n<p>ACUA, ACETATO DE TOCOFERILO, HIALURONATO DE SODIO, COLAGENO HIDROLIZADO, TOCOFEROL<\/p>\n<p>&nbsp;<\/p>\n<p><strong><b>C\u00f3mo utilizar:<\/b><\/strong><\/p>\n<ol>\n<li>Lavar y secar la piel.<\/li>\n<li>Aplique una fina capa de suero sobre el \u00e1rea deseada y deje secar.<\/li>\n<\/ol>\n<p>Despu\u00e9s de que el suero se haya secado completamente, aplique su hidratante favorito.<\/p>\n<p>&nbsp;<\/p>\n<p><strong><b>Introducci\u00f3n de la marca:<\/b><\/strong><\/p>\n<p>DR\u00b7RASHEL fue fundada en 1989 por el Sr. BAKRI, un maestro de cuidado de la piel, con treinta a\u00f1os de experiencia en productos. Centrado en la salud, el Sr. BAKRI desarroll\u00f3 f\u00f3rmulas precisas para los ingredientes naturales para maximizar la salud de la piel y el brillo vibrante, un principio aplicado en la amplia gama de productos de cuidado de la piel de DR\u00b7RASHEL.<\/p>\n<p>Los productos de DR\u00b7RASHEL est\u00e1n extendidos por todo el mundo y son bienvenidos por clientes en cinco continentes, m\u00e1s espec\u00edficamente, en Oriente Medio, Am\u00e9rica del Sur y Europa.<\/p>\n<p>Exportamos a m\u00e1s de 100 pa\u00edses, incluyendo Emiratos \u00c1rabes Unidos, Rusia, Am\u00e9rica, M\u00e9xico, Australia, Arabia Saudita, Brasil, India y Sud\u00e1frica.<\/p>\n<p>Tenemos ISO, GMPC American European Union International Autoritative Double Certification, Advanced R &amp; amp; D equipo de prueba, miles de f\u00f3rmulas maduras y equipo de ventas de alta eficiencia y superioridad de precio competitivo. Nuestras categor\u00edas de productos son: productos de cuidado de la piel, productos de maquillaje, productos de lavado y cuidado.<\/p>\n<p>&nbsp;<\/p>\n<p><strong><b>Preguntas frecuentes:<\/b><\/strong><\/p>\n<p>P: \u00bfCu\u00e1les son las principales funciones de estas tres botellas de esencia?<\/p>\n<p>R: El suero de vitamina C se centra en la antioxidaci\u00f3n y el aclaramiento de la piel, el suero de \u00e1cido hialur\u00f3nico se centra en la hidrataci\u00f3n y el embotellamiento de la cara, y el suero de retinol se centra en el antienvejecimiento.<\/p>\n<p>P: \u00bfPor qu\u00e9 combinar estas tres esencias juntas?<\/p>\n<p>A: VC VA es un ciclo perfecto para lograr &#8220; protecci\u00f3n diurna, reparaci\u00f3n nocturna&#8221; El \u00e1cido hialur\u00f3nico tiene una excelente capacidad hidratante y calmante, que puede amortiguar eficazmente esta irritaci\u00f3n, manteniendo la piel hidratada y saludable mientras proporciona un cuidado eficiente de la piel.<\/p>","protected":false},"excerpt":{"rendered":"<p>Set completo de suero facial Vitamina C, suero de \u00e1cido hialur\u00f3nico, suero de retinol 3 paquete puede ayudar a hidratar, aclarar y uniformar el tono de la piel, mientras que tambi\u00e9n tiene funciones antienvejecimiento y firmecimiento.<\/p>\n<p>N\u00famero de serie: DRL-1616<\/p>\n<p>Tipo de piel aplicable: Adecuado para todo tipo de piel.<\/p>\n<p>Capacidad del producto: 3pcs * 30ml.<\/p>","protected":false},"featured_media":4501,"comment_status":"closed","ping_status":"closed","template":"","meta":[],"product_brand":[],"product_cat":[15,115],"product_tag":[],"class_list":{"0":"post-4498","1":"product","2":"type-product","3":"status-publish","4":"has-post-thumbnail","6":"product_cat-face-care","7":"product_cat-serum-essences","9":"first","10":"instock","11":"shipping-taxable","12":"product-type-simple"},"_links":{"self":[{"href":"https:\/\/www.drrashel-bbg.com\/es\/wp-json\/wp\/v2\/product\/4498","targetHints":{"allow":["GET"]}}],"collection":[{"href":"https:\/\/www.drrashel-bbg.com\/es\/wp-json\/wp\/v2\/product"}],"about":[{"href":"https:\/\/www.drrashel-bbg.com\/es\/wp-json\/wp\/v2\/types\/product"}],"replies":[{"embeddable":true,"href":"https:\/\/www.drrashel-bbg.com\/es\/wp-json\/wp\/v2\/comments?post=4498"}],"wp:featuredmedia":[{"embeddable":true,"href":"https:\/\/www.drrashel-bbg.com\/es\/wp-json\/wp\/v2\/media\/4501"}],"wp:attachment":[{"href":"https:\/\/www.drrashel-bbg.com\/es\/wp-json\/wp\/v2\/media?parent=4498"}],"wp:term":[{"taxonomy":"product_brand","embeddable":true,"href":"https:\/\/www.drrashel-bbg.com\/es\/wp-json\/wp\/v2\/product_brand?post=4498"},{"taxonomy":"product_cat","embeddable":true,"href":"https:\/\/www.drrashel-bbg.com\/es\/wp-json\/wp\/v2\/product_cat?post=4498"},{"taxonomy":"product_tag","embeddable":true,"href":"https:\/\/www.drrashel-bbg.com\/es\/wp-json\/wp\/v2\/product_tag?post=4498"}],"curies":[{"name":"wp","href":"https:\/\/api.w.org\/{rel}","templated":true}]}}