{"id":4518,"date":"2025-10-24T15:42:56","date_gmt":"2025-10-24T07:42:56","guid":{"rendered":"https:\/\/www.drrashel-bbg.com\/?post_type=product&#038;p=4518"},"modified":"2026-01-04T15:39:21","modified_gmt":"2026-01-04T07:39:21","slug":"hyaluronic-acid-ultra-hydrating-skin-care-set","status":"publish","type":"product","link":"https:\/\/www.drrashel-bbg.com\/es\/facial-care-sets\/hyaluronic-acid-ultra-hydrating-skin-care-set\/","title":{"rendered":"Set de cuidado de la piel ultra hidratante de \u00e1cido hialur\u00f3nico"},"content":{"rendered":"<p><img fetchpriority=\"high\" decoding=\"async\" class=\"aligncenter wp-image-4524\" src=\"https:\/\/www.drrashel-bbg.com\/wp-content\/uploads\/2025\/10\/DRL-1965-2.jpg\" alt=\"\" width=\"1300\" height=\"1652\" srcset=\"https:\/\/www.drrashel-bbg.com\/wp-content\/uploads\/2025\/10\/DRL-1965-2.jpg 790w, https:\/\/www.drrashel-bbg.com\/wp-content\/uploads\/2025\/10\/DRL-1965-2-236x300.jpg 236w, https:\/\/www.drrashel-bbg.com\/wp-content\/uploads\/2025\/10\/DRL-1965-2-768x976.jpg 768w, https:\/\/www.drrashel-bbg.com\/wp-content\/uploads\/2025\/10\/DRL-1965-2-600x763.jpg 600w\" sizes=\"(max-width: 1300px) 100vw, 1300px\" \/> <img decoding=\"async\" class=\"aligncenter wp-image-4525\" src=\"https:\/\/www.drrashel-bbg.com\/wp-content\/uploads\/2025\/10\/DRL-1965-3.jpg\" alt=\"\" width=\"1300\" height=\"1364\" srcset=\"https:\/\/www.drrashel-bbg.com\/wp-content\/uploads\/2025\/10\/DRL-1965-3.jpg 790w, https:\/\/www.drrashel-bbg.com\/wp-content\/uploads\/2025\/10\/DRL-1965-3-286x300.jpg 286w, https:\/\/www.drrashel-bbg.com\/wp-content\/uploads\/2025\/10\/DRL-1965-3-768x806.jpg 768w, https:\/\/www.drrashel-bbg.com\/wp-content\/uploads\/2025\/10\/DRL-1965-3-600x630.jpg 600w\" sizes=\"(max-width: 1300px) 100vw, 1300px\" \/> <img decoding=\"async\" class=\"aligncenter wp-image-4526\" src=\"https:\/\/www.drrashel-bbg.com\/wp-content\/uploads\/2025\/10\/DRL-1965-4.jpg\" alt=\"\" width=\"1300\" height=\"1642\" srcset=\"https:\/\/www.drrashel-bbg.com\/wp-content\/uploads\/2025\/10\/DRL-1965-4.jpg 790w, https:\/\/www.drrashel-bbg.com\/wp-content\/uploads\/2025\/10\/DRL-1965-4-237x300.jpg 237w, https:\/\/www.drrashel-bbg.com\/wp-content\/uploads\/2025\/10\/DRL-1965-4-768x970.jpg 768w, https:\/\/www.drrashel-bbg.com\/wp-content\/uploads\/2025\/10\/DRL-1965-4-600x758.jpg 600w\" sizes=\"(max-width: 1300px) 100vw, 1300px\" \/> <img loading=\"lazy\" decoding=\"async\" class=\"aligncenter wp-image-4527\" src=\"https:\/\/www.drrashel-bbg.com\/wp-content\/uploads\/2025\/10\/DRL-1965-5.jpg\" alt=\"\" width=\"1300\" height=\"1698\" srcset=\"https:\/\/www.drrashel-bbg.com\/wp-content\/uploads\/2025\/10\/DRL-1965-5.jpg 790w, https:\/\/www.drrashel-bbg.com\/wp-content\/uploads\/2025\/10\/DRL-1965-5-230x300.jpg 230w, https:\/\/www.drrashel-bbg.com\/wp-content\/uploads\/2025\/10\/DRL-1965-5-784x1024.jpg 784w, https:\/\/www.drrashel-bbg.com\/wp-content\/uploads\/2025\/10\/DRL-1965-5-768x1003.jpg 768w, https:\/\/www.drrashel-bbg.com\/wp-content\/uploads\/2025\/10\/DRL-1965-5-600x784.jpg 600w\" sizes=\"(max-width: 1300px) 100vw, 1300px\" \/> <img loading=\"lazy\" decoding=\"async\" class=\"aligncenter wp-image-4528\" src=\"https:\/\/www.drrashel-bbg.com\/wp-content\/uploads\/2025\/10\/DRL-1965-6.jpg\" alt=\"\" width=\"1300\" height=\"2039\" srcset=\"https:\/\/www.drrashel-bbg.com\/wp-content\/uploads\/2025\/10\/DRL-1965-6.jpg 790w, https:\/\/www.drrashel-bbg.com\/wp-content\/uploads\/2025\/10\/DRL-1965-6-191x300.jpg 191w, https:\/\/www.drrashel-bbg.com\/wp-content\/uploads\/2025\/10\/DRL-1965-6-653x1024.jpg 653w, https:\/\/www.drrashel-bbg.com\/wp-content\/uploads\/2025\/10\/DRL-1965-6-768x1204.jpg 768w, https:\/\/www.drrashel-bbg.com\/wp-content\/uploads\/2025\/10\/DRL-1965-6-600x941.jpg 600w\" sizes=\"(max-width: 1300px) 100vw, 1300px\" \/> <img loading=\"lazy\" decoding=\"async\" class=\"aligncenter wp-image-4529\" src=\"https:\/\/www.drrashel-bbg.com\/wp-content\/uploads\/2025\/10\/DRL-1965-7.jpg\" alt=\"\" width=\"1300\" height=\"2208\" srcset=\"https:\/\/www.drrashel-bbg.com\/wp-content\/uploads\/2025\/10\/DRL-1965-7.jpg 790w, https:\/\/www.drrashel-bbg.com\/wp-content\/uploads\/2025\/10\/DRL-1965-7-177x300.jpg 177w, https:\/\/www.drrashel-bbg.com\/wp-content\/uploads\/2025\/10\/DRL-1965-7-603x1024.jpg 603w, https:\/\/www.drrashel-bbg.com\/wp-content\/uploads\/2025\/10\/DRL-1965-7-768x1305.jpg 768w, https:\/\/www.drrashel-bbg.com\/wp-content\/uploads\/2025\/10\/DRL-1965-7-600x1019.jpg 600w\" sizes=\"(max-width: 1300px) 100vw, 1300px\" \/> <img loading=\"lazy\" decoding=\"async\" class=\"aligncenter wp-image-4530\" src=\"https:\/\/www.drrashel-bbg.com\/wp-content\/uploads\/2025\/10\/DRL-1965-8.jpg\" alt=\"\" width=\"1300\" height=\"1815\" srcset=\"https:\/\/www.drrashel-bbg.com\/wp-content\/uploads\/2025\/10\/DRL-1965-8.jpg 790w, https:\/\/www.drrashel-bbg.com\/wp-content\/uploads\/2025\/10\/DRL-1965-8-215x300.jpg 215w, https:\/\/www.drrashel-bbg.com\/wp-content\/uploads\/2025\/10\/DRL-1965-8-733x1024.jpg 733w, https:\/\/www.drrashel-bbg.com\/wp-content\/uploads\/2025\/10\/DRL-1965-8-768x1072.jpg 768w, https:\/\/www.drrashel-bbg.com\/wp-content\/uploads\/2025\/10\/DRL-1965-8-600x838.jpg 600w\" sizes=\"(max-width: 1300px) 100vw, 1300px\" \/> <img loading=\"lazy\" decoding=\"async\" class=\"aligncenter wp-image-4531\" src=\"https:\/\/www.drrashel-bbg.com\/wp-content\/uploads\/2025\/10\/DRL-1965-9.jpg\" alt=\"\" width=\"1300\" height=\"1906\" srcset=\"https:\/\/www.drrashel-bbg.com\/wp-content\/uploads\/2025\/10\/DRL-1965-9.jpg 790w, https:\/\/www.drrashel-bbg.com\/wp-content\/uploads\/2025\/10\/DRL-1965-9-205x300.jpg 205w, https:\/\/www.drrashel-bbg.com\/wp-content\/uploads\/2025\/10\/DRL-1965-9-699x1024.jpg 699w, https:\/\/www.drrashel-bbg.com\/wp-content\/uploads\/2025\/10\/DRL-1965-9-768x1126.jpg 768w, https:\/\/www.drrashel-bbg.com\/wp-content\/uploads\/2025\/10\/DRL-1965-9-600x879.jpg 600w\" sizes=\"(max-width: 1300px) 100vw, 1300px\" \/> <img loading=\"lazy\" decoding=\"async\" class=\"aligncenter wp-image-4532\" src=\"https:\/\/www.drrashel-bbg.com\/wp-content\/uploads\/2025\/10\/DRL-1965-10.jpg\" alt=\"\" width=\"1300\" height=\"1139\" srcset=\"https:\/\/www.drrashel-bbg.com\/wp-content\/uploads\/2025\/10\/DRL-1965-10.jpg 790w, https:\/\/www.drrashel-bbg.com\/wp-content\/uploads\/2025\/10\/DRL-1965-10-300x263.jpg 300w, https:\/\/www.drrashel-bbg.com\/wp-content\/uploads\/2025\/10\/DRL-1965-10-768x673.jpg 768w, https:\/\/www.drrashel-bbg.com\/wp-content\/uploads\/2025\/10\/DRL-1965-10-600x526.jpg 600w\" sizes=\"(max-width: 1300px) 100vw, 1300px\" \/> <img loading=\"lazy\" decoding=\"async\" class=\"aligncenter wp-image-4533\" src=\"https:\/\/www.drrashel-bbg.com\/wp-content\/uploads\/2025\/10\/DRL-1965-11.jpg\" alt=\"\" width=\"1300\" height=\"2391\" srcset=\"https:\/\/www.drrashel-bbg.com\/wp-content\/uploads\/2025\/10\/DRL-1965-11.jpg 790w, https:\/\/www.drrashel-bbg.com\/wp-content\/uploads\/2025\/10\/DRL-1965-11-163x300.jpg 163w, https:\/\/www.drrashel-bbg.com\/wp-content\/uploads\/2025\/10\/DRL-1965-11-557x1024.jpg 557w, https:\/\/www.drrashel-bbg.com\/wp-content\/uploads\/2025\/10\/DRL-1965-11-768x1413.jpg 768w, https:\/\/www.drrashel-bbg.com\/wp-content\/uploads\/2025\/10\/DRL-1965-11-600x1104.jpg 600w\" sizes=\"(max-width: 1300px) 100vw, 1300px\" \/> <img loading=\"lazy\" decoding=\"async\" class=\"aligncenter wp-image-4534\" src=\"https:\/\/www.drrashel-bbg.com\/wp-content\/uploads\/2025\/10\/DRL-1965-12.jpg\" alt=\"\" width=\"1300\" height=\"2189\" srcset=\"https:\/\/www.drrashel-bbg.com\/wp-content\/uploads\/2025\/10\/DRL-1965-12.jpg 790w, https:\/\/www.drrashel-bbg.com\/wp-content\/uploads\/2025\/10\/DRL-1965-12-178x300.jpg 178w, https:\/\/www.drrashel-bbg.com\/wp-content\/uploads\/2025\/10\/DRL-1965-12-608x1024.jpg 608w, https:\/\/www.drrashel-bbg.com\/wp-content\/uploads\/2025\/10\/DRL-1965-12-768x1293.jpg 768w, https:\/\/www.drrashel-bbg.com\/wp-content\/uploads\/2025\/10\/DRL-1965-12-600x1010.jpg 600w\" sizes=\"(max-width: 1300px) 100vw, 1300px\" \/><\/p>\n<p><strong><b>Beneficios del producto:<\/b><\/strong><\/p>\n<p><strong><b>Limpiador facial hidratante con \u00e1cido hialur\u00f3nico<\/b><\/strong>\u00a0Elimina la suciedad y el aceite, dejando su cara limpia y suave. <strong><b>\u00c1cido hialur\u00f3nico t\u00f3ner facial ultra hidratante<\/b><\/strong>\u00a0enriquecido con \u00e1cido hialur\u00f3nico, nutre y ablanda la piel, maximizando la retenci\u00f3n de humedad. <strong><b>\u00c1cido hialur\u00f3nico suero facial ultra hidratante<\/b><\/strong><strong><b>\u00a0<\/b><\/strong>dise\u00f1ado para hidratar la piel seca y refinar la textura de la piel, es su elecci\u00f3n perfecta para la piel hidratada y radiante. <strong><b>Crema de d\u00eda hidratante con \u00e1cido hialur\u00f3nico<\/b><\/strong>\u00a0proporciona una hidrataci\u00f3n de larga duraci\u00f3n, dejando a la piel sensaci\u00f3n gruesa, suave y radiante. <strong><b>Protector solar hidratante con \u00e1cido hialur\u00f3nico SPF50<\/b><\/strong>\u00a0es la combinaci\u00f3n perfecta de cuidado de la piel y protecci\u00f3n solar. Enriquecido con \u00e1cido hialur\u00f3nico, no solo protege su piel de los rayos UV da\u00f1inos, sino que tambi\u00e9n la mantiene hidratada y suave.<\/p>\n<p>&nbsp;<\/p>\n<p><strong><b>Ingredientes y tecnolog\u00edas principales:<\/b><\/strong><\/p>\n<p>INGREDIENTES ESTRELLADOS<\/p>\n<p><strong><b>HIALURONATO DE SODIO<\/b><\/strong>\u00a0tiene un buen efecto hidratante, al mismo tiempo que calma, antiinflamatorio y repara la barrera cut\u00e1nea.<\/p>\n<p>INGREDIENTES COMPLETOS<\/p>\n<p><strong><b>Limpieza facial hidratante con \u00e1cido hialur\u00f3nico<\/b><\/strong><\/p>\n<p>AQUA, GLICERINA, PANTENOL, EXTRACTO DE HOJA DE CENTELLA ASIATICA, EXTRACTO DE HOJA DE CENTELLA ASIATICA<\/p>\n<p><strong><b>\u00c1cido hialur\u00f3nico t\u00f3ner facial ultra hidratante<\/b><\/strong><\/p>\n<p>AQUA, PANTENOL, EXTRACTO DE HOJAS DE CENTELLA ASIATICA, CERAMIDA NP, HIALURONATO DE SODIO<\/p>\n<p><strong><b>\u00c1cido hialur\u00f3nico suero facial ultra hidratante<\/b><\/strong><\/p>\n<p>AQUA, PANTENOL, NIACINAMIDA, EXTRACTO DE HOJAS DE CENTELLA ASIATICA, HIALURONATO DE SODIO<\/p>\n<p><strong><b>Crema de d\u00eda hidratante con \u00e1cido hialur\u00f3nico<\/b><\/strong><\/p>\n<p>AGUA, GLICERINA, PANTENOL, HIALURONATO DE SODIO, CERAMIDA NP, ALFA-ARBUTINA<\/p>\n<p><strong><b>Protector solar hidratante con \u00e1cido hialur\u00f3nico SPF50<\/b><\/strong><\/p>\n<p>AQUA, GLICERINA, EXTRACTO DE HOJAS DE CENTELLA ASIATICA, \u00c1CIDO HIALUR\u00d3NICO, CERAMIDA NP<\/p>\n<p>&nbsp;<\/p>\n<p><strong><b>C\u00f3mo utilizar:<\/b><\/strong><\/p>\n<p><strong><b>Limpieza facial hidratante con \u00e1cido hialur\u00f3nico<\/b><\/strong><\/p>\n<p>Usar dos veces al d\u00eda, exprimir una peque\u00f1a cantidad en las manos y trabajar en espuma rica Masaje en la cara h\u00fameda, evitar el contacto con los ojos, enjuagar a fondo con agua.<\/p>\n<p><strong><b>\u00c1cido hialur\u00f3nico t\u00f3ner facial ultra hidratante<\/b><\/strong><\/p>\n<p>Lava la cara, toma la cantidad adecuada en la mano y con una solapa suave hasta que se absorbe perfectamente. O remoje una almohadilla de algod\u00f3n con t\u00f3ner y limpie suavemente la cara, los ojos y el cuello para limpiar y tonificar.<\/p>\n<p><strong><b>\u00c1cido hialur\u00f3nico suero facial ultra hidratante<\/b><\/strong><\/p>\n<p>Se utiliza en la piel limpiada, distribuye 3-4 gotas sobre la piel de la cara y el cuello, comenzando desde el centro de la cara y trabajando su camino, y masajear suavemente hasta que se absorbe completamente, se utiliza todas las ma\u00f1anas y por la noche, solo o antes de su hidratante.<\/p>\n<p><strong><b>Crema de d\u00eda hidratante con \u00e1cido hialur\u00f3nico<\/b><\/strong><\/p>\n<p>Aplicar todos los d\u00edas en un rostro y cuello completamente limpiado despu\u00e9s del suero. Aplicar con movimientos circulares para una mejor absorci\u00f3n. Evite el contacto con los ojos.<\/p>\n<p><strong><b>Protector solar hidratante con \u00e1cido hialur\u00f3nico SPF50<\/b><\/strong><\/p>\n<p>En la \u00faltima etapa del cuidado de la piel, extienda la cantidad adecuada del producto sobre la cara y el cuerpo que probablemente est\u00e9n expuestos a los rayos ultravioletas. Repite la aplicaci\u00f3n cada 2 horas.<\/p>\n<p><strong><b>\u00a0<\/b><\/strong><\/p>\n<p><strong><b>Introducci\u00f3n de la marca:<\/b><\/strong><\/p>\n<p>DR\u00b7RASHEL fue fundada en 1989 por el Sr. BAKRI, un maestro de cuidado de la piel, con treinta a\u00f1os de experiencia en productos. Centrado en la salud, el Sr. BAKRI desarroll\u00f3 f\u00f3rmulas precisas para los ingredientes naturales para maximizar la salud de la piel y el brillo vibrante, un principio aplicado en la amplia gama de productos de cuidado de la piel de DR\u00b7RASHEL.<\/p>\n<p>Los productos de DR\u00b7RASHEL est\u00e1n extendidos por todo el mundo y son bienvenidos por clientes en cinco continentes, m\u00e1s espec\u00edficamente, en Oriente Medio, Am\u00e9rica del Sur y Europa.<\/p>\n<p>Exportamos a m\u00e1s de 100 pa\u00edses, incluyendo Emiratos \u00c1rabes Unidos, Rusia, Am\u00e9rica, M\u00e9xico, Australia, Arabia Saudita, Brasil, India y Sud\u00e1frica.<\/p>\n<p>Tenemos ISO, GMPC American European Union International Autoritative Double Certification, Advanced R &amp; amp; D equipo de prueba, miles de f\u00f3rmulas maduras y equipo de ventas de alta eficiencia y superioridad de precio competitivo. Nuestras categor\u00edas de productos son: productos de cuidado de la piel, productos de maquillaje, productos de lavado y cuidado.<\/p>\n<p>&nbsp;<\/p>\n<p><strong><b>Preguntas frecuentes:<\/b><\/strong><\/p>\n<p>P: \u00bfCu\u00e1les son los ingredientes principales de este producto de cuidado de la piel?  \u00bfCu\u00e1les son sus principales beneficios?<\/p>\n<p>R: El ingrediente principal de este conjunto es hialuronato de sodio, que est\u00e1 compuesto con pantenol \/ ceramida \/ glicerina B5. Sus funciones principales son la hidrataci\u00f3n tridimensional, el bloqueo de agua profunda, la reparaci\u00f3n de la barrera y la sequedad calmante.<\/p>\n<p>P: \u00bfEs este producto adecuado para la piel sensible?<\/p>\n<p>A: Este conjunto&#8217; El ingrediente principal, \u00e1cido hialur\u00f3nico, est\u00e1 naturalmente presente en el cuerpo humano y es muy suave. Sin embargo, todos&#8217; Los al\u00e9rgenos son diferentes, por lo que para aquellos con piel sensible, recomendamos realizar una prueba de piel de 24 horas detr\u00e1s del o\u00eddo o en el interior del brazo. Una vez que no haya molestias, utilice el producto en toda la cara.<\/p>","protected":false},"excerpt":{"rendered":"<p>Este conjunto proporciona hidrataci\u00f3n 24 horas para nutrir, suavizar y calmar la piel, al mismo tiempo que mejora la elasticidad, suaviza las l\u00edneas finas y restaura la firmeza y la elasticidad.<\/p>\n<p>N\u00famero de serie: DRL-1965<\/p>\n<p>Tipo de piel aplicable: Adecuado para todo tipo de piel<\/p>\n<p>Capacidad del producto: 120g 100ml 50ml 50g 50g<\/p>","protected":false},"featured_media":4523,"comment_status":"closed","ping_status":"closed","template":"","meta":[],"product_brand":[],"product_cat":[169,168],"product_tag":[],"class_list":{"0":"post-4518","1":"product","2":"type-product","3":"status-publish","4":"has-post-thumbnail","6":"product_cat-facial-care-sets","7":"product_cat-sets-kits","9":"first","10":"instock","11":"shipping-taxable","12":"product-type-simple"},"_links":{"self":[{"href":"https:\/\/www.drrashel-bbg.com\/es\/wp-json\/wp\/v2\/product\/4518","targetHints":{"allow":["GET"]}}],"collection":[{"href":"https:\/\/www.drrashel-bbg.com\/es\/wp-json\/wp\/v2\/product"}],"about":[{"href":"https:\/\/www.drrashel-bbg.com\/es\/wp-json\/wp\/v2\/types\/product"}],"replies":[{"embeddable":true,"href":"https:\/\/www.drrashel-bbg.com\/es\/wp-json\/wp\/v2\/comments?post=4518"}],"wp:featuredmedia":[{"embeddable":true,"href":"https:\/\/www.drrashel-bbg.com\/es\/wp-json\/wp\/v2\/media\/4523"}],"wp:attachment":[{"href":"https:\/\/www.drrashel-bbg.com\/es\/wp-json\/wp\/v2\/media?parent=4518"}],"wp:term":[{"taxonomy":"product_brand","embeddable":true,"href":"https:\/\/www.drrashel-bbg.com\/es\/wp-json\/wp\/v2\/product_brand?post=4518"},{"taxonomy":"product_cat","embeddable":true,"href":"https:\/\/www.drrashel-bbg.com\/es\/wp-json\/wp\/v2\/product_cat?post=4518"},{"taxonomy":"product_tag","embeddable":true,"href":"https:\/\/www.drrashel-bbg.com\/es\/wp-json\/wp\/v2\/product_tag?post=4518"}],"curies":[{"name":"wp","href":"https:\/\/api.w.org\/{rel}","templated":true}]}}