{"id":4575,"date":"2025-10-24T16:10:38","date_gmt":"2025-10-24T08:10:38","guid":{"rendered":"https:\/\/www.drrashel-bbg.com\/?post_type=product&#038;p=4575"},"modified":"2026-01-04T15:32:41","modified_gmt":"2026-01-04T07:32:41","slug":"vitamin-c-brightening-anti-aging-skin-care-series","status":"publish","type":"product","link":"https:\/\/www.drrashel-bbg.com\/es\/facial-care-sets\/vitamin-c-brightening-anti-aging-skin-care-series\/","title":{"rendered":"Vitamina C Brightening Serie de cuidado de la piel antienvejecimiento"},"content":{"rendered":"<p><img fetchpriority=\"high\" decoding=\"async\" class=\"aligncenter wp-image-4582\" src=\"https:\/\/www.drrashel-bbg.com\/wp-content\/uploads\/2025\/10\/DRL-1557-2.jpg\" alt=\"\" width=\"1300\" height=\"1912\" srcset=\"https:\/\/www.drrashel-bbg.com\/wp-content\/uploads\/2025\/10\/DRL-1557-2.jpg 790w, https:\/\/www.drrashel-bbg.com\/wp-content\/uploads\/2025\/10\/DRL-1557-2-204x300.jpg 204w, https:\/\/www.drrashel-bbg.com\/wp-content\/uploads\/2025\/10\/DRL-1557-2-696x1024.jpg 696w, https:\/\/www.drrashel-bbg.com\/wp-content\/uploads\/2025\/10\/DRL-1557-2-768x1130.jpg 768w, https:\/\/www.drrashel-bbg.com\/wp-content\/uploads\/2025\/10\/DRL-1557-2-600x883.jpg 600w\" sizes=\"(max-width: 1300px) 100vw, 1300px\" \/> <img decoding=\"async\" class=\"aligncenter wp-image-4583\" src=\"https:\/\/www.drrashel-bbg.com\/wp-content\/uploads\/2025\/10\/DRL-1557-3.jpg\" alt=\"\" width=\"1300\" height=\"662\" srcset=\"https:\/\/www.drrashel-bbg.com\/wp-content\/uploads\/2025\/10\/DRL-1557-3.jpg 790w, https:\/\/www.drrashel-bbg.com\/wp-content\/uploads\/2025\/10\/DRL-1557-3-300x153.jpg 300w, https:\/\/www.drrashel-bbg.com\/wp-content\/uploads\/2025\/10\/DRL-1557-3-768x391.jpg 768w, https:\/\/www.drrashel-bbg.com\/wp-content\/uploads\/2025\/10\/DRL-1557-3-600x305.jpg 600w\" sizes=\"(max-width: 1300px) 100vw, 1300px\" \/> <img decoding=\"async\" class=\"aligncenter wp-image-4584\" src=\"https:\/\/www.drrashel-bbg.com\/wp-content\/uploads\/2025\/10\/DRL-1557-4.jpg\" alt=\"\" width=\"1300\" height=\"1251\" srcset=\"https:\/\/www.drrashel-bbg.com\/wp-content\/uploads\/2025\/10\/DRL-1557-4.jpg 790w, https:\/\/www.drrashel-bbg.com\/wp-content\/uploads\/2025\/10\/DRL-1557-4-300x289.jpg 300w, https:\/\/www.drrashel-bbg.com\/wp-content\/uploads\/2025\/10\/DRL-1557-4-768x739.jpg 768w, https:\/\/www.drrashel-bbg.com\/wp-content\/uploads\/2025\/10\/DRL-1557-4-600x577.jpg 600w\" sizes=\"(max-width: 1300px) 100vw, 1300px\" \/> <img loading=\"lazy\" decoding=\"async\" class=\"aligncenter wp-image-4585\" src=\"https:\/\/www.drrashel-bbg.com\/wp-content\/uploads\/2025\/10\/DRL-1557-5.jpg\" alt=\"\" width=\"1300\" height=\"1001\" srcset=\"https:\/\/www.drrashel-bbg.com\/wp-content\/uploads\/2025\/10\/DRL-1557-5.jpg 790w, https:\/\/www.drrashel-bbg.com\/wp-content\/uploads\/2025\/10\/DRL-1557-5-300x231.jpg 300w, https:\/\/www.drrashel-bbg.com\/wp-content\/uploads\/2025\/10\/DRL-1557-5-768x591.jpg 768w, https:\/\/www.drrashel-bbg.com\/wp-content\/uploads\/2025\/10\/DRL-1557-5-600x462.jpg 600w\" sizes=\"(max-width: 1300px) 100vw, 1300px\" \/> <img loading=\"lazy\" decoding=\"async\" class=\"aligncenter wp-image-4586\" src=\"https:\/\/www.drrashel-bbg.com\/wp-content\/uploads\/2025\/10\/DRL-1557-6.jpg\" alt=\"\" width=\"1300\" height=\"882\" srcset=\"https:\/\/www.drrashel-bbg.com\/wp-content\/uploads\/2025\/10\/DRL-1557-6.jpg 790w, https:\/\/www.drrashel-bbg.com\/wp-content\/uploads\/2025\/10\/DRL-1557-6-300x204.jpg 300w, https:\/\/www.drrashel-bbg.com\/wp-content\/uploads\/2025\/10\/DRL-1557-6-768x521.jpg 768w, https:\/\/www.drrashel-bbg.com\/wp-content\/uploads\/2025\/10\/DRL-1557-6-600x407.jpg 600w\" sizes=\"(max-width: 1300px) 100vw, 1300px\" \/> <img loading=\"lazy\" decoding=\"async\" class=\"aligncenter wp-image-4587\" src=\"https:\/\/www.drrashel-bbg.com\/wp-content\/uploads\/2025\/10\/DRL-1557-7.jpg\" alt=\"\" width=\"1300\" height=\"875\" srcset=\"https:\/\/www.drrashel-bbg.com\/wp-content\/uploads\/2025\/10\/DRL-1557-7.jpg 790w, https:\/\/www.drrashel-bbg.com\/wp-content\/uploads\/2025\/10\/DRL-1557-7-300x202.jpg 300w, https:\/\/www.drrashel-bbg.com\/wp-content\/uploads\/2025\/10\/DRL-1557-7-768x517.jpg 768w, https:\/\/www.drrashel-bbg.com\/wp-content\/uploads\/2025\/10\/DRL-1557-7-600x404.jpg 600w\" sizes=\"(max-width: 1300px) 100vw, 1300px\" \/> <img loading=\"lazy\" decoding=\"async\" class=\"aligncenter wp-image-4588\" src=\"https:\/\/www.drrashel-bbg.com\/wp-content\/uploads\/2025\/10\/DRL-1557-8.jpg\" alt=\"\" width=\"1300\" height=\"874\" srcset=\"https:\/\/www.drrashel-bbg.com\/wp-content\/uploads\/2025\/10\/DRL-1557-8.jpg 790w, https:\/\/www.drrashel-bbg.com\/wp-content\/uploads\/2025\/10\/DRL-1557-8-300x202.jpg 300w, https:\/\/www.drrashel-bbg.com\/wp-content\/uploads\/2025\/10\/DRL-1557-8-768x516.jpg 768w, https:\/\/www.drrashel-bbg.com\/wp-content\/uploads\/2025\/10\/DRL-1557-8-600x403.jpg 600w\" sizes=\"(max-width: 1300px) 100vw, 1300px\" \/> <img loading=\"lazy\" decoding=\"async\" class=\"aligncenter wp-image-4589\" src=\"https:\/\/www.drrashel-bbg.com\/wp-content\/uploads\/2025\/10\/DRL-1557-9.jpg\" alt=\"\" width=\"1300\" height=\"875\" srcset=\"https:\/\/www.drrashel-bbg.com\/wp-content\/uploads\/2025\/10\/DRL-1557-9.jpg 790w, https:\/\/www.drrashel-bbg.com\/wp-content\/uploads\/2025\/10\/DRL-1557-9-300x202.jpg 300w, https:\/\/www.drrashel-bbg.com\/wp-content\/uploads\/2025\/10\/DRL-1557-9-768x517.jpg 768w, https:\/\/www.drrashel-bbg.com\/wp-content\/uploads\/2025\/10\/DRL-1557-9-600x404.jpg 600w\" sizes=\"(max-width: 1300px) 100vw, 1300px\" \/> <img loading=\"lazy\" decoding=\"async\" class=\"aligncenter wp-image-4590\" src=\"https:\/\/www.drrashel-bbg.com\/wp-content\/uploads\/2025\/10\/DRL-1557-10.jpg\" alt=\"\" width=\"1300\" height=\"875\" srcset=\"https:\/\/www.drrashel-bbg.com\/wp-content\/uploads\/2025\/10\/DRL-1557-10.jpg 790w, https:\/\/www.drrashel-bbg.com\/wp-content\/uploads\/2025\/10\/DRL-1557-10-300x202.jpg 300w, https:\/\/www.drrashel-bbg.com\/wp-content\/uploads\/2025\/10\/DRL-1557-10-768x517.jpg 768w, https:\/\/www.drrashel-bbg.com\/wp-content\/uploads\/2025\/10\/DRL-1557-10-600x404.jpg 600w\" sizes=\"(max-width: 1300px) 100vw, 1300px\" \/> <img loading=\"lazy\" decoding=\"async\" class=\"aligncenter wp-image-4591\" src=\"https:\/\/www.drrashel-bbg.com\/wp-content\/uploads\/2025\/10\/DRL-1557-11.jpg\" alt=\"\" width=\"1300\" height=\"1530\" srcset=\"https:\/\/www.drrashel-bbg.com\/wp-content\/uploads\/2025\/10\/DRL-1557-11.jpg 790w, https:\/\/www.drrashel-bbg.com\/wp-content\/uploads\/2025\/10\/DRL-1557-11-255x300.jpg 255w, https:\/\/www.drrashel-bbg.com\/wp-content\/uploads\/2025\/10\/DRL-1557-11-768x904.jpg 768w, https:\/\/www.drrashel-bbg.com\/wp-content\/uploads\/2025\/10\/DRL-1557-11-600x706.jpg 600w\" sizes=\"(max-width: 1300px) 100vw, 1300px\" \/> <img loading=\"lazy\" decoding=\"async\" class=\"aligncenter wp-image-4592\" src=\"https:\/\/www.drrashel-bbg.com\/wp-content\/uploads\/2025\/10\/DRL-1557-12.jpg\" alt=\"\" width=\"1300\" height=\"1341\" srcset=\"https:\/\/www.drrashel-bbg.com\/wp-content\/uploads\/2025\/10\/DRL-1557-12.jpg 790w, https:\/\/www.drrashel-bbg.com\/wp-content\/uploads\/2025\/10\/DRL-1557-12-291x300.jpg 291w, https:\/\/www.drrashel-bbg.com\/wp-content\/uploads\/2025\/10\/DRL-1557-12-768x792.jpg 768w, https:\/\/www.drrashel-bbg.com\/wp-content\/uploads\/2025\/10\/DRL-1557-12-600x619.jpg 600w\" sizes=\"(max-width: 1300px) 100vw, 1300px\" \/><\/p>\n<p>&nbsp;<\/p>\n<p><strong><b>Beneficios del producto:<\/b><\/strong><\/p>\n<p>Vitamina C aclarante &amp; limpiador facial antienvejecimiento elimina las impurezas borrosas para una piel clara y radiante. Vitamina C aclarante &amp; suero facial anti-envejecimiento lucha contra el envejecimiento, aclara, firme, repara, protege y mejora la elasticidad de la piel. Vitamina C aclarante &amp; crema facial anti-envejecimiento hidrata profundamente y mejora las l\u00edneas finas y la piel opaca. Vitamina C aclarante &amp; El t\u00f3ner anti-envejecimiento protege su piel de los radicales libres da\u00f1inos con antioxidantes e incluso puede ayudar a la piel da\u00f1ada por el sol. Vitamina C aclarante &amp; La leche limpiadora antienvejecimiento ilumina su piel y estimula la renovaci\u00f3n celular.<\/p>\n<p>&nbsp;<\/p>\n<p><strong><b>Ingredientes y tecnolog\u00edas principales:<\/b><\/strong><\/p>\n<p>INGREDIENTES ESTRELLADOS<\/p>\n<p>El VC puede bloquear la producci\u00f3n de melanina desde la fuente, logrando as\u00ed el efecto de aclarar las marcas y manchas existentes del acn\u00e9, y igualar y iluminar el tono general de la piel.<\/p>\n<p>INGREDIENTES COMPLETOS<\/p>\n<p>Vitamina C aclarante &amp; limpiador facial antienvejecimiento<\/p>\n<p>AQUA, \u00c1CIDO ASCORBICO 3-O-ETILO, HIALURONATO DE SODIO, CLORURO DE SODIO<\/p>\n<p>DISTEARATO DE GLICOL, GLICOL<\/p>\n<p>Vitamina C aclarante &amp; suero facial anti-envejecimiento<\/p>\n<p>AQUA, COLAGENO HIDROLIZADO, HIALURONATO DE SODIO, \u00c1CIDO ASCORBICO 3-O-ETILO, GLICERINA, AMINO\u00c1CIDOS DE GLUTEN DE MA\u00cdZ<\/p>\n<p>Vitamina C aclarante &amp; crema facial anti-envejecimiento<\/p>\n<p>AQUA, GLICERINA, HIALURONATO DE SODIO, &#8217; \u00c1cido asc\u00f3rbico 3-o-etilo, dimeticona, propilenglicol<\/p>\n<p>Vitamina C aclarante &amp; t\u00f3ner de esencia anti-envejecimiento<\/p>\n<p>AQUA, GLICERINA, PROPILENO GLICOL, COLAGENO HIDROLIZADO, NIACINAMIDA, \u00c1CIDO 3-O-ETILASCORBICO<\/p>\n<p>Vitamina C aclarante &amp; leche limpiadora anti-envejecimiento<\/p>\n<p>AQUA, PARAFINUM LIQUIDUM, GLICERINA, NIACINAMIDA, GUMA DE XANTHAN, \u00c1CIDO ASCORBICO 3-O-ETILO, HIALURONATO DE SODIO<\/p>\n<p>&nbsp;<\/p>\n<p><strong><b>C\u00f3mo utilizar:<\/b><\/strong><\/p>\n<p>Vitamina C aclarante &amp; limpiador facial antienvejecimiento<\/p>\n<p>Masajee el limpiador espumante sobre la piel h\u00fameda en peque\u00f1os movimientos clrculares, luego enjuague. Use twicedaily para obtener los mejores resultados.<\/p>\n<p>Vitamina C aclarante &amp; suero facial anti-envejecimiento<\/p>\n<p>1.Aplicar uniformemente en la cara y el cuello por la ma\u00f1ana y la noche, despu\u00e9s de la limpieza.2. Masaje en movimientos circulares para una mejor absorci\u00f3n.  3. Seguro para uso diario o bajo maquillaje.<\/p>\n<p>Vitamina C aclarante &amp; crema facial anti-envejecimiento<\/p>\n<p>Despu\u00e9s de limpiar y tonificar, aplicar una peque\u00f1a cantidad de la crema en la cara y el cuello, masajear hasta que se absorbe completamente.<\/p>\n<p>Vitamina C aclarante &amp; t\u00f3ner de esencia anti-envejecimiento<\/p>\n<p>Lavar la cara, tomar la cantidad adecuada en su mano y con una solapa suave hasta absorber perfectamente. O remoje una almohadilla de algod\u00f3n con t\u00f3ner y limpie suavemente la cara, los ojos y el cuello para limpiar y tonificar.<\/p>\n<p>Vitamina C aclarante &amp; leche limpiadora anti-envejecimiento<\/p>\n<p>Usar por la ma\u00f1ana y la noche, aplicar al d\u00eda o la piel h\u00fameda en su cara, cuello y decolletado. MasajeGently en la piel, enjuague con agua clara o quita con una almohadilla de algod\u00f3n, tambi\u00e9n adecuado para quitar el maquillaje.<\/p>\n<p>&nbsp;<\/p>\n<p><strong><b>Introducci\u00f3n de la marca:<\/b><\/strong><\/p>\n<p>DR\u00b7RASHEL fue fundada en 1989 por el Sr. BAKRI, un maestro de cuidado de la piel, con treinta a\u00f1os de experiencia en productos. Centrado en la salud, el Sr. BAKRI desarroll\u00f3 f\u00f3rmulas precisas para los ingredientes naturales para maximizar la salud de la piel y el brillo vibrante, un principio aplicado en la amplia gama de productos de cuidado de la piel de DR\u00b7RASHEL.<\/p>\n<p>Los productos de DR\u00b7RASHEL est\u00e1n extendidos por todo el mundo y son bienvenidos por clientes en cinco continentes, m\u00e1s espec\u00edficamente, en Oriente Medio, Am\u00e9rica del Sur y Europa.<\/p>\n<p>Exportamos a m\u00e1s de 100 pa\u00edses, incluyendo Emiratos \u00c1rabes Unidos, Rusia, Am\u00e9rica, M\u00e9xico, Australia, Arabia Saudita, Brasil, India y Sud\u00e1frica.<\/p>\n<p>Tenemos ISO, GMPC American European Union International Autoritative Double Certification, Advanced R &amp; amp; D equipo de prueba, miles de f\u00f3rmulas maduras y equipo de ventas de alta eficiencia y superioridad de precio competitivo. Nuestras categor\u00edas de productos son: productos de cuidado de la piel, productos de maquillaje, productos de lavado y cuidado.<\/p>\n<p>&nbsp;<\/p>\n<p><strong><b>Preguntas frecuentes:<\/b><\/strong><\/p>\n<p>P: \u00bfEl producto contiene otros ingredientes que ayudan a aclarar o antienvejecimiento?<\/p>\n<p>R: S\u00ed, el producto tambi\u00e9n contiene niacinamida, que es la mejor combinaci\u00f3n para blanquear y aclarar.<\/p>\n<p>P: \u00bfEste producto se puede usar tanto por la ma\u00f1ana como por la noche?<\/p>\n<p>R: S\u00ed, se utiliza durante el d\u00eda para la protecci\u00f3n antioxidante, y por la noche para la reparaci\u00f3n y el blanqueamiento.<\/p>","protected":false},"excerpt":{"rendered":"<p>Mejora la textura de la piel opaca, desvanece las manchas oscuras, aclara y elimina el amarillecimiento, reduce la deposici\u00f3n de melanina y equilibra el tono de la piel. Tambi\u00e9n proporciona hidrataci\u00f3n 24 horas, nutre y repara la piel, resiste el envejecimiento y revitaliza la piel.<\/p>\n<p>N\u00famero de serie: DRL-1557<\/p>\n<p>Tipo de piel aplicable: Adecuado para la piel que es aburrida, muestra signos de envejecimiento, pierde firmeza y tiene tono de piel desigual.<\/p>\n<p>Capacidad del producto: 80ml 50ml 50g 100ml 100ml.<\/p>","protected":false},"featured_media":4580,"comment_status":"closed","ping_status":"closed","template":"","meta":[],"product_brand":[],"product_cat":[169,168],"product_tag":[],"class_list":{"0":"post-4575","1":"product","2":"type-product","3":"status-publish","4":"has-post-thumbnail","6":"product_cat-facial-care-sets","7":"product_cat-sets-kits","9":"first","10":"instock","11":"shipping-taxable","12":"product-type-simple"},"_links":{"self":[{"href":"https:\/\/www.drrashel-bbg.com\/es\/wp-json\/wp\/v2\/product\/4575","targetHints":{"allow":["GET"]}}],"collection":[{"href":"https:\/\/www.drrashel-bbg.com\/es\/wp-json\/wp\/v2\/product"}],"about":[{"href":"https:\/\/www.drrashel-bbg.com\/es\/wp-json\/wp\/v2\/types\/product"}],"replies":[{"embeddable":true,"href":"https:\/\/www.drrashel-bbg.com\/es\/wp-json\/wp\/v2\/comments?post=4575"}],"wp:featuredmedia":[{"embeddable":true,"href":"https:\/\/www.drrashel-bbg.com\/es\/wp-json\/wp\/v2\/media\/4580"}],"wp:attachment":[{"href":"https:\/\/www.drrashel-bbg.com\/es\/wp-json\/wp\/v2\/media?parent=4575"}],"wp:term":[{"taxonomy":"product_brand","embeddable":true,"href":"https:\/\/www.drrashel-bbg.com\/es\/wp-json\/wp\/v2\/product_brand?post=4575"},{"taxonomy":"product_cat","embeddable":true,"href":"https:\/\/www.drrashel-bbg.com\/es\/wp-json\/wp\/v2\/product_cat?post=4575"},{"taxonomy":"product_tag","embeddable":true,"href":"https:\/\/www.drrashel-bbg.com\/es\/wp-json\/wp\/v2\/product_tag?post=4575"}],"curies":[{"name":"wp","href":"https:\/\/api.w.org\/{rel}","templated":true}]}}