{"id":4614,"date":"2025-10-24T17:02:17","date_gmt":"2025-10-24T09:02:17","guid":{"rendered":"https:\/\/www.drrashel-bbg.com\/?post_type=product&#038;p=4614"},"modified":"2026-01-04T15:26:17","modified_gmt":"2026-01-04T07:26:17","slug":"vitamin-c-brightening-skin-care-travel-set","status":"publish","type":"product","link":"https:\/\/www.drrashel-bbg.com\/es\/facial-care-sets\/vitamin-c-brightening-skin-care-travel-set\/","title":{"rendered":"Juego de viaje para el cuidado de la piel con vitamina C"},"content":{"rendered":"<p><img fetchpriority=\"high\" decoding=\"async\" class=\"aligncenter wp-image-4621\" src=\"https:\/\/www.drrashel-bbg.com\/wp-content\/uploads\/2025\/10\/DRL-1951-1.jpg\" alt=\"\" width=\"1300\" height=\"1540\" srcset=\"https:\/\/www.drrashel-bbg.com\/wp-content\/uploads\/2025\/10\/DRL-1951-1.jpg 790w, https:\/\/www.drrashel-bbg.com\/wp-content\/uploads\/2025\/10\/DRL-1951-1-253x300.jpg 253w, https:\/\/www.drrashel-bbg.com\/wp-content\/uploads\/2025\/10\/DRL-1951-1-768x910.jpg 768w, https:\/\/www.drrashel-bbg.com\/wp-content\/uploads\/2025\/10\/DRL-1951-1-600x711.jpg 600w\" sizes=\"(max-width: 1300px) 100vw, 1300px\" \/> <img decoding=\"async\" class=\"aligncenter wp-image-4622\" src=\"https:\/\/www.drrashel-bbg.com\/wp-content\/uploads\/2025\/10\/DRL-1951-2.jpg\" alt=\"\" width=\"1300\" height=\"1348\" srcset=\"https:\/\/www.drrashel-bbg.com\/wp-content\/uploads\/2025\/10\/DRL-1951-2.jpg 790w, https:\/\/www.drrashel-bbg.com\/wp-content\/uploads\/2025\/10\/DRL-1951-2-289x300.jpg 289w, https:\/\/www.drrashel-bbg.com\/wp-content\/uploads\/2025\/10\/DRL-1951-2-768x796.jpg 768w, https:\/\/www.drrashel-bbg.com\/wp-content\/uploads\/2025\/10\/DRL-1951-2-600x622.jpg 600w\" sizes=\"(max-width: 1300px) 100vw, 1300px\" \/> <img decoding=\"async\" class=\"aligncenter wp-image-4623\" src=\"https:\/\/www.drrashel-bbg.com\/wp-content\/uploads\/2025\/10\/DRL-1951-3.jpg\" alt=\"\" width=\"1300\" height=\"1560\" srcset=\"https:\/\/www.drrashel-bbg.com\/wp-content\/uploads\/2025\/10\/DRL-1951-3.jpg 790w, https:\/\/www.drrashel-bbg.com\/wp-content\/uploads\/2025\/10\/DRL-1951-3-250x300.jpg 250w, https:\/\/www.drrashel-bbg.com\/wp-content\/uploads\/2025\/10\/DRL-1951-3-768x922.jpg 768w, https:\/\/www.drrashel-bbg.com\/wp-content\/uploads\/2025\/10\/DRL-1951-3-600x720.jpg 600w\" sizes=\"(max-width: 1300px) 100vw, 1300px\" \/> <img loading=\"lazy\" decoding=\"async\" class=\"aligncenter wp-image-4624\" src=\"https:\/\/www.drrashel-bbg.com\/wp-content\/uploads\/2025\/10\/DRL-1951-4.jpg\" alt=\"\" width=\"1300\" height=\"1896\" srcset=\"https:\/\/www.drrashel-bbg.com\/wp-content\/uploads\/2025\/10\/DRL-1951-4.jpg 790w, https:\/\/www.drrashel-bbg.com\/wp-content\/uploads\/2025\/10\/DRL-1951-4-206x300.jpg 206w, https:\/\/www.drrashel-bbg.com\/wp-content\/uploads\/2025\/10\/DRL-1951-4-702x1024.jpg 702w, https:\/\/www.drrashel-bbg.com\/wp-content\/uploads\/2025\/10\/DRL-1951-4-768x1120.jpg 768w, https:\/\/www.drrashel-bbg.com\/wp-content\/uploads\/2025\/10\/DRL-1951-4-600x875.jpg 600w\" sizes=\"(max-width: 1300px) 100vw, 1300px\" \/> <img loading=\"lazy\" decoding=\"async\" class=\"aligncenter wp-image-4625\" src=\"https:\/\/www.drrashel-bbg.com\/wp-content\/uploads\/2025\/10\/DRL-1951-5.jpg\" alt=\"\" width=\"1300\" height=\"2008\" srcset=\"https:\/\/www.drrashel-bbg.com\/wp-content\/uploads\/2025\/10\/DRL-1951-5.jpg 790w, https:\/\/www.drrashel-bbg.com\/wp-content\/uploads\/2025\/10\/DRL-1951-5-194x300.jpg 194w, https:\/\/www.drrashel-bbg.com\/wp-content\/uploads\/2025\/10\/DRL-1951-5-663x1024.jpg 663w, https:\/\/www.drrashel-bbg.com\/wp-content\/uploads\/2025\/10\/DRL-1951-5-768x1186.jpg 768w, https:\/\/www.drrashel-bbg.com\/wp-content\/uploads\/2025\/10\/DRL-1951-5-600x927.jpg 600w\" sizes=\"(max-width: 1300px) 100vw, 1300px\" \/> <img loading=\"lazy\" decoding=\"async\" class=\"aligncenter wp-image-4626\" src=\"https:\/\/www.drrashel-bbg.com\/wp-content\/uploads\/2025\/10\/DRL-1951-6.jpg\" alt=\"\" width=\"1300\" height=\"1794\" srcset=\"https:\/\/www.drrashel-bbg.com\/wp-content\/uploads\/2025\/10\/DRL-1951-6.jpg 790w, https:\/\/www.drrashel-bbg.com\/wp-content\/uploads\/2025\/10\/DRL-1951-6-217x300.jpg 217w, https:\/\/www.drrashel-bbg.com\/wp-content\/uploads\/2025\/10\/DRL-1951-6-742x1024.jpg 742w, https:\/\/www.drrashel-bbg.com\/wp-content\/uploads\/2025\/10\/DRL-1951-6-768x1060.jpg 768w, https:\/\/www.drrashel-bbg.com\/wp-content\/uploads\/2025\/10\/DRL-1951-6-600x828.jpg 600w\" sizes=\"(max-width: 1300px) 100vw, 1300px\" \/> <img loading=\"lazy\" decoding=\"async\" class=\"aligncenter wp-image-4627\" src=\"https:\/\/www.drrashel-bbg.com\/wp-content\/uploads\/2025\/10\/DRL-1951-7.jpg\" alt=\"\" width=\"1300\" height=\"1772\" srcset=\"https:\/\/www.drrashel-bbg.com\/wp-content\/uploads\/2025\/10\/DRL-1951-7.jpg 790w, https:\/\/www.drrashel-bbg.com\/wp-content\/uploads\/2025\/10\/DRL-1951-7-220x300.jpg 220w, https:\/\/www.drrashel-bbg.com\/wp-content\/uploads\/2025\/10\/DRL-1951-7-751x1024.jpg 751w, https:\/\/www.drrashel-bbg.com\/wp-content\/uploads\/2025\/10\/DRL-1951-7-768x1047.jpg 768w, https:\/\/www.drrashel-bbg.com\/wp-content\/uploads\/2025\/10\/DRL-1951-7-600x818.jpg 600w\" sizes=\"(max-width: 1300px) 100vw, 1300px\" \/> <img loading=\"lazy\" decoding=\"async\" class=\"aligncenter wp-image-4628\" src=\"https:\/\/www.drrashel-bbg.com\/wp-content\/uploads\/2025\/10\/DRL-1951-8.jpg\" alt=\"\" width=\"1300\" height=\"1940\" srcset=\"https:\/\/www.drrashel-bbg.com\/wp-content\/uploads\/2025\/10\/DRL-1951-8.jpg 790w, https:\/\/www.drrashel-bbg.com\/wp-content\/uploads\/2025\/10\/DRL-1951-8-201x300.jpg 201w, https:\/\/www.drrashel-bbg.com\/wp-content\/uploads\/2025\/10\/DRL-1951-8-686x1024.jpg 686w, https:\/\/www.drrashel-bbg.com\/wp-content\/uploads\/2025\/10\/DRL-1951-8-768x1146.jpg 768w, https:\/\/www.drrashel-bbg.com\/wp-content\/uploads\/2025\/10\/DRL-1951-8-600x895.jpg 600w\" sizes=\"(max-width: 1300px) 100vw, 1300px\" \/> <img loading=\"lazy\" decoding=\"async\" class=\"aligncenter wp-image-4629\" src=\"https:\/\/www.drrashel-bbg.com\/wp-content\/uploads\/2025\/10\/DRL-1951-9.jpg\" alt=\"\" width=\"1300\" height=\"1522\" srcset=\"https:\/\/www.drrashel-bbg.com\/wp-content\/uploads\/2025\/10\/DRL-1951-9.jpg 790w, https:\/\/www.drrashel-bbg.com\/wp-content\/uploads\/2025\/10\/DRL-1951-9-256x300.jpg 256w, https:\/\/www.drrashel-bbg.com\/wp-content\/uploads\/2025\/10\/DRL-1951-9-768x899.jpg 768w, https:\/\/www.drrashel-bbg.com\/wp-content\/uploads\/2025\/10\/DRL-1951-9-600x703.jpg 600w\" sizes=\"(max-width: 1300px) 100vw, 1300px\" \/> <img loading=\"lazy\" decoding=\"async\" class=\"aligncenter wp-image-4630\" src=\"https:\/\/www.drrashel-bbg.com\/wp-content\/uploads\/2025\/10\/DRL-1951-10.jpg\" alt=\"\" width=\"1300\" height=\"915\" srcset=\"https:\/\/www.drrashel-bbg.com\/wp-content\/uploads\/2025\/10\/DRL-1951-10.jpg 790w, https:\/\/www.drrashel-bbg.com\/wp-content\/uploads\/2025\/10\/DRL-1951-10-300x211.jpg 300w, https:\/\/www.drrashel-bbg.com\/wp-content\/uploads\/2025\/10\/DRL-1951-10-768x541.jpg 768w, https:\/\/www.drrashel-bbg.com\/wp-content\/uploads\/2025\/10\/DRL-1951-10-600x422.jpg 600w\" sizes=\"(max-width: 1300px) 100vw, 1300px\" \/> <img loading=\"lazy\" decoding=\"async\" class=\"aligncenter wp-image-4631\" src=\"https:\/\/www.drrashel-bbg.com\/wp-content\/uploads\/2025\/10\/DRL-1951-11.jpg\" alt=\"\" width=\"1300\" height=\"864\" srcset=\"https:\/\/www.drrashel-bbg.com\/wp-content\/uploads\/2025\/10\/DRL-1951-11.jpg 790w, https:\/\/www.drrashel-bbg.com\/wp-content\/uploads\/2025\/10\/DRL-1951-11-300x199.jpg 300w, https:\/\/www.drrashel-bbg.com\/wp-content\/uploads\/2025\/10\/DRL-1951-11-768x510.jpg 768w, https:\/\/www.drrashel-bbg.com\/wp-content\/uploads\/2025\/10\/DRL-1951-11-600x399.jpg 600w\" sizes=\"(max-width: 1300px) 100vw, 1300px\" \/> <img loading=\"lazy\" decoding=\"async\" class=\"aligncenter wp-image-4632\" src=\"https:\/\/www.drrashel-bbg.com\/wp-content\/uploads\/2025\/10\/DRL-1951-12.jpg\" alt=\"\" width=\"1300\" height=\"930\" srcset=\"https:\/\/www.drrashel-bbg.com\/wp-content\/uploads\/2025\/10\/DRL-1951-12.jpg 790w, https:\/\/www.drrashel-bbg.com\/wp-content\/uploads\/2025\/10\/DRL-1951-12-300x215.jpg 300w, https:\/\/www.drrashel-bbg.com\/wp-content\/uploads\/2025\/10\/DRL-1951-12-768x549.jpg 768w, https:\/\/www.drrashel-bbg.com\/wp-content\/uploads\/2025\/10\/DRL-1951-12-600x429.jpg 600w\" sizes=\"(max-width: 1300px) 100vw, 1300px\" \/> <img loading=\"lazy\" decoding=\"async\" class=\"aligncenter wp-image-4633\" src=\"https:\/\/www.drrashel-bbg.com\/wp-content\/uploads\/2025\/10\/DRL-1951-13.jpg\" alt=\"\" width=\"1300\" height=\"846\" srcset=\"https:\/\/www.drrashel-bbg.com\/wp-content\/uploads\/2025\/10\/DRL-1951-13.jpg 790w, https:\/\/www.drrashel-bbg.com\/wp-content\/uploads\/2025\/10\/DRL-1951-13-300x195.jpg 300w, https:\/\/www.drrashel-bbg.com\/wp-content\/uploads\/2025\/10\/DRL-1951-13-768x500.jpg 768w, https:\/\/www.drrashel-bbg.com\/wp-content\/uploads\/2025\/10\/DRL-1951-13-600x390.jpg 600w\" sizes=\"(max-width: 1300px) 100vw, 1300px\" \/><\/p>\n<p>&nbsp;<\/p>\n<p><strong><b>Beneficios del producto:<\/b><\/strong><\/p>\n<p><strong><b>Limpiador facial luminoso con vitamina C<\/b><\/strong>\u00a0exfolia suavemente y limpia eficazmente la piel. <strong><b>Vitamina C t\u00f3ner de esencia brillante<\/b><\/strong>\u00a0aprieta y limpia los poros desde dentro, al tiempo que ayuda a reducir la aparici\u00f3n de manchas. <strong><b>Vitamina C Clarificador del rostro<\/b><\/strong>\u00a0ayuda a mejorar el tono de la piel y mejorar el resplandor. <strong><b>Crema de d\u00eda con vitamina C<\/b><\/strong>\u00a0mejora la elasticidad de la piel, mientras que <strong><b>Crema nocturna iluminadora con vitamina C<\/b><\/strong>\u00a0Deja su piel sinti\u00e9ndose hidratada e hidratada durante todo el d\u00eda.<\/p>\n<p>&nbsp;<\/p>\n<p><strong><b>Ingredientes y tecnolog\u00edas principales:<\/b><\/strong><\/p>\n<p>INGREDIENTES ESTRELLADOS<\/p>\n<p>VC puede eliminar las c\u00e9lulas de la piel borrosas y revelar el resplandor. Es rico en multivitaminas, haciendo que la piel sea lisa, brillante y revitalizada.<\/p>\n<p>INGREDIENTES COMPLETOS<\/p>\n<p><strong><b>Limpiador facial luminoso con vitamina C<\/b><\/strong><\/p>\n<p>AQUA, NIACINAMIDA, HIALURONATO DE SODIO, \u00c1CIDO ASCORBICO DE 3-O-ETILO, CERAMIDA NP<\/p>\n<p><strong><b>Vitamina C t\u00f3ner de esencia brillante<\/b><\/strong><\/p>\n<p>AQUA, GLICERINA, HIALURONATO DE SODIO, NIACINAMIDA, \u00c1CIDO ASCORBICO DE 3-O-ETILO, CERAMIDA NP<\/p>\n<p><strong><b>Vitamina C Clarificador del rostro<\/b><\/strong><\/p>\n<p>AQUA, GLICERINA, NIACINAMIDA, HIALURONATO DE SODIO, \u00c1CIDO ASCORBICO DE 3-O-ETILO, CERAMIDA NP<\/p>\n<p><strong><b>Crema de d\u00eda con vitamina C<\/b><\/strong><\/p>\n<p>AQUA, GLICERINA, NIACINAMIDA, HIALURONATO DE SODIO, \u00c1CIDO ASCORBICO DE 3-O-ETILO, CERAMIDA NP<\/p>\n<p><strong><b>Crema nocturna iluminadora con vitamina C<\/b><\/strong><\/p>\n<p>AQUA, GLICERINA, NIACINAMIDA, HIALURONATO DE SODIO, \u00c1CIDO ASCORBICO DE 3-O-ETILO, CERAMIDA NP<\/p>\n<p>&nbsp;<\/p>\n<p><strong><b>C\u00f3mo utilizar:<\/b><\/strong><\/p>\n<h2><strong><b>Limpiador facial luminoso con vitamina C<\/b><\/strong><\/h2>\n<p>Usar dos veces al d\u00eda, presionar una peque\u00f1a cantidad en las manos y trabajar en espuma rica. Masajear la cara h\u00fameda, evitar el contacto con los ojos, enjuagar a fondo con agua.<\/p>\n<p><strong><b>Vitamina C t\u00f3ner de esencia brillante<\/b><\/strong><\/p>\n<p>Lavar la cara, tomar la cantidad adecuada en su mano y con una solapa suave hasta absorber perfectamente. O remoje una almohadilla de algod\u00f3n con t\u00f3ner y limpie suavemente la cara, los ojos y el cuello para limpiar y tonificar.<\/p>\n<p><strong><b>Vitamina C Clarificador del rostro<\/b><\/strong><\/p>\n<p>Se utiliza en la piel limpiada, distribuye 3-4 gotas en la piel de la cara y el cuello, empezando desde el centro de la cara y trabajando su camino, y masajear suavemente absorbido, se utiliza todas las ma\u00f1anas y noches solo o antes de su hidratante.<\/p>\n<p><strong><b>Crema de d\u00eda con vitamina C<\/b><\/strong><\/p>\n<p>Aplicar todos los d\u00edas en una cara y cuello completamente limpiados despu\u00e9s del suero. Aplicar con movimientos circulares para una mejor absorci\u00f3n. Evite el contacto con los ojos.<\/p>\n<p><strong><b>Crema nocturna iluminadora con vitamina C<\/b><\/strong><\/p>\n<p>Lisear sobre la cara y el cuello todas las noches despu\u00e9s de limpiar y aplicar los sueros. Evitar el contacto con<\/p>\n<p>&nbsp;<\/p>\n<p><strong><b>Introducci\u00f3n de la marca:<\/b><\/strong><\/p>\n<p>DR\u00b7RASHEL fue fundada en 1989 por el Sr. BAKRI, un maestro de cuidado de la piel, con treinta a\u00f1os de experiencia en productos. Centrado en la salud, el Sr. BAKRI desarroll\u00f3 f\u00f3rmulas precisas para los ingredientes naturales para maximizar la salud de la piel y el brillo vibrante, un principio aplicado en la amplia gama de productos de cuidado de la piel de DR\u00b7RASHEL.<\/p>\n<p>Los productos de DR\u00b7RASHEL est\u00e1n extendidos por todo el mundo y son bienvenidos por clientes en cinco continentes, m\u00e1s espec\u00edficamente, en Oriente Medio, Am\u00e9rica del Sur y Europa.<\/p>\n<p>Exportamos a m\u00e1s de 100 pa\u00edses, incluyendo Emiratos \u00c1rabes Unidos, Rusia, Am\u00e9rica, M\u00e9xico, Australia, Arabia Saudita, Brasil, India y Sud\u00e1frica.<\/p>\n<p>Tenemos ISO, GMPC American European Union International Autoritative Double Certification, Advanced R &amp; amp; D equipo de prueba, miles de f\u00f3rmulas maduras y equipo de ventas de alta eficiencia y superioridad de precio competitivo. Nuestras categor\u00edas de productos son: productos de cuidado de la piel, productos de maquillaje, productos de lavado y cuidado.<\/p>\n<p>&nbsp;<\/p>\n<p><strong><b>Preguntas frecuentes:<\/b><\/strong><\/p>\n<p>P: \u00bfCu\u00e1les son las principales funciones de este paquete de viajes VC?<\/p>\n<p>R: Este producto es principalmente para la antioxidaci\u00f3n y el tono de piel aclarante. Es especialmente adecuado para ayudar a la piel a resistir los rayos ultravioletas durante el viaje y evitar que la fatiga de viaje cause tono de piel borroso.<\/p>\n<p>P: \u00bfEl tama\u00f1o de viaje y los productos de tama\u00f1o completo tienen los mismos ingredientes?<\/p>\n<p>R: S\u00ed, los ingredientes, la f\u00f3rmula y la calidad del producto de tama\u00f1o de viaje son exactamente los mismos que el tama\u00f1o completo, pero es una versi\u00f3n mini dise\u00f1ada para su comodidad cuando viaja o para su primera experiencia.<\/p>","protected":false},"excerpt":{"rendered":"<p>Este conjunto de viajes est\u00e1 dise\u00f1ado para ser sencillo y conveniente, lo que lo hace conveniente para que las personas viajen. La funci\u00f3n principal de este kit es aclarar las manchas oscuras, igualar el tono de la piel, mejorar el brillo y el color, y hacer que la piel sea suave y el\u00e1stica.<\/p>\n<p>N\u00famero de serie: DRL-1951<\/p>\n<p>Tipo de piel aplicable: Adecuado para todos los tipos de piel<\/p>\n<p>Capacidad del producto: 120g 100ml 50ml 50g 50g<\/p>","protected":false},"featured_media":4619,"comment_status":"closed","ping_status":"closed","template":"","meta":[],"product_brand":[],"product_cat":[169,168],"product_tag":[],"class_list":{"0":"post-4614","1":"product","2":"type-product","3":"status-publish","4":"has-post-thumbnail","6":"product_cat-facial-care-sets","7":"product_cat-sets-kits","9":"first","10":"instock","11":"shipping-taxable","12":"product-type-simple"},"_links":{"self":[{"href":"https:\/\/www.drrashel-bbg.com\/es\/wp-json\/wp\/v2\/product\/4614","targetHints":{"allow":["GET"]}}],"collection":[{"href":"https:\/\/www.drrashel-bbg.com\/es\/wp-json\/wp\/v2\/product"}],"about":[{"href":"https:\/\/www.drrashel-bbg.com\/es\/wp-json\/wp\/v2\/types\/product"}],"replies":[{"embeddable":true,"href":"https:\/\/www.drrashel-bbg.com\/es\/wp-json\/wp\/v2\/comments?post=4614"}],"wp:featuredmedia":[{"embeddable":true,"href":"https:\/\/www.drrashel-bbg.com\/es\/wp-json\/wp\/v2\/media\/4619"}],"wp:attachment":[{"href":"https:\/\/www.drrashel-bbg.com\/es\/wp-json\/wp\/v2\/media?parent=4614"}],"wp:term":[{"taxonomy":"product_brand","embeddable":true,"href":"https:\/\/www.drrashel-bbg.com\/es\/wp-json\/wp\/v2\/product_brand?post=4614"},{"taxonomy":"product_cat","embeddable":true,"href":"https:\/\/www.drrashel-bbg.com\/es\/wp-json\/wp\/v2\/product_cat?post=4614"},{"taxonomy":"product_tag","embeddable":true,"href":"https:\/\/www.drrashel-bbg.com\/es\/wp-json\/wp\/v2\/product_tag?post=4614"}],"curies":[{"name":"wp","href":"https:\/\/api.w.org\/{rel}","templated":true}]}}