{"id":4634,"date":"2025-10-24T17:10:01","date_gmt":"2025-10-24T09:10:01","guid":{"rendered":"https:\/\/www.drrashel-bbg.com\/?post_type=product&#038;p=4634"},"modified":"2026-01-04T14:16:26","modified_gmt":"2026-01-04T06:16:26","slug":"whitening-fade-spots-skin-care-kit-drl","status":"publish","type":"product","link":"https:\/\/www.drrashel-bbg.com\/es\/facial-care-sets\/whitening-fade-spots-skin-care-kit-drl\/","title":{"rendered":"Kit de cuidado de la piel Whitening Fade Spots"},"content":{"rendered":"<p data-wp-editing=\"1\"><img fetchpriority=\"high\" decoding=\"async\" class=\"aligncenter wp-image-4639\" src=\"https:\/\/www.drrashel-bbg.com\/wp-content\/uploads\/2025\/10\/DRL-1701-2.jpg\" alt=\"\" width=\"1300\" height=\"2524\" srcset=\"https:\/\/www.drrashel-bbg.com\/wp-content\/uploads\/2025\/10\/DRL-1701-2.jpg 750w, https:\/\/www.drrashel-bbg.com\/wp-content\/uploads\/2025\/10\/DRL-1701-2-155x300.jpg 155w, https:\/\/www.drrashel-bbg.com\/wp-content\/uploads\/2025\/10\/DRL-1701-2-527x1024.jpg 527w, https:\/\/www.drrashel-bbg.com\/wp-content\/uploads\/2025\/10\/DRL-1701-2-600x1165.jpg 600w\" sizes=\"(max-width: 1300px) 100vw, 1300px\" \/> <img decoding=\"async\" class=\"aligncenter wp-image-4640\" src=\"https:\/\/www.drrashel-bbg.com\/wp-content\/uploads\/2025\/10\/DRL-1701-3.jpg\" alt=\"\" width=\"1300\" height=\"2042\" srcset=\"https:\/\/www.drrashel-bbg.com\/wp-content\/uploads\/2025\/10\/DRL-1701-3.jpg 750w, https:\/\/www.drrashel-bbg.com\/wp-content\/uploads\/2025\/10\/DRL-1701-3-191x300.jpg 191w, https:\/\/www.drrashel-bbg.com\/wp-content\/uploads\/2025\/10\/DRL-1701-3-652x1024.jpg 652w, https:\/\/www.drrashel-bbg.com\/wp-content\/uploads\/2025\/10\/DRL-1701-3-600x942.jpg 600w\" sizes=\"(max-width: 1300px) 100vw, 1300px\" \/> <img decoding=\"async\" class=\"aligncenter wp-image-4641\" src=\"https:\/\/www.drrashel-bbg.com\/wp-content\/uploads\/2025\/10\/DRL-1701-4.jpg\" alt=\"\" width=\"1300\" height=\"1754\" srcset=\"https:\/\/www.drrashel-bbg.com\/wp-content\/uploads\/2025\/10\/DRL-1701-4.jpg 750w, https:\/\/www.drrashel-bbg.com\/wp-content\/uploads\/2025\/10\/DRL-1701-4-222x300.jpg 222w, https:\/\/www.drrashel-bbg.com\/wp-content\/uploads\/2025\/10\/DRL-1701-4-600x810.jpg 600w\" sizes=\"(max-width: 1300px) 100vw, 1300px\" \/> <img loading=\"lazy\" decoding=\"async\" class=\"aligncenter wp-image-4642\" src=\"https:\/\/www.drrashel-bbg.com\/wp-content\/uploads\/2025\/10\/DRL-1701-5.jpg\" alt=\"\" width=\"1300\" height=\"1801\" srcset=\"https:\/\/www.drrashel-bbg.com\/wp-content\/uploads\/2025\/10\/DRL-1701-5.jpg 750w, https:\/\/www.drrashel-bbg.com\/wp-content\/uploads\/2025\/10\/DRL-1701-5-217x300.jpg 217w, https:\/\/www.drrashel-bbg.com\/wp-content\/uploads\/2025\/10\/DRL-1701-5-739x1024.jpg 739w, https:\/\/www.drrashel-bbg.com\/wp-content\/uploads\/2025\/10\/DRL-1701-5-600x831.jpg 600w\" sizes=\"(max-width: 1300px) 100vw, 1300px\" \/> <img loading=\"lazy\" decoding=\"async\" class=\"aligncenter wp-image-4643\" src=\"https:\/\/www.drrashel-bbg.com\/wp-content\/uploads\/2025\/10\/DRL-1701-6.jpg\" alt=\"\" width=\"1300\" height=\"1834\" srcset=\"https:\/\/www.drrashel-bbg.com\/wp-content\/uploads\/2025\/10\/DRL-1701-6.jpg 750w, https:\/\/www.drrashel-bbg.com\/wp-content\/uploads\/2025\/10\/DRL-1701-6-213x300.jpg 213w, https:\/\/www.drrashel-bbg.com\/wp-content\/uploads\/2025\/10\/DRL-1701-6-726x1024.jpg 726w, https:\/\/www.drrashel-bbg.com\/wp-content\/uploads\/2025\/10\/DRL-1701-6-600x846.jpg 600w\" sizes=\"(max-width: 1300px) 100vw, 1300px\" \/> <img loading=\"lazy\" decoding=\"async\" class=\"aligncenter wp-image-4644\" src=\"https:\/\/www.drrashel-bbg.com\/wp-content\/uploads\/2025\/10\/DRL-1701-7.jpg\" alt=\"\" width=\"1300\" height=\"1901\" srcset=\"https:\/\/www.drrashel-bbg.com\/wp-content\/uploads\/2025\/10\/DRL-1701-7.jpg 750w, https:\/\/www.drrashel-bbg.com\/wp-content\/uploads\/2025\/10\/DRL-1701-7-205x300.jpg 205w, https:\/\/www.drrashel-bbg.com\/wp-content\/uploads\/2025\/10\/DRL-1701-7-700x1024.jpg 700w, https:\/\/www.drrashel-bbg.com\/wp-content\/uploads\/2025\/10\/DRL-1701-7-600x878.jpg 600w\" sizes=\"(max-width: 1300px) 100vw, 1300px\" \/> <img loading=\"lazy\" decoding=\"async\" class=\"aligncenter wp-image-4645\" src=\"https:\/\/www.drrashel-bbg.com\/wp-content\/uploads\/2025\/10\/DRL-1701-8.jpg\" alt=\"\" width=\"1300\" height=\"1399\" srcset=\"https:\/\/www.drrashel-bbg.com\/wp-content\/uploads\/2025\/10\/DRL-1701-8.jpg 750w, https:\/\/www.drrashel-bbg.com\/wp-content\/uploads\/2025\/10\/DRL-1701-8-279x300.jpg 279w, https:\/\/www.drrashel-bbg.com\/wp-content\/uploads\/2025\/10\/DRL-1701-8-600x646.jpg 600w\" sizes=\"(max-width: 1300px) 100vw, 1300px\" \/> <img loading=\"lazy\" decoding=\"async\" class=\"aligncenter wp-image-4646\" src=\"https:\/\/www.drrashel-bbg.com\/wp-content\/uploads\/2025\/10\/DRL-1701-9.jpg\" alt=\"\" width=\"1300\" height=\"2454\" srcset=\"https:\/\/www.drrashel-bbg.com\/wp-content\/uploads\/2025\/10\/DRL-1701-9.jpg 750w, https:\/\/www.drrashel-bbg.com\/wp-content\/uploads\/2025\/10\/DRL-1701-9-159x300.jpg 159w, https:\/\/www.drrashel-bbg.com\/wp-content\/uploads\/2025\/10\/DRL-1701-9-542x1024.jpg 542w, https:\/\/www.drrashel-bbg.com\/wp-content\/uploads\/2025\/10\/DRL-1701-9-600x1133.jpg 600w\" sizes=\"(max-width: 1300px) 100vw, 1300px\" \/> <img loading=\"lazy\" decoding=\"async\" class=\"aligncenter wp-image-4647\" src=\"https:\/\/www.drrashel-bbg.com\/wp-content\/uploads\/2025\/10\/DRL-1701-10.jpg\" alt=\"\" width=\"1300\" height=\"1981\" srcset=\"https:\/\/www.drrashel-bbg.com\/wp-content\/uploads\/2025\/10\/DRL-1701-10.jpg 750w, https:\/\/www.drrashel-bbg.com\/wp-content\/uploads\/2025\/10\/DRL-1701-10-197x300.jpg 197w, https:\/\/www.drrashel-bbg.com\/wp-content\/uploads\/2025\/10\/DRL-1701-10-672x1024.jpg 672w, https:\/\/www.drrashel-bbg.com\/wp-content\/uploads\/2025\/10\/DRL-1701-10-600x914.jpg 600w\" sizes=\"(max-width: 1300px) 100vw, 1300px\" \/> <img loading=\"lazy\" decoding=\"async\" class=\"aligncenter wp-image-4648\" src=\"https:\/\/www.drrashel-bbg.com\/wp-content\/uploads\/2025\/10\/DRL-1701-11.jpg\" alt=\"\" width=\"1300\" height=\"2026\" srcset=\"https:\/\/www.drrashel-bbg.com\/wp-content\/uploads\/2025\/10\/DRL-1701-11.jpg 750w, https:\/\/www.drrashel-bbg.com\/wp-content\/uploads\/2025\/10\/DRL-1701-11-192x300.jpg 192w, https:\/\/www.drrashel-bbg.com\/wp-content\/uploads\/2025\/10\/DRL-1701-11-657x1024.jpg 657w, https:\/\/www.drrashel-bbg.com\/wp-content\/uploads\/2025\/10\/DRL-1701-11-600x935.jpg 600w\" sizes=\"(max-width: 1300px) 100vw, 1300px\" \/> <img loading=\"lazy\" decoding=\"async\" class=\"aligncenter wp-image-4649\" src=\"https:\/\/www.drrashel-bbg.com\/wp-content\/uploads\/2025\/10\/DRL-1701-12.jpg\" alt=\"\" width=\"1300\" height=\"2922\" srcset=\"https:\/\/www.drrashel-bbg.com\/wp-content\/uploads\/2025\/10\/DRL-1701-12.jpg 750w, https:\/\/www.drrashel-bbg.com\/wp-content\/uploads\/2025\/10\/DRL-1701-12-133x300.jpg 133w, https:\/\/www.drrashel-bbg.com\/wp-content\/uploads\/2025\/10\/DRL-1701-12-456x1024.jpg 456w, https:\/\/www.drrashel-bbg.com\/wp-content\/uploads\/2025\/10\/DRL-1701-12-683x1536.jpg 683w, https:\/\/www.drrashel-bbg.com\/wp-content\/uploads\/2025\/10\/DRL-1701-12-600x1349.jpg 600w\" sizes=\"(max-width: 1300px) 100vw, 1300px\" \/> <img loading=\"lazy\" decoding=\"async\" class=\"aligncenter wp-image-4650\" src=\"https:\/\/www.drrashel-bbg.com\/wp-content\/uploads\/2025\/10\/DRL-1701-13.jpg\" alt=\"\" width=\"1300\" height=\"1364\" srcset=\"https:\/\/www.drrashel-bbg.com\/wp-content\/uploads\/2025\/10\/DRL-1701-13.jpg 750w, https:\/\/www.drrashel-bbg.com\/wp-content\/uploads\/2025\/10\/DRL-1701-13-286x300.jpg 286w, https:\/\/www.drrashel-bbg.com\/wp-content\/uploads\/2025\/10\/DRL-1701-13-600x630.jpg 600w\" sizes=\"(max-width: 1300px) 100vw, 1300px\" \/><\/p>\n<p><strong><b>Beneficios del producto:<\/b><\/strong><\/p>\n<p><strong><b>Toner de manchas de blanqueamiento<\/b><\/strong>\u00a0hidrata, revigora y mantiene la humedad las 24 horas. <strong><b>Blancamiento se desvanecen manchas<\/b><\/strong>\u00a0<strong><b>loci\u00f3n<\/b><\/strong>\u00a0deja la piel clara y brillante. Tambi\u00e9n ayuda a reducir la aparici\u00f3n de arrugas y l\u00edneas finas. <strong><b>Limpiador de blanqueamiento Fade<\/b><\/strong>\u00a0exfolia suavemente, estimula la renovaci\u00f3n celular y reduce la aparici\u00f3n de manchas oscuras y decoloraci\u00f3n. <strong><b>Serum de manchas blanqueadoras<\/b><\/strong>\u00a0ilumina y purifica la piel para un mayor resplandor. <strong><b>Crema nocturna Fade Spots<\/b><\/strong>\u00a0equilibra el tono de la piel, nutre y repara. <strong><b>Crema de d\u00eda blanqueador<\/b><\/strong>\u00a0Reduce la hiperpigmentaci\u00f3n para un aspecto refrescado durante todo el d\u00eda.<\/p>\n<p>&nbsp;<\/p>\n<p><strong><b>Ingredientes y tecnolog\u00edas principales:<\/b><\/strong><\/p>\n<p>INGREDIENTES ESTRELLADOS<\/p>\n<p>La niacinamida aborda visiblemente el aburrimiento debido a las manchas oscuras y ultrafinas, ayudando a restaurar la apariencia de la piel lisa, clara y saludable.<\/p>\n<p>INGREDIENTES COMPLETOS<\/p>\n<p><strong><b>Toner de manchas de blanqueamiento<\/b><\/strong><\/p>\n<p>AQUA, ALP HA-ARBUTINA, NIACINAMIDA, \u00c1CIDO HIALUR\u00d3NICO, MALTITOL<\/p>\n<p><strong><b>Loci\u00f3n de blanqueamiento Fade Spots<\/b><\/strong><\/p>\n<p>AQUA, ALFA-ARBUTINA, NIACINAMIDA, TOCOFEROL, \u00c1CIDO HIALUR\u00d3NICO<\/p>\n<p><strong><b>Limpiador de blanqueamiento Fade<\/b><\/strong><\/p>\n<p>AQUA, GLICERINA, \u00c1CIDO PALM\u00cdTICO, \u00c1CIDO EST\u00c9ARICO, \u00c1CIDO MIR\u00cdSTICO<\/p>\n<p><strong><b>Serum de manchas blanqueadoras<\/b><\/strong><\/p>\n<p>AQUA, GLICERINA, EXTRACTO DE ALOE VERA, ARBUTINA, HIALURONATO DE SODIO<\/p>\n<p><strong><b>Crema nocturna Fade Spots<\/b><\/strong><\/p>\n<p>AGUA, GLICERINA, NIACINAMIDA, HIALURONATO DE SODIO, ALFA-ARBUTINA<\/p>\n<p><strong><b>Crema de d\u00eda blanqueador<\/b><\/strong><\/p>\n<p>AGUA, GLICERINA, NIACINAMIDA, ALFA-ARBUTINA, HIALURONATO DE SODIO<\/p>\n<p>&nbsp;<\/p>\n<p><strong><b>C\u00f3mo utilizar:<\/b><\/strong><\/p>\n<h2><strong><b>Toner de manchas de blanqueamiento<\/b><\/strong><\/h2>\n<p>Use diariamente, por la ma\u00f1ana y por la noche, como el \u00faltimo paso de su rutina de limpieza: despu\u00e9s de su limpiador y exfoliante facial, y antes de su suero y hidratante.<\/p>\n<p><strong><b>Loci\u00f3n de blanqueamiento Fade Spots<\/b><\/strong><\/p>\n<p>Usar por la ma\u00f1ana y la noche, aplicar a la piel de d\u00eda o h\u00fameda en la cara, el cuello y el decollete. Masajear suavemente en la piel.<\/p>\n<p><strong><b>Limpiador de blanqueamiento Fade<\/b><\/strong><\/p>\n<p>Usar dos veces al d\u00eda, presionar una peque\u00f1a cantidad en las manos y trabajar en espuma rica, masaje en la cara h\u00fameda, evitar el contacto con los ojos, enjuagar a fondo con agua.<\/p>\n<p><strong><b>Serum de manchas blanqueadoras<\/b><\/strong><\/p>\n<p>Tratar la piel ma\u00f1ana y noche dispensando 2-4 gotas del tama\u00f1o de una perla del producto en la palma de la mano y aplicando uniformemente en \u00e1reas de decoloraci\u00f3n como manchas solares y manchas oscuras.<\/p>\n<p><strong><b>Crema nocturna Fade Spots<\/b><\/strong><\/p>\n<p>Cada noche despu\u00e9s de la limpieza, aplique uniformemente sobre la cara y el cuello.<\/p>\n<p><strong><b>Crema de d\u00eda blanqueador<\/b><\/strong><\/p>\n<p>Aplicar uniformemente sobre la cara cada ma\u00f1ana despu\u00e9s de la limpieza.<\/p>\n<p><strong><b>\u00a0<\/b><\/strong><\/p>\n<p><strong><b>Introducci\u00f3n de la marca:<\/b><\/strong><\/p>\n<p>DR\u00b7RASHEL fue fundada en 1989 por el Sr. BAKRI, un maestro de cuidado de la piel, con treinta a\u00f1os de experiencia en productos. Centrado en la salud, el Sr. BAKRI desarroll\u00f3 f\u00f3rmulas precisas para los ingredientes naturales para maximizar la salud de la piel y el brillo vibrante, un principio aplicado en la amplia gama de productos de cuidado de la piel de DR\u00b7RASHEL.<\/p>\n<p>Los productos de DR\u00b7RASHEL est\u00e1n extendidos por todo el mundo y son bienvenidos por clientes en cinco continentes, m\u00e1s espec\u00edficamente, en Oriente Medio, Am\u00e9rica del Sur y Europa.<\/p>\n<p>Exportamos a m\u00e1s de 100 pa\u00edses, incluyendo Emiratos \u00c1rabes Unidos, Rusia, Am\u00e9rica, M\u00e9xico, Australia, Arabia Saudita, Brasil, India y Sud\u00e1frica.<\/p>\n<p>Tenemos ISO, GMPC American European Union International Autoritative Double Certification, Advanced R &amp; amp; D equipo de prueba, miles de f\u00f3rmulas maduras y equipo de ventas de alta eficiencia y superioridad de precio competitivo. Nuestras categor\u00edas de productos son: productos de cuidado de la piel, productos de maquillaje, productos de lavado y cuidado.<\/p>\n<p>&nbsp;<\/p>\n<p><strong><b>Preguntas frecuentes:<\/b><\/strong><\/p>\n<p>P: \u00bfCu\u00e1l es el principal principio de blanqueamiento y eliminaci\u00f3n de manchas de este producto?<\/p>\n<p>R: Este kit utiliza niacinamida para aclarar las manchas. Puede inhibir la producci\u00f3n de melanina de la fuente y bloquear la transferencia de melanina a la epidermis.<\/p>\n<p>P: \u00bfPuede ser utilizado por personas con piel sensible?<\/p>\n<p>R: Este producto es suave en f\u00f3rmula, pero todo el mundo&#8217; Las alergias son diferentes. Recomendamos que las personas con piel sensible realicen una prueba de piel de 24 horas detr\u00e1s del o\u00eddo o en el interior del brazo para confirmar que no hay enrojecimiento, hinchaz\u00f3n, picaz\u00f3n u otra molestia antes de usar en la cara.<\/p>","protected":false},"excerpt":{"rendered":"<p>Este conjunto se centra en blanquear y aclarar las manchas, al tiempo que reduce la pigmentaci\u00f3n, aclara y incluso el tono de la piel, hidrata la piel y proporciona una hidrataci\u00f3n intensa, reparando e hidratando la piel toda la noche.<\/p>\n<p>N\u00famero de serie: DRL-1701<\/p>\n<p>Tipo de piel aplicable: Adecuado para todos, especialmente aquellos con manchas faciales que quieren blanquear su piel.<\/p>\n<p>Capacidad del producto: 100ml 100ml 80ml 50ml 50g 50g<\/p>","protected":false},"featured_media":4637,"comment_status":"closed","ping_status":"closed","template":"","meta":[],"product_brand":[],"product_cat":[169,168],"product_tag":[],"class_list":{"0":"post-4634","1":"product","2":"type-product","3":"status-publish","4":"has-post-thumbnail","6":"product_cat-facial-care-sets","7":"product_cat-sets-kits","9":"first","10":"instock","11":"shipping-taxable","12":"product-type-simple"},"_links":{"self":[{"href":"https:\/\/www.drrashel-bbg.com\/es\/wp-json\/wp\/v2\/product\/4634","targetHints":{"allow":["GET"]}}],"collection":[{"href":"https:\/\/www.drrashel-bbg.com\/es\/wp-json\/wp\/v2\/product"}],"about":[{"href":"https:\/\/www.drrashel-bbg.com\/es\/wp-json\/wp\/v2\/types\/product"}],"replies":[{"embeddable":true,"href":"https:\/\/www.drrashel-bbg.com\/es\/wp-json\/wp\/v2\/comments?post=4634"}],"wp:featuredmedia":[{"embeddable":true,"href":"https:\/\/www.drrashel-bbg.com\/es\/wp-json\/wp\/v2\/media\/4637"}],"wp:attachment":[{"href":"https:\/\/www.drrashel-bbg.com\/es\/wp-json\/wp\/v2\/media?parent=4634"}],"wp:term":[{"taxonomy":"product_brand","embeddable":true,"href":"https:\/\/www.drrashel-bbg.com\/es\/wp-json\/wp\/v2\/product_brand?post=4634"},{"taxonomy":"product_cat","embeddable":true,"href":"https:\/\/www.drrashel-bbg.com\/es\/wp-json\/wp\/v2\/product_cat?post=4634"},{"taxonomy":"product_tag","embeddable":true,"href":"https:\/\/www.drrashel-bbg.com\/es\/wp-json\/wp\/v2\/product_tag?post=4634"}],"curies":[{"name":"wp","href":"https:\/\/api.w.org\/{rel}","templated":true}]}}