{"id":4651,"date":"2025-10-24T17:21:47","date_gmt":"2025-10-24T09:21:47","guid":{"rendered":"https:\/\/www.drrashel-bbg.com\/?post_type=product&#038;p=4651"},"modified":"2025-12-30T09:50:24","modified_gmt":"2025-12-30T01:50:24","slug":"whitening-fade-spots-soap","status":"publish","type":"product","link":"https:\/\/www.drrashel-bbg.com\/es\/cleansing\/whitening-fade-spots-soap\/","title":{"rendered":"Jab\u00f3n para blanquear manchas"},"content":{"rendered":"<p><img fetchpriority=\"high\" decoding=\"async\" class=\"aligncenter wp-image-4660\" src=\"https:\/\/www.drrashel-bbg.com\/wp-content\/uploads\/2025\/10\/DRL-1611-2.jpg\" alt=\"\" width=\"1300\" height=\"1300\" srcset=\"https:\/\/www.drrashel-bbg.com\/wp-content\/uploads\/2025\/10\/DRL-1611-2.jpg 750w, https:\/\/www.drrashel-bbg.com\/wp-content\/uploads\/2025\/10\/DRL-1611-2-300x300.jpg 300w, https:\/\/www.drrashel-bbg.com\/wp-content\/uploads\/2025\/10\/DRL-1611-2-150x150.jpg 150w, https:\/\/www.drrashel-bbg.com\/wp-content\/uploads\/2025\/10\/DRL-1611-2-600x600.jpg 600w, https:\/\/www.drrashel-bbg.com\/wp-content\/uploads\/2025\/10\/DRL-1611-2-100x100.jpg 100w\" sizes=\"(max-width: 1300px) 100vw, 1300px\" \/> <img decoding=\"async\" class=\"aligncenter wp-image-4661\" src=\"https:\/\/www.drrashel-bbg.com\/wp-content\/uploads\/2025\/10\/DRL-1611-3.jpg\" alt=\"\" width=\"1300\" height=\"922\" srcset=\"https:\/\/www.drrashel-bbg.com\/wp-content\/uploads\/2025\/10\/DRL-1611-3.jpg 750w, https:\/\/www.drrashel-bbg.com\/wp-content\/uploads\/2025\/10\/DRL-1611-3-300x213.jpg 300w, https:\/\/www.drrashel-bbg.com\/wp-content\/uploads\/2025\/10\/DRL-1611-3-600x426.jpg 600w\" sizes=\"(max-width: 1300px) 100vw, 1300px\" \/> <img decoding=\"async\" class=\"aligncenter wp-image-4662\" src=\"https:\/\/www.drrashel-bbg.com\/wp-content\/uploads\/2025\/10\/DRL-1611-4.jpg\" alt=\"\" width=\"1300\" height=\"825\" srcset=\"https:\/\/www.drrashel-bbg.com\/wp-content\/uploads\/2025\/10\/DRL-1611-4.jpg 750w, https:\/\/www.drrashel-bbg.com\/wp-content\/uploads\/2025\/10\/DRL-1611-4-300x190.jpg 300w, https:\/\/www.drrashel-bbg.com\/wp-content\/uploads\/2025\/10\/DRL-1611-4-600x381.jpg 600w\" sizes=\"(max-width: 1300px) 100vw, 1300px\" \/> <img loading=\"lazy\" decoding=\"async\" class=\"aligncenter wp-image-4663\" src=\"https:\/\/www.drrashel-bbg.com\/wp-content\/uploads\/2025\/10\/DRL-1611-5.jpg\" alt=\"\" width=\"1300\" height=\"1198\" srcset=\"https:\/\/www.drrashel-bbg.com\/wp-content\/uploads\/2025\/10\/DRL-1611-5.jpg 750w, https:\/\/www.drrashel-bbg.com\/wp-content\/uploads\/2025\/10\/DRL-1611-5-300x276.jpg 300w, https:\/\/www.drrashel-bbg.com\/wp-content\/uploads\/2025\/10\/DRL-1611-5-600x553.jpg 600w\" sizes=\"(max-width: 1300px) 100vw, 1300px\" \/> <img loading=\"lazy\" decoding=\"async\" class=\"aligncenter wp-image-4664\" src=\"https:\/\/www.drrashel-bbg.com\/wp-content\/uploads\/2025\/10\/DRL-1611-6.jpg\" alt=\"\" width=\"1300\" height=\"1446\" srcset=\"https:\/\/www.drrashel-bbg.com\/wp-content\/uploads\/2025\/10\/DRL-1611-6.jpg 750w, https:\/\/www.drrashel-bbg.com\/wp-content\/uploads\/2025\/10\/DRL-1611-6-270x300.jpg 270w, https:\/\/www.drrashel-bbg.com\/wp-content\/uploads\/2025\/10\/DRL-1611-6-600x667.jpg 600w\" sizes=\"(max-width: 1300px) 100vw, 1300px\" \/> <img loading=\"lazy\" decoding=\"async\" class=\"aligncenter wp-image-4665\" src=\"https:\/\/www.drrashel-bbg.com\/wp-content\/uploads\/2025\/10\/DRL-1611-7.jpg\" alt=\"\" width=\"1300\" height=\"1215\" srcset=\"https:\/\/www.drrashel-bbg.com\/wp-content\/uploads\/2025\/10\/DRL-1611-7.jpg 750w, https:\/\/www.drrashel-bbg.com\/wp-content\/uploads\/2025\/10\/DRL-1611-7-300x280.jpg 300w, https:\/\/www.drrashel-bbg.com\/wp-content\/uploads\/2025\/10\/DRL-1611-7-600x561.jpg 600w\" sizes=\"(max-width: 1300px) 100vw, 1300px\" \/> <img loading=\"lazy\" decoding=\"async\" class=\"aligncenter wp-image-4666\" src=\"https:\/\/www.drrashel-bbg.com\/wp-content\/uploads\/2025\/10\/DRL-1611-8.jpg\" alt=\"\" width=\"1300\" height=\"1023\" srcset=\"https:\/\/www.drrashel-bbg.com\/wp-content\/uploads\/2025\/10\/DRL-1611-8.jpg 750w, https:\/\/www.drrashel-bbg.com\/wp-content\/uploads\/2025\/10\/DRL-1611-8-300x236.jpg 300w, https:\/\/www.drrashel-bbg.com\/wp-content\/uploads\/2025\/10\/DRL-1611-8-600x472.jpg 600w\" sizes=\"(max-width: 1300px) 100vw, 1300px\" \/> <img loading=\"lazy\" decoding=\"async\" class=\"aligncenter wp-image-4667\" src=\"https:\/\/www.drrashel-bbg.com\/wp-content\/uploads\/2025\/10\/DRL-1611-9.jpg\" alt=\"\" width=\"1300\" height=\"1404\" srcset=\"https:\/\/www.drrashel-bbg.com\/wp-content\/uploads\/2025\/10\/DRL-1611-9.jpg 750w, https:\/\/www.drrashel-bbg.com\/wp-content\/uploads\/2025\/10\/DRL-1611-9-278x300.jpg 278w, https:\/\/www.drrashel-bbg.com\/wp-content\/uploads\/2025\/10\/DRL-1611-9-600x648.jpg 600w\" sizes=\"(max-width: 1300px) 100vw, 1300px\" \/> <img loading=\"lazy\" decoding=\"async\" class=\"aligncenter wp-image-4668\" src=\"https:\/\/www.drrashel-bbg.com\/wp-content\/uploads\/2025\/10\/DRL-1611-10.jpg\" alt=\"\" width=\"1300\" height=\"1373\" srcset=\"https:\/\/www.drrashel-bbg.com\/wp-content\/uploads\/2025\/10\/DRL-1611-10.jpg 750w, https:\/\/www.drrashel-bbg.com\/wp-content\/uploads\/2025\/10\/DRL-1611-10-284x300.jpg 284w, https:\/\/www.drrashel-bbg.com\/wp-content\/uploads\/2025\/10\/DRL-1611-10-600x634.jpg 600w\" sizes=\"(max-width: 1300px) 100vw, 1300px\" \/> <img loading=\"lazy\" decoding=\"async\" class=\"aligncenter wp-image-4669\" src=\"https:\/\/www.drrashel-bbg.com\/wp-content\/uploads\/2025\/10\/DRL-1611-11.jpg\" alt=\"\" width=\"1300\" height=\"1220\" srcset=\"https:\/\/www.drrashel-bbg.com\/wp-content\/uploads\/2025\/10\/DRL-1611-11.jpg 750w, https:\/\/www.drrashel-bbg.com\/wp-content\/uploads\/2025\/10\/DRL-1611-11-300x282.jpg 300w, https:\/\/www.drrashel-bbg.com\/wp-content\/uploads\/2025\/10\/DRL-1611-11-600x563.jpg 600w\" sizes=\"(max-width: 1300px) 100vw, 1300px\" \/> <img loading=\"lazy\" decoding=\"async\" class=\"aligncenter wp-image-4670\" src=\"https:\/\/www.drrashel-bbg.com\/wp-content\/uploads\/2025\/10\/DRL-1611-12.jpg\" alt=\"\" width=\"1300\" height=\"910\" srcset=\"https:\/\/www.drrashel-bbg.com\/wp-content\/uploads\/2025\/10\/DRL-1611-12.jpg 750w, https:\/\/www.drrashel-bbg.com\/wp-content\/uploads\/2025\/10\/DRL-1611-12-300x210.jpg 300w, https:\/\/www.drrashel-bbg.com\/wp-content\/uploads\/2025\/10\/DRL-1611-12-600x420.jpg 600w\" sizes=\"(max-width: 1300px) 100vw, 1300px\" \/> <img loading=\"lazy\" decoding=\"async\" class=\"aligncenter wp-image-4671\" src=\"https:\/\/www.drrashel-bbg.com\/wp-content\/uploads\/2025\/10\/DRL-1611-13.jpg\" alt=\"\" width=\"1300\" height=\"1043\" srcset=\"https:\/\/www.drrashel-bbg.com\/wp-content\/uploads\/2025\/10\/DRL-1611-13.jpg 750w, https:\/\/www.drrashel-bbg.com\/wp-content\/uploads\/2025\/10\/DRL-1611-13-300x241.jpg 300w, https:\/\/www.drrashel-bbg.com\/wp-content\/uploads\/2025\/10\/DRL-1611-13-600x482.jpg 600w\" sizes=\"(max-width: 1300px) 100vw, 1300px\" \/> <img loading=\"lazy\" decoding=\"async\" class=\"aligncenter wp-image-4672\" src=\"https:\/\/www.drrashel-bbg.com\/wp-content\/uploads\/2025\/10\/DRL-1611-14.jpg\" alt=\"\" width=\"1300\" height=\"1473\" srcset=\"https:\/\/www.drrashel-bbg.com\/wp-content\/uploads\/2025\/10\/DRL-1611-14.jpg 750w, https:\/\/www.drrashel-bbg.com\/wp-content\/uploads\/2025\/10\/DRL-1611-14-265x300.jpg 265w, https:\/\/www.drrashel-bbg.com\/wp-content\/uploads\/2025\/10\/DRL-1611-14-600x680.jpg 600w\" sizes=\"(max-width: 1300px) 100vw, 1300px\" \/> <img loading=\"lazy\" decoding=\"async\" class=\"aligncenter wp-image-4673\" src=\"https:\/\/www.drrashel-bbg.com\/wp-content\/uploads\/2025\/10\/DRL-1611-15.jpg\" alt=\"\" width=\"1300\" height=\"1700\" srcset=\"https:\/\/www.drrashel-bbg.com\/wp-content\/uploads\/2025\/10\/DRL-1611-15.jpg 750w, https:\/\/www.drrashel-bbg.com\/wp-content\/uploads\/2025\/10\/DRL-1611-15-229x300.jpg 229w, https:\/\/www.drrashel-bbg.com\/wp-content\/uploads\/2025\/10\/DRL-1611-15-600x785.jpg 600w\" sizes=\"(max-width: 1300px) 100vw, 1300px\" \/> <img loading=\"lazy\" decoding=\"async\" class=\"aligncenter wp-image-4674\" src=\"https:\/\/www.drrashel-bbg.com\/wp-content\/uploads\/2025\/10\/DRL-1611-16.jpg\" alt=\"\" width=\"1300\" height=\"1345\" srcset=\"https:\/\/www.drrashel-bbg.com\/wp-content\/uploads\/2025\/10\/DRL-1611-16.jpg 750w, https:\/\/www.drrashel-bbg.com\/wp-content\/uploads\/2025\/10\/DRL-1611-16-290x300.jpg 290w, https:\/\/www.drrashel-bbg.com\/wp-content\/uploads\/2025\/10\/DRL-1611-16-600x621.jpg 600w\" sizes=\"(max-width: 1300px) 100vw, 1300px\" \/> <img loading=\"lazy\" decoding=\"async\" class=\"aligncenter wp-image-4675\" src=\"https:\/\/www.drrashel-bbg.com\/wp-content\/uploads\/2025\/10\/DRL-1611-17.jpg\" alt=\"\" width=\"1300\" height=\"1423\" srcset=\"https:\/\/www.drrashel-bbg.com\/wp-content\/uploads\/2025\/10\/DRL-1611-17.jpg 750w, https:\/\/www.drrashel-bbg.com\/wp-content\/uploads\/2025\/10\/DRL-1611-17-274x300.jpg 274w, https:\/\/www.drrashel-bbg.com\/wp-content\/uploads\/2025\/10\/DRL-1611-17-600x657.jpg 600w\" sizes=\"(max-width: 1300px) 100vw, 1300px\" \/><\/p>\n<p>&nbsp;<\/p>\n<p><strong><b>Beneficios del producto:<\/b><\/strong><\/p>\n<p>Este excelente jab\u00f3n blanqueador protege su piel de quemaduras solares, manchas oscuras, enfermedades, manchas negras y hace que su piel parezca m\u00e1s joven. La mezcla \u00fanica de ingredientes nutrir\u00e1 su piel y reducir\u00e1 los signos de envejecimiento. Contiene una mezcla de col\u00e1geno y niacinamida en las cantidades correctas que eliminan las manchas, el acn\u00e9 y las pecas. El jab\u00f3n blanqueador penetra profundamente en su piel y limpia todas las impurezas eliminando las c\u00e9lulas muertas de la piel y las part\u00edculas de aceite, lo ayudan a adquirir una piel firme y saludable.<\/p>\n<p>&nbsp;<\/p>\n<p><strong><b>Ingredientes y tecnolog\u00edas principales:<\/b><\/strong><\/p>\n<p>INGREDIENTES ESTRELLADOS<\/p>\n<p>La niacinamida aborda visiblemente el aburrimiento debido a las manchas oscuras y ultrafinas, ayudando a restaurar la apariencia de la piel lisa, clara y saludable.<\/p>\n<p>INGREDIENTES COMPLETOS<\/p>\n<p>AQUA<\/p>\n<p>GLICERINA<\/p>\n<p>Arbut\u00edn<\/p>\n<p>VB3<\/p>\n<p>Az\u00facar granulado blanco<\/p>\n<p>Dihidrato de citrato tris\u00f3dico<\/p>\n<p>Hidr\u00f3xido de sodio<\/p>\n<p>&nbsp;<\/p>\n<p><strong><b>C\u00f3mo utilizar:<\/b><\/strong><\/p>\n<p>Hidratar la piel facial con agua tibia, usar una red espumante para batir el jab\u00f3n en una espuma delicada y rica. Aplique la espuma en la cara, masaje suavemente limpiar la piel con un movimiento circular. Enjuagar con agua fr\u00eda y secar con tapas. Tambi\u00e9n se puede usar como limpieza de manos y jab\u00f3n de ba\u00f1o para aclarar la piel.<\/p>\n<p><strong><b>\u00a0<\/b><\/strong><\/p>\n<p><strong><b>Introducci\u00f3n de la marca:<\/b><\/strong><\/p>\n<p>DR\u00b7RASHEL fue fundada en 1989 por el Sr. BAKRI, un maestro de cuidado de la piel, con treinta a\u00f1os de experiencia en productos. Centrado en la salud, el Sr. BAKRI desarroll\u00f3 f\u00f3rmulas precisas para los ingredientes naturales para maximizar la salud de la piel y el brillo vibrante, un principio aplicado en la amplia gama de productos de cuidado de la piel de DR\u00b7RASHEL.<\/p>\n<p>Los productos de DR\u00b7RASHEL est\u00e1n extendidos por todo el mundo y son bienvenidos por clientes en cinco continentes, m\u00e1s espec\u00edficamente, en Oriente Medio, Am\u00e9rica del Sur y Europa.<\/p>\n<p>Exportamos a m\u00e1s de 100 pa\u00edses, incluyendo Emiratos \u00c1rabes Unidos, Rusia, Am\u00e9rica, M\u00e9xico, Australia, Arabia Saudita, Brasil, India y Sud\u00e1frica.<\/p>\n<p>Tenemos ISO, GMPC American European Union International Autoritative Double Certification, Advanced R &amp; amp; D equipo de prueba, miles de f\u00f3rmulas maduras y equipo de ventas de alta eficiencia y superioridad de precio competitivo. Nuestras categor\u00edas de productos son: productos de cuidado de la piel, productos de maquillaje, productos de lavado y cuidado.<\/p>\n<p>&nbsp;<\/p>\n<p><strong><b>Preguntas frecuentes:<\/b><\/strong><\/p>\n<p>P: \u00bfEl jab\u00f3n blanqueador realmente blanquea su piel?<\/p>\n<p>R: S\u00ed, limpia y nutre, mejora la piel opaca y restaura la piel; s radiancia saludable.<\/p>\n<p>P: \u00bfSe puede usar todos los d\u00edas?<\/p>\n<p>R: Para la piel grasa y combinada, puede usarla 1-2 veces al d\u00eda. Para la piel normal o seca, se recomienda usarla una vez al d\u00eda. Si te sientes seco, puedes usarlo con menos frecuencia y aumentar la hidrataci\u00f3n.<\/p>","protected":false},"excerpt":{"rendered":"<p>Protege tu piel del da\u00f1o solar, reduce las manchas oscuras, las cicatrices y la hiperpigmentaci\u00f3n, te da un tono de piel m\u00e1s uniforme y penetra profundamente en la piel para eliminar todas las impurezas.<\/p>\n<p>N\u00famero de serie: DRL-1611<\/p>\n<p>Tipo de piel aplicable: Adecuado para la piel madura y combinada.<\/p>\n<p>Capacidad del producto: 100g.<\/p>","protected":false},"featured_media":4655,"comment_status":"closed","ping_status":"closed","template":"","meta":[],"product_brand":[],"product_cat":[113,15],"product_tag":[],"class_list":{"0":"post-4651","1":"product","2":"type-product","3":"status-publish","4":"has-post-thumbnail","6":"product_cat-cleansing","7":"product_cat-face-care","9":"first","10":"instock","11":"shipping-taxable","12":"product-type-simple"},"_links":{"self":[{"href":"https:\/\/www.drrashel-bbg.com\/es\/wp-json\/wp\/v2\/product\/4651","targetHints":{"allow":["GET"]}}],"collection":[{"href":"https:\/\/www.drrashel-bbg.com\/es\/wp-json\/wp\/v2\/product"}],"about":[{"href":"https:\/\/www.drrashel-bbg.com\/es\/wp-json\/wp\/v2\/types\/product"}],"replies":[{"embeddable":true,"href":"https:\/\/www.drrashel-bbg.com\/es\/wp-json\/wp\/v2\/comments?post=4651"}],"wp:featuredmedia":[{"embeddable":true,"href":"https:\/\/www.drrashel-bbg.com\/es\/wp-json\/wp\/v2\/media\/4655"}],"wp:attachment":[{"href":"https:\/\/www.drrashel-bbg.com\/es\/wp-json\/wp\/v2\/media?parent=4651"}],"wp:term":[{"taxonomy":"product_brand","embeddable":true,"href":"https:\/\/www.drrashel-bbg.com\/es\/wp-json\/wp\/v2\/product_brand?post=4651"},{"taxonomy":"product_cat","embeddable":true,"href":"https:\/\/www.drrashel-bbg.com\/es\/wp-json\/wp\/v2\/product_cat?post=4651"},{"taxonomy":"product_tag","embeddable":true,"href":"https:\/\/www.drrashel-bbg.com\/es\/wp-json\/wp\/v2\/product_tag?post=4651"}],"curies":[{"name":"wp","href":"https:\/\/api.w.org\/{rel}","templated":true}]}}