{"id":5053,"date":"2026-01-06T13:58:41","date_gmt":"2026-01-06T05:58:41","guid":{"rendered":"https:\/\/www.drrashel-bbg.com\/?post_type=product&#038;p=5053"},"modified":"2026-01-15T10:22:15","modified_gmt":"2026-01-15T02:22:15","slug":"ceramide-soothing-repair-hydrogel-mask","status":"publish","type":"product","link":"https:\/\/www.drrashel-bbg.com\/es\/mask\/ceramide-soothing-repair-hydrogel-mask\/","title":{"rendered":"Ceramida calmante &#038; M\u00e1scara Hidrogel Reparaci\u00f3n"},"content":{"rendered":"<p><img fetchpriority=\"high\" decoding=\"async\" class=\"aligncenter wp-image-5061\" src=\"https:\/\/www.drrashel-bbg.com\/wp-content\/uploads\/2026\/01\/DRL-1997-\u795e\u7ecf\u9170\u80fa\u9762\u819cE_01-174x300.jpg\" alt=\"\" width=\"1000\" height=\"1722\" srcset=\"https:\/\/www.drrashel-bbg.com\/wp-content\/uploads\/2026\/01\/DRL-1997-\u795e\u7ecf\u9170\u80fa\u9762\u819cE_01-174x300.jpg 174w, https:\/\/www.drrashel-bbg.com\/wp-content\/uploads\/2026\/01\/DRL-1997-\u795e\u7ecf\u9170\u80fa\u9762\u819cE_01-595x1024.jpg 595w, https:\/\/www.drrashel-bbg.com\/wp-content\/uploads\/2026\/01\/DRL-1997-\u795e\u7ecf\u9170\u80fa\u9762\u819cE_01-768x1322.jpg 768w, https:\/\/www.drrashel-bbg.com\/wp-content\/uploads\/2026\/01\/DRL-1997-\u795e\u7ecf\u9170\u80fa\u9762\u819cE_01-7x12.jpg 7w, https:\/\/www.drrashel-bbg.com\/wp-content\/uploads\/2026\/01\/DRL-1997-\u795e\u7ecf\u9170\u80fa\u9762\u819cE_01-600x1033.jpg 600w, https:\/\/www.drrashel-bbg.com\/wp-content\/uploads\/2026\/01\/DRL-1997-\u795e\u7ecf\u9170\u80fa\u9762\u819cE_01.jpg 790w\" sizes=\"(max-width: 1000px) 100vw, 1000px\" \/> <img decoding=\"async\" class=\"aligncenter wp-image-5062\" src=\"https:\/\/www.drrashel-bbg.com\/wp-content\/uploads\/2026\/01\/DRL-1997-\u795e\u7ecf\u9170\u80fa\u9762\u819cE_02-300x229.jpg\" alt=\"\" width=\"1000\" height=\"765\" srcset=\"https:\/\/www.drrashel-bbg.com\/wp-content\/uploads\/2026\/01\/DRL-1997-\u795e\u7ecf\u9170\u80fa\u9762\u819cE_02-300x229.jpg 300w, https:\/\/www.drrashel-bbg.com\/wp-content\/uploads\/2026\/01\/DRL-1997-\u795e\u7ecf\u9170\u80fa\u9762\u819cE_02-768x587.jpg 768w, https:\/\/www.drrashel-bbg.com\/wp-content\/uploads\/2026\/01\/DRL-1997-\u795e\u7ecf\u9170\u80fa\u9762\u819cE_02-16x12.jpg 16w, https:\/\/www.drrashel-bbg.com\/wp-content\/uploads\/2026\/01\/DRL-1997-\u795e\u7ecf\u9170\u80fa\u9762\u819cE_02-600x459.jpg 600w, https:\/\/www.drrashel-bbg.com\/wp-content\/uploads\/2026\/01\/DRL-1997-\u795e\u7ecf\u9170\u80fa\u9762\u819cE_02.jpg 790w\" sizes=\"(max-width: 1000px) 100vw, 1000px\" \/> <img decoding=\"async\" class=\"aligncenter wp-image-5063\" src=\"https:\/\/www.drrashel-bbg.com\/wp-content\/uploads\/2026\/01\/DRL-1997-\u795e\u7ecf\u9170\u80fa\u9762\u819cE_03-300x294.jpg\" alt=\"\" width=\"1000\" height=\"978\" srcset=\"https:\/\/www.drrashel-bbg.com\/wp-content\/uploads\/2026\/01\/DRL-1997-\u795e\u7ecf\u9170\u80fa\u9762\u819cE_03-300x294.jpg 300w, https:\/\/www.drrashel-bbg.com\/wp-content\/uploads\/2026\/01\/DRL-1997-\u795e\u7ecf\u9170\u80fa\u9762\u819cE_03-768x751.jpg 768w, https:\/\/www.drrashel-bbg.com\/wp-content\/uploads\/2026\/01\/DRL-1997-\u795e\u7ecf\u9170\u80fa\u9762\u819cE_03-12x12.jpg 12w, https:\/\/www.drrashel-bbg.com\/wp-content\/uploads\/2026\/01\/DRL-1997-\u795e\u7ecf\u9170\u80fa\u9762\u819cE_03-600x587.jpg 600w, https:\/\/www.drrashel-bbg.com\/wp-content\/uploads\/2026\/01\/DRL-1997-\u795e\u7ecf\u9170\u80fa\u9762\u819cE_03.jpg 790w\" sizes=\"(max-width: 1000px) 100vw, 1000px\" \/> <img loading=\"lazy\" decoding=\"async\" class=\"aligncenter wp-image-5064\" src=\"https:\/\/www.drrashel-bbg.com\/wp-content\/uploads\/2026\/01\/DRL-1997-\u795e\u7ecf\u9170\u80fa\u9762\u819cE_04-153x300.jpg\" alt=\"\" width=\"1000\" height=\"1965\" srcset=\"https:\/\/www.drrashel-bbg.com\/wp-content\/uploads\/2026\/01\/DRL-1997-\u795e\u7ecf\u9170\u80fa\u9762\u819cE_04-153x300.jpg 153w, https:\/\/www.drrashel-bbg.com\/wp-content\/uploads\/2026\/01\/DRL-1997-\u795e\u7ecf\u9170\u80fa\u9762\u819cE_04-521x1024.jpg 521w, https:\/\/www.drrashel-bbg.com\/wp-content\/uploads\/2026\/01\/DRL-1997-\u795e\u7ecf\u9170\u80fa\u9762\u819cE_04-768x1509.jpg 768w, https:\/\/www.drrashel-bbg.com\/wp-content\/uploads\/2026\/01\/DRL-1997-\u795e\u7ecf\u9170\u80fa\u9762\u819cE_04-782x1536.jpg 782w, https:\/\/www.drrashel-bbg.com\/wp-content\/uploads\/2026\/01\/DRL-1997-\u795e\u7ecf\u9170\u80fa\u9762\u819cE_04-6x12.jpg 6w, https:\/\/www.drrashel-bbg.com\/wp-content\/uploads\/2026\/01\/DRL-1997-\u795e\u7ecf\u9170\u80fa\u9762\u819cE_04-600x1179.jpg 600w, https:\/\/www.drrashel-bbg.com\/wp-content\/uploads\/2026\/01\/DRL-1997-\u795e\u7ecf\u9170\u80fa\u9762\u819cE_04.jpg 790w\" sizes=\"(max-width: 1000px) 100vw, 1000px\" \/> <img loading=\"lazy\" decoding=\"async\" class=\"aligncenter wp-image-5065\" src=\"https:\/\/www.drrashel-bbg.com\/wp-content\/uploads\/2026\/01\/DRL-1997-\u795e\u7ecf\u9170\u80fa\u9762\u819cE_05-178x300.jpg\" alt=\"\" width=\"1000\" height=\"1682\" srcset=\"https:\/\/www.drrashel-bbg.com\/wp-content\/uploads\/2026\/01\/DRL-1997-\u795e\u7ecf\u9170\u80fa\u9762\u819cE_05-178x300.jpg 178w, https:\/\/www.drrashel-bbg.com\/wp-content\/uploads\/2026\/01\/DRL-1997-\u795e\u7ecf\u9170\u80fa\u9762\u819cE_05-609x1024.jpg 609w, https:\/\/www.drrashel-bbg.com\/wp-content\/uploads\/2026\/01\/DRL-1997-\u795e\u7ecf\u9170\u80fa\u9762\u819cE_05-768x1292.jpg 768w, https:\/\/www.drrashel-bbg.com\/wp-content\/uploads\/2026\/01\/DRL-1997-\u795e\u7ecf\u9170\u80fa\u9762\u819cE_05-7x12.jpg 7w, https:\/\/www.drrashel-bbg.com\/wp-content\/uploads\/2026\/01\/DRL-1997-\u795e\u7ecf\u9170\u80fa\u9762\u819cE_05-600x1009.jpg 600w, https:\/\/www.drrashel-bbg.com\/wp-content\/uploads\/2026\/01\/DRL-1997-\u795e\u7ecf\u9170\u80fa\u9762\u819cE_05.jpg 790w\" sizes=\"(max-width: 1000px) 100vw, 1000px\" \/> <img loading=\"lazy\" decoding=\"async\" class=\"aligncenter wp-image-5066\" src=\"https:\/\/www.drrashel-bbg.com\/wp-content\/uploads\/2026\/01\/DRL-1997-\u795e\u7ecf\u9170\u80fa\u9762\u819cE_06-175x300.jpg\" alt=\"\" width=\"1000\" height=\"1710\" srcset=\"https:\/\/www.drrashel-bbg.com\/wp-content\/uploads\/2026\/01\/DRL-1997-\u795e\u7ecf\u9170\u80fa\u9762\u819cE_06-175x300.jpg 175w, https:\/\/www.drrashel-bbg.com\/wp-content\/uploads\/2026\/01\/DRL-1997-\u795e\u7ecf\u9170\u80fa\u9762\u819cE_06-599x1024.jpg 599w, https:\/\/www.drrashel-bbg.com\/wp-content\/uploads\/2026\/01\/DRL-1997-\u795e\u7ecf\u9170\u80fa\u9762\u819cE_06-768x1313.jpg 768w, https:\/\/www.drrashel-bbg.com\/wp-content\/uploads\/2026\/01\/DRL-1997-\u795e\u7ecf\u9170\u80fa\u9762\u819cE_06-7x12.jpg 7w, https:\/\/www.drrashel-bbg.com\/wp-content\/uploads\/2026\/01\/DRL-1997-\u795e\u7ecf\u9170\u80fa\u9762\u819cE_06-600x1026.jpg 600w, https:\/\/www.drrashel-bbg.com\/wp-content\/uploads\/2026\/01\/DRL-1997-\u795e\u7ecf\u9170\u80fa\u9762\u819cE_06.jpg 790w\" sizes=\"(max-width: 1000px) 100vw, 1000px\" \/> <img loading=\"lazy\" decoding=\"async\" class=\"aligncenter wp-image-5067\" src=\"https:\/\/www.drrashel-bbg.com\/wp-content\/uploads\/2026\/01\/DRL-1997-\u795e\u7ecf\u9170\u80fa\u9762\u819cE_07-178x300.jpg\" alt=\"\" width=\"1000\" height=\"1686\" srcset=\"https:\/\/www.drrashel-bbg.com\/wp-content\/uploads\/2026\/01\/DRL-1997-\u795e\u7ecf\u9170\u80fa\u9762\u819cE_07-178x300.jpg 178w, https:\/\/www.drrashel-bbg.com\/wp-content\/uploads\/2026\/01\/DRL-1997-\u795e\u7ecf\u9170\u80fa\u9762\u819cE_07-607x1024.jpg 607w, https:\/\/www.drrashel-bbg.com\/wp-content\/uploads\/2026\/01\/DRL-1997-\u795e\u7ecf\u9170\u80fa\u9762\u819cE_07-768x1295.jpg 768w, https:\/\/www.drrashel-bbg.com\/wp-content\/uploads\/2026\/01\/DRL-1997-\u795e\u7ecf\u9170\u80fa\u9762\u819cE_07-7x12.jpg 7w, https:\/\/www.drrashel-bbg.com\/wp-content\/uploads\/2026\/01\/DRL-1997-\u795e\u7ecf\u9170\u80fa\u9762\u819cE_07-600x1012.jpg 600w, https:\/\/www.drrashel-bbg.com\/wp-content\/uploads\/2026\/01\/DRL-1997-\u795e\u7ecf\u9170\u80fa\u9762\u819cE_07.jpg 790w\" sizes=\"(max-width: 1000px) 100vw, 1000px\" \/> <img loading=\"lazy\" decoding=\"async\" class=\"aligncenter wp-image-5068\" src=\"https:\/\/www.drrashel-bbg.com\/wp-content\/uploads\/2026\/01\/DRL-1997-\u795e\u7ecf\u9170\u80fa\u9762\u819cE_08-182x300.jpg\" alt=\"\" width=\"1000\" height=\"1651\" srcset=\"https:\/\/www.drrashel-bbg.com\/wp-content\/uploads\/2026\/01\/DRL-1997-\u795e\u7ecf\u9170\u80fa\u9762\u819cE_08-182x300.jpg 182w, https:\/\/www.drrashel-bbg.com\/wp-content\/uploads\/2026\/01\/DRL-1997-\u795e\u7ecf\u9170\u80fa\u9762\u819cE_08-620x1024.jpg 620w, https:\/\/www.drrashel-bbg.com\/wp-content\/uploads\/2026\/01\/DRL-1997-\u795e\u7ecf\u9170\u80fa\u9762\u819cE_08-768x1268.jpg 768w, https:\/\/www.drrashel-bbg.com\/wp-content\/uploads\/2026\/01\/DRL-1997-\u795e\u7ecf\u9170\u80fa\u9762\u819cE_08-7x12.jpg 7w, https:\/\/www.drrashel-bbg.com\/wp-content\/uploads\/2026\/01\/DRL-1997-\u795e\u7ecf\u9170\u80fa\u9762\u819cE_08-600x990.jpg 600w, https:\/\/www.drrashel-bbg.com\/wp-content\/uploads\/2026\/01\/DRL-1997-\u795e\u7ecf\u9170\u80fa\u9762\u819cE_08.jpg 790w\" sizes=\"(max-width: 1000px) 100vw, 1000px\" \/> <img loading=\"lazy\" decoding=\"async\" class=\"aligncenter wp-image-5069\" src=\"https:\/\/www.drrashel-bbg.com\/wp-content\/uploads\/2026\/01\/DRL-1997-\u795e\u7ecf\u9170\u80fa\u9762\u819cE_09-300x285.jpg\" alt=\"\" width=\"1000\" height=\"949\" srcset=\"https:\/\/www.drrashel-bbg.com\/wp-content\/uploads\/2026\/01\/DRL-1997-\u795e\u7ecf\u9170\u80fa\u9762\u819cE_09-300x285.jpg 300w, https:\/\/www.drrashel-bbg.com\/wp-content\/uploads\/2026\/01\/DRL-1997-\u795e\u7ecf\u9170\u80fa\u9762\u819cE_09-768x729.jpg 768w, https:\/\/www.drrashel-bbg.com\/wp-content\/uploads\/2026\/01\/DRL-1997-\u795e\u7ecf\u9170\u80fa\u9762\u819cE_09-13x12.jpg 13w, https:\/\/www.drrashel-bbg.com\/wp-content\/uploads\/2026\/01\/DRL-1997-\u795e\u7ecf\u9170\u80fa\u9762\u819cE_09-600x570.jpg 600w, https:\/\/www.drrashel-bbg.com\/wp-content\/uploads\/2026\/01\/DRL-1997-\u795e\u7ecf\u9170\u80fa\u9762\u819cE_09.jpg 790w\" sizes=\"(max-width: 1000px) 100vw, 1000px\" \/> <img loading=\"lazy\" decoding=\"async\" class=\"aligncenter wp-image-5070\" src=\"https:\/\/www.drrashel-bbg.com\/wp-content\/uploads\/2026\/01\/DRL-1997-\u795e\u7ecf\u9170\u80fa\u9762\u819cE_10-126x300.jpg\" alt=\"\" width=\"1000\" height=\"2375\" srcset=\"https:\/\/www.drrashel-bbg.com\/wp-content\/uploads\/2026\/01\/DRL-1997-\u795e\u7ecf\u9170\u80fa\u9762\u819cE_10-126x300.jpg 126w, https:\/\/www.drrashel-bbg.com\/wp-content\/uploads\/2026\/01\/DRL-1997-\u795e\u7ecf\u9170\u80fa\u9762\u819cE_10-431x1024.jpg 431w, https:\/\/www.drrashel-bbg.com\/wp-content\/uploads\/2026\/01\/DRL-1997-\u795e\u7ecf\u9170\u80fa\u9762\u819cE_10-768x1824.jpg 768w, https:\/\/www.drrashel-bbg.com\/wp-content\/uploads\/2026\/01\/DRL-1997-\u795e\u7ecf\u9170\u80fa\u9762\u819cE_10-647x1536.jpg 647w, https:\/\/www.drrashel-bbg.com\/wp-content\/uploads\/2026\/01\/DRL-1997-\u795e\u7ecf\u9170\u80fa\u9762\u819cE_10-5x12.jpg 5w, https:\/\/www.drrashel-bbg.com\/wp-content\/uploads\/2026\/01\/DRL-1997-\u795e\u7ecf\u9170\u80fa\u9762\u819cE_10-600x1425.jpg 600w, https:\/\/www.drrashel-bbg.com\/wp-content\/uploads\/2026\/01\/DRL-1997-\u795e\u7ecf\u9170\u80fa\u9762\u819cE_10.jpg 790w\" sizes=\"(max-width: 1000px) 100vw, 1000px\" \/> <img loading=\"lazy\" decoding=\"async\" class=\"aligncenter wp-image-5071\" src=\"https:\/\/www.drrashel-bbg.com\/wp-content\/uploads\/2026\/01\/DRL-1997-\u795e\u7ecf\u9170\u80fa\u9762\u819cE_11.jpg\" alt=\"\" width=\"1000\" height=\"2200\" srcset=\"https:\/\/www.drrashel-bbg.com\/wp-content\/uploads\/2026\/01\/DRL-1997-\u795e\u7ecf\u9170\u80fa\u9762\u819cE_11.jpg 790w, https:\/\/www.drrashel-bbg.com\/wp-content\/uploads\/2026\/01\/DRL-1997-\u795e\u7ecf\u9170\u80fa\u9762\u819cE_11-136x300.jpg 136w, https:\/\/www.drrashel-bbg.com\/wp-content\/uploads\/2026\/01\/DRL-1997-\u795e\u7ecf\u9170\u80fa\u9762\u819cE_11-465x1024.jpg 465w, https:\/\/www.drrashel-bbg.com\/wp-content\/uploads\/2026\/01\/DRL-1997-\u795e\u7ecf\u9170\u80fa\u9762\u819cE_11-768x1690.jpg 768w, https:\/\/www.drrashel-bbg.com\/wp-content\/uploads\/2026\/01\/DRL-1997-\u795e\u7ecf\u9170\u80fa\u9762\u819cE_11-698x1536.jpg 698w, https:\/\/www.drrashel-bbg.com\/wp-content\/uploads\/2026\/01\/DRL-1997-\u795e\u7ecf\u9170\u80fa\u9762\u819cE_11-5x12.jpg 5w, https:\/\/www.drrashel-bbg.com\/wp-content\/uploads\/2026\/01\/DRL-1997-\u795e\u7ecf\u9170\u80fa\u9762\u819cE_11-600x1320.jpg 600w\" sizes=\"(max-width: 1000px) 100vw, 1000px\" \/><\/p>\n<p>&nbsp;<\/p>\n<p><strong><b>Product Benefits:<\/b><\/strong><\/p>\n<div class=\"flex flex-col text-sm pb-25\">\n<article class=\"text-token-text-primary w-full focus:outline-none [--shadow-height:45px] has-data-writing-block:pointer-events-none has-data-writing-block:-mt-(--shadow-height) has-data-writing-block:pt-(--shadow-height) [&amp;:has([data-writing-block])&gt;*]:pointer-events-auto scroll-mt-[calc(var(--header-height)+min(200px,max(70px,20svh)))]\" dir=\"auto\" tabindex=\"-1\" data-turn-id=\"request-695b7c66-582c-8329-b283-55317d1aaf18-1\" data-testid=\"conversation-turn-10\" data-scroll-anchor=\"true\" data-turn=\"assistant\">\n<div class=\"text-base my-auto mx-auto pb-10 [--thread-content-margin:--spacing(4)] @w-sm\/main:[--thread-content-margin:--spacing(6)] @w-lg\/main:[--thread-content-margin:--spacing(16)] px-(--thread-content-margin)\">\n<div class=\"[--thread-content-max-width:40rem] @w-lg\/main:[--thread-content-max-width:48rem] mx-auto max-w-(--thread-content-max-width) flex-1 group\/turn-messages focus-visible:outline-hidden relative flex w-full min-w-0 flex-col agent-turn\" tabindex=\"-1\">\n<div class=\"flex max-w-full flex-col grow\">\n<div class=\"min-h-8 text-message relative flex w-full flex-col items-end gap-2 text-start break-words whitespace-normal [.text-message+&amp;]:mt-1\" dir=\"auto\" data-message-author-role=\"assistant\" data-message-id=\"046d3858-19f9-462b-8ebc-d98a9da114bb\" data-message-model-slug=\"gpt-5-2-thinking\">\n<div class=\"flex w-full flex-col gap-1 empty:hidden first:pt-[1px]\">\n<div class=\"markdown prose dark:prose-invert w-full break-words light markdown-new-styling\">\n<p data-start=\"0\" data-end=\"129\" data-is-last-node=\"\" data-is-only-node=\"\">Infusing long-lasting hydration, soothing from within, and unlocking the vital self-repair power this formula effortlessly penetrates the skin.<\/p>\n<\/div>\n<\/div>\n<\/div>\n<\/div>\n<\/div>\n<\/div>\n<\/article>\n<\/div>\n<p><strong><b>How to use:<\/b><\/strong><\/p>\n<p>1. Cleanse your face before applying the mask.<\/p>\n<p>2. Take out the 3-layers mask, there are white fabric films on top and on the bottom, the middle layer is the gel mask.<\/p>\n<p>3. Remove the white fabric film, apply another two films onto the face (the middle gel mask attach to the face, white film is outside), then remove the white fabric film.<\/p>\n<p>4. Adjust the gel mask to the full face.<\/p>\n<p>5. Remove the mask after 15 minutes, massage face for better absorption, no need to wash it.<\/p>\n<p><strong><b>Brand Introduction:<\/b><\/strong><\/p>\n<p>DR\u00b7RASHEL was founded in 1989 by Mr. BAKRI, a skin care master, with thirty years of product experience. Focused on health, Mr. BAKRI developed precise formulas for the natural ingredients to maximize skin health and vibrant radiance\uff0ca principle applied across the wide range of DR\u00b7RASHEL\u2019s skin care products.<\/p>\n<p>DR\u00b7RASHEL products are spread around the world and welcomed by customers in five continents, more specifically, in the Middle East, South America, and Europe.<\/p>\n<p>We export to over 100 countries, including UAE, Russia, America, Mexico, Australia\uff0cSaudi Arabia\uff0cBrazil, India and South Africa.<\/p>\n<p>We have ISO\uff0cGMPC American European Union International Authoritative Double Certification, Advanced R &amp; D testing equipment, thousands of mature formulas and high efficiency sales team and competitive price superiority. Our product categories are: skin care products, make-up products, wash and care products.<\/p>\n<p>&nbsp;<\/p>\n<p><strong><b>FAQ:<\/b><\/strong><\/p>\n<p>&nbsp;<\/p>\n","protected":false},"excerpt":{"rendered":"<p>Infundiendo hidrataci\u00f3n duradera, calmante desde dentro y desbloqueando el poder vital de auto-reparaci\u00f3n, esta f\u00f3rmula penetra f\u00e1cilmente en la piel, proporcionando una restauraci\u00f3n intensiva a la barrera cut\u00e1nea da\u00f1ada. Nutr\u00ede continuamente la piel con una oleada de humedad, restaurando su gruesa y su resplandor. Enriquecido con ceramida, ilumina simult\u00e1neamente el tono de la piel alrededor de los ojos, desterrando el aburrimiento. Despu\u00e9s del uso, la piel se vuelve suave como terciopelo, delicadamente refinada y llena de vitalidad brillante, asegurando un estado de bienestar resistente y flexible.<\/p>\n<p>N\u00famero de serie: DRL-1997<\/p>\n<p>Tipo de piel aplicable: Adecuado para la piel seca, deshidratada y con barreras comprometidas, incluyendo la piel sensible si se tolera la fragancia.<\/p>\n<p>Ingredientes principales: complejo multi-ceramida (NP \/ NS \/ AS \/ EOP \/ AP) con glicerina y hialuronato de sodio para la hidrataci\u00f3n, m\u00e1s pantenol, alanto\u00edna y centela para calmar y reparar.<\/p>\n<p>\u212e33 g \/ 1.16oz \u00d7 12pcs<\/p>","protected":false},"featured_media":5054,"comment_status":"closed","ping_status":"closed","template":"","meta":[],"product_brand":[],"product_cat":[15,120],"product_tag":[],"class_list":{"0":"post-5053","1":"product","2":"type-product","3":"status-publish","4":"has-post-thumbnail","6":"product_cat-face-care","7":"product_cat-mask","9":"first","10":"instock","11":"shipping-taxable","12":"product-type-simple"},"_links":{"self":[{"href":"https:\/\/www.drrashel-bbg.com\/es\/wp-json\/wp\/v2\/product\/5053","targetHints":{"allow":["GET"]}}],"collection":[{"href":"https:\/\/www.drrashel-bbg.com\/es\/wp-json\/wp\/v2\/product"}],"about":[{"href":"https:\/\/www.drrashel-bbg.com\/es\/wp-json\/wp\/v2\/types\/product"}],"replies":[{"embeddable":true,"href":"https:\/\/www.drrashel-bbg.com\/es\/wp-json\/wp\/v2\/comments?post=5053"}],"wp:featuredmedia":[{"embeddable":true,"href":"https:\/\/www.drrashel-bbg.com\/es\/wp-json\/wp\/v2\/media\/5054"}],"wp:attachment":[{"href":"https:\/\/www.drrashel-bbg.com\/es\/wp-json\/wp\/v2\/media?parent=5053"}],"wp:term":[{"taxonomy":"product_brand","embeddable":true,"href":"https:\/\/www.drrashel-bbg.com\/es\/wp-json\/wp\/v2\/product_brand?post=5053"},{"taxonomy":"product_cat","embeddable":true,"href":"https:\/\/www.drrashel-bbg.com\/es\/wp-json\/wp\/v2\/product_cat?post=5053"},{"taxonomy":"product_tag","embeddable":true,"href":"https:\/\/www.drrashel-bbg.com\/es\/wp-json\/wp\/v2\/product_tag?post=5053"}],"curies":[{"name":"wp","href":"https:\/\/api.w.org\/{rel}","templated":true}]}}