{"id":5091,"date":"2026-01-10T10:34:25","date_gmt":"2026-01-10T02:34:25","guid":{"rendered":"https:\/\/www.drrashel-bbg.com\/?post_type=product&#038;p=5091"},"modified":"2026-01-13T13:38:00","modified_gmt":"2026-01-13T05:38:00","slug":"niacinamide-super-serum-2","status":"publish","type":"product","link":"https:\/\/www.drrashel-bbg.com\/es\/serum-essences\/niacinamide-super-serum-2\/","title":{"rendered":"Niacinamida s\u00faper suero"},"content":{"rendered":"<p>&nbsp;<\/p>\n<p><img fetchpriority=\"high\" decoding=\"async\" class=\"aligncenter wp-image-5196\" src=\"https:\/\/www.drrashel-bbg.com\/wp-content\/uploads\/2026\/01\/DRL-1859-Niacinamide-super-serum-Details-01.webp\" alt=\"\" width=\"1000\" height=\"1472\" srcset=\"https:\/\/www.drrashel-bbg.com\/wp-content\/uploads\/2026\/01\/DRL-1859-Niacinamide-super-serum-Details-01.webp 790w, https:\/\/www.drrashel-bbg.com\/wp-content\/uploads\/2026\/01\/DRL-1859-Niacinamide-super-serum-Details-01-204x300.webp 204w, https:\/\/www.drrashel-bbg.com\/wp-content\/uploads\/2026\/01\/DRL-1859-Niacinamide-super-serum-Details-01-696x1024.webp 696w, https:\/\/www.drrashel-bbg.com\/wp-content\/uploads\/2026\/01\/DRL-1859-Niacinamide-super-serum-Details-01-768x1131.webp 768w, https:\/\/www.drrashel-bbg.com\/wp-content\/uploads\/2026\/01\/DRL-1859-Niacinamide-super-serum-Details-01-8x12.webp 8w, https:\/\/www.drrashel-bbg.com\/wp-content\/uploads\/2026\/01\/DRL-1859-Niacinamide-super-serum-Details-01-600x883.webp 600w\" sizes=\"(max-width: 1000px) 100vw, 1000px\" \/> <img decoding=\"async\" class=\"aligncenter wp-image-5197\" src=\"https:\/\/www.drrashel-bbg.com\/wp-content\/uploads\/2026\/01\/DRL-1859-Niacinamide-super-serum-Details-02.webp\" alt=\"\" width=\"1000\" height=\"1404\" srcset=\"https:\/\/www.drrashel-bbg.com\/wp-content\/uploads\/2026\/01\/DRL-1859-Niacinamide-super-serum-Details-02.webp 790w, https:\/\/www.drrashel-bbg.com\/wp-content\/uploads\/2026\/01\/DRL-1859-Niacinamide-super-serum-Details-02-214x300.webp 214w, https:\/\/www.drrashel-bbg.com\/wp-content\/uploads\/2026\/01\/DRL-1859-Niacinamide-super-serum-Details-02-729x1024.webp 729w, https:\/\/www.drrashel-bbg.com\/wp-content\/uploads\/2026\/01\/DRL-1859-Niacinamide-super-serum-Details-02-768x1078.webp 768w, https:\/\/www.drrashel-bbg.com\/wp-content\/uploads\/2026\/01\/DRL-1859-Niacinamide-super-serum-Details-02-9x12.webp 9w, https:\/\/www.drrashel-bbg.com\/wp-content\/uploads\/2026\/01\/DRL-1859-Niacinamide-super-serum-Details-02-600x842.webp 600w\" sizes=\"(max-width: 1000px) 100vw, 1000px\" \/> <img decoding=\"async\" class=\"aligncenter wp-image-5198\" src=\"https:\/\/www.drrashel-bbg.com\/wp-content\/uploads\/2026\/01\/DRL-1859-Niacinamide-super-serum-Details-03.webp\" alt=\"\" width=\"1000\" height=\"1630\" srcset=\"https:\/\/www.drrashel-bbg.com\/wp-content\/uploads\/2026\/01\/DRL-1859-Niacinamide-super-serum-Details-03.webp 790w, https:\/\/www.drrashel-bbg.com\/wp-content\/uploads\/2026\/01\/DRL-1859-Niacinamide-super-serum-Details-03-184x300.webp 184w, https:\/\/www.drrashel-bbg.com\/wp-content\/uploads\/2026\/01\/DRL-1859-Niacinamide-super-serum-Details-03-628x1024.webp 628w, https:\/\/www.drrashel-bbg.com\/wp-content\/uploads\/2026\/01\/DRL-1859-Niacinamide-super-serum-Details-03-768x1252.webp 768w, https:\/\/www.drrashel-bbg.com\/wp-content\/uploads\/2026\/01\/DRL-1859-Niacinamide-super-serum-Details-03-7x12.webp 7w, https:\/\/www.drrashel-bbg.com\/wp-content\/uploads\/2026\/01\/DRL-1859-Niacinamide-super-serum-Details-03-600x978.webp 600w\" sizes=\"(max-width: 1000px) 100vw, 1000px\" \/> <img loading=\"lazy\" decoding=\"async\" class=\"aligncenter wp-image-5199\" src=\"https:\/\/www.drrashel-bbg.com\/wp-content\/uploads\/2026\/01\/DRL-1859-Niacinamide-super-serum-Details-04.webp\" alt=\"\" width=\"1000\" height=\"1653\" srcset=\"https:\/\/www.drrashel-bbg.com\/wp-content\/uploads\/2026\/01\/DRL-1859-Niacinamide-super-serum-Details-04.webp 790w, https:\/\/www.drrashel-bbg.com\/wp-content\/uploads\/2026\/01\/DRL-1859-Niacinamide-super-serum-Details-04-181x300.webp 181w, https:\/\/www.drrashel-bbg.com\/wp-content\/uploads\/2026\/01\/DRL-1859-Niacinamide-super-serum-Details-04-619x1024.webp 619w, https:\/\/www.drrashel-bbg.com\/wp-content\/uploads\/2026\/01\/DRL-1859-Niacinamide-super-serum-Details-04-768x1270.webp 768w, https:\/\/www.drrashel-bbg.com\/wp-content\/uploads\/2026\/01\/DRL-1859-Niacinamide-super-serum-Details-04-7x12.webp 7w, https:\/\/www.drrashel-bbg.com\/wp-content\/uploads\/2026\/01\/DRL-1859-Niacinamide-super-serum-Details-04-600x992.webp 600w\" sizes=\"(max-width: 1000px) 100vw, 1000px\" \/> <img loading=\"lazy\" decoding=\"async\" class=\"aligncenter wp-image-5200\" src=\"https:\/\/www.drrashel-bbg.com\/wp-content\/uploads\/2026\/01\/DRL-1859-Niacinamide-super-serum-Details-05.webp\" alt=\"\" width=\"1000\" height=\"1476\" srcset=\"https:\/\/www.drrashel-bbg.com\/wp-content\/uploads\/2026\/01\/DRL-1859-Niacinamide-super-serum-Details-05.webp 790w, https:\/\/www.drrashel-bbg.com\/wp-content\/uploads\/2026\/01\/DRL-1859-Niacinamide-super-serum-Details-05-203x300.webp 203w, https:\/\/www.drrashel-bbg.com\/wp-content\/uploads\/2026\/01\/DRL-1859-Niacinamide-super-serum-Details-05-694x1024.webp 694w, https:\/\/www.drrashel-bbg.com\/wp-content\/uploads\/2026\/01\/DRL-1859-Niacinamide-super-serum-Details-05-768x1134.webp 768w, https:\/\/www.drrashel-bbg.com\/wp-content\/uploads\/2026\/01\/DRL-1859-Niacinamide-super-serum-Details-05-8x12.webp 8w, https:\/\/www.drrashel-bbg.com\/wp-content\/uploads\/2026\/01\/DRL-1859-Niacinamide-super-serum-Details-05-600x886.webp 600w\" sizes=\"(max-width: 1000px) 100vw, 1000px\" \/> <img loading=\"lazy\" decoding=\"async\" class=\"aligncenter wp-image-5201\" src=\"https:\/\/www.drrashel-bbg.com\/wp-content\/uploads\/2026\/01\/DRL-1859-Niacinamide-super-serum-Details-06.webp\" alt=\"\" width=\"1000\" height=\"1584\" srcset=\"https:\/\/www.drrashel-bbg.com\/wp-content\/uploads\/2026\/01\/DRL-1859-Niacinamide-super-serum-Details-06.webp 790w, https:\/\/www.drrashel-bbg.com\/wp-content\/uploads\/2026\/01\/DRL-1859-Niacinamide-super-serum-Details-06-189x300.webp 189w, https:\/\/www.drrashel-bbg.com\/wp-content\/uploads\/2026\/01\/DRL-1859-Niacinamide-super-serum-Details-06-647x1024.webp 647w, https:\/\/www.drrashel-bbg.com\/wp-content\/uploads\/2026\/01\/DRL-1859-Niacinamide-super-serum-Details-06-768x1216.webp 768w, https:\/\/www.drrashel-bbg.com\/wp-content\/uploads\/2026\/01\/DRL-1859-Niacinamide-super-serum-Details-06-8x12.webp 8w, https:\/\/www.drrashel-bbg.com\/wp-content\/uploads\/2026\/01\/DRL-1859-Niacinamide-super-serum-Details-06-600x950.webp 600w\" sizes=\"(max-width: 1000px) 100vw, 1000px\" \/> <img loading=\"lazy\" decoding=\"async\" class=\"aligncenter wp-image-5202\" src=\"https:\/\/www.drrashel-bbg.com\/wp-content\/uploads\/2026\/01\/DRL-1859-Niacinamide-super-serum-Details-07.webp\" alt=\"\" width=\"1000\" height=\"1871\" srcset=\"https:\/\/www.drrashel-bbg.com\/wp-content\/uploads\/2026\/01\/DRL-1859-Niacinamide-super-serum-Details-07.webp 790w, https:\/\/www.drrashel-bbg.com\/wp-content\/uploads\/2026\/01\/DRL-1859-Niacinamide-super-serum-Details-07-160x300.webp 160w, https:\/\/www.drrashel-bbg.com\/wp-content\/uploads\/2026\/01\/DRL-1859-Niacinamide-super-serum-Details-07-547x1024.webp 547w, https:\/\/www.drrashel-bbg.com\/wp-content\/uploads\/2026\/01\/DRL-1859-Niacinamide-super-serum-Details-07-768x1437.webp 768w, https:\/\/www.drrashel-bbg.com\/wp-content\/uploads\/2026\/01\/DRL-1859-Niacinamide-super-serum-Details-07-6x12.webp 6w, https:\/\/www.drrashel-bbg.com\/wp-content\/uploads\/2026\/01\/DRL-1859-Niacinamide-super-serum-Details-07-600x1123.webp 600w\" sizes=\"(max-width: 1000px) 100vw, 1000px\" \/> <img loading=\"lazy\" decoding=\"async\" class=\"aligncenter wp-image-5203\" src=\"https:\/\/www.drrashel-bbg.com\/wp-content\/uploads\/2026\/01\/DRL-1859-Niacinamide-super-serum-Details-08.webp\" alt=\"\" width=\"1000\" height=\"1463\" srcset=\"https:\/\/www.drrashel-bbg.com\/wp-content\/uploads\/2026\/01\/DRL-1859-Niacinamide-super-serum-Details-08.webp 790w, https:\/\/www.drrashel-bbg.com\/wp-content\/uploads\/2026\/01\/DRL-1859-Niacinamide-super-serum-Details-08-205x300.webp 205w, https:\/\/www.drrashel-bbg.com\/wp-content\/uploads\/2026\/01\/DRL-1859-Niacinamide-super-serum-Details-08-700x1024.webp 700w, https:\/\/www.drrashel-bbg.com\/wp-content\/uploads\/2026\/01\/DRL-1859-Niacinamide-super-serum-Details-08-768x1124.webp 768w, https:\/\/www.drrashel-bbg.com\/wp-content\/uploads\/2026\/01\/DRL-1859-Niacinamide-super-serum-Details-08-8x12.webp 8w, https:\/\/www.drrashel-bbg.com\/wp-content\/uploads\/2026\/01\/DRL-1859-Niacinamide-super-serum-Details-08-600x878.webp 600w\" sizes=\"(max-width: 1000px) 100vw, 1000px\" \/> <img loading=\"lazy\" decoding=\"async\" class=\"aligncenter wp-image-5204\" src=\"https:\/\/www.drrashel-bbg.com\/wp-content\/uploads\/2026\/01\/DRL-1859-Niacinamide-super-serum-Details-09.webp\" alt=\"\" width=\"1000\" height=\"1456\" srcset=\"https:\/\/www.drrashel-bbg.com\/wp-content\/uploads\/2026\/01\/DRL-1859-Niacinamide-super-serum-Details-09.webp 790w, https:\/\/www.drrashel-bbg.com\/wp-content\/uploads\/2026\/01\/DRL-1859-Niacinamide-super-serum-Details-09-206x300.webp 206w, https:\/\/www.drrashel-bbg.com\/wp-content\/uploads\/2026\/01\/DRL-1859-Niacinamide-super-serum-Details-09-703x1024.webp 703w, https:\/\/www.drrashel-bbg.com\/wp-content\/uploads\/2026\/01\/DRL-1859-Niacinamide-super-serum-Details-09-768x1118.webp 768w, https:\/\/www.drrashel-bbg.com\/wp-content\/uploads\/2026\/01\/DRL-1859-Niacinamide-super-serum-Details-09-8x12.webp 8w, https:\/\/www.drrashel-bbg.com\/wp-content\/uploads\/2026\/01\/DRL-1859-Niacinamide-super-serum-Details-09-600x873.webp 600w\" sizes=\"(max-width: 1000px) 100vw, 1000px\" \/> <img loading=\"lazy\" decoding=\"async\" class=\"aligncenter wp-image-5205\" src=\"https:\/\/www.drrashel-bbg.com\/wp-content\/uploads\/2026\/01\/DRL-1859-Niacinamide-super-serum-Details-10.webp\" alt=\"\" width=\"1000\" height=\"1281\" srcset=\"https:\/\/www.drrashel-bbg.com\/wp-content\/uploads\/2026\/01\/DRL-1859-Niacinamide-super-serum-Details-10.webp 790w, https:\/\/www.drrashel-bbg.com\/wp-content\/uploads\/2026\/01\/DRL-1859-Niacinamide-super-serum-Details-10-234x300.webp 234w, https:\/\/www.drrashel-bbg.com\/wp-content\/uploads\/2026\/01\/DRL-1859-Niacinamide-super-serum-Details-10-768x984.webp 768w, https:\/\/www.drrashel-bbg.com\/wp-content\/uploads\/2026\/01\/DRL-1859-Niacinamide-super-serum-Details-10-9x12.webp 9w, https:\/\/www.drrashel-bbg.com\/wp-content\/uploads\/2026\/01\/DRL-1859-Niacinamide-super-serum-Details-10-600x769.webp 600w\" sizes=\"(max-width: 1000px) 100vw, 1000px\" \/> <img loading=\"lazy\" decoding=\"async\" class=\"aligncenter wp-image-5206\" src=\"https:\/\/www.drrashel-bbg.com\/wp-content\/uploads\/2026\/01\/DRL-1859-Niacinamide-super-serum-Details-11.webp\" alt=\"\" width=\"1000\" height=\"1839\" srcset=\"https:\/\/www.drrashel-bbg.com\/wp-content\/uploads\/2026\/01\/DRL-1859-Niacinamide-super-serum-Details-11.webp 790w, https:\/\/www.drrashel-bbg.com\/wp-content\/uploads\/2026\/01\/DRL-1859-Niacinamide-super-serum-Details-11-163x300.webp 163w, https:\/\/www.drrashel-bbg.com\/wp-content\/uploads\/2026\/01\/DRL-1859-Niacinamide-super-serum-Details-11-557x1024.webp 557w, https:\/\/www.drrashel-bbg.com\/wp-content\/uploads\/2026\/01\/DRL-1859-Niacinamide-super-serum-Details-11-768x1413.webp 768w, https:\/\/www.drrashel-bbg.com\/wp-content\/uploads\/2026\/01\/DRL-1859-Niacinamide-super-serum-Details-11-7x12.webp 7w, https:\/\/www.drrashel-bbg.com\/wp-content\/uploads\/2026\/01\/DRL-1859-Niacinamide-super-serum-Details-11-600x1104.webp 600w\" sizes=\"(max-width: 1000px) 100vw, 1000px\" \/> <img loading=\"lazy\" decoding=\"async\" class=\"aligncenter wp-image-5207\" src=\"https:\/\/www.drrashel-bbg.com\/wp-content\/uploads\/2026\/01\/DRL-1859-Niacinamide-super-serum-Details-12.webp\" alt=\"\" width=\"1000\" height=\"1984\" srcset=\"https:\/\/www.drrashel-bbg.com\/wp-content\/uploads\/2026\/01\/DRL-1859-Niacinamide-super-serum-Details-12.webp 790w, https:\/\/www.drrashel-bbg.com\/wp-content\/uploads\/2026\/01\/DRL-1859-Niacinamide-super-serum-Details-12-151x300.webp 151w, https:\/\/www.drrashel-bbg.com\/wp-content\/uploads\/2026\/01\/DRL-1859-Niacinamide-super-serum-Details-12-516x1024.webp 516w, https:\/\/www.drrashel-bbg.com\/wp-content\/uploads\/2026\/01\/DRL-1859-Niacinamide-super-serum-Details-12-768x1523.webp 768w, https:\/\/www.drrashel-bbg.com\/wp-content\/uploads\/2026\/01\/DRL-1859-Niacinamide-super-serum-Details-12-774x1536.webp 774w, https:\/\/www.drrashel-bbg.com\/wp-content\/uploads\/2026\/01\/DRL-1859-Niacinamide-super-serum-Details-12-6x12.webp 6w, https:\/\/www.drrashel-bbg.com\/wp-content\/uploads\/2026\/01\/DRL-1859-Niacinamide-super-serum-Details-12-600x1190.webp 600w\" sizes=\"(max-width: 1000px) 100vw, 1000px\" \/>Beneficios del producto:<\/p>\n<p>Niacinamide super suero es un producto dise\u00f1ado para mejorar la claridad y el brillo de la piel. Puede reducir eficazmente las manchas, desvanecerse las manchas y quitar el tono de la piel, ayuda a suavizar la textura de la piel y promueve la piel clara y brillante.<\/p>\n<p>C\u00f3mo utilizar:<\/p>\n<p>Se utiliza en la piel limpiada, distribuye 3-4 gotas en la piel de la cara y el cuello, comenzando desde el centro de la cara y trabajando su camino de salida, y masajear suavemente hasta que se absorbe completamente, se utiliza todas las ma\u00f1anas y por la noche, solo o antes de su hidratante.<\/p>\n<p>Advertencia: Solo para uso externo, mantenga en un lugar seco y fresco, evite el contacto directo con los ojos, si se produce contacto, enjuague bien con agua. Si se produce irritaci\u00f3n, interrumpa el uso. Mant\u00e9ngalo fuera del alcance de los ni\u00f1os.<\/p>\n<p>Introducci\u00f3n de la marca:<\/p>\n<p>DR\u00b7RASHEL fue fundada en 1989 por el Sr. BAKRI, un maestro de cuidado de la piel, con treinta a\u00f1os de experiencia en productos. Centrado en la salud, el Sr. BAKRI desarroll\u00f3 f\u00f3rmulas precisas para los ingredientes naturales para maximizar la salud de la piel y el brillo vibrante, un principio aplicado en la amplia gama de productos de cuidado de la piel de DR\u00b7RASHEL.<\/p>\n<p>Los productos de DR\u00b7RASHEL est\u00e1n extendidos por todo el mundo y son bienvenidos por clientes en cinco continentes, m\u00e1s espec\u00edficamente, en Oriente Medio, Am\u00e9rica del Sur y Europa.<\/p>\n<p>Exportamos a m\u00e1s de 100 pa\u00edses, incluyendo Emiratos \u00c1rabes Unidos, Rusia, Am\u00e9rica, M\u00e9xico, Australia, Arabia Saudita, Brasil, India y Sud\u00e1frica.<\/p>\n<p>Tenemos ISO, GMPC American European Union International Autoritative Double Certification, Advanced R &amp; amp; D equipo de prueba, miles de f\u00f3rmulas maduras y equipo de ventas de alta eficiencia y superioridad de precio competitivo. Nuestras categor\u00edas de productos son: productos de cuidado de la piel, productos de maquillaje, productos de lavado y cuidado.<\/p>","protected":false},"excerpt":{"rendered":"<p>Niacinamide super suero es un producto dise\u00f1ado para mejorar la claridad y el brillo de la piel. Puede reducir eficazmente las manchas, desvanecerse las manchas y quitar el tono de la piel, ayuda a suavizar la textura de la piel y promueve la piel clara y brillante.<\/p>\n<p>Ingredientes principales: Aqua, Niacinamida, Glicerina, Gliceret-26, Poliisobuteno hidrogenado, Butileno glicol, Propileno glicol, Triglic\u00e9rido capr\u00edlico \/ c\u00e1ntrico, Dimeticona, Polisorbato 60<\/p>\n<p>N\u00famero de serie: DRL-1859<\/p>\n<p>Tipo de piel aplicable: Adecuado para todos los tipos de piel, especialmente aquellos con tono de piel opaco e irregular<\/p>\n<p>Capacidad del producto: 50ml<\/p>","protected":false},"featured_media":5094,"comment_status":"closed","ping_status":"closed","template":"","meta":[],"product_brand":[],"product_cat":[15,115],"product_tag":[],"class_list":{"0":"post-5091","1":"product","2":"type-product","3":"status-publish","4":"has-post-thumbnail","6":"product_cat-face-care","7":"product_cat-serum-essences","9":"first","10":"instock","11":"shipping-taxable","12":"product-type-simple"},"_links":{"self":[{"href":"https:\/\/www.drrashel-bbg.com\/es\/wp-json\/wp\/v2\/product\/5091","targetHints":{"allow":["GET"]}}],"collection":[{"href":"https:\/\/www.drrashel-bbg.com\/es\/wp-json\/wp\/v2\/product"}],"about":[{"href":"https:\/\/www.drrashel-bbg.com\/es\/wp-json\/wp\/v2\/types\/product"}],"replies":[{"embeddable":true,"href":"https:\/\/www.drrashel-bbg.com\/es\/wp-json\/wp\/v2\/comments?post=5091"}],"wp:featuredmedia":[{"embeddable":true,"href":"https:\/\/www.drrashel-bbg.com\/es\/wp-json\/wp\/v2\/media\/5094"}],"wp:attachment":[{"href":"https:\/\/www.drrashel-bbg.com\/es\/wp-json\/wp\/v2\/media?parent=5091"}],"wp:term":[{"taxonomy":"product_brand","embeddable":true,"href":"https:\/\/www.drrashel-bbg.com\/es\/wp-json\/wp\/v2\/product_brand?post=5091"},{"taxonomy":"product_cat","embeddable":true,"href":"https:\/\/www.drrashel-bbg.com\/es\/wp-json\/wp\/v2\/product_cat?post=5091"},{"taxonomy":"product_tag","embeddable":true,"href":"https:\/\/www.drrashel-bbg.com\/es\/wp-json\/wp\/v2\/product_tag?post=5091"}],"curies":[{"name":"wp","href":"https:\/\/api.w.org\/{rel}","templated":true}]}}