{"id":5101,"date":"2026-01-10T10:39:07","date_gmt":"2026-01-10T02:39:07","guid":{"rendered":"https:\/\/www.drrashel-bbg.com\/?post_type=product&#038;p=5101"},"modified":"2026-01-13T13:52:48","modified_gmt":"2026-01-13T05:52:48","slug":"turmeric-super-serum","status":"publish","type":"product","link":"https:\/\/www.drrashel-bbg.com\/es\/serum-essences\/turmeric-super-serum\/","title":{"rendered":"Super suero de \u00e1cido hialur\u00f3nico"},"content":{"rendered":"<p><img fetchpriority=\"high\" decoding=\"async\" class=\"aligncenter wp-image-5218\" src=\"https:\/\/www.drrashel-bbg.com\/wp-content\/uploads\/2026\/01\/DRL-1860-Hyaluronic-acid-Super-serum-Details-01.webp\" alt=\"\" width=\"1000\" height=\"1556\" srcset=\"https:\/\/www.drrashel-bbg.com\/wp-content\/uploads\/2026\/01\/DRL-1860-Hyaluronic-acid-Super-serum-Details-01.webp 790w, https:\/\/www.drrashel-bbg.com\/wp-content\/uploads\/2026\/01\/DRL-1860-Hyaluronic-acid-Super-serum-Details-01-193x300.webp 193w, https:\/\/www.drrashel-bbg.com\/wp-content\/uploads\/2026\/01\/DRL-1860-Hyaluronic-acid-Super-serum-Details-01-658x1024.webp 658w, https:\/\/www.drrashel-bbg.com\/wp-content\/uploads\/2026\/01\/DRL-1860-Hyaluronic-acid-Super-serum-Details-01-768x1195.webp 768w, https:\/\/www.drrashel-bbg.com\/wp-content\/uploads\/2026\/01\/DRL-1860-Hyaluronic-acid-Super-serum-Details-01-8x12.webp 8w, https:\/\/www.drrashel-bbg.com\/wp-content\/uploads\/2026\/01\/DRL-1860-Hyaluronic-acid-Super-serum-Details-01-600x933.webp 600w\" sizes=\"(max-width: 1000px) 100vw, 1000px\" \/> <img decoding=\"async\" class=\"aligncenter wp-image-5219\" src=\"https:\/\/www.drrashel-bbg.com\/wp-content\/uploads\/2026\/01\/DRL-1860-Hyaluronic-acid-Super-serum-Details-02.webp\" alt=\"\" width=\"1000\" height=\"1647\" srcset=\"https:\/\/www.drrashel-bbg.com\/wp-content\/uploads\/2026\/01\/DRL-1860-Hyaluronic-acid-Super-serum-Details-02.webp 790w, https:\/\/www.drrashel-bbg.com\/wp-content\/uploads\/2026\/01\/DRL-1860-Hyaluronic-acid-Super-serum-Details-02-182x300.webp 182w, https:\/\/www.drrashel-bbg.com\/wp-content\/uploads\/2026\/01\/DRL-1860-Hyaluronic-acid-Super-serum-Details-02-622x1024.webp 622w, https:\/\/www.drrashel-bbg.com\/wp-content\/uploads\/2026\/01\/DRL-1860-Hyaluronic-acid-Super-serum-Details-02-768x1265.webp 768w, https:\/\/www.drrashel-bbg.com\/wp-content\/uploads\/2026\/01\/DRL-1860-Hyaluronic-acid-Super-serum-Details-02-7x12.webp 7w, https:\/\/www.drrashel-bbg.com\/wp-content\/uploads\/2026\/01\/DRL-1860-Hyaluronic-acid-Super-serum-Details-02-600x988.webp 600w\" sizes=\"(max-width: 1000px) 100vw, 1000px\" \/> <img decoding=\"async\" class=\"aligncenter wp-image-5220\" src=\"https:\/\/www.drrashel-bbg.com\/wp-content\/uploads\/2026\/01\/DRL-1860-Hyaluronic-acid-Super-serum-Details-03.webp\" alt=\"\" width=\"1000\" height=\"1567\" srcset=\"https:\/\/www.drrashel-bbg.com\/wp-content\/uploads\/2026\/01\/DRL-1860-Hyaluronic-acid-Super-serum-Details-03.webp 790w, https:\/\/www.drrashel-bbg.com\/wp-content\/uploads\/2026\/01\/DRL-1860-Hyaluronic-acid-Super-serum-Details-03-191x300.webp 191w, https:\/\/www.drrashel-bbg.com\/wp-content\/uploads\/2026\/01\/DRL-1860-Hyaluronic-acid-Super-serum-Details-03-653x1024.webp 653w, https:\/\/www.drrashel-bbg.com\/wp-content\/uploads\/2026\/01\/DRL-1860-Hyaluronic-acid-Super-serum-Details-03-768x1204.webp 768w, https:\/\/www.drrashel-bbg.com\/wp-content\/uploads\/2026\/01\/DRL-1860-Hyaluronic-acid-Super-serum-Details-03-8x12.webp 8w, https:\/\/www.drrashel-bbg.com\/wp-content\/uploads\/2026\/01\/DRL-1860-Hyaluronic-acid-Super-serum-Details-03-600x940.webp 600w\" sizes=\"(max-width: 1000px) 100vw, 1000px\" \/> <img loading=\"lazy\" decoding=\"async\" class=\"aligncenter wp-image-5221\" src=\"https:\/\/www.drrashel-bbg.com\/wp-content\/uploads\/2026\/01\/DRL-1860-Hyaluronic-acid-Super-serum-Details-04.webp\" alt=\"\" width=\"1000\" height=\"1665\" srcset=\"https:\/\/www.drrashel-bbg.com\/wp-content\/uploads\/2026\/01\/DRL-1860-Hyaluronic-acid-Super-serum-Details-04.webp 790w, https:\/\/www.drrashel-bbg.com\/wp-content\/uploads\/2026\/01\/DRL-1860-Hyaluronic-acid-Super-serum-Details-04-180x300.webp 180w, https:\/\/www.drrashel-bbg.com\/wp-content\/uploads\/2026\/01\/DRL-1860-Hyaluronic-acid-Super-serum-Details-04-615x1024.webp 615w, https:\/\/www.drrashel-bbg.com\/wp-content\/uploads\/2026\/01\/DRL-1860-Hyaluronic-acid-Super-serum-Details-04-768x1278.webp 768w, https:\/\/www.drrashel-bbg.com\/wp-content\/uploads\/2026\/01\/DRL-1860-Hyaluronic-acid-Super-serum-Details-04-7x12.webp 7w, https:\/\/www.drrashel-bbg.com\/wp-content\/uploads\/2026\/01\/DRL-1860-Hyaluronic-acid-Super-serum-Details-04-600x999.webp 600w\" sizes=\"(max-width: 1000px) 100vw, 1000px\" \/> <img loading=\"lazy\" decoding=\"async\" class=\"aligncenter wp-image-5222\" src=\"https:\/\/www.drrashel-bbg.com\/wp-content\/uploads\/2026\/01\/DRL-1860-Hyaluronic-acid-Super-serum-Details-05.webp\" alt=\"\" width=\"1000\" height=\"1559\" srcset=\"https:\/\/www.drrashel-bbg.com\/wp-content\/uploads\/2026\/01\/DRL-1860-Hyaluronic-acid-Super-serum-Details-05.webp 790w, https:\/\/www.drrashel-bbg.com\/wp-content\/uploads\/2026\/01\/DRL-1860-Hyaluronic-acid-Super-serum-Details-05-192x300.webp 192w, https:\/\/www.drrashel-bbg.com\/wp-content\/uploads\/2026\/01\/DRL-1860-Hyaluronic-acid-Super-serum-Details-05-657x1024.webp 657w, https:\/\/www.drrashel-bbg.com\/wp-content\/uploads\/2026\/01\/DRL-1860-Hyaluronic-acid-Super-serum-Details-05-768x1198.webp 768w, https:\/\/www.drrashel-bbg.com\/wp-content\/uploads\/2026\/01\/DRL-1860-Hyaluronic-acid-Super-serum-Details-05-8x12.webp 8w, https:\/\/www.drrashel-bbg.com\/wp-content\/uploads\/2026\/01\/DRL-1860-Hyaluronic-acid-Super-serum-Details-05-600x936.webp 600w\" sizes=\"(max-width: 1000px) 100vw, 1000px\" \/> <img loading=\"lazy\" decoding=\"async\" class=\"aligncenter wp-image-5223\" src=\"https:\/\/www.drrashel-bbg.com\/wp-content\/uploads\/2026\/01\/DRL-1860-Hyaluronic-acid-Super-serum-Details-06.webp\" alt=\"\" width=\"1000\" height=\"1571\" srcset=\"https:\/\/www.drrashel-bbg.com\/wp-content\/uploads\/2026\/01\/DRL-1860-Hyaluronic-acid-Super-serum-Details-06.webp 790w, https:\/\/www.drrashel-bbg.com\/wp-content\/uploads\/2026\/01\/DRL-1860-Hyaluronic-acid-Super-serum-Details-06-191x300.webp 191w, https:\/\/www.drrashel-bbg.com\/wp-content\/uploads\/2026\/01\/DRL-1860-Hyaluronic-acid-Super-serum-Details-06-652x1024.webp 652w, https:\/\/www.drrashel-bbg.com\/wp-content\/uploads\/2026\/01\/DRL-1860-Hyaluronic-acid-Super-serum-Details-06-768x1206.webp 768w, https:\/\/www.drrashel-bbg.com\/wp-content\/uploads\/2026\/01\/DRL-1860-Hyaluronic-acid-Super-serum-Details-06-8x12.webp 8w, https:\/\/www.drrashel-bbg.com\/wp-content\/uploads\/2026\/01\/DRL-1860-Hyaluronic-acid-Super-serum-Details-06-600x943.webp 600w\" sizes=\"(max-width: 1000px) 100vw, 1000px\" \/> <img loading=\"lazy\" decoding=\"async\" class=\"aligncenter wp-image-5224\" src=\"https:\/\/www.drrashel-bbg.com\/wp-content\/uploads\/2026\/01\/DRL-1860-Hyaluronic-acid-Super-serum-Details-07.webp\" alt=\"\" width=\"1000\" height=\"1811\" srcset=\"https:\/\/www.drrashel-bbg.com\/wp-content\/uploads\/2026\/01\/DRL-1860-Hyaluronic-acid-Super-serum-Details-07.webp 790w, https:\/\/www.drrashel-bbg.com\/wp-content\/uploads\/2026\/01\/DRL-1860-Hyaluronic-acid-Super-serum-Details-07-166x300.webp 166w, https:\/\/www.drrashel-bbg.com\/wp-content\/uploads\/2026\/01\/DRL-1860-Hyaluronic-acid-Super-serum-Details-07-565x1024.webp 565w, https:\/\/www.drrashel-bbg.com\/wp-content\/uploads\/2026\/01\/DRL-1860-Hyaluronic-acid-Super-serum-Details-07-768x1391.webp 768w, https:\/\/www.drrashel-bbg.com\/wp-content\/uploads\/2026\/01\/DRL-1860-Hyaluronic-acid-Super-serum-Details-07-7x12.webp 7w, https:\/\/www.drrashel-bbg.com\/wp-content\/uploads\/2026\/01\/DRL-1860-Hyaluronic-acid-Super-serum-Details-07-600x1087.webp 600w\" sizes=\"(max-width: 1000px) 100vw, 1000px\" \/> <img loading=\"lazy\" decoding=\"async\" class=\"aligncenter wp-image-5225\" src=\"https:\/\/www.drrashel-bbg.com\/wp-content\/uploads\/2026\/01\/DRL-1860-Hyaluronic-acid-Super-serum-Details-08.webp\" alt=\"\" width=\"1000\" height=\"1586\" srcset=\"https:\/\/www.drrashel-bbg.com\/wp-content\/uploads\/2026\/01\/DRL-1860-Hyaluronic-acid-Super-serum-Details-08.webp 790w, https:\/\/www.drrashel-bbg.com\/wp-content\/uploads\/2026\/01\/DRL-1860-Hyaluronic-acid-Super-serum-Details-08-189x300.webp 189w, https:\/\/www.drrashel-bbg.com\/wp-content\/uploads\/2026\/01\/DRL-1860-Hyaluronic-acid-Super-serum-Details-08-646x1024.webp 646w, https:\/\/www.drrashel-bbg.com\/wp-content\/uploads\/2026\/01\/DRL-1860-Hyaluronic-acid-Super-serum-Details-08-768x1218.webp 768w, https:\/\/www.drrashel-bbg.com\/wp-content\/uploads\/2026\/01\/DRL-1860-Hyaluronic-acid-Super-serum-Details-08-8x12.webp 8w, https:\/\/www.drrashel-bbg.com\/wp-content\/uploads\/2026\/01\/DRL-1860-Hyaluronic-acid-Super-serum-Details-08-600x952.webp 600w\" sizes=\"(max-width: 1000px) 100vw, 1000px\" \/> <img loading=\"lazy\" decoding=\"async\" class=\"aligncenter wp-image-5226\" src=\"https:\/\/www.drrashel-bbg.com\/wp-content\/uploads\/2026\/01\/DRL-1860-Hyaluronic-acid-Super-serum-Details-09.webp\" alt=\"\" width=\"1000\" height=\"1399\" srcset=\"https:\/\/www.drrashel-bbg.com\/wp-content\/uploads\/2026\/01\/DRL-1860-Hyaluronic-acid-Super-serum-Details-09.webp 790w, https:\/\/www.drrashel-bbg.com\/wp-content\/uploads\/2026\/01\/DRL-1860-Hyaluronic-acid-Super-serum-Details-09-214x300.webp 214w, https:\/\/www.drrashel-bbg.com\/wp-content\/uploads\/2026\/01\/DRL-1860-Hyaluronic-acid-Super-serum-Details-09-732x1024.webp 732w, https:\/\/www.drrashel-bbg.com\/wp-content\/uploads\/2026\/01\/DRL-1860-Hyaluronic-acid-Super-serum-Details-09-768x1074.webp 768w, https:\/\/www.drrashel-bbg.com\/wp-content\/uploads\/2026\/01\/DRL-1860-Hyaluronic-acid-Super-serum-Details-09-9x12.webp 9w, https:\/\/www.drrashel-bbg.com\/wp-content\/uploads\/2026\/01\/DRL-1860-Hyaluronic-acid-Super-serum-Details-09-600x839.webp 600w\" sizes=\"(max-width: 1000px) 100vw, 1000px\" \/><\/p>\n<p>Beneficios del producto:<\/p>\n<p>\u00c1cido hialur\u00f3nico ultrapuro y altamente profesional, ayuda a atrapar la humedad en la superficie de la piel, haciendo que la piel se sienta m\u00e1s llena, saludable e hidratada. Nuestro s\u00faper suero de \u00e1cido hialur\u00f3nico fortalece la piel para ayudar a resistir los signos de envejecimiento, al mismo tiempo que aumenta el resplandor y alisa las l\u00edneas finas. Nutriente cada pulgada de piel, adecuado para todos los tipos de piel, proporcionando una capa hidratante ligera b\u00e1sica.<\/p>\n<p>C\u00f3mo utilizar:<\/p>\n<p>Se utiliza en la piel limpiada, distribuye 3-4 gotas en la piel de la cara y el cuello, comenzando desde el centro de la cara y trabajando su camino de salida, y masajear suavemente hasta que se absorbe completamente, se utiliza todas las ma\u00f1anas y por la noche, solo o antes de su hidratante.<\/p>\n<p>Advertencia: Solo para uso externo, mantenga en un lugar seco y fresco, evite el contacto directo con los ojos, si se produce contacto, enjuague bien con agua. Si se produce irritaci\u00f3n, interrumpa el uso. Mant\u00e9ngalo fuera del alcance de los ni\u00f1os.<\/p>\n<p>Introducci\u00f3n de la marca:<\/p>\n<p>DR\u00b7RASHEL fue fundada en 1989 por el Sr. BAKRI, un maestro de cuidado de la piel, con treinta a\u00f1os de experiencia en productos. Centrado en la salud, el Sr. BAKRI desarroll\u00f3 f\u00f3rmulas precisas para los ingredientes naturales para maximizar la salud de la piel y el brillo vibrante, un principio aplicado en la amplia gama de productos de cuidado de la piel de DR\u00b7RASHEL.<\/p>\n<p>Los productos de DR\u00b7RASHEL est\u00e1n extendidos por todo el mundo y son bienvenidos por clientes en cinco continentes, m\u00e1s espec\u00edficamente, en Oriente Medio, Am\u00e9rica del Sur y Europa.<\/p>\n<p>Exportamos a m\u00e1s de 100 pa\u00edses, incluyendo Emiratos \u00c1rabes Unidos, Rusia, Am\u00e9rica, M\u00e9xico, Australia, Arabia Saudita, Brasil, India y Sud\u00e1frica.<\/p>\n<p>Tenemos ISO, GMPC American European Union International Autoritative Double Certification, Advanced R &amp; amp; D equipo de prueba, miles de f\u00f3rmulas maduras y equipo de ventas de alta eficiencia y superioridad de precio competitivo. Nuestras categor\u00edas de productos son: productos de cuidado de la piel, productos de maquillaje, productos de lavado y cuidado.<\/p>","protected":false},"excerpt":{"rendered":"<p>\u00c1cido hialur\u00f3nico ultrapuro y altamente profesional, ayuda a atrapar la humedad en la superficie de la piel, haciendo que la piel se sienta m\u00e1s llena, saludable e hidratada. Nuestro s\u00faper suero de \u00e1cido hialur\u00f3nico fortalece la piel para ayudar a resistir los signos de envejecimiento, al mismo tiempo que aumenta el resplandor y alisa las l\u00edneas finas. Nutriente cada pulgada de piel, adecuado para todos los tipos de piel, proporcionando una capa hidratante ligera b\u00e1sica.<\/p>\n<p>Ingredientes y tecnolog\u00edas principales: Aqua, Butilen Glycol, Hialuronato de sodio, 1,2-Hexanediol, Hidroxiacetofenona, Carb\u00f3mero, Pol\u00edmero cruzado de hialuronato de sodio, Hialuronato de sodio hidrolizado, Hialuronato acetilado de sodio, Hialuronato de hidroxipropiltrimonio<\/p>\n<p>N\u00famero de serie: DRL-1860<\/p>\n<p>Tipo de piel aplicable: Adecuado para todos los tipos de piel, especialmente aquellos con tono de piel opaco e irregular.<\/p>\n<p>Capacidad del producto: 50ml<\/p>","protected":false},"featured_media":5102,"comment_status":"closed","ping_status":"closed","template":"","meta":[],"product_brand":[],"product_cat":[15,115],"product_tag":[],"class_list":{"0":"post-5101","1":"product","2":"type-product","3":"status-publish","4":"has-post-thumbnail","6":"product_cat-face-care","7":"product_cat-serum-essences","9":"first","10":"instock","11":"shipping-taxable","12":"product-type-simple"},"_links":{"self":[{"href":"https:\/\/www.drrashel-bbg.com\/es\/wp-json\/wp\/v2\/product\/5101","targetHints":{"allow":["GET"]}}],"collection":[{"href":"https:\/\/www.drrashel-bbg.com\/es\/wp-json\/wp\/v2\/product"}],"about":[{"href":"https:\/\/www.drrashel-bbg.com\/es\/wp-json\/wp\/v2\/types\/product"}],"replies":[{"embeddable":true,"href":"https:\/\/www.drrashel-bbg.com\/es\/wp-json\/wp\/v2\/comments?post=5101"}],"wp:featuredmedia":[{"embeddable":true,"href":"https:\/\/www.drrashel-bbg.com\/es\/wp-json\/wp\/v2\/media\/5102"}],"wp:attachment":[{"href":"https:\/\/www.drrashel-bbg.com\/es\/wp-json\/wp\/v2\/media?parent=5101"}],"wp:term":[{"taxonomy":"product_brand","embeddable":true,"href":"https:\/\/www.drrashel-bbg.com\/es\/wp-json\/wp\/v2\/product_brand?post=5101"},{"taxonomy":"product_cat","embeddable":true,"href":"https:\/\/www.drrashel-bbg.com\/es\/wp-json\/wp\/v2\/product_cat?post=5101"},{"taxonomy":"product_tag","embeddable":true,"href":"https:\/\/www.drrashel-bbg.com\/es\/wp-json\/wp\/v2\/product_tag?post=5101"}],"curies":[{"name":"wp","href":"https:\/\/api.w.org\/{rel}","templated":true}]}}