{"id":5124,"date":"2026-01-10T10:50:09","date_gmt":"2026-01-10T02:50:09","guid":{"rendered":"https:\/\/www.drrashel-bbg.com\/?post_type=product&#038;p=5124"},"modified":"2026-01-15T13:19:47","modified_gmt":"2026-01-15T05:19:47","slug":"glycolic-acid-super-serum","status":"publish","type":"product","link":"https:\/\/www.drrashel-bbg.com\/es\/serum-essences\/glycolic-acid-super-serum\/","title":{"rendered":"S\u00faper suero de \u00e1cido glic\u00f3lico"},"content":{"rendered":"<p><img fetchpriority=\"high\" decoding=\"async\" class=\"alignnone size-full wp-image-5366\" src=\"https:\/\/www.drrashel-bbg.com\/wp-content\/uploads\/2026\/01\/DRL-1862-Glycolic-Acid-Super-Serum-Details-01.webp\" alt=\"\" width=\"790\" height=\"1251\" srcset=\"https:\/\/www.drrashel-bbg.com\/wp-content\/uploads\/2026\/01\/DRL-1862-Glycolic-Acid-Super-Serum-Details-01.webp 790w, https:\/\/www.drrashel-bbg.com\/wp-content\/uploads\/2026\/01\/DRL-1862-Glycolic-Acid-Super-Serum-Details-01-189x300.webp 189w, https:\/\/www.drrashel-bbg.com\/wp-content\/uploads\/2026\/01\/DRL-1862-Glycolic-Acid-Super-Serum-Details-01-647x1024.webp 647w, https:\/\/www.drrashel-bbg.com\/wp-content\/uploads\/2026\/01\/DRL-1862-Glycolic-Acid-Super-Serum-Details-01-768x1216.webp 768w, https:\/\/www.drrashel-bbg.com\/wp-content\/uploads\/2026\/01\/DRL-1862-Glycolic-Acid-Super-Serum-Details-01-8x12.webp 8w, https:\/\/www.drrashel-bbg.com\/wp-content\/uploads\/2026\/01\/DRL-1862-Glycolic-Acid-Super-Serum-Details-01-600x950.webp 600w\" sizes=\"(max-width: 790px) 100vw, 790px\" \/> <img decoding=\"async\" class=\"alignnone size-full wp-image-5367\" src=\"https:\/\/www.drrashel-bbg.com\/wp-content\/uploads\/2026\/01\/DRL-1862-Glycolic-Acid-Super-Serum-Details-02.webp\" alt=\"\" width=\"790\" height=\"993\" srcset=\"https:\/\/www.drrashel-bbg.com\/wp-content\/uploads\/2026\/01\/DRL-1862-Glycolic-Acid-Super-Serum-Details-02.webp 790w, https:\/\/www.drrashel-bbg.com\/wp-content\/uploads\/2026\/01\/DRL-1862-Glycolic-Acid-Super-Serum-Details-02-239x300.webp 239w, https:\/\/www.drrashel-bbg.com\/wp-content\/uploads\/2026\/01\/DRL-1862-Glycolic-Acid-Super-Serum-Details-02-768x965.webp 768w, https:\/\/www.drrashel-bbg.com\/wp-content\/uploads\/2026\/01\/DRL-1862-Glycolic-Acid-Super-Serum-Details-02-10x12.webp 10w, https:\/\/www.drrashel-bbg.com\/wp-content\/uploads\/2026\/01\/DRL-1862-Glycolic-Acid-Super-Serum-Details-02-600x754.webp 600w\" sizes=\"(max-width: 790px) 100vw, 790px\" \/> <img decoding=\"async\" class=\"alignnone size-full wp-image-5368\" src=\"https:\/\/www.drrashel-bbg.com\/wp-content\/uploads\/2026\/01\/DRL-1862-Glycolic-Acid-Super-Serum-Details-03.webp\" alt=\"\" width=\"790\" height=\"1258\" srcset=\"https:\/\/www.drrashel-bbg.com\/wp-content\/uploads\/2026\/01\/DRL-1862-Glycolic-Acid-Super-Serum-Details-03.webp 790w, https:\/\/www.drrashel-bbg.com\/wp-content\/uploads\/2026\/01\/DRL-1862-Glycolic-Acid-Super-Serum-Details-03-188x300.webp 188w, https:\/\/www.drrashel-bbg.com\/wp-content\/uploads\/2026\/01\/DRL-1862-Glycolic-Acid-Super-Serum-Details-03-643x1024.webp 643w, https:\/\/www.drrashel-bbg.com\/wp-content\/uploads\/2026\/01\/DRL-1862-Glycolic-Acid-Super-Serum-Details-03-768x1223.webp 768w, https:\/\/www.drrashel-bbg.com\/wp-content\/uploads\/2026\/01\/DRL-1862-Glycolic-Acid-Super-Serum-Details-03-8x12.webp 8w, https:\/\/www.drrashel-bbg.com\/wp-content\/uploads\/2026\/01\/DRL-1862-Glycolic-Acid-Super-Serum-Details-03-600x955.webp 600w\" sizes=\"(max-width: 790px) 100vw, 790px\" \/> <img loading=\"lazy\" decoding=\"async\" class=\"alignnone size-full wp-image-5369\" src=\"https:\/\/www.drrashel-bbg.com\/wp-content\/uploads\/2026\/01\/DRL-1862-Glycolic-Acid-Super-Serum-Details-04.webp\" alt=\"\" width=\"790\" height=\"1187\" srcset=\"https:\/\/www.drrashel-bbg.com\/wp-content\/uploads\/2026\/01\/DRL-1862-Glycolic-Acid-Super-Serum-Details-04.webp 790w, https:\/\/www.drrashel-bbg.com\/wp-content\/uploads\/2026\/01\/DRL-1862-Glycolic-Acid-Super-Serum-Details-04-200x300.webp 200w, https:\/\/www.drrashel-bbg.com\/wp-content\/uploads\/2026\/01\/DRL-1862-Glycolic-Acid-Super-Serum-Details-04-682x1024.webp 682w, https:\/\/www.drrashel-bbg.com\/wp-content\/uploads\/2026\/01\/DRL-1862-Glycolic-Acid-Super-Serum-Details-04-768x1154.webp 768w, https:\/\/www.drrashel-bbg.com\/wp-content\/uploads\/2026\/01\/DRL-1862-Glycolic-Acid-Super-Serum-Details-04-8x12.webp 8w, https:\/\/www.drrashel-bbg.com\/wp-content\/uploads\/2026\/01\/DRL-1862-Glycolic-Acid-Super-Serum-Details-04-600x902.webp 600w\" sizes=\"(max-width: 790px) 100vw, 790px\" \/> <img loading=\"lazy\" decoding=\"async\" class=\"alignnone size-full wp-image-5370\" src=\"https:\/\/www.drrashel-bbg.com\/wp-content\/uploads\/2026\/01\/DRL-1862-Glycolic-Acid-Super-Serum-Details-05.webp\" alt=\"\" width=\"790\" height=\"1235\" srcset=\"https:\/\/www.drrashel-bbg.com\/wp-content\/uploads\/2026\/01\/DRL-1862-Glycolic-Acid-Super-Serum-Details-05.webp 790w, https:\/\/www.drrashel-bbg.com\/wp-content\/uploads\/2026\/01\/DRL-1862-Glycolic-Acid-Super-Serum-Details-05-192x300.webp 192w, https:\/\/www.drrashel-bbg.com\/wp-content\/uploads\/2026\/01\/DRL-1862-Glycolic-Acid-Super-Serum-Details-05-655x1024.webp 655w, https:\/\/www.drrashel-bbg.com\/wp-content\/uploads\/2026\/01\/DRL-1862-Glycolic-Acid-Super-Serum-Details-05-768x1201.webp 768w, https:\/\/www.drrashel-bbg.com\/wp-content\/uploads\/2026\/01\/DRL-1862-Glycolic-Acid-Super-Serum-Details-05-8x12.webp 8w, https:\/\/www.drrashel-bbg.com\/wp-content\/uploads\/2026\/01\/DRL-1862-Glycolic-Acid-Super-Serum-Details-05-600x938.webp 600w\" sizes=\"(max-width: 790px) 100vw, 790px\" \/> <img loading=\"lazy\" decoding=\"async\" class=\"alignnone size-full wp-image-5371\" src=\"https:\/\/www.drrashel-bbg.com\/wp-content\/uploads\/2026\/01\/DRL-1862-Glycolic-Acid-Super-Serum-Details-06.webp\" alt=\"\" width=\"790\" height=\"1225\" srcset=\"https:\/\/www.drrashel-bbg.com\/wp-content\/uploads\/2026\/01\/DRL-1862-Glycolic-Acid-Super-Serum-Details-06.webp 790w, https:\/\/www.drrashel-bbg.com\/wp-content\/uploads\/2026\/01\/DRL-1862-Glycolic-Acid-Super-Serum-Details-06-193x300.webp 193w, https:\/\/www.drrashel-bbg.com\/wp-content\/uploads\/2026\/01\/DRL-1862-Glycolic-Acid-Super-Serum-Details-06-660x1024.webp 660w, https:\/\/www.drrashel-bbg.com\/wp-content\/uploads\/2026\/01\/DRL-1862-Glycolic-Acid-Super-Serum-Details-06-768x1191.webp 768w, https:\/\/www.drrashel-bbg.com\/wp-content\/uploads\/2026\/01\/DRL-1862-Glycolic-Acid-Super-Serum-Details-06-8x12.webp 8w, https:\/\/www.drrashel-bbg.com\/wp-content\/uploads\/2026\/01\/DRL-1862-Glycolic-Acid-Super-Serum-Details-06-600x930.webp 600w\" sizes=\"(max-width: 790px) 100vw, 790px\" \/> <img loading=\"lazy\" decoding=\"async\" class=\"alignnone size-full wp-image-5372\" src=\"https:\/\/www.drrashel-bbg.com\/wp-content\/uploads\/2026\/01\/DRL-1862-Glycolic-Acid-Super-Serum-Details-07.webp\" alt=\"\" width=\"790\" height=\"1500\" srcset=\"https:\/\/www.drrashel-bbg.com\/wp-content\/uploads\/2026\/01\/DRL-1862-Glycolic-Acid-Super-Serum-Details-07.webp 790w, https:\/\/www.drrashel-bbg.com\/wp-content\/uploads\/2026\/01\/DRL-1862-Glycolic-Acid-Super-Serum-Details-07-158x300.webp 158w, https:\/\/www.drrashel-bbg.com\/wp-content\/uploads\/2026\/01\/DRL-1862-Glycolic-Acid-Super-Serum-Details-07-539x1024.webp 539w, https:\/\/www.drrashel-bbg.com\/wp-content\/uploads\/2026\/01\/DRL-1862-Glycolic-Acid-Super-Serum-Details-07-768x1458.webp 768w, https:\/\/www.drrashel-bbg.com\/wp-content\/uploads\/2026\/01\/DRL-1862-Glycolic-Acid-Super-Serum-Details-07-6x12.webp 6w, https:\/\/www.drrashel-bbg.com\/wp-content\/uploads\/2026\/01\/DRL-1862-Glycolic-Acid-Super-Serum-Details-07-600x1139.webp 600w\" sizes=\"(max-width: 790px) 100vw, 790px\" \/> <img loading=\"lazy\" decoding=\"async\" class=\"alignnone size-full wp-image-5373\" src=\"https:\/\/www.drrashel-bbg.com\/wp-content\/uploads\/2026\/01\/DRL-1862-Glycolic-Acid-Super-Serum-Details-08.webp\" alt=\"\" width=\"790\" height=\"1353\" srcset=\"https:\/\/www.drrashel-bbg.com\/wp-content\/uploads\/2026\/01\/DRL-1862-Glycolic-Acid-Super-Serum-Details-08.webp 790w, https:\/\/www.drrashel-bbg.com\/wp-content\/uploads\/2026\/01\/DRL-1862-Glycolic-Acid-Super-Serum-Details-08-175x300.webp 175w, https:\/\/www.drrashel-bbg.com\/wp-content\/uploads\/2026\/01\/DRL-1862-Glycolic-Acid-Super-Serum-Details-08-598x1024.webp 598w, https:\/\/www.drrashel-bbg.com\/wp-content\/uploads\/2026\/01\/DRL-1862-Glycolic-Acid-Super-Serum-Details-08-768x1315.webp 768w, https:\/\/www.drrashel-bbg.com\/wp-content\/uploads\/2026\/01\/DRL-1862-Glycolic-Acid-Super-Serum-Details-08-7x12.webp 7w, https:\/\/www.drrashel-bbg.com\/wp-content\/uploads\/2026\/01\/DRL-1862-Glycolic-Acid-Super-Serum-Details-08-600x1028.webp 600w\" sizes=\"(max-width: 790px) 100vw, 790px\" \/> <img loading=\"lazy\" decoding=\"async\" class=\"alignnone size-full wp-image-5374\" src=\"https:\/\/www.drrashel-bbg.com\/wp-content\/uploads\/2026\/01\/DRL-1862-Glycolic-Acid-Super-Serum-Details-09.webp\" alt=\"\" width=\"790\" height=\"1116\" srcset=\"https:\/\/www.drrashel-bbg.com\/wp-content\/uploads\/2026\/01\/DRL-1862-Glycolic-Acid-Super-Serum-Details-09.webp 790w, https:\/\/www.drrashel-bbg.com\/wp-content\/uploads\/2026\/01\/DRL-1862-Glycolic-Acid-Super-Serum-Details-09-212x300.webp 212w, https:\/\/www.drrashel-bbg.com\/wp-content\/uploads\/2026\/01\/DRL-1862-Glycolic-Acid-Super-Serum-Details-09-725x1024.webp 725w, https:\/\/www.drrashel-bbg.com\/wp-content\/uploads\/2026\/01\/DRL-1862-Glycolic-Acid-Super-Serum-Details-09-768x1085.webp 768w, https:\/\/www.drrashel-bbg.com\/wp-content\/uploads\/2026\/01\/DRL-1862-Glycolic-Acid-Super-Serum-Details-09-8x12.webp 8w, https:\/\/www.drrashel-bbg.com\/wp-content\/uploads\/2026\/01\/DRL-1862-Glycolic-Acid-Super-Serum-Details-09-600x848.webp 600w\" sizes=\"(max-width: 790px) 100vw, 790px\" \/> <img loading=\"lazy\" decoding=\"async\" class=\"alignnone size-full wp-image-5377\" src=\"https:\/\/www.drrashel-bbg.com\/wp-content\/uploads\/2026\/01\/DRL-1862-Glycolic-Acid-Super-Serum-Details-10.webp\" alt=\"\" width=\"790\" height=\"992\" srcset=\"https:\/\/www.drrashel-bbg.com\/wp-content\/uploads\/2026\/01\/DRL-1862-Glycolic-Acid-Super-Serum-Details-10.webp 790w, https:\/\/www.drrashel-bbg.com\/wp-content\/uploads\/2026\/01\/DRL-1862-Glycolic-Acid-Super-Serum-Details-10-239x300.webp 239w, https:\/\/www.drrashel-bbg.com\/wp-content\/uploads\/2026\/01\/DRL-1862-Glycolic-Acid-Super-Serum-Details-10-768x964.webp 768w, https:\/\/www.drrashel-bbg.com\/wp-content\/uploads\/2026\/01\/DRL-1862-Glycolic-Acid-Super-Serum-Details-10-10x12.webp 10w, https:\/\/www.drrashel-bbg.com\/wp-content\/uploads\/2026\/01\/DRL-1862-Glycolic-Acid-Super-Serum-Details-10-600x753.webp 600w\" sizes=\"(max-width: 790px) 100vw, 790px\" \/> <img loading=\"lazy\" decoding=\"async\" class=\"alignnone size-full wp-image-5378\" src=\"https:\/\/www.drrashel-bbg.com\/wp-content\/uploads\/2026\/01\/DRL-1862-Glycolic-Acid-Super-Serum-Details-11.webp\" alt=\"\" width=\"790\" height=\"1461\" srcset=\"https:\/\/www.drrashel-bbg.com\/wp-content\/uploads\/2026\/01\/DRL-1862-Glycolic-Acid-Super-Serum-Details-11.webp 790w, https:\/\/www.drrashel-bbg.com\/wp-content\/uploads\/2026\/01\/DRL-1862-Glycolic-Acid-Super-Serum-Details-11-162x300.webp 162w, https:\/\/www.drrashel-bbg.com\/wp-content\/uploads\/2026\/01\/DRL-1862-Glycolic-Acid-Super-Serum-Details-11-554x1024.webp 554w, https:\/\/www.drrashel-bbg.com\/wp-content\/uploads\/2026\/01\/DRL-1862-Glycolic-Acid-Super-Serum-Details-11-768x1420.webp 768w, https:\/\/www.drrashel-bbg.com\/wp-content\/uploads\/2026\/01\/DRL-1862-Glycolic-Acid-Super-Serum-Details-11-6x12.webp 6w, https:\/\/www.drrashel-bbg.com\/wp-content\/uploads\/2026\/01\/DRL-1862-Glycolic-Acid-Super-Serum-Details-11-600x1110.webp 600w\" sizes=\"(max-width: 790px) 100vw, 790px\" \/> <img loading=\"lazy\" decoding=\"async\" class=\"alignnone size-full wp-image-5380\" src=\"https:\/\/www.drrashel-bbg.com\/wp-content\/uploads\/2026\/01\/DRL-1862-Glycolic-Acid-Super-Serum-Details-12.webp\" alt=\"\" width=\"790\" height=\"851\" srcset=\"https:\/\/www.drrashel-bbg.com\/wp-content\/uploads\/2026\/01\/DRL-1862-Glycolic-Acid-Super-Serum-Details-12.webp 790w, https:\/\/www.drrashel-bbg.com\/wp-content\/uploads\/2026\/01\/DRL-1862-Glycolic-Acid-Super-Serum-Details-12-278x300.webp 278w, https:\/\/www.drrashel-bbg.com\/wp-content\/uploads\/2026\/01\/DRL-1862-Glycolic-Acid-Super-Serum-Details-12-768x827.webp 768w, https:\/\/www.drrashel-bbg.com\/wp-content\/uploads\/2026\/01\/DRL-1862-Glycolic-Acid-Super-Serum-Details-12-11x12.webp 11w, https:\/\/www.drrashel-bbg.com\/wp-content\/uploads\/2026\/01\/DRL-1862-Glycolic-Acid-Super-Serum-Details-12-600x646.webp 600w\" sizes=\"(max-width: 790px) 100vw, 790px\" \/><\/p>\n<p>Beneficios del producto:<\/p>\n<p>Efectos resurfaciantes exfoliando suavemente la piel. Es altamente eficaz en el deslizamiento de la textura de la piel \u00e1spera y abultada, dejando su piel brillante con resplandor<\/p>\n<p>C\u00f3mo utilizar:<\/p>\n<p>Usar solo por la noche sobre la piel limpia una vez al d\u00eda antes de ir a la cama. Utilice 2-3 veces a la semana si tiene piel sensible. Masajee de dos a tres gotas en la cara y el cuello despu\u00e9s del limpiador y antes del hidratante. No enjuague. Deje que el suero se absorbe antes de aplicar cremas hidratantes.<\/p>\n<p>Advertencia:<\/p>\n<p>Use solo como se indica en la piel sin romper. No se combine con otros \u00e1cidos y retinol. Este producto contiene un \u00e1cido alfa hidroxi (AHA) que puede aumentar su piel&#8217; Sensibilidad al sol. Durante el d\u00eda, siempre aplique un protector solar mientras use este producto y durante una semana despu\u00e9s.<\/p>\n<p>&nbsp;<\/p>\n<p>Introducci\u00f3n de la marca:<\/p>\n<p>DR\u00b7RASHEL fue fundada en 1989 por el Sr. BAKRI, un maestro de cuidado de la piel, con treinta a\u00f1os de experiencia en productos. Centrado en la salud, el Sr. BAKRI desarroll\u00f3 f\u00f3rmulas precisas para los ingredientes naturales para maximizar la salud de la piel y el brillo vibrante, un principio aplicado en la amplia gama de productos de cuidado de la piel de DR\u00b7RASHEL.<\/p>\n<p>Los productos de DR\u00b7RASHEL est\u00e1n extendidos por todo el mundo y son bienvenidos por clientes en cinco continentes, m\u00e1s espec\u00edficamente, en Oriente Medio, Am\u00e9rica del Sur y Europa.<\/p>\n<p>Exportamos a m\u00e1s de 100 pa\u00edses, incluyendo Emiratos \u00c1rabes Unidos, Rusia, Am\u00e9rica, M\u00e9xico, Australia, Arabia Saudita, Brasil, India y Sud\u00e1frica.<\/p>\n<p>Tenemos ISO, GMPC American European Union International Autoritative Double Certification, Advanced R &amp; amp; D equipo de prueba, miles de f\u00f3rmulas maduras y equipo de ventas de alta eficiencia y superioridad de precio competitivo. Nuestras categor\u00edas de productos son: productos de cuidado de la piel, productos de maquillaje, productos de lavado y cuidado.<\/p>","protected":false},"excerpt":{"rendered":"<p>Descubre una piel m\u00e1s joven y hermosa con este s\u00faper suero de \u00e1cido glic\u00f3lico. Este suero facial de \u00e1cido glic\u00f3lico tiene efectos resurfaciantes exfoliando suavemente la piel. Es altamente eficaz para eliminar la textura de la piel \u00e1spera y abultada, dejando su piel brillante con resplandor.<\/p>\n<p>INGREDIENTES COMPLETOS: Agua, Butileno glicol, \u00c1cido glic\u00f3lico, Hidr\u00f3xido de sodio, Hidroxietilcelulosa, Fenoxietanol<\/p>\n<p>N\u00famero de serie: DRL-1862<\/p>\n<p>Tipo de piel aplicable: Adecuado para todos los tipos de piel, especialmente aquellos con tono de piel opaco e irregular.<\/p>\n<p>Capacidad del producto: 50ml<\/p>","protected":false},"featured_media":5125,"comment_status":"closed","ping_status":"closed","template":"","meta":[],"product_brand":[],"product_cat":[15,115],"product_tag":[],"class_list":{"0":"post-5124","1":"product","2":"type-product","3":"status-publish","4":"has-post-thumbnail","6":"product_cat-face-care","7":"product_cat-serum-essences","9":"first","10":"instock","11":"shipping-taxable","12":"product-type-simple"},"_links":{"self":[{"href":"https:\/\/www.drrashel-bbg.com\/es\/wp-json\/wp\/v2\/product\/5124","targetHints":{"allow":["GET"]}}],"collection":[{"href":"https:\/\/www.drrashel-bbg.com\/es\/wp-json\/wp\/v2\/product"}],"about":[{"href":"https:\/\/www.drrashel-bbg.com\/es\/wp-json\/wp\/v2\/types\/product"}],"replies":[{"embeddable":true,"href":"https:\/\/www.drrashel-bbg.com\/es\/wp-json\/wp\/v2\/comments?post=5124"}],"wp:featuredmedia":[{"embeddable":true,"href":"https:\/\/www.drrashel-bbg.com\/es\/wp-json\/wp\/v2\/media\/5125"}],"wp:attachment":[{"href":"https:\/\/www.drrashel-bbg.com\/es\/wp-json\/wp\/v2\/media?parent=5124"}],"wp:term":[{"taxonomy":"product_brand","embeddable":true,"href":"https:\/\/www.drrashel-bbg.com\/es\/wp-json\/wp\/v2\/product_brand?post=5124"},{"taxonomy":"product_cat","embeddable":true,"href":"https:\/\/www.drrashel-bbg.com\/es\/wp-json\/wp\/v2\/product_cat?post=5124"},{"taxonomy":"product_tag","embeddable":true,"href":"https:\/\/www.drrashel-bbg.com\/es\/wp-json\/wp\/v2\/product_tag?post=5124"}],"curies":[{"name":"wp","href":"https:\/\/api.w.org\/{rel}","templated":true}]}}