{"id":5138,"date":"2026-01-10T10:53:23","date_gmt":"2026-01-10T02:53:23","guid":{"rendered":"https:\/\/www.drrashel-bbg.com\/?post_type=product&#038;p=5138"},"modified":"2026-01-15T15:06:16","modified_gmt":"2026-01-15T07:06:16","slug":"ceramide-b5-super-serum","status":"publish","type":"product","link":"https:\/\/www.drrashel-bbg.com\/es\/serum-essences\/ceramide-b5-super-serum\/","title":{"rendered":"Ceramida B5 s\u00faper suero"},"content":{"rendered":"<p><img fetchpriority=\"high\" decoding=\"async\" class=\"alignnone size-full wp-image-5441\" src=\"https:\/\/www.drrashel-bbg.com\/wp-content\/uploads\/2026\/01\/DRL-1863-Ceramide-B5-Super-Serum-Details-01-1.webp\" alt=\"\" width=\"790\" height=\"1183\" srcset=\"https:\/\/www.drrashel-bbg.com\/wp-content\/uploads\/2026\/01\/DRL-1863-Ceramide-B5-Super-Serum-Details-01-1.webp 790w, https:\/\/www.drrashel-bbg.com\/wp-content\/uploads\/2026\/01\/DRL-1863-Ceramide-B5-Super-Serum-Details-01-1-200x300.webp 200w, https:\/\/www.drrashel-bbg.com\/wp-content\/uploads\/2026\/01\/DRL-1863-Ceramide-B5-Super-Serum-Details-01-1-684x1024.webp 684w, https:\/\/www.drrashel-bbg.com\/wp-content\/uploads\/2026\/01\/DRL-1863-Ceramide-B5-Super-Serum-Details-01-1-768x1150.webp 768w, https:\/\/www.drrashel-bbg.com\/wp-content\/uploads\/2026\/01\/DRL-1863-Ceramide-B5-Super-Serum-Details-01-1-8x12.webp 8w, https:\/\/www.drrashel-bbg.com\/wp-content\/uploads\/2026\/01\/DRL-1863-Ceramide-B5-Super-Serum-Details-01-1-600x898.webp 600w\" sizes=\"(max-width: 790px) 100vw, 790px\" \/> <img decoding=\"async\" class=\"alignnone size-full wp-image-5442\" src=\"https:\/\/www.drrashel-bbg.com\/wp-content\/uploads\/2026\/01\/DRL-1863-Ceramide-B5-Super-Serum-Details-02.webp\" alt=\"\" width=\"790\" height=\"1143\" srcset=\"https:\/\/www.drrashel-bbg.com\/wp-content\/uploads\/2026\/01\/DRL-1863-Ceramide-B5-Super-Serum-Details-02.webp 790w, https:\/\/www.drrashel-bbg.com\/wp-content\/uploads\/2026\/01\/DRL-1863-Ceramide-B5-Super-Serum-Details-02-207x300.webp 207w, https:\/\/www.drrashel-bbg.com\/wp-content\/uploads\/2026\/01\/DRL-1863-Ceramide-B5-Super-Serum-Details-02-708x1024.webp 708w, https:\/\/www.drrashel-bbg.com\/wp-content\/uploads\/2026\/01\/DRL-1863-Ceramide-B5-Super-Serum-Details-02-768x1111.webp 768w, https:\/\/www.drrashel-bbg.com\/wp-content\/uploads\/2026\/01\/DRL-1863-Ceramide-B5-Super-Serum-Details-02-8x12.webp 8w, https:\/\/www.drrashel-bbg.com\/wp-content\/uploads\/2026\/01\/DRL-1863-Ceramide-B5-Super-Serum-Details-02-600x868.webp 600w\" sizes=\"(max-width: 790px) 100vw, 790px\" \/> <img decoding=\"async\" class=\"alignnone size-full wp-image-5443\" src=\"https:\/\/www.drrashel-bbg.com\/wp-content\/uploads\/2026\/01\/DRL-1863-Ceramide-B5-Super-Serum-Details-03.webp\" alt=\"\" width=\"790\" height=\"1377\" srcset=\"https:\/\/www.drrashel-bbg.com\/wp-content\/uploads\/2026\/01\/DRL-1863-Ceramide-B5-Super-Serum-Details-03.webp 790w, https:\/\/www.drrashel-bbg.com\/wp-content\/uploads\/2026\/01\/DRL-1863-Ceramide-B5-Super-Serum-Details-03-172x300.webp 172w, https:\/\/www.drrashel-bbg.com\/wp-content\/uploads\/2026\/01\/DRL-1863-Ceramide-B5-Super-Serum-Details-03-587x1024.webp 587w, https:\/\/www.drrashel-bbg.com\/wp-content\/uploads\/2026\/01\/DRL-1863-Ceramide-B5-Super-Serum-Details-03-768x1339.webp 768w, https:\/\/www.drrashel-bbg.com\/wp-content\/uploads\/2026\/01\/DRL-1863-Ceramide-B5-Super-Serum-Details-03-7x12.webp 7w, https:\/\/www.drrashel-bbg.com\/wp-content\/uploads\/2026\/01\/DRL-1863-Ceramide-B5-Super-Serum-Details-03-600x1046.webp 600w\" sizes=\"(max-width: 790px) 100vw, 790px\" \/> <img loading=\"lazy\" decoding=\"async\" class=\"alignnone size-full wp-image-5444\" src=\"https:\/\/www.drrashel-bbg.com\/wp-content\/uploads\/2026\/01\/DRL-1863-Ceramide-B5-Super-Serum-Details-04.webp\" alt=\"\" width=\"790\" height=\"1245\" srcset=\"https:\/\/www.drrashel-bbg.com\/wp-content\/uploads\/2026\/01\/DRL-1863-Ceramide-B5-Super-Serum-Details-04.webp 790w, https:\/\/www.drrashel-bbg.com\/wp-content\/uploads\/2026\/01\/DRL-1863-Ceramide-B5-Super-Serum-Details-04-190x300.webp 190w, https:\/\/www.drrashel-bbg.com\/wp-content\/uploads\/2026\/01\/DRL-1863-Ceramide-B5-Super-Serum-Details-04-650x1024.webp 650w, https:\/\/www.drrashel-bbg.com\/wp-content\/uploads\/2026\/01\/DRL-1863-Ceramide-B5-Super-Serum-Details-04-768x1210.webp 768w, https:\/\/www.drrashel-bbg.com\/wp-content\/uploads\/2026\/01\/DRL-1863-Ceramide-B5-Super-Serum-Details-04-8x12.webp 8w, https:\/\/www.drrashel-bbg.com\/wp-content\/uploads\/2026\/01\/DRL-1863-Ceramide-B5-Super-Serum-Details-04-600x946.webp 600w\" sizes=\"(max-width: 790px) 100vw, 790px\" \/> <img loading=\"lazy\" decoding=\"async\" class=\"alignnone size-full wp-image-5445\" src=\"https:\/\/www.drrashel-bbg.com\/wp-content\/uploads\/2026\/01\/DRL-1863-Ceramide-B5-Super-Serum-Details-05.webp\" alt=\"\" width=\"790\" height=\"1317\" srcset=\"https:\/\/www.drrashel-bbg.com\/wp-content\/uploads\/2026\/01\/DRL-1863-Ceramide-B5-Super-Serum-Details-05.webp 790w, https:\/\/www.drrashel-bbg.com\/wp-content\/uploads\/2026\/01\/DRL-1863-Ceramide-B5-Super-Serum-Details-05-180x300.webp 180w, https:\/\/www.drrashel-bbg.com\/wp-content\/uploads\/2026\/01\/DRL-1863-Ceramide-B5-Super-Serum-Details-05-614x1024.webp 614w, https:\/\/www.drrashel-bbg.com\/wp-content\/uploads\/2026\/01\/DRL-1863-Ceramide-B5-Super-Serum-Details-05-768x1280.webp 768w, https:\/\/www.drrashel-bbg.com\/wp-content\/uploads\/2026\/01\/DRL-1863-Ceramide-B5-Super-Serum-Details-05-7x12.webp 7w, https:\/\/www.drrashel-bbg.com\/wp-content\/uploads\/2026\/01\/DRL-1863-Ceramide-B5-Super-Serum-Details-05-600x1000.webp 600w\" sizes=\"(max-width: 790px) 100vw, 790px\" \/> <img loading=\"lazy\" decoding=\"async\" class=\"alignnone size-full wp-image-5446\" src=\"https:\/\/www.drrashel-bbg.com\/wp-content\/uploads\/2026\/01\/DRL-1863-Ceramide-B5-Super-Serum-Details-06.webp\" alt=\"\" width=\"790\" height=\"1397\" srcset=\"https:\/\/www.drrashel-bbg.com\/wp-content\/uploads\/2026\/01\/DRL-1863-Ceramide-B5-Super-Serum-Details-06.webp 790w, https:\/\/www.drrashel-bbg.com\/wp-content\/uploads\/2026\/01\/DRL-1863-Ceramide-B5-Super-Serum-Details-06-170x300.webp 170w, https:\/\/www.drrashel-bbg.com\/wp-content\/uploads\/2026\/01\/DRL-1863-Ceramide-B5-Super-Serum-Details-06-579x1024.webp 579w, https:\/\/www.drrashel-bbg.com\/wp-content\/uploads\/2026\/01\/DRL-1863-Ceramide-B5-Super-Serum-Details-06-768x1358.webp 768w, https:\/\/www.drrashel-bbg.com\/wp-content\/uploads\/2026\/01\/DRL-1863-Ceramide-B5-Super-Serum-Details-06-7x12.webp 7w, https:\/\/www.drrashel-bbg.com\/wp-content\/uploads\/2026\/01\/DRL-1863-Ceramide-B5-Super-Serum-Details-06-600x1061.webp 600w\" sizes=\"(max-width: 790px) 100vw, 790px\" \/> <img loading=\"lazy\" decoding=\"async\" class=\"alignnone size-full wp-image-5447\" src=\"https:\/\/www.drrashel-bbg.com\/wp-content\/uploads\/2026\/01\/DRL-1863-Ceramide-B5-Super-Serum-Details-07.webp\" alt=\"\" width=\"790\" height=\"1465\" srcset=\"https:\/\/www.drrashel-bbg.com\/wp-content\/uploads\/2026\/01\/DRL-1863-Ceramide-B5-Super-Serum-Details-07.webp 790w, https:\/\/www.drrashel-bbg.com\/wp-content\/uploads\/2026\/01\/DRL-1863-Ceramide-B5-Super-Serum-Details-07-162x300.webp 162w, https:\/\/www.drrashel-bbg.com\/wp-content\/uploads\/2026\/01\/DRL-1863-Ceramide-B5-Super-Serum-Details-07-552x1024.webp 552w, https:\/\/www.drrashel-bbg.com\/wp-content\/uploads\/2026\/01\/DRL-1863-Ceramide-B5-Super-Serum-Details-07-768x1424.webp 768w, https:\/\/www.drrashel-bbg.com\/wp-content\/uploads\/2026\/01\/DRL-1863-Ceramide-B5-Super-Serum-Details-07-6x12.webp 6w, https:\/\/www.drrashel-bbg.com\/wp-content\/uploads\/2026\/01\/DRL-1863-Ceramide-B5-Super-Serum-Details-07-600x1113.webp 600w\" sizes=\"(max-width: 790px) 100vw, 790px\" \/> <img loading=\"lazy\" decoding=\"async\" class=\"alignnone size-full wp-image-5448\" src=\"https:\/\/www.drrashel-bbg.com\/wp-content\/uploads\/2026\/01\/DRL-1863-Ceramide-B5-Super-Serum-Details-08.webp\" alt=\"\" width=\"790\" height=\"1230\" srcset=\"https:\/\/www.drrashel-bbg.com\/wp-content\/uploads\/2026\/01\/DRL-1863-Ceramide-B5-Super-Serum-Details-08.webp 790w, https:\/\/www.drrashel-bbg.com\/wp-content\/uploads\/2026\/01\/DRL-1863-Ceramide-B5-Super-Serum-Details-08-193x300.webp 193w, https:\/\/www.drrashel-bbg.com\/wp-content\/uploads\/2026\/01\/DRL-1863-Ceramide-B5-Super-Serum-Details-08-658x1024.webp 658w, https:\/\/www.drrashel-bbg.com\/wp-content\/uploads\/2026\/01\/DRL-1863-Ceramide-B5-Super-Serum-Details-08-768x1196.webp 768w, https:\/\/www.drrashel-bbg.com\/wp-content\/uploads\/2026\/01\/DRL-1863-Ceramide-B5-Super-Serum-Details-08-8x12.webp 8w, https:\/\/www.drrashel-bbg.com\/wp-content\/uploads\/2026\/01\/DRL-1863-Ceramide-B5-Super-Serum-Details-08-600x934.webp 600w\" sizes=\"(max-width: 790px) 100vw, 790px\" \/> <img loading=\"lazy\" decoding=\"async\" class=\"alignnone size-full wp-image-5449\" src=\"https:\/\/www.drrashel-bbg.com\/wp-content\/uploads\/2026\/01\/DRL-1863-Ceramide-B5-Super-Serum-Details-09.webp\" alt=\"\" width=\"790\" height=\"1123\" srcset=\"https:\/\/www.drrashel-bbg.com\/wp-content\/uploads\/2026\/01\/DRL-1863-Ceramide-B5-Super-Serum-Details-09.webp 790w, https:\/\/www.drrashel-bbg.com\/wp-content\/uploads\/2026\/01\/DRL-1863-Ceramide-B5-Super-Serum-Details-09-211x300.webp 211w, https:\/\/www.drrashel-bbg.com\/wp-content\/uploads\/2026\/01\/DRL-1863-Ceramide-B5-Super-Serum-Details-09-720x1024.webp 720w, https:\/\/www.drrashel-bbg.com\/wp-content\/uploads\/2026\/01\/DRL-1863-Ceramide-B5-Super-Serum-Details-09-768x1092.webp 768w, https:\/\/www.drrashel-bbg.com\/wp-content\/uploads\/2026\/01\/DRL-1863-Ceramide-B5-Super-Serum-Details-09-8x12.webp 8w, https:\/\/www.drrashel-bbg.com\/wp-content\/uploads\/2026\/01\/DRL-1863-Ceramide-B5-Super-Serum-Details-09-600x853.webp 600w\" sizes=\"(max-width: 790px) 100vw, 790px\" \/> <img loading=\"lazy\" decoding=\"async\" class=\"alignnone size-full wp-image-5450\" src=\"https:\/\/www.drrashel-bbg.com\/wp-content\/uploads\/2026\/01\/DRL-1863-Ceramide-B5-Super-Serum-Details-10.webp\" alt=\"\" width=\"790\" height=\"993\" srcset=\"https:\/\/www.drrashel-bbg.com\/wp-content\/uploads\/2026\/01\/DRL-1863-Ceramide-B5-Super-Serum-Details-10.webp 790w, https:\/\/www.drrashel-bbg.com\/wp-content\/uploads\/2026\/01\/DRL-1863-Ceramide-B5-Super-Serum-Details-10-239x300.webp 239w, https:\/\/www.drrashel-bbg.com\/wp-content\/uploads\/2026\/01\/DRL-1863-Ceramide-B5-Super-Serum-Details-10-768x965.webp 768w, https:\/\/www.drrashel-bbg.com\/wp-content\/uploads\/2026\/01\/DRL-1863-Ceramide-B5-Super-Serum-Details-10-10x12.webp 10w, https:\/\/www.drrashel-bbg.com\/wp-content\/uploads\/2026\/01\/DRL-1863-Ceramide-B5-Super-Serum-Details-10-600x754.webp 600w\" sizes=\"(max-width: 790px) 100vw, 790px\" \/> <img loading=\"lazy\" decoding=\"async\" class=\"alignnone size-full wp-image-5451\" src=\"https:\/\/www.drrashel-bbg.com\/wp-content\/uploads\/2026\/01\/DRL-1863-Ceramide-B5-Super-Serum-Details-11.webp\" alt=\"\" width=\"790\" height=\"667\" srcset=\"https:\/\/www.drrashel-bbg.com\/wp-content\/uploads\/2026\/01\/DRL-1863-Ceramide-B5-Super-Serum-Details-11.webp 790w, https:\/\/www.drrashel-bbg.com\/wp-content\/uploads\/2026\/01\/DRL-1863-Ceramide-B5-Super-Serum-Details-11-300x253.webp 300w, https:\/\/www.drrashel-bbg.com\/wp-content\/uploads\/2026\/01\/DRL-1863-Ceramide-B5-Super-Serum-Details-11-768x648.webp 768w, https:\/\/www.drrashel-bbg.com\/wp-content\/uploads\/2026\/01\/DRL-1863-Ceramide-B5-Super-Serum-Details-11-14x12.webp 14w, https:\/\/www.drrashel-bbg.com\/wp-content\/uploads\/2026\/01\/DRL-1863-Ceramide-B5-Super-Serum-Details-11-600x507.webp 600w\" sizes=\"(max-width: 790px) 100vw, 790px\" \/> <img loading=\"lazy\" decoding=\"async\" class=\"alignnone size-full wp-image-5452\" src=\"https:\/\/www.drrashel-bbg.com\/wp-content\/uploads\/2026\/01\/DRL-1863-Ceramide-B5-Super-Serum-Details-12.webp\" alt=\"\" width=\"790\" height=\"759\" srcset=\"https:\/\/www.drrashel-bbg.com\/wp-content\/uploads\/2026\/01\/DRL-1863-Ceramide-B5-Super-Serum-Details-12.webp 790w, https:\/\/www.drrashel-bbg.com\/wp-content\/uploads\/2026\/01\/DRL-1863-Ceramide-B5-Super-Serum-Details-12-300x288.webp 300w, https:\/\/www.drrashel-bbg.com\/wp-content\/uploads\/2026\/01\/DRL-1863-Ceramide-B5-Super-Serum-Details-12-768x738.webp 768w, https:\/\/www.drrashel-bbg.com\/wp-content\/uploads\/2026\/01\/DRL-1863-Ceramide-B5-Super-Serum-Details-12-12x12.webp 12w, https:\/\/www.drrashel-bbg.com\/wp-content\/uploads\/2026\/01\/DRL-1863-Ceramide-B5-Super-Serum-Details-12-600x576.webp 600w\" sizes=\"(max-width: 790px) 100vw, 790px\" \/> <img loading=\"lazy\" decoding=\"async\" class=\"alignnone size-full wp-image-5453\" src=\"https:\/\/www.drrashel-bbg.com\/wp-content\/uploads\/2026\/01\/DRL-1863-Ceramide-B5-Super-Serum-Details-13.webp\" alt=\"\" width=\"790\" height=\"776\" srcset=\"https:\/\/www.drrashel-bbg.com\/wp-content\/uploads\/2026\/01\/DRL-1863-Ceramide-B5-Super-Serum-Details-13.webp 790w, https:\/\/www.drrashel-bbg.com\/wp-content\/uploads\/2026\/01\/DRL-1863-Ceramide-B5-Super-Serum-Details-13-300x295.webp 300w, https:\/\/www.drrashel-bbg.com\/wp-content\/uploads\/2026\/01\/DRL-1863-Ceramide-B5-Super-Serum-Details-13-768x754.webp 768w, https:\/\/www.drrashel-bbg.com\/wp-content\/uploads\/2026\/01\/DRL-1863-Ceramide-B5-Super-Serum-Details-13-12x12.webp 12w, https:\/\/www.drrashel-bbg.com\/wp-content\/uploads\/2026\/01\/DRL-1863-Ceramide-B5-Super-Serum-Details-13-600x589.webp 600w\" sizes=\"(max-width: 790px) 100vw, 790px\" \/><\/p>\n<p>Beneficios del producto:<\/p>\n<p>Reforza la funci\u00f3n de barrera de la piel y su hidrataci\u00f3n con las ceramidas y el s\u00faper suero de vitamina B5. Si nota piel seca, apretada o picaz\u00f3n, es probable que su piel necesite esta combinaci\u00f3n perfecta de ceramida y pantenol para restaurar su barrera hidrolip\u00eddica. Un suero ligero, con una textura acuosa, que mejora la elasticidad de la piel y ralentiza los signos del envejecimiento.<\/p>\n<p>C\u00f3mo utilizar:<\/p>\n<p>Se utiliza en la piel limpiada, distribuye 3-4 gotas en la piel de la cara y el cuello, comenzando desde el centro de la cara y trabajando su camino de salida, y masajear suavemente hasta que se absorbe completamente, se utiliza todas las ma\u00f1anas y por la noche, solo o antes de su hidratante.<\/p>\n<p>Advertencia: Solo para uso externo, mantenga en un lugar seco y fresco, evite el contacto directo con los ojos, si se produce contacto, enjuague bien con agua. Si se produce irritaci\u00f3n, interrumpa el uso. Mant\u00e9ngalo fuera del alcance de los ni\u00f1os.<\/p>\n<p>Introducci\u00f3n de la marca:<\/p>\n<p>DR\u00b7RASHEL fue fundada en 1989 por el Sr. BAKRI, un maestro de cuidado de la piel, con treinta a\u00f1os de experiencia en productos. Centrado en la salud, el Sr. BAKRI desarroll\u00f3 f\u00f3rmulas precisas para los ingredientes naturales para maximizar la salud de la piel y el brillo vibrante, un principio aplicado en la amplia gama de productos de cuidado de la piel de DR\u00b7RASHEL.<\/p>\n<p>Los productos de DR\u00b7RASHEL est\u00e1n extendidos por todo el mundo y son bienvenidos por clientes en cinco continentes, m\u00e1s espec\u00edficamente, en Oriente Medio, Am\u00e9rica del Sur y Europa.<\/p>\n<p>Exportamos a m\u00e1s de 100 pa\u00edses, incluyendo Emiratos \u00c1rabes Unidos, Rusia, Am\u00e9rica, M\u00e9xico, Australia, Arabia Saudita, Brasil, India y Sud\u00e1frica.<\/p>\n<p>Tenemos ISO, GMPC American European Union International Autoritative Double Certification, Advanced R &amp; amp; D equipo de prueba, miles de f\u00f3rmulas maduras y equipo de ventas de alta eficiencia y superioridad de precio competitivo. Nuestras categor\u00edas de productos son: productos de cuidado de la piel, productos de maquillaje, productos de lavado y cuidado.<\/p>","protected":false},"excerpt":{"rendered":"<p>Reforza la funci\u00f3n de barrera de la piel y su hidrataci\u00f3n con las ceramidas y el s\u00faper suero de vitamina B5. Si nota piel seca, apretada o picaz\u00f3n, es probable que su piel necesite esta combinaci\u00f3n perfecta de ceramida y pantenol para restaurar su barrera hidrolip\u00eddica. Un suero ligero, con una textura acuosa, que mejora la elasticidad de la piel y ralentiza los signos del envejecimiento.<\/p>\n<p>N\u00famero de serie: DRL-1863<\/p>\n<p>Ingredientes principales: Aqua, glicerina, pantenol, propilenglicol, metilgluceto-20, fenoxietanol, poliacrilamida, alanto\u00edna<\/p>\n<p>Tipo de piel aplicable: Adecuado para todos los tipos de piel, especialmente sensible, seca o comprometida \u200b  La piel necesita reparaci\u00f3n y protecci\u00f3n.<\/p>\n<p>Capacidad del producto: 50ml<\/p>","protected":false},"featured_media":5139,"comment_status":"closed","ping_status":"closed","template":"","meta":[],"product_brand":[],"product_cat":[15,115],"product_tag":[],"class_list":{"0":"post-5138","1":"product","2":"type-product","3":"status-publish","4":"has-post-thumbnail","6":"product_cat-face-care","7":"product_cat-serum-essences","9":"first","10":"instock","11":"shipping-taxable","12":"product-type-simple"},"_links":{"self":[{"href":"https:\/\/www.drrashel-bbg.com\/es\/wp-json\/wp\/v2\/product\/5138","targetHints":{"allow":["GET"]}}],"collection":[{"href":"https:\/\/www.drrashel-bbg.com\/es\/wp-json\/wp\/v2\/product"}],"about":[{"href":"https:\/\/www.drrashel-bbg.com\/es\/wp-json\/wp\/v2\/types\/product"}],"replies":[{"embeddable":true,"href":"https:\/\/www.drrashel-bbg.com\/es\/wp-json\/wp\/v2\/comments?post=5138"}],"wp:featuredmedia":[{"embeddable":true,"href":"https:\/\/www.drrashel-bbg.com\/es\/wp-json\/wp\/v2\/media\/5139"}],"wp:attachment":[{"href":"https:\/\/www.drrashel-bbg.com\/es\/wp-json\/wp\/v2\/media?parent=5138"}],"wp:term":[{"taxonomy":"product_brand","embeddable":true,"href":"https:\/\/www.drrashel-bbg.com\/es\/wp-json\/wp\/v2\/product_brand?post=5138"},{"taxonomy":"product_cat","embeddable":true,"href":"https:\/\/www.drrashel-bbg.com\/es\/wp-json\/wp\/v2\/product_cat?post=5138"},{"taxonomy":"product_tag","embeddable":true,"href":"https:\/\/www.drrashel-bbg.com\/es\/wp-json\/wp\/v2\/product_tag?post=5138"}],"curies":[{"name":"wp","href":"https:\/\/api.w.org\/{rel}","templated":true}]}}