{"id":5525,"date":"2026-01-17T13:44:49","date_gmt":"2026-01-17T05:44:49","guid":{"rendered":"https:\/\/www.drrashel-bbg.com\/?post_type=product&#038;p=5525"},"modified":"2026-01-17T13:44:49","modified_gmt":"2026-01-17T05:44:49","slug":"bamboo-charcoal-purifying-face-wash","status":"publish","type":"product","link":"https:\/\/www.drrashel-bbg.com\/es\/cleansing\/bamboo-charcoal-purifying-face-wash\/","title":{"rendered":"Carb\u00f3n de bamb\u00fa lavado facial purificador"},"content":{"rendered":"<p><img fetchpriority=\"high\" decoding=\"async\" class=\"alignnone size-full wp-image-5526\" src=\"https:\/\/www.drrashel-bbg.com\/wp-content\/uploads\/2026\/01\/1726-\u7af9\u70ad\u6d17\u9762\u5976-\u82f1\u6587_01.webp\" alt=\"\" width=\"790\" height=\"1172\" srcset=\"https:\/\/www.drrashel-bbg.com\/wp-content\/uploads\/2026\/01\/1726-\u7af9\u70ad\u6d17\u9762\u5976-\u82f1\u6587_01.webp 790w, https:\/\/www.drrashel-bbg.com\/wp-content\/uploads\/2026\/01\/1726-\u7af9\u70ad\u6d17\u9762\u5976-\u82f1\u6587_01-202x300.webp 202w, https:\/\/www.drrashel-bbg.com\/wp-content\/uploads\/2026\/01\/1726-\u7af9\u70ad\u6d17\u9762\u5976-\u82f1\u6587_01-690x1024.webp 690w, https:\/\/www.drrashel-bbg.com\/wp-content\/uploads\/2026\/01\/1726-\u7af9\u70ad\u6d17\u9762\u5976-\u82f1\u6587_01-768x1139.webp 768w, https:\/\/www.drrashel-bbg.com\/wp-content\/uploads\/2026\/01\/1726-\u7af9\u70ad\u6d17\u9762\u5976-\u82f1\u6587_01-8x12.webp 8w, https:\/\/www.drrashel-bbg.com\/wp-content\/uploads\/2026\/01\/1726-\u7af9\u70ad\u6d17\u9762\u5976-\u82f1\u6587_01-600x890.webp 600w\" sizes=\"(max-width: 790px) 100vw, 790px\" \/> <img decoding=\"async\" class=\"alignnone size-full wp-image-5527\" src=\"https:\/\/www.drrashel-bbg.com\/wp-content\/uploads\/2026\/01\/1726-\u7af9\u70ad\u6d17\u9762\u5976-\u82f1\u6587_02.webp\" alt=\"\" width=\"790\" height=\"643\" srcset=\"https:\/\/www.drrashel-bbg.com\/wp-content\/uploads\/2026\/01\/1726-\u7af9\u70ad\u6d17\u9762\u5976-\u82f1\u6587_02.webp 790w, https:\/\/www.drrashel-bbg.com\/wp-content\/uploads\/2026\/01\/1726-\u7af9\u70ad\u6d17\u9762\u5976-\u82f1\u6587_02-300x244.webp 300w, https:\/\/www.drrashel-bbg.com\/wp-content\/uploads\/2026\/01\/1726-\u7af9\u70ad\u6d17\u9762\u5976-\u82f1\u6587_02-768x625.webp 768w, https:\/\/www.drrashel-bbg.com\/wp-content\/uploads\/2026\/01\/1726-\u7af9\u70ad\u6d17\u9762\u5976-\u82f1\u6587_02-15x12.webp 15w, https:\/\/www.drrashel-bbg.com\/wp-content\/uploads\/2026\/01\/1726-\u7af9\u70ad\u6d17\u9762\u5976-\u82f1\u6587_02-600x488.webp 600w\" sizes=\"(max-width: 790px) 100vw, 790px\" \/> <img decoding=\"async\" class=\"alignnone size-full wp-image-5528\" src=\"https:\/\/www.drrashel-bbg.com\/wp-content\/uploads\/2026\/01\/1726-\u7af9\u70ad\u6d17\u9762\u5976-\u82f1\u6587_03.webp\" alt=\"\" width=\"790\" height=\"1089\" srcset=\"https:\/\/www.drrashel-bbg.com\/wp-content\/uploads\/2026\/01\/1726-\u7af9\u70ad\u6d17\u9762\u5976-\u82f1\u6587_03.webp 790w, https:\/\/www.drrashel-bbg.com\/wp-content\/uploads\/2026\/01\/1726-\u7af9\u70ad\u6d17\u9762\u5976-\u82f1\u6587_03-218x300.webp 218w, https:\/\/www.drrashel-bbg.com\/wp-content\/uploads\/2026\/01\/1726-\u7af9\u70ad\u6d17\u9762\u5976-\u82f1\u6587_03-743x1024.webp 743w, https:\/\/www.drrashel-bbg.com\/wp-content\/uploads\/2026\/01\/1726-\u7af9\u70ad\u6d17\u9762\u5976-\u82f1\u6587_03-768x1059.webp 768w, https:\/\/www.drrashel-bbg.com\/wp-content\/uploads\/2026\/01\/1726-\u7af9\u70ad\u6d17\u9762\u5976-\u82f1\u6587_03-9x12.webp 9w, https:\/\/www.drrashel-bbg.com\/wp-content\/uploads\/2026\/01\/1726-\u7af9\u70ad\u6d17\u9762\u5976-\u82f1\u6587_03-600x827.webp 600w\" sizes=\"(max-width: 790px) 100vw, 790px\" \/> <img loading=\"lazy\" decoding=\"async\" class=\"alignnone size-full wp-image-5529\" src=\"https:\/\/www.drrashel-bbg.com\/wp-content\/uploads\/2026\/01\/1726-\u7af9\u70ad\u6d17\u9762\u5976-\u82f1\u6587_04.webp\" alt=\"\" width=\"790\" height=\"1198\" srcset=\"https:\/\/www.drrashel-bbg.com\/wp-content\/uploads\/2026\/01\/1726-\u7af9\u70ad\u6d17\u9762\u5976-\u82f1\u6587_04.webp 790w, https:\/\/www.drrashel-bbg.com\/wp-content\/uploads\/2026\/01\/1726-\u7af9\u70ad\u6d17\u9762\u5976-\u82f1\u6587_04-198x300.webp 198w, https:\/\/www.drrashel-bbg.com\/wp-content\/uploads\/2026\/01\/1726-\u7af9\u70ad\u6d17\u9762\u5976-\u82f1\u6587_04-675x1024.webp 675w, https:\/\/www.drrashel-bbg.com\/wp-content\/uploads\/2026\/01\/1726-\u7af9\u70ad\u6d17\u9762\u5976-\u82f1\u6587_04-768x1165.webp 768w, https:\/\/www.drrashel-bbg.com\/wp-content\/uploads\/2026\/01\/1726-\u7af9\u70ad\u6d17\u9762\u5976-\u82f1\u6587_04-8x12.webp 8w, https:\/\/www.drrashel-bbg.com\/wp-content\/uploads\/2026\/01\/1726-\u7af9\u70ad\u6d17\u9762\u5976-\u82f1\u6587_04-600x910.webp 600w\" sizes=\"(max-width: 790px) 100vw, 790px\" \/> <img loading=\"lazy\" decoding=\"async\" class=\"alignnone size-full wp-image-5530\" src=\"https:\/\/www.drrashel-bbg.com\/wp-content\/uploads\/2026\/01\/1726-\u7af9\u70ad\u6d17\u9762\u5976-\u82f1\u6587_05.webp\" alt=\"\" width=\"790\" height=\"1366\" srcset=\"https:\/\/www.drrashel-bbg.com\/wp-content\/uploads\/2026\/01\/1726-\u7af9\u70ad\u6d17\u9762\u5976-\u82f1\u6587_05.webp 790w, https:\/\/www.drrashel-bbg.com\/wp-content\/uploads\/2026\/01\/1726-\u7af9\u70ad\u6d17\u9762\u5976-\u82f1\u6587_05-173x300.webp 173w, https:\/\/www.drrashel-bbg.com\/wp-content\/uploads\/2026\/01\/1726-\u7af9\u70ad\u6d17\u9762\u5976-\u82f1\u6587_05-592x1024.webp 592w, https:\/\/www.drrashel-bbg.com\/wp-content\/uploads\/2026\/01\/1726-\u7af9\u70ad\u6d17\u9762\u5976-\u82f1\u6587_05-768x1328.webp 768w, https:\/\/www.drrashel-bbg.com\/wp-content\/uploads\/2026\/01\/1726-\u7af9\u70ad\u6d17\u9762\u5976-\u82f1\u6587_05-7x12.webp 7w, https:\/\/www.drrashel-bbg.com\/wp-content\/uploads\/2026\/01\/1726-\u7af9\u70ad\u6d17\u9762\u5976-\u82f1\u6587_05-600x1037.webp 600w\" sizes=\"(max-width: 790px) 100vw, 790px\" \/> <img loading=\"lazy\" decoding=\"async\" class=\"alignnone size-full wp-image-5531\" src=\"https:\/\/www.drrashel-bbg.com\/wp-content\/uploads\/2026\/01\/1726-\u7af9\u70ad\u6d17\u9762\u5976-\u82f1\u6587_06.webp\" alt=\"\" width=\"790\" height=\"1214\" srcset=\"https:\/\/www.drrashel-bbg.com\/wp-content\/uploads\/2026\/01\/1726-\u7af9\u70ad\u6d17\u9762\u5976-\u82f1\u6587_06.webp 790w, https:\/\/www.drrashel-bbg.com\/wp-content\/uploads\/2026\/01\/1726-\u7af9\u70ad\u6d17\u9762\u5976-\u82f1\u6587_06-195x300.webp 195w, https:\/\/www.drrashel-bbg.com\/wp-content\/uploads\/2026\/01\/1726-\u7af9\u70ad\u6d17\u9762\u5976-\u82f1\u6587_06-666x1024.webp 666w, https:\/\/www.drrashel-bbg.com\/wp-content\/uploads\/2026\/01\/1726-\u7af9\u70ad\u6d17\u9762\u5976-\u82f1\u6587_06-768x1180.webp 768w, https:\/\/www.drrashel-bbg.com\/wp-content\/uploads\/2026\/01\/1726-\u7af9\u70ad\u6d17\u9762\u5976-\u82f1\u6587_06-8x12.webp 8w, https:\/\/www.drrashel-bbg.com\/wp-content\/uploads\/2026\/01\/1726-\u7af9\u70ad\u6d17\u9762\u5976-\u82f1\u6587_06-600x922.webp 600w\" sizes=\"(max-width: 790px) 100vw, 790px\" \/> <img loading=\"lazy\" decoding=\"async\" class=\"alignnone size-full wp-image-5532\" src=\"https:\/\/www.drrashel-bbg.com\/wp-content\/uploads\/2026\/01\/1726-\u7af9\u70ad\u6d17\u9762\u5976-\u82f1\u6587_07.webp\" alt=\"\" width=\"790\" height=\"1216\" srcset=\"https:\/\/www.drrashel-bbg.com\/wp-content\/uploads\/2026\/01\/1726-\u7af9\u70ad\u6d17\u9762\u5976-\u82f1\u6587_07.webp 790w, https:\/\/www.drrashel-bbg.com\/wp-content\/uploads\/2026\/01\/1726-\u7af9\u70ad\u6d17\u9762\u5976-\u82f1\u6587_07-195x300.webp 195w, https:\/\/www.drrashel-bbg.com\/wp-content\/uploads\/2026\/01\/1726-\u7af9\u70ad\u6d17\u9762\u5976-\u82f1\u6587_07-665x1024.webp 665w, https:\/\/www.drrashel-bbg.com\/wp-content\/uploads\/2026\/01\/1726-\u7af9\u70ad\u6d17\u9762\u5976-\u82f1\u6587_07-768x1182.webp 768w, https:\/\/www.drrashel-bbg.com\/wp-content\/uploads\/2026\/01\/1726-\u7af9\u70ad\u6d17\u9762\u5976-\u82f1\u6587_07-8x12.webp 8w, https:\/\/www.drrashel-bbg.com\/wp-content\/uploads\/2026\/01\/1726-\u7af9\u70ad\u6d17\u9762\u5976-\u82f1\u6587_07-600x924.webp 600w\" sizes=\"(max-width: 790px) 100vw, 790px\" \/> <img loading=\"lazy\" decoding=\"async\" class=\"alignnone size-full wp-image-5533\" src=\"https:\/\/www.drrashel-bbg.com\/wp-content\/uploads\/2026\/01\/1726-\u7af9\u70ad\u6d17\u9762\u5976-\u82f1\u6587_08.webp\" alt=\"\" width=\"790\" height=\"1243\" srcset=\"https:\/\/www.drrashel-bbg.com\/wp-content\/uploads\/2026\/01\/1726-\u7af9\u70ad\u6d17\u9762\u5976-\u82f1\u6587_08.webp 790w, https:\/\/www.drrashel-bbg.com\/wp-content\/uploads\/2026\/01\/1726-\u7af9\u70ad\u6d17\u9762\u5976-\u82f1\u6587_08-191x300.webp 191w, https:\/\/www.drrashel-bbg.com\/wp-content\/uploads\/2026\/01\/1726-\u7af9\u70ad\u6d17\u9762\u5976-\u82f1\u6587_08-651x1024.webp 651w, https:\/\/www.drrashel-bbg.com\/wp-content\/uploads\/2026\/01\/1726-\u7af9\u70ad\u6d17\u9762\u5976-\u82f1\u6587_08-768x1208.webp 768w, https:\/\/www.drrashel-bbg.com\/wp-content\/uploads\/2026\/01\/1726-\u7af9\u70ad\u6d17\u9762\u5976-\u82f1\u6587_08-8x12.webp 8w, https:\/\/www.drrashel-bbg.com\/wp-content\/uploads\/2026\/01\/1726-\u7af9\u70ad\u6d17\u9762\u5976-\u82f1\u6587_08-600x944.webp 600w\" sizes=\"(max-width: 790px) 100vw, 790px\" \/> <img loading=\"lazy\" decoding=\"async\" class=\"alignnone size-full wp-image-5534\" src=\"https:\/\/www.drrashel-bbg.com\/wp-content\/uploads\/2026\/01\/1726-\u7af9\u70ad\u6d17\u9762\u5976-\u82f1\u6587_09.webp\" alt=\"\" width=\"790\" height=\"1336\" srcset=\"https:\/\/www.drrashel-bbg.com\/wp-content\/uploads\/2026\/01\/1726-\u7af9\u70ad\u6d17\u9762\u5976-\u82f1\u6587_09.webp 790w, https:\/\/www.drrashel-bbg.com\/wp-content\/uploads\/2026\/01\/1726-\u7af9\u70ad\u6d17\u9762\u5976-\u82f1\u6587_09-177x300.webp 177w, https:\/\/www.drrashel-bbg.com\/wp-content\/uploads\/2026\/01\/1726-\u7af9\u70ad\u6d17\u9762\u5976-\u82f1\u6587_09-606x1024.webp 606w, https:\/\/www.drrashel-bbg.com\/wp-content\/uploads\/2026\/01\/1726-\u7af9\u70ad\u6d17\u9762\u5976-\u82f1\u6587_09-768x1299.webp 768w, https:\/\/www.drrashel-bbg.com\/wp-content\/uploads\/2026\/01\/1726-\u7af9\u70ad\u6d17\u9762\u5976-\u82f1\u6587_09-7x12.webp 7w, https:\/\/www.drrashel-bbg.com\/wp-content\/uploads\/2026\/01\/1726-\u7af9\u70ad\u6d17\u9762\u5976-\u82f1\u6587_09-600x1015.webp 600w\" sizes=\"(max-width: 790px) 100vw, 790px\" \/> <img loading=\"lazy\" decoding=\"async\" class=\"alignnone size-full wp-image-5535\" src=\"https:\/\/www.drrashel-bbg.com\/wp-content\/uploads\/2026\/01\/1726-\u7af9\u70ad\u6d17\u9762\u5976-\u82f1\u6587_10.webp\" alt=\"\" width=\"790\" height=\"566\" srcset=\"https:\/\/www.drrashel-bbg.com\/wp-content\/uploads\/2026\/01\/1726-\u7af9\u70ad\u6d17\u9762\u5976-\u82f1\u6587_10.webp 790w, https:\/\/www.drrashel-bbg.com\/wp-content\/uploads\/2026\/01\/1726-\u7af9\u70ad\u6d17\u9762\u5976-\u82f1\u6587_10-300x215.webp 300w, https:\/\/www.drrashel-bbg.com\/wp-content\/uploads\/2026\/01\/1726-\u7af9\u70ad\u6d17\u9762\u5976-\u82f1\u6587_10-768x550.webp 768w, https:\/\/www.drrashel-bbg.com\/wp-content\/uploads\/2026\/01\/1726-\u7af9\u70ad\u6d17\u9762\u5976-\u82f1\u6587_10-18x12.webp 18w, https:\/\/www.drrashel-bbg.com\/wp-content\/uploads\/2026\/01\/1726-\u7af9\u70ad\u6d17\u9762\u5976-\u82f1\u6587_10-600x430.webp 600w\" sizes=\"(max-width: 790px) 100vw, 790px\" \/><\/p>\n<p>Beneficios del producto: Limpiador facial de carb\u00f3n negro ismade de ingredientes naturales, Carbon&#8217; La absorci\u00f3n y la limpieza del poder del s pueden eliminar f\u00e1cilmente las cabezas negras y la suciedad.<\/p>\n<p>&nbsp;<\/p>\n<p>C\u00f3mo usar: Usar dos veces al d\u00eda, exprimir una peque\u00f1a cantidad en las manos y trabajar en espuma rica. Masaje en la cara h\u00fameda, contacto vac\u00edo con los ojos, enjuague a fondo con agua.<\/p>\n<p>&nbsp;<\/p>\n<p>Advertencia: Solo para uso externo, mantenga en un lugar seco y fresco, evite el contacto directo con los ojos, si se produce contacto, enjuague bien con agua. Si se produce irritaci\u00f3n, interrumpa el uso. Mant\u00e9ngalo fuera del alcance de los ni\u00f1os.<\/p>\n<p>Introducci\u00f3n de la marca:<\/p>\n<p>DR\u00b7RASHEL fue fundada en 1989 por el Sr. BAKRI, un maestro de cuidado de la piel, con treinta a\u00f1os de experiencia en productos. Centrado en la salud, el Sr. BAKRI desarroll\u00f3 f\u00f3rmulas precisas para los ingredientes naturales para maximizar la salud de la piel y el brillo vibrante, un principio aplicado en la amplia gama de productos de cuidado de la piel de DR\u00b7RASHEL.<\/p>\n<p>Los productos de DR\u00b7RASHEL est\u00e1n extendidos por todo el mundo y son bienvenidos por clientes en cinco continentes, m\u00e1s espec\u00edficamente, en Oriente Medio, Am\u00e9rica del Sur y Europa.<\/p>\n<p>Exportamos a m\u00e1s de 100 pa\u00edses, incluyendo Emiratos \u00c1rabes Unidos, Rusia, Am\u00e9rica, M\u00e9xico, Australia, Arabia Saudita, Brasil, India y Sud\u00e1frica.<\/p>\n<p>Tenemos ISO, GMPC American European Union International Autoritative Double Certification, Advanced R &amp; amp; D equipo de prueba, miles de f\u00f3rmulas maduras y equipo de ventas de alta eficiencia y superioridad de precio competitivo. Nuestras categor\u00edas de productos son: productos de cuidado de la piel, productos de maquillaje, productos de lavado y cuidado.<\/p>","protected":false},"excerpt":{"rendered":"<p>Hecho a partir de ingredientes naturales, el lavado facial de carb\u00f3n negro permite obtener r\u00e1pidamente una piel de aspecto saludable, pura y clara. Con el gran poder de absorci\u00f3n y limpieza del carb\u00f3n, el limpiador suave eliminar\u00e1 los puntos negros del maquillaje y la suciedad de sus poros. Es adecuado para todos los tipos de piel, especialmente la piel propensa al acn\u00e9 con manchas e imperfecciones.<\/p>\n<p>N\u00famero de serie: DRL-1726<\/p>\n<p>Tipo de piel aplicable: Adecuado para todos los tipos de piel<\/p>\n<p>Ingredientes principales: AGUA, GLICERINA, \u00c1CIDO PALM\u00cdTICO, \u00c1CIDO MIRISTICO, \u00c1CIDO ESTEARICO, HIDROX\u00cdDO DE POTASIO, DISTEARATO DE GLICOL, \u00c1CIDO LAURICO, SULFATO DE LAURETO DE SODIO, GLUCOSIDO DE LAURILO<\/p>\n<p>Contenido neto: 100g<\/p>","protected":false},"featured_media":5539,"comment_status":"closed","ping_status":"closed","template":"","meta":[],"product_brand":[],"product_cat":[113,15],"product_tag":[],"class_list":{"0":"post-5525","1":"product","2":"type-product","3":"status-publish","4":"has-post-thumbnail","6":"product_cat-cleansing","7":"product_cat-face-care","9":"first","10":"instock","11":"shipping-taxable","12":"product-type-simple"},"_links":{"self":[{"href":"https:\/\/www.drrashel-bbg.com\/es\/wp-json\/wp\/v2\/product\/5525","targetHints":{"allow":["GET"]}}],"collection":[{"href":"https:\/\/www.drrashel-bbg.com\/es\/wp-json\/wp\/v2\/product"}],"about":[{"href":"https:\/\/www.drrashel-bbg.com\/es\/wp-json\/wp\/v2\/types\/product"}],"replies":[{"embeddable":true,"href":"https:\/\/www.drrashel-bbg.com\/es\/wp-json\/wp\/v2\/comments?post=5525"}],"wp:featuredmedia":[{"embeddable":true,"href":"https:\/\/www.drrashel-bbg.com\/es\/wp-json\/wp\/v2\/media\/5539"}],"wp:attachment":[{"href":"https:\/\/www.drrashel-bbg.com\/es\/wp-json\/wp\/v2\/media?parent=5525"}],"wp:term":[{"taxonomy":"product_brand","embeddable":true,"href":"https:\/\/www.drrashel-bbg.com\/es\/wp-json\/wp\/v2\/product_brand?post=5525"},{"taxonomy":"product_cat","embeddable":true,"href":"https:\/\/www.drrashel-bbg.com\/es\/wp-json\/wp\/v2\/product_cat?post=5525"},{"taxonomy":"product_tag","embeddable":true,"href":"https:\/\/www.drrashel-bbg.com\/es\/wp-json\/wp\/v2\/product_tag?post=5525"}],"curies":[{"name":"wp","href":"https:\/\/api.w.org\/{rel}","templated":true}]}}