{"id":5545,"date":"2026-01-17T13:52:15","date_gmt":"2026-01-17T05:52:15","guid":{"rendered":"https:\/\/www.drrashel-bbg.com\/?post_type=product&#038;p=5545"},"modified":"2026-01-17T13:52:15","modified_gmt":"2026-01-17T05:52:15","slug":"salicylic-acid-exfoliating-face-wash","status":"publish","type":"product","link":"https:\/\/www.drrashel-bbg.com\/es\/cleansing\/salicylic-acid-exfoliating-face-wash\/","title":{"rendered":"Acido salic\u00edlico Lavado facial exfoliante"},"content":{"rendered":"<p><img fetchpriority=\"high\" decoding=\"async\" class=\"alignnone size-full wp-image-5546\" src=\"https:\/\/www.drrashel-bbg.com\/wp-content\/uploads\/2026\/01\/DRL-1727-Salicylic-acid-Exfoliating-face-wash-detail_01.webp\" alt=\"\" width=\"790\" height=\"1336\" srcset=\"https:\/\/www.drrashel-bbg.com\/wp-content\/uploads\/2026\/01\/DRL-1727-Salicylic-acid-Exfoliating-face-wash-detail_01.webp 790w, https:\/\/www.drrashel-bbg.com\/wp-content\/uploads\/2026\/01\/DRL-1727-Salicylic-acid-Exfoliating-face-wash-detail_01-177x300.webp 177w, https:\/\/www.drrashel-bbg.com\/wp-content\/uploads\/2026\/01\/DRL-1727-Salicylic-acid-Exfoliating-face-wash-detail_01-606x1024.webp 606w, https:\/\/www.drrashel-bbg.com\/wp-content\/uploads\/2026\/01\/DRL-1727-Salicylic-acid-Exfoliating-face-wash-detail_01-768x1299.webp 768w, https:\/\/www.drrashel-bbg.com\/wp-content\/uploads\/2026\/01\/DRL-1727-Salicylic-acid-Exfoliating-face-wash-detail_01-7x12.webp 7w, https:\/\/www.drrashel-bbg.com\/wp-content\/uploads\/2026\/01\/DRL-1727-Salicylic-acid-Exfoliating-face-wash-detail_01-600x1015.webp 600w\" sizes=\"(max-width: 790px) 100vw, 790px\" \/> <img decoding=\"async\" class=\"alignnone size-full wp-image-5547\" src=\"https:\/\/www.drrashel-bbg.com\/wp-content\/uploads\/2026\/01\/DRL-1727-Salicylic-acid-Exfoliating-face-wash-detail_02.webp\" alt=\"\" width=\"790\" height=\"792\" srcset=\"https:\/\/www.drrashel-bbg.com\/wp-content\/uploads\/2026\/01\/DRL-1727-Salicylic-acid-Exfoliating-face-wash-detail_02.webp 790w, https:\/\/www.drrashel-bbg.com\/wp-content\/uploads\/2026\/01\/DRL-1727-Salicylic-acid-Exfoliating-face-wash-detail_02-300x300.webp 300w, https:\/\/www.drrashel-bbg.com\/wp-content\/uploads\/2026\/01\/DRL-1727-Salicylic-acid-Exfoliating-face-wash-detail_02-150x150.webp 150w, https:\/\/www.drrashel-bbg.com\/wp-content\/uploads\/2026\/01\/DRL-1727-Salicylic-acid-Exfoliating-face-wash-detail_02-768x770.webp 768w, https:\/\/www.drrashel-bbg.com\/wp-content\/uploads\/2026\/01\/DRL-1727-Salicylic-acid-Exfoliating-face-wash-detail_02-12x12.webp 12w, https:\/\/www.drrashel-bbg.com\/wp-content\/uploads\/2026\/01\/DRL-1727-Salicylic-acid-Exfoliating-face-wash-detail_02-600x602.webp 600w, https:\/\/www.drrashel-bbg.com\/wp-content\/uploads\/2026\/01\/DRL-1727-Salicylic-acid-Exfoliating-face-wash-detail_02-100x100.webp 100w\" sizes=\"(max-width: 790px) 100vw, 790px\" \/> <img decoding=\"async\" class=\"alignnone size-full wp-image-5548\" src=\"https:\/\/www.drrashel-bbg.com\/wp-content\/uploads\/2026\/01\/DRL-1727-Salicylic-acid-Exfoliating-face-wash-detail_03.webp\" alt=\"\" width=\"790\" height=\"643\" srcset=\"https:\/\/www.drrashel-bbg.com\/wp-content\/uploads\/2026\/01\/DRL-1727-Salicylic-acid-Exfoliating-face-wash-detail_03.webp 790w, https:\/\/www.drrashel-bbg.com\/wp-content\/uploads\/2026\/01\/DRL-1727-Salicylic-acid-Exfoliating-face-wash-detail_03-300x244.webp 300w, https:\/\/www.drrashel-bbg.com\/wp-content\/uploads\/2026\/01\/DRL-1727-Salicylic-acid-Exfoliating-face-wash-detail_03-768x625.webp 768w, https:\/\/www.drrashel-bbg.com\/wp-content\/uploads\/2026\/01\/DRL-1727-Salicylic-acid-Exfoliating-face-wash-detail_03-15x12.webp 15w, https:\/\/www.drrashel-bbg.com\/wp-content\/uploads\/2026\/01\/DRL-1727-Salicylic-acid-Exfoliating-face-wash-detail_03-600x488.webp 600w\" sizes=\"(max-width: 790px) 100vw, 790px\" \/> <img loading=\"lazy\" decoding=\"async\" class=\"alignnone size-full wp-image-5549\" src=\"https:\/\/www.drrashel-bbg.com\/wp-content\/uploads\/2026\/01\/DRL-1727-Salicylic-acid-Exfoliating-face-wash-detail_04.webp\" alt=\"\" width=\"790\" height=\"1318\" srcset=\"https:\/\/www.drrashel-bbg.com\/wp-content\/uploads\/2026\/01\/DRL-1727-Salicylic-acid-Exfoliating-face-wash-detail_04.webp 790w, https:\/\/www.drrashel-bbg.com\/wp-content\/uploads\/2026\/01\/DRL-1727-Salicylic-acid-Exfoliating-face-wash-detail_04-180x300.webp 180w, https:\/\/www.drrashel-bbg.com\/wp-content\/uploads\/2026\/01\/DRL-1727-Salicylic-acid-Exfoliating-face-wash-detail_04-614x1024.webp 614w, https:\/\/www.drrashel-bbg.com\/wp-content\/uploads\/2026\/01\/DRL-1727-Salicylic-acid-Exfoliating-face-wash-detail_04-768x1281.webp 768w, https:\/\/www.drrashel-bbg.com\/wp-content\/uploads\/2026\/01\/DRL-1727-Salicylic-acid-Exfoliating-face-wash-detail_04-7x12.webp 7w, https:\/\/www.drrashel-bbg.com\/wp-content\/uploads\/2026\/01\/DRL-1727-Salicylic-acid-Exfoliating-face-wash-detail_04-600x1001.webp 600w\" sizes=\"(max-width: 790px) 100vw, 790px\" \/> <img loading=\"lazy\" decoding=\"async\" class=\"alignnone size-full wp-image-5550\" src=\"https:\/\/www.drrashel-bbg.com\/wp-content\/uploads\/2026\/01\/DRL-1727-Salicylic-acid-Exfoliating-face-wash-detail_05.webp\" alt=\"\" width=\"790\" height=\"1298\" srcset=\"https:\/\/www.drrashel-bbg.com\/wp-content\/uploads\/2026\/01\/DRL-1727-Salicylic-acid-Exfoliating-face-wash-detail_05.webp 790w, https:\/\/www.drrashel-bbg.com\/wp-content\/uploads\/2026\/01\/DRL-1727-Salicylic-acid-Exfoliating-face-wash-detail_05-183x300.webp 183w, https:\/\/www.drrashel-bbg.com\/wp-content\/uploads\/2026\/01\/DRL-1727-Salicylic-acid-Exfoliating-face-wash-detail_05-623x1024.webp 623w, https:\/\/www.drrashel-bbg.com\/wp-content\/uploads\/2026\/01\/DRL-1727-Salicylic-acid-Exfoliating-face-wash-detail_05-768x1262.webp 768w, https:\/\/www.drrashel-bbg.com\/wp-content\/uploads\/2026\/01\/DRL-1727-Salicylic-acid-Exfoliating-face-wash-detail_05-7x12.webp 7w, https:\/\/www.drrashel-bbg.com\/wp-content\/uploads\/2026\/01\/DRL-1727-Salicylic-acid-Exfoliating-face-wash-detail_05-600x986.webp 600w\" sizes=\"(max-width: 790px) 100vw, 790px\" \/> <img loading=\"lazy\" decoding=\"async\" class=\"alignnone size-full wp-image-5551\" src=\"https:\/\/www.drrashel-bbg.com\/wp-content\/uploads\/2026\/01\/DRL-1727-Salicylic-acid-Exfoliating-face-wash-detail_06.webp\" alt=\"\" width=\"790\" height=\"1248\" srcset=\"https:\/\/www.drrashel-bbg.com\/wp-content\/uploads\/2026\/01\/DRL-1727-Salicylic-acid-Exfoliating-face-wash-detail_06.webp 790w, https:\/\/www.drrashel-bbg.com\/wp-content\/uploads\/2026\/01\/DRL-1727-Salicylic-acid-Exfoliating-face-wash-detail_06-190x300.webp 190w, https:\/\/www.drrashel-bbg.com\/wp-content\/uploads\/2026\/01\/DRL-1727-Salicylic-acid-Exfoliating-face-wash-detail_06-648x1024.webp 648w, https:\/\/www.drrashel-bbg.com\/wp-content\/uploads\/2026\/01\/DRL-1727-Salicylic-acid-Exfoliating-face-wash-detail_06-768x1213.webp 768w, https:\/\/www.drrashel-bbg.com\/wp-content\/uploads\/2026\/01\/DRL-1727-Salicylic-acid-Exfoliating-face-wash-detail_06-8x12.webp 8w, https:\/\/www.drrashel-bbg.com\/wp-content\/uploads\/2026\/01\/DRL-1727-Salicylic-acid-Exfoliating-face-wash-detail_06-600x948.webp 600w\" sizes=\"(max-width: 790px) 100vw, 790px\" \/> <img loading=\"lazy\" decoding=\"async\" class=\"alignnone size-full wp-image-5552\" src=\"https:\/\/www.drrashel-bbg.com\/wp-content\/uploads\/2026\/01\/DRL-1727-Salicylic-acid-Exfoliating-face-wash-detail_07.webp\" alt=\"\" width=\"790\" height=\"1382\" srcset=\"https:\/\/www.drrashel-bbg.com\/wp-content\/uploads\/2026\/01\/DRL-1727-Salicylic-acid-Exfoliating-face-wash-detail_07.webp 790w, https:\/\/www.drrashel-bbg.com\/wp-content\/uploads\/2026\/01\/DRL-1727-Salicylic-acid-Exfoliating-face-wash-detail_07-171x300.webp 171w, https:\/\/www.drrashel-bbg.com\/wp-content\/uploads\/2026\/01\/DRL-1727-Salicylic-acid-Exfoliating-face-wash-detail_07-585x1024.webp 585w, https:\/\/www.drrashel-bbg.com\/wp-content\/uploads\/2026\/01\/DRL-1727-Salicylic-acid-Exfoliating-face-wash-detail_07-768x1344.webp 768w, https:\/\/www.drrashel-bbg.com\/wp-content\/uploads\/2026\/01\/DRL-1727-Salicylic-acid-Exfoliating-face-wash-detail_07-7x12.webp 7w, https:\/\/www.drrashel-bbg.com\/wp-content\/uploads\/2026\/01\/DRL-1727-Salicylic-acid-Exfoliating-face-wash-detail_07-600x1050.webp 600w\" sizes=\"(max-width: 790px) 100vw, 790px\" \/> <img loading=\"lazy\" decoding=\"async\" class=\"alignnone size-full wp-image-5553\" src=\"https:\/\/www.drrashel-bbg.com\/wp-content\/uploads\/2026\/01\/DRL-1727-Salicylic-acid-Exfoliating-face-wash-detail_08.webp\" alt=\"\" width=\"790\" height=\"1203\" srcset=\"https:\/\/www.drrashel-bbg.com\/wp-content\/uploads\/2026\/01\/DRL-1727-Salicylic-acid-Exfoliating-face-wash-detail_08.webp 790w, https:\/\/www.drrashel-bbg.com\/wp-content\/uploads\/2026\/01\/DRL-1727-Salicylic-acid-Exfoliating-face-wash-detail_08-197x300.webp 197w, https:\/\/www.drrashel-bbg.com\/wp-content\/uploads\/2026\/01\/DRL-1727-Salicylic-acid-Exfoliating-face-wash-detail_08-672x1024.webp 672w, https:\/\/www.drrashel-bbg.com\/wp-content\/uploads\/2026\/01\/DRL-1727-Salicylic-acid-Exfoliating-face-wash-detail_08-768x1169.webp 768w, https:\/\/www.drrashel-bbg.com\/wp-content\/uploads\/2026\/01\/DRL-1727-Salicylic-acid-Exfoliating-face-wash-detail_08-8x12.webp 8w, https:\/\/www.drrashel-bbg.com\/wp-content\/uploads\/2026\/01\/DRL-1727-Salicylic-acid-Exfoliating-face-wash-detail_08-600x914.webp 600w\" sizes=\"(max-width: 790px) 100vw, 790px\" \/> <img loading=\"lazy\" decoding=\"async\" class=\"alignnone size-full wp-image-5554\" src=\"https:\/\/www.drrashel-bbg.com\/wp-content\/uploads\/2026\/01\/DRL-1727-Salicylic-acid-Exfoliating-face-wash-detail_09.webp\" alt=\"\" width=\"790\" height=\"1214\" srcset=\"https:\/\/www.drrashel-bbg.com\/wp-content\/uploads\/2026\/01\/DRL-1727-Salicylic-acid-Exfoliating-face-wash-detail_09.webp 790w, https:\/\/www.drrashel-bbg.com\/wp-content\/uploads\/2026\/01\/DRL-1727-Salicylic-acid-Exfoliating-face-wash-detail_09-195x300.webp 195w, https:\/\/www.drrashel-bbg.com\/wp-content\/uploads\/2026\/01\/DRL-1727-Salicylic-acid-Exfoliating-face-wash-detail_09-666x1024.webp 666w, https:\/\/www.drrashel-bbg.com\/wp-content\/uploads\/2026\/01\/DRL-1727-Salicylic-acid-Exfoliating-face-wash-detail_09-768x1180.webp 768w, https:\/\/www.drrashel-bbg.com\/wp-content\/uploads\/2026\/01\/DRL-1727-Salicylic-acid-Exfoliating-face-wash-detail_09-8x12.webp 8w, https:\/\/www.drrashel-bbg.com\/wp-content\/uploads\/2026\/01\/DRL-1727-Salicylic-acid-Exfoliating-face-wash-detail_09-600x922.webp 600w\" sizes=\"(max-width: 790px) 100vw, 790px\" \/> <img loading=\"lazy\" decoding=\"async\" class=\"alignnone size-full wp-image-5555\" src=\"https:\/\/www.drrashel-bbg.com\/wp-content\/uploads\/2026\/01\/DRL-1727-Salicylic-acid-Exfoliating-face-wash-detail_10.webp\" alt=\"\" width=\"790\" height=\"681\" srcset=\"https:\/\/www.drrashel-bbg.com\/wp-content\/uploads\/2026\/01\/DRL-1727-Salicylic-acid-Exfoliating-face-wash-detail_10.webp 790w, https:\/\/www.drrashel-bbg.com\/wp-content\/uploads\/2026\/01\/DRL-1727-Salicylic-acid-Exfoliating-face-wash-detail_10-300x259.webp 300w, https:\/\/www.drrashel-bbg.com\/wp-content\/uploads\/2026\/01\/DRL-1727-Salicylic-acid-Exfoliating-face-wash-detail_10-768x662.webp 768w, https:\/\/www.drrashel-bbg.com\/wp-content\/uploads\/2026\/01\/DRL-1727-Salicylic-acid-Exfoliating-face-wash-detail_10-14x12.webp 14w, https:\/\/www.drrashel-bbg.com\/wp-content\/uploads\/2026\/01\/DRL-1727-Salicylic-acid-Exfoliating-face-wash-detail_10-600x517.webp 600w\" sizes=\"(max-width: 790px) 100vw, 790px\" \/> <img loading=\"lazy\" decoding=\"async\" class=\"alignnone size-full wp-image-5556\" src=\"https:\/\/www.drrashel-bbg.com\/wp-content\/uploads\/2026\/01\/DRL-1727-Salicylic-acid-Exfoliating-face-wash-detail_11.webp\" alt=\"\" width=\"790\" height=\"972\" srcset=\"https:\/\/www.drrashel-bbg.com\/wp-content\/uploads\/2026\/01\/DRL-1727-Salicylic-acid-Exfoliating-face-wash-detail_11.webp 790w, https:\/\/www.drrashel-bbg.com\/wp-content\/uploads\/2026\/01\/DRL-1727-Salicylic-acid-Exfoliating-face-wash-detail_11-244x300.webp 244w, https:\/\/www.drrashel-bbg.com\/wp-content\/uploads\/2026\/01\/DRL-1727-Salicylic-acid-Exfoliating-face-wash-detail_11-768x945.webp 768w, https:\/\/www.drrashel-bbg.com\/wp-content\/uploads\/2026\/01\/DRL-1727-Salicylic-acid-Exfoliating-face-wash-detail_11-10x12.webp 10w, https:\/\/www.drrashel-bbg.com\/wp-content\/uploads\/2026\/01\/DRL-1727-Salicylic-acid-Exfoliating-face-wash-detail_11-600x738.webp 600w\" sizes=\"(max-width: 790px) 100vw, 790px\" \/> <img loading=\"lazy\" decoding=\"async\" class=\"alignnone size-full wp-image-5557\" src=\"https:\/\/www.drrashel-bbg.com\/wp-content\/uploads\/2026\/01\/DRL-1727-Salicylic-acid-Exfoliating-face-wash-detail_12.webp\" alt=\"\" width=\"790\" height=\"1431\" srcset=\"https:\/\/www.drrashel-bbg.com\/wp-content\/uploads\/2026\/01\/DRL-1727-Salicylic-acid-Exfoliating-face-wash-detail_12.webp 790w, https:\/\/www.drrashel-bbg.com\/wp-content\/uploads\/2026\/01\/DRL-1727-Salicylic-acid-Exfoliating-face-wash-detail_12-166x300.webp 166w, https:\/\/www.drrashel-bbg.com\/wp-content\/uploads\/2026\/01\/DRL-1727-Salicylic-acid-Exfoliating-face-wash-detail_12-565x1024.webp 565w, https:\/\/www.drrashel-bbg.com\/wp-content\/uploads\/2026\/01\/DRL-1727-Salicylic-acid-Exfoliating-face-wash-detail_12-768x1391.webp 768w, https:\/\/www.drrashel-bbg.com\/wp-content\/uploads\/2026\/01\/DRL-1727-Salicylic-acid-Exfoliating-face-wash-detail_12-7x12.webp 7w, https:\/\/www.drrashel-bbg.com\/wp-content\/uploads\/2026\/01\/DRL-1727-Salicylic-acid-Exfoliating-face-wash-detail_12-600x1087.webp 600w\" sizes=\"(max-width: 790px) 100vw, 790px\" \/><\/p>\n<p>&nbsp;<\/p>\n<p>Beneficios del producto: El \u00e1cido salic\u00edlico es un BHA natural que penetra profundamente en la piel y desbloquea los poros, refrescando as\u00ed la piel y eliminando el acn\u00e9<\/p>\n<p>&nbsp;<\/p>\n<p>C\u00f3mo usar: Usar dos veces al d\u00eda, exprimir una peque\u00f1a cantidad en las manos y trabajar en espuma rica. Masaje en la cara h\u00fameda, contacto vac\u00edo con los ojos, enjuague a fondo con agua.<\/p>\n<p>&nbsp;<\/p>\n<p>Advertencia: Solo para uso externo, mantenga en un lugar seco y fresco, evite el contacto directo con los ojos, si se produce contacto, enjuague bien con agua. Si se produce irritaci\u00f3n, interrumpa el uso. Mant\u00e9ngalo fuera del alcance de los ni\u00f1os.<\/p>\n<p>Introducci\u00f3n de la marca:<\/p>\n<p>DR\u00b7RASHEL fue fundada en 1989 por el Sr. BAKRI, un maestro de cuidado de la piel, con treinta a\u00f1os de experiencia en productos. Centrado en la salud, el Sr. BAKRI desarroll\u00f3 f\u00f3rmulas precisas para los ingredientes naturales para maximizar la salud de la piel y el brillo vibrante, un principio aplicado en la amplia gama de productos de cuidado de la piel de DR\u00b7RASHEL.<\/p>\n<p>Los productos de DR\u00b7RASHEL est\u00e1n extendidos por todo el mundo y son bienvenidos por clientes en cinco continentes, m\u00e1s espec\u00edficamente, en Oriente Medio, Am\u00e9rica del Sur y Europa.<\/p>\n<p>Exportamos a m\u00e1s de 100 pa\u00edses, incluyendo Emiratos \u00c1rabes Unidos, Rusia, Am\u00e9rica, M\u00e9xico, Australia, Arabia Saudita, Brasil, India y Sud\u00e1frica.<\/p>\n<p>Tenemos ISO, GMPC American European Union International Autoritative Double Certification, Advanced R &amp; amp; D equipo de prueba, miles de f\u00f3rmulas maduras y equipo de ventas de alta eficiencia y superioridad de precio competitivo. Nuestras categor\u00edas de productos son: productos de cuidado de la piel, productos de maquillaje, productos de lavado y cuidado.<\/p>","protected":false},"excerpt":{"rendered":"<p>El \u00e1cido salic\u00edlico es un BHA natural que funciona para paliar el acn\u00e9&#8217; s culo penetrando profundamente en la piel, desbloqueando los poros, y por lo tanto renovando su piel. Este limpiador de \u00e1cido salic\u00edlico elimina suavemente y r\u00e1pidamente el exceso de aceite y residuos superficiales que contribuyen a las manchas sin secar la piel o causar enrojecimiento. Enjuaga sin residuos, dejando la piel refrescada, c\u00f3modamente limpia.<\/p>\n<p>N\u00famero de serie: DRL-1727<\/p>\n<p>Tipo de piel aplicable: Adecuado para todos los tipos de piel; mejor para tono de piel aburrido, cicatrices de pigmentaci\u00f3n y acn\u00e9, limpieza excesiva, acn\u00e9 graso.<\/p>\n<p>Ingredientes principales: AGUA, GLICERINA, \u00c1CIDO PALM\u00cdTICO, \u00c1CIDO MIRISTICO, \u00c1CIDO ESTEARICO, HIDROX\u00cdDO DE POTASIO, DISTEARATO DE GLICOL, \u00c1CIDO LAURICO, SULFATO DE LAURETO DE SODIO, GLUCOSIDO DE LAURILO<\/p>\n<p>Contenido neto: 100g<\/p>","protected":false},"featured_media":5558,"comment_status":"closed","ping_status":"closed","template":"","meta":[],"product_brand":[],"product_cat":[113,15],"product_tag":[],"class_list":{"0":"post-5545","1":"product","2":"type-product","3":"status-publish","4":"has-post-thumbnail","6":"product_cat-cleansing","7":"product_cat-face-care","9":"first","10":"instock","11":"shipping-taxable","12":"product-type-simple"},"_links":{"self":[{"href":"https:\/\/www.drrashel-bbg.com\/es\/wp-json\/wp\/v2\/product\/5545","targetHints":{"allow":["GET"]}}],"collection":[{"href":"https:\/\/www.drrashel-bbg.com\/es\/wp-json\/wp\/v2\/product"}],"about":[{"href":"https:\/\/www.drrashel-bbg.com\/es\/wp-json\/wp\/v2\/types\/product"}],"replies":[{"embeddable":true,"href":"https:\/\/www.drrashel-bbg.com\/es\/wp-json\/wp\/v2\/comments?post=5545"}],"wp:featuredmedia":[{"embeddable":true,"href":"https:\/\/www.drrashel-bbg.com\/es\/wp-json\/wp\/v2\/media\/5558"}],"wp:attachment":[{"href":"https:\/\/www.drrashel-bbg.com\/es\/wp-json\/wp\/v2\/media?parent=5545"}],"wp:term":[{"taxonomy":"product_brand","embeddable":true,"href":"https:\/\/www.drrashel-bbg.com\/es\/wp-json\/wp\/v2\/product_brand?post=5545"},{"taxonomy":"product_cat","embeddable":true,"href":"https:\/\/www.drrashel-bbg.com\/es\/wp-json\/wp\/v2\/product_cat?post=5545"},{"taxonomy":"product_tag","embeddable":true,"href":"https:\/\/www.drrashel-bbg.com\/es\/wp-json\/wp\/v2\/product_tag?post=5545"}],"curies":[{"name":"wp","href":"https:\/\/api.w.org\/{rel}","templated":true}]}}