{"id":5564,"date":"2026-01-17T14:08:03","date_gmt":"2026-01-17T06:08:03","guid":{"rendered":"https:\/\/www.drrashel-bbg.com\/?post_type=product&#038;p=5564"},"modified":"2026-01-17T14:08:04","modified_gmt":"2026-01-17T06:08:04","slug":"retinol-age-defying-night-serum","status":"publish","type":"product","link":"https:\/\/www.drrashel-bbg.com\/es\/serum-essences\/retinol-age-defying-night-serum\/","title":{"rendered":"Retinol Age Defying suero nocturno"},"content":{"rendered":"<p><img fetchpriority=\"high\" decoding=\"async\" class=\"alignnone size-full wp-image-5565\" src=\"https:\/\/www.drrashel-bbg.com\/wp-content\/uploads\/2026\/01\/DRL-1864-Retinol-Age-Defying-night-serum-Details-01.webp\" alt=\"\" width=\"790\" height=\"1238\" srcset=\"https:\/\/www.drrashel-bbg.com\/wp-content\/uploads\/2026\/01\/DRL-1864-Retinol-Age-Defying-night-serum-Details-01.webp 790w, https:\/\/www.drrashel-bbg.com\/wp-content\/uploads\/2026\/01\/DRL-1864-Retinol-Age-Defying-night-serum-Details-01-191x300.webp 191w, https:\/\/www.drrashel-bbg.com\/wp-content\/uploads\/2026\/01\/DRL-1864-Retinol-Age-Defying-night-serum-Details-01-653x1024.webp 653w, https:\/\/www.drrashel-bbg.com\/wp-content\/uploads\/2026\/01\/DRL-1864-Retinol-Age-Defying-night-serum-Details-01-768x1204.webp 768w, https:\/\/www.drrashel-bbg.com\/wp-content\/uploads\/2026\/01\/DRL-1864-Retinol-Age-Defying-night-serum-Details-01-8x12.webp 8w, https:\/\/www.drrashel-bbg.com\/wp-content\/uploads\/2026\/01\/DRL-1864-Retinol-Age-Defying-night-serum-Details-01-600x940.webp 600w\" sizes=\"(max-width: 790px) 100vw, 790px\" \/> <img decoding=\"async\" class=\"alignnone size-full wp-image-5566\" src=\"https:\/\/www.drrashel-bbg.com\/wp-content\/uploads\/2026\/01\/DRL-1864-Retinol-Age-Defying-night-serum-Details-02.webp\" alt=\"\" width=\"790\" height=\"817\" srcset=\"https:\/\/www.drrashel-bbg.com\/wp-content\/uploads\/2026\/01\/DRL-1864-Retinol-Age-Defying-night-serum-Details-02.webp 790w, https:\/\/www.drrashel-bbg.com\/wp-content\/uploads\/2026\/01\/DRL-1864-Retinol-Age-Defying-night-serum-Details-02-290x300.webp 290w, https:\/\/www.drrashel-bbg.com\/wp-content\/uploads\/2026\/01\/DRL-1864-Retinol-Age-Defying-night-serum-Details-02-768x794.webp 768w, https:\/\/www.drrashel-bbg.com\/wp-content\/uploads\/2026\/01\/DRL-1864-Retinol-Age-Defying-night-serum-Details-02-12x12.webp 12w, https:\/\/www.drrashel-bbg.com\/wp-content\/uploads\/2026\/01\/DRL-1864-Retinol-Age-Defying-night-serum-Details-02-600x621.webp 600w\" sizes=\"(max-width: 790px) 100vw, 790px\" \/> <img decoding=\"async\" class=\"alignnone size-full wp-image-5567\" src=\"https:\/\/www.drrashel-bbg.com\/wp-content\/uploads\/2026\/01\/DRL-1864-Retinol-Age-Defying-night-serum-Details-03.webp\" alt=\"\" width=\"790\" height=\"1261\" srcset=\"https:\/\/www.drrashel-bbg.com\/wp-content\/uploads\/2026\/01\/DRL-1864-Retinol-Age-Defying-night-serum-Details-03.webp 790w, https:\/\/www.drrashel-bbg.com\/wp-content\/uploads\/2026\/01\/DRL-1864-Retinol-Age-Defying-night-serum-Details-03-188x300.webp 188w, https:\/\/www.drrashel-bbg.com\/wp-content\/uploads\/2026\/01\/DRL-1864-Retinol-Age-Defying-night-serum-Details-03-642x1024.webp 642w, https:\/\/www.drrashel-bbg.com\/wp-content\/uploads\/2026\/01\/DRL-1864-Retinol-Age-Defying-night-serum-Details-03-768x1226.webp 768w, https:\/\/www.drrashel-bbg.com\/wp-content\/uploads\/2026\/01\/DRL-1864-Retinol-Age-Defying-night-serum-Details-03-8x12.webp 8w, https:\/\/www.drrashel-bbg.com\/wp-content\/uploads\/2026\/01\/DRL-1864-Retinol-Age-Defying-night-serum-Details-03-600x958.webp 600w\" sizes=\"(max-width: 790px) 100vw, 790px\" \/> <img loading=\"lazy\" decoding=\"async\" class=\"alignnone size-full wp-image-5568\" src=\"https:\/\/www.drrashel-bbg.com\/wp-content\/uploads\/2026\/01\/DRL-1864-Retinol-Age-Defying-night-serum-Details-04.webp\" alt=\"\" width=\"790\" height=\"1289\" srcset=\"https:\/\/www.drrashel-bbg.com\/wp-content\/uploads\/2026\/01\/DRL-1864-Retinol-Age-Defying-night-serum-Details-04.webp 790w, https:\/\/www.drrashel-bbg.com\/wp-content\/uploads\/2026\/01\/DRL-1864-Retinol-Age-Defying-night-serum-Details-04-184x300.webp 184w, https:\/\/www.drrashel-bbg.com\/wp-content\/uploads\/2026\/01\/DRL-1864-Retinol-Age-Defying-night-serum-Details-04-628x1024.webp 628w, https:\/\/www.drrashel-bbg.com\/wp-content\/uploads\/2026\/01\/DRL-1864-Retinol-Age-Defying-night-serum-Details-04-768x1253.webp 768w, https:\/\/www.drrashel-bbg.com\/wp-content\/uploads\/2026\/01\/DRL-1864-Retinol-Age-Defying-night-serum-Details-04-7x12.webp 7w, https:\/\/www.drrashel-bbg.com\/wp-content\/uploads\/2026\/01\/DRL-1864-Retinol-Age-Defying-night-serum-Details-04-600x979.webp 600w\" sizes=\"(max-width: 790px) 100vw, 790px\" \/> <img loading=\"lazy\" decoding=\"async\" class=\"alignnone size-full wp-image-5569\" src=\"https:\/\/www.drrashel-bbg.com\/wp-content\/uploads\/2026\/01\/DRL-1864-Retinol-Age-Defying-night-serum-Details-05.webp\" alt=\"\" width=\"790\" height=\"1324\" srcset=\"https:\/\/www.drrashel-bbg.com\/wp-content\/uploads\/2026\/01\/DRL-1864-Retinol-Age-Defying-night-serum-Details-05.webp 790w, https:\/\/www.drrashel-bbg.com\/wp-content\/uploads\/2026\/01\/DRL-1864-Retinol-Age-Defying-night-serum-Details-05-179x300.webp 179w, https:\/\/www.drrashel-bbg.com\/wp-content\/uploads\/2026\/01\/DRL-1864-Retinol-Age-Defying-night-serum-Details-05-611x1024.webp 611w, https:\/\/www.drrashel-bbg.com\/wp-content\/uploads\/2026\/01\/DRL-1864-Retinol-Age-Defying-night-serum-Details-05-768x1287.webp 768w, https:\/\/www.drrashel-bbg.com\/wp-content\/uploads\/2026\/01\/DRL-1864-Retinol-Age-Defying-night-serum-Details-05-7x12.webp 7w, https:\/\/www.drrashel-bbg.com\/wp-content\/uploads\/2026\/01\/DRL-1864-Retinol-Age-Defying-night-serum-Details-05-600x1006.webp 600w\" sizes=\"(max-width: 790px) 100vw, 790px\" \/> <img loading=\"lazy\" decoding=\"async\" class=\"alignnone size-full wp-image-5570\" src=\"https:\/\/www.drrashel-bbg.com\/wp-content\/uploads\/2026\/01\/DRL-1864-Retinol-Age-Defying-night-serum-Details-06.webp\" alt=\"\" width=\"790\" height=\"1311\" srcset=\"https:\/\/www.drrashel-bbg.com\/wp-content\/uploads\/2026\/01\/DRL-1864-Retinol-Age-Defying-night-serum-Details-06.webp 790w, https:\/\/www.drrashel-bbg.com\/wp-content\/uploads\/2026\/01\/DRL-1864-Retinol-Age-Defying-night-serum-Details-06-181x300.webp 181w, https:\/\/www.drrashel-bbg.com\/wp-content\/uploads\/2026\/01\/DRL-1864-Retinol-Age-Defying-night-serum-Details-06-617x1024.webp 617w, https:\/\/www.drrashel-bbg.com\/wp-content\/uploads\/2026\/01\/DRL-1864-Retinol-Age-Defying-night-serum-Details-06-768x1274.webp 768w, https:\/\/www.drrashel-bbg.com\/wp-content\/uploads\/2026\/01\/DRL-1864-Retinol-Age-Defying-night-serum-Details-06-7x12.webp 7w, https:\/\/www.drrashel-bbg.com\/wp-content\/uploads\/2026\/01\/DRL-1864-Retinol-Age-Defying-night-serum-Details-06-600x996.webp 600w\" sizes=\"(max-width: 790px) 100vw, 790px\" \/> <img loading=\"lazy\" decoding=\"async\" class=\"alignnone size-full wp-image-5571\" src=\"https:\/\/www.drrashel-bbg.com\/wp-content\/uploads\/2026\/01\/DRL-1864-Retinol-Age-Defying-night-serum-Details-07.webp\" alt=\"\" width=\"790\" height=\"1369\" srcset=\"https:\/\/www.drrashel-bbg.com\/wp-content\/uploads\/2026\/01\/DRL-1864-Retinol-Age-Defying-night-serum-Details-07.webp 790w, https:\/\/www.drrashel-bbg.com\/wp-content\/uploads\/2026\/01\/DRL-1864-Retinol-Age-Defying-night-serum-Details-07-173x300.webp 173w, https:\/\/www.drrashel-bbg.com\/wp-content\/uploads\/2026\/01\/DRL-1864-Retinol-Age-Defying-night-serum-Details-07-591x1024.webp 591w, https:\/\/www.drrashel-bbg.com\/wp-content\/uploads\/2026\/01\/DRL-1864-Retinol-Age-Defying-night-serum-Details-07-768x1331.webp 768w, https:\/\/www.drrashel-bbg.com\/wp-content\/uploads\/2026\/01\/DRL-1864-Retinol-Age-Defying-night-serum-Details-07-7x12.webp 7w, https:\/\/www.drrashel-bbg.com\/wp-content\/uploads\/2026\/01\/DRL-1864-Retinol-Age-Defying-night-serum-Details-07-600x1040.webp 600w\" sizes=\"(max-width: 790px) 100vw, 790px\" \/> <img loading=\"lazy\" decoding=\"async\" class=\"alignnone size-full wp-image-5572\" src=\"https:\/\/www.drrashel-bbg.com\/wp-content\/uploads\/2026\/01\/DRL-1864-Retinol-Age-Defying-night-serum-Details-08.webp\" alt=\"\" width=\"790\" height=\"1223\" srcset=\"https:\/\/www.drrashel-bbg.com\/wp-content\/uploads\/2026\/01\/DRL-1864-Retinol-Age-Defying-night-serum-Details-08.webp 790w, https:\/\/www.drrashel-bbg.com\/wp-content\/uploads\/2026\/01\/DRL-1864-Retinol-Age-Defying-night-serum-Details-08-194x300.webp 194w, https:\/\/www.drrashel-bbg.com\/wp-content\/uploads\/2026\/01\/DRL-1864-Retinol-Age-Defying-night-serum-Details-08-661x1024.webp 661w, https:\/\/www.drrashel-bbg.com\/wp-content\/uploads\/2026\/01\/DRL-1864-Retinol-Age-Defying-night-serum-Details-08-768x1189.webp 768w, https:\/\/www.drrashel-bbg.com\/wp-content\/uploads\/2026\/01\/DRL-1864-Retinol-Age-Defying-night-serum-Details-08-8x12.webp 8w, https:\/\/www.drrashel-bbg.com\/wp-content\/uploads\/2026\/01\/DRL-1864-Retinol-Age-Defying-night-serum-Details-08-600x929.webp 600w\" sizes=\"(max-width: 790px) 100vw, 790px\" \/> <img loading=\"lazy\" decoding=\"async\" class=\"alignnone size-full wp-image-5573\" src=\"https:\/\/www.drrashel-bbg.com\/wp-content\/uploads\/2026\/01\/DRL-1864-Retinol-Age-Defying-night-serum-Details-09.webp\" alt=\"\" width=\"790\" height=\"1201\" srcset=\"https:\/\/www.drrashel-bbg.com\/wp-content\/uploads\/2026\/01\/DRL-1864-Retinol-Age-Defying-night-serum-Details-09.webp 790w, https:\/\/www.drrashel-bbg.com\/wp-content\/uploads\/2026\/01\/DRL-1864-Retinol-Age-Defying-night-serum-Details-09-197x300.webp 197w, https:\/\/www.drrashel-bbg.com\/wp-content\/uploads\/2026\/01\/DRL-1864-Retinol-Age-Defying-night-serum-Details-09-674x1024.webp 674w, https:\/\/www.drrashel-bbg.com\/wp-content\/uploads\/2026\/01\/DRL-1864-Retinol-Age-Defying-night-serum-Details-09-768x1168.webp 768w, https:\/\/www.drrashel-bbg.com\/wp-content\/uploads\/2026\/01\/DRL-1864-Retinol-Age-Defying-night-serum-Details-09-8x12.webp 8w, https:\/\/www.drrashel-bbg.com\/wp-content\/uploads\/2026\/01\/DRL-1864-Retinol-Age-Defying-night-serum-Details-09-600x912.webp 600w\" sizes=\"(max-width: 790px) 100vw, 790px\" \/> <img loading=\"lazy\" decoding=\"async\" class=\"alignnone size-full wp-image-5574\" src=\"https:\/\/www.drrashel-bbg.com\/wp-content\/uploads\/2026\/01\/DRL-1864-Retinol-Age-Defying-night-serum-Details-10.webp\" alt=\"\" width=\"790\" height=\"769\" srcset=\"https:\/\/www.drrashel-bbg.com\/wp-content\/uploads\/2026\/01\/DRL-1864-Retinol-Age-Defying-night-serum-Details-10.webp 790w, https:\/\/www.drrashel-bbg.com\/wp-content\/uploads\/2026\/01\/DRL-1864-Retinol-Age-Defying-night-serum-Details-10-300x292.webp 300w, https:\/\/www.drrashel-bbg.com\/wp-content\/uploads\/2026\/01\/DRL-1864-Retinol-Age-Defying-night-serum-Details-10-768x748.webp 768w, https:\/\/www.drrashel-bbg.com\/wp-content\/uploads\/2026\/01\/DRL-1864-Retinol-Age-Defying-night-serum-Details-10-12x12.webp 12w, https:\/\/www.drrashel-bbg.com\/wp-content\/uploads\/2026\/01\/DRL-1864-Retinol-Age-Defying-night-serum-Details-10-600x584.webp 600w\" sizes=\"(max-width: 790px) 100vw, 790px\" \/> <img loading=\"lazy\" decoding=\"async\" class=\"alignnone size-full wp-image-5575\" src=\"https:\/\/www.drrashel-bbg.com\/wp-content\/uploads\/2026\/01\/DRL-1864-Retinol-Age-Defying-night-serum-Details-11.webp\" alt=\"\" width=\"790\" height=\"901\" srcset=\"https:\/\/www.drrashel-bbg.com\/wp-content\/uploads\/2026\/01\/DRL-1864-Retinol-Age-Defying-night-serum-Details-11.webp 790w, https:\/\/www.drrashel-bbg.com\/wp-content\/uploads\/2026\/01\/DRL-1864-Retinol-Age-Defying-night-serum-Details-11-263x300.webp 263w, https:\/\/www.drrashel-bbg.com\/wp-content\/uploads\/2026\/01\/DRL-1864-Retinol-Age-Defying-night-serum-Details-11-768x876.webp 768w, https:\/\/www.drrashel-bbg.com\/wp-content\/uploads\/2026\/01\/DRL-1864-Retinol-Age-Defying-night-serum-Details-11-11x12.webp 11w, https:\/\/www.drrashel-bbg.com\/wp-content\/uploads\/2026\/01\/DRL-1864-Retinol-Age-Defying-night-serum-Details-11-600x684.webp 600w\" sizes=\"(max-width: 790px) 100vw, 790px\" \/> <img loading=\"lazy\" decoding=\"async\" class=\"alignnone size-full wp-image-5576\" src=\"https:\/\/www.drrashel-bbg.com\/wp-content\/uploads\/2026\/01\/DRL-1864-Retinol-Age-Defying-night-serum-Details-12.webp\" alt=\"\" width=\"790\" height=\"752\" srcset=\"https:\/\/www.drrashel-bbg.com\/wp-content\/uploads\/2026\/01\/DRL-1864-Retinol-Age-Defying-night-serum-Details-12.webp 790w, https:\/\/www.drrashel-bbg.com\/wp-content\/uploads\/2026\/01\/DRL-1864-Retinol-Age-Defying-night-serum-Details-12-300x286.webp 300w, https:\/\/www.drrashel-bbg.com\/wp-content\/uploads\/2026\/01\/DRL-1864-Retinol-Age-Defying-night-serum-Details-12-768x731.webp 768w, https:\/\/www.drrashel-bbg.com\/wp-content\/uploads\/2026\/01\/DRL-1864-Retinol-Age-Defying-night-serum-Details-12-13x12.webp 13w, https:\/\/www.drrashel-bbg.com\/wp-content\/uploads\/2026\/01\/DRL-1864-Retinol-Age-Defying-night-serum-Details-12-600x571.webp 600w\" sizes=\"(max-width: 790px) 100vw, 790px\" \/> <img loading=\"lazy\" decoding=\"async\" class=\"alignnone size-full wp-image-5577\" src=\"https:\/\/www.drrashel-bbg.com\/wp-content\/uploads\/2026\/01\/DRL-1864-Retinol-Age-Defying-night-serum-Details-13.webp\" alt=\"\" width=\"790\" height=\"713\" srcset=\"https:\/\/www.drrashel-bbg.com\/wp-content\/uploads\/2026\/01\/DRL-1864-Retinol-Age-Defying-night-serum-Details-13.webp 790w, https:\/\/www.drrashel-bbg.com\/wp-content\/uploads\/2026\/01\/DRL-1864-Retinol-Age-Defying-night-serum-Details-13-300x271.webp 300w, https:\/\/www.drrashel-bbg.com\/wp-content\/uploads\/2026\/01\/DRL-1864-Retinol-Age-Defying-night-serum-Details-13-768x693.webp 768w, https:\/\/www.drrashel-bbg.com\/wp-content\/uploads\/2026\/01\/DRL-1864-Retinol-Age-Defying-night-serum-Details-13-13x12.webp 13w, https:\/\/www.drrashel-bbg.com\/wp-content\/uploads\/2026\/01\/DRL-1864-Retinol-Age-Defying-night-serum-Details-13-600x542.webp 600w\" sizes=\"(max-width: 790px) 100vw, 790px\" \/> <img loading=\"lazy\" decoding=\"async\" class=\"alignnone size-full wp-image-5578\" src=\"https:\/\/www.drrashel-bbg.com\/wp-content\/uploads\/2026\/01\/DRL-1864-Retinol-Age-Defying-night-serum-Details-14.webp\" alt=\"\" width=\"790\" height=\"745\" srcset=\"https:\/\/www.drrashel-bbg.com\/wp-content\/uploads\/2026\/01\/DRL-1864-Retinol-Age-Defying-night-serum-Details-14.webp 790w, https:\/\/www.drrashel-bbg.com\/wp-content\/uploads\/2026\/01\/DRL-1864-Retinol-Age-Defying-night-serum-Details-14-300x283.webp 300w, https:\/\/www.drrashel-bbg.com\/wp-content\/uploads\/2026\/01\/DRL-1864-Retinol-Age-Defying-night-serum-Details-14-768x724.webp 768w, https:\/\/www.drrashel-bbg.com\/wp-content\/uploads\/2026\/01\/DRL-1864-Retinol-Age-Defying-night-serum-Details-14-13x12.webp 13w, https:\/\/www.drrashel-bbg.com\/wp-content\/uploads\/2026\/01\/DRL-1864-Retinol-Age-Defying-night-serum-Details-14-600x566.webp 600w\" sizes=\"(max-width: 790px) 100vw, 790px\" \/><\/p>\n<p>Beneficios del producto: El retinol ayuda a reducir los signos de envejecimiento como las l\u00edneas finas y las arrugas, haciendo que la piel sea m\u00e1s ajustada y m\u00e1s joven. Penetra en la superficie de tu piel Por la noche para entregar transformaci\u00f3n de la piel<\/p>\n<p>&nbsp;<\/p>\n<p>C\u00f3mo usar: Por la noche, suavize 1 a 2 bombas de suero nocturno sobre la cara y el cuello reci\u00e9n limpiados antes de aplicar otros productos para el cuidado de la piel. Adecuado para todos los tipos de piel.<\/p>\n<p>Advertencia: Solo para uso externo, mantenga en un lugar seco y fresco, evite el contacto directo con los ojos, si se produce contacto, enjuague bien con agua. Si se produce irritaci\u00f3n, interrumpa el uso. Mant\u00e9ngalo fuera del alcance de los ni\u00f1os.<\/p>\n<p>Introducci\u00f3n de la marca:<\/p>\n<p>DR\u00b7RASHEL fue fundada en 1989 por el Sr. BAKRI, un maestro de cuidado de la piel, con treinta a\u00f1os de experiencia en productos. Centrado en la salud, el Sr. BAKRI desarroll\u00f3 f\u00f3rmulas precisas para los ingredientes naturales para maximizar la salud de la piel y el brillo vibrante, un principio aplicado en la amplia gama de productos de cuidado de la piel de DR\u00b7RASHEL.<\/p>\n<p>Los productos de DR\u00b7RASHEL est\u00e1n extendidos por todo el mundo y son bienvenidos por clientes en cinco continentes, m\u00e1s espec\u00edficamente, en Oriente Medio, Am\u00e9rica del Sur y Europa.<\/p>\n<p>Exportamos a m\u00e1s de 100 pa\u00edses, incluyendo Emiratos \u00c1rabes Unidos, Rusia, Am\u00e9rica, M\u00e9xico, Australia, Arabia Saudita, Brasil, India y Sud\u00e1frica.<\/p>\n<p>Tenemos ISO, GMPC American European Union International Autoritative Double Certification, Advanced R &amp; amp; D equipo de prueba, miles de f\u00f3rmulas maduras y equipo de ventas de alta eficiencia y superioridad de precio competitivo. Nuestras categor\u00edas de productos son: productos de cuidado de la piel, productos de maquillaje, productos de lavado y cuidado.<\/p>","protected":false},"excerpt":{"rendered":"<p>El retinol ayuda a reducir los signos del envejecimiento como las l\u00edneas finas y las arrugas, haciendo que la piel sea m\u00e1s ajustada y m\u00e1s joven. Penetra en la superficie de su piel por la noche para proporcionar la transformaci\u00f3n de la piel. El suero nocturno retinol suaviza las arrugas y el tono incluso, restaura la vitalidad de la piel por la noche, revela la piel de apariencia m\u00e1s firme. Despu\u00e9s de despertar, la piel se volver\u00e1 suave y radiante.<\/p>\n<p>N\u00famero de serie: DRL-1864<\/p>\n<p>Tipo de piel aplicable: Adecuado para todos los tipos de piel; mejor para la piel de tono desigual y arrugada.<\/p>\n<p>Ingredientes principales: Aqua, glicerina, propilenglicol, goma de xant\u00e1n, hidroxipropil ciclodextrina, retinol, extracto de Centella Asiatica<\/p>\n<p>Contenido neto: 35ml<\/p>","protected":false},"featured_media":5579,"comment_status":"closed","ping_status":"closed","template":"","meta":[],"product_brand":[],"product_cat":[15,115],"product_tag":[],"class_list":{"0":"post-5564","1":"product","2":"type-product","3":"status-publish","4":"has-post-thumbnail","6":"product_cat-face-care","7":"product_cat-serum-essences","9":"first","10":"instock","11":"shipping-taxable","12":"product-type-simple"},"_links":{"self":[{"href":"https:\/\/www.drrashel-bbg.com\/es\/wp-json\/wp\/v2\/product\/5564","targetHints":{"allow":["GET"]}}],"collection":[{"href":"https:\/\/www.drrashel-bbg.com\/es\/wp-json\/wp\/v2\/product"}],"about":[{"href":"https:\/\/www.drrashel-bbg.com\/es\/wp-json\/wp\/v2\/types\/product"}],"replies":[{"embeddable":true,"href":"https:\/\/www.drrashel-bbg.com\/es\/wp-json\/wp\/v2\/comments?post=5564"}],"wp:featuredmedia":[{"embeddable":true,"href":"https:\/\/www.drrashel-bbg.com\/es\/wp-json\/wp\/v2\/media\/5579"}],"wp:attachment":[{"href":"https:\/\/www.drrashel-bbg.com\/es\/wp-json\/wp\/v2\/media?parent=5564"}],"wp:term":[{"taxonomy":"product_brand","embeddable":true,"href":"https:\/\/www.drrashel-bbg.com\/es\/wp-json\/wp\/v2\/product_brand?post=5564"},{"taxonomy":"product_cat","embeddable":true,"href":"https:\/\/www.drrashel-bbg.com\/es\/wp-json\/wp\/v2\/product_cat?post=5564"},{"taxonomy":"product_tag","embeddable":true,"href":"https:\/\/www.drrashel-bbg.com\/es\/wp-json\/wp\/v2\/product_tag?post=5564"}],"curies":[{"name":"wp","href":"https:\/\/api.w.org\/{rel}","templated":true}]}}