{"id":5643,"date":"2026-01-19T15:44:37","date_gmt":"2026-01-19T07:44:37","guid":{"rendered":"https:\/\/www.drrashel-bbg.com\/?post_type=product&#038;p=5643"},"modified":"2026-01-19T16:04:10","modified_gmt":"2026-01-19T08:04:10","slug":"hyaluronic-acid-ultra-hydrating-skin-care-set-2","status":"publish","type":"product","link":"https:\/\/www.drrashel-bbg.com\/es\/facial-care-sets\/hyaluronic-acid-ultra-hydrating-skin-care-set-2\/","title":{"rendered":"Juego de cuidado de la piel ultra hidratante de \u00e1cido hialur\u00f3nico"},"content":{"rendered":"<p><img fetchpriority=\"high\" decoding=\"async\" class=\"alignnone size-full wp-image-5650\" src=\"https:\/\/www.drrashel-bbg.com\/wp-content\/uploads\/2026\/01\/DRL-2017-Hyaluronic-Acid-Ultra-Hydrating-Skin-Care-Set-detail-1.webp\" alt=\"\" width=\"790\" height=\"1004\" srcset=\"https:\/\/www.drrashel-bbg.com\/wp-content\/uploads\/2026\/01\/DRL-2017-Hyaluronic-Acid-Ultra-Hydrating-Skin-Care-Set-detail-1.webp 790w, https:\/\/www.drrashel-bbg.com\/wp-content\/uploads\/2026\/01\/DRL-2017-Hyaluronic-Acid-Ultra-Hydrating-Skin-Care-Set-detail-1-236x300.webp 236w, https:\/\/www.drrashel-bbg.com\/wp-content\/uploads\/2026\/01\/DRL-2017-Hyaluronic-Acid-Ultra-Hydrating-Skin-Care-Set-detail-1-768x976.webp 768w, https:\/\/www.drrashel-bbg.com\/wp-content\/uploads\/2026\/01\/DRL-2017-Hyaluronic-Acid-Ultra-Hydrating-Skin-Care-Set-detail-1-9x12.webp 9w, https:\/\/www.drrashel-bbg.com\/wp-content\/uploads\/2026\/01\/DRL-2017-Hyaluronic-Acid-Ultra-Hydrating-Skin-Care-Set-detail-1-600x763.webp 600w\" sizes=\"(max-width: 790px) 100vw, 790px\" \/> <img decoding=\"async\" class=\"alignnone size-full wp-image-5651\" src=\"https:\/\/www.drrashel-bbg.com\/wp-content\/uploads\/2026\/01\/DRL-2017-Hyaluronic-Acid-Ultra-Hydrating-Skin-Care-Set-detail-2.webp\" alt=\"\" width=\"790\" height=\"829\" srcset=\"https:\/\/www.drrashel-bbg.com\/wp-content\/uploads\/2026\/01\/DRL-2017-Hyaluronic-Acid-Ultra-Hydrating-Skin-Care-Set-detail-2.webp 790w, https:\/\/www.drrashel-bbg.com\/wp-content\/uploads\/2026\/01\/DRL-2017-Hyaluronic-Acid-Ultra-Hydrating-Skin-Care-Set-detail-2-286x300.webp 286w, https:\/\/www.drrashel-bbg.com\/wp-content\/uploads\/2026\/01\/DRL-2017-Hyaluronic-Acid-Ultra-Hydrating-Skin-Care-Set-detail-2-768x806.webp 768w, https:\/\/www.drrashel-bbg.com\/wp-content\/uploads\/2026\/01\/DRL-2017-Hyaluronic-Acid-Ultra-Hydrating-Skin-Care-Set-detail-2-11x12.webp 11w, https:\/\/www.drrashel-bbg.com\/wp-content\/uploads\/2026\/01\/DRL-2017-Hyaluronic-Acid-Ultra-Hydrating-Skin-Care-Set-detail-2-600x630.webp 600w\" sizes=\"(max-width: 790px) 100vw, 790px\" \/> <img decoding=\"async\" class=\"alignnone size-full wp-image-5652\" src=\"https:\/\/www.drrashel-bbg.com\/wp-content\/uploads\/2026\/01\/DRL-2017-Hyaluronic-Acid-Ultra-Hydrating-Skin-Care-Set-detail-3.webp\" alt=\"\" width=\"790\" height=\"998\" srcset=\"https:\/\/www.drrashel-bbg.com\/wp-content\/uploads\/2026\/01\/DRL-2017-Hyaluronic-Acid-Ultra-Hydrating-Skin-Care-Set-detail-3.webp 790w, https:\/\/www.drrashel-bbg.com\/wp-content\/uploads\/2026\/01\/DRL-2017-Hyaluronic-Acid-Ultra-Hydrating-Skin-Care-Set-detail-3-237x300.webp 237w, https:\/\/www.drrashel-bbg.com\/wp-content\/uploads\/2026\/01\/DRL-2017-Hyaluronic-Acid-Ultra-Hydrating-Skin-Care-Set-detail-3-768x970.webp 768w, https:\/\/www.drrashel-bbg.com\/wp-content\/uploads\/2026\/01\/DRL-2017-Hyaluronic-Acid-Ultra-Hydrating-Skin-Care-Set-detail-3-9x12.webp 9w, https:\/\/www.drrashel-bbg.com\/wp-content\/uploads\/2026\/01\/DRL-2017-Hyaluronic-Acid-Ultra-Hydrating-Skin-Care-Set-detail-3-600x758.webp 600w\" sizes=\"(max-width: 790px) 100vw, 790px\" \/> <img loading=\"lazy\" decoding=\"async\" class=\"alignnone size-full wp-image-5653\" src=\"https:\/\/www.drrashel-bbg.com\/wp-content\/uploads\/2026\/01\/DRL-2017-Hyaluronic-Acid-Ultra-Hydrating-Skin-Care-Set-detail-4.webp\" alt=\"\" width=\"790\" height=\"1032\" srcset=\"https:\/\/www.drrashel-bbg.com\/wp-content\/uploads\/2026\/01\/DRL-2017-Hyaluronic-Acid-Ultra-Hydrating-Skin-Care-Set-detail-4.webp 790w, https:\/\/www.drrashel-bbg.com\/wp-content\/uploads\/2026\/01\/DRL-2017-Hyaluronic-Acid-Ultra-Hydrating-Skin-Care-Set-detail-4-230x300.webp 230w, https:\/\/www.drrashel-bbg.com\/wp-content\/uploads\/2026\/01\/DRL-2017-Hyaluronic-Acid-Ultra-Hydrating-Skin-Care-Set-detail-4-784x1024.webp 784w, https:\/\/www.drrashel-bbg.com\/wp-content\/uploads\/2026\/01\/DRL-2017-Hyaluronic-Acid-Ultra-Hydrating-Skin-Care-Set-detail-4-768x1003.webp 768w, https:\/\/www.drrashel-bbg.com\/wp-content\/uploads\/2026\/01\/DRL-2017-Hyaluronic-Acid-Ultra-Hydrating-Skin-Care-Set-detail-4-9x12.webp 9w, https:\/\/www.drrashel-bbg.com\/wp-content\/uploads\/2026\/01\/DRL-2017-Hyaluronic-Acid-Ultra-Hydrating-Skin-Care-Set-detail-4-600x784.webp 600w\" sizes=\"(max-width: 790px) 100vw, 790px\" \/> <img loading=\"lazy\" decoding=\"async\" class=\"alignnone size-full wp-image-5654\" src=\"https:\/\/www.drrashel-bbg.com\/wp-content\/uploads\/2026\/01\/DRL-2017-Hyaluronic-Acid-Ultra-Hydrating-Skin-Care-Set-detail-5.webp\" alt=\"\" width=\"790\" height=\"1239\" srcset=\"https:\/\/www.drrashel-bbg.com\/wp-content\/uploads\/2026\/01\/DRL-2017-Hyaluronic-Acid-Ultra-Hydrating-Skin-Care-Set-detail-5.webp 790w, https:\/\/www.drrashel-bbg.com\/wp-content\/uploads\/2026\/01\/DRL-2017-Hyaluronic-Acid-Ultra-Hydrating-Skin-Care-Set-detail-5-191x300.webp 191w, https:\/\/www.drrashel-bbg.com\/wp-content\/uploads\/2026\/01\/DRL-2017-Hyaluronic-Acid-Ultra-Hydrating-Skin-Care-Set-detail-5-653x1024.webp 653w, https:\/\/www.drrashel-bbg.com\/wp-content\/uploads\/2026\/01\/DRL-2017-Hyaluronic-Acid-Ultra-Hydrating-Skin-Care-Set-detail-5-768x1204.webp 768w, https:\/\/www.drrashel-bbg.com\/wp-content\/uploads\/2026\/01\/DRL-2017-Hyaluronic-Acid-Ultra-Hydrating-Skin-Care-Set-detail-5-8x12.webp 8w, https:\/\/www.drrashel-bbg.com\/wp-content\/uploads\/2026\/01\/DRL-2017-Hyaluronic-Acid-Ultra-Hydrating-Skin-Care-Set-detail-5-600x941.webp 600w\" sizes=\"(max-width: 790px) 100vw, 790px\" \/> <img loading=\"lazy\" decoding=\"async\" class=\"alignnone size-full wp-image-5655\" src=\"https:\/\/www.drrashel-bbg.com\/wp-content\/uploads\/2026\/01\/DRL-2017-Hyaluronic-Acid-Ultra-Hydrating-Skin-Care-Set-detail-6.webp\" alt=\"\" width=\"790\" height=\"1470\" srcset=\"https:\/\/www.drrashel-bbg.com\/wp-content\/uploads\/2026\/01\/DRL-2017-Hyaluronic-Acid-Ultra-Hydrating-Skin-Care-Set-detail-6.webp 790w, https:\/\/www.drrashel-bbg.com\/wp-content\/uploads\/2026\/01\/DRL-2017-Hyaluronic-Acid-Ultra-Hydrating-Skin-Care-Set-detail-6-161x300.webp 161w, https:\/\/www.drrashel-bbg.com\/wp-content\/uploads\/2026\/01\/DRL-2017-Hyaluronic-Acid-Ultra-Hydrating-Skin-Care-Set-detail-6-550x1024.webp 550w, https:\/\/www.drrashel-bbg.com\/wp-content\/uploads\/2026\/01\/DRL-2017-Hyaluronic-Acid-Ultra-Hydrating-Skin-Care-Set-detail-6-768x1429.webp 768w, https:\/\/www.drrashel-bbg.com\/wp-content\/uploads\/2026\/01\/DRL-2017-Hyaluronic-Acid-Ultra-Hydrating-Skin-Care-Set-detail-6-6x12.webp 6w, https:\/\/www.drrashel-bbg.com\/wp-content\/uploads\/2026\/01\/DRL-2017-Hyaluronic-Acid-Ultra-Hydrating-Skin-Care-Set-detail-6-600x1116.webp 600w\" sizes=\"(max-width: 790px) 100vw, 790px\" \/> <img loading=\"lazy\" decoding=\"async\" class=\"alignnone size-full wp-image-5656\" src=\"https:\/\/www.drrashel-bbg.com\/wp-content\/uploads\/2026\/01\/DRL-2017-Hyaluronic-Acid-Ultra-Hydrating-Skin-Care-Set-detail-7.webp\" alt=\"\" width=\"790\" height=\"1109\" srcset=\"https:\/\/www.drrashel-bbg.com\/wp-content\/uploads\/2026\/01\/DRL-2017-Hyaluronic-Acid-Ultra-Hydrating-Skin-Care-Set-detail-7.webp 790w, https:\/\/www.drrashel-bbg.com\/wp-content\/uploads\/2026\/01\/DRL-2017-Hyaluronic-Acid-Ultra-Hydrating-Skin-Care-Set-detail-7-214x300.webp 214w, https:\/\/www.drrashel-bbg.com\/wp-content\/uploads\/2026\/01\/DRL-2017-Hyaluronic-Acid-Ultra-Hydrating-Skin-Care-Set-detail-7-729x1024.webp 729w, https:\/\/www.drrashel-bbg.com\/wp-content\/uploads\/2026\/01\/DRL-2017-Hyaluronic-Acid-Ultra-Hydrating-Skin-Care-Set-detail-7-768x1078.webp 768w, https:\/\/www.drrashel-bbg.com\/wp-content\/uploads\/2026\/01\/DRL-2017-Hyaluronic-Acid-Ultra-Hydrating-Skin-Care-Set-detail-7-9x12.webp 9w, https:\/\/www.drrashel-bbg.com\/wp-content\/uploads\/2026\/01\/DRL-2017-Hyaluronic-Acid-Ultra-Hydrating-Skin-Care-Set-detail-7-600x842.webp 600w\" sizes=\"(max-width: 790px) 100vw, 790px\" \/> <img loading=\"lazy\" decoding=\"async\" class=\"alignnone size-full wp-image-5657\" src=\"https:\/\/www.drrashel-bbg.com\/wp-content\/uploads\/2026\/01\/DRL-2017-Hyaluronic-Acid-Ultra-Hydrating-Skin-Care-Set-detail-8.webp\" alt=\"\" width=\"790\" height=\"1152\" srcset=\"https:\/\/www.drrashel-bbg.com\/wp-content\/uploads\/2026\/01\/DRL-2017-Hyaluronic-Acid-Ultra-Hydrating-Skin-Care-Set-detail-8.webp 790w, https:\/\/www.drrashel-bbg.com\/wp-content\/uploads\/2026\/01\/DRL-2017-Hyaluronic-Acid-Ultra-Hydrating-Skin-Care-Set-detail-8-206x300.webp 206w, https:\/\/www.drrashel-bbg.com\/wp-content\/uploads\/2026\/01\/DRL-2017-Hyaluronic-Acid-Ultra-Hydrating-Skin-Care-Set-detail-8-702x1024.webp 702w, https:\/\/www.drrashel-bbg.com\/wp-content\/uploads\/2026\/01\/DRL-2017-Hyaluronic-Acid-Ultra-Hydrating-Skin-Care-Set-detail-8-768x1120.webp 768w, https:\/\/www.drrashel-bbg.com\/wp-content\/uploads\/2026\/01\/DRL-2017-Hyaluronic-Acid-Ultra-Hydrating-Skin-Care-Set-detail-8-8x12.webp 8w, https:\/\/www.drrashel-bbg.com\/wp-content\/uploads\/2026\/01\/DRL-2017-Hyaluronic-Acid-Ultra-Hydrating-Skin-Care-Set-detail-8-600x875.webp 600w\" sizes=\"(max-width: 790px) 100vw, 790px\" \/> <img loading=\"lazy\" decoding=\"async\" class=\"alignnone size-full wp-image-5658\" src=\"https:\/\/www.drrashel-bbg.com\/wp-content\/uploads\/2026\/01\/DRL-2017-Hyaluronic-Acid-Ultra-Hydrating-Skin-Care-Set-detail-9.webp\" alt=\"\" width=\"790\" height=\"685\" srcset=\"https:\/\/www.drrashel-bbg.com\/wp-content\/uploads\/2026\/01\/DRL-2017-Hyaluronic-Acid-Ultra-Hydrating-Skin-Care-Set-detail-9.webp 790w, https:\/\/www.drrashel-bbg.com\/wp-content\/uploads\/2026\/01\/DRL-2017-Hyaluronic-Acid-Ultra-Hydrating-Skin-Care-Set-detail-9-300x260.webp 300w, https:\/\/www.drrashel-bbg.com\/wp-content\/uploads\/2026\/01\/DRL-2017-Hyaluronic-Acid-Ultra-Hydrating-Skin-Care-Set-detail-9-768x666.webp 768w, https:\/\/www.drrashel-bbg.com\/wp-content\/uploads\/2026\/01\/DRL-2017-Hyaluronic-Acid-Ultra-Hydrating-Skin-Care-Set-detail-9-14x12.webp 14w, https:\/\/www.drrashel-bbg.com\/wp-content\/uploads\/2026\/01\/DRL-2017-Hyaluronic-Acid-Ultra-Hydrating-Skin-Care-Set-detail-9-600x520.webp 600w\" sizes=\"(max-width: 790px) 100vw, 790px\" \/> <img loading=\"lazy\" decoding=\"async\" class=\"alignnone size-full wp-image-5659\" src=\"https:\/\/www.drrashel-bbg.com\/wp-content\/uploads\/2026\/01\/DRL-2017-Hyaluronic-Acid-Ultra-Hydrating-Skin-Care-Set-detail-10.webp\" alt=\"\" width=\"790\" height=\"1470\" srcset=\"https:\/\/www.drrashel-bbg.com\/wp-content\/uploads\/2026\/01\/DRL-2017-Hyaluronic-Acid-Ultra-Hydrating-Skin-Care-Set-detail-10.webp 790w, https:\/\/www.drrashel-bbg.com\/wp-content\/uploads\/2026\/01\/DRL-2017-Hyaluronic-Acid-Ultra-Hydrating-Skin-Care-Set-detail-10-161x300.webp 161w, https:\/\/www.drrashel-bbg.com\/wp-content\/uploads\/2026\/01\/DRL-2017-Hyaluronic-Acid-Ultra-Hydrating-Skin-Care-Set-detail-10-550x1024.webp 550w, https:\/\/www.drrashel-bbg.com\/wp-content\/uploads\/2026\/01\/DRL-2017-Hyaluronic-Acid-Ultra-Hydrating-Skin-Care-Set-detail-10-768x1429.webp 768w, https:\/\/www.drrashel-bbg.com\/wp-content\/uploads\/2026\/01\/DRL-2017-Hyaluronic-Acid-Ultra-Hydrating-Skin-Care-Set-detail-10-6x12.webp 6w, https:\/\/www.drrashel-bbg.com\/wp-content\/uploads\/2026\/01\/DRL-2017-Hyaluronic-Acid-Ultra-Hydrating-Skin-Care-Set-detail-10-600x1116.webp 600w\" sizes=\"(max-width: 790px) 100vw, 790px\" \/> <img loading=\"lazy\" decoding=\"async\" class=\"alignnone size-full wp-image-5660\" src=\"https:\/\/www.drrashel-bbg.com\/wp-content\/uploads\/2026\/01\/DRL-2017-Hyaluronic-Acid-Ultra-Hydrating-Skin-Care-Set-detail-11.webp\" alt=\"\" width=\"790\" height=\"1312\" srcset=\"https:\/\/www.drrashel-bbg.com\/wp-content\/uploads\/2026\/01\/DRL-2017-Hyaluronic-Acid-Ultra-Hydrating-Skin-Care-Set-detail-11.webp 790w, https:\/\/www.drrashel-bbg.com\/wp-content\/uploads\/2026\/01\/DRL-2017-Hyaluronic-Acid-Ultra-Hydrating-Skin-Care-Set-detail-11-181x300.webp 181w, https:\/\/www.drrashel-bbg.com\/wp-content\/uploads\/2026\/01\/DRL-2017-Hyaluronic-Acid-Ultra-Hydrating-Skin-Care-Set-detail-11-617x1024.webp 617w, https:\/\/www.drrashel-bbg.com\/wp-content\/uploads\/2026\/01\/DRL-2017-Hyaluronic-Acid-Ultra-Hydrating-Skin-Care-Set-detail-11-768x1275.webp 768w, https:\/\/www.drrashel-bbg.com\/wp-content\/uploads\/2026\/01\/DRL-2017-Hyaluronic-Acid-Ultra-Hydrating-Skin-Care-Set-detail-11-7x12.webp 7w, https:\/\/www.drrashel-bbg.com\/wp-content\/uploads\/2026\/01\/DRL-2017-Hyaluronic-Acid-Ultra-Hydrating-Skin-Care-Set-detail-11-600x996.webp 600w\" sizes=\"(max-width: 790px) 100vw, 790px\" \/><\/p>\n<p><strong><b>Product Benefits:<\/b><\/strong><\/p>\n<div class=\"flex flex-col text-sm pb-25\">\n<article class=\"text-token-text-primary w-full focus:outline-none [--shadow-height:45px] has-data-writing-block:pointer-events-none has-data-writing-block:-mt-(--shadow-height) has-data-writing-block:pt-(--shadow-height) [&amp;:has([data-writing-block])&gt;*]:pointer-events-auto scroll-mt-[calc(var(--header-height)+min(200px,max(70px,20svh)))]\" dir=\"auto\" tabindex=\"-1\" data-turn-id=\"request-695b7c66-582c-8329-b283-55317d1aaf18-1\" data-testid=\"conversation-turn-10\" data-scroll-anchor=\"true\" data-turn=\"assistant\">\n<div class=\"text-base my-auto mx-auto pb-10 [--thread-content-margin:--spacing(4)] @w-sm\/main:[--thread-content-margin:--spacing(6)] @w-lg\/main:[--thread-content-margin:--spacing(16)] px-(--thread-content-margin)\">\n<div class=\"[--thread-content-max-width:40rem] @w-lg\/main:[--thread-content-max-width:48rem] mx-auto max-w-(--thread-content-max-width) flex-1 group\/turn-messages focus-visible:outline-hidden relative flex w-full min-w-0 flex-col agent-turn\" tabindex=\"-1\">\n<div class=\"flex max-w-full flex-col grow\">\n<div class=\"min-h-8 text-message relative flex w-full flex-col items-end gap-2 text-start break-words whitespace-normal [.text-message+&amp;]:mt-1\" dir=\"auto\" data-message-author-role=\"assistant\" data-message-id=\"046d3858-19f9-462b-8ebc-d98a9da114bb\" data-message-model-slug=\"gpt-5-2-thinking\">\n<div class=\"flex w-full flex-col gap-1 empty:hidden first:pt-[1px]\">\n<div class=\"markdown prose dark:prose-invert w-full break-words light markdown-new-styling\">\n<p data-start=\"69\" data-end=\"427\">This Hyaluronic Acid Ultra Hydrating Skin Care Set delivers deep, long-lasting hydration to dry and dehydrated skin. Infused with high-performance hyaluronic acid, it helps lock in moisture, improve skin elasticity, smooth fine lines and restore a soft, supple, radiant complexion. Each step in the set works together to nourish, moisturize and revitalize for healthy-looking, plump skin.<\/p>\n<\/div>\n<\/div>\n<\/div>\n<\/div>\n<\/div>\n<\/div>\n<\/article>\n<\/div>\n<p><strong><b>How to use:<\/b><\/strong><\/p>\n<p data-start=\"767\" data-end=\"855\"><strong data-start=\"767\" data-end=\"796\">Morning &amp; Evening\uff1a<\/strong><br data-start=\"796\" data-end=\"799\" \/>Cleanser \u2192 Toner \u2192 Serum \u2192 Eye Cream \u2192 Day\/Night Cream<\/p>\n<p><strong><b>Brand Introduction:<\/b><\/strong><\/p>\n<p>DR\u00b7RASHEL was founded in 1989 by Mr. BAKRI, a skin care master, with thirty years of product experience. Focused on health, Mr. BAKRI developed precise formulas for the natural ingredients to maximize skin health and vibrant radiance\uff0ca principle applied across the wide range of DR\u00b7RASHEL\u2019s skin care products.<\/p>\n<p>DR\u00b7RASHEL products are spread around the world and welcomed by customers in five continents, more specifically, in the Middle East, South America, and Europe.<\/p>\n<p>We export to over 100 countries, including UAE, Russia, America, Mexico, Australia\uff0cSaudi Arabia\uff0cBrazil, India and South Africa.<\/p>\n<p>We have ISO\uff0cGMPC American European Union International Authoritative Double Certification, Advanced R &amp; D testing equipment, thousands of mature formulas and high efficiency sales team and competitive price superiority. Our product categories are: skin care products, make-up products, wash and care products.<\/p>\n<p><strong><b>FAQ:<\/b><\/strong><\/p>\n<p data-start=\"808\" data-end=\"1125\"><strong data-start=\"808\" data-end=\"867\">Q1: What skin concerns does this hydrating set address?<\/strong><br data-start=\"867\" data-end=\"870\" \/>A: This set targets dryness, dehydration, dullness and loss of elasticity by delivering deep, long-lasting hydration with hyaluronic acid, helping to plump the skin, smooth fine lines and restore a radiant complexion.<\/p>\n<p data-start=\"1127\" data-end=\"1440\"><strong data-start=\"1127\" data-end=\"1183\">Q2: How often should I use the products in this set?<\/strong><br data-start=\"1183\" data-end=\"1186\" \/>A: For best results, use the products twice daily\u2014morning and evening\u2014as part of your regular skincare routine. The hyaluronic acid-infused formulas are gentle enough for everyday use and suitable for all skin types.<\/p>\n","protected":false},"excerpt":{"rendered":"<p>El Set de Cuidado de la Piel Ultra Hidratante de \u00c1cido Hialur\u00f3nico es una soluci\u00f3n completa de hidrataci\u00f3n de 7 piezas dise\u00f1ada para hidratar profundamente, nutrir y revitalizar la piel seca y deshidratada. Infundido con poderoso \u00e1cido hialur\u00f3nico en cada paso, este conjunto ayuda a restaurar el equilibrio de humedad, mejorar la elasticidad y suavizar las l\u00edneas finas para una piel suave, gruesa y radiante. Adecuado para uso diario y todos los tipos de piel, proporciona una hidrataci\u00f3n duradera que deja la piel refrescada y brillante.<\/p>\n<p><strong>N\u00famero de serie:<\/strong> DRL-2017<\/p>\n<p><strong>Tipo de piel aplicable:<\/strong> Adecuado para todos los tipos de piel;<\/p>\n<p><strong>Ingredientes principales:<\/strong>\u00c1cido hialur\u00f3nico, vitamina E, glicerina, pantenol (pro-vitamina B5)<\/p>\n<p><strong>7pcs \/ conjunto<\/strong><\/p>","protected":false},"featured_media":5644,"comment_status":"closed","ping_status":"closed","template":"","meta":[],"product_brand":[],"product_cat":[169,168],"product_tag":[],"class_list":{"0":"post-5643","1":"product","2":"type-product","3":"status-publish","4":"has-post-thumbnail","6":"product_cat-facial-care-sets","7":"product_cat-sets-kits","9":"first","10":"instock","11":"shipping-taxable","12":"product-type-simple"},"_links":{"self":[{"href":"https:\/\/www.drrashel-bbg.com\/es\/wp-json\/wp\/v2\/product\/5643","targetHints":{"allow":["GET"]}}],"collection":[{"href":"https:\/\/www.drrashel-bbg.com\/es\/wp-json\/wp\/v2\/product"}],"about":[{"href":"https:\/\/www.drrashel-bbg.com\/es\/wp-json\/wp\/v2\/types\/product"}],"replies":[{"embeddable":true,"href":"https:\/\/www.drrashel-bbg.com\/es\/wp-json\/wp\/v2\/comments?post=5643"}],"wp:featuredmedia":[{"embeddable":true,"href":"https:\/\/www.drrashel-bbg.com\/es\/wp-json\/wp\/v2\/media\/5644"}],"wp:attachment":[{"href":"https:\/\/www.drrashel-bbg.com\/es\/wp-json\/wp\/v2\/media?parent=5643"}],"wp:term":[{"taxonomy":"product_brand","embeddable":true,"href":"https:\/\/www.drrashel-bbg.com\/es\/wp-json\/wp\/v2\/product_brand?post=5643"},{"taxonomy":"product_cat","embeddable":true,"href":"https:\/\/www.drrashel-bbg.com\/es\/wp-json\/wp\/v2\/product_cat?post=5643"},{"taxonomy":"product_tag","embeddable":true,"href":"https:\/\/www.drrashel-bbg.com\/es\/wp-json\/wp\/v2\/product_tag?post=5643"}],"curies":[{"name":"wp","href":"https:\/\/api.w.org\/{rel}","templated":true}]}}