{"id":5719,"date":"2026-01-20T13:58:50","date_gmt":"2026-01-20T05:58:50","guid":{"rendered":"https:\/\/www.drrashel-bbg.com\/?post_type=product&#038;p=5719"},"modified":"2026-01-20T15:02:31","modified_gmt":"2026-01-20T07:02:31","slug":"vitamin-c-brightening-pad","status":"publish","type":"product","link":"https:\/\/www.drrashel-bbg.com\/es\/mask\/vitamin-c-brightening-pad\/","title":{"rendered":"Almohadilla de iluminaci\u00f3n de vitamina C"},"content":{"rendered":"<p><img fetchpriority=\"high\" decoding=\"async\" class=\"alignnone size-full wp-image-5727\" src=\"https:\/\/www.drrashel-bbg.com\/wp-content\/uploads\/2026\/01\/DRL-2021-Vitamin-C-Brightening-Pad-detail-1.webp\" alt=\"\" width=\"790\" height=\"1211\" srcset=\"https:\/\/www.drrashel-bbg.com\/wp-content\/uploads\/2026\/01\/DRL-2021-Vitamin-C-Brightening-Pad-detail-1.webp 790w, https:\/\/www.drrashel-bbg.com\/wp-content\/uploads\/2026\/01\/DRL-2021-Vitamin-C-Brightening-Pad-detail-1-196x300.webp 196w, https:\/\/www.drrashel-bbg.com\/wp-content\/uploads\/2026\/01\/DRL-2021-Vitamin-C-Brightening-Pad-detail-1-668x1024.webp 668w, https:\/\/www.drrashel-bbg.com\/wp-content\/uploads\/2026\/01\/DRL-2021-Vitamin-C-Brightening-Pad-detail-1-768x1177.webp 768w, https:\/\/www.drrashel-bbg.com\/wp-content\/uploads\/2026\/01\/DRL-2021-Vitamin-C-Brightening-Pad-detail-1-8x12.webp 8w, https:\/\/www.drrashel-bbg.com\/wp-content\/uploads\/2026\/01\/DRL-2021-Vitamin-C-Brightening-Pad-detail-1-600x920.webp 600w\" sizes=\"(max-width: 790px) 100vw, 790px\" \/> <img decoding=\"async\" class=\"alignnone size-full wp-image-5728\" src=\"https:\/\/www.drrashel-bbg.com\/wp-content\/uploads\/2026\/01\/DRL-2021-Vitamin-C-Brightening-Pad-detail-2.webp\" alt=\"\" width=\"790\" height=\"665\" srcset=\"https:\/\/www.drrashel-bbg.com\/wp-content\/uploads\/2026\/01\/DRL-2021-Vitamin-C-Brightening-Pad-detail-2.webp 790w, https:\/\/www.drrashel-bbg.com\/wp-content\/uploads\/2026\/01\/DRL-2021-Vitamin-C-Brightening-Pad-detail-2-300x253.webp 300w, https:\/\/www.drrashel-bbg.com\/wp-content\/uploads\/2026\/01\/DRL-2021-Vitamin-C-Brightening-Pad-detail-2-768x646.webp 768w, https:\/\/www.drrashel-bbg.com\/wp-content\/uploads\/2026\/01\/DRL-2021-Vitamin-C-Brightening-Pad-detail-2-14x12.webp 14w, https:\/\/www.drrashel-bbg.com\/wp-content\/uploads\/2026\/01\/DRL-2021-Vitamin-C-Brightening-Pad-detail-2-600x505.webp 600w\" sizes=\"(max-width: 790px) 100vw, 790px\" \/> <img decoding=\"async\" class=\"alignnone size-full wp-image-5729\" src=\"https:\/\/www.drrashel-bbg.com\/wp-content\/uploads\/2026\/01\/DRL-2021-Vitamin-C-Brightening-Pad-detail-3.webp\" alt=\"\" width=\"790\" height=\"1280\" srcset=\"https:\/\/www.drrashel-bbg.com\/wp-content\/uploads\/2026\/01\/DRL-2021-Vitamin-C-Brightening-Pad-detail-3.webp 790w, https:\/\/www.drrashel-bbg.com\/wp-content\/uploads\/2026\/01\/DRL-2021-Vitamin-C-Brightening-Pad-detail-3-185x300.webp 185w, https:\/\/www.drrashel-bbg.com\/wp-content\/uploads\/2026\/01\/DRL-2021-Vitamin-C-Brightening-Pad-detail-3-632x1024.webp 632w, https:\/\/www.drrashel-bbg.com\/wp-content\/uploads\/2026\/01\/DRL-2021-Vitamin-C-Brightening-Pad-detail-3-768x1244.webp 768w, https:\/\/www.drrashel-bbg.com\/wp-content\/uploads\/2026\/01\/DRL-2021-Vitamin-C-Brightening-Pad-detail-3-7x12.webp 7w, https:\/\/www.drrashel-bbg.com\/wp-content\/uploads\/2026\/01\/DRL-2021-Vitamin-C-Brightening-Pad-detail-3-600x972.webp 600w\" sizes=\"(max-width: 790px) 100vw, 790px\" \/> <img loading=\"lazy\" decoding=\"async\" class=\"alignnone size-full wp-image-5730\" src=\"https:\/\/www.drrashel-bbg.com\/wp-content\/uploads\/2026\/01\/DRL-2021-Vitamin-C-Brightening-Pad-detail-4.webp\" alt=\"\" width=\"790\" height=\"899\" srcset=\"https:\/\/www.drrashel-bbg.com\/wp-content\/uploads\/2026\/01\/DRL-2021-Vitamin-C-Brightening-Pad-detail-4.webp 790w, https:\/\/www.drrashel-bbg.com\/wp-content\/uploads\/2026\/01\/DRL-2021-Vitamin-C-Brightening-Pad-detail-4-264x300.webp 264w, https:\/\/www.drrashel-bbg.com\/wp-content\/uploads\/2026\/01\/DRL-2021-Vitamin-C-Brightening-Pad-detail-4-768x874.webp 768w, https:\/\/www.drrashel-bbg.com\/wp-content\/uploads\/2026\/01\/DRL-2021-Vitamin-C-Brightening-Pad-detail-4-11x12.webp 11w, https:\/\/www.drrashel-bbg.com\/wp-content\/uploads\/2026\/01\/DRL-2021-Vitamin-C-Brightening-Pad-detail-4-600x683.webp 600w\" sizes=\"(max-width: 790px) 100vw, 790px\" \/> <img loading=\"lazy\" decoding=\"async\" class=\"alignnone size-full wp-image-5731\" src=\"https:\/\/www.drrashel-bbg.com\/wp-content\/uploads\/2026\/01\/DRL-2021-Vitamin-C-Brightening-Pad-detail-5.webp\" alt=\"\" width=\"790\" height=\"1323\" srcset=\"https:\/\/www.drrashel-bbg.com\/wp-content\/uploads\/2026\/01\/DRL-2021-Vitamin-C-Brightening-Pad-detail-5.webp 790w, https:\/\/www.drrashel-bbg.com\/wp-content\/uploads\/2026\/01\/DRL-2021-Vitamin-C-Brightening-Pad-detail-5-179x300.webp 179w, https:\/\/www.drrashel-bbg.com\/wp-content\/uploads\/2026\/01\/DRL-2021-Vitamin-C-Brightening-Pad-detail-5-611x1024.webp 611w, https:\/\/www.drrashel-bbg.com\/wp-content\/uploads\/2026\/01\/DRL-2021-Vitamin-C-Brightening-Pad-detail-5-768x1286.webp 768w, https:\/\/www.drrashel-bbg.com\/wp-content\/uploads\/2026\/01\/DRL-2021-Vitamin-C-Brightening-Pad-detail-5-7x12.webp 7w, https:\/\/www.drrashel-bbg.com\/wp-content\/uploads\/2026\/01\/DRL-2021-Vitamin-C-Brightening-Pad-detail-5-600x1005.webp 600w\" sizes=\"(max-width: 790px) 100vw, 790px\" \/> <img loading=\"lazy\" decoding=\"async\" class=\"alignnone size-full wp-image-5732\" src=\"https:\/\/www.drrashel-bbg.com\/wp-content\/uploads\/2026\/01\/DRL-2021-Vitamin-C-Brightening-Pad-detail-6.webp\" alt=\"\" width=\"790\" height=\"1409\" srcset=\"https:\/\/www.drrashel-bbg.com\/wp-content\/uploads\/2026\/01\/DRL-2021-Vitamin-C-Brightening-Pad-detail-6.webp 790w, https:\/\/www.drrashel-bbg.com\/wp-content\/uploads\/2026\/01\/DRL-2021-Vitamin-C-Brightening-Pad-detail-6-168x300.webp 168w, https:\/\/www.drrashel-bbg.com\/wp-content\/uploads\/2026\/01\/DRL-2021-Vitamin-C-Brightening-Pad-detail-6-574x1024.webp 574w, https:\/\/www.drrashel-bbg.com\/wp-content\/uploads\/2026\/01\/DRL-2021-Vitamin-C-Brightening-Pad-detail-6-768x1370.webp 768w, https:\/\/www.drrashel-bbg.com\/wp-content\/uploads\/2026\/01\/DRL-2021-Vitamin-C-Brightening-Pad-detail-6-7x12.webp 7w, https:\/\/www.drrashel-bbg.com\/wp-content\/uploads\/2026\/01\/DRL-2021-Vitamin-C-Brightening-Pad-detail-6-600x1070.webp 600w\" sizes=\"(max-width: 790px) 100vw, 790px\" \/> <img loading=\"lazy\" decoding=\"async\" class=\"alignnone size-full wp-image-5733\" src=\"https:\/\/www.drrashel-bbg.com\/wp-content\/uploads\/2026\/01\/DRL-2021-Vitamin-C-Brightening-Pad-detail-7.webp\" alt=\"\" width=\"790\" height=\"1528\" srcset=\"https:\/\/www.drrashel-bbg.com\/wp-content\/uploads\/2026\/01\/DRL-2021-Vitamin-C-Brightening-Pad-detail-7.webp 790w, https:\/\/www.drrashel-bbg.com\/wp-content\/uploads\/2026\/01\/DRL-2021-Vitamin-C-Brightening-Pad-detail-7-155x300.webp 155w, https:\/\/www.drrashel-bbg.com\/wp-content\/uploads\/2026\/01\/DRL-2021-Vitamin-C-Brightening-Pad-detail-7-529x1024.webp 529w, https:\/\/www.drrashel-bbg.com\/wp-content\/uploads\/2026\/01\/DRL-2021-Vitamin-C-Brightening-Pad-detail-7-768x1485.webp 768w, https:\/\/www.drrashel-bbg.com\/wp-content\/uploads\/2026\/01\/DRL-2021-Vitamin-C-Brightening-Pad-detail-7-6x12.webp 6w, https:\/\/www.drrashel-bbg.com\/wp-content\/uploads\/2026\/01\/DRL-2021-Vitamin-C-Brightening-Pad-detail-7-600x1161.webp 600w\" sizes=\"(max-width: 790px) 100vw, 790px\" \/> <img loading=\"lazy\" decoding=\"async\" class=\"alignnone size-full wp-image-5734\" src=\"https:\/\/www.drrashel-bbg.com\/wp-content\/uploads\/2026\/01\/DRL-2021-Vitamin-C-Brightening-Pad-detail-8.webp\" alt=\"\" width=\"790\" height=\"630\" srcset=\"https:\/\/www.drrashel-bbg.com\/wp-content\/uploads\/2026\/01\/DRL-2021-Vitamin-C-Brightening-Pad-detail-8.webp 790w, https:\/\/www.drrashel-bbg.com\/wp-content\/uploads\/2026\/01\/DRL-2021-Vitamin-C-Brightening-Pad-detail-8-300x239.webp 300w, https:\/\/www.drrashel-bbg.com\/wp-content\/uploads\/2026\/01\/DRL-2021-Vitamin-C-Brightening-Pad-detail-8-768x612.webp 768w, https:\/\/www.drrashel-bbg.com\/wp-content\/uploads\/2026\/01\/DRL-2021-Vitamin-C-Brightening-Pad-detail-8-15x12.webp 15w, https:\/\/www.drrashel-bbg.com\/wp-content\/uploads\/2026\/01\/DRL-2021-Vitamin-C-Brightening-Pad-detail-8-600x478.webp 600w\" sizes=\"(max-width: 790px) 100vw, 790px\" \/> <img loading=\"lazy\" decoding=\"async\" class=\"alignnone size-full wp-image-5735\" src=\"https:\/\/www.drrashel-bbg.com\/wp-content\/uploads\/2026\/01\/DRL-2021-Vitamin-C-Brightening-Pad-detail-9.webp\" alt=\"\" width=\"790\" height=\"1096\" srcset=\"https:\/\/www.drrashel-bbg.com\/wp-content\/uploads\/2026\/01\/DRL-2021-Vitamin-C-Brightening-Pad-detail-9.webp 790w, https:\/\/www.drrashel-bbg.com\/wp-content\/uploads\/2026\/01\/DRL-2021-Vitamin-C-Brightening-Pad-detail-9-216x300.webp 216w, https:\/\/www.drrashel-bbg.com\/wp-content\/uploads\/2026\/01\/DRL-2021-Vitamin-C-Brightening-Pad-detail-9-738x1024.webp 738w, https:\/\/www.drrashel-bbg.com\/wp-content\/uploads\/2026\/01\/DRL-2021-Vitamin-C-Brightening-Pad-detail-9-768x1065.webp 768w, https:\/\/www.drrashel-bbg.com\/wp-content\/uploads\/2026\/01\/DRL-2021-Vitamin-C-Brightening-Pad-detail-9-9x12.webp 9w, https:\/\/www.drrashel-bbg.com\/wp-content\/uploads\/2026\/01\/DRL-2021-Vitamin-C-Brightening-Pad-detail-9-600x832.webp 600w\" sizes=\"(max-width: 790px) 100vw, 790px\" \/> <img loading=\"lazy\" decoding=\"async\" class=\"alignnone size-full wp-image-5736\" src=\"https:\/\/www.drrashel-bbg.com\/wp-content\/uploads\/2026\/01\/DRL-2021-Vitamin-C-Brightening-Pad-detail-10.webp\" alt=\"\" width=\"790\" height=\"1428\" srcset=\"https:\/\/www.drrashel-bbg.com\/wp-content\/uploads\/2026\/01\/DRL-2021-Vitamin-C-Brightening-Pad-detail-10.webp 790w, https:\/\/www.drrashel-bbg.com\/wp-content\/uploads\/2026\/01\/DRL-2021-Vitamin-C-Brightening-Pad-detail-10-166x300.webp 166w, https:\/\/www.drrashel-bbg.com\/wp-content\/uploads\/2026\/01\/DRL-2021-Vitamin-C-Brightening-Pad-detail-10-566x1024.webp 566w, https:\/\/www.drrashel-bbg.com\/wp-content\/uploads\/2026\/01\/DRL-2021-Vitamin-C-Brightening-Pad-detail-10-768x1388.webp 768w, https:\/\/www.drrashel-bbg.com\/wp-content\/uploads\/2026\/01\/DRL-2021-Vitamin-C-Brightening-Pad-detail-10-7x12.webp 7w, https:\/\/www.drrashel-bbg.com\/wp-content\/uploads\/2026\/01\/DRL-2021-Vitamin-C-Brightening-Pad-detail-10-600x1085.webp 600w\" sizes=\"(max-width: 790px) 100vw, 790px\" \/> <img loading=\"lazy\" decoding=\"async\" class=\"alignnone size-full wp-image-5737\" src=\"https:\/\/www.drrashel-bbg.com\/wp-content\/uploads\/2026\/01\/DRL-2021-Vitamin-C-Brightening-Pad-detail-11.webp\" alt=\"\" width=\"790\" height=\"1321\" srcset=\"https:\/\/www.drrashel-bbg.com\/wp-content\/uploads\/2026\/01\/DRL-2021-Vitamin-C-Brightening-Pad-detail-11.webp 790w, https:\/\/www.drrashel-bbg.com\/wp-content\/uploads\/2026\/01\/DRL-2021-Vitamin-C-Brightening-Pad-detail-11-179x300.webp 179w, https:\/\/www.drrashel-bbg.com\/wp-content\/uploads\/2026\/01\/DRL-2021-Vitamin-C-Brightening-Pad-detail-11-612x1024.webp 612w, https:\/\/www.drrashel-bbg.com\/wp-content\/uploads\/2026\/01\/DRL-2021-Vitamin-C-Brightening-Pad-detail-11-768x1284.webp 768w, https:\/\/www.drrashel-bbg.com\/wp-content\/uploads\/2026\/01\/DRL-2021-Vitamin-C-Brightening-Pad-detail-11-7x12.webp 7w, https:\/\/www.drrashel-bbg.com\/wp-content\/uploads\/2026\/01\/DRL-2021-Vitamin-C-Brightening-Pad-detail-11-600x1003.webp 600w\" sizes=\"(max-width: 790px) 100vw, 790px\" \/><\/p>\n<p><strong><b>Product Benefits:<\/b><\/strong><\/p>\n<div class=\"flex flex-col text-sm pb-25\">\n<article class=\"text-token-text-primary w-full focus:outline-none [--shadow-height:45px] has-data-writing-block:pointer-events-none has-data-writing-block:-mt-(--shadow-height) has-data-writing-block:pt-(--shadow-height) [&amp;:has([data-writing-block])&gt;*]:pointer-events-auto scroll-mt-[calc(var(--header-height)+min(200px,max(70px,20svh)))]\" dir=\"auto\" tabindex=\"-1\" data-turn-id=\"request-695b7c66-582c-8329-b283-55317d1aaf18-1\" data-testid=\"conversation-turn-10\" data-scroll-anchor=\"true\" data-turn=\"assistant\">\n<div class=\"text-base my-auto mx-auto pb-10 [--thread-content-margin:--spacing(4)] @w-sm\/main:[--thread-content-margin:--spacing(6)] @w-lg\/main:[--thread-content-margin:--spacing(16)] px-(--thread-content-margin)\">\n<div class=\"[--thread-content-max-width:40rem] @w-lg\/main:[--thread-content-max-width:48rem] mx-auto max-w-(--thread-content-max-width) flex-1 group\/turn-messages focus-visible:outline-hidden relative flex w-full min-w-0 flex-col agent-turn\" tabindex=\"-1\">\n<div class=\"flex max-w-full flex-col grow\">\n<div class=\"min-h-8 text-message relative flex w-full flex-col items-end gap-2 text-start break-words whitespace-normal [.text-message+&amp;]:mt-1\" dir=\"auto\" data-message-author-role=\"assistant\" data-message-id=\"046d3858-19f9-462b-8ebc-d98a9da114bb\" data-message-model-slug=\"gpt-5-2-thinking\">\n<div class=\"flex w-full flex-col gap-1 empty:hidden first:pt-[1px]\">\n<div class=\"markdown prose dark:prose-invert w-full break-words light markdown-new-styling\">\n<p data-start=\"0\" data-end=\"129\" data-is-last-node=\"\" data-is-only-node=\"\">This brightening pad helps instantly enhance radiance, combat dull and uneven skin tone, reduce the appearance of dark spots and fine lines, and deeply hydrate and revitalize the skin for a healthy, glowing look. Suitable for use as part of your daily skincare routine or whenever your complexion needs a quick boost.<\/p>\n<\/div>\n<\/div>\n<\/div>\n<\/div>\n<\/div>\n<\/div>\n<\/article>\n<\/div>\n<p><strong><b>How to use:<\/b><\/strong><\/p>\n<p>Swipe the pad gently over clean, dry skin, avoiding the eye area. Use daily in the morning and evening after cleansing to help tone, brighten and prep the skin for serums and moisturizers.<\/p>\n<p><strong><b>Brand Introduction:<\/b><\/strong><\/p>\n<p>DR\u00b7RASHEL was founded in 1989 by Mr. BAKRI, a skin care master, with thirty years of product experience. Focused on health, Mr. BAKRI developed precise formulas for the natural ingredients to maximize skin health and vibrant radiance\uff0ca principle applied across the wide range of DR\u00b7RASHEL\u2019s skin care products.<\/p>\n<p>DR\u00b7RASHEL products are spread around the world and welcomed by customers in five continents, more specifically, in the Middle East, South America, and Europe.<\/p>\n<p>We export to over 100 countries, including UAE, Russia, America, Mexico, Australia\uff0cSaudi Arabia\uff0cBrazil, India and South Africa.<\/p>\n<p>We have ISO\uff0cGMPC American European Union International Authoritative Double Certification, Advanced R &amp; D testing equipment, thousands of mature formulas and high efficiency sales team and competitive price superiority. Our product categories are: skin care products, make-up products, wash and care products.<\/p>\n<p>&nbsp;<\/p>\n<p><strong><b>FAQ:<\/b><\/strong><\/p>\n<p><strong data-start=\"1795\" data-end=\"1848\">Q1: What skin types can use this brightening pad?<\/strong><br data-start=\"1848\" data-end=\"1851\" \/><strong data-start=\"1851\" data-end=\"1857\">A:<\/strong> This Vitamin C Brightening Pad is suitable for all skin types, including normal, dry, oily and combination skin. Sensitive skin users should patch test before full use.<\/p>\n<p><strong data-start=\"2186\" data-end=\"2228\">Q2: How often should I use these pads?<\/strong><br data-start=\"2228\" data-end=\"2231\" \/><strong data-start=\"2231\" data-end=\"2237\">A:<\/strong> For best results, use the Vitamin C Brightening Pad daily \u2014 morning and evening \u2014 after cleansing and before your serum and moisturizer.<\/p>\n","protected":false},"excerpt":{"rendered":"<p>La Vitamina C Brightening Pad es una almohadilla de cuidado de la piel lista para usar infundida con vitamina C estabilizada y activos brillantes para refrescar instant\u00e1neamente la piel aburrida y cansada. Dise\u00f1ado para ayudar a equilibrar el tono de la piel y mejorar el resplandor, funciona como un tratamiento r\u00e1pido en casa para hidratar, suavizar y rejuvenecer la piel con cada uso.<\/p>\n<p><strong>N\u00famero de serie:<\/strong> DRL-2021<\/p>\n<p><strong>Tipo de piel aplicable:<\/strong> Adecuado para todos los tipos de piel;<\/p>\n<p><strong>Ingredientes principales:<\/strong> Vitamina C (\u00e1cido asc\u00f3rbico \/ forma estabilizada), Niacinamida, \u00e1cido hialur\u00f3nico, glicerina<\/p>\n<p><strong>Contenido neto: <\/strong>60 piezas<\/p>","protected":false},"featured_media":5720,"comment_status":"closed","ping_status":"closed","template":"","meta":[],"product_brand":[],"product_cat":[15,120],"product_tag":[],"class_list":{"0":"post-5719","1":"product","2":"type-product","3":"status-publish","4":"has-post-thumbnail","6":"product_cat-face-care","7":"product_cat-mask","9":"first","10":"instock","11":"shipping-taxable","12":"product-type-simple"},"_links":{"self":[{"href":"https:\/\/www.drrashel-bbg.com\/es\/wp-json\/wp\/v2\/product\/5719","targetHints":{"allow":["GET"]}}],"collection":[{"href":"https:\/\/www.drrashel-bbg.com\/es\/wp-json\/wp\/v2\/product"}],"about":[{"href":"https:\/\/www.drrashel-bbg.com\/es\/wp-json\/wp\/v2\/types\/product"}],"replies":[{"embeddable":true,"href":"https:\/\/www.drrashel-bbg.com\/es\/wp-json\/wp\/v2\/comments?post=5719"}],"wp:featuredmedia":[{"embeddable":true,"href":"https:\/\/www.drrashel-bbg.com\/es\/wp-json\/wp\/v2\/media\/5720"}],"wp:attachment":[{"href":"https:\/\/www.drrashel-bbg.com\/es\/wp-json\/wp\/v2\/media?parent=5719"}],"wp:term":[{"taxonomy":"product_brand","embeddable":true,"href":"https:\/\/www.drrashel-bbg.com\/es\/wp-json\/wp\/v2\/product_brand?post=5719"},{"taxonomy":"product_cat","embeddable":true,"href":"https:\/\/www.drrashel-bbg.com\/es\/wp-json\/wp\/v2\/product_cat?post=5719"},{"taxonomy":"product_tag","embeddable":true,"href":"https:\/\/www.drrashel-bbg.com\/es\/wp-json\/wp\/v2\/product_tag?post=5719"}],"curies":[{"name":"wp","href":"https:\/\/api.w.org\/{rel}","templated":true}]}}