{"id":5738,"date":"2026-01-20T14:39:48","date_gmt":"2026-01-20T06:39:48","guid":{"rendered":"https:\/\/www.drrashel-bbg.com\/?post_type=product&#038;p=5738"},"modified":"2026-01-20T14:51:18","modified_gmt":"2026-01-20T06:51:18","slug":"centella-asiatica-repairing-pad","status":"publish","type":"product","link":"https:\/\/www.drrashel-bbg.com\/es\/mask\/centella-asiatica-repairing-pad\/","title":{"rendered":"Cojineta de reparaci\u00f3n Centella Asiatica"},"content":{"rendered":"<p><img fetchpriority=\"high\" decoding=\"async\" class=\"alignnone size-full wp-image-5746\" src=\"https:\/\/www.drrashel-bbg.com\/wp-content\/uploads\/2026\/01\/DRL-2022-Centella-Asiatica-Repairing-Pad-detail-1.webp\" alt=\"\" width=\"790\" height=\"1205\" srcset=\"https:\/\/www.drrashel-bbg.com\/wp-content\/uploads\/2026\/01\/DRL-2022-Centella-Asiatica-Repairing-Pad-detail-1.webp 790w, https:\/\/www.drrashel-bbg.com\/wp-content\/uploads\/2026\/01\/DRL-2022-Centella-Asiatica-Repairing-Pad-detail-1-197x300.webp 197w, https:\/\/www.drrashel-bbg.com\/wp-content\/uploads\/2026\/01\/DRL-2022-Centella-Asiatica-Repairing-Pad-detail-1-671x1024.webp 671w, https:\/\/www.drrashel-bbg.com\/wp-content\/uploads\/2026\/01\/DRL-2022-Centella-Asiatica-Repairing-Pad-detail-1-768x1171.webp 768w, https:\/\/www.drrashel-bbg.com\/wp-content\/uploads\/2026\/01\/DRL-2022-Centella-Asiatica-Repairing-Pad-detail-1-8x12.webp 8w, https:\/\/www.drrashel-bbg.com\/wp-content\/uploads\/2026\/01\/DRL-2022-Centella-Asiatica-Repairing-Pad-detail-1-600x915.webp 600w\" sizes=\"(max-width: 790px) 100vw, 790px\" \/> <img decoding=\"async\" class=\"alignnone size-full wp-image-5747\" src=\"https:\/\/www.drrashel-bbg.com\/wp-content\/uploads\/2026\/01\/DRL-2022-Centella-Asiatica-Repairing-Pad-detail-2.webp\" alt=\"\" width=\"790\" height=\"671\" srcset=\"https:\/\/www.drrashel-bbg.com\/wp-content\/uploads\/2026\/01\/DRL-2022-Centella-Asiatica-Repairing-Pad-detail-2.webp 790w, https:\/\/www.drrashel-bbg.com\/wp-content\/uploads\/2026\/01\/DRL-2022-Centella-Asiatica-Repairing-Pad-detail-2-300x255.webp 300w, https:\/\/www.drrashel-bbg.com\/wp-content\/uploads\/2026\/01\/DRL-2022-Centella-Asiatica-Repairing-Pad-detail-2-768x652.webp 768w, https:\/\/www.drrashel-bbg.com\/wp-content\/uploads\/2026\/01\/DRL-2022-Centella-Asiatica-Repairing-Pad-detail-2-14x12.webp 14w, https:\/\/www.drrashel-bbg.com\/wp-content\/uploads\/2026\/01\/DRL-2022-Centella-Asiatica-Repairing-Pad-detail-2-600x510.webp 600w\" sizes=\"(max-width: 790px) 100vw, 790px\" \/> <img decoding=\"async\" class=\"alignnone size-full wp-image-5748\" src=\"https:\/\/www.drrashel-bbg.com\/wp-content\/uploads\/2026\/01\/DRL-2022-Centella-Asiatica-Repairing-Pad-detail-3.webp\" alt=\"\" width=\"790\" height=\"1280\" srcset=\"https:\/\/www.drrashel-bbg.com\/wp-content\/uploads\/2026\/01\/DRL-2022-Centella-Asiatica-Repairing-Pad-detail-3.webp 790w, https:\/\/www.drrashel-bbg.com\/wp-content\/uploads\/2026\/01\/DRL-2022-Centella-Asiatica-Repairing-Pad-detail-3-185x300.webp 185w, https:\/\/www.drrashel-bbg.com\/wp-content\/uploads\/2026\/01\/DRL-2022-Centella-Asiatica-Repairing-Pad-detail-3-632x1024.webp 632w, https:\/\/www.drrashel-bbg.com\/wp-content\/uploads\/2026\/01\/DRL-2022-Centella-Asiatica-Repairing-Pad-detail-3-768x1244.webp 768w, https:\/\/www.drrashel-bbg.com\/wp-content\/uploads\/2026\/01\/DRL-2022-Centella-Asiatica-Repairing-Pad-detail-3-7x12.webp 7w, https:\/\/www.drrashel-bbg.com\/wp-content\/uploads\/2026\/01\/DRL-2022-Centella-Asiatica-Repairing-Pad-detail-3-600x972.webp 600w\" sizes=\"(max-width: 790px) 100vw, 790px\" \/> <img loading=\"lazy\" decoding=\"async\" class=\"alignnone size-full wp-image-5749\" src=\"https:\/\/www.drrashel-bbg.com\/wp-content\/uploads\/2026\/01\/DRL-2022-Centella-Asiatica-Repairing-Pad-detail-4.webp\" alt=\"\" width=\"790\" height=\"899\" srcset=\"https:\/\/www.drrashel-bbg.com\/wp-content\/uploads\/2026\/01\/DRL-2022-Centella-Asiatica-Repairing-Pad-detail-4.webp 790w, https:\/\/www.drrashel-bbg.com\/wp-content\/uploads\/2026\/01\/DRL-2022-Centella-Asiatica-Repairing-Pad-detail-4-264x300.webp 264w, https:\/\/www.drrashel-bbg.com\/wp-content\/uploads\/2026\/01\/DRL-2022-Centella-Asiatica-Repairing-Pad-detail-4-768x874.webp 768w, https:\/\/www.drrashel-bbg.com\/wp-content\/uploads\/2026\/01\/DRL-2022-Centella-Asiatica-Repairing-Pad-detail-4-11x12.webp 11w, https:\/\/www.drrashel-bbg.com\/wp-content\/uploads\/2026\/01\/DRL-2022-Centella-Asiatica-Repairing-Pad-detail-4-600x683.webp 600w\" sizes=\"(max-width: 790px) 100vw, 790px\" \/> <img loading=\"lazy\" decoding=\"async\" class=\"alignnone size-full wp-image-5750\" src=\"https:\/\/www.drrashel-bbg.com\/wp-content\/uploads\/2026\/01\/DRL-2022-Centella-Asiatica-Repairing-Pad-detail-5.webp\" alt=\"\" width=\"790\" height=\"1323\" srcset=\"https:\/\/www.drrashel-bbg.com\/wp-content\/uploads\/2026\/01\/DRL-2022-Centella-Asiatica-Repairing-Pad-detail-5.webp 790w, https:\/\/www.drrashel-bbg.com\/wp-content\/uploads\/2026\/01\/DRL-2022-Centella-Asiatica-Repairing-Pad-detail-5-179x300.webp 179w, https:\/\/www.drrashel-bbg.com\/wp-content\/uploads\/2026\/01\/DRL-2022-Centella-Asiatica-Repairing-Pad-detail-5-611x1024.webp 611w, https:\/\/www.drrashel-bbg.com\/wp-content\/uploads\/2026\/01\/DRL-2022-Centella-Asiatica-Repairing-Pad-detail-5-768x1286.webp 768w, https:\/\/www.drrashel-bbg.com\/wp-content\/uploads\/2026\/01\/DRL-2022-Centella-Asiatica-Repairing-Pad-detail-5-7x12.webp 7w, https:\/\/www.drrashel-bbg.com\/wp-content\/uploads\/2026\/01\/DRL-2022-Centella-Asiatica-Repairing-Pad-detail-5-600x1005.webp 600w\" sizes=\"(max-width: 790px) 100vw, 790px\" \/> <img loading=\"lazy\" decoding=\"async\" class=\"alignnone size-full wp-image-5751\" src=\"https:\/\/www.drrashel-bbg.com\/wp-content\/uploads\/2026\/01\/DRL-2022-Centella-Asiatica-Repairing-Pad-detail-6.webp\" alt=\"\" width=\"790\" height=\"1374\" srcset=\"https:\/\/www.drrashel-bbg.com\/wp-content\/uploads\/2026\/01\/DRL-2022-Centella-Asiatica-Repairing-Pad-detail-6.webp 790w, https:\/\/www.drrashel-bbg.com\/wp-content\/uploads\/2026\/01\/DRL-2022-Centella-Asiatica-Repairing-Pad-detail-6-172x300.webp 172w, https:\/\/www.drrashel-bbg.com\/wp-content\/uploads\/2026\/01\/DRL-2022-Centella-Asiatica-Repairing-Pad-detail-6-589x1024.webp 589w, https:\/\/www.drrashel-bbg.com\/wp-content\/uploads\/2026\/01\/DRL-2022-Centella-Asiatica-Repairing-Pad-detail-6-768x1336.webp 768w, https:\/\/www.drrashel-bbg.com\/wp-content\/uploads\/2026\/01\/DRL-2022-Centella-Asiatica-Repairing-Pad-detail-6-7x12.webp 7w, https:\/\/www.drrashel-bbg.com\/wp-content\/uploads\/2026\/01\/DRL-2022-Centella-Asiatica-Repairing-Pad-detail-6-600x1044.webp 600w\" sizes=\"(max-width: 790px) 100vw, 790px\" \/> <img loading=\"lazy\" decoding=\"async\" class=\"alignnone size-full wp-image-5752\" src=\"https:\/\/www.drrashel-bbg.com\/wp-content\/uploads\/2026\/01\/DRL-2022-Centella-Asiatica-Repairing-Pad-detail-7.webp\" alt=\"\" width=\"790\" height=\"1470\" srcset=\"https:\/\/www.drrashel-bbg.com\/wp-content\/uploads\/2026\/01\/DRL-2022-Centella-Asiatica-Repairing-Pad-detail-7.webp 790w, https:\/\/www.drrashel-bbg.com\/wp-content\/uploads\/2026\/01\/DRL-2022-Centella-Asiatica-Repairing-Pad-detail-7-161x300.webp 161w, https:\/\/www.drrashel-bbg.com\/wp-content\/uploads\/2026\/01\/DRL-2022-Centella-Asiatica-Repairing-Pad-detail-7-550x1024.webp 550w, https:\/\/www.drrashel-bbg.com\/wp-content\/uploads\/2026\/01\/DRL-2022-Centella-Asiatica-Repairing-Pad-detail-7-768x1429.webp 768w, https:\/\/www.drrashel-bbg.com\/wp-content\/uploads\/2026\/01\/DRL-2022-Centella-Asiatica-Repairing-Pad-detail-7-6x12.webp 6w, https:\/\/www.drrashel-bbg.com\/wp-content\/uploads\/2026\/01\/DRL-2022-Centella-Asiatica-Repairing-Pad-detail-7-600x1116.webp 600w\" sizes=\"(max-width: 790px) 100vw, 790px\" \/> <img loading=\"lazy\" decoding=\"async\" class=\"alignnone size-full wp-image-5753\" src=\"https:\/\/www.drrashel-bbg.com\/wp-content\/uploads\/2026\/01\/DRL-2022-Centella-Asiatica-Repairing-Pad-detail-8.webp\" alt=\"\" width=\"790\" height=\"653\" srcset=\"https:\/\/www.drrashel-bbg.com\/wp-content\/uploads\/2026\/01\/DRL-2022-Centella-Asiatica-Repairing-Pad-detail-8.webp 790w, https:\/\/www.drrashel-bbg.com\/wp-content\/uploads\/2026\/01\/DRL-2022-Centella-Asiatica-Repairing-Pad-detail-8-300x248.webp 300w, https:\/\/www.drrashel-bbg.com\/wp-content\/uploads\/2026\/01\/DRL-2022-Centella-Asiatica-Repairing-Pad-detail-8-768x635.webp 768w, https:\/\/www.drrashel-bbg.com\/wp-content\/uploads\/2026\/01\/DRL-2022-Centella-Asiatica-Repairing-Pad-detail-8-15x12.webp 15w, https:\/\/www.drrashel-bbg.com\/wp-content\/uploads\/2026\/01\/DRL-2022-Centella-Asiatica-Repairing-Pad-detail-8-600x496.webp 600w\" sizes=\"(max-width: 790px) 100vw, 790px\" \/> <img loading=\"lazy\" decoding=\"async\" class=\"alignnone size-full wp-image-5754\" src=\"https:\/\/www.drrashel-bbg.com\/wp-content\/uploads\/2026\/01\/DRL-2022-Centella-Asiatica-Repairing-Pad-detail-9.webp\" alt=\"\" width=\"790\" height=\"1094\" srcset=\"https:\/\/www.drrashel-bbg.com\/wp-content\/uploads\/2026\/01\/DRL-2022-Centella-Asiatica-Repairing-Pad-detail-9.webp 790w, https:\/\/www.drrashel-bbg.com\/wp-content\/uploads\/2026\/01\/DRL-2022-Centella-Asiatica-Repairing-Pad-detail-9-217x300.webp 217w, https:\/\/www.drrashel-bbg.com\/wp-content\/uploads\/2026\/01\/DRL-2022-Centella-Asiatica-Repairing-Pad-detail-9-739x1024.webp 739w, https:\/\/www.drrashel-bbg.com\/wp-content\/uploads\/2026\/01\/DRL-2022-Centella-Asiatica-Repairing-Pad-detail-9-768x1064.webp 768w, https:\/\/www.drrashel-bbg.com\/wp-content\/uploads\/2026\/01\/DRL-2022-Centella-Asiatica-Repairing-Pad-detail-9-9x12.webp 9w, https:\/\/www.drrashel-bbg.com\/wp-content\/uploads\/2026\/01\/DRL-2022-Centella-Asiatica-Repairing-Pad-detail-9-600x831.webp 600w\" sizes=\"(max-width: 790px) 100vw, 790px\" \/> <img loading=\"lazy\" decoding=\"async\" class=\"alignnone size-full wp-image-5755\" src=\"https:\/\/www.drrashel-bbg.com\/wp-content\/uploads\/2026\/01\/DRL-2022-Centella-Asiatica-Repairing-Pad-detail-10.webp\" alt=\"\" width=\"790\" height=\"1500\" srcset=\"https:\/\/www.drrashel-bbg.com\/wp-content\/uploads\/2026\/01\/DRL-2022-Centella-Asiatica-Repairing-Pad-detail-10.webp 790w, https:\/\/www.drrashel-bbg.com\/wp-content\/uploads\/2026\/01\/DRL-2022-Centella-Asiatica-Repairing-Pad-detail-10-158x300.webp 158w, https:\/\/www.drrashel-bbg.com\/wp-content\/uploads\/2026\/01\/DRL-2022-Centella-Asiatica-Repairing-Pad-detail-10-539x1024.webp 539w, https:\/\/www.drrashel-bbg.com\/wp-content\/uploads\/2026\/01\/DRL-2022-Centella-Asiatica-Repairing-Pad-detail-10-768x1458.webp 768w, https:\/\/www.drrashel-bbg.com\/wp-content\/uploads\/2026\/01\/DRL-2022-Centella-Asiatica-Repairing-Pad-detail-10-6x12.webp 6w, https:\/\/www.drrashel-bbg.com\/wp-content\/uploads\/2026\/01\/DRL-2022-Centella-Asiatica-Repairing-Pad-detail-10-600x1139.webp 600w\" sizes=\"(max-width: 790px) 100vw, 790px\" \/> <img loading=\"lazy\" decoding=\"async\" class=\"alignnone size-full wp-image-5756\" src=\"https:\/\/www.drrashel-bbg.com\/wp-content\/uploads\/2026\/01\/DRL-2022-Centella-Asiatica-Repairing-Pad-detail-11.webp\" alt=\"\" width=\"790\" height=\"1241\" srcset=\"https:\/\/www.drrashel-bbg.com\/wp-content\/uploads\/2026\/01\/DRL-2022-Centella-Asiatica-Repairing-Pad-detail-11.webp 790w, https:\/\/www.drrashel-bbg.com\/wp-content\/uploads\/2026\/01\/DRL-2022-Centella-Asiatica-Repairing-Pad-detail-11-191x300.webp 191w, https:\/\/www.drrashel-bbg.com\/wp-content\/uploads\/2026\/01\/DRL-2022-Centella-Asiatica-Repairing-Pad-detail-11-652x1024.webp 652w, https:\/\/www.drrashel-bbg.com\/wp-content\/uploads\/2026\/01\/DRL-2022-Centella-Asiatica-Repairing-Pad-detail-11-768x1206.webp 768w, https:\/\/www.drrashel-bbg.com\/wp-content\/uploads\/2026\/01\/DRL-2022-Centella-Asiatica-Repairing-Pad-detail-11-8x12.webp 8w, https:\/\/www.drrashel-bbg.com\/wp-content\/uploads\/2026\/01\/DRL-2022-Centella-Asiatica-Repairing-Pad-detail-11-600x943.webp 600w\" sizes=\"(max-width: 790px) 100vw, 790px\" \/><\/p>\n<p>&nbsp;<\/p>\n<p><strong><b>Product Benefits:<\/b><\/strong><\/p>\n<div class=\"flex flex-col text-sm pb-25\">\n<article class=\"text-token-text-primary w-full focus:outline-none [--shadow-height:45px] has-data-writing-block:pointer-events-none has-data-writing-block:-mt-(--shadow-height) has-data-writing-block:pt-(--shadow-height) [&amp;:has([data-writing-block])&gt;*]:pointer-events-auto scroll-mt-[calc(var(--header-height)+min(200px,max(70px,20svh)))]\" dir=\"auto\" tabindex=\"-1\" data-turn-id=\"request-695b7c66-582c-8329-b283-55317d1aaf18-1\" data-testid=\"conversation-turn-10\" data-scroll-anchor=\"true\" data-turn=\"assistant\">\n<div class=\"text-base my-auto mx-auto pb-10 [--thread-content-margin:--spacing(4)] @w-sm\/main:[--thread-content-margin:--spacing(6)] @w-lg\/main:[--thread-content-margin:--spacing(16)] px-(--thread-content-margin)\">\n<div class=\"[--thread-content-max-width:40rem] @w-lg\/main:[--thread-content-max-width:48rem] mx-auto max-w-(--thread-content-max-width) flex-1 group\/turn-messages focus-visible:outline-hidden relative flex w-full min-w-0 flex-col agent-turn\" tabindex=\"-1\">\n<div class=\"flex max-w-full flex-col grow\">\n<div class=\"min-h-8 text-message relative flex w-full flex-col items-end gap-2 text-start break-words whitespace-normal [.text-message+&amp;]:mt-1\" dir=\"auto\" data-message-author-role=\"assistant\" data-message-id=\"046d3858-19f9-462b-8ebc-d98a9da114bb\" data-message-model-slug=\"gpt-5-2-thinking\">\n<div class=\"flex w-full flex-col gap-1 empty:hidden first:pt-[1px]\">\n<div class=\"markdown prose dark:prose-invert w-full break-words light markdown-new-styling\">\n<p data-start=\"0\" data-end=\"129\" data-is-last-node=\"\" data-is-only-node=\"\">This repairing pad helps soothe irritation and redness, strengthen the skin\u2019s natural barrier, support skin repair and improve uneven skin tone while delivering refreshing hydration for a comfortable, balanced and healthier-looking complexion. Ideal for sensitive, reactive or blemish-prone skin.<\/p>\n<\/div>\n<\/div>\n<\/div>\n<\/div>\n<\/div>\n<\/div>\n<\/article>\n<\/div>\n<p><strong><b>How to use:<\/b><\/strong><\/p>\n<p>Swipe the pad gently over clean, dry skin, avoiding the eye area. Use daily in the morning and evening after cleansing to help tone, brighten and prep the skin for serums and moisturizers.<\/p>\n<p><strong><b>Brand Introduction:<\/b><\/strong><\/p>\n<p>DR\u00b7RASHEL was founded in 1989 by Mr. BAKRI, a skin care master, with thirty years of product experience. Focused on health, Mr. BAKRI developed precise formulas for the natural ingredients to maximize skin health and vibrant radiance\uff0ca principle applied across the wide range of DR\u00b7RASHEL\u2019s skin care products.<\/p>\n<p>DR\u00b7RASHEL products are spread around the world and welcomed by customers in five continents, more specifically, in the Middle East, South America, and Europe.<\/p>\n<p>We export to over 100 countries, including UAE, Russia, America, Mexico, Australia\uff0cSaudi Arabia\uff0cBrazil, India and South Africa.<\/p>\n<p>We have ISO\uff0cGMPC American European Union International Authoritative Double Certification, Advanced R &amp; D testing equipment, thousands of mature formulas and high efficiency sales team and competitive price superiority. Our product categories are: skin care products, make-up products, wash and care products.<\/p>\n<p>&nbsp;<\/p>\n<p><strong><b>FAQ:<\/b><\/strong><\/p>\n<p><strong data-start=\"2038\" data-end=\"2086\">Q1: Is this pad suitable for sensitive skin?<\/strong><br data-start=\"2086\" data-end=\"2089\" \/><strong data-start=\"2089\" data-end=\"2095\">A:<\/strong> Yes. Formulated with calming Centella Asiatica and soothing botanicals, this pad is ideal for sensitive, reactive, or blemish-prone skin. Perform a patch test if you have very sensitive skin.<\/p>\n<p><strong data-start=\"2461\" data-end=\"2520\">Q2: How often should I use the Centella Repairing Pads?<\/strong><br data-start=\"2520\" data-end=\"2523\" \/><strong data-start=\"2523\" data-end=\"2529\">A:<\/strong> For best results, use daily \u2014 morning and night \u2014 after cleansing and before toner or serum. Adjust frequency based on your skin\u2019s needs.<\/p>\n<p>&nbsp;<\/p>\n","protected":false},"excerpt":{"rendered":"<p>La almohadilla de reparaci\u00f3n Centella Asiatica es una almohadilla de cuidado de la piel lista para usar empapada en una mezcla calmante de extracto de Centella Asiatica y activos hidratantes bot\u00e1nicos calmantes para confortar y refrescar instant\u00e1neamente la piel irritada o estresada. Dise\u00f1ada para fortalecer la barrera de la piel, calmar el enrojecimiento, apoyar la reparaci\u00f3n y mejorar el tono desigual, esta almohadilla proporciona una suave hidrataci\u00f3n y revitaliza la piel con cada deslizamiento, ideal para el cuidado diario o como alivio dirigido en \u00e1reas que necesitan atenci\u00f3n adicional.<\/p>\n<p><strong>N\u00famero de serie:<\/strong> El DRL-2022<\/p>\n<p><strong>Tipo de piel aplicable:<\/strong>\u00a0Adecuado para todos los tipos de piel; piel especialmente propensa a manchas, deshidratada y f\u00e1cilmente irritada<\/p>\n<p><strong>Ingredientes principales:<\/strong>Extracto de Centella Asiatica, Hialuronato de sodio, Pantenol, Extractos bot\u00e1nicos<\/p>\n<p><strong>Contenido neto: <\/strong>60 piezas<\/p>","protected":false},"featured_media":5739,"comment_status":"closed","ping_status":"closed","template":"","meta":[],"product_brand":[],"product_cat":[15,120],"product_tag":[],"class_list":{"0":"post-5738","1":"product","2":"type-product","3":"status-publish","4":"has-post-thumbnail","6":"product_cat-face-care","7":"product_cat-mask","9":"first","10":"instock","11":"shipping-taxable","12":"product-type-simple"},"_links":{"self":[{"href":"https:\/\/www.drrashel-bbg.com\/es\/wp-json\/wp\/v2\/product\/5738","targetHints":{"allow":["GET"]}}],"collection":[{"href":"https:\/\/www.drrashel-bbg.com\/es\/wp-json\/wp\/v2\/product"}],"about":[{"href":"https:\/\/www.drrashel-bbg.com\/es\/wp-json\/wp\/v2\/types\/product"}],"replies":[{"embeddable":true,"href":"https:\/\/www.drrashel-bbg.com\/es\/wp-json\/wp\/v2\/comments?post=5738"}],"wp:featuredmedia":[{"embeddable":true,"href":"https:\/\/www.drrashel-bbg.com\/es\/wp-json\/wp\/v2\/media\/5739"}],"wp:attachment":[{"href":"https:\/\/www.drrashel-bbg.com\/es\/wp-json\/wp\/v2\/media?parent=5738"}],"wp:term":[{"taxonomy":"product_brand","embeddable":true,"href":"https:\/\/www.drrashel-bbg.com\/es\/wp-json\/wp\/v2\/product_brand?post=5738"},{"taxonomy":"product_cat","embeddable":true,"href":"https:\/\/www.drrashel-bbg.com\/es\/wp-json\/wp\/v2\/product_cat?post=5738"},{"taxonomy":"product_tag","embeddable":true,"href":"https:\/\/www.drrashel-bbg.com\/es\/wp-json\/wp\/v2\/product_tag?post=5738"}],"curies":[{"name":"wp","href":"https:\/\/api.w.org\/{rel}","templated":true}]}}