{"id":5858,"date":"2026-01-21T14:55:08","date_gmt":"2026-01-21T06:55:08","guid":{"rendered":"https:\/\/www.drrashel-bbg.com\/?post_type=product&#038;p=5858"},"modified":"2026-01-21T15:00:16","modified_gmt":"2026-01-21T07:00:16","slug":"brightening-bio-collagen-absorption-mask","status":"publish","type":"product","link":"https:\/\/www.drrashel-bbg.com\/es\/mask\/brightening-bio-collagen-absorption-mask\/","title":{"rendered":"M\u00e1scara de Absorci\u00f3n de Bio-Col\u00e1geno Brillante"},"content":{"rendered":"<p><img fetchpriority=\"high\" decoding=\"async\" class=\"alignnone size-full wp-image-5865\" src=\"https:\/\/www.drrashel-bbg.com\/wp-content\/uploads\/2026\/01\/DRL-1976-Brightening-Bio-collagen-Absorption-Mask-detail-1.webp\" alt=\"\" width=\"790\" height=\"1118\" srcset=\"https:\/\/www.drrashel-bbg.com\/wp-content\/uploads\/2026\/01\/DRL-1976-Brightening-Bio-collagen-Absorption-Mask-detail-1.webp 790w, https:\/\/www.drrashel-bbg.com\/wp-content\/uploads\/2026\/01\/DRL-1976-Brightening-Bio-collagen-Absorption-Mask-detail-1-212x300.webp 212w, https:\/\/www.drrashel-bbg.com\/wp-content\/uploads\/2026\/01\/DRL-1976-Brightening-Bio-collagen-Absorption-Mask-detail-1-724x1024.webp 724w, https:\/\/www.drrashel-bbg.com\/wp-content\/uploads\/2026\/01\/DRL-1976-Brightening-Bio-collagen-Absorption-Mask-detail-1-768x1087.webp 768w, https:\/\/www.drrashel-bbg.com\/wp-content\/uploads\/2026\/01\/DRL-1976-Brightening-Bio-collagen-Absorption-Mask-detail-1-8x12.webp 8w, https:\/\/www.drrashel-bbg.com\/wp-content\/uploads\/2026\/01\/DRL-1976-Brightening-Bio-collagen-Absorption-Mask-detail-1-600x849.webp 600w\" sizes=\"(max-width: 790px) 100vw, 790px\" \/> <img decoding=\"async\" class=\"alignnone size-full wp-image-5866\" src=\"https:\/\/www.drrashel-bbg.com\/wp-content\/uploads\/2026\/01\/DRL-1976-Brightening-Bio-collagen-Absorption-Mask-detail-2.webp\" alt=\"\" width=\"790\" height=\"1052\" srcset=\"https:\/\/www.drrashel-bbg.com\/wp-content\/uploads\/2026\/01\/DRL-1976-Brightening-Bio-collagen-Absorption-Mask-detail-2.webp 790w, https:\/\/www.drrashel-bbg.com\/wp-content\/uploads\/2026\/01\/DRL-1976-Brightening-Bio-collagen-Absorption-Mask-detail-2-225x300.webp 225w, https:\/\/www.drrashel-bbg.com\/wp-content\/uploads\/2026\/01\/DRL-1976-Brightening-Bio-collagen-Absorption-Mask-detail-2-769x1024.webp 769w, https:\/\/www.drrashel-bbg.com\/wp-content\/uploads\/2026\/01\/DRL-1976-Brightening-Bio-collagen-Absorption-Mask-detail-2-768x1023.webp 768w, https:\/\/www.drrashel-bbg.com\/wp-content\/uploads\/2026\/01\/DRL-1976-Brightening-Bio-collagen-Absorption-Mask-detail-2-9x12.webp 9w, https:\/\/www.drrashel-bbg.com\/wp-content\/uploads\/2026\/01\/DRL-1976-Brightening-Bio-collagen-Absorption-Mask-detail-2-600x799.webp 600w\" sizes=\"(max-width: 790px) 100vw, 790px\" \/> <img decoding=\"async\" class=\"alignnone size-full wp-image-5867\" src=\"https:\/\/www.drrashel-bbg.com\/wp-content\/uploads\/2026\/01\/DRL-1976-Brightening-Bio-collagen-Absorption-Mask-detail-3.webp\" alt=\"\" width=\"790\" height=\"1230\" srcset=\"https:\/\/www.drrashel-bbg.com\/wp-content\/uploads\/2026\/01\/DRL-1976-Brightening-Bio-collagen-Absorption-Mask-detail-3.webp 790w, https:\/\/www.drrashel-bbg.com\/wp-content\/uploads\/2026\/01\/DRL-1976-Brightening-Bio-collagen-Absorption-Mask-detail-3-193x300.webp 193w, https:\/\/www.drrashel-bbg.com\/wp-content\/uploads\/2026\/01\/DRL-1976-Brightening-Bio-collagen-Absorption-Mask-detail-3-658x1024.webp 658w, https:\/\/www.drrashel-bbg.com\/wp-content\/uploads\/2026\/01\/DRL-1976-Brightening-Bio-collagen-Absorption-Mask-detail-3-768x1196.webp 768w, https:\/\/www.drrashel-bbg.com\/wp-content\/uploads\/2026\/01\/DRL-1976-Brightening-Bio-collagen-Absorption-Mask-detail-3-8x12.webp 8w, https:\/\/www.drrashel-bbg.com\/wp-content\/uploads\/2026\/01\/DRL-1976-Brightening-Bio-collagen-Absorption-Mask-detail-3-600x934.webp 600w\" sizes=\"(max-width: 790px) 100vw, 790px\" \/> <img loading=\"lazy\" decoding=\"async\" class=\"alignnone size-full wp-image-5868\" src=\"https:\/\/www.drrashel-bbg.com\/wp-content\/uploads\/2026\/01\/DRL-1976-Brightening-Bio-collagen-Absorption-Mask-detail-4.webp\" alt=\"\" width=\"790\" height=\"1468\" srcset=\"https:\/\/www.drrashel-bbg.com\/wp-content\/uploads\/2026\/01\/DRL-1976-Brightening-Bio-collagen-Absorption-Mask-detail-4.webp 790w, https:\/\/www.drrashel-bbg.com\/wp-content\/uploads\/2026\/01\/DRL-1976-Brightening-Bio-collagen-Absorption-Mask-detail-4-161x300.webp 161w, https:\/\/www.drrashel-bbg.com\/wp-content\/uploads\/2026\/01\/DRL-1976-Brightening-Bio-collagen-Absorption-Mask-detail-4-551x1024.webp 551w, https:\/\/www.drrashel-bbg.com\/wp-content\/uploads\/2026\/01\/DRL-1976-Brightening-Bio-collagen-Absorption-Mask-detail-4-768x1427.webp 768w, https:\/\/www.drrashel-bbg.com\/wp-content\/uploads\/2026\/01\/DRL-1976-Brightening-Bio-collagen-Absorption-Mask-detail-4-6x12.webp 6w, https:\/\/www.drrashel-bbg.com\/wp-content\/uploads\/2026\/01\/DRL-1976-Brightening-Bio-collagen-Absorption-Mask-detail-4-600x1115.webp 600w\" sizes=\"(max-width: 790px) 100vw, 790px\" \/> <img loading=\"lazy\" decoding=\"async\" class=\"alignnone size-full wp-image-5869\" src=\"https:\/\/www.drrashel-bbg.com\/wp-content\/uploads\/2026\/01\/DRL-1976-Brightening-Bio-collagen-Absorption-Mask-detail-5.webp\" alt=\"\" width=\"790\" height=\"1297\" srcset=\"https:\/\/www.drrashel-bbg.com\/wp-content\/uploads\/2026\/01\/DRL-1976-Brightening-Bio-collagen-Absorption-Mask-detail-5.webp 790w, https:\/\/www.drrashel-bbg.com\/wp-content\/uploads\/2026\/01\/DRL-1976-Brightening-Bio-collagen-Absorption-Mask-detail-5-183x300.webp 183w, https:\/\/www.drrashel-bbg.com\/wp-content\/uploads\/2026\/01\/DRL-1976-Brightening-Bio-collagen-Absorption-Mask-detail-5-624x1024.webp 624w, https:\/\/www.drrashel-bbg.com\/wp-content\/uploads\/2026\/01\/DRL-1976-Brightening-Bio-collagen-Absorption-Mask-detail-5-768x1261.webp 768w, https:\/\/www.drrashel-bbg.com\/wp-content\/uploads\/2026\/01\/DRL-1976-Brightening-Bio-collagen-Absorption-Mask-detail-5-7x12.webp 7w, https:\/\/www.drrashel-bbg.com\/wp-content\/uploads\/2026\/01\/DRL-1976-Brightening-Bio-collagen-Absorption-Mask-detail-5-600x985.webp 600w\" sizes=\"(max-width: 790px) 100vw, 790px\" \/> <img loading=\"lazy\" decoding=\"async\" class=\"alignnone size-full wp-image-5870\" src=\"https:\/\/www.drrashel-bbg.com\/wp-content\/uploads\/2026\/01\/DRL-1976-Brightening-Bio-collagen-Absorption-Mask-detail-6.webp\" alt=\"\" width=\"790\" height=\"1364\" srcset=\"https:\/\/www.drrashel-bbg.com\/wp-content\/uploads\/2026\/01\/DRL-1976-Brightening-Bio-collagen-Absorption-Mask-detail-6.webp 790w, https:\/\/www.drrashel-bbg.com\/wp-content\/uploads\/2026\/01\/DRL-1976-Brightening-Bio-collagen-Absorption-Mask-detail-6-174x300.webp 174w, https:\/\/www.drrashel-bbg.com\/wp-content\/uploads\/2026\/01\/DRL-1976-Brightening-Bio-collagen-Absorption-Mask-detail-6-593x1024.webp 593w, https:\/\/www.drrashel-bbg.com\/wp-content\/uploads\/2026\/01\/DRL-1976-Brightening-Bio-collagen-Absorption-Mask-detail-6-768x1326.webp 768w, https:\/\/www.drrashel-bbg.com\/wp-content\/uploads\/2026\/01\/DRL-1976-Brightening-Bio-collagen-Absorption-Mask-detail-6-7x12.webp 7w, https:\/\/www.drrashel-bbg.com\/wp-content\/uploads\/2026\/01\/DRL-1976-Brightening-Bio-collagen-Absorption-Mask-detail-6-600x1036.webp 600w\" sizes=\"(max-width: 790px) 100vw, 790px\" \/> <img loading=\"lazy\" decoding=\"async\" class=\"alignnone size-full wp-image-5871\" src=\"https:\/\/www.drrashel-bbg.com\/wp-content\/uploads\/2026\/01\/DRL-1976-Brightening-Bio-collagen-Absorption-Mask-detail-7.webp\" alt=\"\" width=\"790\" height=\"1181\" srcset=\"https:\/\/www.drrashel-bbg.com\/wp-content\/uploads\/2026\/01\/DRL-1976-Brightening-Bio-collagen-Absorption-Mask-detail-7.webp 790w, https:\/\/www.drrashel-bbg.com\/wp-content\/uploads\/2026\/01\/DRL-1976-Brightening-Bio-collagen-Absorption-Mask-detail-7-201x300.webp 201w, https:\/\/www.drrashel-bbg.com\/wp-content\/uploads\/2026\/01\/DRL-1976-Brightening-Bio-collagen-Absorption-Mask-detail-7-685x1024.webp 685w, https:\/\/www.drrashel-bbg.com\/wp-content\/uploads\/2026\/01\/DRL-1976-Brightening-Bio-collagen-Absorption-Mask-detail-7-768x1148.webp 768w, https:\/\/www.drrashel-bbg.com\/wp-content\/uploads\/2026\/01\/DRL-1976-Brightening-Bio-collagen-Absorption-Mask-detail-7-8x12.webp 8w, https:\/\/www.drrashel-bbg.com\/wp-content\/uploads\/2026\/01\/DRL-1976-Brightening-Bio-collagen-Absorption-Mask-detail-7-600x897.webp 600w\" sizes=\"(max-width: 790px) 100vw, 790px\" \/> <img loading=\"lazy\" decoding=\"async\" class=\"alignnone size-full wp-image-5872\" src=\"https:\/\/www.drrashel-bbg.com\/wp-content\/uploads\/2026\/01\/DRL-1976-Brightening-Bio-collagen-Absorption-Mask-detail-8.webp\" alt=\"\" width=\"790\" height=\"972\" srcset=\"https:\/\/www.drrashel-bbg.com\/wp-content\/uploads\/2026\/01\/DRL-1976-Brightening-Bio-collagen-Absorption-Mask-detail-8.webp 790w, https:\/\/www.drrashel-bbg.com\/wp-content\/uploads\/2026\/01\/DRL-1976-Brightening-Bio-collagen-Absorption-Mask-detail-8-244x300.webp 244w, https:\/\/www.drrashel-bbg.com\/wp-content\/uploads\/2026\/01\/DRL-1976-Brightening-Bio-collagen-Absorption-Mask-detail-8-768x945.webp 768w, https:\/\/www.drrashel-bbg.com\/wp-content\/uploads\/2026\/01\/DRL-1976-Brightening-Bio-collagen-Absorption-Mask-detail-8-10x12.webp 10w, https:\/\/www.drrashel-bbg.com\/wp-content\/uploads\/2026\/01\/DRL-1976-Brightening-Bio-collagen-Absorption-Mask-detail-8-600x738.webp 600w\" sizes=\"(max-width: 790px) 100vw, 790px\" \/> <img loading=\"lazy\" decoding=\"async\" class=\"alignnone size-full wp-image-5873\" src=\"https:\/\/www.drrashel-bbg.com\/wp-content\/uploads\/2026\/01\/DRL-1976-Brightening-Bio-collagen-Absorption-Mask-detail-9.webp\" alt=\"\" width=\"790\" height=\"1367\" srcset=\"https:\/\/www.drrashel-bbg.com\/wp-content\/uploads\/2026\/01\/DRL-1976-Brightening-Bio-collagen-Absorption-Mask-detail-9.webp 790w, https:\/\/www.drrashel-bbg.com\/wp-content\/uploads\/2026\/01\/DRL-1976-Brightening-Bio-collagen-Absorption-Mask-detail-9-173x300.webp 173w, https:\/\/www.drrashel-bbg.com\/wp-content\/uploads\/2026\/01\/DRL-1976-Brightening-Bio-collagen-Absorption-Mask-detail-9-592x1024.webp 592w, https:\/\/www.drrashel-bbg.com\/wp-content\/uploads\/2026\/01\/DRL-1976-Brightening-Bio-collagen-Absorption-Mask-detail-9-768x1329.webp 768w, https:\/\/www.drrashel-bbg.com\/wp-content\/uploads\/2026\/01\/DRL-1976-Brightening-Bio-collagen-Absorption-Mask-detail-9-7x12.webp 7w, https:\/\/www.drrashel-bbg.com\/wp-content\/uploads\/2026\/01\/DRL-1976-Brightening-Bio-collagen-Absorption-Mask-detail-9-600x1038.webp 600w\" sizes=\"(max-width: 790px) 100vw, 790px\" \/> <img loading=\"lazy\" decoding=\"async\" class=\"alignnone size-full wp-image-5874\" src=\"https:\/\/www.drrashel-bbg.com\/wp-content\/uploads\/2026\/01\/DRL-1976-Brightening-Bio-collagen-Absorption-Mask-detail-10.webp\" alt=\"\" width=\"790\" height=\"1201\" srcset=\"https:\/\/www.drrashel-bbg.com\/wp-content\/uploads\/2026\/01\/DRL-1976-Brightening-Bio-collagen-Absorption-Mask-detail-10.webp 790w, https:\/\/www.drrashel-bbg.com\/wp-content\/uploads\/2026\/01\/DRL-1976-Brightening-Bio-collagen-Absorption-Mask-detail-10-197x300.webp 197w, https:\/\/www.drrashel-bbg.com\/wp-content\/uploads\/2026\/01\/DRL-1976-Brightening-Bio-collagen-Absorption-Mask-detail-10-674x1024.webp 674w, https:\/\/www.drrashel-bbg.com\/wp-content\/uploads\/2026\/01\/DRL-1976-Brightening-Bio-collagen-Absorption-Mask-detail-10-768x1168.webp 768w, https:\/\/www.drrashel-bbg.com\/wp-content\/uploads\/2026\/01\/DRL-1976-Brightening-Bio-collagen-Absorption-Mask-detail-10-8x12.webp 8w, https:\/\/www.drrashel-bbg.com\/wp-content\/uploads\/2026\/01\/DRL-1976-Brightening-Bio-collagen-Absorption-Mask-detail-10-600x912.webp 600w\" sizes=\"(max-width: 790px) 100vw, 790px\" \/><\/p>\n<p><strong><b>Product Benefits:<\/b><\/strong><\/p>\n<div class=\"flex flex-col text-sm pb-25\">\n<article class=\"text-token-text-primary w-full focus:outline-none [--shadow-height:45px] has-data-writing-block:pointer-events-none has-data-writing-block:-mt-(--shadow-height) has-data-writing-block:pt-(--shadow-height) [&amp;:has([data-writing-block])&gt;*]:pointer-events-auto scroll-mt-[calc(var(--header-height)+min(200px,max(70px,20svh)))]\" dir=\"auto\" tabindex=\"-1\" data-turn-id=\"request-695b7c66-582c-8329-b283-55317d1aaf18-1\" data-testid=\"conversation-turn-10\" data-scroll-anchor=\"true\" data-turn=\"assistant\">\n<div class=\"text-base my-auto mx-auto pb-10 [--thread-content-margin:--spacing(4)] @w-sm\/main:[--thread-content-margin:--spacing(6)] @w-lg\/main:[--thread-content-margin:--spacing(16)] px-(--thread-content-margin)\">\n<div class=\"[--thread-content-max-width:40rem] @w-lg\/main:[--thread-content-max-width:48rem] mx-auto max-w-(--thread-content-max-width) flex-1 group\/turn-messages focus-visible:outline-hidden relative flex w-full min-w-0 flex-col agent-turn\" tabindex=\"-1\">\n<div class=\"flex max-w-full flex-col grow\">\n<div class=\"min-h-8 text-message relative flex w-full flex-col items-end gap-2 text-start break-words whitespace-normal [.text-message+&amp;]:mt-1\" dir=\"auto\" data-message-author-role=\"assistant\" data-message-id=\"046d3858-19f9-462b-8ebc-d98a9da114bb\" data-message-model-slug=\"gpt-5-2-thinking\">\n<div class=\"flex w-full flex-col gap-1 empty:hidden first:pt-[1px]\">\n<div class=\"markdown prose dark:prose-invert w-full break-words light markdown-new-styling\">\n<p>Repairs, Firms, Brightens and Wrinkles<\/p>\n<\/div>\n<\/div>\n<\/div>\n<\/div>\n<\/div>\n<\/div>\n<\/article>\n<\/div>\n<p><strong><b>How to use:<\/b><\/strong><\/p>\n<p data-start=\"255\" data-end=\"266\">1.Cleansing<\/p>\n<p data-start=\"270\" data-end=\"385\">2.Apply the mask smoothly onto your face<br data-start=\"308\" data-end=\"311\" \/>(It is recommended to start with the lower part, then the upper part)<\/p>\n<p data-start=\"389\" data-end=\"573\">3.Leave on for 60 minutes, remove the mask once it becomes transparent<br data-start=\"457\" data-end=\"460\" \/>(According to the absorption of the skin, the mask will gradually become transparent from about 45 minutes.)<\/p>\n<p data-start=\"577\" data-end=\"665\">4.Gently pat in remaining essence, and follow up with your favorite moisturizer if neede<\/p>\n<p><strong><b>Brand Introduction:<\/b><\/strong><\/p>\n<p>DR\u00b7RASHEL was founded in 1989 by Mr. BAKRI, a skin care master, with thirty years of product experience. Focused on health, Mr. BAKRI developed precise formulas for the natural ingredients to maximize skin health and vibrant radiance\uff0ca principle applied across the wide range of DR\u00b7RASHEL\u2019s skin care products.<\/p>\n<p>DR\u00b7RASHEL products are spread around the world and welcomed by customers in five continents, more specifically, in the Middle East, South America, and Europe.<\/p>\n<p>We export to over 100 countries, including UAE, Russia, America, Mexico, Australia\uff0cSaudi Arabia\uff0cBrazil, India and South Africa.<\/p>\n<p>We have ISO\uff0cGMPC American European Union International Authoritative Double Certification, Advanced R &amp; D testing equipment, thousands of mature formulas and high efficiency sales team and competitive price superiority. Our product categories are: skin care products, make-up products, wash and care products.<\/p>\n<p><strong><b>FAQ:<\/b><\/strong><\/p>\n<p data-start=\"48\" data-end=\"326\"><strong data-start=\"48\" data-end=\"129\">Q1: What is the main benefit of the Brightening Bio-Collagen Absorption Mask?<\/strong><br data-start=\"129\" data-end=\"132\" \/><strong data-start=\"132\" data-end=\"139\">A1:<\/strong> This mask helps improve dull and uneven skin tone while enhancing skin radiance. Formulated with Vitamin C and peptides, it supports brighter-looking, smoother and more revitalized skin.<\/p>\n<p data-start=\"333\" data-end=\"571\"><strong data-start=\"333\" data-end=\"409\">Q2: How often should I use the Brightening Bio-Collagen Absorption Mask?<\/strong><br data-start=\"409\" data-end=\"412\" \/><strong data-start=\"412\" data-end=\"419\">A2:<\/strong> It is recommended to use the mask 2\u20133 times per week, depending on your skin condition. Regular use helps maintain a brighter and more even complexion.<\/p>\n","protected":false},"excerpt":{"rendered":"<p>Es amigable con la piel y f\u00e1cilmente absorbido, para mantener una piel firme, como si se pusiera un corset en la piel. Con la reparaci\u00f3n intensiva de la esencia y la base del gel de col\u00e1geno, puede recargar la piel, promover altamente la auto-renovaci\u00f3n del col\u00e1geno natural y la elastina, consolidar fuertemente la estructura de soporte natural de la piel, levantar y firmer eficazmente la piel facial. La piel se vuelve gruesa y llena desde dentro, para rejuvenecer instant\u00e1neamente la vitalidad juvenil.<\/p>\n<p><strong>N\u00famero de serie:<\/strong> DRL-1976<\/p>\n<p><strong>Tipo de piel aplicable:<\/strong> Adecuado para todos los tipos de piel;<\/p>\n<p><strong>Ingredientes principales:<\/strong> Vitamina C, p\u00e9ptido<\/p>\n<p><strong>Contenido neto:<\/strong>23 g x 12 piezas<\/p>","protected":false},"featured_media":5859,"comment_status":"closed","ping_status":"closed","template":"","meta":[],"product_brand":[],"product_cat":[15,120],"product_tag":[],"class_list":{"0":"post-5858","1":"product","2":"type-product","3":"status-publish","4":"has-post-thumbnail","6":"product_cat-face-care","7":"product_cat-mask","9":"first","10":"instock","11":"shipping-taxable","12":"product-type-simple"},"_links":{"self":[{"href":"https:\/\/www.drrashel-bbg.com\/es\/wp-json\/wp\/v2\/product\/5858","targetHints":{"allow":["GET"]}}],"collection":[{"href":"https:\/\/www.drrashel-bbg.com\/es\/wp-json\/wp\/v2\/product"}],"about":[{"href":"https:\/\/www.drrashel-bbg.com\/es\/wp-json\/wp\/v2\/types\/product"}],"replies":[{"embeddable":true,"href":"https:\/\/www.drrashel-bbg.com\/es\/wp-json\/wp\/v2\/comments?post=5858"}],"wp:featuredmedia":[{"embeddable":true,"href":"https:\/\/www.drrashel-bbg.com\/es\/wp-json\/wp\/v2\/media\/5859"}],"wp:attachment":[{"href":"https:\/\/www.drrashel-bbg.com\/es\/wp-json\/wp\/v2\/media?parent=5858"}],"wp:term":[{"taxonomy":"product_brand","embeddable":true,"href":"https:\/\/www.drrashel-bbg.com\/es\/wp-json\/wp\/v2\/product_brand?post=5858"},{"taxonomy":"product_cat","embeddable":true,"href":"https:\/\/www.drrashel-bbg.com\/es\/wp-json\/wp\/v2\/product_cat?post=5858"},{"taxonomy":"product_tag","embeddable":true,"href":"https:\/\/www.drrashel-bbg.com\/es\/wp-json\/wp\/v2\/product_tag?post=5858"}],"curies":[{"name":"wp","href":"https:\/\/api.w.org\/{rel}","templated":true}]}}