{"id":5935,"date":"2026-01-22T09:44:50","date_gmt":"2026-01-22T01:44:50","guid":{"rendered":"https:\/\/www.drrashel-bbg.com\/?post_type=product&#038;p=5935"},"modified":"2026-01-22T09:58:43","modified_gmt":"2026-01-22T01:58:43","slug":"whitening-bio-collagen-absorption-mask","status":"publish","type":"product","link":"https:\/\/www.drrashel-bbg.com\/es\/mask\/whitening-bio-collagen-absorption-mask\/","title":{"rendered":"M\u00e1scara de absorci\u00f3n de col\u00e1geno"},"content":{"rendered":"<p><img fetchpriority=\"high\" decoding=\"async\" class=\"alignnone size-full wp-image-5942\" src=\"https:\/\/www.drrashel-bbg.com\/wp-content\/uploads\/2026\/01\/DRL-1977-Whitening-Bio-collagen-Absorption-Mask-detail-1.webp\" alt=\"\" width=\"790\" height=\"1118\" srcset=\"https:\/\/www.drrashel-bbg.com\/wp-content\/uploads\/2026\/01\/DRL-1977-Whitening-Bio-collagen-Absorption-Mask-detail-1.webp 790w, https:\/\/www.drrashel-bbg.com\/wp-content\/uploads\/2026\/01\/DRL-1977-Whitening-Bio-collagen-Absorption-Mask-detail-1-212x300.webp 212w, https:\/\/www.drrashel-bbg.com\/wp-content\/uploads\/2026\/01\/DRL-1977-Whitening-Bio-collagen-Absorption-Mask-detail-1-724x1024.webp 724w, https:\/\/www.drrashel-bbg.com\/wp-content\/uploads\/2026\/01\/DRL-1977-Whitening-Bio-collagen-Absorption-Mask-detail-1-768x1087.webp 768w, https:\/\/www.drrashel-bbg.com\/wp-content\/uploads\/2026\/01\/DRL-1977-Whitening-Bio-collagen-Absorption-Mask-detail-1-8x12.webp 8w, https:\/\/www.drrashel-bbg.com\/wp-content\/uploads\/2026\/01\/DRL-1977-Whitening-Bio-collagen-Absorption-Mask-detail-1-600x849.webp 600w\" sizes=\"(max-width: 790px) 100vw, 790px\" \/> <img decoding=\"async\" class=\"alignnone size-full wp-image-5943\" src=\"https:\/\/www.drrashel-bbg.com\/wp-content\/uploads\/2026\/01\/DRL-1977-Whitening-Bio-collagen-Absorption-Mask-detail-2.webp\" alt=\"\" width=\"790\" height=\"1122\" srcset=\"https:\/\/www.drrashel-bbg.com\/wp-content\/uploads\/2026\/01\/DRL-1977-Whitening-Bio-collagen-Absorption-Mask-detail-2.webp 790w, https:\/\/www.drrashel-bbg.com\/wp-content\/uploads\/2026\/01\/DRL-1977-Whitening-Bio-collagen-Absorption-Mask-detail-2-211x300.webp 211w, https:\/\/www.drrashel-bbg.com\/wp-content\/uploads\/2026\/01\/DRL-1977-Whitening-Bio-collagen-Absorption-Mask-detail-2-721x1024.webp 721w, https:\/\/www.drrashel-bbg.com\/wp-content\/uploads\/2026\/01\/DRL-1977-Whitening-Bio-collagen-Absorption-Mask-detail-2-768x1091.webp 768w, https:\/\/www.drrashel-bbg.com\/wp-content\/uploads\/2026\/01\/DRL-1977-Whitening-Bio-collagen-Absorption-Mask-detail-2-8x12.webp 8w, https:\/\/www.drrashel-bbg.com\/wp-content\/uploads\/2026\/01\/DRL-1977-Whitening-Bio-collagen-Absorption-Mask-detail-2-600x852.webp 600w\" sizes=\"(max-width: 790px) 100vw, 790px\" \/> <img decoding=\"async\" class=\"alignnone size-full wp-image-5944\" src=\"https:\/\/www.drrashel-bbg.com\/wp-content\/uploads\/2026\/01\/DRL-1977-Whitening-Bio-collagen-Absorption-Mask-detail-3.webp\" alt=\"\" width=\"790\" height=\"1236\" srcset=\"https:\/\/www.drrashel-bbg.com\/wp-content\/uploads\/2026\/01\/DRL-1977-Whitening-Bio-collagen-Absorption-Mask-detail-3.webp 790w, https:\/\/www.drrashel-bbg.com\/wp-content\/uploads\/2026\/01\/DRL-1977-Whitening-Bio-collagen-Absorption-Mask-detail-3-192x300.webp 192w, https:\/\/www.drrashel-bbg.com\/wp-content\/uploads\/2026\/01\/DRL-1977-Whitening-Bio-collagen-Absorption-Mask-detail-3-654x1024.webp 654w, https:\/\/www.drrashel-bbg.com\/wp-content\/uploads\/2026\/01\/DRL-1977-Whitening-Bio-collagen-Absorption-Mask-detail-3-768x1202.webp 768w, https:\/\/www.drrashel-bbg.com\/wp-content\/uploads\/2026\/01\/DRL-1977-Whitening-Bio-collagen-Absorption-Mask-detail-3-8x12.webp 8w, https:\/\/www.drrashel-bbg.com\/wp-content\/uploads\/2026\/01\/DRL-1977-Whitening-Bio-collagen-Absorption-Mask-detail-3-600x939.webp 600w\" sizes=\"(max-width: 790px) 100vw, 790px\" \/> <img loading=\"lazy\" decoding=\"async\" class=\"alignnone size-full wp-image-5945\" src=\"https:\/\/www.drrashel-bbg.com\/wp-content\/uploads\/2026\/01\/DRL-1977-Whitening-Bio-collagen-Absorption-Mask-detail-4.webp\" alt=\"\" width=\"790\" height=\"1459\" srcset=\"https:\/\/www.drrashel-bbg.com\/wp-content\/uploads\/2026\/01\/DRL-1977-Whitening-Bio-collagen-Absorption-Mask-detail-4.webp 790w, https:\/\/www.drrashel-bbg.com\/wp-content\/uploads\/2026\/01\/DRL-1977-Whitening-Bio-collagen-Absorption-Mask-detail-4-162x300.webp 162w, https:\/\/www.drrashel-bbg.com\/wp-content\/uploads\/2026\/01\/DRL-1977-Whitening-Bio-collagen-Absorption-Mask-detail-4-554x1024.webp 554w, https:\/\/www.drrashel-bbg.com\/wp-content\/uploads\/2026\/01\/DRL-1977-Whitening-Bio-collagen-Absorption-Mask-detail-4-768x1418.webp 768w, https:\/\/www.drrashel-bbg.com\/wp-content\/uploads\/2026\/01\/DRL-1977-Whitening-Bio-collagen-Absorption-Mask-detail-4-6x12.webp 6w, https:\/\/www.drrashel-bbg.com\/wp-content\/uploads\/2026\/01\/DRL-1977-Whitening-Bio-collagen-Absorption-Mask-detail-4-600x1108.webp 600w\" sizes=\"(max-width: 790px) 100vw, 790px\" \/> <img loading=\"lazy\" decoding=\"async\" class=\"alignnone size-full wp-image-5946\" src=\"https:\/\/www.drrashel-bbg.com\/wp-content\/uploads\/2026\/01\/DRL-1977-Whitening-Bio-collagen-Absorption-Mask-detail-5.webp\" alt=\"\" width=\"790\" height=\"1301\" srcset=\"https:\/\/www.drrashel-bbg.com\/wp-content\/uploads\/2026\/01\/DRL-1977-Whitening-Bio-collagen-Absorption-Mask-detail-5.webp 790w, https:\/\/www.drrashel-bbg.com\/wp-content\/uploads\/2026\/01\/DRL-1977-Whitening-Bio-collagen-Absorption-Mask-detail-5-182x300.webp 182w, https:\/\/www.drrashel-bbg.com\/wp-content\/uploads\/2026\/01\/DRL-1977-Whitening-Bio-collagen-Absorption-Mask-detail-5-622x1024.webp 622w, https:\/\/www.drrashel-bbg.com\/wp-content\/uploads\/2026\/01\/DRL-1977-Whitening-Bio-collagen-Absorption-Mask-detail-5-768x1265.webp 768w, https:\/\/www.drrashel-bbg.com\/wp-content\/uploads\/2026\/01\/DRL-1977-Whitening-Bio-collagen-Absorption-Mask-detail-5-7x12.webp 7w, https:\/\/www.drrashel-bbg.com\/wp-content\/uploads\/2026\/01\/DRL-1977-Whitening-Bio-collagen-Absorption-Mask-detail-5-600x988.webp 600w\" sizes=\"(max-width: 790px) 100vw, 790px\" \/> <img loading=\"lazy\" decoding=\"async\" class=\"alignnone size-full wp-image-5947\" src=\"https:\/\/www.drrashel-bbg.com\/wp-content\/uploads\/2026\/01\/DRL-1977-Whitening-Bio-collagen-Absorption-Mask-detail-6.webp\" alt=\"\" width=\"790\" height=\"1362\" srcset=\"https:\/\/www.drrashel-bbg.com\/wp-content\/uploads\/2026\/01\/DRL-1977-Whitening-Bio-collagen-Absorption-Mask-detail-6.webp 790w, https:\/\/www.drrashel-bbg.com\/wp-content\/uploads\/2026\/01\/DRL-1977-Whitening-Bio-collagen-Absorption-Mask-detail-6-174x300.webp 174w, https:\/\/www.drrashel-bbg.com\/wp-content\/uploads\/2026\/01\/DRL-1977-Whitening-Bio-collagen-Absorption-Mask-detail-6-594x1024.webp 594w, https:\/\/www.drrashel-bbg.com\/wp-content\/uploads\/2026\/01\/DRL-1977-Whitening-Bio-collagen-Absorption-Mask-detail-6-768x1324.webp 768w, https:\/\/www.drrashel-bbg.com\/wp-content\/uploads\/2026\/01\/DRL-1977-Whitening-Bio-collagen-Absorption-Mask-detail-6-7x12.webp 7w, https:\/\/www.drrashel-bbg.com\/wp-content\/uploads\/2026\/01\/DRL-1977-Whitening-Bio-collagen-Absorption-Mask-detail-6-600x1034.webp 600w\" sizes=\"(max-width: 790px) 100vw, 790px\" \/> <img loading=\"lazy\" decoding=\"async\" class=\"alignnone size-full wp-image-5948\" src=\"https:\/\/www.drrashel-bbg.com\/wp-content\/uploads\/2026\/01\/DRL-1977-Whitening-Bio-collagen-Absorption-Mask-detail-7.webp\" alt=\"\" width=\"790\" height=\"1181\" srcset=\"https:\/\/www.drrashel-bbg.com\/wp-content\/uploads\/2026\/01\/DRL-1977-Whitening-Bio-collagen-Absorption-Mask-detail-7.webp 790w, https:\/\/www.drrashel-bbg.com\/wp-content\/uploads\/2026\/01\/DRL-1977-Whitening-Bio-collagen-Absorption-Mask-detail-7-201x300.webp 201w, https:\/\/www.drrashel-bbg.com\/wp-content\/uploads\/2026\/01\/DRL-1977-Whitening-Bio-collagen-Absorption-Mask-detail-7-685x1024.webp 685w, https:\/\/www.drrashel-bbg.com\/wp-content\/uploads\/2026\/01\/DRL-1977-Whitening-Bio-collagen-Absorption-Mask-detail-7-768x1148.webp 768w, https:\/\/www.drrashel-bbg.com\/wp-content\/uploads\/2026\/01\/DRL-1977-Whitening-Bio-collagen-Absorption-Mask-detail-7-8x12.webp 8w, https:\/\/www.drrashel-bbg.com\/wp-content\/uploads\/2026\/01\/DRL-1977-Whitening-Bio-collagen-Absorption-Mask-detail-7-600x897.webp 600w\" sizes=\"(max-width: 790px) 100vw, 790px\" \/> <img loading=\"lazy\" decoding=\"async\" class=\"alignnone size-full wp-image-5949\" src=\"https:\/\/www.drrashel-bbg.com\/wp-content\/uploads\/2026\/01\/DRL-1977-Whitening-Bio-collagen-Absorption-Mask-detail-8.webp\" alt=\"\" width=\"790\" height=\"1314\" srcset=\"https:\/\/www.drrashel-bbg.com\/wp-content\/uploads\/2026\/01\/DRL-1977-Whitening-Bio-collagen-Absorption-Mask-detail-8.webp 790w, https:\/\/www.drrashel-bbg.com\/wp-content\/uploads\/2026\/01\/DRL-1977-Whitening-Bio-collagen-Absorption-Mask-detail-8-180x300.webp 180w, https:\/\/www.drrashel-bbg.com\/wp-content\/uploads\/2026\/01\/DRL-1977-Whitening-Bio-collagen-Absorption-Mask-detail-8-616x1024.webp 616w, https:\/\/www.drrashel-bbg.com\/wp-content\/uploads\/2026\/01\/DRL-1977-Whitening-Bio-collagen-Absorption-Mask-detail-8-768x1277.webp 768w, https:\/\/www.drrashel-bbg.com\/wp-content\/uploads\/2026\/01\/DRL-1977-Whitening-Bio-collagen-Absorption-Mask-detail-8-7x12.webp 7w, https:\/\/www.drrashel-bbg.com\/wp-content\/uploads\/2026\/01\/DRL-1977-Whitening-Bio-collagen-Absorption-Mask-detail-8-600x998.webp 600w\" sizes=\"(max-width: 790px) 100vw, 790px\" \/> <img loading=\"lazy\" decoding=\"async\" class=\"alignnone size-full wp-image-5950\" src=\"https:\/\/www.drrashel-bbg.com\/wp-content\/uploads\/2026\/01\/DRL-1977-Whitening-Bio-collagen-Absorption-Mask-detail-9.webp\" alt=\"\" width=\"790\" height=\"1429\" srcset=\"https:\/\/www.drrashel-bbg.com\/wp-content\/uploads\/2026\/01\/DRL-1977-Whitening-Bio-collagen-Absorption-Mask-detail-9.webp 790w, https:\/\/www.drrashel-bbg.com\/wp-content\/uploads\/2026\/01\/DRL-1977-Whitening-Bio-collagen-Absorption-Mask-detail-9-166x300.webp 166w, https:\/\/www.drrashel-bbg.com\/wp-content\/uploads\/2026\/01\/DRL-1977-Whitening-Bio-collagen-Absorption-Mask-detail-9-566x1024.webp 566w, https:\/\/www.drrashel-bbg.com\/wp-content\/uploads\/2026\/01\/DRL-1977-Whitening-Bio-collagen-Absorption-Mask-detail-9-768x1389.webp 768w, https:\/\/www.drrashel-bbg.com\/wp-content\/uploads\/2026\/01\/DRL-1977-Whitening-Bio-collagen-Absorption-Mask-detail-9-7x12.webp 7w, https:\/\/www.drrashel-bbg.com\/wp-content\/uploads\/2026\/01\/DRL-1977-Whitening-Bio-collagen-Absorption-Mask-detail-9-600x1085.webp 600w\" sizes=\"(max-width: 790px) 100vw, 790px\" \/> <img loading=\"lazy\" decoding=\"async\" class=\"alignnone size-full wp-image-5951\" src=\"https:\/\/www.drrashel-bbg.com\/wp-content\/uploads\/2026\/01\/DRL-1977-Whitening-Bio-collagen-Absorption-Mask-detail-10.webp\" alt=\"\" width=\"790\" height=\"1158\" srcset=\"https:\/\/www.drrashel-bbg.com\/wp-content\/uploads\/2026\/01\/DRL-1977-Whitening-Bio-collagen-Absorption-Mask-detail-10.webp 790w, https:\/\/www.drrashel-bbg.com\/wp-content\/uploads\/2026\/01\/DRL-1977-Whitening-Bio-collagen-Absorption-Mask-detail-10-205x300.webp 205w, https:\/\/www.drrashel-bbg.com\/wp-content\/uploads\/2026\/01\/DRL-1977-Whitening-Bio-collagen-Absorption-Mask-detail-10-699x1024.webp 699w, https:\/\/www.drrashel-bbg.com\/wp-content\/uploads\/2026\/01\/DRL-1977-Whitening-Bio-collagen-Absorption-Mask-detail-10-768x1126.webp 768w, https:\/\/www.drrashel-bbg.com\/wp-content\/uploads\/2026\/01\/DRL-1977-Whitening-Bio-collagen-Absorption-Mask-detail-10-8x12.webp 8w, https:\/\/www.drrashel-bbg.com\/wp-content\/uploads\/2026\/01\/DRL-1977-Whitening-Bio-collagen-Absorption-Mask-detail-10-600x879.webp 600w\" sizes=\"(max-width: 790px) 100vw, 790px\" \/><\/p>\n<p><strong><b>Product Benefits:<\/b><\/strong><\/p>\n<div class=\"flex flex-col text-sm pb-25\">\n<article class=\"text-token-text-primary w-full focus:outline-none [--shadow-height:45px] has-data-writing-block:pointer-events-none has-data-writing-block:-mt-(--shadow-height) has-data-writing-block:pt-(--shadow-height) [&amp;:has([data-writing-block])&gt;*]:pointer-events-auto scroll-mt-[calc(var(--header-height)+min(200px,max(70px,20svh)))]\" dir=\"auto\" tabindex=\"-1\" data-turn-id=\"request-695b7c66-582c-8329-b283-55317d1aaf18-1\" data-testid=\"conversation-turn-10\" data-scroll-anchor=\"true\" data-turn=\"assistant\">\n<div class=\"text-base my-auto mx-auto pb-10 [--thread-content-margin:--spacing(4)] @w-sm\/main:[--thread-content-margin:--spacing(6)] @w-lg\/main:[--thread-content-margin:--spacing(16)] px-(--thread-content-margin)\">\n<div class=\"[--thread-content-max-width:40rem] @w-lg\/main:[--thread-content-max-width:48rem] mx-auto max-w-(--thread-content-max-width) flex-1 group\/turn-messages focus-visible:outline-hidden relative flex w-full min-w-0 flex-col agent-turn\" tabindex=\"-1\">\n<div class=\"flex max-w-full flex-col grow\">\n<div class=\"min-h-8 text-message relative flex w-full flex-col items-end gap-2 text-start break-words whitespace-normal [.text-message+&amp;]:mt-1\" dir=\"auto\" data-message-author-role=\"assistant\" data-message-id=\"046d3858-19f9-462b-8ebc-d98a9da114bb\" data-message-model-slug=\"gpt-5-2-thinking\">\n<div class=\"flex w-full flex-col gap-1 empty:hidden first:pt-[1px]\">\n<div class=\"markdown prose dark:prose-invert w-full break-words light markdown-new-styling\">\n<p>Whitening, brightening, moisturizing, firming, and nourishing<\/p>\n<\/div>\n<\/div>\n<\/div>\n<\/div>\n<\/div>\n<\/div>\n<\/article>\n<\/div>\n<p><strong><b>How to use:<\/b><\/strong><\/p>\n<p data-start=\"255\" data-end=\"266\">1.Cleansing<\/p>\n<p data-start=\"270\" data-end=\"385\">2.Apply the mask smoothly onto your face<br data-start=\"308\" data-end=\"311\" \/>(It is recommended to start with the lower part, then the upper part)<\/p>\n<p data-start=\"389\" data-end=\"573\">3.Leave on for 60 minutes, remove the mask once it becomes transparent<br data-start=\"457\" data-end=\"460\" \/>(According to the absorption of the skin, the mask will gradually become transparent from about 45 minutes.)<\/p>\n<p data-start=\"577\" data-end=\"665\">4.Gently pat in remaining essence, and follow up with your favorite moisturizer if neede<\/p>\n<p><strong><b>Brand Introduction:<\/b><\/strong><\/p>\n<p>DR\u00b7RASHEL was founded in 1989 by Mr. BAKRI, a skin care master, with thirty years of product experience. Focused on health, Mr. BAKRI developed precise formulas for the natural ingredients to maximize skin health and vibrant radiance\uff0ca principle applied across the wide range of DR\u00b7RASHEL\u2019s skin care products.<\/p>\n<p>DR\u00b7RASHEL products are spread around the world and welcomed by customers in five continents, more specifically, in the Middle East, South America, and Europe.<\/p>\n<p>We export to over 100 countries, including UAE, Russia, America, Mexico, Australia\uff0cSaudi Arabia\uff0cBrazil, India and South Africa.<\/p>\n<p>We have ISO\uff0cGMPC American European Union International Authoritative Double Certification, Advanced R &amp; D testing equipment, thousands of mature formulas and high efficiency sales team and competitive price superiority. Our product categories are: skin care products, make-up products, wash and care products.<\/p>\n<p><strong><b>FAQ:<\/b><\/strong><\/p>\n<h3 data-start=\"0\" data-end=\"29\"><span style=\"font-size: 12pt;\">FAQ 1: How do I use it?<\/span><\/h3>\n<p data-start=\"30\" data-end=\"211\"><span style=\"font-size: 12pt;\"><strong data-start=\"30\" data-end=\"36\">A:<\/strong> Apply on a clean, dry face. Leave for <strong data-start=\"75\" data-end=\"92\">15\u201320 minutes<\/strong>, then remove and <strong data-start=\"110\" data-end=\"146\">massage in the remaining essence<\/strong>. Use <strong data-start=\"152\" data-end=\"172\">2\u20133 times a week<\/strong>.<\/span><\/p>\n<h3 data-start=\"213\" data-end=\"261\"><span style=\"font-size: 12pt;\">FAQ 2: What does it do, and who is it for?<\/span><\/h3>\n<p data-start=\"262\" data-end=\"450\"><span style=\"font-size: 12pt;\"><strong data-start=\"262\" data-end=\"268\">A:<\/strong> It helps <strong data-start=\"278\" data-end=\"295\">brighten skin<\/strong> and <strong data-start=\"300\" data-end=\"331\">reduce dark spots\/blemishes<\/strong>, while <strong data-start=\"339\" data-end=\"378\">nourishing and improving elasticity<\/strong>. Suitable for <strong data-start=\"393\" data-end=\"411\" data-is-only-node=\"\">all skin types<\/strong>.<\/span><\/p>\n","protected":false},"excerpt":{"rendered":"<p>The hydrogel mask is refreshing texture, non-greasy and comfortable to use.It can improves the skin&#8217;s ability to protect and retain moisture, enhance the skin&#8217;s natural glow, reduce dullness and pigmentation, creates healthy and hydrated skin. It can be used as an overnight mask, providing easy elasticity care while you sleep, and becomes transparent as your skin absorbs the active ingredients.<\/p>\n<p><strong>N\u00famero de serie:<\/strong> DRL-1977<\/p>\n<p><strong>Tipo de piel aplicable:<\/strong> Adecuado para todos los tipos de piel;<\/p>\n<p><strong>Ingredientes principales:<\/strong> Hidrataci\u00f3n profunda y rejuvenecimiento intenso<\/p>\n<p><strong>Contenido neto:<\/strong>23 g x 12 piezas<\/p>","protected":false},"featured_media":5936,"comment_status":"closed","ping_status":"closed","template":"","meta":[],"product_brand":[],"product_cat":[15,120],"product_tag":[],"class_list":{"0":"post-5935","1":"product","2":"type-product","3":"status-publish","4":"has-post-thumbnail","6":"product_cat-face-care","7":"product_cat-mask","9":"first","10":"instock","11":"shipping-taxable","12":"product-type-simple"},"_links":{"self":[{"href":"https:\/\/www.drrashel-bbg.com\/es\/wp-json\/wp\/v2\/product\/5935","targetHints":{"allow":["GET"]}}],"collection":[{"href":"https:\/\/www.drrashel-bbg.com\/es\/wp-json\/wp\/v2\/product"}],"about":[{"href":"https:\/\/www.drrashel-bbg.com\/es\/wp-json\/wp\/v2\/types\/product"}],"replies":[{"embeddable":true,"href":"https:\/\/www.drrashel-bbg.com\/es\/wp-json\/wp\/v2\/comments?post=5935"}],"wp:featuredmedia":[{"embeddable":true,"href":"https:\/\/www.drrashel-bbg.com\/es\/wp-json\/wp\/v2\/media\/5936"}],"wp:attachment":[{"href":"https:\/\/www.drrashel-bbg.com\/es\/wp-json\/wp\/v2\/media?parent=5935"}],"wp:term":[{"taxonomy":"product_brand","embeddable":true,"href":"https:\/\/www.drrashel-bbg.com\/es\/wp-json\/wp\/v2\/product_brand?post=5935"},{"taxonomy":"product_cat","embeddable":true,"href":"https:\/\/www.drrashel-bbg.com\/es\/wp-json\/wp\/v2\/product_cat?post=5935"},{"taxonomy":"product_tag","embeddable":true,"href":"https:\/\/www.drrashel-bbg.com\/es\/wp-json\/wp\/v2\/product_tag?post=5935"}],"curies":[{"name":"wp","href":"https:\/\/api.w.org\/{rel}","templated":true}]}}