{"id":6043,"date":"2026-01-22T15:45:54","date_gmt":"2026-01-22T07:45:54","guid":{"rendered":"https:\/\/www.drrashel-bbg.com\/?post_type=product&#038;p=6043"},"modified":"2026-01-22T15:49:26","modified_gmt":"2026-01-22T07:49:26","slug":"turmeric-brightening-face-oil","status":"publish","type":"product","link":"https:\/\/www.drrashel-bbg.com\/es\/serum-essences\/turmeric-brightening-face-oil\/","title":{"rendered":"Aceite facial aclarante de c\u00farcuma"},"content":{"rendered":"<p><img fetchpriority=\"high\" decoding=\"async\" class=\"alignnone size-full wp-image-6075\" src=\"https:\/\/www.drrashel-bbg.com\/wp-content\/uploads\/2026\/01\/DRL-1912-Turmeric-brightening-face-oil-detail-1.webp\" alt=\"\" width=\"790\" height=\"1107\" srcset=\"https:\/\/www.drrashel-bbg.com\/wp-content\/uploads\/2026\/01\/DRL-1912-Turmeric-brightening-face-oil-detail-1.webp 790w, https:\/\/www.drrashel-bbg.com\/wp-content\/uploads\/2026\/01\/DRL-1912-Turmeric-brightening-face-oil-detail-1-214x300.webp 214w, https:\/\/www.drrashel-bbg.com\/wp-content\/uploads\/2026\/01\/DRL-1912-Turmeric-brightening-face-oil-detail-1-731x1024.webp 731w, https:\/\/www.drrashel-bbg.com\/wp-content\/uploads\/2026\/01\/DRL-1912-Turmeric-brightening-face-oil-detail-1-768x1076.webp 768w, https:\/\/www.drrashel-bbg.com\/wp-content\/uploads\/2026\/01\/DRL-1912-Turmeric-brightening-face-oil-detail-1-9x12.webp 9w, https:\/\/www.drrashel-bbg.com\/wp-content\/uploads\/2026\/01\/DRL-1912-Turmeric-brightening-face-oil-detail-1-600x841.webp 600w\" sizes=\"(max-width: 790px) 100vw, 790px\" \/> <img decoding=\"async\" class=\"alignnone size-full wp-image-6076\" src=\"https:\/\/www.drrashel-bbg.com\/wp-content\/uploads\/2026\/01\/DRL-1912-Turmeric-brightening-face-oil-detail-2.webp\" alt=\"\" width=\"790\" height=\"1172\" srcset=\"https:\/\/www.drrashel-bbg.com\/wp-content\/uploads\/2026\/01\/DRL-1912-Turmeric-brightening-face-oil-detail-2.webp 790w, https:\/\/www.drrashel-bbg.com\/wp-content\/uploads\/2026\/01\/DRL-1912-Turmeric-brightening-face-oil-detail-2-202x300.webp 202w, https:\/\/www.drrashel-bbg.com\/wp-content\/uploads\/2026\/01\/DRL-1912-Turmeric-brightening-face-oil-detail-2-690x1024.webp 690w, https:\/\/www.drrashel-bbg.com\/wp-content\/uploads\/2026\/01\/DRL-1912-Turmeric-brightening-face-oil-detail-2-768x1139.webp 768w, https:\/\/www.drrashel-bbg.com\/wp-content\/uploads\/2026\/01\/DRL-1912-Turmeric-brightening-face-oil-detail-2-8x12.webp 8w, https:\/\/www.drrashel-bbg.com\/wp-content\/uploads\/2026\/01\/DRL-1912-Turmeric-brightening-face-oil-detail-2-600x890.webp 600w\" sizes=\"(max-width: 790px) 100vw, 790px\" \/> <img decoding=\"async\" class=\"alignnone size-full wp-image-6077\" src=\"https:\/\/www.drrashel-bbg.com\/wp-content\/uploads\/2026\/01\/DRL-1912-Turmeric-brightening-face-oil-detail-3.webp\" alt=\"\" width=\"790\" height=\"1139\" srcset=\"https:\/\/www.drrashel-bbg.com\/wp-content\/uploads\/2026\/01\/DRL-1912-Turmeric-brightening-face-oil-detail-3.webp 790w, https:\/\/www.drrashel-bbg.com\/wp-content\/uploads\/2026\/01\/DRL-1912-Turmeric-brightening-face-oil-detail-3-208x300.webp 208w, https:\/\/www.drrashel-bbg.com\/wp-content\/uploads\/2026\/01\/DRL-1912-Turmeric-brightening-face-oil-detail-3-710x1024.webp 710w, https:\/\/www.drrashel-bbg.com\/wp-content\/uploads\/2026\/01\/DRL-1912-Turmeric-brightening-face-oil-detail-3-768x1107.webp 768w, https:\/\/www.drrashel-bbg.com\/wp-content\/uploads\/2026\/01\/DRL-1912-Turmeric-brightening-face-oil-detail-3-8x12.webp 8w, https:\/\/www.drrashel-bbg.com\/wp-content\/uploads\/2026\/01\/DRL-1912-Turmeric-brightening-face-oil-detail-3-600x865.webp 600w\" sizes=\"(max-width: 790px) 100vw, 790px\" \/> <img loading=\"lazy\" decoding=\"async\" class=\"alignnone size-full wp-image-6078\" src=\"https:\/\/www.drrashel-bbg.com\/wp-content\/uploads\/2026\/01\/DRL-1912-Turmeric-brightening-face-oil-detail-4.webp\" alt=\"\" width=\"790\" height=\"1175\" srcset=\"https:\/\/www.drrashel-bbg.com\/wp-content\/uploads\/2026\/01\/DRL-1912-Turmeric-brightening-face-oil-detail-4.webp 790w, https:\/\/www.drrashel-bbg.com\/wp-content\/uploads\/2026\/01\/DRL-1912-Turmeric-brightening-face-oil-detail-4-202x300.webp 202w, https:\/\/www.drrashel-bbg.com\/wp-content\/uploads\/2026\/01\/DRL-1912-Turmeric-brightening-face-oil-detail-4-688x1024.webp 688w, https:\/\/www.drrashel-bbg.com\/wp-content\/uploads\/2026\/01\/DRL-1912-Turmeric-brightening-face-oil-detail-4-768x1142.webp 768w, https:\/\/www.drrashel-bbg.com\/wp-content\/uploads\/2026\/01\/DRL-1912-Turmeric-brightening-face-oil-detail-4-8x12.webp 8w, https:\/\/www.drrashel-bbg.com\/wp-content\/uploads\/2026\/01\/DRL-1912-Turmeric-brightening-face-oil-detail-4-600x892.webp 600w\" sizes=\"(max-width: 790px) 100vw, 790px\" \/> <img loading=\"lazy\" decoding=\"async\" class=\"alignnone size-full wp-image-6079\" src=\"https:\/\/www.drrashel-bbg.com\/wp-content\/uploads\/2026\/01\/DRL-1912-Turmeric-brightening-face-oil-detail-5.webp\" alt=\"\" width=\"790\" height=\"1254\" srcset=\"https:\/\/www.drrashel-bbg.com\/wp-content\/uploads\/2026\/01\/DRL-1912-Turmeric-brightening-face-oil-detail-5.webp 790w, https:\/\/www.drrashel-bbg.com\/wp-content\/uploads\/2026\/01\/DRL-1912-Turmeric-brightening-face-oil-detail-5-189x300.webp 189w, https:\/\/www.drrashel-bbg.com\/wp-content\/uploads\/2026\/01\/DRL-1912-Turmeric-brightening-face-oil-detail-5-645x1024.webp 645w, https:\/\/www.drrashel-bbg.com\/wp-content\/uploads\/2026\/01\/DRL-1912-Turmeric-brightening-face-oil-detail-5-768x1219.webp 768w, https:\/\/www.drrashel-bbg.com\/wp-content\/uploads\/2026\/01\/DRL-1912-Turmeric-brightening-face-oil-detail-5-8x12.webp 8w, https:\/\/www.drrashel-bbg.com\/wp-content\/uploads\/2026\/01\/DRL-1912-Turmeric-brightening-face-oil-detail-5-600x952.webp 600w\" sizes=\"(max-width: 790px) 100vw, 790px\" \/> <img loading=\"lazy\" decoding=\"async\" class=\"alignnone size-full wp-image-6080\" src=\"https:\/\/www.drrashel-bbg.com\/wp-content\/uploads\/2026\/01\/DRL-1912-Turmeric-brightening-face-oil-detail-6.webp\" alt=\"\" width=\"790\" height=\"1125\" srcset=\"https:\/\/www.drrashel-bbg.com\/wp-content\/uploads\/2026\/01\/DRL-1912-Turmeric-brightening-face-oil-detail-6.webp 790w, https:\/\/www.drrashel-bbg.com\/wp-content\/uploads\/2026\/01\/DRL-1912-Turmeric-brightening-face-oil-detail-6-211x300.webp 211w, https:\/\/www.drrashel-bbg.com\/wp-content\/uploads\/2026\/01\/DRL-1912-Turmeric-brightening-face-oil-detail-6-719x1024.webp 719w, https:\/\/www.drrashel-bbg.com\/wp-content\/uploads\/2026\/01\/DRL-1912-Turmeric-brightening-face-oil-detail-6-768x1094.webp 768w, https:\/\/www.drrashel-bbg.com\/wp-content\/uploads\/2026\/01\/DRL-1912-Turmeric-brightening-face-oil-detail-6-8x12.webp 8w, https:\/\/www.drrashel-bbg.com\/wp-content\/uploads\/2026\/01\/DRL-1912-Turmeric-brightening-face-oil-detail-6-600x854.webp 600w\" sizes=\"(max-width: 790px) 100vw, 790px\" \/> <img loading=\"lazy\" decoding=\"async\" class=\"alignnone size-full wp-image-6081\" src=\"https:\/\/www.drrashel-bbg.com\/wp-content\/uploads\/2026\/01\/DRL-1912-Turmeric-brightening-face-oil-detail-7.webp\" alt=\"\" width=\"790\" height=\"1258\" srcset=\"https:\/\/www.drrashel-bbg.com\/wp-content\/uploads\/2026\/01\/DRL-1912-Turmeric-brightening-face-oil-detail-7.webp 790w, https:\/\/www.drrashel-bbg.com\/wp-content\/uploads\/2026\/01\/DRL-1912-Turmeric-brightening-face-oil-detail-7-188x300.webp 188w, https:\/\/www.drrashel-bbg.com\/wp-content\/uploads\/2026\/01\/DRL-1912-Turmeric-brightening-face-oil-detail-7-643x1024.webp 643w, https:\/\/www.drrashel-bbg.com\/wp-content\/uploads\/2026\/01\/DRL-1912-Turmeric-brightening-face-oil-detail-7-768x1223.webp 768w, https:\/\/www.drrashel-bbg.com\/wp-content\/uploads\/2026\/01\/DRL-1912-Turmeric-brightening-face-oil-detail-7-8x12.webp 8w, https:\/\/www.drrashel-bbg.com\/wp-content\/uploads\/2026\/01\/DRL-1912-Turmeric-brightening-face-oil-detail-7-600x955.webp 600w\" sizes=\"(max-width: 790px) 100vw, 790px\" \/> <img loading=\"lazy\" decoding=\"async\" class=\"alignnone size-full wp-image-6082\" src=\"https:\/\/www.drrashel-bbg.com\/wp-content\/uploads\/2026\/01\/DRL-1912-Turmeric-brightening-face-oil-detail-8.webp\" alt=\"\" width=\"790\" height=\"1226\" srcset=\"https:\/\/www.drrashel-bbg.com\/wp-content\/uploads\/2026\/01\/DRL-1912-Turmeric-brightening-face-oil-detail-8.webp 790w, https:\/\/www.drrashel-bbg.com\/wp-content\/uploads\/2026\/01\/DRL-1912-Turmeric-brightening-face-oil-detail-8-193x300.webp 193w, https:\/\/www.drrashel-bbg.com\/wp-content\/uploads\/2026\/01\/DRL-1912-Turmeric-brightening-face-oil-detail-8-660x1024.webp 660w, https:\/\/www.drrashel-bbg.com\/wp-content\/uploads\/2026\/01\/DRL-1912-Turmeric-brightening-face-oil-detail-8-768x1192.webp 768w, https:\/\/www.drrashel-bbg.com\/wp-content\/uploads\/2026\/01\/DRL-1912-Turmeric-brightening-face-oil-detail-8-8x12.webp 8w, https:\/\/www.drrashel-bbg.com\/wp-content\/uploads\/2026\/01\/DRL-1912-Turmeric-brightening-face-oil-detail-8-600x931.webp 600w\" sizes=\"(max-width: 790px) 100vw, 790px\" \/> <img loading=\"lazy\" decoding=\"async\" class=\"alignnone size-full wp-image-6083\" src=\"https:\/\/www.drrashel-bbg.com\/wp-content\/uploads\/2026\/01\/DRL-1912-Turmeric-brightening-face-oil-detail-9.webp\" alt=\"\" width=\"790\" height=\"1098\" srcset=\"https:\/\/www.drrashel-bbg.com\/wp-content\/uploads\/2026\/01\/DRL-1912-Turmeric-brightening-face-oil-detail-9.webp 790w, https:\/\/www.drrashel-bbg.com\/wp-content\/uploads\/2026\/01\/DRL-1912-Turmeric-brightening-face-oil-detail-9-216x300.webp 216w, https:\/\/www.drrashel-bbg.com\/wp-content\/uploads\/2026\/01\/DRL-1912-Turmeric-brightening-face-oil-detail-9-737x1024.webp 737w, https:\/\/www.drrashel-bbg.com\/wp-content\/uploads\/2026\/01\/DRL-1912-Turmeric-brightening-face-oil-detail-9-768x1067.webp 768w, https:\/\/www.drrashel-bbg.com\/wp-content\/uploads\/2026\/01\/DRL-1912-Turmeric-brightening-face-oil-detail-9-9x12.webp 9w, https:\/\/www.drrashel-bbg.com\/wp-content\/uploads\/2026\/01\/DRL-1912-Turmeric-brightening-face-oil-detail-9-600x834.webp 600w\" sizes=\"(max-width: 790px) 100vw, 790px\" \/> <img loading=\"lazy\" decoding=\"async\" class=\"alignnone size-full wp-image-6084\" src=\"https:\/\/www.drrashel-bbg.com\/wp-content\/uploads\/2026\/01\/DRL-1912-Turmeric-brightening-face-oil-detail-10.webp\" alt=\"\" width=\"790\" height=\"903\" srcset=\"https:\/\/www.drrashel-bbg.com\/wp-content\/uploads\/2026\/01\/DRL-1912-Turmeric-brightening-face-oil-detail-10.webp 790w, https:\/\/www.drrashel-bbg.com\/wp-content\/uploads\/2026\/01\/DRL-1912-Turmeric-brightening-face-oil-detail-10-262x300.webp 262w, https:\/\/www.drrashel-bbg.com\/wp-content\/uploads\/2026\/01\/DRL-1912-Turmeric-brightening-face-oil-detail-10-768x878.webp 768w, https:\/\/www.drrashel-bbg.com\/wp-content\/uploads\/2026\/01\/DRL-1912-Turmeric-brightening-face-oil-detail-10-10x12.webp 10w, https:\/\/www.drrashel-bbg.com\/wp-content\/uploads\/2026\/01\/DRL-1912-Turmeric-brightening-face-oil-detail-10-600x686.webp 600w\" sizes=\"(max-width: 790px) 100vw, 790px\" \/> <img loading=\"lazy\" decoding=\"async\" class=\"alignnone size-full wp-image-6085\" src=\"https:\/\/www.drrashel-bbg.com\/wp-content\/uploads\/2026\/01\/DRL-1912-Turmeric-brightening-face-oil-detail-11.webp\" alt=\"\" width=\"790\" height=\"609\" srcset=\"https:\/\/www.drrashel-bbg.com\/wp-content\/uploads\/2026\/01\/DRL-1912-Turmeric-brightening-face-oil-detail-11.webp 790w, https:\/\/www.drrashel-bbg.com\/wp-content\/uploads\/2026\/01\/DRL-1912-Turmeric-brightening-face-oil-detail-11-300x231.webp 300w, https:\/\/www.drrashel-bbg.com\/wp-content\/uploads\/2026\/01\/DRL-1912-Turmeric-brightening-face-oil-detail-11-768x592.webp 768w, https:\/\/www.drrashel-bbg.com\/wp-content\/uploads\/2026\/01\/DRL-1912-Turmeric-brightening-face-oil-detail-11-16x12.webp 16w, https:\/\/www.drrashel-bbg.com\/wp-content\/uploads\/2026\/01\/DRL-1912-Turmeric-brightening-face-oil-detail-11-600x463.webp 600w\" sizes=\"(max-width: 790px) 100vw, 790px\" \/> <img loading=\"lazy\" decoding=\"async\" class=\"alignnone size-full wp-image-6086\" src=\"https:\/\/www.drrashel-bbg.com\/wp-content\/uploads\/2026\/01\/DRL-1912-Turmeric-brightening-face-oil-detail-12.webp\" alt=\"\" width=\"790\" height=\"649\" srcset=\"https:\/\/www.drrashel-bbg.com\/wp-content\/uploads\/2026\/01\/DRL-1912-Turmeric-brightening-face-oil-detail-12.webp 790w, https:\/\/www.drrashel-bbg.com\/wp-content\/uploads\/2026\/01\/DRL-1912-Turmeric-brightening-face-oil-detail-12-300x246.webp 300w, https:\/\/www.drrashel-bbg.com\/wp-content\/uploads\/2026\/01\/DRL-1912-Turmeric-brightening-face-oil-detail-12-768x631.webp 768w, https:\/\/www.drrashel-bbg.com\/wp-content\/uploads\/2026\/01\/DRL-1912-Turmeric-brightening-face-oil-detail-12-15x12.webp 15w, https:\/\/www.drrashel-bbg.com\/wp-content\/uploads\/2026\/01\/DRL-1912-Turmeric-brightening-face-oil-detail-12-600x493.webp 600w\" sizes=\"(max-width: 790px) 100vw, 790px\" \/> <img loading=\"lazy\" decoding=\"async\" class=\"alignnone size-full wp-image-6087\" src=\"https:\/\/www.drrashel-bbg.com\/wp-content\/uploads\/2026\/01\/DRL-1912-Turmeric-brightening-face-oil-detail-13.webp\" alt=\"\" width=\"790\" height=\"747\" srcset=\"https:\/\/www.drrashel-bbg.com\/wp-content\/uploads\/2026\/01\/DRL-1912-Turmeric-brightening-face-oil-detail-13.webp 790w, https:\/\/www.drrashel-bbg.com\/wp-content\/uploads\/2026\/01\/DRL-1912-Turmeric-brightening-face-oil-detail-13-300x284.webp 300w, https:\/\/www.drrashel-bbg.com\/wp-content\/uploads\/2026\/01\/DRL-1912-Turmeric-brightening-face-oil-detail-13-768x726.webp 768w, https:\/\/www.drrashel-bbg.com\/wp-content\/uploads\/2026\/01\/DRL-1912-Turmeric-brightening-face-oil-detail-13-13x12.webp 13w, https:\/\/www.drrashel-bbg.com\/wp-content\/uploads\/2026\/01\/DRL-1912-Turmeric-brightening-face-oil-detail-13-600x567.webp 600w\" sizes=\"(max-width: 790px) 100vw, 790px\" \/> <img loading=\"lazy\" decoding=\"async\" class=\"alignnone size-full wp-image-6088\" src=\"https:\/\/www.drrashel-bbg.com\/wp-content\/uploads\/2026\/01\/DRL-1912-Turmeric-brightening-face-oil-detail-14.webp\" alt=\"\" width=\"790\" height=\"705\" srcset=\"https:\/\/www.drrashel-bbg.com\/wp-content\/uploads\/2026\/01\/DRL-1912-Turmeric-brightening-face-oil-detail-14.webp 790w, https:\/\/www.drrashel-bbg.com\/wp-content\/uploads\/2026\/01\/DRL-1912-Turmeric-brightening-face-oil-detail-14-300x268.webp 300w, https:\/\/www.drrashel-bbg.com\/wp-content\/uploads\/2026\/01\/DRL-1912-Turmeric-brightening-face-oil-detail-14-768x685.webp 768w, https:\/\/www.drrashel-bbg.com\/wp-content\/uploads\/2026\/01\/DRL-1912-Turmeric-brightening-face-oil-detail-14-13x12.webp 13w, https:\/\/www.drrashel-bbg.com\/wp-content\/uploads\/2026\/01\/DRL-1912-Turmeric-brightening-face-oil-detail-14-600x535.webp 600w\" sizes=\"(max-width: 790px) 100vw, 790px\" \/><\/p>\n<p><strong><b>Beneficios del producto: <\/b><\/strong>Soothing &amp; hydrating Improve dullness Improves skin elasticity<\/p>\n<p><strong><b>C\u00f3mo utilizar:<\/b><\/strong><\/p>\n<p>After cleansing, put 1-2 drops on the palm, rub your hands together until the palms are slightly warm, lift up and massage according to the skin texture until absorbed.<\/p>\n<p><strong><b>Introducci\u00f3n de la marca:<\/b><\/strong><\/p>\n<p>DR\u00b7RASHEL fue fundada en 1989 por el Sr. BAKRI, un maestro de cuidado de la piel, con treinta a\u00f1os de experiencia en productos. Centrado en la salud, el Sr. BAKRI desarroll\u00f3 f\u00f3rmulas precisas para los ingredientes naturales para maximizar la salud de la piel y el brillo vibrante, un principio aplicado en la amplia gama de productos de cuidado de la piel de DR\u00b7RASHEL.<\/p>\n<p>Los productos de DR\u00b7RASHEL est\u00e1n extendidos por todo el mundo y son bienvenidos por clientes en cinco continentes, m\u00e1s espec\u00edficamente, en Oriente Medio, Am\u00e9rica del Sur y Europa.<\/p>\n<p>Exportamos a m\u00e1s de 100 pa\u00edses, incluyendo Emiratos \u00c1rabes Unidos, Rusia, Am\u00e9rica, M\u00e9xico, Australia, Arabia Saudita, Brasil, India y Sud\u00e1frica.<\/p>\n<p>Tenemos ISO, GMPC American European Union International Autoritative Double Certification, Advanced R &amp; amp; D equipo de prueba, miles de f\u00f3rmulas maduras y equipo de ventas de alta eficiencia y superioridad de precio competitivo. Nuestras categor\u00edas de productos son: productos de cuidado de la piel, productos de maquillaje, productos de lavado y cuidado.<\/p>\n<p><strong><b>Preguntas frecuentes:<\/b><\/strong><\/p>\n<h3 data-start=\"174\" data-end=\"211\"><span style=\"font-size: 12pt;\"><strong data-start=\"178\" data-end=\"211\">Q 1 \u2014 What is this product?<\/strong><\/span><\/h3>\n<p data-start=\"212\" data-end=\"481\"><span style=\"font-size: 12pt;\"><strong data-start=\"212\" data-end=\"218\">Q:<\/strong> <em data-start=\"219\" data-end=\"263\">What is the Turmeric Brightening Face Oil?<\/em><\/span><br data-start=\"263\" data-end=\"266\" \/><span style=\"font-size: 12pt;\"><strong data-start=\"266\" data-end=\"272\">R:<\/strong> It\u2019s a lightweight face oil designed to nourish and brighten dull or dry skin, powered by turmeric extract and other oils to help improve glow, hydration, and smoothness.<\/span><\/p>\n<hr data-start=\"483\" data-end=\"486\" \/>\n<h3 data-start=\"488\" data-end=\"519\"><span style=\"font-size: 12pt;\"><strong data-start=\"492\" data-end=\"519\">Q 2 \u2014 Who can use it?<\/strong><\/span><\/h3>\n<p data-start=\"520\" data-end=\"748\"><span style=\"font-size: 12pt;\"><strong data-start=\"520\" data-end=\"526\">Q:<\/strong> <em data-start=\"527\" data-end=\"563\">Is it suitable for all skin types?<\/em><\/span><br data-start=\"563\" data-end=\"566\" \/><span style=\"font-size: 12pt;\"><strong data-start=\"566\" data-end=\"572\">R:<\/strong> Yes, it\u2019s generally suitable for all skin types and can be used as part of your daily skincare routine to support hydration and radiance.<\/span><\/p>","protected":false},"excerpt":{"rendered":"<p><strong>Description: <\/strong>A lightweight yet powerful face oil developed to visibly nourish, brighten and smooth dry or dull skin. This luxurious blend of antioxidant-packed turmeric and vitamin-rich oils work together to soften and strengthen the skin to support its natural radiance.<\/p>\n<p><strong>N\u00famero de serie:<\/strong> DRL-1912<\/p>\n<p><strong>Tipo de piel aplicable:<\/strong> Adecuado para todos los tipos de piel;<\/p>\n<p><strong>Ingredientes principales:<\/strong> Extracto de c\u00farcuma<\/p>\n<p><strong>Contenido neto:<\/strong>80 ml<\/p>","protected":false},"featured_media":6068,"comment_status":"closed","ping_status":"closed","template":"","meta":[],"product_brand":[],"product_cat":[15,115],"product_tag":[],"class_list":{"0":"post-6043","1":"product","2":"type-product","3":"status-publish","4":"has-post-thumbnail","6":"product_cat-face-care","7":"product_cat-serum-essences","9":"first","10":"instock","11":"shipping-taxable","12":"product-type-simple"},"_links":{"self":[{"href":"https:\/\/www.drrashel-bbg.com\/es\/wp-json\/wp\/v2\/product\/6043","targetHints":{"allow":["GET"]}}],"collection":[{"href":"https:\/\/www.drrashel-bbg.com\/es\/wp-json\/wp\/v2\/product"}],"about":[{"href":"https:\/\/www.drrashel-bbg.com\/es\/wp-json\/wp\/v2\/types\/product"}],"replies":[{"embeddable":true,"href":"https:\/\/www.drrashel-bbg.com\/es\/wp-json\/wp\/v2\/comments?post=6043"}],"wp:featuredmedia":[{"embeddable":true,"href":"https:\/\/www.drrashel-bbg.com\/es\/wp-json\/wp\/v2\/media\/6068"}],"wp:attachment":[{"href":"https:\/\/www.drrashel-bbg.com\/es\/wp-json\/wp\/v2\/media?parent=6043"}],"wp:term":[{"taxonomy":"product_brand","embeddable":true,"href":"https:\/\/www.drrashel-bbg.com\/es\/wp-json\/wp\/v2\/product_brand?post=6043"},{"taxonomy":"product_cat","embeddable":true,"href":"https:\/\/www.drrashel-bbg.com\/es\/wp-json\/wp\/v2\/product_cat?post=6043"},{"taxonomy":"product_tag","embeddable":true,"href":"https:\/\/www.drrashel-bbg.com\/es\/wp-json\/wp\/v2\/product_tag?post=6043"}],"curies":[{"name":"wp","href":"https:\/\/api.w.org\/{rel}","templated":true}]}}