{"id":6242,"date":"2026-01-23T16:13:44","date_gmt":"2026-01-23T08:13:44","guid":{"rendered":"https:\/\/www.drrashel-bbg.com\/?post_type=product&#038;p=6242"},"modified":"2026-01-23T16:27:13","modified_gmt":"2026-01-23T08:27:13","slug":"turmeric-brightening-face-cream","status":"publish","type":"product","link":"https:\/\/www.drrashel-bbg.com\/es\/cream\/turmeric-brightening-face-cream\/","title":{"rendered":"Turmeric brightening face cream"},"content":{"rendered":"<p><img fetchpriority=\"high\" decoding=\"async\" class=\"alignnone size-full wp-image-6250\" src=\"https:\/\/www.drrashel-bbg.com\/wp-content\/uploads\/2026\/01\/DRL-1914-Turmeric-brightening-face-cream-detail-1.webp\" alt=\"\" width=\"790\" height=\"1083\" srcset=\"https:\/\/www.drrashel-bbg.com\/wp-content\/uploads\/2026\/01\/DRL-1914-Turmeric-brightening-face-cream-detail-1.webp 790w, https:\/\/www.drrashel-bbg.com\/wp-content\/uploads\/2026\/01\/DRL-1914-Turmeric-brightening-face-cream-detail-1-219x300.webp 219w, https:\/\/www.drrashel-bbg.com\/wp-content\/uploads\/2026\/01\/DRL-1914-Turmeric-brightening-face-cream-detail-1-747x1024.webp 747w, https:\/\/www.drrashel-bbg.com\/wp-content\/uploads\/2026\/01\/DRL-1914-Turmeric-brightening-face-cream-detail-1-768x1053.webp 768w, https:\/\/www.drrashel-bbg.com\/wp-content\/uploads\/2026\/01\/DRL-1914-Turmeric-brightening-face-cream-detail-1-9x12.webp 9w, https:\/\/www.drrashel-bbg.com\/wp-content\/uploads\/2026\/01\/DRL-1914-Turmeric-brightening-face-cream-detail-1-600x823.webp 600w\" sizes=\"(max-width: 790px) 100vw, 790px\" \/> <img decoding=\"async\" class=\"alignnone size-full wp-image-6251\" src=\"https:\/\/www.drrashel-bbg.com\/wp-content\/uploads\/2026\/01\/DRL-1914-Turmeric-brightening-face-cream-detail-2.webp\" alt=\"\" width=\"790\" height=\"673\" srcset=\"https:\/\/www.drrashel-bbg.com\/wp-content\/uploads\/2026\/01\/DRL-1914-Turmeric-brightening-face-cream-detail-2.webp 790w, https:\/\/www.drrashel-bbg.com\/wp-content\/uploads\/2026\/01\/DRL-1914-Turmeric-brightening-face-cream-detail-2-300x256.webp 300w, https:\/\/www.drrashel-bbg.com\/wp-content\/uploads\/2026\/01\/DRL-1914-Turmeric-brightening-face-cream-detail-2-768x654.webp 768w, https:\/\/www.drrashel-bbg.com\/wp-content\/uploads\/2026\/01\/DRL-1914-Turmeric-brightening-face-cream-detail-2-14x12.webp 14w, https:\/\/www.drrashel-bbg.com\/wp-content\/uploads\/2026\/01\/DRL-1914-Turmeric-brightening-face-cream-detail-2-600x511.webp 600w\" sizes=\"(max-width: 790px) 100vw, 790px\" \/> <img decoding=\"async\" class=\"alignnone size-full wp-image-6252\" src=\"https:\/\/www.drrashel-bbg.com\/wp-content\/uploads\/2026\/01\/DRL-1914-Turmeric-brightening-face-cream-detail-3.webp\" alt=\"\" width=\"790\" height=\"1038\" srcset=\"https:\/\/www.drrashel-bbg.com\/wp-content\/uploads\/2026\/01\/DRL-1914-Turmeric-brightening-face-cream-detail-3.webp 790w, https:\/\/www.drrashel-bbg.com\/wp-content\/uploads\/2026\/01\/DRL-1914-Turmeric-brightening-face-cream-detail-3-228x300.webp 228w, https:\/\/www.drrashel-bbg.com\/wp-content\/uploads\/2026\/01\/DRL-1914-Turmeric-brightening-face-cream-detail-3-779x1024.webp 779w, https:\/\/www.drrashel-bbg.com\/wp-content\/uploads\/2026\/01\/DRL-1914-Turmeric-brightening-face-cream-detail-3-768x1009.webp 768w, https:\/\/www.drrashel-bbg.com\/wp-content\/uploads\/2026\/01\/DRL-1914-Turmeric-brightening-face-cream-detail-3-9x12.webp 9w, https:\/\/www.drrashel-bbg.com\/wp-content\/uploads\/2026\/01\/DRL-1914-Turmeric-brightening-face-cream-detail-3-600x788.webp 600w\" sizes=\"(max-width: 790px) 100vw, 790px\" \/> <img loading=\"lazy\" decoding=\"async\" class=\"alignnone size-full wp-image-6253\" src=\"https:\/\/www.drrashel-bbg.com\/wp-content\/uploads\/2026\/01\/DRL-1914-Turmeric-brightening-face-cream-detail-4.webp\" alt=\"\" width=\"790\" height=\"1147\" srcset=\"https:\/\/www.drrashel-bbg.com\/wp-content\/uploads\/2026\/01\/DRL-1914-Turmeric-brightening-face-cream-detail-4.webp 790w, https:\/\/www.drrashel-bbg.com\/wp-content\/uploads\/2026\/01\/DRL-1914-Turmeric-brightening-face-cream-detail-4-207x300.webp 207w, https:\/\/www.drrashel-bbg.com\/wp-content\/uploads\/2026\/01\/DRL-1914-Turmeric-brightening-face-cream-detail-4-705x1024.webp 705w, https:\/\/www.drrashel-bbg.com\/wp-content\/uploads\/2026\/01\/DRL-1914-Turmeric-brightening-face-cream-detail-4-768x1115.webp 768w, https:\/\/www.drrashel-bbg.com\/wp-content\/uploads\/2026\/01\/DRL-1914-Turmeric-brightening-face-cream-detail-4-8x12.webp 8w, https:\/\/www.drrashel-bbg.com\/wp-content\/uploads\/2026\/01\/DRL-1914-Turmeric-brightening-face-cream-detail-4-600x871.webp 600w\" sizes=\"(max-width: 790px) 100vw, 790px\" \/> <img loading=\"lazy\" decoding=\"async\" class=\"alignnone size-full wp-image-6254\" src=\"https:\/\/www.drrashel-bbg.com\/wp-content\/uploads\/2026\/01\/DRL-1914-Turmeric-brightening-face-cream-detail-5.webp\" alt=\"\" width=\"790\" height=\"1262\" srcset=\"https:\/\/www.drrashel-bbg.com\/wp-content\/uploads\/2026\/01\/DRL-1914-Turmeric-brightening-face-cream-detail-5.webp 790w, https:\/\/www.drrashel-bbg.com\/wp-content\/uploads\/2026\/01\/DRL-1914-Turmeric-brightening-face-cream-detail-5-188x300.webp 188w, https:\/\/www.drrashel-bbg.com\/wp-content\/uploads\/2026\/01\/DRL-1914-Turmeric-brightening-face-cream-detail-5-641x1024.webp 641w, https:\/\/www.drrashel-bbg.com\/wp-content\/uploads\/2026\/01\/DRL-1914-Turmeric-brightening-face-cream-detail-5-768x1227.webp 768w, https:\/\/www.drrashel-bbg.com\/wp-content\/uploads\/2026\/01\/DRL-1914-Turmeric-brightening-face-cream-detail-5-8x12.webp 8w, https:\/\/www.drrashel-bbg.com\/wp-content\/uploads\/2026\/01\/DRL-1914-Turmeric-brightening-face-cream-detail-5-600x958.webp 600w\" sizes=\"(max-width: 790px) 100vw, 790px\" \/> <img loading=\"lazy\" decoding=\"async\" class=\"alignnone size-full wp-image-6255\" src=\"https:\/\/www.drrashel-bbg.com\/wp-content\/uploads\/2026\/01\/DRL-1914-Turmeric-brightening-face-cream-detail-6.webp\" alt=\"\" width=\"790\" height=\"1165\" srcset=\"https:\/\/www.drrashel-bbg.com\/wp-content\/uploads\/2026\/01\/DRL-1914-Turmeric-brightening-face-cream-detail-6.webp 790w, https:\/\/www.drrashel-bbg.com\/wp-content\/uploads\/2026\/01\/DRL-1914-Turmeric-brightening-face-cream-detail-6-203x300.webp 203w, https:\/\/www.drrashel-bbg.com\/wp-content\/uploads\/2026\/01\/DRL-1914-Turmeric-brightening-face-cream-detail-6-694x1024.webp 694w, https:\/\/www.drrashel-bbg.com\/wp-content\/uploads\/2026\/01\/DRL-1914-Turmeric-brightening-face-cream-detail-6-768x1133.webp 768w, https:\/\/www.drrashel-bbg.com\/wp-content\/uploads\/2026\/01\/DRL-1914-Turmeric-brightening-face-cream-detail-6-8x12.webp 8w, https:\/\/www.drrashel-bbg.com\/wp-content\/uploads\/2026\/01\/DRL-1914-Turmeric-brightening-face-cream-detail-6-600x885.webp 600w\" sizes=\"(max-width: 790px) 100vw, 790px\" \/> <img loading=\"lazy\" decoding=\"async\" class=\"alignnone size-full wp-image-6256\" src=\"https:\/\/www.drrashel-bbg.com\/wp-content\/uploads\/2026\/01\/DRL-1914-Turmeric-brightening-face-cream-detail-7.webp\" alt=\"\" width=\"790\" height=\"1154\" srcset=\"https:\/\/www.drrashel-bbg.com\/wp-content\/uploads\/2026\/01\/DRL-1914-Turmeric-brightening-face-cream-detail-7.webp 790w, https:\/\/www.drrashel-bbg.com\/wp-content\/uploads\/2026\/01\/DRL-1914-Turmeric-brightening-face-cream-detail-7-205x300.webp 205w, https:\/\/www.drrashel-bbg.com\/wp-content\/uploads\/2026\/01\/DRL-1914-Turmeric-brightening-face-cream-detail-7-701x1024.webp 701w, https:\/\/www.drrashel-bbg.com\/wp-content\/uploads\/2026\/01\/DRL-1914-Turmeric-brightening-face-cream-detail-7-768x1122.webp 768w, https:\/\/www.drrashel-bbg.com\/wp-content\/uploads\/2026\/01\/DRL-1914-Turmeric-brightening-face-cream-detail-7-8x12.webp 8w, https:\/\/www.drrashel-bbg.com\/wp-content\/uploads\/2026\/01\/DRL-1914-Turmeric-brightening-face-cream-detail-7-600x876.webp 600w\" sizes=\"(max-width: 790px) 100vw, 790px\" \/> <img loading=\"lazy\" decoding=\"async\" class=\"alignnone size-full wp-image-6257\" src=\"https:\/\/www.drrashel-bbg.com\/wp-content\/uploads\/2026\/01\/DRL-1914-Turmeric-brightening-face-cream-detail-8.webp\" alt=\"\" width=\"790\" height=\"1144\" srcset=\"https:\/\/www.drrashel-bbg.com\/wp-content\/uploads\/2026\/01\/DRL-1914-Turmeric-brightening-face-cream-detail-8.webp 790w, https:\/\/www.drrashel-bbg.com\/wp-content\/uploads\/2026\/01\/DRL-1914-Turmeric-brightening-face-cream-detail-8-207x300.webp 207w, https:\/\/www.drrashel-bbg.com\/wp-content\/uploads\/2026\/01\/DRL-1914-Turmeric-brightening-face-cream-detail-8-707x1024.webp 707w, https:\/\/www.drrashel-bbg.com\/wp-content\/uploads\/2026\/01\/DRL-1914-Turmeric-brightening-face-cream-detail-8-768x1112.webp 768w, https:\/\/www.drrashel-bbg.com\/wp-content\/uploads\/2026\/01\/DRL-1914-Turmeric-brightening-face-cream-detail-8-8x12.webp 8w, https:\/\/www.drrashel-bbg.com\/wp-content\/uploads\/2026\/01\/DRL-1914-Turmeric-brightening-face-cream-detail-8-600x869.webp 600w\" sizes=\"(max-width: 790px) 100vw, 790px\" \/> <img loading=\"lazy\" decoding=\"async\" class=\"alignnone size-full wp-image-6258\" src=\"https:\/\/www.drrashel-bbg.com\/wp-content\/uploads\/2026\/01\/DRL-1914-Turmeric-brightening-face-cream-detail-9.webp\" alt=\"\" width=\"790\" height=\"610\" srcset=\"https:\/\/www.drrashel-bbg.com\/wp-content\/uploads\/2026\/01\/DRL-1914-Turmeric-brightening-face-cream-detail-9.webp 790w, https:\/\/www.drrashel-bbg.com\/wp-content\/uploads\/2026\/01\/DRL-1914-Turmeric-brightening-face-cream-detail-9-300x232.webp 300w, https:\/\/www.drrashel-bbg.com\/wp-content\/uploads\/2026\/01\/DRL-1914-Turmeric-brightening-face-cream-detail-9-768x593.webp 768w, https:\/\/www.drrashel-bbg.com\/wp-content\/uploads\/2026\/01\/DRL-1914-Turmeric-brightening-face-cream-detail-9-16x12.webp 16w, https:\/\/www.drrashel-bbg.com\/wp-content\/uploads\/2026\/01\/DRL-1914-Turmeric-brightening-face-cream-detail-9-600x463.webp 600w\" sizes=\"(max-width: 790px) 100vw, 790px\" \/> <img loading=\"lazy\" decoding=\"async\" class=\"alignnone size-full wp-image-6259\" src=\"https:\/\/www.drrashel-bbg.com\/wp-content\/uploads\/2026\/01\/DRL-1914-Turmeric-brightening-face-cream-detail-10.webp\" alt=\"\" width=\"790\" height=\"855\" srcset=\"https:\/\/www.drrashel-bbg.com\/wp-content\/uploads\/2026\/01\/DRL-1914-Turmeric-brightening-face-cream-detail-10.webp 790w, https:\/\/www.drrashel-bbg.com\/wp-content\/uploads\/2026\/01\/DRL-1914-Turmeric-brightening-face-cream-detail-10-277x300.webp 277w, https:\/\/www.drrashel-bbg.com\/wp-content\/uploads\/2026\/01\/DRL-1914-Turmeric-brightening-face-cream-detail-10-768x831.webp 768w, https:\/\/www.drrashel-bbg.com\/wp-content\/uploads\/2026\/01\/DRL-1914-Turmeric-brightening-face-cream-detail-10-11x12.webp 11w, https:\/\/www.drrashel-bbg.com\/wp-content\/uploads\/2026\/01\/DRL-1914-Turmeric-brightening-face-cream-detail-10-600x649.webp 600w\" sizes=\"(max-width: 790px) 100vw, 790px\" \/> <img loading=\"lazy\" decoding=\"async\" class=\"alignnone size-full wp-image-6260\" src=\"https:\/\/www.drrashel-bbg.com\/wp-content\/uploads\/2026\/01\/DRL-1914-Turmeric-brightening-face-cream-detail-11.webp\" alt=\"\" width=\"790\" height=\"493\" srcset=\"https:\/\/www.drrashel-bbg.com\/wp-content\/uploads\/2026\/01\/DRL-1914-Turmeric-brightening-face-cream-detail-11.webp 790w, https:\/\/www.drrashel-bbg.com\/wp-content\/uploads\/2026\/01\/DRL-1914-Turmeric-brightening-face-cream-detail-11-300x187.webp 300w, https:\/\/www.drrashel-bbg.com\/wp-content\/uploads\/2026\/01\/DRL-1914-Turmeric-brightening-face-cream-detail-11-768x479.webp 768w, https:\/\/www.drrashel-bbg.com\/wp-content\/uploads\/2026\/01\/DRL-1914-Turmeric-brightening-face-cream-detail-11-18x12.webp 18w, https:\/\/www.drrashel-bbg.com\/wp-content\/uploads\/2026\/01\/DRL-1914-Turmeric-brightening-face-cream-detail-11-600x374.webp 600w\" sizes=\"(max-width: 790px) 100vw, 790px\" \/> <img loading=\"lazy\" decoding=\"async\" class=\"alignnone size-full wp-image-6261\" src=\"https:\/\/www.drrashel-bbg.com\/wp-content\/uploads\/2026\/01\/DRL-1914-Turmeric-brightening-face-cream-detail-12.webp\" alt=\"\" width=\"790\" height=\"593\" srcset=\"https:\/\/www.drrashel-bbg.com\/wp-content\/uploads\/2026\/01\/DRL-1914-Turmeric-brightening-face-cream-detail-12.webp 790w, https:\/\/www.drrashel-bbg.com\/wp-content\/uploads\/2026\/01\/DRL-1914-Turmeric-brightening-face-cream-detail-12-300x225.webp 300w, https:\/\/www.drrashel-bbg.com\/wp-content\/uploads\/2026\/01\/DRL-1914-Turmeric-brightening-face-cream-detail-12-768x576.webp 768w, https:\/\/www.drrashel-bbg.com\/wp-content\/uploads\/2026\/01\/DRL-1914-Turmeric-brightening-face-cream-detail-12-16x12.webp 16w, https:\/\/www.drrashel-bbg.com\/wp-content\/uploads\/2026\/01\/DRL-1914-Turmeric-brightening-face-cream-detail-12-600x450.webp 600w\" sizes=\"(max-width: 790px) 100vw, 790px\" \/> <img loading=\"lazy\" decoding=\"async\" class=\"alignnone size-full wp-image-6262\" src=\"https:\/\/www.drrashel-bbg.com\/wp-content\/uploads\/2026\/01\/DRL-1914-Turmeric-brightening-face-cream-detail-13.webp\" alt=\"\" width=\"790\" height=\"613\" srcset=\"https:\/\/www.drrashel-bbg.com\/wp-content\/uploads\/2026\/01\/DRL-1914-Turmeric-brightening-face-cream-detail-13.webp 790w, https:\/\/www.drrashel-bbg.com\/wp-content\/uploads\/2026\/01\/DRL-1914-Turmeric-brightening-face-cream-detail-13-300x233.webp 300w, https:\/\/www.drrashel-bbg.com\/wp-content\/uploads\/2026\/01\/DRL-1914-Turmeric-brightening-face-cream-detail-13-768x596.webp 768w, https:\/\/www.drrashel-bbg.com\/wp-content\/uploads\/2026\/01\/DRL-1914-Turmeric-brightening-face-cream-detail-13-15x12.webp 15w, https:\/\/www.drrashel-bbg.com\/wp-content\/uploads\/2026\/01\/DRL-1914-Turmeric-brightening-face-cream-detail-13-600x466.webp 600w\" sizes=\"(max-width: 790px) 100vw, 790px\" \/> <img loading=\"lazy\" decoding=\"async\" class=\"alignnone size-full wp-image-6263\" src=\"https:\/\/www.drrashel-bbg.com\/wp-content\/uploads\/2026\/01\/DRL-1914-Turmeric-brightening-face-cream-detail-14.webp\" alt=\"\" width=\"790\" height=\"577\" srcset=\"https:\/\/www.drrashel-bbg.com\/wp-content\/uploads\/2026\/01\/DRL-1914-Turmeric-brightening-face-cream-detail-14.webp 790w, https:\/\/www.drrashel-bbg.com\/wp-content\/uploads\/2026\/01\/DRL-1914-Turmeric-brightening-face-cream-detail-14-300x219.webp 300w, https:\/\/www.drrashel-bbg.com\/wp-content\/uploads\/2026\/01\/DRL-1914-Turmeric-brightening-face-cream-detail-14-768x561.webp 768w, https:\/\/www.drrashel-bbg.com\/wp-content\/uploads\/2026\/01\/DRL-1914-Turmeric-brightening-face-cream-detail-14-16x12.webp 16w, https:\/\/www.drrashel-bbg.com\/wp-content\/uploads\/2026\/01\/DRL-1914-Turmeric-brightening-face-cream-detail-14-600x438.webp 600w\" sizes=\"(max-width: 790px) 100vw, 790px\" \/><\/p>\n<p><strong>Product Benefit:<\/strong> Improve dull &amp; dry skin Fade blemishes Brightening complexion<\/p>\n<p><strong>How to use\uff1a<\/strong>Cleanse skin and remove mask from packaging. There is total 2 layers of face mask, take down the white pearl film, spread the silk mask out and apply carefully onto the face, resting on the face for 15-20 minutes. Take off the mask and gently pat the face, Excess serum can be applied to neck, Shoulder and hands<\/p>\n<p><strong><b>Introducci\u00f3n de la marca:<\/b><\/strong><\/p>\n<p>DR\u00b7RASHEL fue fundada en 1989 por el Sr. BAKRI, un maestro de cuidado de la piel, con treinta a\u00f1os de experiencia en productos. Centrado en la salud, el Sr. BAKRI desarroll\u00f3 f\u00f3rmulas precisas para los ingredientes naturales para maximizar la salud de la piel y el brillo vibrante, un principio aplicado en la amplia gama de productos de cuidado de la piel de DR\u00b7RASHEL.<\/p>\n<p>Los productos de DR\u00b7RASHEL est\u00e1n extendidos por todo el mundo y son bienvenidos por clientes en cinco continentes, m\u00e1s espec\u00edficamente, en Oriente Medio, Am\u00e9rica del Sur y Europa.<\/p>\n<p>Exportamos a m\u00e1s de 100 pa\u00edses, incluyendo Emiratos \u00c1rabes Unidos, Rusia, Am\u00e9rica, M\u00e9xico, Australia, Arabia Saudita, Brasil, India y Sud\u00e1frica.<\/p>\n<p>Tenemos ISO, GMPC American European Union International Autoritative Double Certification, Advanced R &amp; amp; D equipo de prueba, miles de f\u00f3rmulas maduras y equipo de ventas de alta eficiencia y superioridad de precio competitivo. Nuestras categor\u00edas de productos son: productos de cuidado de la piel, productos de maquillaje, productos de lavado y cuidado.<\/p>\n<p><strong>FAQ\uff1a<\/strong><\/p>\n<p><strong>Q1: <\/strong>How long should the sheet mask be left on the skin?<\/p>\n<p>Leave the mask on for about 15\u201320 minutes, then remove and gently massage the remaining essence.<br \/>\n<strong>Q2:<\/strong>How often can I use this sheet mask?<\/p>\n<p>It can be used 2\u20133 times a week, depending on your skin needs.<\/p>","protected":false},"excerpt":{"rendered":"<p><strong>Description:<\/strong>Our turmeric facial mask is designed to rejuvenate and brighten your skin, giving you a fresh, radiant complexion. Infused with potent turmeric, this sheet mask helps to even out skin tone, reduce the appearance of dark spots, and enhance your natural glow. Ideal for all skin types, it&#8217;s your perfect solution for dull, tired-looking skin.<br \/>\n<strong>N\u00famero de serie:<\/strong> DRL-1915<br \/>\n<strong>Tipo de piel aplicable:<\/strong> Adecuado para todos los tipos de piel;<br \/>\n<strong>Core Ingredience:<\/strong> Extracto de c\u00farcuma<br \/>\n<strong>Contenido neto:<\/strong>25g*10pcs<\/p>","protected":false},"featured_media":6243,"comment_status":"closed","ping_status":"closed","template":"","meta":[],"product_brand":[],"product_cat":[116,15],"product_tag":[],"class_list":{"0":"post-6242","1":"product","2":"type-product","3":"status-publish","4":"has-post-thumbnail","6":"product_cat-cream","7":"product_cat-face-care","9":"first","10":"instock","11":"shipping-taxable","12":"product-type-simple"},"_links":{"self":[{"href":"https:\/\/www.drrashel-bbg.com\/es\/wp-json\/wp\/v2\/product\/6242","targetHints":{"allow":["GET"]}}],"collection":[{"href":"https:\/\/www.drrashel-bbg.com\/es\/wp-json\/wp\/v2\/product"}],"about":[{"href":"https:\/\/www.drrashel-bbg.com\/es\/wp-json\/wp\/v2\/types\/product"}],"replies":[{"embeddable":true,"href":"https:\/\/www.drrashel-bbg.com\/es\/wp-json\/wp\/v2\/comments?post=6242"}],"wp:featuredmedia":[{"embeddable":true,"href":"https:\/\/www.drrashel-bbg.com\/es\/wp-json\/wp\/v2\/media\/6243"}],"wp:attachment":[{"href":"https:\/\/www.drrashel-bbg.com\/es\/wp-json\/wp\/v2\/media?parent=6242"}],"wp:term":[{"taxonomy":"product_brand","embeddable":true,"href":"https:\/\/www.drrashel-bbg.com\/es\/wp-json\/wp\/v2\/product_brand?post=6242"},{"taxonomy":"product_cat","embeddable":true,"href":"https:\/\/www.drrashel-bbg.com\/es\/wp-json\/wp\/v2\/product_cat?post=6242"},{"taxonomy":"product_tag","embeddable":true,"href":"https:\/\/www.drrashel-bbg.com\/es\/wp-json\/wp\/v2\/product_tag?post=6242"}],"curies":[{"name":"wp","href":"https:\/\/api.w.org\/{rel}","templated":true}]}}