{"id":6264,"date":"2026-01-23T16:17:31","date_gmt":"2026-01-23T08:17:31","guid":{"rendered":"https:\/\/www.drrashel-bbg.com\/?post_type=product&#038;p=6264"},"modified":"2026-01-23T16:26:39","modified_gmt":"2026-01-23T08:26:39","slug":"turmeric-brightening-soap","status":"publish","type":"product","link":"https:\/\/www.drrashel-bbg.com\/es\/cleansing\/turmeric-brightening-soap\/","title":{"rendered":"Turmeric brightening soap"},"content":{"rendered":"<p><img fetchpriority=\"high\" decoding=\"async\" class=\"alignnone size-full wp-image-6272\" src=\"https:\/\/www.drrashel-bbg.com\/wp-content\/uploads\/2026\/01\/DRL-1916-Turmeric-brightening-soap-detail-1.webp\" alt=\"\" width=\"790\" height=\"1118\" srcset=\"https:\/\/www.drrashel-bbg.com\/wp-content\/uploads\/2026\/01\/DRL-1916-Turmeric-brightening-soap-detail-1.webp 790w, https:\/\/www.drrashel-bbg.com\/wp-content\/uploads\/2026\/01\/DRL-1916-Turmeric-brightening-soap-detail-1-212x300.webp 212w, https:\/\/www.drrashel-bbg.com\/wp-content\/uploads\/2026\/01\/DRL-1916-Turmeric-brightening-soap-detail-1-724x1024.webp 724w, https:\/\/www.drrashel-bbg.com\/wp-content\/uploads\/2026\/01\/DRL-1916-Turmeric-brightening-soap-detail-1-768x1087.webp 768w, https:\/\/www.drrashel-bbg.com\/wp-content\/uploads\/2026\/01\/DRL-1916-Turmeric-brightening-soap-detail-1-8x12.webp 8w, https:\/\/www.drrashel-bbg.com\/wp-content\/uploads\/2026\/01\/DRL-1916-Turmeric-brightening-soap-detail-1-600x849.webp 600w\" sizes=\"(max-width: 790px) 100vw, 790px\" \/> <img decoding=\"async\" class=\"alignnone size-full wp-image-6273\" src=\"https:\/\/www.drrashel-bbg.com\/wp-content\/uploads\/2026\/01\/DRL-1916-Turmeric-brightening-soap-detail-2.webp\" alt=\"\" width=\"790\" height=\"1011\" srcset=\"https:\/\/www.drrashel-bbg.com\/wp-content\/uploads\/2026\/01\/DRL-1916-Turmeric-brightening-soap-detail-2.webp 790w, https:\/\/www.drrashel-bbg.com\/wp-content\/uploads\/2026\/01\/DRL-1916-Turmeric-brightening-soap-detail-2-234x300.webp 234w, https:\/\/www.drrashel-bbg.com\/wp-content\/uploads\/2026\/01\/DRL-1916-Turmeric-brightening-soap-detail-2-768x983.webp 768w, https:\/\/www.drrashel-bbg.com\/wp-content\/uploads\/2026\/01\/DRL-1916-Turmeric-brightening-soap-detail-2-9x12.webp 9w, https:\/\/www.drrashel-bbg.com\/wp-content\/uploads\/2026\/01\/DRL-1916-Turmeric-brightening-soap-detail-2-600x768.webp 600w\" sizes=\"(max-width: 790px) 100vw, 790px\" \/> <img decoding=\"async\" class=\"alignnone size-full wp-image-6274\" src=\"https:\/\/www.drrashel-bbg.com\/wp-content\/uploads\/2026\/01\/DRL-1916-Turmeric-brightening-soap-detail-3.webp\" alt=\"\" width=\"790\" height=\"1126\" srcset=\"https:\/\/www.drrashel-bbg.com\/wp-content\/uploads\/2026\/01\/DRL-1916-Turmeric-brightening-soap-detail-3.webp 790w, https:\/\/www.drrashel-bbg.com\/wp-content\/uploads\/2026\/01\/DRL-1916-Turmeric-brightening-soap-detail-3-210x300.webp 210w, https:\/\/www.drrashel-bbg.com\/wp-content\/uploads\/2026\/01\/DRL-1916-Turmeric-brightening-soap-detail-3-718x1024.webp 718w, https:\/\/www.drrashel-bbg.com\/wp-content\/uploads\/2026\/01\/DRL-1916-Turmeric-brightening-soap-detail-3-768x1095.webp 768w, https:\/\/www.drrashel-bbg.com\/wp-content\/uploads\/2026\/01\/DRL-1916-Turmeric-brightening-soap-detail-3-8x12.webp 8w, https:\/\/www.drrashel-bbg.com\/wp-content\/uploads\/2026\/01\/DRL-1916-Turmeric-brightening-soap-detail-3-600x855.webp 600w\" sizes=\"(max-width: 790px) 100vw, 790px\" \/> <img loading=\"lazy\" decoding=\"async\" class=\"alignnone size-full wp-image-6275\" src=\"https:\/\/www.drrashel-bbg.com\/wp-content\/uploads\/2026\/01\/DRL-1916-Turmeric-brightening-soap-detail-4.webp\" alt=\"\" width=\"790\" height=\"1063\" srcset=\"https:\/\/www.drrashel-bbg.com\/wp-content\/uploads\/2026\/01\/DRL-1916-Turmeric-brightening-soap-detail-4.webp 790w, https:\/\/www.drrashel-bbg.com\/wp-content\/uploads\/2026\/01\/DRL-1916-Turmeric-brightening-soap-detail-4-223x300.webp 223w, https:\/\/www.drrashel-bbg.com\/wp-content\/uploads\/2026\/01\/DRL-1916-Turmeric-brightening-soap-detail-4-761x1024.webp 761w, https:\/\/www.drrashel-bbg.com\/wp-content\/uploads\/2026\/01\/DRL-1916-Turmeric-brightening-soap-detail-4-768x1033.webp 768w, https:\/\/www.drrashel-bbg.com\/wp-content\/uploads\/2026\/01\/DRL-1916-Turmeric-brightening-soap-detail-4-9x12.webp 9w, https:\/\/www.drrashel-bbg.com\/wp-content\/uploads\/2026\/01\/DRL-1916-Turmeric-brightening-soap-detail-4-600x807.webp 600w\" sizes=\"(max-width: 790px) 100vw, 790px\" \/> <img loading=\"lazy\" decoding=\"async\" class=\"alignnone size-full wp-image-6276\" src=\"https:\/\/www.drrashel-bbg.com\/wp-content\/uploads\/2026\/01\/DRL-1916-Turmeric-brightening-soap-detail-5.webp\" alt=\"\" width=\"790\" height=\"1135\" srcset=\"https:\/\/www.drrashel-bbg.com\/wp-content\/uploads\/2026\/01\/DRL-1916-Turmeric-brightening-soap-detail-5.webp 790w, https:\/\/www.drrashel-bbg.com\/wp-content\/uploads\/2026\/01\/DRL-1916-Turmeric-brightening-soap-detail-5-209x300.webp 209w, https:\/\/www.drrashel-bbg.com\/wp-content\/uploads\/2026\/01\/DRL-1916-Turmeric-brightening-soap-detail-5-713x1024.webp 713w, https:\/\/www.drrashel-bbg.com\/wp-content\/uploads\/2026\/01\/DRL-1916-Turmeric-brightening-soap-detail-5-768x1103.webp 768w, https:\/\/www.drrashel-bbg.com\/wp-content\/uploads\/2026\/01\/DRL-1916-Turmeric-brightening-soap-detail-5-8x12.webp 8w, https:\/\/www.drrashel-bbg.com\/wp-content\/uploads\/2026\/01\/DRL-1916-Turmeric-brightening-soap-detail-5-600x862.webp 600w\" sizes=\"(max-width: 790px) 100vw, 790px\" \/> <img loading=\"lazy\" decoding=\"async\" class=\"alignnone size-full wp-image-6277\" src=\"https:\/\/www.drrashel-bbg.com\/wp-content\/uploads\/2026\/01\/DRL-1916-Turmeric-brightening-soap-detail-6.webp\" alt=\"\" width=\"790\" height=\"1090\" srcset=\"https:\/\/www.drrashel-bbg.com\/wp-content\/uploads\/2026\/01\/DRL-1916-Turmeric-brightening-soap-detail-6.webp 790w, https:\/\/www.drrashel-bbg.com\/wp-content\/uploads\/2026\/01\/DRL-1916-Turmeric-brightening-soap-detail-6-217x300.webp 217w, https:\/\/www.drrashel-bbg.com\/wp-content\/uploads\/2026\/01\/DRL-1916-Turmeric-brightening-soap-detail-6-742x1024.webp 742w, https:\/\/www.drrashel-bbg.com\/wp-content\/uploads\/2026\/01\/DRL-1916-Turmeric-brightening-soap-detail-6-768x1060.webp 768w, https:\/\/www.drrashel-bbg.com\/wp-content\/uploads\/2026\/01\/DRL-1916-Turmeric-brightening-soap-detail-6-9x12.webp 9w, https:\/\/www.drrashel-bbg.com\/wp-content\/uploads\/2026\/01\/DRL-1916-Turmeric-brightening-soap-detail-6-600x828.webp 600w\" sizes=\"(max-width: 790px) 100vw, 790px\" \/> <img loading=\"lazy\" decoding=\"async\" class=\"alignnone size-full wp-image-6278\" src=\"https:\/\/www.drrashel-bbg.com\/wp-content\/uploads\/2026\/01\/DRL-1916-Turmeric-brightening-soap-detail-7.webp\" alt=\"\" width=\"790\" height=\"1122\" srcset=\"https:\/\/www.drrashel-bbg.com\/wp-content\/uploads\/2026\/01\/DRL-1916-Turmeric-brightening-soap-detail-7.webp 790w, https:\/\/www.drrashel-bbg.com\/wp-content\/uploads\/2026\/01\/DRL-1916-Turmeric-brightening-soap-detail-7-211x300.webp 211w, https:\/\/www.drrashel-bbg.com\/wp-content\/uploads\/2026\/01\/DRL-1916-Turmeric-brightening-soap-detail-7-721x1024.webp 721w, https:\/\/www.drrashel-bbg.com\/wp-content\/uploads\/2026\/01\/DRL-1916-Turmeric-brightening-soap-detail-7-768x1091.webp 768w, https:\/\/www.drrashel-bbg.com\/wp-content\/uploads\/2026\/01\/DRL-1916-Turmeric-brightening-soap-detail-7-8x12.webp 8w, https:\/\/www.drrashel-bbg.com\/wp-content\/uploads\/2026\/01\/DRL-1916-Turmeric-brightening-soap-detail-7-600x852.webp 600w\" sizes=\"(max-width: 790px) 100vw, 790px\" \/> <img loading=\"lazy\" decoding=\"async\" class=\"alignnone size-full wp-image-6279\" src=\"https:\/\/www.drrashel-bbg.com\/wp-content\/uploads\/2026\/01\/DRL-1916-Turmeric-brightening-soap-detail-8.webp\" alt=\"\" width=\"790\" height=\"1217\" srcset=\"https:\/\/www.drrashel-bbg.com\/wp-content\/uploads\/2026\/01\/DRL-1916-Turmeric-brightening-soap-detail-8.webp 790w, https:\/\/www.drrashel-bbg.com\/wp-content\/uploads\/2026\/01\/DRL-1916-Turmeric-brightening-soap-detail-8-195x300.webp 195w, https:\/\/www.drrashel-bbg.com\/wp-content\/uploads\/2026\/01\/DRL-1916-Turmeric-brightening-soap-detail-8-665x1024.webp 665w, https:\/\/www.drrashel-bbg.com\/wp-content\/uploads\/2026\/01\/DRL-1916-Turmeric-brightening-soap-detail-8-768x1183.webp 768w, https:\/\/www.drrashel-bbg.com\/wp-content\/uploads\/2026\/01\/DRL-1916-Turmeric-brightening-soap-detail-8-8x12.webp 8w, https:\/\/www.drrashel-bbg.com\/wp-content\/uploads\/2026\/01\/DRL-1916-Turmeric-brightening-soap-detail-8-600x924.webp 600w\" sizes=\"(max-width: 790px) 100vw, 790px\" \/> <img loading=\"lazy\" decoding=\"async\" class=\"alignnone size-full wp-image-6280\" src=\"https:\/\/www.drrashel-bbg.com\/wp-content\/uploads\/2026\/01\/DRL-1916-Turmeric-brightening-soap-detail-9.webp\" alt=\"\" width=\"790\" height=\"1132\" srcset=\"https:\/\/www.drrashel-bbg.com\/wp-content\/uploads\/2026\/01\/DRL-1916-Turmeric-brightening-soap-detail-9.webp 790w, https:\/\/www.drrashel-bbg.com\/wp-content\/uploads\/2026\/01\/DRL-1916-Turmeric-brightening-soap-detail-9-209x300.webp 209w, https:\/\/www.drrashel-bbg.com\/wp-content\/uploads\/2026\/01\/DRL-1916-Turmeric-brightening-soap-detail-9-715x1024.webp 715w, https:\/\/www.drrashel-bbg.com\/wp-content\/uploads\/2026\/01\/DRL-1916-Turmeric-brightening-soap-detail-9-768x1100.webp 768w, https:\/\/www.drrashel-bbg.com\/wp-content\/uploads\/2026\/01\/DRL-1916-Turmeric-brightening-soap-detail-9-8x12.webp 8w, https:\/\/www.drrashel-bbg.com\/wp-content\/uploads\/2026\/01\/DRL-1916-Turmeric-brightening-soap-detail-9-600x860.webp 600w\" sizes=\"(max-width: 790px) 100vw, 790px\" \/> <img loading=\"lazy\" decoding=\"async\" class=\"alignnone size-full wp-image-6281\" src=\"https:\/\/www.drrashel-bbg.com\/wp-content\/uploads\/2026\/01\/DRL-1916-Turmeric-brightening-soap-detail-10.webp\" alt=\"\" width=\"790\" height=\"878\" srcset=\"https:\/\/www.drrashel-bbg.com\/wp-content\/uploads\/2026\/01\/DRL-1916-Turmeric-brightening-soap-detail-10.webp 790w, https:\/\/www.drrashel-bbg.com\/wp-content\/uploads\/2026\/01\/DRL-1916-Turmeric-brightening-soap-detail-10-270x300.webp 270w, https:\/\/www.drrashel-bbg.com\/wp-content\/uploads\/2026\/01\/DRL-1916-Turmeric-brightening-soap-detail-10-768x854.webp 768w, https:\/\/www.drrashel-bbg.com\/wp-content\/uploads\/2026\/01\/DRL-1916-Turmeric-brightening-soap-detail-10-11x12.webp 11w, https:\/\/www.drrashel-bbg.com\/wp-content\/uploads\/2026\/01\/DRL-1916-Turmeric-brightening-soap-detail-10-600x667.webp 600w\" sizes=\"(max-width: 790px) 100vw, 790px\" \/> <img loading=\"lazy\" decoding=\"async\" class=\"alignnone size-full wp-image-6282\" src=\"https:\/\/www.drrashel-bbg.com\/wp-content\/uploads\/2026\/01\/DRL-1916-Turmeric-brightening-soap-detail-11.webp\" alt=\"\" width=\"790\" height=\"600\" srcset=\"https:\/\/www.drrashel-bbg.com\/wp-content\/uploads\/2026\/01\/DRL-1916-Turmeric-brightening-soap-detail-11.webp 790w, https:\/\/www.drrashel-bbg.com\/wp-content\/uploads\/2026\/01\/DRL-1916-Turmeric-brightening-soap-detail-11-300x228.webp 300w, https:\/\/www.drrashel-bbg.com\/wp-content\/uploads\/2026\/01\/DRL-1916-Turmeric-brightening-soap-detail-11-768x583.webp 768w, https:\/\/www.drrashel-bbg.com\/wp-content\/uploads\/2026\/01\/DRL-1916-Turmeric-brightening-soap-detail-11-16x12.webp 16w, https:\/\/www.drrashel-bbg.com\/wp-content\/uploads\/2026\/01\/DRL-1916-Turmeric-brightening-soap-detail-11-600x456.webp 600w\" sizes=\"(max-width: 790px) 100vw, 790px\" \/> <img loading=\"lazy\" decoding=\"async\" class=\"alignnone size-full wp-image-6283\" src=\"https:\/\/www.drrashel-bbg.com\/wp-content\/uploads\/2026\/01\/DRL-1916-Turmeric-brightening-soap-detail-12.webp\" alt=\"\" width=\"790\" height=\"695\" srcset=\"https:\/\/www.drrashel-bbg.com\/wp-content\/uploads\/2026\/01\/DRL-1916-Turmeric-brightening-soap-detail-12.webp 790w, https:\/\/www.drrashel-bbg.com\/wp-content\/uploads\/2026\/01\/DRL-1916-Turmeric-brightening-soap-detail-12-300x264.webp 300w, https:\/\/www.drrashel-bbg.com\/wp-content\/uploads\/2026\/01\/DRL-1916-Turmeric-brightening-soap-detail-12-768x676.webp 768w, https:\/\/www.drrashel-bbg.com\/wp-content\/uploads\/2026\/01\/DRL-1916-Turmeric-brightening-soap-detail-12-14x12.webp 14w, https:\/\/www.drrashel-bbg.com\/wp-content\/uploads\/2026\/01\/DRL-1916-Turmeric-brightening-soap-detail-12-600x528.webp 600w\" sizes=\"(max-width: 790px) 100vw, 790px\" \/> <img loading=\"lazy\" decoding=\"async\" class=\"alignnone size-full wp-image-6284\" src=\"https:\/\/www.drrashel-bbg.com\/wp-content\/uploads\/2026\/01\/DRL-1916-Turmeric-brightening-soap-detail-13.webp\" alt=\"\" width=\"790\" height=\"677\" srcset=\"https:\/\/www.drrashel-bbg.com\/wp-content\/uploads\/2026\/01\/DRL-1916-Turmeric-brightening-soap-detail-13.webp 790w, https:\/\/www.drrashel-bbg.com\/wp-content\/uploads\/2026\/01\/DRL-1916-Turmeric-brightening-soap-detail-13-300x257.webp 300w, https:\/\/www.drrashel-bbg.com\/wp-content\/uploads\/2026\/01\/DRL-1916-Turmeric-brightening-soap-detail-13-768x658.webp 768w, https:\/\/www.drrashel-bbg.com\/wp-content\/uploads\/2026\/01\/DRL-1916-Turmeric-brightening-soap-detail-13-14x12.webp 14w, https:\/\/www.drrashel-bbg.com\/wp-content\/uploads\/2026\/01\/DRL-1916-Turmeric-brightening-soap-detail-13-600x514.webp 600w\" sizes=\"(max-width: 790px) 100vw, 790px\" \/> <img loading=\"lazy\" decoding=\"async\" class=\"alignnone size-full wp-image-6285\" src=\"https:\/\/www.drrashel-bbg.com\/wp-content\/uploads\/2026\/01\/DRL-1916-Turmeric-brightening-soap-detail-14.webp\" alt=\"\" width=\"790\" height=\"641\" srcset=\"https:\/\/www.drrashel-bbg.com\/wp-content\/uploads\/2026\/01\/DRL-1916-Turmeric-brightening-soap-detail-14.webp 790w, https:\/\/www.drrashel-bbg.com\/wp-content\/uploads\/2026\/01\/DRL-1916-Turmeric-brightening-soap-detail-14-300x243.webp 300w, https:\/\/www.drrashel-bbg.com\/wp-content\/uploads\/2026\/01\/DRL-1916-Turmeric-brightening-soap-detail-14-768x623.webp 768w, https:\/\/www.drrashel-bbg.com\/wp-content\/uploads\/2026\/01\/DRL-1916-Turmeric-brightening-soap-detail-14-15x12.webp 15w, https:\/\/www.drrashel-bbg.com\/wp-content\/uploads\/2026\/01\/DRL-1916-Turmeric-brightening-soap-detail-14-600x487.webp 600w\" sizes=\"(max-width: 790px) 100vw, 790px\" \/><\/p>\n<p><strong>Product Benefit:<\/strong> cleanses the dirt hidden deep in the skin,prevents clogging of pores,and gently moisturizes<\/p>\n<p><strong>How to use\uff1a<\/strong>Moisturize the facial skin with warm water,use a foaming net to beat the soap into a delicate and rich foam. Apply the foam on the face,gently massage clean the skin with a circular motion. Rinse with cool water and pat dry. It can also be used as hand cleansing and bath soap to cleanse the skin.<\/p>\n<p><strong><b>Introducci\u00f3n de la marca:<\/b><\/strong><\/p>\n<p>DR\u00b7RASHEL fue fundada en 1989 por el Sr. BAKRI, un maestro de cuidado de la piel, con treinta a\u00f1os de experiencia en productos. Centrado en la salud, el Sr. BAKRI desarroll\u00f3 f\u00f3rmulas precisas para los ingredientes naturales para maximizar la salud de la piel y el brillo vibrante, un principio aplicado en la amplia gama de productos de cuidado de la piel de DR\u00b7RASHEL.<\/p>\n<p>Los productos de DR\u00b7RASHEL est\u00e1n extendidos por todo el mundo y son bienvenidos por clientes en cinco continentes, m\u00e1s espec\u00edficamente, en Oriente Medio, Am\u00e9rica del Sur y Europa.<\/p>\n<p>Exportamos a m\u00e1s de 100 pa\u00edses, incluyendo Emiratos \u00c1rabes Unidos, Rusia, Am\u00e9rica, M\u00e9xico, Australia, Arabia Saudita, Brasil, India y Sud\u00e1frica.<\/p>\n<p>Tenemos ISO, GMPC American European Union International Autoritative Double Certification, Advanced R &amp; amp; D equipo de prueba, miles de f\u00f3rmulas maduras y equipo de ventas de alta eficiencia y superioridad de precio competitivo. Nuestras categor\u00edas de productos son: productos de cuidado de la piel, productos de maquillaje, productos de lavado y cuidado.<\/p>\n<p><strong>FAQ\uff1a<\/strong><\/p>\n<p><strong>Q1:<\/strong> Is this soap suitable for daily cleansing?<\/p>\n<p>Yes, it is designed for daily use to gently cleanse the skin.<\/p>\n<p><strong>Q2:<\/strong>Can this soap be used on both face and body?<\/p>\n<p>It can be used on both the face and body, avoiding contact with the eyes.<\/p>","protected":false},"excerpt":{"rendered":"<p><strong>Description:<\/strong>The turmeric soap can be used on the face and body. Enriched with turmeric powder,gentle and skin-friendly,this turmeric soap thoroughly cleanses the dirt hidden deep in the skin,prevents clogging of pores,and gently moisturizes, gradually brightening uneven skin and leaving skin glowing.<br \/>\n<strong>N\u00famero de serie:<\/strong> DRL-1916<br \/>\n<strong>Tipo de piel aplicable:<\/strong> Adecuado para todos los tipos de piel;<br \/>\n<strong>Core Ingredience:<\/strong> Extracto de c\u00farcuma<br \/>\n<strong>Contenido neto:<\/strong>100 g<\/p>","protected":false},"featured_media":6265,"comment_status":"closed","ping_status":"closed","template":"","meta":[],"product_brand":[],"product_cat":[113,15],"product_tag":[],"class_list":{"0":"post-6264","1":"product","2":"type-product","3":"status-publish","4":"has-post-thumbnail","6":"product_cat-cleansing","7":"product_cat-face-care","9":"first","10":"instock","11":"shipping-taxable","12":"product-type-simple"},"_links":{"self":[{"href":"https:\/\/www.drrashel-bbg.com\/es\/wp-json\/wp\/v2\/product\/6264","targetHints":{"allow":["GET"]}}],"collection":[{"href":"https:\/\/www.drrashel-bbg.com\/es\/wp-json\/wp\/v2\/product"}],"about":[{"href":"https:\/\/www.drrashel-bbg.com\/es\/wp-json\/wp\/v2\/types\/product"}],"replies":[{"embeddable":true,"href":"https:\/\/www.drrashel-bbg.com\/es\/wp-json\/wp\/v2\/comments?post=6264"}],"wp:featuredmedia":[{"embeddable":true,"href":"https:\/\/www.drrashel-bbg.com\/es\/wp-json\/wp\/v2\/media\/6265"}],"wp:attachment":[{"href":"https:\/\/www.drrashel-bbg.com\/es\/wp-json\/wp\/v2\/media?parent=6264"}],"wp:term":[{"taxonomy":"product_brand","embeddable":true,"href":"https:\/\/www.drrashel-bbg.com\/es\/wp-json\/wp\/v2\/product_brand?post=6264"},{"taxonomy":"product_cat","embeddable":true,"href":"https:\/\/www.drrashel-bbg.com\/es\/wp-json\/wp\/v2\/product_cat?post=6264"},{"taxonomy":"product_tag","embeddable":true,"href":"https:\/\/www.drrashel-bbg.com\/es\/wp-json\/wp\/v2\/product_tag?post=6264"}],"curies":[{"name":"wp","href":"https:\/\/api.w.org\/{rel}","templated":true}]}}