{"id":6286,"date":"2026-01-23T16:21:34","date_gmt":"2026-01-23T08:21:34","guid":{"rendered":"https:\/\/www.drrashel-bbg.com\/?post_type=product&#038;p=6286"},"modified":"2026-01-23T16:26:11","modified_gmt":"2026-01-23T08:26:11","slug":"turmeric-glow-brightening-skin-care-set-2","status":"publish","type":"product","link":"https:\/\/www.drrashel-bbg.com\/es\/facial-care-sets\/turmeric-glow-brightening-skin-care-set-2\/","title":{"rendered":"Turmeric glow brightening skin care set"},"content":{"rendered":"<p><img fetchpriority=\"high\" decoding=\"async\" class=\"alignnone size-full wp-image-6294\" src=\"https:\/\/www.drrashel-bbg.com\/wp-content\/uploads\/2026\/01\/DRL-1917-Turmeric-glow-brightening-skin-care-set-detail-1.webp\" alt=\"\" width=\"790\" height=\"1013\" srcset=\"https:\/\/www.drrashel-bbg.com\/wp-content\/uploads\/2026\/01\/DRL-1917-Turmeric-glow-brightening-skin-care-set-detail-1.webp 790w, https:\/\/www.drrashel-bbg.com\/wp-content\/uploads\/2026\/01\/DRL-1917-Turmeric-glow-brightening-skin-care-set-detail-1-234x300.webp 234w, https:\/\/www.drrashel-bbg.com\/wp-content\/uploads\/2026\/01\/DRL-1917-Turmeric-glow-brightening-skin-care-set-detail-1-768x985.webp 768w, https:\/\/www.drrashel-bbg.com\/wp-content\/uploads\/2026\/01\/DRL-1917-Turmeric-glow-brightening-skin-care-set-detail-1-9x12.webp 9w, https:\/\/www.drrashel-bbg.com\/wp-content\/uploads\/2026\/01\/DRL-1917-Turmeric-glow-brightening-skin-care-set-detail-1-600x769.webp 600w\" sizes=\"(max-width: 790px) 100vw, 790px\" \/> <img decoding=\"async\" class=\"alignnone size-full wp-image-6295\" src=\"https:\/\/www.drrashel-bbg.com\/wp-content\/uploads\/2026\/01\/DRL-1917-Turmeric-glow-brightening-skin-care-set-detail-2.webp\" alt=\"\" width=\"790\" height=\"619\" srcset=\"https:\/\/www.drrashel-bbg.com\/wp-content\/uploads\/2026\/01\/DRL-1917-Turmeric-glow-brightening-skin-care-set-detail-2.webp 790w, https:\/\/www.drrashel-bbg.com\/wp-content\/uploads\/2026\/01\/DRL-1917-Turmeric-glow-brightening-skin-care-set-detail-2-300x235.webp 300w, https:\/\/www.drrashel-bbg.com\/wp-content\/uploads\/2026\/01\/DRL-1917-Turmeric-glow-brightening-skin-care-set-detail-2-768x602.webp 768w, https:\/\/www.drrashel-bbg.com\/wp-content\/uploads\/2026\/01\/DRL-1917-Turmeric-glow-brightening-skin-care-set-detail-2-15x12.webp 15w, https:\/\/www.drrashel-bbg.com\/wp-content\/uploads\/2026\/01\/DRL-1917-Turmeric-glow-brightening-skin-care-set-detail-2-600x470.webp 600w\" sizes=\"(max-width: 790px) 100vw, 790px\" \/> <img decoding=\"async\" class=\"alignnone size-full wp-image-6296\" src=\"https:\/\/www.drrashel-bbg.com\/wp-content\/uploads\/2026\/01\/DRL-1917-Turmeric-glow-brightening-skin-care-set-detail-3.webp\" alt=\"\" width=\"790\" height=\"1014\" srcset=\"https:\/\/www.drrashel-bbg.com\/wp-content\/uploads\/2026\/01\/DRL-1917-Turmeric-glow-brightening-skin-care-set-detail-3.webp 790w, https:\/\/www.drrashel-bbg.com\/wp-content\/uploads\/2026\/01\/DRL-1917-Turmeric-glow-brightening-skin-care-set-detail-3-234x300.webp 234w, https:\/\/www.drrashel-bbg.com\/wp-content\/uploads\/2026\/01\/DRL-1917-Turmeric-glow-brightening-skin-care-set-detail-3-768x986.webp 768w, https:\/\/www.drrashel-bbg.com\/wp-content\/uploads\/2026\/01\/DRL-1917-Turmeric-glow-brightening-skin-care-set-detail-3-9x12.webp 9w, https:\/\/www.drrashel-bbg.com\/wp-content\/uploads\/2026\/01\/DRL-1917-Turmeric-glow-brightening-skin-care-set-detail-3-600x770.webp 600w\" sizes=\"(max-width: 790px) 100vw, 790px\" \/> <img loading=\"lazy\" decoding=\"async\" class=\"alignnone size-full wp-image-6297\" src=\"https:\/\/www.drrashel-bbg.com\/wp-content\/uploads\/2026\/01\/DRL-1917-Turmeric-glow-brightening-skin-care-set-detail-4.webp\" alt=\"\" width=\"790\" height=\"1301\" srcset=\"https:\/\/www.drrashel-bbg.com\/wp-content\/uploads\/2026\/01\/DRL-1917-Turmeric-glow-brightening-skin-care-set-detail-4.webp 790w, https:\/\/www.drrashel-bbg.com\/wp-content\/uploads\/2026\/01\/DRL-1917-Turmeric-glow-brightening-skin-care-set-detail-4-182x300.webp 182w, https:\/\/www.drrashel-bbg.com\/wp-content\/uploads\/2026\/01\/DRL-1917-Turmeric-glow-brightening-skin-care-set-detail-4-622x1024.webp 622w, https:\/\/www.drrashel-bbg.com\/wp-content\/uploads\/2026\/01\/DRL-1917-Turmeric-glow-brightening-skin-care-set-detail-4-768x1265.webp 768w, https:\/\/www.drrashel-bbg.com\/wp-content\/uploads\/2026\/01\/DRL-1917-Turmeric-glow-brightening-skin-care-set-detail-4-7x12.webp 7w, https:\/\/www.drrashel-bbg.com\/wp-content\/uploads\/2026\/01\/DRL-1917-Turmeric-glow-brightening-skin-care-set-detail-4-600x988.webp 600w\" sizes=\"(max-width: 790px) 100vw, 790px\" \/> <img loading=\"lazy\" decoding=\"async\" class=\"alignnone size-full wp-image-6298\" src=\"https:\/\/www.drrashel-bbg.com\/wp-content\/uploads\/2026\/01\/DRL-1917-Turmeric-glow-brightening-skin-care-set-detail-5.webp\" alt=\"\" width=\"790\" height=\"1253\" srcset=\"https:\/\/www.drrashel-bbg.com\/wp-content\/uploads\/2026\/01\/DRL-1917-Turmeric-glow-brightening-skin-care-set-detail-5.webp 790w, https:\/\/www.drrashel-bbg.com\/wp-content\/uploads\/2026\/01\/DRL-1917-Turmeric-glow-brightening-skin-care-set-detail-5-189x300.webp 189w, https:\/\/www.drrashel-bbg.com\/wp-content\/uploads\/2026\/01\/DRL-1917-Turmeric-glow-brightening-skin-care-set-detail-5-646x1024.webp 646w, https:\/\/www.drrashel-bbg.com\/wp-content\/uploads\/2026\/01\/DRL-1917-Turmeric-glow-brightening-skin-care-set-detail-5-768x1218.webp 768w, https:\/\/www.drrashel-bbg.com\/wp-content\/uploads\/2026\/01\/DRL-1917-Turmeric-glow-brightening-skin-care-set-detail-5-8x12.webp 8w, https:\/\/www.drrashel-bbg.com\/wp-content\/uploads\/2026\/01\/DRL-1917-Turmeric-glow-brightening-skin-care-set-detail-5-600x952.webp 600w\" sizes=\"(max-width: 790px) 100vw, 790px\" \/> <img loading=\"lazy\" decoding=\"async\" class=\"alignnone size-full wp-image-6299\" src=\"https:\/\/www.drrashel-bbg.com\/wp-content\/uploads\/2026\/01\/DRL-1917-Turmeric-glow-brightening-skin-care-set-detail-6.webp\" alt=\"\" width=\"790\" height=\"1098\" srcset=\"https:\/\/www.drrashel-bbg.com\/wp-content\/uploads\/2026\/01\/DRL-1917-Turmeric-glow-brightening-skin-care-set-detail-6.webp 790w, https:\/\/www.drrashel-bbg.com\/wp-content\/uploads\/2026\/01\/DRL-1917-Turmeric-glow-brightening-skin-care-set-detail-6-216x300.webp 216w, https:\/\/www.drrashel-bbg.com\/wp-content\/uploads\/2026\/01\/DRL-1917-Turmeric-glow-brightening-skin-care-set-detail-6-737x1024.webp 737w, https:\/\/www.drrashel-bbg.com\/wp-content\/uploads\/2026\/01\/DRL-1917-Turmeric-glow-brightening-skin-care-set-detail-6-768x1067.webp 768w, https:\/\/www.drrashel-bbg.com\/wp-content\/uploads\/2026\/01\/DRL-1917-Turmeric-glow-brightening-skin-care-set-detail-6-9x12.webp 9w, https:\/\/www.drrashel-bbg.com\/wp-content\/uploads\/2026\/01\/DRL-1917-Turmeric-glow-brightening-skin-care-set-detail-6-600x834.webp 600w\" sizes=\"(max-width: 790px) 100vw, 790px\" \/> <img loading=\"lazy\" decoding=\"async\" class=\"alignnone size-full wp-image-6300\" src=\"https:\/\/www.drrashel-bbg.com\/wp-content\/uploads\/2026\/01\/DRL-1917-Turmeric-glow-brightening-skin-care-set-detail-7.webp\" alt=\"\" width=\"790\" height=\"1114\" srcset=\"https:\/\/www.drrashel-bbg.com\/wp-content\/uploads\/2026\/01\/DRL-1917-Turmeric-glow-brightening-skin-care-set-detail-7.webp 790w, https:\/\/www.drrashel-bbg.com\/wp-content\/uploads\/2026\/01\/DRL-1917-Turmeric-glow-brightening-skin-care-set-detail-7-213x300.webp 213w, https:\/\/www.drrashel-bbg.com\/wp-content\/uploads\/2026\/01\/DRL-1917-Turmeric-glow-brightening-skin-care-set-detail-7-726x1024.webp 726w, https:\/\/www.drrashel-bbg.com\/wp-content\/uploads\/2026\/01\/DRL-1917-Turmeric-glow-brightening-skin-care-set-detail-7-768x1083.webp 768w, https:\/\/www.drrashel-bbg.com\/wp-content\/uploads\/2026\/01\/DRL-1917-Turmeric-glow-brightening-skin-care-set-detail-7-9x12.webp 9w, https:\/\/www.drrashel-bbg.com\/wp-content\/uploads\/2026\/01\/DRL-1917-Turmeric-glow-brightening-skin-care-set-detail-7-600x846.webp 600w\" sizes=\"(max-width: 790px) 100vw, 790px\" \/> <img loading=\"lazy\" decoding=\"async\" class=\"alignnone size-full wp-image-6301\" src=\"https:\/\/www.drrashel-bbg.com\/wp-content\/uploads\/2026\/01\/DRL-1917-Turmeric-glow-brightening-skin-care-set-detail-8.webp\" alt=\"\" width=\"790\" height=\"1220\" srcset=\"https:\/\/www.drrashel-bbg.com\/wp-content\/uploads\/2026\/01\/DRL-1917-Turmeric-glow-brightening-skin-care-set-detail-8.webp 790w, https:\/\/www.drrashel-bbg.com\/wp-content\/uploads\/2026\/01\/DRL-1917-Turmeric-glow-brightening-skin-care-set-detail-8-194x300.webp 194w, https:\/\/www.drrashel-bbg.com\/wp-content\/uploads\/2026\/01\/DRL-1917-Turmeric-glow-brightening-skin-care-set-detail-8-663x1024.webp 663w, https:\/\/www.drrashel-bbg.com\/wp-content\/uploads\/2026\/01\/DRL-1917-Turmeric-glow-brightening-skin-care-set-detail-8-768x1186.webp 768w, https:\/\/www.drrashel-bbg.com\/wp-content\/uploads\/2026\/01\/DRL-1917-Turmeric-glow-brightening-skin-care-set-detail-8-8x12.webp 8w, https:\/\/www.drrashel-bbg.com\/wp-content\/uploads\/2026\/01\/DRL-1917-Turmeric-glow-brightening-skin-care-set-detail-8-600x927.webp 600w\" sizes=\"(max-width: 790px) 100vw, 790px\" \/> <img loading=\"lazy\" decoding=\"async\" class=\"alignnone size-full wp-image-6302\" src=\"https:\/\/www.drrashel-bbg.com\/wp-content\/uploads\/2026\/01\/DRL-1917-Turmeric-glow-brightening-skin-care-set-detail-9.webp\" alt=\"\" width=\"790\" height=\"907\" srcset=\"https:\/\/www.drrashel-bbg.com\/wp-content\/uploads\/2026\/01\/DRL-1917-Turmeric-glow-brightening-skin-care-set-detail-9.webp 790w, https:\/\/www.drrashel-bbg.com\/wp-content\/uploads\/2026\/01\/DRL-1917-Turmeric-glow-brightening-skin-care-set-detail-9-261x300.webp 261w, https:\/\/www.drrashel-bbg.com\/wp-content\/uploads\/2026\/01\/DRL-1917-Turmeric-glow-brightening-skin-care-set-detail-9-768x882.webp 768w, https:\/\/www.drrashel-bbg.com\/wp-content\/uploads\/2026\/01\/DRL-1917-Turmeric-glow-brightening-skin-care-set-detail-9-10x12.webp 10w, https:\/\/www.drrashel-bbg.com\/wp-content\/uploads\/2026\/01\/DRL-1917-Turmeric-glow-brightening-skin-care-set-detail-9-600x689.webp 600w\" sizes=\"(max-width: 790px) 100vw, 790px\" \/> <img loading=\"lazy\" decoding=\"async\" class=\"alignnone size-full wp-image-6303\" src=\"https:\/\/www.drrashel-bbg.com\/wp-content\/uploads\/2026\/01\/DRL-1917-Turmeric-glow-brightening-skin-care-set-detail-10.webp\" alt=\"\" width=\"790\" height=\"665\" srcset=\"https:\/\/www.drrashel-bbg.com\/wp-content\/uploads\/2026\/01\/DRL-1917-Turmeric-glow-brightening-skin-care-set-detail-10.webp 790w, https:\/\/www.drrashel-bbg.com\/wp-content\/uploads\/2026\/01\/DRL-1917-Turmeric-glow-brightening-skin-care-set-detail-10-300x253.webp 300w, https:\/\/www.drrashel-bbg.com\/wp-content\/uploads\/2026\/01\/DRL-1917-Turmeric-glow-brightening-skin-care-set-detail-10-768x646.webp 768w, https:\/\/www.drrashel-bbg.com\/wp-content\/uploads\/2026\/01\/DRL-1917-Turmeric-glow-brightening-skin-care-set-detail-10-14x12.webp 14w, https:\/\/www.drrashel-bbg.com\/wp-content\/uploads\/2026\/01\/DRL-1917-Turmeric-glow-brightening-skin-care-set-detail-10-600x505.webp 600w\" sizes=\"(max-width: 790px) 100vw, 790px\" \/> <img loading=\"lazy\" decoding=\"async\" class=\"alignnone size-full wp-image-6304\" src=\"https:\/\/www.drrashel-bbg.com\/wp-content\/uploads\/2026\/01\/DRL-1917-Turmeric-glow-brightening-skin-care-set-detail-11.webp\" alt=\"\" width=\"790\" height=\"554\" srcset=\"https:\/\/www.drrashel-bbg.com\/wp-content\/uploads\/2026\/01\/DRL-1917-Turmeric-glow-brightening-skin-care-set-detail-11.webp 790w, https:\/\/www.drrashel-bbg.com\/wp-content\/uploads\/2026\/01\/DRL-1917-Turmeric-glow-brightening-skin-care-set-detail-11-300x210.webp 300w, https:\/\/www.drrashel-bbg.com\/wp-content\/uploads\/2026\/01\/DRL-1917-Turmeric-glow-brightening-skin-care-set-detail-11-768x539.webp 768w, https:\/\/www.drrashel-bbg.com\/wp-content\/uploads\/2026\/01\/DRL-1917-Turmeric-glow-brightening-skin-care-set-detail-11-18x12.webp 18w, https:\/\/www.drrashel-bbg.com\/wp-content\/uploads\/2026\/01\/DRL-1917-Turmeric-glow-brightening-skin-care-set-detail-11-600x421.webp 600w\" sizes=\"(max-width: 790px) 100vw, 790px\" \/> <img loading=\"lazy\" decoding=\"async\" class=\"alignnone size-full wp-image-6305\" src=\"https:\/\/www.drrashel-bbg.com\/wp-content\/uploads\/2026\/01\/DRL-1917-Turmeric-glow-brightening-skin-care-set-detail-12.webp\" alt=\"\" width=\"790\" height=\"581\" srcset=\"https:\/\/www.drrashel-bbg.com\/wp-content\/uploads\/2026\/01\/DRL-1917-Turmeric-glow-brightening-skin-care-set-detail-12.webp 790w, https:\/\/www.drrashel-bbg.com\/wp-content\/uploads\/2026\/01\/DRL-1917-Turmeric-glow-brightening-skin-care-set-detail-12-300x221.webp 300w, https:\/\/www.drrashel-bbg.com\/wp-content\/uploads\/2026\/01\/DRL-1917-Turmeric-glow-brightening-skin-care-set-detail-12-768x565.webp 768w, https:\/\/www.drrashel-bbg.com\/wp-content\/uploads\/2026\/01\/DRL-1917-Turmeric-glow-brightening-skin-care-set-detail-12-16x12.webp 16w, https:\/\/www.drrashel-bbg.com\/wp-content\/uploads\/2026\/01\/DRL-1917-Turmeric-glow-brightening-skin-care-set-detail-12-600x441.webp 600w\" sizes=\"(max-width: 790px) 100vw, 790px\" \/> <img loading=\"lazy\" decoding=\"async\" class=\"alignnone size-full wp-image-6306\" src=\"https:\/\/www.drrashel-bbg.com\/wp-content\/uploads\/2026\/01\/DRL-1917-Turmeric-glow-brightening-skin-care-set-detail-13.webp\" alt=\"\" width=\"790\" height=\"589\" srcset=\"https:\/\/www.drrashel-bbg.com\/wp-content\/uploads\/2026\/01\/DRL-1917-Turmeric-glow-brightening-skin-care-set-detail-13.webp 790w, https:\/\/www.drrashel-bbg.com\/wp-content\/uploads\/2026\/01\/DRL-1917-Turmeric-glow-brightening-skin-care-set-detail-13-300x224.webp 300w, https:\/\/www.drrashel-bbg.com\/wp-content\/uploads\/2026\/01\/DRL-1917-Turmeric-glow-brightening-skin-care-set-detail-13-768x573.webp 768w, https:\/\/www.drrashel-bbg.com\/wp-content\/uploads\/2026\/01\/DRL-1917-Turmeric-glow-brightening-skin-care-set-detail-13-16x12.webp 16w, https:\/\/www.drrashel-bbg.com\/wp-content\/uploads\/2026\/01\/DRL-1917-Turmeric-glow-brightening-skin-care-set-detail-13-600x447.webp 600w\" sizes=\"(max-width: 790px) 100vw, 790px\" \/><\/p>\n<p><strong>Product Benefit:<\/strong> Helps brighten dull-looking skin, Supports a more even and radiant complexion, Moisturizes and nourishes the skin, Improves overall skin texture and appearance<\/p>\n<p><strong>How to use\uff1a<\/strong>Cleanse the face thoroughly.Apply the products in sequence from lighter to thicker textures.Gently massage until fully absorbed.Use daily for best results.<\/p>\n<p><strong><b>Introducci\u00f3n de la marca:<\/b><\/strong><\/p>\n<p>DR\u00b7RASHEL fue fundada en 1989 por el Sr. BAKRI, un maestro de cuidado de la piel, con treinta a\u00f1os de experiencia en productos. Centrado en la salud, el Sr. BAKRI desarroll\u00f3 f\u00f3rmulas precisas para los ingredientes naturales para maximizar la salud de la piel y el brillo vibrante, un principio aplicado en la amplia gama de productos de cuidado de la piel de DR\u00b7RASHEL.<\/p>\n<p>Los productos de DR\u00b7RASHEL est\u00e1n extendidos por todo el mundo y son bienvenidos por clientes en cinco continentes, m\u00e1s espec\u00edficamente, en Oriente Medio, Am\u00e9rica del Sur y Europa.<\/p>\n<p>Exportamos a m\u00e1s de 100 pa\u00edses, incluyendo Emiratos \u00c1rabes Unidos, Rusia, Am\u00e9rica, M\u00e9xico, Australia, Arabia Saudita, Brasil, India y Sud\u00e1frica.<\/p>\n<p>Tenemos ISO, GMPC American European Union International Autoritative Double Certification, Advanced R &amp; amp; D equipo de prueba, miles de f\u00f3rmulas maduras y equipo de ventas de alta eficiencia y superioridad de precio competitivo. Nuestras categor\u00edas de productos son: productos de cuidado de la piel, productos de maquillaje, productos de lavado y cuidado.<\/p>\n<p><strong>FAQ\uff1a<\/strong><\/p>\n<p><strong>Q1:<\/strong> Is this skincare set suitable for daily use?<br \/>\nA: Yes, the products in this set are designed for daily skincare routines.<\/p>\n<p><strong>Q2:<\/strong> Can this set be used by all skin types?<br \/>\nA: Yes, it is suitable for all skin types.<\/p>","protected":false},"excerpt":{"rendered":"<p><strong>Description:<\/strong>This Turmeric Glow Brightening Skincare Set is formulated with turmeric extract to help improve skin brightness and maintain healthy-looking skin. The set is designed to provide a simple and complete skincare routine for everyday use.<br \/>\n<strong>N\u00famero de serie:<\/strong> DRL-1917<br \/>\n<strong>Tipo de piel aplicable:<\/strong> Adecuado para todos los tipos de piel;<br \/>\n<strong>Core Ingredience:<\/strong> Extracto de c\u00farcuma<br \/>\n<strong>Contenido neto:<\/strong> 6pcs \/ conjunto<\/p>","protected":false},"featured_media":6287,"comment_status":"closed","ping_status":"closed","template":"","meta":[],"product_brand":[],"product_cat":[169,168],"product_tag":[],"class_list":{"0":"post-6286","1":"product","2":"type-product","3":"status-publish","4":"has-post-thumbnail","6":"product_cat-facial-care-sets","7":"product_cat-sets-kits","9":"first","10":"instock","11":"shipping-taxable","12":"product-type-simple"},"_links":{"self":[{"href":"https:\/\/www.drrashel-bbg.com\/es\/wp-json\/wp\/v2\/product\/6286","targetHints":{"allow":["GET"]}}],"collection":[{"href":"https:\/\/www.drrashel-bbg.com\/es\/wp-json\/wp\/v2\/product"}],"about":[{"href":"https:\/\/www.drrashel-bbg.com\/es\/wp-json\/wp\/v2\/types\/product"}],"replies":[{"embeddable":true,"href":"https:\/\/www.drrashel-bbg.com\/es\/wp-json\/wp\/v2\/comments?post=6286"}],"wp:featuredmedia":[{"embeddable":true,"href":"https:\/\/www.drrashel-bbg.com\/es\/wp-json\/wp\/v2\/media\/6287"}],"wp:attachment":[{"href":"https:\/\/www.drrashel-bbg.com\/es\/wp-json\/wp\/v2\/media?parent=6286"}],"wp:term":[{"taxonomy":"product_brand","embeddable":true,"href":"https:\/\/www.drrashel-bbg.com\/es\/wp-json\/wp\/v2\/product_brand?post=6286"},{"taxonomy":"product_cat","embeddable":true,"href":"https:\/\/www.drrashel-bbg.com\/es\/wp-json\/wp\/v2\/product_cat?post=6286"},{"taxonomy":"product_tag","embeddable":true,"href":"https:\/\/www.drrashel-bbg.com\/es\/wp-json\/wp\/v2\/product_tag?post=6286"}],"curies":[{"name":"wp","href":"https:\/\/api.w.org\/{rel}","templated":true}]}}