{"id":4084,"date":"2025-10-16T11:27:00","date_gmt":"2025-10-16T03:27:00","guid":{"rendered":"https:\/\/www.drrashel-bbg.com\/?post_type=product&#038;p=4084"},"modified":"2026-01-04T16:13:00","modified_gmt":"2026-01-04T08:13:00","slug":"24k-gold-collagen-cc-cream","status":"publish","type":"product","link":"https:\/\/www.drrashel-bbg.com\/fr\/face-makeup\/24k-gold-collagen-cc-cream\/","title":{"rendered":"Crema de col\u00b7lagen CC d'or 24K"},"content":{"rendered":"<p><img fetchpriority=\"high\" decoding=\"async\" class=\"aligncenter wp-image-4093\" src=\"https:\/\/www.drrashel-bbg.com\/wp-content\/uploads\/2025\/10\/DRL-1174CCE-Detail-1.jpg\" alt=\"DRL-1174CCE-Detall-(1)\" width=\"1300\" height=\"2538\" srcset=\"https:\/\/www.drrashel-bbg.com\/wp-content\/uploads\/2025\/10\/DRL-1174CCE-Detail-1.jpg 750w, https:\/\/www.drrashel-bbg.com\/wp-content\/uploads\/2025\/10\/DRL-1174CCE-Detail-1-154x300.jpg 154w, https:\/\/www.drrashel-bbg.com\/wp-content\/uploads\/2025\/10\/DRL-1174CCE-Detail-1-525x1024.jpg 525w, https:\/\/www.drrashel-bbg.com\/wp-content\/uploads\/2025\/10\/DRL-1174CCE-Detail-1-600x1171.jpg 600w\" sizes=\"(max-width: 1300px) 100vw, 1300px\" \/> <img decoding=\"async\" class=\"aligncenter wp-image-4094\" src=\"https:\/\/www.drrashel-bbg.com\/wp-content\/uploads\/2025\/10\/DRL-1174CCE-Detail-2.jpg\" alt=\"DRL-1174CCE-Detall-(2)\" width=\"1300\" height=\"2506\" srcset=\"https:\/\/www.drrashel-bbg.com\/wp-content\/uploads\/2025\/10\/DRL-1174CCE-Detail-2.jpg 750w, https:\/\/www.drrashel-bbg.com\/wp-content\/uploads\/2025\/10\/DRL-1174CCE-Detail-2-156x300.jpg 156w, https:\/\/www.drrashel-bbg.com\/wp-content\/uploads\/2025\/10\/DRL-1174CCE-Detail-2-531x1024.jpg 531w, https:\/\/www.drrashel-bbg.com\/wp-content\/uploads\/2025\/10\/DRL-1174CCE-Detail-2-600x1157.jpg 600w\" sizes=\"(max-width: 1300px) 100vw, 1300px\" \/> <img decoding=\"async\" class=\"aligncenter wp-image-4095\" src=\"https:\/\/www.drrashel-bbg.com\/wp-content\/uploads\/2025\/10\/DRL-1174CCE-Detail-3.jpg\" alt=\"DRL-1174CCE-Detall-(3)\" width=\"1300\" height=\"624\" srcset=\"https:\/\/www.drrashel-bbg.com\/wp-content\/uploads\/2025\/10\/DRL-1174CCE-Detail-3.jpg 750w, https:\/\/www.drrashel-bbg.com\/wp-content\/uploads\/2025\/10\/DRL-1174CCE-Detail-3-300x144.jpg 300w, https:\/\/www.drrashel-bbg.com\/wp-content\/uploads\/2025\/10\/DRL-1174CCE-Detail-3-600x288.jpg 600w\" sizes=\"(max-width: 1300px) 100vw, 1300px\" \/> <img loading=\"lazy\" decoding=\"async\" class=\"aligncenter wp-image-4096\" src=\"https:\/\/www.drrashel-bbg.com\/wp-content\/uploads\/2025\/10\/DRL-1174CCE-Detail-4.jpg\" alt=\"DRL-1174CCE-Detall-(4)\" width=\"1300\" height=\"2174\" srcset=\"https:\/\/www.drrashel-bbg.com\/wp-content\/uploads\/2025\/10\/DRL-1174CCE-Detail-4.jpg 750w, https:\/\/www.drrashel-bbg.com\/wp-content\/uploads\/2025\/10\/DRL-1174CCE-Detail-4-179x300.jpg 179w, https:\/\/www.drrashel-bbg.com\/wp-content\/uploads\/2025\/10\/DRL-1174CCE-Detail-4-612x1024.jpg 612w, https:\/\/www.drrashel-bbg.com\/wp-content\/uploads\/2025\/10\/DRL-1174CCE-Detail-4-600x1003.jpg 600w\" sizes=\"(max-width: 1300px) 100vw, 1300px\" \/> <img loading=\"lazy\" decoding=\"async\" class=\"aligncenter wp-image-4097\" src=\"https:\/\/www.drrashel-bbg.com\/wp-content\/uploads\/2025\/10\/DRL-1174CCE-Detail-5.jpg\" alt=\"DRL-1174CCE-Detall-(5)\" width=\"1300\" height=\"2283\" srcset=\"https:\/\/www.drrashel-bbg.com\/wp-content\/uploads\/2025\/10\/DRL-1174CCE-Detail-5.jpg 750w, https:\/\/www.drrashel-bbg.com\/wp-content\/uploads\/2025\/10\/DRL-1174CCE-Detail-5-171x300.jpg 171w, https:\/\/www.drrashel-bbg.com\/wp-content\/uploads\/2025\/10\/DRL-1174CCE-Detail-5-583x1024.jpg 583w, https:\/\/www.drrashel-bbg.com\/wp-content\/uploads\/2025\/10\/DRL-1174CCE-Detail-5-600x1054.jpg 600w\" sizes=\"(max-width: 1300px) 100vw, 1300px\" \/> <img loading=\"lazy\" decoding=\"async\" class=\"aligncenter wp-image-4098\" src=\"https:\/\/www.drrashel-bbg.com\/wp-content\/uploads\/2025\/10\/DRL-1174CCE-Detail-6.jpg\" alt=\"DRL-1174CCE-Detall-(6)\" width=\"1300\" height=\"1635\" srcset=\"https:\/\/www.drrashel-bbg.com\/wp-content\/uploads\/2025\/10\/DRL-1174CCE-Detail-6.jpg 750w, https:\/\/www.drrashel-bbg.com\/wp-content\/uploads\/2025\/10\/DRL-1174CCE-Detail-6-239x300.jpg 239w, https:\/\/www.drrashel-bbg.com\/wp-content\/uploads\/2025\/10\/DRL-1174CCE-Detail-6-600x754.jpg 600w\" sizes=\"(max-width: 1300px) 100vw, 1300px\" \/> <img loading=\"lazy\" decoding=\"async\" class=\"aligncenter wp-image-4099\" src=\"https:\/\/www.drrashel-bbg.com\/wp-content\/uploads\/2025\/10\/DRL-1174CCE-Detail-7.jpg\" alt=\"DRL-1174CCE-Detall-(7)\" width=\"1300\" height=\"2295\" srcset=\"https:\/\/www.drrashel-bbg.com\/wp-content\/uploads\/2025\/10\/DRL-1174CCE-Detail-7.jpg 750w, https:\/\/www.drrashel-bbg.com\/wp-content\/uploads\/2025\/10\/DRL-1174CCE-Detail-7-170x300.jpg 170w, https:\/\/www.drrashel-bbg.com\/wp-content\/uploads\/2025\/10\/DRL-1174CCE-Detail-7-580x1024.jpg 580w, https:\/\/www.drrashel-bbg.com\/wp-content\/uploads\/2025\/10\/DRL-1174CCE-Detail-7-600x1059.jpg 600w\" sizes=\"(max-width: 1300px) 100vw, 1300px\" \/> <img loading=\"lazy\" decoding=\"async\" class=\"aligncenter wp-image-4100\" src=\"https:\/\/www.drrashel-bbg.com\/wp-content\/uploads\/2025\/10\/DRL-1174CCE-Detail-8.jpg\" alt=\"DRL-1174CCE-Detall-(8)\" width=\"1300\" height=\"2489\" srcset=\"https:\/\/www.drrashel-bbg.com\/wp-content\/uploads\/2025\/10\/DRL-1174CCE-Detail-8.jpg 750w, https:\/\/www.drrashel-bbg.com\/wp-content\/uploads\/2025\/10\/DRL-1174CCE-Detail-8-157x300.jpg 157w, https:\/\/www.drrashel-bbg.com\/wp-content\/uploads\/2025\/10\/DRL-1174CCE-Detail-8-535x1024.jpg 535w, https:\/\/www.drrashel-bbg.com\/wp-content\/uploads\/2025\/10\/DRL-1174CCE-Detail-8-600x1149.jpg 600w\" sizes=\"(max-width: 1300px) 100vw, 1300px\" \/> <img loading=\"lazy\" decoding=\"async\" class=\"aligncenter wp-image-4101\" src=\"https:\/\/www.drrashel-bbg.com\/wp-content\/uploads\/2025\/10\/DRL-1174CCE-Detail-9.jpg\" alt=\"DRL-1174CCE-Detall-(9)\" width=\"1300\" height=\"2891\" srcset=\"https:\/\/www.drrashel-bbg.com\/wp-content\/uploads\/2025\/10\/DRL-1174CCE-Detail-9.jpg 750w, https:\/\/www.drrashel-bbg.com\/wp-content\/uploads\/2025\/10\/DRL-1174CCE-Detail-9-135x300.jpg 135w, https:\/\/www.drrashel-bbg.com\/wp-content\/uploads\/2025\/10\/DRL-1174CCE-Detail-9-460x1024.jpg 460w, https:\/\/www.drrashel-bbg.com\/wp-content\/uploads\/2025\/10\/DRL-1174CCE-Detail-9-691x1536.jpg 691w, https:\/\/www.drrashel-bbg.com\/wp-content\/uploads\/2025\/10\/DRL-1174CCE-Detail-9-600x1334.jpg 600w\" sizes=\"(max-width: 1300px) 100vw, 1300px\" \/> <img loading=\"lazy\" decoding=\"async\" class=\"aligncenter wp-image-4102\" src=\"https:\/\/www.drrashel-bbg.com\/wp-content\/uploads\/2025\/10\/DRL-1174CCE-Detail-10.jpg\" alt=\"DRL-1174CCE-Detall-(10)\" width=\"1300\" height=\"1385\" srcset=\"https:\/\/www.drrashel-bbg.com\/wp-content\/uploads\/2025\/10\/DRL-1174CCE-Detail-10.jpg 750w, https:\/\/www.drrashel-bbg.com\/wp-content\/uploads\/2025\/10\/DRL-1174CCE-Detail-10-282x300.jpg 282w, https:\/\/www.drrashel-bbg.com\/wp-content\/uploads\/2025\/10\/DRL-1174CCE-Detail-10-600x639.jpg 600w\" sizes=\"(max-width: 1300px) 100vw, 1300px\" \/><\/p>\n<p>&nbsp;<\/p>\n<p><strong><b>Beneficis del producte:<\/b><\/strong><\/p>\n<p>Per il\u00b7luminar el color de la pell: \u00e0toms d'or reals, il\u00b7lumina el color de la pell en el lloc, per mostrar la pell brillant, jove i saludable.<\/p>\n<ul>\n<li>Restaurar la joventut: l'efic\u00e0cia del col\u00b7lagen per a l'envelliment, l'endureciment de la pell i la restauraci\u00f3 de la joventut de la pell.<\/li>\n<li>Millorar la pell: millorar les l\u00ednies, i millorar la melanina natural a la pell, cobrint manches i taques i grans poros, acne, la pell sembla tan suau i grass\u00f3s.<\/li>\n<li>Protecci\u00f3 del sol: la reforma de la pell, protecci\u00f3 solar, protecci\u00f3 dels raigs UV.<\/li>\n<li>Corregidor natural: Amagar l'aigua i els olis residuals de la pell i millorar la pell fosca..<\/li>\n<\/ul>\n<p>&nbsp;<\/p>\n<p><strong><b>Ingredients i tecnologies principals:<\/b><\/strong><\/p>\n<p>INGREDIENTS ESTRELLES<\/p>\n<p>El col\u00b7lagen hidrolitzat pot hidratar i bloquejar la humitat, formant una bona pel\u00b7l\u00edcula protectora. Tamb\u00e9 pot il\u00b7luminar el to de la pell i suavitzar temporalment les l\u00ednies fines.<\/p>\n<p>INGREDIENTS COMPLETS<\/p>\n<p>aigua<\/p>\n<p>GLICERINA<\/p>\n<p>PALMITAT DE ETILHEXIL<\/p>\n<p>Di\u00f2xid de titani<\/p>\n<p>CETYL PEG\/PPG-10\/1 DIMETIC\u00d3NA<\/p>\n<p>CICLOPENTASILOXANE<\/p>\n<p>COLLAGEN HIDROLIZAT<\/p>\n<p>&nbsp;<\/p>\n<p><strong><b>Com utilitzar:<\/b><\/strong><\/p>\n<p>Despr\u00e9s de netejar la pell, aplicar una petita quantitat a la cara i el coll massatge suavement fins a l'absorci\u00f3 completa.<\/p>\n<p>&nbsp;<\/p>\n<p><strong><b>Introducci\u00f3 de la marca:<\/b><\/strong><\/p>\n<p>DR\u00b7RASHEL va ser fundada el 1989 pel senyor BAKRI, un mestre de cura de la pell, amb trenta anys d'experi\u00e8ncia en productes. Centrat en la salut, el senyor BAKRI va desenvolupar f\u00f3rmules precises per als ingredients naturals per maximitzar la salut de la pell i la radiaci\u00f3 vibrant, un principi aplicat en l'\u00e0mplia gamma de productes de cura de la pell de DR\u00b7RASHEL.<\/p>\n<p>&nbsp;<\/p>\n<p>Els productes DR\u00b7RASHEL es distribueixen per tot el m\u00f3n i s\u00f3n rebuts per clients en cinc continents, m\u00e9s espec\u00edficament, a l'Orient Mitj\u00e0, Am\u00e8rica del Sud i Europa.<\/p>\n<p>Exportem a m\u00e9s de 100 pa\u00efsos, incloent els Emirats \u00c0rabs Units, R\u00fassia, Am\u00e8rica, M\u00e8xic, Austr\u00e0lia, Ar\u00e0bia Saudita, Brasil, \u00cdndia i Sud-\u00e0frica.<\/p>\n<p>Tenim ISO, GMPC American European Union Internacional autorit\u00e0ria doble certificaci\u00f3, avan\u00e7ada R &amp; amp; D equip de prova, milers de f\u00f3rmules madures i equip de vendes d'alta efici\u00e8ncia i superioritat de preu competitiu. Les nostres categories de productes s\u00f3n: productes de cura de la pell, productes de maquillatge, productes de rentat i cura.<\/p>\n<p>&nbsp;<\/p>\n<p><strong><b>Preguntes freq\u00fcents:<\/b><\/strong><\/p>\n<p>P: Quina \u00e9s la funci\u00f3 principal d'aquesta crema CC?<\/p>\n<p>R: Els principals efectes inclouen: modificar el to de la pell, il\u00b7luminar i ocultar les imperfeccions, hidratar i mantenir, i reduir la sequetat causada pels cosm\u00e8tics.<\/p>\n<p>Q: Quin paper fa &#8220; Or 24K&#8221; Jugar en ella?<\/p>\n<p>R: Redueix suavement l'aparici\u00f3 de l\u00ednies fines i poros per a una pell naturalment radiant.<\/p>","protected":false},"excerpt":{"rendered":"<p>Es tracta d'un corrector amb ingredients per a la cura de la pell i factor de protecci\u00f3 solar, que millora la melanina natural de la pell, cobreix manches i taques, grans poros, acne i revela una pell brillant, jove i saludable.<\/p>\n<p>N\u00famero de s\u00e8rie: DRL-1174<\/p>","protected":false},"featured_media":4090,"comment_status":"closed","ping_status":"closed","template":"","meta":[],"product_brand":[],"product_cat":[164,163],"product_tag":[],"class_list":{"0":"post-4084","1":"product","2":"type-product","3":"status-publish","4":"has-post-thumbnail","6":"product_cat-face-makeup","7":"product_cat-makeup","9":"first","10":"instock","11":"shipping-taxable","12":"product-type-simple"},"_links":{"self":[{"href":"https:\/\/www.drrashel-bbg.com\/fr\/wp-json\/wp\/v2\/product\/4084","targetHints":{"allow":["GET"]}}],"collection":[{"href":"https:\/\/www.drrashel-bbg.com\/fr\/wp-json\/wp\/v2\/product"}],"about":[{"href":"https:\/\/www.drrashel-bbg.com\/fr\/wp-json\/wp\/v2\/types\/product"}],"replies":[{"embeddable":true,"href":"https:\/\/www.drrashel-bbg.com\/fr\/wp-json\/wp\/v2\/comments?post=4084"}],"wp:featuredmedia":[{"embeddable":true,"href":"https:\/\/www.drrashel-bbg.com\/fr\/wp-json\/wp\/v2\/media\/4090"}],"wp:attachment":[{"href":"https:\/\/www.drrashel-bbg.com\/fr\/wp-json\/wp\/v2\/media?parent=4084"}],"wp:term":[{"taxonomy":"product_brand","embeddable":true,"href":"https:\/\/www.drrashel-bbg.com\/fr\/wp-json\/wp\/v2\/product_brand?post=4084"},{"taxonomy":"product_cat","embeddable":true,"href":"https:\/\/www.drrashel-bbg.com\/fr\/wp-json\/wp\/v2\/product_cat?post=4084"},{"taxonomy":"product_tag","embeddable":true,"href":"https:\/\/www.drrashel-bbg.com\/fr\/wp-json\/wp\/v2\/product_tag?post=4084"}],"curies":[{"name":"wp","href":"https:\/\/api.w.org\/{rel}","templated":true}]}}