{"id":4149,"date":"2025-10-16T17:17:01","date_gmt":"2025-10-16T09:17:01","guid":{"rendered":"https:\/\/www.drrashel-bbg.com\/?post_type=product&#038;p=4149"},"modified":"2026-01-04T16:11:18","modified_gmt":"2026-01-04T08:11:18","slug":"vitamin-c-retinol-a-daytime-brightening-night-anti-aging-facial-serum","status":"publish","type":"product","link":"https:\/\/www.drrashel-bbg.com\/fr\/facial-care-sets\/vitamin-c-retinol-a-daytime-brightening-night-anti-aging-facial-serum\/","title":{"rendered":"Vitamina C &#038; Retinol Un brillant diurn &#038; s\u00e8rum facial anti-envelliment nocturn"},"content":{"rendered":"<p><img fetchpriority=\"high\" decoding=\"async\" class=\"aligncenter wp-image-4163\" src=\"https:\/\/www.drrashel-bbg.com\/wp-content\/uploads\/2025\/10\/DRL-1724-Product-Details-2.jpg\" alt=\"\" width=\"1300\" height=\"2083\" srcset=\"https:\/\/www.drrashel-bbg.com\/wp-content\/uploads\/2025\/10\/DRL-1724-Product-Details-2.jpg 750w, https:\/\/www.drrashel-bbg.com\/wp-content\/uploads\/2025\/10\/DRL-1724-Product-Details-2-187x300.jpg 187w, https:\/\/www.drrashel-bbg.com\/wp-content\/uploads\/2025\/10\/DRL-1724-Product-Details-2-639x1024.jpg 639w, https:\/\/www.drrashel-bbg.com\/wp-content\/uploads\/2025\/10\/DRL-1724-Product-Details-2-600x962.jpg 600w\" sizes=\"(max-width: 1300px) 100vw, 1300px\" \/> <img decoding=\"async\" class=\"aligncenter wp-image-4164\" src=\"https:\/\/www.drrashel-bbg.com\/wp-content\/uploads\/2025\/10\/DRL-1724-Product-Details-3.jpg\" alt=\"\" width=\"1300\" height=\"879\" srcset=\"https:\/\/www.drrashel-bbg.com\/wp-content\/uploads\/2025\/10\/DRL-1724-Product-Details-3.jpg 750w, https:\/\/www.drrashel-bbg.com\/wp-content\/uploads\/2025\/10\/DRL-1724-Product-Details-3-300x203.jpg 300w, https:\/\/www.drrashel-bbg.com\/wp-content\/uploads\/2025\/10\/DRL-1724-Product-Details-3-600x406.jpg 600w\" sizes=\"(max-width: 1300px) 100vw, 1300px\" \/> <img decoding=\"async\" class=\"aligncenter wp-image-4165\" src=\"https:\/\/www.drrashel-bbg.com\/wp-content\/uploads\/2025\/10\/DRL-1724-Product-Details-4.jpg\" alt=\"\" width=\"1300\" height=\"1607\" srcset=\"https:\/\/www.drrashel-bbg.com\/wp-content\/uploads\/2025\/10\/DRL-1724-Product-Details-4.jpg 750w, https:\/\/www.drrashel-bbg.com\/wp-content\/uploads\/2025\/10\/DRL-1724-Product-Details-4-243x300.jpg 243w, https:\/\/www.drrashel-bbg.com\/wp-content\/uploads\/2025\/10\/DRL-1724-Product-Details-4-600x742.jpg 600w\" sizes=\"(max-width: 1300px) 100vw, 1300px\" \/> <img loading=\"lazy\" decoding=\"async\" class=\"aligncenter wp-image-4166\" src=\"https:\/\/www.drrashel-bbg.com\/wp-content\/uploads\/2025\/10\/DRL-1724-Product-Details-5.jpg\" alt=\"\" width=\"1300\" height=\"1063\" srcset=\"https:\/\/www.drrashel-bbg.com\/wp-content\/uploads\/2025\/10\/DRL-1724-Product-Details-5.jpg 750w, https:\/\/www.drrashel-bbg.com\/wp-content\/uploads\/2025\/10\/DRL-1724-Product-Details-5-300x245.jpg 300w, https:\/\/www.drrashel-bbg.com\/wp-content\/uploads\/2025\/10\/DRL-1724-Product-Details-5-600x490.jpg 600w\" sizes=\"(max-width: 1300px) 100vw, 1300px\" \/> <img loading=\"lazy\" decoding=\"async\" class=\"aligncenter wp-image-4167\" src=\"https:\/\/www.drrashel-bbg.com\/wp-content\/uploads\/2025\/10\/DRL-1724-Product-Details-6.jpg\" alt=\"\" width=\"1300\" height=\"1964\" srcset=\"https:\/\/www.drrashel-bbg.com\/wp-content\/uploads\/2025\/10\/DRL-1724-Product-Details-6.jpg 750w, https:\/\/www.drrashel-bbg.com\/wp-content\/uploads\/2025\/10\/DRL-1724-Product-Details-6-199x300.jpg 199w, https:\/\/www.drrashel-bbg.com\/wp-content\/uploads\/2025\/10\/DRL-1724-Product-Details-6-678x1024.jpg 678w, https:\/\/www.drrashel-bbg.com\/wp-content\/uploads\/2025\/10\/DRL-1724-Product-Details-6-600x906.jpg 600w\" sizes=\"(max-width: 1300px) 100vw, 1300px\" \/> <img loading=\"lazy\" decoding=\"async\" class=\"aligncenter wp-image-4168\" src=\"https:\/\/www.drrashel-bbg.com\/wp-content\/uploads\/2025\/10\/DRL-1724-Product-Details-7.jpg\" alt=\"\" width=\"1300\" height=\"1993\" srcset=\"https:\/\/www.drrashel-bbg.com\/wp-content\/uploads\/2025\/10\/DRL-1724-Product-Details-7.jpg 750w, https:\/\/www.drrashel-bbg.com\/wp-content\/uploads\/2025\/10\/DRL-1724-Product-Details-7-196x300.jpg 196w, https:\/\/www.drrashel-bbg.com\/wp-content\/uploads\/2025\/10\/DRL-1724-Product-Details-7-668x1024.jpg 668w, https:\/\/www.drrashel-bbg.com\/wp-content\/uploads\/2025\/10\/DRL-1724-Product-Details-7-600x920.jpg 600w\" sizes=\"(max-width: 1300px) 100vw, 1300px\" \/> <img loading=\"lazy\" decoding=\"async\" class=\"aligncenter wp-image-4169\" src=\"https:\/\/www.drrashel-bbg.com\/wp-content\/uploads\/2025\/10\/DRL-1724-Product-Details-8.jpg\" alt=\"\" width=\"1300\" height=\"1203\" srcset=\"https:\/\/www.drrashel-bbg.com\/wp-content\/uploads\/2025\/10\/DRL-1724-Product-Details-8.jpg 750w, https:\/\/www.drrashel-bbg.com\/wp-content\/uploads\/2025\/10\/DRL-1724-Product-Details-8-300x278.jpg 300w, https:\/\/www.drrashel-bbg.com\/wp-content\/uploads\/2025\/10\/DRL-1724-Product-Details-8-600x555.jpg 600w\" sizes=\"(max-width: 1300px) 100vw, 1300px\" \/> <img loading=\"lazy\" decoding=\"async\" class=\"aligncenter wp-image-4170\" src=\"https:\/\/www.drrashel-bbg.com\/wp-content\/uploads\/2025\/10\/DRL-1724-Product-Details-9.jpg\" alt=\"\" width=\"1300\" height=\"2246\" srcset=\"https:\/\/www.drrashel-bbg.com\/wp-content\/uploads\/2025\/10\/DRL-1724-Product-Details-9.jpg 750w, https:\/\/www.drrashel-bbg.com\/wp-content\/uploads\/2025\/10\/DRL-1724-Product-Details-9-174x300.jpg 174w, https:\/\/www.drrashel-bbg.com\/wp-content\/uploads\/2025\/10\/DRL-1724-Product-Details-9-593x1024.jpg 593w, https:\/\/www.drrashel-bbg.com\/wp-content\/uploads\/2025\/10\/DRL-1724-Product-Details-9-600x1037.jpg 600w\" sizes=\"(max-width: 1300px) 100vw, 1300px\" \/> <img loading=\"lazy\" decoding=\"async\" class=\"aligncenter wp-image-4171\" src=\"https:\/\/www.drrashel-bbg.com\/wp-content\/uploads\/2025\/10\/DRL-1724-Product-Details-10.jpg\" alt=\"\" width=\"1300\" height=\"2238\" srcset=\"https:\/\/www.drrashel-bbg.com\/wp-content\/uploads\/2025\/10\/DRL-1724-Product-Details-10.jpg 750w, https:\/\/www.drrashel-bbg.com\/wp-content\/uploads\/2025\/10\/DRL-1724-Product-Details-10-174x300.jpg 174w, https:\/\/www.drrashel-bbg.com\/wp-content\/uploads\/2025\/10\/DRL-1724-Product-Details-10-595x1024.jpg 595w, https:\/\/www.drrashel-bbg.com\/wp-content\/uploads\/2025\/10\/DRL-1724-Product-Details-10-600x1033.jpg 600w\" sizes=\"(max-width: 1300px) 100vw, 1300px\" \/> <img loading=\"lazy\" decoding=\"async\" class=\"aligncenter wp-image-4172\" src=\"https:\/\/www.drrashel-bbg.com\/wp-content\/uploads\/2025\/10\/DRL-1724-Product-Details-11.jpg\" alt=\"\" width=\"1300\" height=\"2432\" srcset=\"https:\/\/www.drrashel-bbg.com\/wp-content\/uploads\/2025\/10\/DRL-1724-Product-Details-11.jpg 750w, https:\/\/www.drrashel-bbg.com\/wp-content\/uploads\/2025\/10\/DRL-1724-Product-Details-11-160x300.jpg 160w, https:\/\/www.drrashel-bbg.com\/wp-content\/uploads\/2025\/10\/DRL-1724-Product-Details-11-547x1024.jpg 547w, https:\/\/www.drrashel-bbg.com\/wp-content\/uploads\/2025\/10\/DRL-1724-Product-Details-11-600x1122.jpg 600w\" sizes=\"(max-width: 1300px) 100vw, 1300px\" \/> <img loading=\"lazy\" decoding=\"async\" class=\"aligncenter wp-image-4173\" src=\"https:\/\/www.drrashel-bbg.com\/wp-content\/uploads\/2025\/10\/DRL-1724-Product-Details-12.jpg\" alt=\"\" width=\"1300\" height=\"2281\" srcset=\"https:\/\/www.drrashel-bbg.com\/wp-content\/uploads\/2025\/10\/DRL-1724-Product-Details-12.jpg 750w, https:\/\/www.drrashel-bbg.com\/wp-content\/uploads\/2025\/10\/DRL-1724-Product-Details-12-171x300.jpg 171w, https:\/\/www.drrashel-bbg.com\/wp-content\/uploads\/2025\/10\/DRL-1724-Product-Details-12-584x1024.jpg 584w, https:\/\/www.drrashel-bbg.com\/wp-content\/uploads\/2025\/10\/DRL-1724-Product-Details-12-600x1053.jpg 600w\" sizes=\"(max-width: 1300px) 100vw, 1300px\" \/> <img loading=\"lazy\" decoding=\"async\" class=\"aligncenter wp-image-4174\" src=\"https:\/\/www.drrashel-bbg.com\/wp-content\/uploads\/2025\/10\/DRL-1724-Product-Details-13.jpg\" alt=\"\" width=\"1300\" height=\"2957\" srcset=\"https:\/\/www.drrashel-bbg.com\/wp-content\/uploads\/2025\/10\/DRL-1724-Product-Details-13.jpg 750w, https:\/\/www.drrashel-bbg.com\/wp-content\/uploads\/2025\/10\/DRL-1724-Product-Details-13-132x300.jpg 132w, https:\/\/www.drrashel-bbg.com\/wp-content\/uploads\/2025\/10\/DRL-1724-Product-Details-13-450x1024.jpg 450w, https:\/\/www.drrashel-bbg.com\/wp-content\/uploads\/2025\/10\/DRL-1724-Product-Details-13-675x1536.jpg 675w, https:\/\/www.drrashel-bbg.com\/wp-content\/uploads\/2025\/10\/DRL-1724-Product-Details-13-600x1365.jpg 600w\" sizes=\"(max-width: 1300px) 100vw, 1300px\" \/> <img loading=\"lazy\" decoding=\"async\" class=\"aligncenter wp-image-4175\" src=\"https:\/\/www.drrashel-bbg.com\/wp-content\/uploads\/2025\/10\/DRL-1724-Product-Details-14.jpg\" alt=\"\" width=\"1300\" height=\"2685\" srcset=\"https:\/\/www.drrashel-bbg.com\/wp-content\/uploads\/2025\/10\/DRL-1724-Product-Details-14.jpg 750w, https:\/\/www.drrashel-bbg.com\/wp-content\/uploads\/2025\/10\/DRL-1724-Product-Details-14-145x300.jpg 145w, https:\/\/www.drrashel-bbg.com\/wp-content\/uploads\/2025\/10\/DRL-1724-Product-Details-14-496x1024.jpg 496w, https:\/\/www.drrashel-bbg.com\/wp-content\/uploads\/2025\/10\/DRL-1724-Product-Details-14-744x1536.jpg 744w, https:\/\/www.drrashel-bbg.com\/wp-content\/uploads\/2025\/10\/DRL-1724-Product-Details-14-600x1239.jpg 600w\" sizes=\"(max-width: 1300px) 100vw, 1300px\" \/><\/p>\n<p>&nbsp;<\/p>\n<p><strong><b>Beneficis del producte:<\/b><\/strong><\/p>\n<p>Vitamina C soro brillant, estimular la producci\u00f3 de col\u00b7lagen i elastina, la vitamina C es barreja sin\u00e8rgicament amb \u00e0cid hialur\u00f2nic i vitamina E en aquesta f\u00f3rmula avan\u00e7ada dissenyada, \u00e9s el soro perfecte, suau per apuntar a les taces fosques, brillant la pell, deixar la pell m\u00e9s brillant, m\u00e9s ferm i m\u00e9s flexible.<\/p>\n<p>El s\u00e8rum nocturn antienvelliment amb retinol \u00e9s una f\u00f3rmula d'hidrataci\u00f3 nocturna de la pell dissenyada per reduir els danys cut\u00e0nics que causen arrugues, pell seca, p\u00e8rdua de firmesa i elasticitat i pigmentaci\u00f3 desigual. \u00c9s la poci\u00f3 de renovaci\u00f3 perfecta que fa la seva m\u00e0gia, embolcant i hidratant mentre dorms perqu\u00e8 et puguis despertar amb la pell revitalitzada.<\/p>\n<p>&nbsp;<\/p>\n<p><strong><b>Ingredients i tecnologies principals:<\/b><\/strong><\/p>\n<p>INGREDIENTS ESTRELLES<\/p>\n<p>Vitamina C E, antioxidant i brillant, el retinol i l'\u00e0cid hialur\u00f2nic poden anti-envelliment i hidratar<\/p>\n<p>Ingredients complets (vitamina C)<\/p>\n<p>aigua<\/p>\n<p>GLICERINA<\/p>\n<p>NIACINAMIDA<\/p>\n<p>3-o-ETHIL \u00c0CID ASCORBIC<\/p>\n<p>\u00e0cid hialur\u00f2nic<\/p>\n<p>INGREDIENTS COMPLETS (Retinol A)<\/p>\n<p>aigua<\/p>\n<p>GLICERINA<\/p>\n<p>TOCOFEROL<\/p>\n<p>RETINOL<\/p>\n<p>HIALURONAT DE SODI<\/p>\n<p>&nbsp;<\/p>\n<p><strong><b>Com utilitzar:<\/b><\/strong><\/p>\n<p>Despr\u00e9s de netejar-se al mat\u00ed o a la nit, preneu 3-4 gotes per esmaltar-se uniformement a la cara, i massatgeu suavement amb els punts dels dits mitjans i els punts dels dits anells fins que s'absorbeixin. Adequat per a \u00fas diari o abans d'aplicar el maquillatge o la fundaci\u00f3, o com a m\u00e0scara, es pot utilitzar com a primer efica\u00e7.<\/p>\n<p>&nbsp;<\/p>\n<p><strong><b>Introducci\u00f3 de la marca:<\/b><\/strong><\/p>\n<p>DR\u00b7RASHEL va ser fundada el 1989 pel senyor BAKRI, un mestre de cura de la pell, amb trenta anys d'experi\u00e8ncia en productes. Centrat en la salut, el senyor BAKRI va desenvolupar f\u00f3rmules precises per als ingredients naturals per maximitzar la salut de la pell i la radiaci\u00f3 vibrant, un principi aplicat en l'\u00e0mplia gamma de productes de cura de la pell de DR\u00b7RASHEL.<\/p>\n<p>Els productes DR\u00b7RASHEL es distribueixen per tot el m\u00f3n i s\u00f3n rebuts per clients en cinc continents, m\u00e9s espec\u00edficament, a l'Orient Mitj\u00e0, Am\u00e8rica del Sud i Europa.<\/p>\n<p>Exportem a m\u00e9s de 100 pa\u00efsos, incloent els Emirats \u00c0rabs Units, R\u00fassia, Am\u00e8rica, M\u00e8xic, Austr\u00e0lia, Ar\u00e0bia Saudita, Brasil, \u00cdndia i Sud-\u00e0frica.<\/p>\n<p>Tenim ISO, GMPC American European Union Internacional autorit\u00e0ria doble certificaci\u00f3, avan\u00e7ada R &amp; amp; D equip de prova, milers de f\u00f3rmules madures i equip de vendes d'alta efici\u00e8ncia i superioritat de preu competitiu. Les nostres categories de productes s\u00f3n: productes de cura de la pell, productes de maquillatge, productes de rentat i cura.<\/p>\n<p>&nbsp;<\/p>\n<p><strong><b>Preguntes freq\u00fcents:<\/b><\/strong><\/p>\n<p>Q: Qu\u00e8 \u00e9s la vitamina C del mat\u00ed i el retinol de la nit?<\/p>\n<p>R: Es refereix a una estrat\u00e8gia de cura de la pell en temps compartit, que implica l'\u00fas de productes de cura de la pell que contenen vitamina C al mat\u00ed i productes de cura de la pell que contenen vitamina A (com el retinol) a la nit.<\/p>\n<p>Quins s\u00f3n els beneficis d'utilitzar la vitamina C al mat\u00ed i el retinol a la nit?<\/p>\n<p>R: Obtenir efectes complets d'envelliment i il\u00b7luminaci\u00f3 amb defensa diurna i reparaci\u00f3 nocturna.<\/p>","protected":false},"excerpt":{"rendered":"<p>Ajuda'ns antioxidant \u3001 arruga \u3001 brillant \u3001 endureciment \u3001 protegir i reparar. Torna el rellotge de l'envelliment, per a una pell m\u00e9s suau i jove.<\/p>\n<p>N\u00famero de s\u00e8rie: DRL-1724<\/p>\n<p>Tipus de pell aplicable: Adequat per a tots els tipus de pell.<\/p>\n<p>Capacitat del producte: 30ml \/ 1.01fl.oz 30ml \/ 1.01fl.oz<\/p>","protected":false},"featured_media":4178,"comment_status":"closed","ping_status":"closed","template":"","meta":[],"product_brand":[],"product_cat":[169,168],"product_tag":[],"class_list":{"0":"post-4149","1":"product","2":"type-product","3":"status-publish","4":"has-post-thumbnail","6":"product_cat-facial-care-sets","7":"product_cat-sets-kits","9":"first","10":"instock","11":"shipping-taxable","12":"product-type-simple"},"_links":{"self":[{"href":"https:\/\/www.drrashel-bbg.com\/fr\/wp-json\/wp\/v2\/product\/4149","targetHints":{"allow":["GET"]}}],"collection":[{"href":"https:\/\/www.drrashel-bbg.com\/fr\/wp-json\/wp\/v2\/product"}],"about":[{"href":"https:\/\/www.drrashel-bbg.com\/fr\/wp-json\/wp\/v2\/types\/product"}],"replies":[{"embeddable":true,"href":"https:\/\/www.drrashel-bbg.com\/fr\/wp-json\/wp\/v2\/comments?post=4149"}],"wp:featuredmedia":[{"embeddable":true,"href":"https:\/\/www.drrashel-bbg.com\/fr\/wp-json\/wp\/v2\/media\/4178"}],"wp:attachment":[{"href":"https:\/\/www.drrashel-bbg.com\/fr\/wp-json\/wp\/v2\/media?parent=4149"}],"wp:term":[{"taxonomy":"product_brand","embeddable":true,"href":"https:\/\/www.drrashel-bbg.com\/fr\/wp-json\/wp\/v2\/product_brand?post=4149"},{"taxonomy":"product_cat","embeddable":true,"href":"https:\/\/www.drrashel-bbg.com\/fr\/wp-json\/wp\/v2\/product_cat?post=4149"},{"taxonomy":"product_tag","embeddable":true,"href":"https:\/\/www.drrashel-bbg.com\/fr\/wp-json\/wp\/v2\/product_tag?post=4149"}],"curies":[{"name":"wp","href":"https:\/\/api.w.org\/{rel}","templated":true}]}}