{"id":4229,"date":"2025-10-17T09:41:42","date_gmt":"2025-10-17T01:41:42","guid":{"rendered":"https:\/\/www.drrashel-bbg.com\/?post_type=product&#038;p=4229"},"modified":"2026-01-04T16:06:13","modified_gmt":"2026-01-04T08:06:13","slug":"24k-gold-radiance-anti-aging-primer-serum","status":"publish","type":"product","link":"https:\/\/www.drrashel-bbg.com\/fr\/serum-essences\/24k-gold-radiance-anti-aging-primer-serum\/","title":{"rendered":"Radi\u00e0ncia d'or 24K &#038; s\u00e8rum primer anti-envelliment"},"content":{"rendered":"<p><strong><b>Beneficis del producte:<\/b><\/strong><\/p>\n<p>Aquest \u00e9s un s\u00e8rum de luxe que combina or pur 24K (99,9%), \u00e9s ric en nutrients, es pot penetrar profundament en la part inferior de la pell per exercir potents efectes hidratants i anti-envelliment. Tamb\u00e9 proporciona una intensa hidrataci\u00f3 i efecte firment a la pell, la fa instant\u00e0niament plena, humida i brillant, sembla flexible i saludable.<\/p>\n<p>&nbsp;<\/p>\n<p><strong><b>Ingredients i tecnologies principals:<\/b><\/strong><\/p>\n<p>INGREDIENTS ESTRELLES<\/p>\n<p>L'or granular fina es pot utilitzar per eliminar toxines i impureses de la pell, tamb\u00e9, estimula la pell&#8217; s factor hidratant natural i promou el metabolisme, per aconseguir els efectes d'estirament i blanquejament per a la pell.<\/p>\n<p>INGREDIENTS COMPLETS<\/p>\n<p>aigua<\/p>\n<p>GLICERINA<\/p>\n<p>Glicol propil\u00e8nic<\/p>\n<p>COLLAGEN HIDROLIZAT<\/p>\n<p>HIALURONAT DE SODI<\/p>\n<p>NIACINAMIDA<\/p>\n<p>d' or<\/p>\n<p>&nbsp;<\/p>\n<p><strong><b>Com utilitzar:<\/b><\/strong><\/p>\n<p>Apliqueu algunes gotes al centre de la cara i massatgeu cap a l'exterior, ja que l'\u00faltim pas de la cura de la pell abans d'aplicar el maquillatge\/fundaci\u00f3. Aix\u00f2 deixar\u00e0 la teva pell amb una lluminositat, borrosa i suau.<\/p>\n<p><strong><b>Introducci\u00f3 de la marca:<\/b><\/strong><\/p>\n<p>DR\u00b7RASHEL va ser fundada el 1989 pel senyor BAKRI, un mestre de cura de la pell, amb trenta anys d'experi\u00e8ncia en productes. Centrat en la salut, el senyor BAKRI va desenvolupar f\u00f3rmules precises per als ingredients naturals per maximitzar la salut de la pell i la radiaci\u00f3 vibrant, un principi aplicat en l'\u00e0mplia gamma de productes de cura de la pell de DR\u00b7RASHEL.<\/p>\n<p>&nbsp;<\/p>\n<p>Els productes DR\u00b7RASHEL es distribueixen per tot el m\u00f3n i s\u00f3n rebuts per clients en cinc continents, m\u00e9s espec\u00edficament, a l'Orient Mitj\u00e0, Am\u00e8rica del Sud i Europa.<\/p>\n<p>Exportem a m\u00e9s de 100 pa\u00efsos, incloent els Emirats \u00c0rabs Units, R\u00fassia, Am\u00e8rica, M\u00e8xic, Austr\u00e0lia, Ar\u00e0bia Saudita, Brasil, \u00cdndia i Sud-\u00e0frica.<\/p>\n<p>Tenim ISO, GMPC American European Union Internacional autorit\u00e0ria doble certificaci\u00f3, avan\u00e7ada R &amp; amp; D equip de prova, milers de f\u00f3rmules madures i equip de vendes d'alta efici\u00e8ncia i superioritat de preu competitiu. Les nostres categories de productes s\u00f3n: productes de cura de la pell, productes de maquillatge, productes de rentat i cura.<\/p>\n<p>&nbsp;<\/p>\n<p><strong><b>Preguntes freq\u00fcents:<\/b><\/strong><\/p>\n<p>P: Quin tipus de fundaci\u00f3 \u00e9s adequat per emparellar-se amb?<\/p>\n<p>R: Es pot barrejar perfectament amb diversos productes de maquillatge de base de diferents textures. Especialment pot millorar la transpar\u00e8ncia de la fundaci\u00f3 mate i augmentar el brillant de la fundaci\u00f3 hidratant.<\/p>\n<p>P: A m\u00e9s de l'or, quins altres ingredients anti-envelliment existen?<\/p>\n<p>A: \u00c0cid hialur\u00f2nic: bloqueja profundament en la humitat i hidrata, omple les l\u00ednies seques i fa que la pell s'embolci.<\/p>\n<p>NIACINAMIDA: Ilumina el to de la pell, millora l'aburriment i repara la barrera de la pell<\/p>\n<p>COLLAGEN HIDROLIZAT: Alisa les l\u00ednies finas, endureix la pell i combateix el sagging.<\/p>","protected":false},"excerpt":{"rendered":"<p>Aquesta \u00e9s una ess\u00e8ncia anti-envelliment pre-maquillatge. Utilitza'l abans d'aplicar cosm\u00e8tics per ajudar a eliminar les arrugues i il\u00b7luminar la pell, alhora que dona a la pell un resplendiment jove, fent-la brillant, gruixuda i suau.<\/p>\n<p>N\u00famero de s\u00e8rie: DRL-1479<\/p>\n<p>Tipus de pell aplicable: adequat Tot el tipus de pell<\/p>\n<p>Capacitat del producte: 100ml.<\/p>","protected":false},"featured_media":4238,"comment_status":"closed","ping_status":"closed","template":"","meta":[],"product_brand":[],"product_cat":[15,115],"product_tag":[],"class_list":{"0":"post-4229","1":"product","2":"type-product","3":"status-publish","4":"has-post-thumbnail","6":"product_cat-face-care","7":"product_cat-serum-essences","9":"first","10":"instock","11":"shipping-taxable","12":"product-type-simple"},"_links":{"self":[{"href":"https:\/\/www.drrashel-bbg.com\/fr\/wp-json\/wp\/v2\/product\/4229","targetHints":{"allow":["GET"]}}],"collection":[{"href":"https:\/\/www.drrashel-bbg.com\/fr\/wp-json\/wp\/v2\/product"}],"about":[{"href":"https:\/\/www.drrashel-bbg.com\/fr\/wp-json\/wp\/v2\/types\/product"}],"replies":[{"embeddable":true,"href":"https:\/\/www.drrashel-bbg.com\/fr\/wp-json\/wp\/v2\/comments?post=4229"}],"wp:featuredmedia":[{"embeddable":true,"href":"https:\/\/www.drrashel-bbg.com\/fr\/wp-json\/wp\/v2\/media\/4238"}],"wp:attachment":[{"href":"https:\/\/www.drrashel-bbg.com\/fr\/wp-json\/wp\/v2\/media?parent=4229"}],"wp:term":[{"taxonomy":"product_brand","embeddable":true,"href":"https:\/\/www.drrashel-bbg.com\/fr\/wp-json\/wp\/v2\/product_brand?post=4229"},{"taxonomy":"product_cat","embeddable":true,"href":"https:\/\/www.drrashel-bbg.com\/fr\/wp-json\/wp\/v2\/product_cat?post=4229"},{"taxonomy":"product_tag","embeddable":true,"href":"https:\/\/www.drrashel-bbg.com\/fr\/wp-json\/wp\/v2\/product_tag?post=4229"}],"curies":[{"name":"wp","href":"https:\/\/api.w.org\/{rel}","templated":true}]}}