{"id":4239,"date":"2025-10-17T09:56:25","date_gmt":"2025-10-17T01:56:25","guid":{"rendered":"https:\/\/www.drrashel-bbg.com\/?post_type=product&#038;p=4239"},"modified":"2026-01-04T16:03:34","modified_gmt":"2026-01-04T08:03:34","slug":"day-to-night-vitamin-c-and-retinol-a-24h-power-couple","status":"publish","type":"product","link":"https:\/\/www.drrashel-bbg.com\/fr\/facial-care-sets\/day-to-night-vitamin-c-and-retinol-a-24h-power-couple\/","title":{"rendered":"Dia a nit Vitamina C i Retinol A 24h Power Couple"},"content":{"rendered":"<p data-wp-editing=\"1\"><img fetchpriority=\"high\" decoding=\"async\" class=\"aligncenter wp-image-4240\" src=\"https:\/\/www.drrashel-bbg.com\/wp-content\/uploads\/2025\/10\/DRL-1723Product-Details-2.jpg\" alt=\"\" width=\"1300\" height=\"2007\" srcset=\"https:\/\/www.drrashel-bbg.com\/wp-content\/uploads\/2025\/10\/DRL-1723Product-Details-2.jpg 750w, https:\/\/www.drrashel-bbg.com\/wp-content\/uploads\/2025\/10\/DRL-1723Product-Details-2-194x300.jpg 194w, https:\/\/www.drrashel-bbg.com\/wp-content\/uploads\/2025\/10\/DRL-1723Product-Details-2-663x1024.jpg 663w, https:\/\/www.drrashel-bbg.com\/wp-content\/uploads\/2025\/10\/DRL-1723Product-Details-2-600x926.jpg 600w\" sizes=\"(max-width: 1300px) 100vw, 1300px\" \/> <img decoding=\"async\" class=\"aligncenter wp-image-4241\" src=\"https:\/\/www.drrashel-bbg.com\/wp-content\/uploads\/2025\/10\/DRL-1723Product-Details-3.jpg\" alt=\"\" width=\"1300\" height=\"816\" srcset=\"https:\/\/www.drrashel-bbg.com\/wp-content\/uploads\/2025\/10\/DRL-1723Product-Details-3.jpg 750w, https:\/\/www.drrashel-bbg.com\/wp-content\/uploads\/2025\/10\/DRL-1723Product-Details-3-300x188.jpg 300w, https:\/\/www.drrashel-bbg.com\/wp-content\/uploads\/2025\/10\/DRL-1723Product-Details-3-600x377.jpg 600w\" sizes=\"(max-width: 1300px) 100vw, 1300px\" \/> <img decoding=\"async\" class=\"aligncenter wp-image-4242\" src=\"https:\/\/www.drrashel-bbg.com\/wp-content\/uploads\/2025\/10\/DRL-1723Product-Details-4.jpg\" alt=\"\" width=\"1300\" height=\"1721\" srcset=\"https:\/\/www.drrashel-bbg.com\/wp-content\/uploads\/2025\/10\/DRL-1723Product-Details-4.jpg 750w, https:\/\/www.drrashel-bbg.com\/wp-content\/uploads\/2025\/10\/DRL-1723Product-Details-4-227x300.jpg 227w, https:\/\/www.drrashel-bbg.com\/wp-content\/uploads\/2025\/10\/DRL-1723Product-Details-4-600x794.jpg 600w\" sizes=\"(max-width: 1300px) 100vw, 1300px\" \/> <img loading=\"lazy\" decoding=\"async\" class=\"aligncenter wp-image-4243\" src=\"https:\/\/www.drrashel-bbg.com\/wp-content\/uploads\/2025\/10\/DRL-1723Product-Details-5.jpg\" alt=\"\" width=\"1300\" height=\"1619\" srcset=\"https:\/\/www.drrashel-bbg.com\/wp-content\/uploads\/2025\/10\/DRL-1723Product-Details-5.jpg 750w, https:\/\/www.drrashel-bbg.com\/wp-content\/uploads\/2025\/10\/DRL-1723Product-Details-5-241x300.jpg 241w, https:\/\/www.drrashel-bbg.com\/wp-content\/uploads\/2025\/10\/DRL-1723Product-Details-5-600x747.jpg 600w\" sizes=\"(max-width: 1300px) 100vw, 1300px\" \/> <img loading=\"lazy\" decoding=\"async\" class=\"aligncenter wp-image-4244\" src=\"https:\/\/www.drrashel-bbg.com\/wp-content\/uploads\/2025\/10\/DRL-1723Product-Details-6.jpg\" alt=\"\" width=\"1300\" height=\"1837\" srcset=\"https:\/\/www.drrashel-bbg.com\/wp-content\/uploads\/2025\/10\/DRL-1723Product-Details-6.jpg 750w, https:\/\/www.drrashel-bbg.com\/wp-content\/uploads\/2025\/10\/DRL-1723Product-Details-6-212x300.jpg 212w, https:\/\/www.drrashel-bbg.com\/wp-content\/uploads\/2025\/10\/DRL-1723Product-Details-6-725x1024.jpg 725w, https:\/\/www.drrashel-bbg.com\/wp-content\/uploads\/2025\/10\/DRL-1723Product-Details-6-600x848.jpg 600w\" sizes=\"(max-width: 1300px) 100vw, 1300px\" \/> <img loading=\"lazy\" decoding=\"async\" class=\"aligncenter wp-image-4245\" src=\"https:\/\/www.drrashel-bbg.com\/wp-content\/uploads\/2025\/10\/DRL-1723Product-Details-7.jpg\" alt=\"\" width=\"1300\" height=\"2078\" srcset=\"https:\/\/www.drrashel-bbg.com\/wp-content\/uploads\/2025\/10\/DRL-1723Product-Details-7.jpg 750w, https:\/\/www.drrashel-bbg.com\/wp-content\/uploads\/2025\/10\/DRL-1723Product-Details-7-188x300.jpg 188w, https:\/\/www.drrashel-bbg.com\/wp-content\/uploads\/2025\/10\/DRL-1723Product-Details-7-641x1024.jpg 641w, https:\/\/www.drrashel-bbg.com\/wp-content\/uploads\/2025\/10\/DRL-1723Product-Details-7-600x959.jpg 600w\" sizes=\"(max-width: 1300px) 100vw, 1300px\" \/> <img loading=\"lazy\" decoding=\"async\" class=\"aligncenter wp-image-4246\" src=\"https:\/\/www.drrashel-bbg.com\/wp-content\/uploads\/2025\/10\/DRL-1723Product-Details-8.jpg\" alt=\"\" width=\"1300\" height=\"1439\" srcset=\"https:\/\/www.drrashel-bbg.com\/wp-content\/uploads\/2025\/10\/DRL-1723Product-Details-8.jpg 750w, https:\/\/www.drrashel-bbg.com\/wp-content\/uploads\/2025\/10\/DRL-1723Product-Details-8-271x300.jpg 271w, https:\/\/www.drrashel-bbg.com\/wp-content\/uploads\/2025\/10\/DRL-1723Product-Details-8-600x664.jpg 600w\" sizes=\"(max-width: 1300px) 100vw, 1300px\" \/> <img loading=\"lazy\" decoding=\"async\" class=\"aligncenter wp-image-4247\" src=\"https:\/\/www.drrashel-bbg.com\/wp-content\/uploads\/2025\/10\/DRL-1723Product-Details-9.jpg\" alt=\"\" width=\"1300\" height=\"1451\" srcset=\"https:\/\/www.drrashel-bbg.com\/wp-content\/uploads\/2025\/10\/DRL-1723Product-Details-9.jpg 750w, https:\/\/www.drrashel-bbg.com\/wp-content\/uploads\/2025\/10\/DRL-1723Product-Details-9-269x300.jpg 269w, https:\/\/www.drrashel-bbg.com\/wp-content\/uploads\/2025\/10\/DRL-1723Product-Details-9-600x670.jpg 600w\" sizes=\"(max-width: 1300px) 100vw, 1300px\" \/> <img loading=\"lazy\" decoding=\"async\" class=\"aligncenter wp-image-4248\" src=\"https:\/\/www.drrashel-bbg.com\/wp-content\/uploads\/2025\/10\/DRL-1723Product-Details-10.jpg\" alt=\"\" width=\"1300\" height=\"2097\" srcset=\"https:\/\/www.drrashel-bbg.com\/wp-content\/uploads\/2025\/10\/DRL-1723Product-Details-10.jpg 750w, https:\/\/www.drrashel-bbg.com\/wp-content\/uploads\/2025\/10\/DRL-1723Product-Details-10-186x300.jpg 186w, https:\/\/www.drrashel-bbg.com\/wp-content\/uploads\/2025\/10\/DRL-1723Product-Details-10-635x1024.jpg 635w, https:\/\/www.drrashel-bbg.com\/wp-content\/uploads\/2025\/10\/DRL-1723Product-Details-10-600x968.jpg 600w\" sizes=\"(max-width: 1300px) 100vw, 1300px\" \/> <img loading=\"lazy\" decoding=\"async\" class=\"aligncenter wp-image-4249\" src=\"https:\/\/www.drrashel-bbg.com\/wp-content\/uploads\/2025\/10\/DRL-1723Product-Details-11.jpg\" alt=\"\" width=\"1300\" height=\"1875\" srcset=\"https:\/\/www.drrashel-bbg.com\/wp-content\/uploads\/2025\/10\/DRL-1723Product-Details-11.jpg 750w, https:\/\/www.drrashel-bbg.com\/wp-content\/uploads\/2025\/10\/DRL-1723Product-Details-11-208x300.jpg 208w, https:\/\/www.drrashel-bbg.com\/wp-content\/uploads\/2025\/10\/DRL-1723Product-Details-11-710x1024.jpg 710w, https:\/\/www.drrashel-bbg.com\/wp-content\/uploads\/2025\/10\/DRL-1723Product-Details-11-600x866.jpg 600w\" sizes=\"(max-width: 1300px) 100vw, 1300px\" \/> <img loading=\"lazy\" decoding=\"async\" class=\"aligncenter wp-image-4250\" src=\"https:\/\/www.drrashel-bbg.com\/wp-content\/uploads\/2025\/10\/DRL-1723Product-Details-12.jpg\" alt=\"\" width=\"1300\" height=\"2109\" srcset=\"https:\/\/www.drrashel-bbg.com\/wp-content\/uploads\/2025\/10\/DRL-1723Product-Details-12.jpg 750w, https:\/\/www.drrashel-bbg.com\/wp-content\/uploads\/2025\/10\/DRL-1723Product-Details-12-185x300.jpg 185w, https:\/\/www.drrashel-bbg.com\/wp-content\/uploads\/2025\/10\/DRL-1723Product-Details-12-631x1024.jpg 631w, https:\/\/www.drrashel-bbg.com\/wp-content\/uploads\/2025\/10\/DRL-1723Product-Details-12-600x974.jpg 600w\" sizes=\"(max-width: 1300px) 100vw, 1300px\" \/> <img loading=\"lazy\" decoding=\"async\" class=\"aligncenter wp-image-4251\" src=\"https:\/\/www.drrashel-bbg.com\/wp-content\/uploads\/2025\/10\/DRL-1723Product-Details-13.jpg\" alt=\"\" width=\"1300\" height=\"2229\" srcset=\"https:\/\/www.drrashel-bbg.com\/wp-content\/uploads\/2025\/10\/DRL-1723Product-Details-13.jpg 750w, https:\/\/www.drrashel-bbg.com\/wp-content\/uploads\/2025\/10\/DRL-1723Product-Details-13-175x300.jpg 175w, https:\/\/www.drrashel-bbg.com\/wp-content\/uploads\/2025\/10\/DRL-1723Product-Details-13-597x1024.jpg 597w, https:\/\/www.drrashel-bbg.com\/wp-content\/uploads\/2025\/10\/DRL-1723Product-Details-13-600x1029.jpg 600w\" sizes=\"(max-width: 1300px) 100vw, 1300px\" \/> <img loading=\"lazy\" decoding=\"async\" class=\"aligncenter wp-image-4252\" src=\"https:\/\/www.drrashel-bbg.com\/wp-content\/uploads\/2025\/10\/DRL-1723Product-Details-14.jpg\" alt=\"\" width=\"1300\" height=\"2969\" srcset=\"https:\/\/www.drrashel-bbg.com\/wp-content\/uploads\/2025\/10\/DRL-1723Product-Details-14.jpg 750w, https:\/\/www.drrashel-bbg.com\/wp-content\/uploads\/2025\/10\/DRL-1723Product-Details-14-131x300.jpg 131w, https:\/\/www.drrashel-bbg.com\/wp-content\/uploads\/2025\/10\/DRL-1723Product-Details-14-448x1024.jpg 448w, https:\/\/www.drrashel-bbg.com\/wp-content\/uploads\/2025\/10\/DRL-1723Product-Details-14-673x1536.jpg 673w, https:\/\/www.drrashel-bbg.com\/wp-content\/uploads\/2025\/10\/DRL-1723Product-Details-14-600x1370.jpg 600w\" sizes=\"(max-width: 1300px) 100vw, 1300px\" \/> <img loading=\"lazy\" decoding=\"async\" class=\"aligncenter wp-image-4253\" src=\"https:\/\/www.drrashel-bbg.com\/wp-content\/uploads\/2025\/10\/DRL-1723Product-Details-15.jpg\" alt=\"\" width=\"1300\" height=\"2780\" srcset=\"https:\/\/www.drrashel-bbg.com\/wp-content\/uploads\/2025\/10\/DRL-1723Product-Details-15.jpg 750w, https:\/\/www.drrashel-bbg.com\/wp-content\/uploads\/2025\/10\/DRL-1723Product-Details-15-140x300.jpg 140w, https:\/\/www.drrashel-bbg.com\/wp-content\/uploads\/2025\/10\/DRL-1723Product-Details-15-479x1024.jpg 479w, https:\/\/www.drrashel-bbg.com\/wp-content\/uploads\/2025\/10\/DRL-1723Product-Details-15-718x1536.jpg 718w, https:\/\/www.drrashel-bbg.com\/wp-content\/uploads\/2025\/10\/DRL-1723Product-Details-15-600x1283.jpg 600w\" sizes=\"(max-width: 1300px) 100vw, 1300px\" \/><\/p>\n<p>&nbsp;<\/p>\n<p><strong><b>Beneficis del producte:<\/b><\/strong><\/p>\n<p>La vitamina C \u00e9s un antioxidant natural que es coneix per combatre els radicals lliures a la superf\u00edcie de la pell i, en \u00faltima inst\u00e0ncia, protegir la pell dels danys visibles com les l\u00ednies fines i el to de la pell desigual. Aquesta crema hidratant lleugera que augmenta la radiaci\u00f3 ajuda a millorar l'aparen\u00e7a del to de la pell desigual, l\u00ednies fines i arrugues i enfortir la pell. defenses naturals per a una aparen\u00e7a m\u00e9s suau, ferma i revitalitzada.<\/p>\n<p>Amb l'edat, el volum de c\u00e8l\u00b7lules naturals de la pell disminueix, resultant en un to de pell aburrit i desigual, una textura de pell rugosa i arrugues. Aquest retinol \u00e9s una crema nocturna anti-envelliment que ajuda a disminuir l'aparici\u00f3 de l\u00ednies fines i arrugues mentre dorms. Desperta't amb una pell suau i radiant. Al\u00e7a't i brillant a una pell m\u00e9s refinada, lluminosa, m\u00e9s jove, cortesia d'aquesta crema anti-arrugas, es veu m\u00e9s ferma, hidratada i m\u00e9s uniforme.<\/p>\n<p>&nbsp;<\/p>\n<p><strong><b>Ingredients i tecnologies principals:<\/b><\/strong><\/p>\n<p>INGREDIENTS ESTRELLES<\/p>\n<p>Vitamina C Revela una pell m\u00e9s radiant i saludable, Retinol A Firms, suavitza i ilumina la pell durant la nit<\/p>\n<p>Ingredients complets (vitamina C)<\/p>\n<p>aigua<\/p>\n<p>PALMITAT DE ETILHEXIL<\/p>\n<p>Glicol<\/p>\n<p>3-o-ETHIL \u00c0CID ASCORBIC<\/p>\n<p>\u00c0CID ASCORBIC<\/p>\n<p>INGREDIENTS COMPLETS (Retinol A)<\/p>\n<p>aigua<\/p>\n<p>GLICERINA<\/p>\n<p>NIACINAMIDA<\/p>\n<p>TOCOFEROL<\/p>\n<p>RETINOL<\/p>\n<p>HIALURONAT DE SODI<\/p>\n<p>&nbsp;<\/p>\n<p><strong><b>Com utilitzar:<\/b><\/strong><\/p>\n<p>Alisa la cara i el coll fins que s'absorbi completament. Aplicar despr\u00e9s de serum facial i crema ocular per obtenir els millors resultats. Evitar el contacte amb els ulls. Els resultats milloraran amb l'\u00fas diari.<\/p>\n<p>&nbsp;<\/p>\n<p><strong><b>Introducci\u00f3 de la marca:<\/b><\/strong><\/p>\n<p>DR\u00b7RASHEL va ser fundada el 1989 pel senyor BAKRI, un mestre de cura de la pell, amb trenta anys d'experi\u00e8ncia en productes. Centrat en la salut, el senyor BAKRI va desenvolupar f\u00f3rmules precises per als ingredients naturals per maximitzar la salut de la pell i la radiaci\u00f3 vibrant, un principi aplicat en l'\u00e0mplia gamma de productes de cura de la pell de DR\u00b7RASHEL.<\/p>\n<p>Els productes DR\u00b7RASHEL es distribueixen per tot el m\u00f3n i s\u00f3n rebuts per clients en cinc continents, m\u00e9s espec\u00edficament, a l'Orient Mitj\u00e0, Am\u00e8rica del Sud i Europa.<\/p>\n<p>Exportem a m\u00e9s de 100 pa\u00efsos, incloent els Emirats \u00c0rabs Units, R\u00fassia, Am\u00e8rica, M\u00e8xic, Austr\u00e0lia, Ar\u00e0bia Saudita, Brasil, \u00cdndia i Sud-\u00e0frica.<\/p>\n<p>Tenim ISO, GMPC American European Union Internacional autorit\u00e0ria doble certificaci\u00f3, avan\u00e7ada R &amp; amp; D equip de prova, milers de f\u00f3rmules madures i equip de vendes d'alta efici\u00e8ncia i superioritat de preu competitiu. Les nostres categories de productes s\u00f3n: productes de cura de la pell, productes de maquillatge, productes de rentat i cura.<\/p>\n<p>&nbsp;<\/p>\n<p><strong><b>Preguntes freq\u00fcents:<\/b><\/strong><\/p>\n<p>Q: Qu\u00e8 \u00e9s la vitamina C del mat\u00ed i el retinol de la nit?<\/p>\n<p>R: Es refereix a una estrat\u00e8gia de cura de la pell en temps compartit, que implica l'\u00fas de productes de cura de la pell que contenen vitamina C al mat\u00ed i productes de cura de la pell que contenen vitamina A (com el retinol) a la nit.<\/p>\n<p>Quins s\u00f3n els beneficis d'utilitzar la vitamina C al mat\u00ed i el retinol a la nit?<\/p>\n<p>R: Obtenir efectes complets d'envelliment i il\u00b7luminaci\u00f3 amb defensa diurna i reparaci\u00f3 nocturna.<\/p>","protected":false},"excerpt":{"rendered":"<p>Ajuda'ns a nutrir, resurfaces, suau, renovaci\u00f3, lluita contra l\u00ednies fines, taques fosques i arrugues. Durant 24 hores de pell visiblement brillant i lisa amb una reducci\u00f3 en l'aspecte de l\u00ednies fines i arrugues.<\/p>\n<p>N\u00famero de s\u00e8rie: DRL-1723<\/p>\n<p>Tipus de pell aplicable: Adequat per a tots els tipus de pell.<\/p>\n<p>Capacitat del producte: 50g \/ 1,76 oz 50g \/ 1,76 oz<\/p>","protected":false},"featured_media":4254,"comment_status":"closed","ping_status":"closed","template":"","meta":[],"product_brand":[],"product_cat":[169,168],"product_tag":[],"class_list":{"0":"post-4239","1":"product","2":"type-product","3":"status-publish","4":"has-post-thumbnail","6":"product_cat-facial-care-sets","7":"product_cat-sets-kits","9":"first","10":"instock","11":"shipping-taxable","12":"product-type-simple"},"_links":{"self":[{"href":"https:\/\/www.drrashel-bbg.com\/fr\/wp-json\/wp\/v2\/product\/4239","targetHints":{"allow":["GET"]}}],"collection":[{"href":"https:\/\/www.drrashel-bbg.com\/fr\/wp-json\/wp\/v2\/product"}],"about":[{"href":"https:\/\/www.drrashel-bbg.com\/fr\/wp-json\/wp\/v2\/types\/product"}],"replies":[{"embeddable":true,"href":"https:\/\/www.drrashel-bbg.com\/fr\/wp-json\/wp\/v2\/comments?post=4239"}],"wp:featuredmedia":[{"embeddable":true,"href":"https:\/\/www.drrashel-bbg.com\/fr\/wp-json\/wp\/v2\/media\/4254"}],"wp:attachment":[{"href":"https:\/\/www.drrashel-bbg.com\/fr\/wp-json\/wp\/v2\/media?parent=4239"}],"wp:term":[{"taxonomy":"product_brand","embeddable":true,"href":"https:\/\/www.drrashel-bbg.com\/fr\/wp-json\/wp\/v2\/product_brand?post=4239"},{"taxonomy":"product_cat","embeddable":true,"href":"https:\/\/www.drrashel-bbg.com\/fr\/wp-json\/wp\/v2\/product_cat?post=4239"},{"taxonomy":"product_tag","embeddable":true,"href":"https:\/\/www.drrashel-bbg.com\/fr\/wp-json\/wp\/v2\/product_tag?post=4239"}],"curies":[{"name":"wp","href":"https:\/\/api.w.org\/{rel}","templated":true}]}}