{"id":4260,"date":"2025-10-17T10:11:16","date_gmt":"2025-10-17T02:11:16","guid":{"rendered":"https:\/\/www.drrashel-bbg.com\/?post_type=product&#038;p=4260"},"modified":"2026-01-04T16:01:09","modified_gmt":"2026-01-04T08:01:09","slug":"vitamin-c-brightening-anti-aging-face-cream","status":"publish","type":"product","link":"https:\/\/www.drrashel-bbg.com\/fr\/cream\/vitamin-c-brightening-anti-aging-face-cream\/","title":{"rendered":"Vitamina C brillant &#038; Crema de cara anti-envelliment"},"content":{"rendered":"<p><img fetchpriority=\"high\" decoding=\"async\" class=\"aligncenter wp-image-4261\" src=\"https:\/\/www.drrashel-bbg.com\/wp-content\/uploads\/2025\/10\/DRL-1432-Detail-2.jpg\" alt=\"\" width=\"1300\" height=\"1782\" srcset=\"https:\/\/www.drrashel-bbg.com\/wp-content\/uploads\/2025\/10\/DRL-1432-Detail-2.jpg 790w, https:\/\/www.drrashel-bbg.com\/wp-content\/uploads\/2025\/10\/DRL-1432-Detail-2-219x300.jpg 219w, https:\/\/www.drrashel-bbg.com\/wp-content\/uploads\/2025\/10\/DRL-1432-Detail-2-747x1024.jpg 747w, https:\/\/www.drrashel-bbg.com\/wp-content\/uploads\/2025\/10\/DRL-1432-Detail-2-768x1053.jpg 768w, https:\/\/www.drrashel-bbg.com\/wp-content\/uploads\/2025\/10\/DRL-1432-Detail-2-600x823.jpg 600w\" sizes=\"(max-width: 1300px) 100vw, 1300px\" \/> <img decoding=\"async\" class=\"aligncenter wp-image-4262\" src=\"https:\/\/www.drrashel-bbg.com\/wp-content\/uploads\/2025\/10\/DRL-1432-Detail-3.jpg\" alt=\"\" width=\"1300\" height=\"1955\" srcset=\"https:\/\/www.drrashel-bbg.com\/wp-content\/uploads\/2025\/10\/DRL-1432-Detail-3.jpg 790w, https:\/\/www.drrashel-bbg.com\/wp-content\/uploads\/2025\/10\/DRL-1432-Detail-3-199x300.jpg 199w, https:\/\/www.drrashel-bbg.com\/wp-content\/uploads\/2025\/10\/DRL-1432-Detail-3-681x1024.jpg 681w, https:\/\/www.drrashel-bbg.com\/wp-content\/uploads\/2025\/10\/DRL-1432-Detail-3-768x1155.jpg 768w, https:\/\/www.drrashel-bbg.com\/wp-content\/uploads\/2025\/10\/DRL-1432-Detail-3-600x902.jpg 600w\" sizes=\"(max-width: 1300px) 100vw, 1300px\" \/> <img decoding=\"async\" class=\"aligncenter wp-image-4263\" src=\"https:\/\/www.drrashel-bbg.com\/wp-content\/uploads\/2025\/10\/DRL-1432-Detail-4.jpg\" alt=\"\" width=\"1300\" height=\"1469\" srcset=\"https:\/\/www.drrashel-bbg.com\/wp-content\/uploads\/2025\/10\/DRL-1432-Detail-4.jpg 790w, https:\/\/www.drrashel-bbg.com\/wp-content\/uploads\/2025\/10\/DRL-1432-Detail-4-265x300.jpg 265w, https:\/\/www.drrashel-bbg.com\/wp-content\/uploads\/2025\/10\/DRL-1432-Detail-4-768x868.jpg 768w, https:\/\/www.drrashel-bbg.com\/wp-content\/uploads\/2025\/10\/DRL-1432-Detail-4-600x678.jpg 600w\" sizes=\"(max-width: 1300px) 100vw, 1300px\" \/> <img loading=\"lazy\" decoding=\"async\" class=\"aligncenter wp-image-4264\" src=\"https:\/\/www.drrashel-bbg.com\/wp-content\/uploads\/2025\/10\/DRL-1432-Detail-5.jpg\" alt=\"\" width=\"1300\" height=\"1883\" srcset=\"https:\/\/www.drrashel-bbg.com\/wp-content\/uploads\/2025\/10\/DRL-1432-Detail-5.jpg 790w, https:\/\/www.drrashel-bbg.com\/wp-content\/uploads\/2025\/10\/DRL-1432-Detail-5-207x300.jpg 207w, https:\/\/www.drrashel-bbg.com\/wp-content\/uploads\/2025\/10\/DRL-1432-Detail-5-707x1024.jpg 707w, https:\/\/www.drrashel-bbg.com\/wp-content\/uploads\/2025\/10\/DRL-1432-Detail-5-768x1112.jpg 768w, https:\/\/www.drrashel-bbg.com\/wp-content\/uploads\/2025\/10\/DRL-1432-Detail-5-600x869.jpg 600w\" sizes=\"(max-width: 1300px) 100vw, 1300px\" \/> <img loading=\"lazy\" decoding=\"async\" class=\"aligncenter wp-image-4265\" src=\"https:\/\/www.drrashel-bbg.com\/wp-content\/uploads\/2025\/10\/DRL-1432-Detail-6.jpg\" alt=\"\" width=\"1300\" height=\"1978\" srcset=\"https:\/\/www.drrashel-bbg.com\/wp-content\/uploads\/2025\/10\/DRL-1432-Detail-6.jpg 790w, https:\/\/www.drrashel-bbg.com\/wp-content\/uploads\/2025\/10\/DRL-1432-Detail-6-197x300.jpg 197w, https:\/\/www.drrashel-bbg.com\/wp-content\/uploads\/2025\/10\/DRL-1432-Detail-6-673x1024.jpg 673w, https:\/\/www.drrashel-bbg.com\/wp-content\/uploads\/2025\/10\/DRL-1432-Detail-6-768x1169.jpg 768w, https:\/\/www.drrashel-bbg.com\/wp-content\/uploads\/2025\/10\/DRL-1432-Detail-6-600x913.jpg 600w\" sizes=\"(max-width: 1300px) 100vw, 1300px\" \/> <img loading=\"lazy\" decoding=\"async\" class=\"aligncenter wp-image-4266\" src=\"https:\/\/www.drrashel-bbg.com\/wp-content\/uploads\/2025\/10\/DRL-1432-Detail-7.jpg\" alt=\"\" width=\"1300\" height=\"2225\" srcset=\"https:\/\/www.drrashel-bbg.com\/wp-content\/uploads\/2025\/10\/DRL-1432-Detail-7.jpg 790w, https:\/\/www.drrashel-bbg.com\/wp-content\/uploads\/2025\/10\/DRL-1432-Detail-7-175x300.jpg 175w, https:\/\/www.drrashel-bbg.com\/wp-content\/uploads\/2025\/10\/DRL-1432-Detail-7-598x1024.jpg 598w, https:\/\/www.drrashel-bbg.com\/wp-content\/uploads\/2025\/10\/DRL-1432-Detail-7-768x1314.jpg 768w, https:\/\/www.drrashel-bbg.com\/wp-content\/uploads\/2025\/10\/DRL-1432-Detail-7-600x1027.jpg 600w\" sizes=\"(max-width: 1300px) 100vw, 1300px\" \/> <img loading=\"lazy\" decoding=\"async\" class=\"aligncenter wp-image-4267\" src=\"https:\/\/www.drrashel-bbg.com\/wp-content\/uploads\/2025\/10\/DRL-1432-Detail-8.jpg\" alt=\"\" width=\"1300\" height=\"1446\" srcset=\"https:\/\/www.drrashel-bbg.com\/wp-content\/uploads\/2025\/10\/DRL-1432-Detail-8.jpg 790w, https:\/\/www.drrashel-bbg.com\/wp-content\/uploads\/2025\/10\/DRL-1432-Detail-8-270x300.jpg 270w, https:\/\/www.drrashel-bbg.com\/wp-content\/uploads\/2025\/10\/DRL-1432-Detail-8-768x855.jpg 768w, https:\/\/www.drrashel-bbg.com\/wp-content\/uploads\/2025\/10\/DRL-1432-Detail-8-600x668.jpg 600w\" sizes=\"(max-width: 1300px) 100vw, 1300px\" \/> <img loading=\"lazy\" decoding=\"async\" class=\"aligncenter wp-image-4268\" src=\"https:\/\/www.drrashel-bbg.com\/wp-content\/uploads\/2025\/10\/DRL-1432-Detail-9.jpg\" alt=\"\" width=\"1300\" height=\"1683\" srcset=\"https:\/\/www.drrashel-bbg.com\/wp-content\/uploads\/2025\/10\/DRL-1432-Detail-9.jpg 790w, https:\/\/www.drrashel-bbg.com\/wp-content\/uploads\/2025\/10\/DRL-1432-Detail-9-232x300.jpg 232w, https:\/\/www.drrashel-bbg.com\/wp-content\/uploads\/2025\/10\/DRL-1432-Detail-9-768x995.jpg 768w, https:\/\/www.drrashel-bbg.com\/wp-content\/uploads\/2025\/10\/DRL-1432-Detail-9-600x777.jpg 600w\" sizes=\"(max-width: 1300px) 100vw, 1300px\" \/> <img loading=\"lazy\" decoding=\"async\" class=\"aligncenter wp-image-4269\" src=\"https:\/\/www.drrashel-bbg.com\/wp-content\/uploads\/2025\/10\/DRL-1432-Detail-10.jpg\" alt=\"\" width=\"1300\" height=\"1369\" srcset=\"https:\/\/www.drrashel-bbg.com\/wp-content\/uploads\/2025\/10\/DRL-1432-Detail-10.jpg 790w, https:\/\/www.drrashel-bbg.com\/wp-content\/uploads\/2025\/10\/DRL-1432-Detail-10-285x300.jpg 285w, https:\/\/www.drrashel-bbg.com\/wp-content\/uploads\/2025\/10\/DRL-1432-Detail-10-768x809.jpg 768w, https:\/\/www.drrashel-bbg.com\/wp-content\/uploads\/2025\/10\/DRL-1432-Detail-10-600x632.jpg 600w\" sizes=\"(max-width: 1300px) 100vw, 1300px\" \/> <img loading=\"lazy\" decoding=\"async\" class=\"aligncenter wp-image-4270\" src=\"https:\/\/www.drrashel-bbg.com\/wp-content\/uploads\/2025\/10\/DRL-1432-Detail-11.jpg\" alt=\"\" width=\"1300\" height=\"1369\" srcset=\"https:\/\/www.drrashel-bbg.com\/wp-content\/uploads\/2025\/10\/DRL-1432-Detail-11.jpg 790w, https:\/\/www.drrashel-bbg.com\/wp-content\/uploads\/2025\/10\/DRL-1432-Detail-11-285x300.jpg 285w, https:\/\/www.drrashel-bbg.com\/wp-content\/uploads\/2025\/10\/DRL-1432-Detail-11-768x809.jpg 768w, https:\/\/www.drrashel-bbg.com\/wp-content\/uploads\/2025\/10\/DRL-1432-Detail-11-600x632.jpg 600w\" sizes=\"(max-width: 1300px) 100vw, 1300px\" \/> <img loading=\"lazy\" decoding=\"async\" class=\"aligncenter wp-image-4271\" src=\"https:\/\/www.drrashel-bbg.com\/wp-content\/uploads\/2025\/10\/DRL-1432-Detail-12.jpg\" alt=\"\" width=\"1300\" height=\"1318\" srcset=\"https:\/\/www.drrashel-bbg.com\/wp-content\/uploads\/2025\/10\/DRL-1432-Detail-12.jpg 790w, https:\/\/www.drrashel-bbg.com\/wp-content\/uploads\/2025\/10\/DRL-1432-Detail-12-296x300.jpg 296w, https:\/\/www.drrashel-bbg.com\/wp-content\/uploads\/2025\/10\/DRL-1432-Detail-12-768x779.jpg 768w, https:\/\/www.drrashel-bbg.com\/wp-content\/uploads\/2025\/10\/DRL-1432-Detail-12-600x608.jpg 600w, https:\/\/www.drrashel-bbg.com\/wp-content\/uploads\/2025\/10\/DRL-1432-Detail-12-100x100.jpg 100w\" sizes=\"(max-width: 1300px) 100vw, 1300px\" \/><\/p>\n<p>&nbsp;<\/p>\n<p><strong><b>Beneficis del producte:<\/b><\/strong><\/p>\n<p>La crema facial DR\u00b7RASHEL Vitamina C cont\u00e9 vitamines C i E que s\u00f3n conegudes per ser antioxidants tan efica\u00e7os, i que ajuden a protegir la pell dels efectes de l'envelliment. \u00e9s una f\u00f3rmula de gel fresca i lleugera, la vitamina C estimula la producci\u00f3 de col\u00b7lagen per reduir l'aparici\u00f3 d'arrugues, l\u00ednies fines i peus de corb i il\u00b7luminar la pell. Mentre que l'\u00e0cid hialur\u00f2nic proporciona una hidrataci\u00f3 profunda i natural, desperta i aclara la pell, revelant un resplendiment natural i saludable.<\/p>\n<p>&nbsp;<\/p>\n<p><strong><b>Ingredients i tecnologies principals:<\/b><\/strong><\/p>\n<p>INGREDIENTS ESTRELLES<\/p>\n<p>VC pot ajudar a desvaneixer les taques solars &amp; descoloraci\u00f3, refinar la textura de la pell, reduir la formaci\u00f3 d'arrugues i minimitzar les arrugues existents<\/p>\n<p>INGREDIENTS COMPLETS<\/p>\n<p>aigua<\/p>\n<p>GLICERINA<\/p>\n<p>Glicol propil\u00e8nic<\/p>\n<p>DIMETICONA<\/p>\n<p>PALMITAT DE ETILHEXIL<\/p>\n<p>HIALURONAT DE SODI<\/p>\n<p>3-O-ETHIL \u00c0CID ASCORBIC<\/p>\n<p>&nbsp;<\/p>\n<p><strong><b>Com utilitzar:<\/b><\/strong><\/p>\n<p>Despr\u00e9s de netejar i tonificar, aplicar una petita quantitat de la crema a la cara i el coll, massatge fins que s'absorbi completament.<\/p>\n<p>&nbsp;<\/p>\n<p><strong><b>Introducci\u00f3 de la marca:<\/b><\/strong><\/p>\n<p>DR\u00b7RASHEL va ser fundada el 1989 pel senyor BAKRI, un mestre de cura de la pell, amb trenta anys d'experi\u00e8ncia en productes. Centrat en la salut, el senyor BAKRI va desenvolupar f\u00f3rmules precises per als ingredients naturals per maximitzar la salut de la pell i la radiaci\u00f3 vibrant, un principi aplicat en l'\u00e0mplia gamma de productes de cura de la pell de DR\u00b7RASHEL.<\/p>\n<p>Els productes DR\u00b7RASHEL es distribueixen per tot el m\u00f3n i s\u00f3n rebuts per clients en cinc continents, m\u00e9s espec\u00edficament, a l'Orient Mitj\u00e0, Am\u00e8rica del Sud i Europa.<\/p>\n<p>Exportem a m\u00e9s de 100 pa\u00efsos, incloent els Emirats \u00c0rabs Units, R\u00fassia, Am\u00e8rica, M\u00e8xic, Austr\u00e0lia, Ar\u00e0bia Saudita, Brasil, \u00cdndia i Sud-\u00e0frica.<\/p>\n<p>Tenim ISO, GMPC American European Union Internacional autorit\u00e0ria doble certificaci\u00f3, avan\u00e7ada R &amp; amp; D equip de prova, milers de f\u00f3rmules madures i equip de vendes d'alta efici\u00e8ncia i superioritat de preu competitiu. Les nostres categories de productes s\u00f3n: productes de cura de la pell, productes de maquillatge, productes de rentat i cura.<\/p>\n<p>&nbsp;<\/p>\n<p><strong><b>Preguntes freq\u00fcents:<\/b><\/strong><\/p>\n<p>Q: Quin \u00e9s el paper principal de la vitamina C en l'ess\u00e8ncia anti-envelliment?<\/p>\n<p>A: Principalment antioxidant i ton de pell brillant<\/p>\n<p>P: Quan \u00e9s el millor moment per utilitzar l'ess\u00e8ncia de VC durant el dia?<\/p>\n<p>R: Millor utilitzat al mat\u00ed, la vitamina C pot maximitzar els efectes antioxidants i fotoenvelliment<\/p>","protected":false},"excerpt":{"rendered":"<p>VC pot hidratar profundament, millorar l\u00ednies fines i pell opaca. Al mateix temps, pot anti-envelliment, il\u00b7luminar, endurir, reparar, protegir i millorar l'elasticitat i la vitalitat de la pell. Despertar i aclarir el to de la pell, mostrant un resplendiment natural i saludable.<\/p>\n<p>N\u00famero de s\u00e8rie: DRL-1432<\/p>\n<p>Tipus de pell aplicable: Adequat per a la pell que mostra signes d'envelliment, p\u00e8rdua de fermesa, to de pell desigual, l\u00ednies fines i arrugues.<\/p>\n<p>Capacitat del producte: 50g.<\/p>","protected":false},"featured_media":4274,"comment_status":"closed","ping_status":"closed","template":"","meta":[],"product_brand":[],"product_cat":[116,15],"product_tag":[],"class_list":{"0":"post-4260","1":"product","2":"type-product","3":"status-publish","4":"has-post-thumbnail","6":"product_cat-cream","7":"product_cat-face-care","9":"first","10":"instock","11":"shipping-taxable","12":"product-type-simple"},"_links":{"self":[{"href":"https:\/\/www.drrashel-bbg.com\/fr\/wp-json\/wp\/v2\/product\/4260","targetHints":{"allow":["GET"]}}],"collection":[{"href":"https:\/\/www.drrashel-bbg.com\/fr\/wp-json\/wp\/v2\/product"}],"about":[{"href":"https:\/\/www.drrashel-bbg.com\/fr\/wp-json\/wp\/v2\/types\/product"}],"replies":[{"embeddable":true,"href":"https:\/\/www.drrashel-bbg.com\/fr\/wp-json\/wp\/v2\/comments?post=4260"}],"wp:featuredmedia":[{"embeddable":true,"href":"https:\/\/www.drrashel-bbg.com\/fr\/wp-json\/wp\/v2\/media\/4274"}],"wp:attachment":[{"href":"https:\/\/www.drrashel-bbg.com\/fr\/wp-json\/wp\/v2\/media?parent=4260"}],"wp:term":[{"taxonomy":"product_brand","embeddable":true,"href":"https:\/\/www.drrashel-bbg.com\/fr\/wp-json\/wp\/v2\/product_brand?post=4260"},{"taxonomy":"product_cat","embeddable":true,"href":"https:\/\/www.drrashel-bbg.com\/fr\/wp-json\/wp\/v2\/product_cat?post=4260"},{"taxonomy":"product_tag","embeddable":true,"href":"https:\/\/www.drrashel-bbg.com\/fr\/wp-json\/wp\/v2\/product_tag?post=4260"}],"curies":[{"name":"wp","href":"https:\/\/api.w.org\/{rel}","templated":true}]}}