{"id":4278,"date":"2025-10-17T10:24:49","date_gmt":"2025-10-17T02:24:49","guid":{"rendered":"https:\/\/www.drrashel-bbg.com\/?post_type=product&#038;p=4278"},"modified":"2026-01-04T16:00:15","modified_gmt":"2026-01-04T08:00:15","slug":"aloe-vera-moisture-cream","status":"publish","type":"product","link":"https:\/\/www.drrashel-bbg.com\/fr\/cream\/aloe-vera-moisture-cream\/","title":{"rendered":"Crema d'aloe vera"},"content":{"rendered":"<p><strong><b>Beneficis del producte:<\/b><\/strong><\/p>\n<p>Feit amb extracte d'aloe, aquesta crema hidratant facial 3 en 1: una crema hidratant diurna que refresca, una crema hidratant nocturna que hidrata i una m\u00e0scara facial que nutreix. Aquesta crema d'absorci\u00f3 r\u00e0pida i sense greix hidrata instant\u00e0niament deixant la pell m\u00e9s suau i suau dia rere dia. La pell sembla profundament hidratada amb l\u00ednies fines i seques redu\u00efdes. Adequat per a la pell sensible.<\/p>\n<p>&nbsp;<\/p>\n<p><strong><b>Ingredients i tecnologies principals:<\/b><\/strong><\/p>\n<p>INGREDIENTS ESTRELLES<\/p>\n<p>L'aloe vera pot ajudar a calmar la pell sensible i vermella, calmar la pell, hidratar profundament la pell i reparar la barrera de la pell.<\/p>\n<p>INGREDIENTS COMPLETS<\/p>\n<p>aigua<\/p>\n<p>Glicol propil\u00e8nic<\/p>\n<p>GLICERINA<\/p>\n<p>DIMETICONA<\/p>\n<p>Extracte d'aloe barbadensis<\/p>\n<p>Parfum<\/p>\n<p>&nbsp;<\/p>\n<p><strong><b>Com utilitzar:<\/b><\/strong><\/p>\n<p>Aplicar al mat\u00ed a la pell neta, a la nit: aplicar a la pell neta. M\u00e0scara: aplicar la capa atica a la pell dues vegades a la setmana a la nit, evitant els ulls i els llavis. Deixar durant 10 minuts i, si \u00e9s necessari, eliminar l'exc\u00e9s de teixit.<\/p>\n<p>&nbsp;<\/p>\n<p><strong><b>Introducci\u00f3 de la marca:<\/b><\/strong><\/p>\n<p>DR\u00b7RASHEL va ser fundada el 1989 pel senyor BAKRI, un mestre de cura de la pell, amb trenta anys d'experi\u00e8ncia en productes. Centrat en la salut, el senyor BAKRI va desenvolupar f\u00f3rmules precises per als ingredients naturals per maximitzar la salut de la pell i la radiaci\u00f3 vibrant, un principi aplicat en l'\u00e0mplia gamma de productes de cura de la pell de DR\u00b7RASHEL.<\/p>\n<p>Els productes DR\u00b7RASHEL es distribueixen per tot el m\u00f3n i s\u00f3n rebuts per clients en cinc continents, m\u00e9s espec\u00edficament, a l'Orient Mitj\u00e0, Am\u00e8rica del Sud i Europa.<\/p>\n<p>&nbsp;<\/p>\n<p>Exportem a m\u00e9s de 100 pa\u00efsos, incloent els Emirats \u00c0rabs Units, R\u00fassia, Am\u00e8rica, M\u00e8xic, Austr\u00e0lia, Ar\u00e0bia Saudita, Brasil, \u00cdndia i Sud-\u00e0frica.<\/p>\n<p>Tenim ISO, GMPC American European Union Internacional autorit\u00e0ria doble certificaci\u00f3, avan\u00e7ada R &amp; amp; D equip de prova, milers de f\u00f3rmules madures i equip de vendes d'alta efici\u00e8ncia i superioritat de preu competitiu. Les nostres categories de productes s\u00f3n: productes de cura de la pell, productes de maquillatge, productes de rentat i cura.<\/p>\n<p>&nbsp;<\/p>\n<p><strong><b>Preguntes freq\u00fcents:<\/b><\/strong><\/p>\n<p>P: En quina estaci\u00f3 o entorn \u00e9s adequat per a l'\u00fas?<\/p>\n<p>R: La funci\u00f3 principal de l'aloe vera \u00e9s hidratar i hidratar, que \u00e9s aplicable en qualsevol situaci\u00f3.<\/p>\n<p>P: A m\u00e9s d'hidratar, tamb\u00e9 t\u00e9 efectes calmants o reparadors?<\/p>\n<p>R: L'aloe vera calma i repara la barrera.<\/p>","protected":false},"excerpt":{"rendered":"<p>Aquesta crema hidratant d'Aloe Vera \u00e9s una crema hidratant tres en un que hidrata profundament, repara la barrera de la pell, alleuja la pell sensible i la fa m\u00e9s suau.<\/p>\n<p>N\u00famero de s\u00e8rie: DRL-1534<\/p>\n<p>Tipus de pell aplicable: Adequat per a la pell seca, sensible i vermella.<\/p>\n<p>Capacitat del producte: 50g<\/p>","protected":false},"featured_media":4280,"comment_status":"closed","ping_status":"closed","template":"","meta":[],"product_brand":[],"product_cat":[116,15],"product_tag":[],"class_list":{"0":"post-4278","1":"product","2":"type-product","3":"status-publish","4":"has-post-thumbnail","6":"product_cat-cream","7":"product_cat-face-care","9":"first","10":"instock","11":"shipping-taxable","12":"product-type-simple"},"_links":{"self":[{"href":"https:\/\/www.drrashel-bbg.com\/fr\/wp-json\/wp\/v2\/product\/4278","targetHints":{"allow":["GET"]}}],"collection":[{"href":"https:\/\/www.drrashel-bbg.com\/fr\/wp-json\/wp\/v2\/product"}],"about":[{"href":"https:\/\/www.drrashel-bbg.com\/fr\/wp-json\/wp\/v2\/types\/product"}],"replies":[{"embeddable":true,"href":"https:\/\/www.drrashel-bbg.com\/fr\/wp-json\/wp\/v2\/comments?post=4278"}],"wp:featuredmedia":[{"embeddable":true,"href":"https:\/\/www.drrashel-bbg.com\/fr\/wp-json\/wp\/v2\/media\/4280"}],"wp:attachment":[{"href":"https:\/\/www.drrashel-bbg.com\/fr\/wp-json\/wp\/v2\/media?parent=4278"}],"wp:term":[{"taxonomy":"product_brand","embeddable":true,"href":"https:\/\/www.drrashel-bbg.com\/fr\/wp-json\/wp\/v2\/product_brand?post=4278"},{"taxonomy":"product_cat","embeddable":true,"href":"https:\/\/www.drrashel-bbg.com\/fr\/wp-json\/wp\/v2\/product_cat?post=4278"},{"taxonomy":"product_tag","embeddable":true,"href":"https:\/\/www.drrashel-bbg.com\/fr\/wp-json\/wp\/v2\/product_tag?post=4278"}],"curies":[{"name":"wp","href":"https:\/\/api.w.org\/{rel}","templated":true}]}}