{"id":4334,"date":"2025-10-17T11:34:29","date_gmt":"2025-10-17T03:34:29","guid":{"rendered":"https:\/\/www.drrashel-bbg.com\/?post_type=product&#038;p=4334"},"modified":"2026-01-04T15:57:49","modified_gmt":"2026-01-04T07:57:49","slug":"vitamin-c-brightening-anti-aging-night-cream","status":"publish","type":"product","link":"https:\/\/www.drrashel-bbg.com\/fr\/cream\/vitamin-c-brightening-anti-aging-night-cream\/","title":{"rendered":"Vitamina C brillant &#038; crema de nit anti-envelliment"},"content":{"rendered":"<p><img fetchpriority=\"high\" decoding=\"async\" class=\"aligncenter wp-image-4341\" src=\"https:\/\/www.drrashel-bbg.com\/wp-content\/uploads\/2025\/10\/DRL-1509-1511-Detail-2.jpg\" alt=\"\" width=\"1300\" height=\"1970\" srcset=\"https:\/\/www.drrashel-bbg.com\/wp-content\/uploads\/2025\/10\/DRL-1509-1511-Detail-2.jpg 790w, https:\/\/www.drrashel-bbg.com\/wp-content\/uploads\/2025\/10\/DRL-1509-1511-Detail-2-198x300.jpg 198w, https:\/\/www.drrashel-bbg.com\/wp-content\/uploads\/2025\/10\/DRL-1509-1511-Detail-2-676x1024.jpg 676w, https:\/\/www.drrashel-bbg.com\/wp-content\/uploads\/2025\/10\/DRL-1509-1511-Detail-2-768x1164.jpg 768w, https:\/\/www.drrashel-bbg.com\/wp-content\/uploads\/2025\/10\/DRL-1509-1511-Detail-2-600x909.jpg 600w\" sizes=\"(max-width: 1300px) 100vw, 1300px\" \/> <img decoding=\"async\" class=\"aligncenter wp-image-4342\" src=\"https:\/\/www.drrashel-bbg.com\/wp-content\/uploads\/2025\/10\/DRL-1509-1511-Detail-3.jpg\" alt=\"\" width=\"1300\" height=\"1883\" srcset=\"https:\/\/www.drrashel-bbg.com\/wp-content\/uploads\/2025\/10\/DRL-1509-1511-Detail-3.jpg 790w, https:\/\/www.drrashel-bbg.com\/wp-content\/uploads\/2025\/10\/DRL-1509-1511-Detail-3-207x300.jpg 207w, https:\/\/www.drrashel-bbg.com\/wp-content\/uploads\/2025\/10\/DRL-1509-1511-Detail-3-707x1024.jpg 707w, https:\/\/www.drrashel-bbg.com\/wp-content\/uploads\/2025\/10\/DRL-1509-1511-Detail-3-768x1112.jpg 768w, https:\/\/www.drrashel-bbg.com\/wp-content\/uploads\/2025\/10\/DRL-1509-1511-Detail-3-600x869.jpg 600w\" sizes=\"(max-width: 1300px) 100vw, 1300px\" \/> <img decoding=\"async\" class=\"aligncenter wp-image-4343\" src=\"https:\/\/www.drrashel-bbg.com\/wp-content\/uploads\/2025\/10\/DRL-1509-1511-Detail-4.jpg\" alt=\"\" width=\"1300\" height=\"1196\" srcset=\"https:\/\/www.drrashel-bbg.com\/wp-content\/uploads\/2025\/10\/DRL-1509-1511-Detail-4.jpg 790w, https:\/\/www.drrashel-bbg.com\/wp-content\/uploads\/2025\/10\/DRL-1509-1511-Detail-4-300x276.jpg 300w, https:\/\/www.drrashel-bbg.com\/wp-content\/uploads\/2025\/10\/DRL-1509-1511-Detail-4-768x707.jpg 768w, https:\/\/www.drrashel-bbg.com\/wp-content\/uploads\/2025\/10\/DRL-1509-1511-Detail-4-600x552.jpg 600w\" sizes=\"(max-width: 1300px) 100vw, 1300px\" \/> <img loading=\"lazy\" decoding=\"async\" class=\"aligncenter wp-image-4344\" src=\"https:\/\/www.drrashel-bbg.com\/wp-content\/uploads\/2025\/10\/DRL-1509-1511-Detail-5.jpg\" alt=\"\" width=\"1300\" height=\"1713\" srcset=\"https:\/\/www.drrashel-bbg.com\/wp-content\/uploads\/2025\/10\/DRL-1509-1511-Detail-5.jpg 790w, https:\/\/www.drrashel-bbg.com\/wp-content\/uploads\/2025\/10\/DRL-1509-1511-Detail-5-228x300.jpg 228w, https:\/\/www.drrashel-bbg.com\/wp-content\/uploads\/2025\/10\/DRL-1509-1511-Detail-5-777x1024.jpg 777w, https:\/\/www.drrashel-bbg.com\/wp-content\/uploads\/2025\/10\/DRL-1509-1511-Detail-5-768x1012.jpg 768w, https:\/\/www.drrashel-bbg.com\/wp-content\/uploads\/2025\/10\/DRL-1509-1511-Detail-5-600x791.jpg 600w\" sizes=\"(max-width: 1300px) 100vw, 1300px\" \/> <img loading=\"lazy\" decoding=\"async\" class=\"aligncenter wp-image-4345\" src=\"https:\/\/www.drrashel-bbg.com\/wp-content\/uploads\/2025\/10\/DRL-1509-1511-Detail-6.jpg\" alt=\"\" width=\"1300\" height=\"1736\" srcset=\"https:\/\/www.drrashel-bbg.com\/wp-content\/uploads\/2025\/10\/DRL-1509-1511-Detail-6.jpg 790w, https:\/\/www.drrashel-bbg.com\/wp-content\/uploads\/2025\/10\/DRL-1509-1511-Detail-6-225x300.jpg 225w, https:\/\/www.drrashel-bbg.com\/wp-content\/uploads\/2025\/10\/DRL-1509-1511-Detail-6-767x1024.jpg 767w, https:\/\/www.drrashel-bbg.com\/wp-content\/uploads\/2025\/10\/DRL-1509-1511-Detail-6-768x1026.jpg 768w, https:\/\/www.drrashel-bbg.com\/wp-content\/uploads\/2025\/10\/DRL-1509-1511-Detail-6-600x801.jpg 600w\" sizes=\"(max-width: 1300px) 100vw, 1300px\" \/> <img loading=\"lazy\" decoding=\"async\" class=\"aligncenter wp-image-4346\" src=\"https:\/\/www.drrashel-bbg.com\/wp-content\/uploads\/2025\/10\/DRL-1509-1511-Detail-7.jpg\" alt=\"\" width=\"1300\" height=\"1422\" srcset=\"https:\/\/www.drrashel-bbg.com\/wp-content\/uploads\/2025\/10\/DRL-1509-1511-Detail-7.jpg 790w, https:\/\/www.drrashel-bbg.com\/wp-content\/uploads\/2025\/10\/DRL-1509-1511-Detail-7-274x300.jpg 274w, https:\/\/www.drrashel-bbg.com\/wp-content\/uploads\/2025\/10\/DRL-1509-1511-Detail-7-768x840.jpg 768w, https:\/\/www.drrashel-bbg.com\/wp-content\/uploads\/2025\/10\/DRL-1509-1511-Detail-7-600x656.jpg 600w\" sizes=\"(max-width: 1300px) 100vw, 1300px\" \/> <img loading=\"lazy\" decoding=\"async\" class=\"aligncenter wp-image-4347\" src=\"https:\/\/www.drrashel-bbg.com\/wp-content\/uploads\/2025\/10\/DRL-1509-1511-Detail-8.jpg\" alt=\"\" width=\"1300\" height=\"1461\" srcset=\"https:\/\/www.drrashel-bbg.com\/wp-content\/uploads\/2025\/10\/DRL-1509-1511-Detail-8.jpg 790w, https:\/\/www.drrashel-bbg.com\/wp-content\/uploads\/2025\/10\/DRL-1509-1511-Detail-8-267x300.jpg 267w, https:\/\/www.drrashel-bbg.com\/wp-content\/uploads\/2025\/10\/DRL-1509-1511-Detail-8-768x863.jpg 768w, https:\/\/www.drrashel-bbg.com\/wp-content\/uploads\/2025\/10\/DRL-1509-1511-Detail-8-600x674.jpg 600w\" sizes=\"(max-width: 1300px) 100vw, 1300px\" \/> <img loading=\"lazy\" decoding=\"async\" class=\"aligncenter wp-image-4348\" src=\"https:\/\/www.drrashel-bbg.com\/wp-content\/uploads\/2025\/10\/DRL-1509-1511-Detail-9.jpg\" alt=\"\" width=\"1300\" height=\"2144\" srcset=\"https:\/\/www.drrashel-bbg.com\/wp-content\/uploads\/2025\/10\/DRL-1509-1511-Detail-9.jpg 790w, https:\/\/www.drrashel-bbg.com\/wp-content\/uploads\/2025\/10\/DRL-1509-1511-Detail-9-182x300.jpg 182w, https:\/\/www.drrashel-bbg.com\/wp-content\/uploads\/2025\/10\/DRL-1509-1511-Detail-9-621x1024.jpg 621w, https:\/\/www.drrashel-bbg.com\/wp-content\/uploads\/2025\/10\/DRL-1509-1511-Detail-9-768x1267.jpg 768w, https:\/\/www.drrashel-bbg.com\/wp-content\/uploads\/2025\/10\/DRL-1509-1511-Detail-9-600x990.jpg 600w\" sizes=\"(max-width: 1300px) 100vw, 1300px\" \/> <img loading=\"lazy\" decoding=\"async\" class=\"aligncenter wp-image-4349\" src=\"https:\/\/www.drrashel-bbg.com\/wp-content\/uploads\/2025\/10\/DRL-1509-1511-Detail-10.jpg\" alt=\"\" width=\"1300\" height=\"1859\" srcset=\"https:\/\/www.drrashel-bbg.com\/wp-content\/uploads\/2025\/10\/DRL-1509-1511-Detail-10.jpg 790w, https:\/\/www.drrashel-bbg.com\/wp-content\/uploads\/2025\/10\/DRL-1509-1511-Detail-10-210x300.jpg 210w, https:\/\/www.drrashel-bbg.com\/wp-content\/uploads\/2025\/10\/DRL-1509-1511-Detail-10-716x1024.jpg 716w, https:\/\/www.drrashel-bbg.com\/wp-content\/uploads\/2025\/10\/DRL-1509-1511-Detail-10-768x1099.jpg 768w, https:\/\/www.drrashel-bbg.com\/wp-content\/uploads\/2025\/10\/DRL-1509-1511-Detail-10-600x858.jpg 600w\" sizes=\"(max-width: 1300px) 100vw, 1300px\" \/> <img loading=\"lazy\" decoding=\"async\" class=\"aligncenter wp-image-4350\" src=\"https:\/\/www.drrashel-bbg.com\/wp-content\/uploads\/2025\/10\/DRL-1509-1511-Detail-11.jpg\" alt=\"\" width=\"1300\" height=\"1631\" srcset=\"https:\/\/www.drrashel-bbg.com\/wp-content\/uploads\/2025\/10\/DRL-1509-1511-Detail-11.jpg 790w, https:\/\/www.drrashel-bbg.com\/wp-content\/uploads\/2025\/10\/DRL-1509-1511-Detail-11-239x300.jpg 239w, https:\/\/www.drrashel-bbg.com\/wp-content\/uploads\/2025\/10\/DRL-1509-1511-Detail-11-768x963.jpg 768w, https:\/\/www.drrashel-bbg.com\/wp-content\/uploads\/2025\/10\/DRL-1509-1511-Detail-11-600x753.jpg 600w\" sizes=\"(max-width: 1300px) 100vw, 1300px\" \/> <img loading=\"lazy\" decoding=\"async\" class=\"aligncenter wp-image-4351\" src=\"https:\/\/www.drrashel-bbg.com\/wp-content\/uploads\/2025\/10\/DRL-1509-1511-Detail-12.jpg\" alt=\"\" width=\"1300\" height=\"1348\" srcset=\"https:\/\/www.drrashel-bbg.com\/wp-content\/uploads\/2025\/10\/DRL-1509-1511-Detail-12.jpg 790w, https:\/\/www.drrashel-bbg.com\/wp-content\/uploads\/2025\/10\/DRL-1509-1511-Detail-12-289x300.jpg 289w, https:\/\/www.drrashel-bbg.com\/wp-content\/uploads\/2025\/10\/DRL-1509-1511-Detail-12-768x796.jpg 768w, https:\/\/www.drrashel-bbg.com\/wp-content\/uploads\/2025\/10\/DRL-1509-1511-Detail-12-600x622.jpg 600w\" sizes=\"(max-width: 1300px) 100vw, 1300px\" \/> <img loading=\"lazy\" decoding=\"async\" class=\"aligncenter wp-image-4352\" src=\"https:\/\/www.drrashel-bbg.com\/wp-content\/uploads\/2025\/10\/DRL-1509-1511-Detail-13.jpg\" alt=\"\" width=\"1300\" height=\"1320\" srcset=\"https:\/\/www.drrashel-bbg.com\/wp-content\/uploads\/2025\/10\/DRL-1509-1511-Detail-13.jpg 790w, https:\/\/www.drrashel-bbg.com\/wp-content\/uploads\/2025\/10\/DRL-1509-1511-Detail-13-296x300.jpg 296w, https:\/\/www.drrashel-bbg.com\/wp-content\/uploads\/2025\/10\/DRL-1509-1511-Detail-13-768x780.jpg 768w, https:\/\/www.drrashel-bbg.com\/wp-content\/uploads\/2025\/10\/DRL-1509-1511-Detail-13-600x609.jpg 600w\" sizes=\"(max-width: 1300px) 100vw, 1300px\" \/><\/p>\n<p>&nbsp;<\/p>\n<p><strong><b>Beneficis del producte:<\/b><\/strong><\/p>\n<p>Cont\u00e9 una poderosa combinaci\u00f3 de vitamina C i col\u00b7lagen. Nutri-vitamina C treballa el doble de dur per reparar la pell a l'exterior mentre la regenera profundament dins. La vitamina C \u00e9s essencial per al cos &#8217; s producci\u00f3 natural de col\u00b7lagen. La p\u00e8rdua de col\u00b7lagen natural al llarg dels anys resulta en l\u00ednies fines, arrugues i flaquesa de la pell. Obtenir una aparen\u00e7a radiant amb l'\u00fas di\u00e0ri d'aquesta crema nocturna revitalitzant.<\/p>\n<p>&nbsp;<\/p>\n<p><strong><b>Ingredients i tecnologies principals:<\/b><\/strong><\/p>\n<p>INGREDIENTS ESTRELLES<\/p>\n<p>VC pot ajudar amb potents antioxidants, il\u00b7luminar i desvaneixer les taques, fins i tot fora el to de la pell, promoure la s\u00edntesi de col\u00b7lagen, resistir l'envelliment i ferm, millorar la protecci\u00f3 de la llum i ajudar en la protecci\u00f3 solar.<\/p>\n<p>INGREDIENTS COMPLETS<\/p>\n<p>aigua<\/p>\n<p>GLICERINA<\/p>\n<p>Glicol propil\u00e8nic<\/p>\n<p>NIACINAMIDA<\/p>\n<p>HIALURONAT DE SODI<\/p>\n<p>3-O-ETHIL \u00c0CID ASCORBIC<\/p>\n<p>DIMETICONA<\/p>\n<p>&nbsp;<\/p>\n<p><strong><b>Com utilitzar:<\/b><\/strong><\/p>\n<p>Cada nit despr\u00e9s de netejar, aplicar uniformement sobre la cara i el coll.<\/p>\n<p>&nbsp;<\/p>\n<p><strong><b>Introducci\u00f3 de la marca:<\/b><\/strong><\/p>\n<p>DR\u00b7RASHEL va ser fundada el 1989 pel senyor BAKRI, un mestre de cura de la pell, amb trenta anys d'experi\u00e8ncia en productes. Centrat en la salut, el senyor BAKRI va desenvolupar f\u00f3rmules precises per als ingredients naturals per maximitzar la salut de la pell i la radiaci\u00f3 vibrant, un principi aplicat en l'\u00e0mplia gamma de productes de cura de la pell de DR\u00b7RASHEL.<\/p>\n<p>&nbsp;<\/p>\n<p>Els productes DR\u00b7RASHEL es distribueixen per tot el m\u00f3n i s\u00f3n rebuts per clients en cinc continents, m\u00e9s espec\u00edficament, a l'Orient Mitj\u00e0, Am\u00e8rica del Sud i Europa.<\/p>\n<p>Exportem a m\u00e9s de 100 pa\u00efsos, incloent els Emirats \u00c0rabs Units, R\u00fassia, Am\u00e8rica, M\u00e8xic, Austr\u00e0lia, Ar\u00e0bia Saudita, Brasil, \u00cdndia i Sud-\u00e0frica.<\/p>\n<p>Tenim ISO, GMPC American European Union Internacional autorit\u00e0ria doble certificaci\u00f3, avan\u00e7ada R &amp; amp; D equip de prova, milers de f\u00f3rmules madures i equip de vendes d'alta efici\u00e8ncia i superioritat de preu competitiu. Les nostres categories de productes s\u00f3n: productes de cura de la pell, productes de maquillatge, productes de rentat i cura.<\/p>\n<p>&nbsp;<\/p>\n<p><strong><b>Preguntes freq\u00fcents:<\/b><\/strong><\/p>\n<p>P: Quines s\u00f3n les difer\u00e8ncies entre crema nocturna VC i productes VC utilitzats durant el dia?<\/p>\n<p>R: La crema nocturna \u00e9s generalment m\u00e9s hidratant i es centra m\u00e9s en la reparaci\u00f3 i l'envelliment.<\/p>\n<p>P: Quina \u00e9s la funci\u00f3 principal de la crema nocturna VC?<\/p>\n<p>R: Promoure la producci\u00f3 de col\u00b7lagen i crear una aparen\u00e7a radiant.<\/p>","protected":false},"excerpt":{"rendered":"<p>Aquesta crema nocturna promou la producci\u00f3 de col\u00b7lagen i mostra un aspecte radiant. No nom\u00e9s hidrata profundament la pell, sin\u00f3 que tamb\u00e9 repara la barrera de la pell. Tamb\u00e9 t\u00e9 l'efecte de blanquejar i brillant amb l'afecci\u00f3 de vitamina C, rejovenint la pell.<\/p>\n<p>N\u00famero de s\u00e8rie: DRL-1511<\/p>\n<p>Tipus de pell aplicable: Adequat per a tots els tipus de pell.<\/p>\n<p>Capacitat del producte: 50g.<\/p>","protected":false},"featured_media":4340,"comment_status":"closed","ping_status":"closed","template":"","meta":[],"product_brand":[],"product_cat":[116,15],"product_tag":[],"class_list":{"0":"post-4334","1":"product","2":"type-product","3":"status-publish","4":"has-post-thumbnail","6":"product_cat-cream","7":"product_cat-face-care","9":"first","10":"instock","11":"shipping-taxable","12":"product-type-simple"},"_links":{"self":[{"href":"https:\/\/www.drrashel-bbg.com\/fr\/wp-json\/wp\/v2\/product\/4334","targetHints":{"allow":["GET"]}}],"collection":[{"href":"https:\/\/www.drrashel-bbg.com\/fr\/wp-json\/wp\/v2\/product"}],"about":[{"href":"https:\/\/www.drrashel-bbg.com\/fr\/wp-json\/wp\/v2\/types\/product"}],"replies":[{"embeddable":true,"href":"https:\/\/www.drrashel-bbg.com\/fr\/wp-json\/wp\/v2\/comments?post=4334"}],"wp:featuredmedia":[{"embeddable":true,"href":"https:\/\/www.drrashel-bbg.com\/fr\/wp-json\/wp\/v2\/media\/4340"}],"wp:attachment":[{"href":"https:\/\/www.drrashel-bbg.com\/fr\/wp-json\/wp\/v2\/media?parent=4334"}],"wp:term":[{"taxonomy":"product_brand","embeddable":true,"href":"https:\/\/www.drrashel-bbg.com\/fr\/wp-json\/wp\/v2\/product_brand?post=4334"},{"taxonomy":"product_cat","embeddable":true,"href":"https:\/\/www.drrashel-bbg.com\/fr\/wp-json\/wp\/v2\/product_cat?post=4334"},{"taxonomy":"product_tag","embeddable":true,"href":"https:\/\/www.drrashel-bbg.com\/fr\/wp-json\/wp\/v2\/product_tag?post=4334"}],"curies":[{"name":"wp","href":"https:\/\/api.w.org\/{rel}","templated":true}]}}