{"id":4410,"date":"2025-10-17T13:40:28","date_gmt":"2025-10-17T05:40:28","guid":{"rendered":"https:\/\/www.drrashel-bbg.com\/?post_type=product&#038;p=4410"},"modified":"2026-01-04T15:51:36","modified_gmt":"2026-01-04T07:51:36","slug":"whitening-tightening-feminine-wash","status":"publish","type":"product","link":"https:\/\/www.drrashel-bbg.com\/fr\/feminine-intimate-cleansing\/whitening-tightening-feminine-wash\/","title":{"rendered":"Blancament &#038; Ajustament rentat femen\u00ed"},"content":{"rendered":"<p><strong><b><img fetchpriority=\"high\" decoding=\"async\" class=\"aligncenter wp-image-4417\" src=\"https:\/\/www.drrashel-bbg.com\/wp-content\/uploads\/2025\/10\/DRL-1812-Detail-2.jpg\" alt=\"\" width=\"1300\" height=\"2073\" srcset=\"https:\/\/www.drrashel-bbg.com\/wp-content\/uploads\/2025\/10\/DRL-1812-Detail-2.jpg 790w, https:\/\/www.drrashel-bbg.com\/wp-content\/uploads\/2025\/10\/DRL-1812-Detail-2-188x300.jpg 188w, https:\/\/www.drrashel-bbg.com\/wp-content\/uploads\/2025\/10\/DRL-1812-Detail-2-642x1024.jpg 642w, https:\/\/www.drrashel-bbg.com\/wp-content\/uploads\/2025\/10\/DRL-1812-Detail-2-768x1225.jpg 768w, https:\/\/www.drrashel-bbg.com\/wp-content\/uploads\/2025\/10\/DRL-1812-Detail-2-600x957.jpg 600w\" sizes=\"(max-width: 1300px) 100vw, 1300px\" \/> <img decoding=\"async\" class=\"aligncenter wp-image-4418\" src=\"https:\/\/www.drrashel-bbg.com\/wp-content\/uploads\/2025\/10\/DRL-1812-Detail-3.jpg\" alt=\"\" width=\"1300\" height=\"1659\" srcset=\"https:\/\/www.drrashel-bbg.com\/wp-content\/uploads\/2025\/10\/DRL-1812-Detail-3.jpg 790w, https:\/\/www.drrashel-bbg.com\/wp-content\/uploads\/2025\/10\/DRL-1812-Detail-3-235x300.jpg 235w, https:\/\/www.drrashel-bbg.com\/wp-content\/uploads\/2025\/10\/DRL-1812-Detail-3-768x980.jpg 768w, https:\/\/www.drrashel-bbg.com\/wp-content\/uploads\/2025\/10\/DRL-1812-Detail-3-600x766.jpg 600w\" sizes=\"(max-width: 1300px) 100vw, 1300px\" \/> <img decoding=\"async\" class=\"aligncenter wp-image-4419\" src=\"https:\/\/www.drrashel-bbg.com\/wp-content\/uploads\/2025\/10\/DRL-1812-Detail-4.jpg\" alt=\"\" width=\"1300\" height=\"2152\" srcset=\"https:\/\/www.drrashel-bbg.com\/wp-content\/uploads\/2025\/10\/DRL-1812-Detail-4.jpg 790w, https:\/\/www.drrashel-bbg.com\/wp-content\/uploads\/2025\/10\/DRL-1812-Detail-4-181x300.jpg 181w, https:\/\/www.drrashel-bbg.com\/wp-content\/uploads\/2025\/10\/DRL-1812-Detail-4-618x1024.jpg 618w, https:\/\/www.drrashel-bbg.com\/wp-content\/uploads\/2025\/10\/DRL-1812-Detail-4-768x1272.jpg 768w, https:\/\/www.drrashel-bbg.com\/wp-content\/uploads\/2025\/10\/DRL-1812-Detail-4-600x993.jpg 600w\" sizes=\"(max-width: 1300px) 100vw, 1300px\" \/> <img loading=\"lazy\" decoding=\"async\" class=\"aligncenter wp-image-4420\" src=\"https:\/\/www.drrashel-bbg.com\/wp-content\/uploads\/2025\/10\/DRL-1812-Detail-5.jpg\" alt=\"\" width=\"1300\" height=\"2230\" srcset=\"https:\/\/www.drrashel-bbg.com\/wp-content\/uploads\/2025\/10\/DRL-1812-Detail-5.jpg 790w, https:\/\/www.drrashel-bbg.com\/wp-content\/uploads\/2025\/10\/DRL-1812-Detail-5-175x300.jpg 175w, https:\/\/www.drrashel-bbg.com\/wp-content\/uploads\/2025\/10\/DRL-1812-Detail-5-597x1024.jpg 597w, https:\/\/www.drrashel-bbg.com\/wp-content\/uploads\/2025\/10\/DRL-1812-Detail-5-768x1317.jpg 768w, https:\/\/www.drrashel-bbg.com\/wp-content\/uploads\/2025\/10\/DRL-1812-Detail-5-600x1029.jpg 600w\" sizes=\"(max-width: 1300px) 100vw, 1300px\" \/> <img loading=\"lazy\" decoding=\"async\" class=\"aligncenter wp-image-4421\" src=\"https:\/\/www.drrashel-bbg.com\/wp-content\/uploads\/2025\/10\/DRL-1812-Detail-6.jpg\" alt=\"\" width=\"1300\" height=\"2212\" srcset=\"https:\/\/www.drrashel-bbg.com\/wp-content\/uploads\/2025\/10\/DRL-1812-Detail-6.jpg 790w, https:\/\/www.drrashel-bbg.com\/wp-content\/uploads\/2025\/10\/DRL-1812-Detail-6-176x300.jpg 176w, https:\/\/www.drrashel-bbg.com\/wp-content\/uploads\/2025\/10\/DRL-1812-Detail-6-602x1024.jpg 602w, https:\/\/www.drrashel-bbg.com\/wp-content\/uploads\/2025\/10\/DRL-1812-Detail-6-768x1307.jpg 768w, https:\/\/www.drrashel-bbg.com\/wp-content\/uploads\/2025\/10\/DRL-1812-Detail-6-600x1021.jpg 600w\" sizes=\"(max-width: 1300px) 100vw, 1300px\" \/> <img loading=\"lazy\" decoding=\"async\" class=\"aligncenter wp-image-4422\" src=\"https:\/\/www.drrashel-bbg.com\/wp-content\/uploads\/2025\/10\/DRL-1812-Detail-7.jpg\" alt=\"\" width=\"1300\" height=\"2212\" srcset=\"https:\/\/www.drrashel-bbg.com\/wp-content\/uploads\/2025\/10\/DRL-1812-Detail-7.jpg 790w, https:\/\/www.drrashel-bbg.com\/wp-content\/uploads\/2025\/10\/DRL-1812-Detail-7-176x300.jpg 176w, https:\/\/www.drrashel-bbg.com\/wp-content\/uploads\/2025\/10\/DRL-1812-Detail-7-602x1024.jpg 602w, https:\/\/www.drrashel-bbg.com\/wp-content\/uploads\/2025\/10\/DRL-1812-Detail-7-768x1307.jpg 768w, https:\/\/www.drrashel-bbg.com\/wp-content\/uploads\/2025\/10\/DRL-1812-Detail-7-600x1021.jpg 600w\" sizes=\"(max-width: 1300px) 100vw, 1300px\" \/> <img loading=\"lazy\" decoding=\"async\" class=\"aligncenter wp-image-4423\" src=\"https:\/\/www.drrashel-bbg.com\/wp-content\/uploads\/2025\/10\/DRL-1812-Detail-8.jpg\" alt=\"\" width=\"1300\" height=\"2093\" srcset=\"https:\/\/www.drrashel-bbg.com\/wp-content\/uploads\/2025\/10\/DRL-1812-Detail-8.jpg 790w, https:\/\/www.drrashel-bbg.com\/wp-content\/uploads\/2025\/10\/DRL-1812-Detail-8-186x300.jpg 186w, https:\/\/www.drrashel-bbg.com\/wp-content\/uploads\/2025\/10\/DRL-1812-Detail-8-636x1024.jpg 636w, https:\/\/www.drrashel-bbg.com\/wp-content\/uploads\/2025\/10\/DRL-1812-Detail-8-768x1237.jpg 768w, https:\/\/www.drrashel-bbg.com\/wp-content\/uploads\/2025\/10\/DRL-1812-Detail-8-600x966.jpg 600w\" sizes=\"(max-width: 1300px) 100vw, 1300px\" \/> <img loading=\"lazy\" decoding=\"async\" class=\"aligncenter wp-image-4424\" src=\"https:\/\/www.drrashel-bbg.com\/wp-content\/uploads\/2025\/10\/DRL-1812-Detail-9.jpg\" alt=\"\" width=\"1300\" height=\"2093\" srcset=\"https:\/\/www.drrashel-bbg.com\/wp-content\/uploads\/2025\/10\/DRL-1812-Detail-9.jpg 790w, https:\/\/www.drrashel-bbg.com\/wp-content\/uploads\/2025\/10\/DRL-1812-Detail-9-186x300.jpg 186w, https:\/\/www.drrashel-bbg.com\/wp-content\/uploads\/2025\/10\/DRL-1812-Detail-9-636x1024.jpg 636w, https:\/\/www.drrashel-bbg.com\/wp-content\/uploads\/2025\/10\/DRL-1812-Detail-9-768x1237.jpg 768w, https:\/\/www.drrashel-bbg.com\/wp-content\/uploads\/2025\/10\/DRL-1812-Detail-9-600x966.jpg 600w\" sizes=\"(max-width: 1300px) 100vw, 1300px\" \/> <img loading=\"lazy\" decoding=\"async\" class=\"aligncenter wp-image-4425\" src=\"https:\/\/www.drrashel-bbg.com\/wp-content\/uploads\/2025\/10\/DRL-1812-Detail-10.jpg\" alt=\"\" width=\"1300\" height=\"1479\" srcset=\"https:\/\/www.drrashel-bbg.com\/wp-content\/uploads\/2025\/10\/DRL-1812-Detail-10.jpg 790w, https:\/\/www.drrashel-bbg.com\/wp-content\/uploads\/2025\/10\/DRL-1812-Detail-10-264x300.jpg 264w, https:\/\/www.drrashel-bbg.com\/wp-content\/uploads\/2025\/10\/DRL-1812-Detail-10-768x874.jpg 768w, https:\/\/www.drrashel-bbg.com\/wp-content\/uploads\/2025\/10\/DRL-1812-Detail-10-600x683.jpg 600w\" sizes=\"(max-width: 1300px) 100vw, 1300px\" \/> <img loading=\"lazy\" decoding=\"async\" class=\"aligncenter wp-image-4426\" src=\"https:\/\/www.drrashel-bbg.com\/wp-content\/uploads\/2025\/10\/DRL-1812-Detail-11.jpg\" alt=\"\" width=\"1300\" height=\"1532\" srcset=\"https:\/\/www.drrashel-bbg.com\/wp-content\/uploads\/2025\/10\/DRL-1812-Detail-11.jpg 790w, https:\/\/www.drrashel-bbg.com\/wp-content\/uploads\/2025\/10\/DRL-1812-Detail-11-255x300.jpg 255w, https:\/\/www.drrashel-bbg.com\/wp-content\/uploads\/2025\/10\/DRL-1812-Detail-11-768x905.jpg 768w, https:\/\/www.drrashel-bbg.com\/wp-content\/uploads\/2025\/10\/DRL-1812-Detail-11-600x707.jpg 600w\" sizes=\"(max-width: 1300px) 100vw, 1300px\" \/> <img loading=\"lazy\" decoding=\"async\" class=\"aligncenter wp-image-4427\" src=\"https:\/\/www.drrashel-bbg.com\/wp-content\/uploads\/2025\/10\/DRL-1812-Detail-12.jpg\" alt=\"\" width=\"1300\" height=\"1075\" srcset=\"https:\/\/www.drrashel-bbg.com\/wp-content\/uploads\/2025\/10\/DRL-1812-Detail-12.jpg 790w, https:\/\/www.drrashel-bbg.com\/wp-content\/uploads\/2025\/10\/DRL-1812-Detail-12-300x248.jpg 300w, https:\/\/www.drrashel-bbg.com\/wp-content\/uploads\/2025\/10\/DRL-1812-Detail-12-768x635.jpg 768w, https:\/\/www.drrashel-bbg.com\/wp-content\/uploads\/2025\/10\/DRL-1812-Detail-12-600x496.jpg 600w\" sizes=\"(max-width: 1300px) 100vw, 1300px\" \/> <img loading=\"lazy\" decoding=\"async\" class=\"aligncenter wp-image-4428\" src=\"https:\/\/www.drrashel-bbg.com\/wp-content\/uploads\/2025\/10\/DRL-1812-Detail-13.jpg\" alt=\"\" width=\"1300\" height=\"956\" srcset=\"https:\/\/www.drrashel-bbg.com\/wp-content\/uploads\/2025\/10\/DRL-1812-Detail-13.jpg 790w, https:\/\/www.drrashel-bbg.com\/wp-content\/uploads\/2025\/10\/DRL-1812-Detail-13-300x221.jpg 300w, https:\/\/www.drrashel-bbg.com\/wp-content\/uploads\/2025\/10\/DRL-1812-Detail-13-768x565.jpg 768w, https:\/\/www.drrashel-bbg.com\/wp-content\/uploads\/2025\/10\/DRL-1812-Detail-13-600x441.jpg 600w\" sizes=\"(max-width: 1300px) 100vw, 1300px\" \/> <img loading=\"lazy\" decoding=\"async\" class=\"aligncenter wp-image-4429\" src=\"https:\/\/www.drrashel-bbg.com\/wp-content\/uploads\/2025\/10\/DRL-1812-Detail-14.jpg\" alt=\"\" width=\"1300\" height=\"920\" srcset=\"https:\/\/www.drrashel-bbg.com\/wp-content\/uploads\/2025\/10\/DRL-1812-Detail-14.jpg 790w, https:\/\/www.drrashel-bbg.com\/wp-content\/uploads\/2025\/10\/DRL-1812-Detail-14-300x212.jpg 300w, https:\/\/www.drrashel-bbg.com\/wp-content\/uploads\/2025\/10\/DRL-1812-Detail-14-768x543.jpg 768w, https:\/\/www.drrashel-bbg.com\/wp-content\/uploads\/2025\/10\/DRL-1812-Detail-14-600x425.jpg 600w\" sizes=\"(max-width: 1300px) 100vw, 1300px\" \/> <img loading=\"lazy\" decoding=\"async\" class=\"aligncenter wp-image-4430\" src=\"https:\/\/www.drrashel-bbg.com\/wp-content\/uploads\/2025\/10\/DRL-1812-Detail-15.jpg\" alt=\"\" width=\"1300\" height=\"1047\" srcset=\"https:\/\/www.drrashel-bbg.com\/wp-content\/uploads\/2025\/10\/DRL-1812-Detail-15.jpg 790w, https:\/\/www.drrashel-bbg.com\/wp-content\/uploads\/2025\/10\/DRL-1812-Detail-15-300x242.jpg 300w, https:\/\/www.drrashel-bbg.com\/wp-content\/uploads\/2025\/10\/DRL-1812-Detail-15-768x618.jpg 768w, https:\/\/www.drrashel-bbg.com\/wp-content\/uploads\/2025\/10\/DRL-1812-Detail-15-600x483.jpg 600w\" sizes=\"(max-width: 1300px) 100vw, 1300px\" \/><\/b><\/strong><\/p>\n<p>&nbsp;<\/p>\n<p><strong><b>Beneficis del producte:<\/b><\/strong><\/p>\n<p>Enrichida amb niacinamida i probi\u00f2tics, aquest rentat femen\u00ed blanquejant i fermant funciona per maximitzar el blanquejament de la pell i endurir les parets vaginals. Funciona per bloquejar i eradicar tot tipus d'olors desagradables, prurit i excreci\u00f3, mantenint la zona vaginal refrescada, calma, desodoritza i mant\u00e9 la zona \u00edntima protegida i c\u00f2moda durant tot el dia. Adequat per a \u00fas diari.<\/p>\n<p>&nbsp;<\/p>\n<p><strong><b>Ingredients i tecnologies principals:<\/b><\/strong><\/p>\n<p>INGREDIENTS ESTRELLES<\/p>\n<p>La niacinamida aborda visiblement l'aburriment a causa de taques fosques i ultrafines, ajudant a restaurar l'aparen\u00e7a de la pell lisa, clara i saludable.<\/p>\n<p>INGREDIENTS COMPLETS<\/p>\n<p>aigua<\/p>\n<p>FERMENT LACTOBACILLUS<\/p>\n<p>NIACINAMIDA<\/p>\n<p>LACTOBACILLUS\/FILTRAT DE FERMENTS DE LET DE SOJA<\/p>\n<p>LISAT DE FERMENTS DE LACTOBACILLUS<\/p>\n<p>lauret de sodi sulfat<\/p>\n<p>COCAMIDOPROPIL BETAINA<\/p>\n<p>&nbsp;<\/p>\n<p><strong><b>Com utilitzar:<\/b><\/strong><\/p>\n<p>Poseu una petita quantitat a la m\u00e0 i apliqueu-la a la zona vaginal externa durant una dutxa, un bany o entre temps. Esborreu-vos b\u00e9 amb aigua neta.<\/p>\n<p>&nbsp;<\/p>\n<p><strong><b>Introducci\u00f3 de la marca:<\/b><\/strong><\/p>\n<p>DR\u00b7RASHEL va ser fundada el 1989 pel senyor BAKRI, un mestre de cura de la pell, amb trenta anys d'experi\u00e8ncia en productes. Centrat en la salut, el senyor BAKRI va desenvolupar f\u00f3rmules precises per als ingredients naturals per maximitzar la salut de la pell i la radiaci\u00f3 vibrant, un principi aplicat en l'\u00e0mplia gamma de productes de cura de la pell de DR\u00b7RASHEL.<\/p>\n<p>&nbsp;<\/p>\n<p>Els productes DR\u00b7RASHEL es distribueixen per tot el m\u00f3n i s\u00f3n rebuts per clients en cinc continents, m\u00e9s espec\u00edficament, a l'Orient Mitj\u00e0, Am\u00e8rica del Sud i Europa.<\/p>\n<p>Exportem a m\u00e9s de 100 pa\u00efsos, incloent els Emirats \u00c0rabs Units, R\u00fassia, Am\u00e8rica, M\u00e8xic, Austr\u00e0lia, Ar\u00e0bia Saudita, Brasil, \u00cdndia i Sud-\u00e0frica.<\/p>\n<p>Tenim ISO, GMPC American European Union Internacional autorit\u00e0ria doble certificaci\u00f3, avan\u00e7ada R &amp; amp; D equip de prova, milers de f\u00f3rmules madures i equip de vendes d'alta efici\u00e8ncia i superioritat de preu competitiu. Les nostres categories de productes s\u00f3n: productes de cura de la pell, productes de maquillatge, productes de rentat i cura.<\/p>\n<p>&nbsp;<\/p>\n<p><strong><b>Preguntes freq\u00fcents:<\/b><\/strong><\/p>\n<p>P: \u00c9s adequat per a la pell sensible? Aix\u00f2 provocar\u00e0 irritaci\u00f3?<\/p>\n<p>R: Es recomana fortament realitzar una prova d'al\u00b7l\u00e8rgies abans del primer \u00fas: Apliqueu una petita quantitat del producte darrere de l'orella o al costat interior del bra\u00e7. Utilitza-lo nom\u00e9s si no hi ha mol\u00e8sties com vermellora, infloraci\u00f3 o picadura en les 24 hores.<\/p>\n<p>P: Qui no \u00e9s adequat?<\/p>\n<p>R: Menors, dones embarassades, mares lactantes i aquelles al\u00b7l\u00e8rgiques a qualsevol del producte &#8217; Els ingredients.<\/p>","protected":false},"excerpt":{"rendered":"<p>Aquest rentat pot eliminar l'olor, equilibrar el pH, i \u00e9s antibacteri\u00e0 i antiprur\u00edtic, i restaurar la firmesa vaginal. \u00c9s adequat per a la pell opaca i cont\u00e9 niacinamida i probi\u00f2tics. Es pot utilitzar internament o externament.<\/p>\n<p>N\u00famero de s\u00e8rie: DRL-1812<\/p>\n<p>Tipus de pell aplicable: Adequat per a dones adultes.<\/p>\n<p>Capacitat del producte: 220ml<\/p>","protected":false},"featured_media":4414,"comment_status":"closed","ping_status":"closed","template":"","meta":[],"product_brand":[],"product_cat":[154,155],"product_tag":[],"class_list":{"0":"post-4410","1":"product","2":"type-product","3":"status-publish","4":"has-post-thumbnail","6":"product_cat-feminine-care","7":"product_cat-feminine-intimate-cleansing","9":"first","10":"instock","11":"shipping-taxable","12":"product-type-simple"},"_links":{"self":[{"href":"https:\/\/www.drrashel-bbg.com\/fr\/wp-json\/wp\/v2\/product\/4410","targetHints":{"allow":["GET"]}}],"collection":[{"href":"https:\/\/www.drrashel-bbg.com\/fr\/wp-json\/wp\/v2\/product"}],"about":[{"href":"https:\/\/www.drrashel-bbg.com\/fr\/wp-json\/wp\/v2\/types\/product"}],"replies":[{"embeddable":true,"href":"https:\/\/www.drrashel-bbg.com\/fr\/wp-json\/wp\/v2\/comments?post=4410"}],"wp:featuredmedia":[{"embeddable":true,"href":"https:\/\/www.drrashel-bbg.com\/fr\/wp-json\/wp\/v2\/media\/4414"}],"wp:attachment":[{"href":"https:\/\/www.drrashel-bbg.com\/fr\/wp-json\/wp\/v2\/media?parent=4410"}],"wp:term":[{"taxonomy":"product_brand","embeddable":true,"href":"https:\/\/www.drrashel-bbg.com\/fr\/wp-json\/wp\/v2\/product_brand?post=4410"},{"taxonomy":"product_cat","embeddable":true,"href":"https:\/\/www.drrashel-bbg.com\/fr\/wp-json\/wp\/v2\/product_cat?post=4410"},{"taxonomy":"product_tag","embeddable":true,"href":"https:\/\/www.drrashel-bbg.com\/fr\/wp-json\/wp\/v2\/product_tag?post=4410"}],"curies":[{"name":"wp","href":"https:\/\/api.w.org\/{rel}","templated":true}]}}