{"id":4431,"date":"2025-10-17T13:51:19","date_gmt":"2025-10-17T05:51:19","guid":{"rendered":"https:\/\/www.drrashel-bbg.com\/?post_type=product&#038;p=4431"},"modified":"2026-01-04T15:48:55","modified_gmt":"2026-01-04T07:48:55","slug":"vc-niconamideessence-cleansing-mousse","status":"publish","type":"product","link":"https:\/\/www.drrashel-bbg.com\/fr\/cleansing\/vc-niconamideessence-cleansing-mousse\/","title":{"rendered":"VC&#038; niconamidessence Mousse de neteja"},"content":{"rendered":"<p><strong><b>Beneficis del producte:<\/b><\/strong><\/p>\n<p>VC Cleansing Mousse \u00e9s una espuma de neteja que ilumina i clarifica els poros. Elimina suavement el maquillatge, el greix i les impureses deixant la pell purificada, tranquil\u00b7la i c\u00f2moda. Rico en extracte de VC, promou la regeneraci\u00f3 c\u00e8l\u00b7lular de la pell, preserva la pell&#8217; s equilibri d'humitat i ralentitzar la pell&#8217; L'envelliment. \u00c9s ben adequat per a la neteja facial di\u00e0ria, proporcionant aix\u00ed brillantor a la pell i fent-la semblar jove, fresca i hidratada.<\/p>\n<p>&nbsp;<\/p>\n<p><strong><b>Ingredients i tecnologies principals:<\/b><\/strong><\/p>\n<p>INGREDIENTS ESTRELLES<\/p>\n<p>La vitamina C bloqueja efectivament la producci\u00f3 de melanina, millorant i evitant aix\u00ed la pigmentaci\u00f3 i la desvaneixement de les taques existents, fent que el to general de la pell sigui m\u00e9s transl\u00facit i uniforme.<\/p>\n<p>INGREDIENTS COMPLETS<\/p>\n<p>aigua<\/p>\n<p>COCOMONOGLICER\u00cdDUR SULFONAT DE SODI<\/p>\n<p>SORBITOL<\/p>\n<p>GLICERINA<\/p>\n<p>lauret de sodi sulfat<\/p>\n<p>NIACINAMIDA<\/p>\n<p>3-0-ETHIL \u00c0CID ASCORBIC<\/p>\n<p>&nbsp;<\/p>\n<p><strong><b>Com utilitzar:<\/b><\/strong><\/p>\n<p>Bomba una bona quantitat de mousse i utilitza el pincel per massatgar suavement en moviments circulars sobre la pell humida. Neteja amb aigua. Neteja el cap de pincel amb regularitat.<\/p>\n<p>&nbsp;<\/p>\n<p><strong><b>Introducci\u00f3 de la marca:<\/b><\/strong><\/p>\n<p>DR\u00b7RASHEL va ser fundada el 1989 pel senyor BAKRI, un mestre de cura de la pell, amb trenta anys d'experi\u00e8ncia en productes. Centrat en la salut, el senyor BAKRI va desenvolupar f\u00f3rmules precises per als ingredients naturals per maximitzar la salut de la pell i la radiaci\u00f3 vibrant, un principi aplicat en l'\u00e0mplia gamma de productes de cura de la pell de DR\u00b7RASHEL.<\/p>\n<p>&nbsp;<\/p>\n<p>Els productes DR\u00b7RASHEL es distribueixen per tot el m\u00f3n i s\u00f3n rebuts per clients en cinc continents, m\u00e9s espec\u00edficament, a l'Orient Mitj\u00e0, Am\u00e8rica del Sud i Europa.<\/p>\n<p>&nbsp;<\/p>\n<p>Exportem a m\u00e9s de 100 pa\u00efsos, incloent els Emirats \u00c0rabs Units, R\u00fassia, Am\u00e8rica, M\u00e8xic, Austr\u00e0lia, Ar\u00e0bia Saudita, Brasil, \u00cdndia i Sud-\u00e0frica.<\/p>\n<p>&nbsp;<\/p>\n<p>Tenim ISO, GMPC American European Union Internacional autorit\u00e0ria doble certificaci\u00f3, avan\u00e7ada R &amp; amp; D equip de prova, milers de f\u00f3rmules madures i equip de vendes d'alta efici\u00e8ncia i superioritat de preu competitiu. Les nostres categories de productes s\u00f3n: productes de cura de la pell, productes de maquillatge, productes de rentat i cura.<\/p>\n<p>&nbsp;<\/p>\n<p><strong><b>Preguntes freq\u00fcents:<\/b><\/strong><\/p>\n<p>P: Quins s\u00f3n els beneficis principals d'aquesta espuma de neteja?<\/p>\n<p>A: Neteja suau, blanquejament i brillant.<\/p>\n<p>P: Quina \u00e9s la difer\u00e8ncia entre aquesta espuma de neteja i el netejador facial ordinari?<\/p>\n<p>A: c\u00f2mode i estalvi de temps, no cal escumar manualment, millor sensaci\u00f3 de la pell.<\/p>","protected":false},"excerpt":{"rendered":"<p>Aquest VC &amp; Niacinamide Essence Cleansing Mousse \u00e9s una neteja i eliminaci\u00f3 de maquillatge tot en un, alhora que tamb\u00e9 il\u00b7lumina la pell i neteja els poros. Tamb\u00e9 ven amb un raspall de silicona amb punts de contacte de seguretat que poden netejar i massatgear suavement la pell sense abradir-la, eliminar impureses en els poros i massatgear el teixit de la pell.<\/p>\n<p>N\u00famero de s\u00e8rie: DRL-1486<\/p>\n<p>Tipus de pell aplicable: Adequat per a tots els tipus de pell, especialment aquells amb secreci\u00f3 excessiva d'oli i pell opaca.<\/p>\n<p>Capacitat del producte: 120ml.<\/p>","protected":false},"featured_media":4435,"comment_status":"closed","ping_status":"closed","template":"","meta":[],"product_brand":[],"product_cat":[113,15],"product_tag":[],"class_list":{"0":"post-4431","1":"product","2":"type-product","3":"status-publish","4":"has-post-thumbnail","6":"product_cat-cleansing","7":"product_cat-face-care","9":"first","10":"instock","11":"shipping-taxable","12":"product-type-simple"},"_links":{"self":[{"href":"https:\/\/www.drrashel-bbg.com\/fr\/wp-json\/wp\/v2\/product\/4431","targetHints":{"allow":["GET"]}}],"collection":[{"href":"https:\/\/www.drrashel-bbg.com\/fr\/wp-json\/wp\/v2\/product"}],"about":[{"href":"https:\/\/www.drrashel-bbg.com\/fr\/wp-json\/wp\/v2\/types\/product"}],"replies":[{"embeddable":true,"href":"https:\/\/www.drrashel-bbg.com\/fr\/wp-json\/wp\/v2\/comments?post=4431"}],"wp:featuredmedia":[{"embeddable":true,"href":"https:\/\/www.drrashel-bbg.com\/fr\/wp-json\/wp\/v2\/media\/4435"}],"wp:attachment":[{"href":"https:\/\/www.drrashel-bbg.com\/fr\/wp-json\/wp\/v2\/media?parent=4431"}],"wp:term":[{"taxonomy":"product_brand","embeddable":true,"href":"https:\/\/www.drrashel-bbg.com\/fr\/wp-json\/wp\/v2\/product_brand?post=4431"},{"taxonomy":"product_cat","embeddable":true,"href":"https:\/\/www.drrashel-bbg.com\/fr\/wp-json\/wp\/v2\/product_cat?post=4431"},{"taxonomy":"product_tag","embeddable":true,"href":"https:\/\/www.drrashel-bbg.com\/fr\/wp-json\/wp\/v2\/product_tag?post=4431"}],"curies":[{"name":"wp","href":"https:\/\/api.w.org\/{rel}","templated":true}]}}