{"id":4440,"date":"2025-10-17T14:02:34","date_gmt":"2025-10-17T06:02:34","guid":{"rendered":"https:\/\/www.drrashel-bbg.com\/?post_type=product&#038;p=4440"},"modified":"2026-01-04T15:46:57","modified_gmt":"2026-01-04T07:46:57","slug":"whitening-fade-spots-skin-care-series","status":"publish","type":"product","link":"https:\/\/www.drrashel-bbg.com\/fr\/facial-care-sets\/whitening-fade-spots-skin-care-series\/","title":{"rendered":"S\u00e8rie de cura de la pell de blanquejament fade spots"},"content":{"rendered":"<p><img fetchpriority=\"high\" decoding=\"async\" class=\"aligncenter wp-image-4450\" src=\"https:\/\/www.drrashel-bbg.com\/wp-content\/uploads\/2025\/10\/DRL-1556-Detail-1.jpg\" alt=\"\" width=\"1300\" height=\"1503\" srcset=\"https:\/\/www.drrashel-bbg.com\/wp-content\/uploads\/2025\/10\/DRL-1556-Detail-1.jpg 750w, https:\/\/www.drrashel-bbg.com\/wp-content\/uploads\/2025\/10\/DRL-1556-Detail-1-260x300.jpg 260w, https:\/\/www.drrashel-bbg.com\/wp-content\/uploads\/2025\/10\/DRL-1556-Detail-1-600x694.jpg 600w\" sizes=\"(max-width: 1300px) 100vw, 1300px\" \/> <img decoding=\"async\" class=\"aligncenter wp-image-4451\" src=\"https:\/\/www.drrashel-bbg.com\/wp-content\/uploads\/2025\/10\/DRL-1556-Detail-2.jpg\" alt=\"\" width=\"1300\" height=\"1144\" srcset=\"https:\/\/www.drrashel-bbg.com\/wp-content\/uploads\/2025\/10\/DRL-1556-Detail-2.jpg 750w, https:\/\/www.drrashel-bbg.com\/wp-content\/uploads\/2025\/10\/DRL-1556-Detail-2-300x264.jpg 300w, https:\/\/www.drrashel-bbg.com\/wp-content\/uploads\/2025\/10\/DRL-1556-Detail-2-600x528.jpg 600w\" sizes=\"(max-width: 1300px) 100vw, 1300px\" \/> <img decoding=\"async\" class=\"aligncenter wp-image-4452\" src=\"https:\/\/www.drrashel-bbg.com\/wp-content\/uploads\/2025\/10\/DRL-1556-Detail-3.jpg\" alt=\"\" width=\"1300\" height=\"1076\" srcset=\"https:\/\/www.drrashel-bbg.com\/wp-content\/uploads\/2025\/10\/DRL-1556-Detail-3.jpg 750w, https:\/\/www.drrashel-bbg.com\/wp-content\/uploads\/2025\/10\/DRL-1556-Detail-3-300x248.jpg 300w, https:\/\/www.drrashel-bbg.com\/wp-content\/uploads\/2025\/10\/DRL-1556-Detail-3-600x497.jpg 600w\" sizes=\"(max-width: 1300px) 100vw, 1300px\" \/> <img loading=\"lazy\" decoding=\"async\" class=\"aligncenter wp-image-4453\" src=\"https:\/\/www.drrashel-bbg.com\/wp-content\/uploads\/2025\/10\/DRL-1556-Detail-4.jpg\" alt=\"\" width=\"1300\" height=\"1158\" srcset=\"https:\/\/www.drrashel-bbg.com\/wp-content\/uploads\/2025\/10\/DRL-1556-Detail-4.jpg 750w, https:\/\/www.drrashel-bbg.com\/wp-content\/uploads\/2025\/10\/DRL-1556-Detail-4-300x267.jpg 300w, https:\/\/www.drrashel-bbg.com\/wp-content\/uploads\/2025\/10\/DRL-1556-Detail-4-600x534.jpg 600w\" sizes=\"(max-width: 1300px) 100vw, 1300px\" \/> <img loading=\"lazy\" decoding=\"async\" class=\"aligncenter wp-image-4454\" src=\"https:\/\/www.drrashel-bbg.com\/wp-content\/uploads\/2025\/10\/DRL-1556-Detail-5.jpg\" alt=\"\" width=\"1300\" height=\"1466\" srcset=\"https:\/\/www.drrashel-bbg.com\/wp-content\/uploads\/2025\/10\/DRL-1556-Detail-5.jpg 750w, https:\/\/www.drrashel-bbg.com\/wp-content\/uploads\/2025\/10\/DRL-1556-Detail-5-266x300.jpg 266w, https:\/\/www.drrashel-bbg.com\/wp-content\/uploads\/2025\/10\/DRL-1556-Detail-5-600x677.jpg 600w\" sizes=\"(max-width: 1300px) 100vw, 1300px\" \/> <img loading=\"lazy\" decoding=\"async\" class=\"aligncenter wp-image-4455\" src=\"https:\/\/www.drrashel-bbg.com\/wp-content\/uploads\/2025\/10\/DRL-1556-Detail-6.jpg\" alt=\"\" width=\"1300\" height=\"1271\" srcset=\"https:\/\/www.drrashel-bbg.com\/wp-content\/uploads\/2025\/10\/DRL-1556-Detail-6.jpg 750w, https:\/\/www.drrashel-bbg.com\/wp-content\/uploads\/2025\/10\/DRL-1556-Detail-6-300x293.jpg 300w, https:\/\/www.drrashel-bbg.com\/wp-content\/uploads\/2025\/10\/DRL-1556-Detail-6-600x586.jpg 600w\" sizes=\"(max-width: 1300px) 100vw, 1300px\" \/> <img loading=\"lazy\" decoding=\"async\" class=\"aligncenter wp-image-4456\" src=\"https:\/\/www.drrashel-bbg.com\/wp-content\/uploads\/2025\/10\/DRL-1556-Detail-7.jpg\" alt=\"\" width=\"1300\" height=\"1238\" srcset=\"https:\/\/www.drrashel-bbg.com\/wp-content\/uploads\/2025\/10\/DRL-1556-Detail-7.jpg 750w, https:\/\/www.drrashel-bbg.com\/wp-content\/uploads\/2025\/10\/DRL-1556-Detail-7-300x286.jpg 300w, https:\/\/www.drrashel-bbg.com\/wp-content\/uploads\/2025\/10\/DRL-1556-Detail-7-600x571.jpg 600w\" sizes=\"(max-width: 1300px) 100vw, 1300px\" \/> <img loading=\"lazy\" decoding=\"async\" class=\"aligncenter wp-image-4457\" src=\"https:\/\/www.drrashel-bbg.com\/wp-content\/uploads\/2025\/10\/DRL-1556-Detail-8.jpg\" alt=\"\" width=\"1300\" height=\"1515\" srcset=\"https:\/\/www.drrashel-bbg.com\/wp-content\/uploads\/2025\/10\/DRL-1556-Detail-8.jpg 750w, https:\/\/www.drrashel-bbg.com\/wp-content\/uploads\/2025\/10\/DRL-1556-Detail-8-257x300.jpg 257w, https:\/\/www.drrashel-bbg.com\/wp-content\/uploads\/2025\/10\/DRL-1556-Detail-8-600x699.jpg 600w\" sizes=\"(max-width: 1300px) 100vw, 1300px\" \/> <img loading=\"lazy\" decoding=\"async\" class=\"aligncenter wp-image-4458\" src=\"https:\/\/www.drrashel-bbg.com\/wp-content\/uploads\/2025\/10\/DRL-1556-Detail-9.jpg\" alt=\"\" width=\"1300\" height=\"1508\" srcset=\"https:\/\/www.drrashel-bbg.com\/wp-content\/uploads\/2025\/10\/DRL-1556-Detail-9.jpg 750w, https:\/\/www.drrashel-bbg.com\/wp-content\/uploads\/2025\/10\/DRL-1556-Detail-9-259x300.jpg 259w, https:\/\/www.drrashel-bbg.com\/wp-content\/uploads\/2025\/10\/DRL-1556-Detail-9-600x696.jpg 600w\" sizes=\"(max-width: 1300px) 100vw, 1300px\" \/> <img loading=\"lazy\" decoding=\"async\" class=\"aligncenter wp-image-4459\" src=\"https:\/\/www.drrashel-bbg.com\/wp-content\/uploads\/2025\/10\/DRL-1556-Detail-10.jpg\" alt=\"\" width=\"1300\" height=\"1361\" srcset=\"https:\/\/www.drrashel-bbg.com\/wp-content\/uploads\/2025\/10\/DRL-1556-Detail-10.jpg 750w, https:\/\/www.drrashel-bbg.com\/wp-content\/uploads\/2025\/10\/DRL-1556-Detail-10-287x300.jpg 287w, https:\/\/www.drrashel-bbg.com\/wp-content\/uploads\/2025\/10\/DRL-1556-Detail-10-600x628.jpg 600w\" sizes=\"(max-width: 1300px) 100vw, 1300px\" \/> <img loading=\"lazy\" decoding=\"async\" class=\"aligncenter wp-image-4460\" src=\"https:\/\/www.drrashel-bbg.com\/wp-content\/uploads\/2025\/10\/DRL-1556-Detail-11.jpg\" alt=\"\" width=\"1300\" height=\"1413\" srcset=\"https:\/\/www.drrashel-bbg.com\/wp-content\/uploads\/2025\/10\/DRL-1556-Detail-11.jpg 750w, https:\/\/www.drrashel-bbg.com\/wp-content\/uploads\/2025\/10\/DRL-1556-Detail-11-276x300.jpg 276w, https:\/\/www.drrashel-bbg.com\/wp-content\/uploads\/2025\/10\/DRL-1556-Detail-11-600x652.jpg 600w\" sizes=\"(max-width: 1300px) 100vw, 1300px\" \/> <img loading=\"lazy\" decoding=\"async\" class=\"aligncenter wp-image-4461\" src=\"https:\/\/www.drrashel-bbg.com\/wp-content\/uploads\/2025\/10\/DRL-1556-Detail-12.jpg\" alt=\"\" width=\"1300\" height=\"1132\" srcset=\"https:\/\/www.drrashel-bbg.com\/wp-content\/uploads\/2025\/10\/DRL-1556-Detail-12.jpg 750w, https:\/\/www.drrashel-bbg.com\/wp-content\/uploads\/2025\/10\/DRL-1556-Detail-12-300x261.jpg 300w, https:\/\/www.drrashel-bbg.com\/wp-content\/uploads\/2025\/10\/DRL-1556-Detail-12-600x522.jpg 600w\" sizes=\"(max-width: 1300px) 100vw, 1300px\" \/> <img loading=\"lazy\" decoding=\"async\" class=\"aligncenter wp-image-4462\" src=\"https:\/\/www.drrashel-bbg.com\/wp-content\/uploads\/2025\/10\/DRL-1556-Detail-13.jpg\" alt=\"\" width=\"1300\" height=\"1558\" srcset=\"https:\/\/www.drrashel-bbg.com\/wp-content\/uploads\/2025\/10\/DRL-1556-Detail-13.jpg 750w, https:\/\/www.drrashel-bbg.com\/wp-content\/uploads\/2025\/10\/DRL-1556-Detail-13-250x300.jpg 250w, https:\/\/www.drrashel-bbg.com\/wp-content\/uploads\/2025\/10\/DRL-1556-Detail-13-600x719.jpg 600w\" sizes=\"(max-width: 1300px) 100vw, 1300px\" \/> <img loading=\"lazy\" decoding=\"async\" class=\"aligncenter wp-image-4463\" src=\"https:\/\/www.drrashel-bbg.com\/wp-content\/uploads\/2025\/10\/DRL-1556-Detail-14.jpg\" alt=\"\" width=\"1300\" height=\"1440\" srcset=\"https:\/\/www.drrashel-bbg.com\/wp-content\/uploads\/2025\/10\/DRL-1556-Detail-14.jpg 750w, https:\/\/www.drrashel-bbg.com\/wp-content\/uploads\/2025\/10\/DRL-1556-Detail-14-271x300.jpg 271w, https:\/\/www.drrashel-bbg.com\/wp-content\/uploads\/2025\/10\/DRL-1556-Detail-14-600x665.jpg 600w\" sizes=\"(max-width: 1300px) 100vw, 1300px\" \/> <img loading=\"lazy\" decoding=\"async\" class=\"aligncenter wp-image-4464\" src=\"https:\/\/www.drrashel-bbg.com\/wp-content\/uploads\/2025\/10\/DRL-1556-Detail-15.jpg\" alt=\"\" width=\"1300\" height=\"1407\" srcset=\"https:\/\/www.drrashel-bbg.com\/wp-content\/uploads\/2025\/10\/DRL-1556-Detail-15.jpg 750w, https:\/\/www.drrashel-bbg.com\/wp-content\/uploads\/2025\/10\/DRL-1556-Detail-15-277x300.jpg 277w, https:\/\/www.drrashel-bbg.com\/wp-content\/uploads\/2025\/10\/DRL-1556-Detail-15-600x650.jpg 600w\" sizes=\"(max-width: 1300px) 100vw, 1300px\" \/> <img loading=\"lazy\" decoding=\"async\" class=\"aligncenter wp-image-4465\" src=\"https:\/\/www.drrashel-bbg.com\/wp-content\/uploads\/2025\/10\/DRL-1556-Detail-16.jpg\" alt=\"\" width=\"1300\" height=\"1563\" srcset=\"https:\/\/www.drrashel-bbg.com\/wp-content\/uploads\/2025\/10\/DRL-1556-Detail-16.jpg 750w, https:\/\/www.drrashel-bbg.com\/wp-content\/uploads\/2025\/10\/DRL-1556-Detail-16-249x300.jpg 249w, https:\/\/www.drrashel-bbg.com\/wp-content\/uploads\/2025\/10\/DRL-1556-Detail-16-600x722.jpg 600w\" sizes=\"(max-width: 1300px) 100vw, 1300px\" \/> <img loading=\"lazy\" decoding=\"async\" class=\"aligncenter wp-image-4466\" src=\"https:\/\/www.drrashel-bbg.com\/wp-content\/uploads\/2025\/10\/DRL-1556-Detail-17.jpg\" alt=\"\" width=\"1300\" height=\"1768\" srcset=\"https:\/\/www.drrashel-bbg.com\/wp-content\/uploads\/2025\/10\/DRL-1556-Detail-17.jpg 750w, https:\/\/www.drrashel-bbg.com\/wp-content\/uploads\/2025\/10\/DRL-1556-Detail-17-221x300.jpg 221w, https:\/\/www.drrashel-bbg.com\/wp-content\/uploads\/2025\/10\/DRL-1556-Detail-17-600x816.jpg 600w\" sizes=\"(max-width: 1300px) 100vw, 1300px\" \/><\/p>\n<p>&nbsp;<\/p>\n<p><strong><b>Beneficis del producte:<\/b><\/strong><\/p>\n<p><strong><b>Netejador de blanquejament<\/b><\/strong>\u00a0\u00e9s un rentat de cara purificador, la f\u00f3rmula cremosa elimina el maquillatge, l'oli, la brut\u00edcia i les escombraries dels poros per promoure la pell sana. \u00a0<strong><b>Blancament esva\u00efda<\/b><\/strong><strong><b>\u00a0punt <\/b><\/strong><strong><b>s\u00e8rum<\/b><\/strong>\u00a0Ilumina i aclaria la pell per augmentar la radiaci\u00f3.<strong><b>F<\/b><\/strong><strong><b>Ad\u00e8<\/b><\/strong><strong><b>\u00a0punt n<\/b><\/strong><strong><b>crema recta<\/b><\/strong>\u00a0equilibra el to de la pell, redueix les taques fosques i la decoloraci\u00f3 per a una pell m\u00e9s brillant i radiant.<strong><b>Blancament<\/b><\/strong><strong><b>\u00a0<\/b><\/strong><strong><b>Crema de dia<\/b><\/strong>\u00a0proporciona un brillant instant\u00e0ni i una radiaci\u00f3 de llarga durada, amb tons uniformes, deixant la pell refrescada tot el dia. En general, aquest conjunt pot aconseguir un bon efecte blanquejant sobre la pell i \u00e9s una combinaci\u00f3 indispensable per a les persones que busquen el blanquejament.<\/p>\n<p>&nbsp;<\/p>\n<p><strong><b>Ingredients i tecnologies principals:<\/b><\/strong><\/p>\n<p>INGREDIENTS ESTRELLES:<\/p>\n<p>La niacinamida aborda visiblement l'aburriment a causa de taques fosques i ultrafines, ajudant a restaurar l'aparen\u00e7a de la pell lisa, clara i saludable.<\/p>\n<p>INGREDIENTS COMPLETS<\/p>\n<p>Netejador de blanquejament:<\/p>\n<p>AQUA, GLICERINA, PALMITICACID, STEARICACID, \u00c0CID MYRISTIC, HIDROX\u00cdD DE POTASSI<\/p>\n<p>DIMETICONA<\/p>\n<p>S\u00e8rum facial:<\/p>\n<p>AQUA, GLICERINA, NIACINAMIDA, ARBUTINA, HIALURONAT DE SODI, ALOE-VERA-EXTRACT<\/p>\n<p>Crema de nit:<\/p>\n<p>AQUA, GLICERINA, GLICOL DE PROPILEN, ACETAT DE TOCOFERIL, NIACINAMIDA, HIALURONAT DE SODI, ALFA-ARBUTINA<\/p>\n<p>Crema de dia:<\/p>\n<p>AQUA, GLICERINA, ETILHEXYL-PALMITATE, CI-77891, NIACINAMIDA, ALFA-ARBUTINA, HIALURONAT DE SODI<\/p>\n<p>&nbsp;<\/p>\n<p><strong><b>Com utilitzar:<\/b><\/strong><\/p>\n<p><strong><b>Netejador de blanquejament<\/b><\/strong><\/p>\n<p>Utilitza dues vegades al dia, estrimitz una petita quantitat a les mans i treballa en espuma rica. Massatge sobre la cara humida, evitar el contacte amb els ulls, esballar a fons amb aigua.<\/p>\n<p><strong><b>Blancament esva\u00efda<\/b><\/strong><strong><b>\u00a0punt <\/b><\/strong><strong><b>s\u00e8rum<\/b><\/strong><\/p>\n<p>Tracta la pell al mat\u00ed i a la nit distribuint 2-4 gotes de producte de mida de perla a la palma de la m\u00e0 i aplicant-ho uniformement a zones de decoloracions com les taques solars i els tacs foscos.<\/p>\n<p><strong><b>F<\/b><\/strong><strong><b>Ad\u00e8<\/b><\/strong><strong><b>\u00a0punt n<\/b><\/strong><strong><b>crema recta<\/b><\/strong><\/p>\n<p>Cada nit despr\u00e9s de netejar, aplicar uniformement sobre la cara i el coll.<\/p>\n<p><strong><b>Blancament<\/b><\/strong><strong><b>\u00a0<\/b><\/strong><strong><b>Crema de dia<\/b><\/strong><\/p>\n<p>Aplicar uniformement sobre la cara cada mat\u00ed despr\u00e9s de netejar.<\/p>\n<p>&nbsp;<\/p>\n<p><strong><b>Introducci\u00f3 de la marca:<\/b><\/strong><\/p>\n<p>DR\u00b7RASHEL va ser fundada el 1989 pel senyor BAKRI, un mestre de cura de la pell, amb trenta anys d'experi\u00e8ncia en productes. Centrat en la salut, el senyor BAKRI va desenvolupar f\u00f3rmules precises per als ingredients naturals per maximitzar la salut de la pell i la radiaci\u00f3 vibrant, un principi aplicat en l'\u00e0mplia gamma de productes de cura de la pell de DR\u00b7RASHEL.<\/p>\n<p>Els productes DR\u00b7RASHEL es distribueixen per tot el m\u00f3n i s\u00f3n rebuts per clients en cinc continents, m\u00e9s espec\u00edficament, a l'Orient Mitj\u00e0, Am\u00e8rica del Sud i Europa.<\/p>\n<p>Exportem a m\u00e9s de 100 pa\u00efsos, incloent els Emirats \u00c0rabs Units, R\u00fassia, Am\u00e8rica, M\u00e8xic, Austr\u00e0lia, Ar\u00e0bia Saudita, Brasil, \u00cdndia i Sud-\u00e0frica.<\/p>\n<p>Tenim ISO, GMPC American European Union Internacional autorit\u00e0ria doble certificaci\u00f3, avan\u00e7ada R &amp; amp; D equip de prova, milers de f\u00f3rmules madures i equip de vendes d'alta efici\u00e8ncia i superioritat de preu competitiu. Les nostres categories de productes s\u00f3n: productes de cura de la pell, productes de maquillatge, productes de rentat i cura.<\/p>\n<p>&nbsp;<\/p>\n<p><strong><b>Preguntes freq\u00fcents:<\/b><\/strong><\/p>\n<p>P: Aquest conjunt es pot combinar amb altres marques d'ess\u00e8ncia blanquejant?<\/p>\n<p>R: No es recomana apilar-los a voluntat. \u00c9s millor seguir un conjunt complet d'\u00fas.<\/p>\n<p>P: Quin \u00e9s l'ingredient principal de blanquejament d'aquest kit?<\/p>\n<p>A: Niacinamida, que impedeix que la melanina es transfiri a les c\u00e8l\u00b7lules epid\u00e8rmiques.<\/p>","protected":false},"excerpt":{"rendered":"<p>Els principals efectes d'aquest conjunt s\u00f3n reduir la pigmentaci\u00f3, il\u00b7luminar les taques fosques, hidratar durant 24 hores, igualar el to de la pell, nutrir i reparar, blanquejar i purificar la pell, fent que la pell sigui m\u00e9s suau i brillant.<\/p>\n<p>N\u00famero de s\u00e8rie: DRL-1556<\/p>\n<p>Tipus de pell aplicable: Adequat per a persones amb to de pell desigual, pell opaca i aquells que volen blanquejar la seva pell.<\/p>\n<p>Capacitat del producte: 100ml 50ml 50g 50g<\/p>","protected":false},"featured_media":4449,"comment_status":"closed","ping_status":"closed","template":"","meta":[],"product_brand":[],"product_cat":[169,168],"product_tag":[],"class_list":{"0":"post-4440","1":"product","2":"type-product","3":"status-publish","4":"has-post-thumbnail","6":"product_cat-facial-care-sets","7":"product_cat-sets-kits","9":"first","10":"instock","11":"shipping-taxable","12":"product-type-simple"},"_links":{"self":[{"href":"https:\/\/www.drrashel-bbg.com\/fr\/wp-json\/wp\/v2\/product\/4440","targetHints":{"allow":["GET"]}}],"collection":[{"href":"https:\/\/www.drrashel-bbg.com\/fr\/wp-json\/wp\/v2\/product"}],"about":[{"href":"https:\/\/www.drrashel-bbg.com\/fr\/wp-json\/wp\/v2\/types\/product"}],"replies":[{"embeddable":true,"href":"https:\/\/www.drrashel-bbg.com\/fr\/wp-json\/wp\/v2\/comments?post=4440"}],"wp:featuredmedia":[{"embeddable":true,"href":"https:\/\/www.drrashel-bbg.com\/fr\/wp-json\/wp\/v2\/media\/4449"}],"wp:attachment":[{"href":"https:\/\/www.drrashel-bbg.com\/fr\/wp-json\/wp\/v2\/media?parent=4440"}],"wp:term":[{"taxonomy":"product_brand","embeddable":true,"href":"https:\/\/www.drrashel-bbg.com\/fr\/wp-json\/wp\/v2\/product_brand?post=4440"},{"taxonomy":"product_cat","embeddable":true,"href":"https:\/\/www.drrashel-bbg.com\/fr\/wp-json\/wp\/v2\/product_cat?post=4440"},{"taxonomy":"product_tag","embeddable":true,"href":"https:\/\/www.drrashel-bbg.com\/fr\/wp-json\/wp\/v2\/product_tag?post=4440"}],"curies":[{"name":"wp","href":"https:\/\/api.w.org\/{rel}","templated":true}]}}