{"id":4477,"date":"2025-10-24T15:00:39","date_gmt":"2025-10-24T07:00:39","guid":{"rendered":"https:\/\/www.drrashel-bbg.com\/?post_type=product&#038;p=4477"},"modified":"2026-01-04T15:44:27","modified_gmt":"2026-01-04T07:44:27","slug":"black-charcoal-deep-cleansing-nose-strips","status":"publish","type":"product","link":"https:\/\/www.drrashel-bbg.com\/fr\/special-facial-care\/black-charcoal-deep-cleansing-nose-strips\/","title":{"rendered":"Carb\u00f3 negre profund neteja nas tiras"},"content":{"rendered":"<p><img fetchpriority=\"high\" decoding=\"async\" class=\"aligncenter wp-image-4484\" src=\"https:\/\/www.drrashel-bbg.com\/wp-content\/uploads\/2025\/10\/DRL-1702-2.jpg\" alt=\"\" width=\"1300\" height=\"2759\" srcset=\"https:\/\/www.drrashel-bbg.com\/wp-content\/uploads\/2025\/10\/DRL-1702-2.jpg 750w, https:\/\/www.drrashel-bbg.com\/wp-content\/uploads\/2025\/10\/DRL-1702-2-141x300.jpg 141w, https:\/\/www.drrashel-bbg.com\/wp-content\/uploads\/2025\/10\/DRL-1702-2-482x1024.jpg 482w, https:\/\/www.drrashel-bbg.com\/wp-content\/uploads\/2025\/10\/DRL-1702-2-724x1536.jpg 724w, https:\/\/www.drrashel-bbg.com\/wp-content\/uploads\/2025\/10\/DRL-1702-2-600x1274.jpg 600w\" sizes=\"(max-width: 1300px) 100vw, 1300px\" \/> <img decoding=\"async\" class=\"aligncenter wp-image-4485\" src=\"https:\/\/www.drrashel-bbg.com\/wp-content\/uploads\/2025\/10\/DRL-1702-3.jpg\" alt=\"\" width=\"1300\" height=\"2080\" srcset=\"https:\/\/www.drrashel-bbg.com\/wp-content\/uploads\/2025\/10\/DRL-1702-3.jpg 750w, https:\/\/www.drrashel-bbg.com\/wp-content\/uploads\/2025\/10\/DRL-1702-3-188x300.jpg 188w, https:\/\/www.drrashel-bbg.com\/wp-content\/uploads\/2025\/10\/DRL-1702-3-640x1024.jpg 640w, https:\/\/www.drrashel-bbg.com\/wp-content\/uploads\/2025\/10\/DRL-1702-3-600x960.jpg 600w\" sizes=\"(max-width: 1300px) 100vw, 1300px\" \/> <img decoding=\"async\" class=\"aligncenter wp-image-4486\" src=\"https:\/\/www.drrashel-bbg.com\/wp-content\/uploads\/2025\/10\/DRL-1702-4.jpg\" alt=\"\" width=\"1300\" height=\"1674\" srcset=\"https:\/\/www.drrashel-bbg.com\/wp-content\/uploads\/2025\/10\/DRL-1702-4.jpg 750w, https:\/\/www.drrashel-bbg.com\/wp-content\/uploads\/2025\/10\/DRL-1702-4-233x300.jpg 233w, https:\/\/www.drrashel-bbg.com\/wp-content\/uploads\/2025\/10\/DRL-1702-4-600x773.jpg 600w\" sizes=\"(max-width: 1300px) 100vw, 1300px\" \/> <img loading=\"lazy\" decoding=\"async\" class=\"aligncenter wp-image-4487\" src=\"https:\/\/www.drrashel-bbg.com\/wp-content\/uploads\/2025\/10\/DRL-1702-5.jpg\" alt=\"\" width=\"1300\" height=\"1470\" srcset=\"https:\/\/www.drrashel-bbg.com\/wp-content\/uploads\/2025\/10\/DRL-1702-5.jpg 750w, https:\/\/www.drrashel-bbg.com\/wp-content\/uploads\/2025\/10\/DRL-1702-5-265x300.jpg 265w, https:\/\/www.drrashel-bbg.com\/wp-content\/uploads\/2025\/10\/DRL-1702-5-600x678.jpg 600w\" sizes=\"(max-width: 1300px) 100vw, 1300px\" \/> <img loading=\"lazy\" decoding=\"async\" class=\"aligncenter wp-image-4488\" src=\"https:\/\/www.drrashel-bbg.com\/wp-content\/uploads\/2025\/10\/DRL-1702-6.jpg\" alt=\"\" width=\"1300\" height=\"2109\" srcset=\"https:\/\/www.drrashel-bbg.com\/wp-content\/uploads\/2025\/10\/DRL-1702-6.jpg 750w, https:\/\/www.drrashel-bbg.com\/wp-content\/uploads\/2025\/10\/DRL-1702-6-185x300.jpg 185w, https:\/\/www.drrashel-bbg.com\/wp-content\/uploads\/2025\/10\/DRL-1702-6-631x1024.jpg 631w, https:\/\/www.drrashel-bbg.com\/wp-content\/uploads\/2025\/10\/DRL-1702-6-600x974.jpg 600w\" sizes=\"(max-width: 1300px) 100vw, 1300px\" \/> <img loading=\"lazy\" decoding=\"async\" class=\"aligncenter wp-image-4489\" src=\"https:\/\/www.drrashel-bbg.com\/wp-content\/uploads\/2025\/10\/DRL-1702-7.jpg\" alt=\"\" width=\"1300\" height=\"2265\" srcset=\"https:\/\/www.drrashel-bbg.com\/wp-content\/uploads\/2025\/10\/DRL-1702-7.jpg 750w, https:\/\/www.drrashel-bbg.com\/wp-content\/uploads\/2025\/10\/DRL-1702-7-172x300.jpg 172w, https:\/\/www.drrashel-bbg.com\/wp-content\/uploads\/2025\/10\/DRL-1702-7-588x1024.jpg 588w, https:\/\/www.drrashel-bbg.com\/wp-content\/uploads\/2025\/10\/DRL-1702-7-600x1046.jpg 600w\" sizes=\"(max-width: 1300px) 100vw, 1300px\" \/> <img loading=\"lazy\" decoding=\"async\" class=\"aligncenter wp-image-4490\" src=\"https:\/\/www.drrashel-bbg.com\/wp-content\/uploads\/2025\/10\/DRL-1702-8.jpg\" alt=\"\" width=\"1300\" height=\"2572\" srcset=\"https:\/\/www.drrashel-bbg.com\/wp-content\/uploads\/2025\/10\/DRL-1702-8.jpg 750w, https:\/\/www.drrashel-bbg.com\/wp-content\/uploads\/2025\/10\/DRL-1702-8-152x300.jpg 152w, https:\/\/www.drrashel-bbg.com\/wp-content\/uploads\/2025\/10\/DRL-1702-8-518x1024.jpg 518w, https:\/\/www.drrashel-bbg.com\/wp-content\/uploads\/2025\/10\/DRL-1702-8-600x1187.jpg 600w\" sizes=\"(max-width: 1300px) 100vw, 1300px\" \/> <img loading=\"lazy\" decoding=\"async\" class=\"aligncenter wp-image-4491\" src=\"https:\/\/www.drrashel-bbg.com\/wp-content\/uploads\/2025\/10\/DRL-1702-9.jpg\" alt=\"\" width=\"1300\" height=\"1671\" srcset=\"https:\/\/www.drrashel-bbg.com\/wp-content\/uploads\/2025\/10\/DRL-1702-9.jpg 750w, https:\/\/www.drrashel-bbg.com\/wp-content\/uploads\/2025\/10\/DRL-1702-9-233x300.jpg 233w, https:\/\/www.drrashel-bbg.com\/wp-content\/uploads\/2025\/10\/DRL-1702-9-600x771.jpg 600w\" sizes=\"(max-width: 1300px) 100vw, 1300px\" \/> <img loading=\"lazy\" decoding=\"async\" class=\"aligncenter wp-image-4492\" src=\"https:\/\/www.drrashel-bbg.com\/wp-content\/uploads\/2025\/10\/DRL-1702-10.jpg\" alt=\"\" width=\"1300\" height=\"3855\" srcset=\"https:\/\/www.drrashel-bbg.com\/wp-content\/uploads\/2025\/10\/DRL-1702-10.jpg 750w, https:\/\/www.drrashel-bbg.com\/wp-content\/uploads\/2025\/10\/DRL-1702-10-101x300.jpg 101w, https:\/\/www.drrashel-bbg.com\/wp-content\/uploads\/2025\/10\/DRL-1702-10-345x1024.jpg 345w, https:\/\/www.drrashel-bbg.com\/wp-content\/uploads\/2025\/10\/DRL-1702-10-518x1536.jpg 518w, https:\/\/www.drrashel-bbg.com\/wp-content\/uploads\/2025\/10\/DRL-1702-10-691x2048.jpg 691w, https:\/\/www.drrashel-bbg.com\/wp-content\/uploads\/2025\/10\/DRL-1702-10-600x1779.jpg 600w\" sizes=\"(max-width: 1300px) 100vw, 1300px\" \/> <img loading=\"lazy\" decoding=\"async\" class=\"aligncenter wp-image-4493\" src=\"https:\/\/www.drrashel-bbg.com\/wp-content\/uploads\/2025\/10\/DRL-1702-11.jpg\" alt=\"\" width=\"1300\" height=\"3864\" srcset=\"https:\/\/www.drrashel-bbg.com\/wp-content\/uploads\/2025\/10\/DRL-1702-11.jpg 750w, https:\/\/www.drrashel-bbg.com\/wp-content\/uploads\/2025\/10\/DRL-1702-11-101x300.jpg 101w, https:\/\/www.drrashel-bbg.com\/wp-content\/uploads\/2025\/10\/DRL-1702-11-345x1024.jpg 345w, https:\/\/www.drrashel-bbg.com\/wp-content\/uploads\/2025\/10\/DRL-1702-11-517x1536.jpg 517w, https:\/\/www.drrashel-bbg.com\/wp-content\/uploads\/2025\/10\/DRL-1702-11-689x2048.jpg 689w, https:\/\/www.drrashel-bbg.com\/wp-content\/uploads\/2025\/10\/DRL-1702-11-600x1783.jpg 600w\" sizes=\"(max-width: 1300px) 100vw, 1300px\" \/> <img loading=\"lazy\" decoding=\"async\" class=\"aligncenter wp-image-4494\" src=\"https:\/\/www.drrashel-bbg.com\/wp-content\/uploads\/2025\/10\/DRL-1702-12.jpg\" alt=\"\" width=\"1300\" height=\"1685\" srcset=\"https:\/\/www.drrashel-bbg.com\/wp-content\/uploads\/2025\/10\/DRL-1702-12.jpg 750w, https:\/\/www.drrashel-bbg.com\/wp-content\/uploads\/2025\/10\/DRL-1702-12-231x300.jpg 231w, https:\/\/www.drrashel-bbg.com\/wp-content\/uploads\/2025\/10\/DRL-1702-12-600x778.jpg 600w\" sizes=\"(max-width: 1300px) 100vw, 1300px\" \/> <img loading=\"lazy\" decoding=\"async\" class=\"aligncenter wp-image-4495\" src=\"https:\/\/www.drrashel-bbg.com\/wp-content\/uploads\/2025\/10\/DRL-1702-13.jpg\" alt=\"\" width=\"1300\" height=\"1102\" srcset=\"https:\/\/www.drrashel-bbg.com\/wp-content\/uploads\/2025\/10\/DRL-1702-13.jpg 750w, https:\/\/www.drrashel-bbg.com\/wp-content\/uploads\/2025\/10\/DRL-1702-13-300x254.jpg 300w, https:\/\/www.drrashel-bbg.com\/wp-content\/uploads\/2025\/10\/DRL-1702-13-600x509.jpg 600w\" sizes=\"(max-width: 1300px) 100vw, 1300px\" \/> <img loading=\"lazy\" decoding=\"async\" class=\"aligncenter wp-image-4496\" src=\"https:\/\/www.drrashel-bbg.com\/wp-content\/uploads\/2025\/10\/DRL-1702-14.jpg\" alt=\"\" width=\"1300\" height=\"2898\" srcset=\"https:\/\/www.drrashel-bbg.com\/wp-content\/uploads\/2025\/10\/DRL-1702-14.jpg 750w, https:\/\/www.drrashel-bbg.com\/wp-content\/uploads\/2025\/10\/DRL-1702-14-135x300.jpg 135w, https:\/\/www.drrashel-bbg.com\/wp-content\/uploads\/2025\/10\/DRL-1702-14-459x1024.jpg 459w, https:\/\/www.drrashel-bbg.com\/wp-content\/uploads\/2025\/10\/DRL-1702-14-689x1536.jpg 689w, https:\/\/www.drrashel-bbg.com\/wp-content\/uploads\/2025\/10\/DRL-1702-14-600x1338.jpg 600w\" sizes=\"(max-width: 1300px) 100vw, 1300px\" \/><\/p>\n<p>&nbsp;<\/p>\n<p><strong><b>Beneficis del producte:<\/b><\/strong><\/p>\n<p>Tratament de neteja en un pas dissenyat espec\u00edficament per desbloquejar els poros i eliminar els punts negres no desitjats. Les tires de neteja del nas del carb\u00f3 eliminen la brut\u00edcia i l'oli que obstruixen els pors, deixant la pell clara i lisa. Sentir\u00e0s una difer\u00e8ncia dram\u00e0tica despr\u00e9s d'un sol \u00fas, i l'\u00fas continuat de tires de poros nasals funciona per endurir els poros, mantenint la pell aparent i sentint-se fresca.<\/p>\n<p>&nbsp;<\/p>\n<p><strong><b>Ingredients i tecnologies principals:<\/b><\/strong><\/p>\n<p>INGREDIENTS ESTRELLES<\/p>\n<p>POLS DE CARCOL- Pot absorbir l'exc\u00e9s d'oli i brutesa, netejar profundament els poros i exfoliar suavement.<\/p>\n<p>INGREDIENTS COMPLETS<\/p>\n<p>aigua<\/p>\n<p>ALCOHOL<\/p>\n<p>Pols de carb\u00f3<\/p>\n<p>GLICERINA<\/p>\n<p>S\u00f2l volc\u00e0nic<\/p>\n<p>AROMA<\/p>\n<p>&nbsp;<\/p>\n<p><strong><b>Com utilitzar:<\/b><\/strong><\/p>\n<p>Renteu-vos la cara abans d'aplicar la tira de poros. Neteja la cara amb un detergent desitjat. Seca la cara. Obre el paquet i la tira de pelatge de revestiment de pl\u00e0stic. Apliqueu la tira i humideu el nas amb aigua o la tira no s'enganxar\u00e0 i pot no ser efica\u00e7. Deixeu que la tira s'assequi durant 5-10 minuts. Lentament i amb cura, descascar la tira, comen\u00e7ant per les voras i tirant cap al centre del nas. Esborreu els residus amb aigua. Segueix amb hidratant.<\/p>\n<p><strong><b>\u00a0<\/b><\/strong><\/p>\n<p><strong><b>Introducci\u00f3 de la marca:<\/b><\/strong><\/p>\n<p>DR\u00b7RASHEL va ser fundada el 1989 pel senyor BAKRI, un mestre de cura de la pell, amb trenta anys d'experi\u00e8ncia en productes. Centrat en la salut, el senyor BAKRI va desenvolupar f\u00f3rmules precises per als ingredients naturals per maximitzar la salut de la pell i la radiaci\u00f3 vibrant, un principi aplicat en l'\u00e0mplia gamma de productes de cura de la pell de DR\u00b7RASHEL.<\/p>\n<p>Els productes DR\u00b7RASHEL es distribueixen per tot el m\u00f3n i s\u00f3n rebuts per clients en cinc continents, m\u00e9s espec\u00edficament, a l'Orient Mitj\u00e0, Am\u00e8rica del Sud i Europa.<\/p>\n<p>Exportem a m\u00e9s de 100 pa\u00efsos, incloent els Emirats \u00c0rabs Units, R\u00fassia, Am\u00e8rica, M\u00e8xic, Austr\u00e0lia, Ar\u00e0bia Saudita, Brasil, \u00cdndia i Sud-\u00e0frica.<\/p>\n<p>Tenim ISO, GMPC American European Union Internacional autorit\u00e0ria doble certificaci\u00f3, avan\u00e7ada R &amp; amp; D equip de prova, milers de f\u00f3rmules madures i equip de vendes d'alta efici\u00e8ncia i superioritat de preu competitiu. Les nostres categories de productes s\u00f3n: productes de cura de la pell, productes de maquillatge, productes de rentat i cura.<\/p>\n<p>&nbsp;<\/p>\n<p><strong><b>Preguntes freq\u00fcents:<\/b><\/strong><\/p>\n<p>P: Quina \u00e9s la funci\u00f3 principal d'aquesta tira de nas de carb\u00f3 de bamb\u00fa?<\/p>\n<p>R: Aquesta tira nasal pot netejar profundament els poros, absorbir efectivament els punts negres i encollir els poros.<\/p>\n<p>P: Quins s\u00f3n els principals ingredients?<\/p>\n<p>R: L'ingredient principal \u00e9s la pols de carb\u00f3 de bamb\u00fa natural, que t\u00e9 una estructura porosa per aconseguir una forta adsorci\u00f3.<\/p>","protected":false},"excerpt":{"rendered":"<p>Aquesta tira nasal de neteja profunda de carb\u00f3 de bamb\u00fa absorbeix impureses dels poros, desbloqueja els poros, elimina els punts negres, millora els poros rugosos, purifica i calma la pell, deixant les foses nasals lisses com ous.<\/p>\n<p>N\u00famero de s\u00e8rie: DRL-1702<\/p>\n<p>Tipus de pell aplicable: Adequat per a tots els tipus de pell, especialment aquells amb poros rugosos i pell grassa.<\/p>\n<p>Capacitat del producte: 6pcs \/ caixa<\/p>","protected":false},"featured_media":4478,"comment_status":"closed","ping_status":"closed","template":"","meta":[],"product_brand":[],"product_cat":[15,121],"product_tag":[],"class_list":{"0":"post-4477","1":"product","2":"type-product","3":"status-publish","4":"has-post-thumbnail","6":"product_cat-face-care","7":"product_cat-special-facial-care","9":"first","10":"instock","11":"shipping-taxable","12":"product-type-simple"},"_links":{"self":[{"href":"https:\/\/www.drrashel-bbg.com\/fr\/wp-json\/wp\/v2\/product\/4477","targetHints":{"allow":["GET"]}}],"collection":[{"href":"https:\/\/www.drrashel-bbg.com\/fr\/wp-json\/wp\/v2\/product"}],"about":[{"href":"https:\/\/www.drrashel-bbg.com\/fr\/wp-json\/wp\/v2\/types\/product"}],"replies":[{"embeddable":true,"href":"https:\/\/www.drrashel-bbg.com\/fr\/wp-json\/wp\/v2\/comments?post=4477"}],"wp:featuredmedia":[{"embeddable":true,"href":"https:\/\/www.drrashel-bbg.com\/fr\/wp-json\/wp\/v2\/media\/4478"}],"wp:attachment":[{"href":"https:\/\/www.drrashel-bbg.com\/fr\/wp-json\/wp\/v2\/media?parent=4477"}],"wp:term":[{"taxonomy":"product_brand","embeddable":true,"href":"https:\/\/www.drrashel-bbg.com\/fr\/wp-json\/wp\/v2\/product_brand?post=4477"},{"taxonomy":"product_cat","embeddable":true,"href":"https:\/\/www.drrashel-bbg.com\/fr\/wp-json\/wp\/v2\/product_cat?post=4477"},{"taxonomy":"product_tag","embeddable":true,"href":"https:\/\/www.drrashel-bbg.com\/fr\/wp-json\/wp\/v2\/product_tag?post=4477"}],"curies":[{"name":"wp","href":"https:\/\/api.w.org\/{rel}","templated":true}]}}