{"id":4498,"date":"2025-10-24T15:10:36","date_gmt":"2025-10-24T07:10:36","guid":{"rendered":"https:\/\/www.drrashel-bbg.com\/?post_type=product&#038;p=4498"},"modified":"2026-01-04T15:41:55","modified_gmt":"2026-01-04T07:41:55","slug":"complete-facial-serum-set-vitamin-c-serum-hyaluronic-acid-serum-retinol-serum-3-pack","status":"publish","type":"product","link":"https:\/\/www.drrashel-bbg.com\/fr\/serum-essences\/complete-facial-serum-set-vitamin-c-serum-hyaluronic-acid-serum-retinol-serum-3-pack\/","title":{"rendered":"Conjunt complet de s\u00e9rum facial Serum de vitamina C, s\u00e9rum d'\u00e0cid hialur\u00f2nic, s\u00e9rum de retinol 3 paquets"},"content":{"rendered":"<p><img fetchpriority=\"high\" decoding=\"async\" class=\"aligncenter wp-image-4507\" src=\"https:\/\/www.drrashel-bbg.com\/wp-content\/uploads\/2025\/10\/DRL-1616-2.jpg\" alt=\"\" width=\"1300\" height=\"2135\" srcset=\"https:\/\/www.drrashel-bbg.com\/wp-content\/uploads\/2025\/10\/DRL-1616-2.jpg 750w, https:\/\/www.drrashel-bbg.com\/wp-content\/uploads\/2025\/10\/DRL-1616-2-183x300.jpg 183w, https:\/\/www.drrashel-bbg.com\/wp-content\/uploads\/2025\/10\/DRL-1616-2-623x1024.jpg 623w, https:\/\/www.drrashel-bbg.com\/wp-content\/uploads\/2025\/10\/DRL-1616-2-600x986.jpg 600w\" sizes=\"(max-width: 1300px) 100vw, 1300px\" \/> <img decoding=\"async\" class=\"aligncenter wp-image-4508\" src=\"https:\/\/www.drrashel-bbg.com\/wp-content\/uploads\/2025\/10\/DRL-1616-3.jpg\" alt=\"\" width=\"1300\" height=\"1794\" srcset=\"https:\/\/www.drrashel-bbg.com\/wp-content\/uploads\/2025\/10\/DRL-1616-3.jpg 750w, https:\/\/www.drrashel-bbg.com\/wp-content\/uploads\/2025\/10\/DRL-1616-3-217x300.jpg 217w, https:\/\/www.drrashel-bbg.com\/wp-content\/uploads\/2025\/10\/DRL-1616-3-742x1024.jpg 742w, https:\/\/www.drrashel-bbg.com\/wp-content\/uploads\/2025\/10\/DRL-1616-3-600x828.jpg 600w\" sizes=\"(max-width: 1300px) 100vw, 1300px\" \/> <img decoding=\"async\" class=\"aligncenter wp-image-4509\" src=\"https:\/\/www.drrashel-bbg.com\/wp-content\/uploads\/2025\/10\/DRL-1616-4.jpg\" alt=\"\" width=\"1300\" height=\"1858\" srcset=\"https:\/\/www.drrashel-bbg.com\/wp-content\/uploads\/2025\/10\/DRL-1616-4.jpg 750w, https:\/\/www.drrashel-bbg.com\/wp-content\/uploads\/2025\/10\/DRL-1616-4-210x300.jpg 210w, https:\/\/www.drrashel-bbg.com\/wp-content\/uploads\/2025\/10\/DRL-1616-4-716x1024.jpg 716w, https:\/\/www.drrashel-bbg.com\/wp-content\/uploads\/2025\/10\/DRL-1616-4-600x858.jpg 600w\" sizes=\"(max-width: 1300px) 100vw, 1300px\" \/> <img loading=\"lazy\" decoding=\"async\" class=\"aligncenter wp-image-4510\" src=\"https:\/\/www.drrashel-bbg.com\/wp-content\/uploads\/2025\/10\/DRL-1616-5.jpg\" alt=\"\" width=\"1300\" height=\"1454\" srcset=\"https:\/\/www.drrashel-bbg.com\/wp-content\/uploads\/2025\/10\/DRL-1616-5.jpg 750w, https:\/\/www.drrashel-bbg.com\/wp-content\/uploads\/2025\/10\/DRL-1616-5-268x300.jpg 268w, https:\/\/www.drrashel-bbg.com\/wp-content\/uploads\/2025\/10\/DRL-1616-5-600x671.jpg 600w\" sizes=\"(max-width: 1300px) 100vw, 1300px\" \/> <img loading=\"lazy\" decoding=\"async\" class=\"aligncenter wp-image-4511\" src=\"https:\/\/www.drrashel-bbg.com\/wp-content\/uploads\/2025\/10\/DRL-1616-6.jpg\" alt=\"\" width=\"1300\" height=\"1508\" srcset=\"https:\/\/www.drrashel-bbg.com\/wp-content\/uploads\/2025\/10\/DRL-1616-6.jpg 750w, https:\/\/www.drrashel-bbg.com\/wp-content\/uploads\/2025\/10\/DRL-1616-6-259x300.jpg 259w, https:\/\/www.drrashel-bbg.com\/wp-content\/uploads\/2025\/10\/DRL-1616-6-600x696.jpg 600w\" sizes=\"(max-width: 1300px) 100vw, 1300px\" \/> <img loading=\"lazy\" decoding=\"async\" class=\"aligncenter wp-image-4512\" src=\"https:\/\/www.drrashel-bbg.com\/wp-content\/uploads\/2025\/10\/DRL-1616-7.jpg\" alt=\"\" width=\"1300\" height=\"1789\" srcset=\"https:\/\/www.drrashel-bbg.com\/wp-content\/uploads\/2025\/10\/DRL-1616-7.jpg 750w, https:\/\/www.drrashel-bbg.com\/wp-content\/uploads\/2025\/10\/DRL-1616-7-218x300.jpg 218w, https:\/\/www.drrashel-bbg.com\/wp-content\/uploads\/2025\/10\/DRL-1616-7-744x1024.jpg 744w, https:\/\/www.drrashel-bbg.com\/wp-content\/uploads\/2025\/10\/DRL-1616-7-600x826.jpg 600w\" sizes=\"(max-width: 1300px) 100vw, 1300px\" \/> <img loading=\"lazy\" decoding=\"async\" class=\"aligncenter wp-image-4513\" src=\"https:\/\/www.drrashel-bbg.com\/wp-content\/uploads\/2025\/10\/DRL-1616-8.jpg\" alt=\"\" width=\"1300\" height=\"1740\" srcset=\"https:\/\/www.drrashel-bbg.com\/wp-content\/uploads\/2025\/10\/DRL-1616-8.jpg 750w, https:\/\/www.drrashel-bbg.com\/wp-content\/uploads\/2025\/10\/DRL-1616-8-224x300.jpg 224w, https:\/\/www.drrashel-bbg.com\/wp-content\/uploads\/2025\/10\/DRL-1616-8-600x803.jpg 600w\" sizes=\"(max-width: 1300px) 100vw, 1300px\" \/> <img loading=\"lazy\" decoding=\"async\" class=\"aligncenter wp-image-4514\" src=\"https:\/\/www.drrashel-bbg.com\/wp-content\/uploads\/2025\/10\/DRL-1616-9.jpg\" alt=\"\" width=\"1300\" height=\"2780\" srcset=\"https:\/\/www.drrashel-bbg.com\/wp-content\/uploads\/2025\/10\/DRL-1616-9.jpg 750w, https:\/\/www.drrashel-bbg.com\/wp-content\/uploads\/2025\/10\/DRL-1616-9-140x300.jpg 140w, https:\/\/www.drrashel-bbg.com\/wp-content\/uploads\/2025\/10\/DRL-1616-9-479x1024.jpg 479w, https:\/\/www.drrashel-bbg.com\/wp-content\/uploads\/2025\/10\/DRL-1616-9-718x1536.jpg 718w, https:\/\/www.drrashel-bbg.com\/wp-content\/uploads\/2025\/10\/DRL-1616-9-600x1283.jpg 600w\" sizes=\"(max-width: 1300px) 100vw, 1300px\" \/> <img loading=\"lazy\" decoding=\"async\" class=\"aligncenter wp-image-4515\" src=\"https:\/\/www.drrashel-bbg.com\/wp-content\/uploads\/2025\/10\/DRL-1616-10.jpg\" alt=\"\" width=\"1300\" height=\"2600\" srcset=\"https:\/\/www.drrashel-bbg.com\/wp-content\/uploads\/2025\/10\/DRL-1616-10.jpg 750w, https:\/\/www.drrashel-bbg.com\/wp-content\/uploads\/2025\/10\/DRL-1616-10-150x300.jpg 150w, https:\/\/www.drrashel-bbg.com\/wp-content\/uploads\/2025\/10\/DRL-1616-10-512x1024.jpg 512w, https:\/\/www.drrashel-bbg.com\/wp-content\/uploads\/2025\/10\/DRL-1616-10-600x1200.jpg 600w\" sizes=\"(max-width: 1300px) 100vw, 1300px\" \/> <img loading=\"lazy\" decoding=\"async\" class=\"aligncenter wp-image-4516\" src=\"https:\/\/www.drrashel-bbg.com\/wp-content\/uploads\/2025\/10\/DRL-1616-11.jpg\" alt=\"\" width=\"1300\" height=\"2456\" srcset=\"https:\/\/www.drrashel-bbg.com\/wp-content\/uploads\/2025\/10\/DRL-1616-11.jpg 750w, https:\/\/www.drrashel-bbg.com\/wp-content\/uploads\/2025\/10\/DRL-1616-11-159x300.jpg 159w, https:\/\/www.drrashel-bbg.com\/wp-content\/uploads\/2025\/10\/DRL-1616-11-542x1024.jpg 542w, https:\/\/www.drrashel-bbg.com\/wp-content\/uploads\/2025\/10\/DRL-1616-11-600x1134.jpg 600w\" sizes=\"(max-width: 1300px) 100vw, 1300px\" \/><\/p>\n<p>&nbsp;<\/p>\n<p><strong><b>Beneficis del producte:<\/b><\/strong><\/p>\n<p>El serum de vitamina C s'absorbeix r\u00e0pidament i combateix les l\u00ednies fines, les arrugues i els danys del sol. Es desvaneix les taques solars, la hiperpigmentaci\u00f3 i les cicatrius de l'acne, ajudant a il\u00b7luminar i equilibrar el to de la pell. El s\u00e8rum d'\u00e0cid hialur\u00f2nic augmenta la pell&#8217; s hidrataci\u00f3 i elasticitat, ajudant a suavitzar i suavitzar la pell. El s\u00e9rum de retinol combatr\u00e0 bosses sota els ulls, imperfeccions i corb&#8217; s peus, i tracta signes de danys solars, textura rugosa, arrugues i imperfeccions superficials.<\/p>\n<p>&nbsp;<\/p>\n<p><strong><b>Ingredients i tecnologies principals:<\/b><\/strong><\/p>\n<p>INGREDIENTS ESTRELLES<\/p>\n<p>VC ajuda a iluminar la pell i millorar la seva radiaci\u00f3. El hialuronat de sodi hidrata i embolca la pell, augmentant la seva humitat i elasticitat. El retinol suavitza la textura de la pell i combatr\u00e0 les arrugues.<\/p>\n<p>INGREDIENTS COMPLETS<\/p>\n<p>S\u00e8rum de vitamina C<\/p>\n<p>AQUA, \u00c0CID ASCORBIC 3-O-ETHIL, NIACINAMIDA, HIALURONAT DE SODI, COLLAGEN HIDROLIZAT<\/p>\n<p>S\u00e8rum d'\u00e0cid hialur\u00f2nic<\/p>\n<p>AQUA, \u00c0CID ASCORBIC 3-O-ETHIL, HIALURONAT DE SODIU, \u00c0CID POLIGLUTAMIC, COLLAGEN HIDROLIZAT, TOCOFEROL<\/p>\n<p>Serum de retinol<\/p>\n<p>AQUA, ACETAT DE TOCOFERIL, HIALURONAT DE SODI, COLLAGEN HIDROLIZAT, TOCOFEROL<\/p>\n<p>&nbsp;<\/p>\n<p><strong><b>Com utilitzar:<\/b><\/strong><\/p>\n<ol>\n<li>Rentar i assecar la pell.<\/li>\n<li>Apliqueu una capa fina de s\u00e8rum sobre la zona desitjada i deixeu assecar.<\/li>\n<\/ol>\n<p>Despr\u00e9s que el s\u00e8rum s'hagi assecat completament, apliqui el seu hidratant preferit.<\/p>\n<p>&nbsp;<\/p>\n<p><strong><b>Introducci\u00f3 de la marca:<\/b><\/strong><\/p>\n<p>DR\u00b7RASHEL va ser fundada el 1989 pel senyor BAKRI, un mestre de cura de la pell, amb trenta anys d'experi\u00e8ncia en productes. Centrat en la salut, el senyor BAKRI va desenvolupar f\u00f3rmules precises per als ingredients naturals per maximitzar la salut de la pell i la radiaci\u00f3 vibrant, un principi aplicat en l'\u00e0mplia gamma de productes de cura de la pell de DR\u00b7RASHEL.<\/p>\n<p>Els productes DR\u00b7RASHEL es distribueixen per tot el m\u00f3n i s\u00f3n rebuts per clients en cinc continents, m\u00e9s espec\u00edficament, a l'Orient Mitj\u00e0, Am\u00e8rica del Sud i Europa.<\/p>\n<p>Exportem a m\u00e9s de 100 pa\u00efsos, incloent els Emirats \u00c0rabs Units, R\u00fassia, Am\u00e8rica, M\u00e8xic, Austr\u00e0lia, Ar\u00e0bia Saudita, Brasil, \u00cdndia i Sud-\u00e0frica.<\/p>\n<p>Tenim ISO, GMPC American European Union Internacional autorit\u00e0ria doble certificaci\u00f3, avan\u00e7ada R &amp; amp; D equip de prova, milers de f\u00f3rmules madures i equip de vendes d'alta efici\u00e8ncia i superioritat de preu competitiu. Les nostres categories de productes s\u00f3n: productes de cura de la pell, productes de maquillatge, productes de rentat i cura.<\/p>\n<p>&nbsp;<\/p>\n<p><strong><b>Preguntes freq\u00fcents:<\/b><\/strong><\/p>\n<p>P: Quines s\u00f3n les funcions principals d'aquestes tres ampolles d'ess\u00e8ncia?<\/p>\n<p>A: Serum de vitamina C es centra en l'antioxidaci\u00f3 i el brillant de la pell, serum d'\u00e0cid hialur\u00f2nic es centra en la hidrataci\u00f3 i el plongement de la cara, i serum de retinol es centra en l'anti-envelliment.<\/p>\n<p>P: Per qu\u00e8 combinar aquestes tres ess\u00e8ncies juntes?<\/p>\n<p>A: VC VA \u00e9s un cicle perfecte per aconseguir &#8220; protecci\u00f3 diurna, reparaci\u00f3 nocturna&#8221; L'\u00e0cid hialur\u00f2nic t\u00e9 una excel\u00b7lent capacitat hidratant i calmant, que pot amortiguar efectivament aquesta irritaci\u00f3, mantenint la pell hidratada i sana mentre proporciona una cura eficient de la pell.<\/p>","protected":false},"excerpt":{"rendered":"<p>El conjunt complet de s\u00e9rum facial Serum de vitamina C, s\u00e9rum d'\u00e0cid hialur\u00f2nic, s\u00e9rum de retinol 3 paquets poden ajudar a hidratar, brillant i fins i tot el to de la pell, alhora que tamb\u00e9 tenen funcions anti-envelliment i endureciment.<\/p>\n<p>N\u00famero de s\u00e8rie: DRL-1616<\/p>\n<p>Tipus de pell aplicable: Adequat per a tot tipus de pell.<\/p>\n<p>Capacitat del producte: 3pcs * 30ml.<\/p>","protected":false},"featured_media":4501,"comment_status":"closed","ping_status":"closed","template":"","meta":[],"product_brand":[],"product_cat":[15,115],"product_tag":[],"class_list":{"0":"post-4498","1":"product","2":"type-product","3":"status-publish","4":"has-post-thumbnail","6":"product_cat-face-care","7":"product_cat-serum-essences","9":"first","10":"instock","11":"shipping-taxable","12":"product-type-simple"},"_links":{"self":[{"href":"https:\/\/www.drrashel-bbg.com\/fr\/wp-json\/wp\/v2\/product\/4498","targetHints":{"allow":["GET"]}}],"collection":[{"href":"https:\/\/www.drrashel-bbg.com\/fr\/wp-json\/wp\/v2\/product"}],"about":[{"href":"https:\/\/www.drrashel-bbg.com\/fr\/wp-json\/wp\/v2\/types\/product"}],"replies":[{"embeddable":true,"href":"https:\/\/www.drrashel-bbg.com\/fr\/wp-json\/wp\/v2\/comments?post=4498"}],"wp:featuredmedia":[{"embeddable":true,"href":"https:\/\/www.drrashel-bbg.com\/fr\/wp-json\/wp\/v2\/media\/4501"}],"wp:attachment":[{"href":"https:\/\/www.drrashel-bbg.com\/fr\/wp-json\/wp\/v2\/media?parent=4498"}],"wp:term":[{"taxonomy":"product_brand","embeddable":true,"href":"https:\/\/www.drrashel-bbg.com\/fr\/wp-json\/wp\/v2\/product_brand?post=4498"},{"taxonomy":"product_cat","embeddable":true,"href":"https:\/\/www.drrashel-bbg.com\/fr\/wp-json\/wp\/v2\/product_cat?post=4498"},{"taxonomy":"product_tag","embeddable":true,"href":"https:\/\/www.drrashel-bbg.com\/fr\/wp-json\/wp\/v2\/product_tag?post=4498"}],"curies":[{"name":"wp","href":"https:\/\/api.w.org\/{rel}","templated":true}]}}