{"id":4518,"date":"2025-10-24T15:42:56","date_gmt":"2025-10-24T07:42:56","guid":{"rendered":"https:\/\/www.drrashel-bbg.com\/?post_type=product&#038;p=4518"},"modified":"2026-01-04T15:39:21","modified_gmt":"2026-01-04T07:39:21","slug":"hyaluronic-acid-ultra-hydrating-skin-care-set","status":"publish","type":"product","link":"https:\/\/www.drrashel-bbg.com\/fr\/facial-care-sets\/hyaluronic-acid-ultra-hydrating-skin-care-set\/","title":{"rendered":"Set de cura de la pell ultra hidratant d'\u00e0cid hialur\u00f2nic"},"content":{"rendered":"<p><img fetchpriority=\"high\" decoding=\"async\" class=\"aligncenter wp-image-4524\" src=\"https:\/\/www.drrashel-bbg.com\/wp-content\/uploads\/2025\/10\/DRL-1965-2.jpg\" alt=\"\" width=\"1300\" height=\"1652\" srcset=\"https:\/\/www.drrashel-bbg.com\/wp-content\/uploads\/2025\/10\/DRL-1965-2.jpg 790w, https:\/\/www.drrashel-bbg.com\/wp-content\/uploads\/2025\/10\/DRL-1965-2-236x300.jpg 236w, https:\/\/www.drrashel-bbg.com\/wp-content\/uploads\/2025\/10\/DRL-1965-2-768x976.jpg 768w, https:\/\/www.drrashel-bbg.com\/wp-content\/uploads\/2025\/10\/DRL-1965-2-600x763.jpg 600w\" sizes=\"(max-width: 1300px) 100vw, 1300px\" \/> <img decoding=\"async\" class=\"aligncenter wp-image-4525\" src=\"https:\/\/www.drrashel-bbg.com\/wp-content\/uploads\/2025\/10\/DRL-1965-3.jpg\" alt=\"\" width=\"1300\" height=\"1364\" srcset=\"https:\/\/www.drrashel-bbg.com\/wp-content\/uploads\/2025\/10\/DRL-1965-3.jpg 790w, https:\/\/www.drrashel-bbg.com\/wp-content\/uploads\/2025\/10\/DRL-1965-3-286x300.jpg 286w, https:\/\/www.drrashel-bbg.com\/wp-content\/uploads\/2025\/10\/DRL-1965-3-768x806.jpg 768w, https:\/\/www.drrashel-bbg.com\/wp-content\/uploads\/2025\/10\/DRL-1965-3-600x630.jpg 600w\" sizes=\"(max-width: 1300px) 100vw, 1300px\" \/> <img decoding=\"async\" class=\"aligncenter wp-image-4526\" src=\"https:\/\/www.drrashel-bbg.com\/wp-content\/uploads\/2025\/10\/DRL-1965-4.jpg\" alt=\"\" width=\"1300\" height=\"1642\" srcset=\"https:\/\/www.drrashel-bbg.com\/wp-content\/uploads\/2025\/10\/DRL-1965-4.jpg 790w, https:\/\/www.drrashel-bbg.com\/wp-content\/uploads\/2025\/10\/DRL-1965-4-237x300.jpg 237w, https:\/\/www.drrashel-bbg.com\/wp-content\/uploads\/2025\/10\/DRL-1965-4-768x970.jpg 768w, https:\/\/www.drrashel-bbg.com\/wp-content\/uploads\/2025\/10\/DRL-1965-4-600x758.jpg 600w\" sizes=\"(max-width: 1300px) 100vw, 1300px\" \/> <img loading=\"lazy\" decoding=\"async\" class=\"aligncenter wp-image-4527\" src=\"https:\/\/www.drrashel-bbg.com\/wp-content\/uploads\/2025\/10\/DRL-1965-5.jpg\" alt=\"\" width=\"1300\" height=\"1698\" srcset=\"https:\/\/www.drrashel-bbg.com\/wp-content\/uploads\/2025\/10\/DRL-1965-5.jpg 790w, https:\/\/www.drrashel-bbg.com\/wp-content\/uploads\/2025\/10\/DRL-1965-5-230x300.jpg 230w, https:\/\/www.drrashel-bbg.com\/wp-content\/uploads\/2025\/10\/DRL-1965-5-784x1024.jpg 784w, https:\/\/www.drrashel-bbg.com\/wp-content\/uploads\/2025\/10\/DRL-1965-5-768x1003.jpg 768w, https:\/\/www.drrashel-bbg.com\/wp-content\/uploads\/2025\/10\/DRL-1965-5-600x784.jpg 600w\" sizes=\"(max-width: 1300px) 100vw, 1300px\" \/> <img loading=\"lazy\" decoding=\"async\" class=\"aligncenter wp-image-4528\" src=\"https:\/\/www.drrashel-bbg.com\/wp-content\/uploads\/2025\/10\/DRL-1965-6.jpg\" alt=\"\" width=\"1300\" height=\"2039\" srcset=\"https:\/\/www.drrashel-bbg.com\/wp-content\/uploads\/2025\/10\/DRL-1965-6.jpg 790w, https:\/\/www.drrashel-bbg.com\/wp-content\/uploads\/2025\/10\/DRL-1965-6-191x300.jpg 191w, https:\/\/www.drrashel-bbg.com\/wp-content\/uploads\/2025\/10\/DRL-1965-6-653x1024.jpg 653w, https:\/\/www.drrashel-bbg.com\/wp-content\/uploads\/2025\/10\/DRL-1965-6-768x1204.jpg 768w, https:\/\/www.drrashel-bbg.com\/wp-content\/uploads\/2025\/10\/DRL-1965-6-600x941.jpg 600w\" sizes=\"(max-width: 1300px) 100vw, 1300px\" \/> <img loading=\"lazy\" decoding=\"async\" class=\"aligncenter wp-image-4529\" src=\"https:\/\/www.drrashel-bbg.com\/wp-content\/uploads\/2025\/10\/DRL-1965-7.jpg\" alt=\"\" width=\"1300\" height=\"2208\" srcset=\"https:\/\/www.drrashel-bbg.com\/wp-content\/uploads\/2025\/10\/DRL-1965-7.jpg 790w, https:\/\/www.drrashel-bbg.com\/wp-content\/uploads\/2025\/10\/DRL-1965-7-177x300.jpg 177w, https:\/\/www.drrashel-bbg.com\/wp-content\/uploads\/2025\/10\/DRL-1965-7-603x1024.jpg 603w, https:\/\/www.drrashel-bbg.com\/wp-content\/uploads\/2025\/10\/DRL-1965-7-768x1305.jpg 768w, https:\/\/www.drrashel-bbg.com\/wp-content\/uploads\/2025\/10\/DRL-1965-7-600x1019.jpg 600w\" sizes=\"(max-width: 1300px) 100vw, 1300px\" \/> <img loading=\"lazy\" decoding=\"async\" class=\"aligncenter wp-image-4530\" src=\"https:\/\/www.drrashel-bbg.com\/wp-content\/uploads\/2025\/10\/DRL-1965-8.jpg\" alt=\"\" width=\"1300\" height=\"1815\" srcset=\"https:\/\/www.drrashel-bbg.com\/wp-content\/uploads\/2025\/10\/DRL-1965-8.jpg 790w, https:\/\/www.drrashel-bbg.com\/wp-content\/uploads\/2025\/10\/DRL-1965-8-215x300.jpg 215w, https:\/\/www.drrashel-bbg.com\/wp-content\/uploads\/2025\/10\/DRL-1965-8-733x1024.jpg 733w, https:\/\/www.drrashel-bbg.com\/wp-content\/uploads\/2025\/10\/DRL-1965-8-768x1072.jpg 768w, https:\/\/www.drrashel-bbg.com\/wp-content\/uploads\/2025\/10\/DRL-1965-8-600x838.jpg 600w\" sizes=\"(max-width: 1300px) 100vw, 1300px\" \/> <img loading=\"lazy\" decoding=\"async\" class=\"aligncenter wp-image-4531\" src=\"https:\/\/www.drrashel-bbg.com\/wp-content\/uploads\/2025\/10\/DRL-1965-9.jpg\" alt=\"\" width=\"1300\" height=\"1906\" srcset=\"https:\/\/www.drrashel-bbg.com\/wp-content\/uploads\/2025\/10\/DRL-1965-9.jpg 790w, https:\/\/www.drrashel-bbg.com\/wp-content\/uploads\/2025\/10\/DRL-1965-9-205x300.jpg 205w, https:\/\/www.drrashel-bbg.com\/wp-content\/uploads\/2025\/10\/DRL-1965-9-699x1024.jpg 699w, https:\/\/www.drrashel-bbg.com\/wp-content\/uploads\/2025\/10\/DRL-1965-9-768x1126.jpg 768w, https:\/\/www.drrashel-bbg.com\/wp-content\/uploads\/2025\/10\/DRL-1965-9-600x879.jpg 600w\" sizes=\"(max-width: 1300px) 100vw, 1300px\" \/> <img loading=\"lazy\" decoding=\"async\" class=\"aligncenter wp-image-4532\" src=\"https:\/\/www.drrashel-bbg.com\/wp-content\/uploads\/2025\/10\/DRL-1965-10.jpg\" alt=\"\" width=\"1300\" height=\"1139\" srcset=\"https:\/\/www.drrashel-bbg.com\/wp-content\/uploads\/2025\/10\/DRL-1965-10.jpg 790w, https:\/\/www.drrashel-bbg.com\/wp-content\/uploads\/2025\/10\/DRL-1965-10-300x263.jpg 300w, https:\/\/www.drrashel-bbg.com\/wp-content\/uploads\/2025\/10\/DRL-1965-10-768x673.jpg 768w, https:\/\/www.drrashel-bbg.com\/wp-content\/uploads\/2025\/10\/DRL-1965-10-600x526.jpg 600w\" sizes=\"(max-width: 1300px) 100vw, 1300px\" \/> <img loading=\"lazy\" decoding=\"async\" class=\"aligncenter wp-image-4533\" src=\"https:\/\/www.drrashel-bbg.com\/wp-content\/uploads\/2025\/10\/DRL-1965-11.jpg\" alt=\"\" width=\"1300\" height=\"2391\" srcset=\"https:\/\/www.drrashel-bbg.com\/wp-content\/uploads\/2025\/10\/DRL-1965-11.jpg 790w, https:\/\/www.drrashel-bbg.com\/wp-content\/uploads\/2025\/10\/DRL-1965-11-163x300.jpg 163w, https:\/\/www.drrashel-bbg.com\/wp-content\/uploads\/2025\/10\/DRL-1965-11-557x1024.jpg 557w, https:\/\/www.drrashel-bbg.com\/wp-content\/uploads\/2025\/10\/DRL-1965-11-768x1413.jpg 768w, https:\/\/www.drrashel-bbg.com\/wp-content\/uploads\/2025\/10\/DRL-1965-11-600x1104.jpg 600w\" sizes=\"(max-width: 1300px) 100vw, 1300px\" \/> <img loading=\"lazy\" decoding=\"async\" class=\"aligncenter wp-image-4534\" src=\"https:\/\/www.drrashel-bbg.com\/wp-content\/uploads\/2025\/10\/DRL-1965-12.jpg\" alt=\"\" width=\"1300\" height=\"2189\" srcset=\"https:\/\/www.drrashel-bbg.com\/wp-content\/uploads\/2025\/10\/DRL-1965-12.jpg 790w, https:\/\/www.drrashel-bbg.com\/wp-content\/uploads\/2025\/10\/DRL-1965-12-178x300.jpg 178w, https:\/\/www.drrashel-bbg.com\/wp-content\/uploads\/2025\/10\/DRL-1965-12-608x1024.jpg 608w, https:\/\/www.drrashel-bbg.com\/wp-content\/uploads\/2025\/10\/DRL-1965-12-768x1293.jpg 768w, https:\/\/www.drrashel-bbg.com\/wp-content\/uploads\/2025\/10\/DRL-1965-12-600x1010.jpg 600w\" sizes=\"(max-width: 1300px) 100vw, 1300px\" \/><\/p>\n<p><strong><b>Beneficis del producte:<\/b><\/strong><\/p>\n<p><strong><b>Neteja facial hidratant d'\u00e0cid hialur\u00f2nic<\/b><\/strong>\u00a0Elimina la brutesa i l'oli, deixant la cara neta i suau. <strong><b>\u00c0cid hialur\u00f2nic t\u00f2ner facial ultra hidratant<\/b><\/strong>\u00a0enriquit amb \u00e0cid hialur\u00f2nic, nutreix i suavitza la pell, maximitzant la retenci\u00f3 d'humitat. <strong><b>S\u00e8rum facial hidratant d'\u00e0cid hialur\u00f2nic ultra<\/b><\/strong><strong><b>\u00a0<\/b><\/strong>dissenyat per hidratar la pell seca i refinar la textura de la pell, \u00e9s la teva opci\u00f3 perfecta per a la pell hidratada i radiant. <strong><b>Crema de dia hidratant d'\u00e0cid hialur\u00f2nic<\/b><\/strong>\u00a0proporciona una hidrataci\u00f3 de llarga durada, deixant que la pell es senti gruixuda, lisa i radiant. <strong><b>Protector solar hidratant d'\u00e0cid hialur\u00f2nic SPF50<\/b><\/strong>\u00a0\u00c9s la combinaci\u00f3 perfecta de cura de la pell i protecci\u00f3 solar. Enrichida amb \u00e0cid hialur\u00f2nic, no nom\u00e9s protegeix la pell dels raigs UV nocius, sin\u00f3 que tamb\u00e9 la mant\u00e9 hidratada i suau.<\/p>\n<p>&nbsp;<\/p>\n<p><strong><b>Ingredients i tecnologies principals:<\/b><\/strong><\/p>\n<p>INGREDIENTS ESTRELLES<\/p>\n<p><strong><b>HIALURONAT DE SODI<\/b><\/strong>\u00a0t\u00e9 un bon efecte hidratant, alhora que calma, anti-inflamatori i repara la barrera cut\u00e0nia.<\/p>\n<p>INGREDIENTS COMPLETS<\/p>\n<p><strong><b>Acid hialur\u00f2nic Ultra hidratant neteja facial<\/b><\/strong><\/p>\n<p>AQUA, GLICERINA, PANTENOL, EXTRACT DE FULLES DE CENTELLA ASIATICA, EXTRACT DE FULLES DE CENTELLA ASIATICA<\/p>\n<p><strong><b>\u00c0cid hialur\u00f2nic t\u00f2ner facial ultra hidratant<\/b><\/strong><\/p>\n<p>AQUA, PANTENOL, EXTRACT DE FULLES DE CENTELLA ASIATICA, CERAMIDA NP, HIALURONAT DE SODI<\/p>\n<p><strong><b>S\u00e8rum facial hidratant d'\u00e0cid hialur\u00f2nic ultra<\/b><\/strong><\/p>\n<p>AQUA, PANTENOL, NIACINAMIDA, EXTRACT DE FULLES DE CENTELLA ASIATICA, HIALURONAT DE SODI<\/p>\n<p><strong><b>Crema de dia hidratant d'\u00e0cid hialur\u00f2nic<\/b><\/strong><\/p>\n<p>AQUA, GLICERINA, PANTENOL, HIALURONAT DE SODI, CERAMIDA NP, ALFA-ARBUTINA<\/p>\n<p><strong><b>Protector solar hidratant d'\u00e0cid hialur\u00f2nic SPF50<\/b><\/strong><\/p>\n<p>AQUA, GLICERINA, EXTRACT DE FULLES DE CENTELLA ASIATICA, \u00c0CID HIALUR\u00d3NIC, CERAMIDA NP<\/p>\n<p>&nbsp;<\/p>\n<p><strong><b>Com utilitzar:<\/b><\/strong><\/p>\n<p><strong><b>Acid hialur\u00f2nic Ultra hidratant neteja facial<\/b><\/strong><\/p>\n<p>Utilitzeu dues vegades al dia, estrimitz una petita quantitat a les mans i treballeu en una rica espuma Massatge sobre la cara humida, eviteu el contacte amb els ulls, esborreu a fons amb aigua.<\/p>\n<p><strong><b>\u00c0cid hialur\u00f2nic t\u00f2ner facial ultra hidratant<\/b><\/strong><\/p>\n<p>Renteu-vos la cara, preneu la quantitat adequada a la m\u00e0 i amb un flap suau fins que s'absorbeixi perfectament. O impregnar una almofada de cot\u00f3 amb t\u00f2ner i netejar suavement a trav\u00e9s de la cara, els ulls i el coll per netejar i tonificar.<\/p>\n<p><strong><b>S\u00e8rum facial hidratant d'\u00e0cid hialur\u00f2nic ultra<\/b><\/strong><\/p>\n<p>Utilitzat en la pell netejada, distribu\u00efr 3-4 gotes sobre la pell de la cara i el coll, comen\u00e7ant des del centre de la cara i treballant el seu cam\u00ed de sortida, i massatge suaument fins a ser totalment absorbit, utilitzat cada mat\u00ed i nit, sol o abans de la seva crema hidratant.<\/p>\n<p><strong><b>Crema de dia hidratant d'\u00e0cid hialur\u00f2nic<\/b><\/strong><\/p>\n<p>Aplicar cada dia en una cara i coll ben netejats despr\u00e9s del s\u00e8rum. Aplicar amb moviments circulars per a una millor absorci\u00f3. Evitar el contacte amb els ulls.<\/p>\n<p><strong><b>Protector solar hidratant d'\u00e0cid hialur\u00f2nic SPF50<\/b><\/strong><\/p>\n<p>En l'\u00faltim pas de la cura de la pell, estengui la quantitat adequada del producte sobre la cara i el cos que s\u00f3n propensos a estar exposats als raigs ultraviolats. Repetir l'aplicaci\u00f3 cada 2 hores.<\/p>\n<p><strong><b>\u00a0<\/b><\/strong><\/p>\n<p><strong><b>Introducci\u00f3 de la marca:<\/b><\/strong><\/p>\n<p>DR\u00b7RASHEL va ser fundada el 1989 pel senyor BAKRI, un mestre de cura de la pell, amb trenta anys d'experi\u00e8ncia en productes. Centrat en la salut, el senyor BAKRI va desenvolupar f\u00f3rmules precises per als ingredients naturals per maximitzar la salut de la pell i la radiaci\u00f3 vibrant, un principi aplicat en l'\u00e0mplia gamma de productes de cura de la pell de DR\u00b7RASHEL.<\/p>\n<p>Els productes DR\u00b7RASHEL es distribueixen per tot el m\u00f3n i s\u00f3n rebuts per clients en cinc continents, m\u00e9s espec\u00edficament, a l'Orient Mitj\u00e0, Am\u00e8rica del Sud i Europa.<\/p>\n<p>Exportem a m\u00e9s de 100 pa\u00efsos, incloent els Emirats \u00c0rabs Units, R\u00fassia, Am\u00e8rica, M\u00e8xic, Austr\u00e0lia, Ar\u00e0bia Saudita, Brasil, \u00cdndia i Sud-\u00e0frica.<\/p>\n<p>Tenim ISO, GMPC American European Union Internacional autorit\u00e0ria doble certificaci\u00f3, avan\u00e7ada R &amp; amp; D equip de prova, milers de f\u00f3rmules madures i equip de vendes d'alta efici\u00e8ncia i superioritat de preu competitiu. Les nostres categories de productes s\u00f3n: productes de cura de la pell, productes de maquillatge, productes de rentat i cura.<\/p>\n<p>&nbsp;<\/p>\n<p><strong><b>Preguntes freq\u00fcents:<\/b><\/strong><\/p>\n<p>P: Quins s\u00f3n els principals ingredients d'aquest producte de cura de la pell? Quins s\u00f3n els seus beneficis principals?<\/p>\n<p>R: L'ingredient principal d'aquest conjunt \u00e9s hialuronat de sodi, que est\u00e0 compost amb pantenol \/ ceramida \/ glicerina B5. Les seves principals funcions s\u00f3n la hidrataci\u00f3 tridimensional, el bloqueig d'aigua profunda, la reparaci\u00f3 de barreres i la sequetat calmant.<\/p>\n<p>P: Aquest producte \u00e9s adequat per a la pell sensible?<\/p>\n<p>A: Aquest conjunt&#8217; L'ingredient principal, l'\u00e0cid hialur\u00f2nic, \u00e9s naturalment present en el cos hum\u00e0 i \u00e9s molt suau. Tothom&#8217; Els al\u00b7l\u00e8rgens s\u00f3n diferents, aix\u00ed que per a aquells amb pell sensible, recomanem realitzar una prova de pell de 24 hores darrere de l'orella o a l'interior del bra\u00e7. Una vegada que no hi hagi mol\u00e8sties, utilitzeu el producte en tota la cara.<\/p>","protected":false},"excerpt":{"rendered":"<p>Aquest conjunt proporciona hidrataci\u00f3 24 hores per nutrir, suavitzar i calmar la pell, alhora que millora l'elasticitat, suavitza les l\u00ednies fines i restaura la firmesa i l'elasticitat.<\/p>\n<p>N\u00famero de s\u00e8rie: DRL-1965<\/p>\n<p>Tipus de pell aplicable: Adequat per a tot tipus de pell<\/p>\n<p>Capacitat del producte: 120g 100ml 50ml 50g 50g<\/p>","protected":false},"featured_media":4523,"comment_status":"closed","ping_status":"closed","template":"","meta":[],"product_brand":[],"product_cat":[169,168],"product_tag":[],"class_list":{"0":"post-4518","1":"product","2":"type-product","3":"status-publish","4":"has-post-thumbnail","6":"product_cat-facial-care-sets","7":"product_cat-sets-kits","9":"first","10":"instock","11":"shipping-taxable","12":"product-type-simple"},"_links":{"self":[{"href":"https:\/\/www.drrashel-bbg.com\/fr\/wp-json\/wp\/v2\/product\/4518","targetHints":{"allow":["GET"]}}],"collection":[{"href":"https:\/\/www.drrashel-bbg.com\/fr\/wp-json\/wp\/v2\/product"}],"about":[{"href":"https:\/\/www.drrashel-bbg.com\/fr\/wp-json\/wp\/v2\/types\/product"}],"replies":[{"embeddable":true,"href":"https:\/\/www.drrashel-bbg.com\/fr\/wp-json\/wp\/v2\/comments?post=4518"}],"wp:featuredmedia":[{"embeddable":true,"href":"https:\/\/www.drrashel-bbg.com\/fr\/wp-json\/wp\/v2\/media\/4523"}],"wp:attachment":[{"href":"https:\/\/www.drrashel-bbg.com\/fr\/wp-json\/wp\/v2\/media?parent=4518"}],"wp:term":[{"taxonomy":"product_brand","embeddable":true,"href":"https:\/\/www.drrashel-bbg.com\/fr\/wp-json\/wp\/v2\/product_brand?post=4518"},{"taxonomy":"product_cat","embeddable":true,"href":"https:\/\/www.drrashel-bbg.com\/fr\/wp-json\/wp\/v2\/product_cat?post=4518"},{"taxonomy":"product_tag","embeddable":true,"href":"https:\/\/www.drrashel-bbg.com\/fr\/wp-json\/wp\/v2\/product_tag?post=4518"}],"curies":[{"name":"wp","href":"https:\/\/api.w.org\/{rel}","templated":true}]}}