{"id":4575,"date":"2025-10-24T16:10:38","date_gmt":"2025-10-24T08:10:38","guid":{"rendered":"https:\/\/www.drrashel-bbg.com\/?post_type=product&#038;p=4575"},"modified":"2026-01-04T15:32:41","modified_gmt":"2026-01-04T07:32:41","slug":"vitamin-c-brightening-anti-aging-skin-care-series","status":"publish","type":"product","link":"https:\/\/www.drrashel-bbg.com\/fr\/facial-care-sets\/vitamin-c-brightening-anti-aging-skin-care-series\/","title":{"rendered":"Vitamina C Brightening Anti-envelliment s\u00e8rie de cura de la pell"},"content":{"rendered":"<p><img fetchpriority=\"high\" decoding=\"async\" class=\"aligncenter wp-image-4582\" src=\"https:\/\/www.drrashel-bbg.com\/wp-content\/uploads\/2025\/10\/DRL-1557-2.jpg\" alt=\"\" width=\"1300\" height=\"1912\" srcset=\"https:\/\/www.drrashel-bbg.com\/wp-content\/uploads\/2025\/10\/DRL-1557-2.jpg 790w, https:\/\/www.drrashel-bbg.com\/wp-content\/uploads\/2025\/10\/DRL-1557-2-204x300.jpg 204w, https:\/\/www.drrashel-bbg.com\/wp-content\/uploads\/2025\/10\/DRL-1557-2-696x1024.jpg 696w, https:\/\/www.drrashel-bbg.com\/wp-content\/uploads\/2025\/10\/DRL-1557-2-768x1130.jpg 768w, https:\/\/www.drrashel-bbg.com\/wp-content\/uploads\/2025\/10\/DRL-1557-2-600x883.jpg 600w\" sizes=\"(max-width: 1300px) 100vw, 1300px\" \/> <img decoding=\"async\" class=\"aligncenter wp-image-4583\" src=\"https:\/\/www.drrashel-bbg.com\/wp-content\/uploads\/2025\/10\/DRL-1557-3.jpg\" alt=\"\" width=\"1300\" height=\"662\" srcset=\"https:\/\/www.drrashel-bbg.com\/wp-content\/uploads\/2025\/10\/DRL-1557-3.jpg 790w, https:\/\/www.drrashel-bbg.com\/wp-content\/uploads\/2025\/10\/DRL-1557-3-300x153.jpg 300w, https:\/\/www.drrashel-bbg.com\/wp-content\/uploads\/2025\/10\/DRL-1557-3-768x391.jpg 768w, https:\/\/www.drrashel-bbg.com\/wp-content\/uploads\/2025\/10\/DRL-1557-3-600x305.jpg 600w\" sizes=\"(max-width: 1300px) 100vw, 1300px\" \/> <img decoding=\"async\" class=\"aligncenter wp-image-4584\" src=\"https:\/\/www.drrashel-bbg.com\/wp-content\/uploads\/2025\/10\/DRL-1557-4.jpg\" alt=\"\" width=\"1300\" height=\"1251\" srcset=\"https:\/\/www.drrashel-bbg.com\/wp-content\/uploads\/2025\/10\/DRL-1557-4.jpg 790w, https:\/\/www.drrashel-bbg.com\/wp-content\/uploads\/2025\/10\/DRL-1557-4-300x289.jpg 300w, https:\/\/www.drrashel-bbg.com\/wp-content\/uploads\/2025\/10\/DRL-1557-4-768x739.jpg 768w, https:\/\/www.drrashel-bbg.com\/wp-content\/uploads\/2025\/10\/DRL-1557-4-600x577.jpg 600w\" sizes=\"(max-width: 1300px) 100vw, 1300px\" \/> <img loading=\"lazy\" decoding=\"async\" class=\"aligncenter wp-image-4585\" src=\"https:\/\/www.drrashel-bbg.com\/wp-content\/uploads\/2025\/10\/DRL-1557-5.jpg\" alt=\"\" width=\"1300\" height=\"1001\" srcset=\"https:\/\/www.drrashel-bbg.com\/wp-content\/uploads\/2025\/10\/DRL-1557-5.jpg 790w, https:\/\/www.drrashel-bbg.com\/wp-content\/uploads\/2025\/10\/DRL-1557-5-300x231.jpg 300w, https:\/\/www.drrashel-bbg.com\/wp-content\/uploads\/2025\/10\/DRL-1557-5-768x591.jpg 768w, https:\/\/www.drrashel-bbg.com\/wp-content\/uploads\/2025\/10\/DRL-1557-5-600x462.jpg 600w\" sizes=\"(max-width: 1300px) 100vw, 1300px\" \/> <img loading=\"lazy\" decoding=\"async\" class=\"aligncenter wp-image-4586\" src=\"https:\/\/www.drrashel-bbg.com\/wp-content\/uploads\/2025\/10\/DRL-1557-6.jpg\" alt=\"\" width=\"1300\" height=\"882\" srcset=\"https:\/\/www.drrashel-bbg.com\/wp-content\/uploads\/2025\/10\/DRL-1557-6.jpg 790w, https:\/\/www.drrashel-bbg.com\/wp-content\/uploads\/2025\/10\/DRL-1557-6-300x204.jpg 300w, https:\/\/www.drrashel-bbg.com\/wp-content\/uploads\/2025\/10\/DRL-1557-6-768x521.jpg 768w, https:\/\/www.drrashel-bbg.com\/wp-content\/uploads\/2025\/10\/DRL-1557-6-600x407.jpg 600w\" sizes=\"(max-width: 1300px) 100vw, 1300px\" \/> <img loading=\"lazy\" decoding=\"async\" class=\"aligncenter wp-image-4587\" src=\"https:\/\/www.drrashel-bbg.com\/wp-content\/uploads\/2025\/10\/DRL-1557-7.jpg\" alt=\"\" width=\"1300\" height=\"875\" srcset=\"https:\/\/www.drrashel-bbg.com\/wp-content\/uploads\/2025\/10\/DRL-1557-7.jpg 790w, https:\/\/www.drrashel-bbg.com\/wp-content\/uploads\/2025\/10\/DRL-1557-7-300x202.jpg 300w, https:\/\/www.drrashel-bbg.com\/wp-content\/uploads\/2025\/10\/DRL-1557-7-768x517.jpg 768w, https:\/\/www.drrashel-bbg.com\/wp-content\/uploads\/2025\/10\/DRL-1557-7-600x404.jpg 600w\" sizes=\"(max-width: 1300px) 100vw, 1300px\" \/> <img loading=\"lazy\" decoding=\"async\" class=\"aligncenter wp-image-4588\" src=\"https:\/\/www.drrashel-bbg.com\/wp-content\/uploads\/2025\/10\/DRL-1557-8.jpg\" alt=\"\" width=\"1300\" height=\"874\" srcset=\"https:\/\/www.drrashel-bbg.com\/wp-content\/uploads\/2025\/10\/DRL-1557-8.jpg 790w, https:\/\/www.drrashel-bbg.com\/wp-content\/uploads\/2025\/10\/DRL-1557-8-300x202.jpg 300w, https:\/\/www.drrashel-bbg.com\/wp-content\/uploads\/2025\/10\/DRL-1557-8-768x516.jpg 768w, https:\/\/www.drrashel-bbg.com\/wp-content\/uploads\/2025\/10\/DRL-1557-8-600x403.jpg 600w\" sizes=\"(max-width: 1300px) 100vw, 1300px\" \/> <img loading=\"lazy\" decoding=\"async\" class=\"aligncenter wp-image-4589\" src=\"https:\/\/www.drrashel-bbg.com\/wp-content\/uploads\/2025\/10\/DRL-1557-9.jpg\" alt=\"\" width=\"1300\" height=\"875\" srcset=\"https:\/\/www.drrashel-bbg.com\/wp-content\/uploads\/2025\/10\/DRL-1557-9.jpg 790w, https:\/\/www.drrashel-bbg.com\/wp-content\/uploads\/2025\/10\/DRL-1557-9-300x202.jpg 300w, https:\/\/www.drrashel-bbg.com\/wp-content\/uploads\/2025\/10\/DRL-1557-9-768x517.jpg 768w, https:\/\/www.drrashel-bbg.com\/wp-content\/uploads\/2025\/10\/DRL-1557-9-600x404.jpg 600w\" sizes=\"(max-width: 1300px) 100vw, 1300px\" \/> <img loading=\"lazy\" decoding=\"async\" class=\"aligncenter wp-image-4590\" src=\"https:\/\/www.drrashel-bbg.com\/wp-content\/uploads\/2025\/10\/DRL-1557-10.jpg\" alt=\"\" width=\"1300\" height=\"875\" srcset=\"https:\/\/www.drrashel-bbg.com\/wp-content\/uploads\/2025\/10\/DRL-1557-10.jpg 790w, https:\/\/www.drrashel-bbg.com\/wp-content\/uploads\/2025\/10\/DRL-1557-10-300x202.jpg 300w, https:\/\/www.drrashel-bbg.com\/wp-content\/uploads\/2025\/10\/DRL-1557-10-768x517.jpg 768w, https:\/\/www.drrashel-bbg.com\/wp-content\/uploads\/2025\/10\/DRL-1557-10-600x404.jpg 600w\" sizes=\"(max-width: 1300px) 100vw, 1300px\" \/> <img loading=\"lazy\" decoding=\"async\" class=\"aligncenter wp-image-4591\" src=\"https:\/\/www.drrashel-bbg.com\/wp-content\/uploads\/2025\/10\/DRL-1557-11.jpg\" alt=\"\" width=\"1300\" height=\"1530\" srcset=\"https:\/\/www.drrashel-bbg.com\/wp-content\/uploads\/2025\/10\/DRL-1557-11.jpg 790w, https:\/\/www.drrashel-bbg.com\/wp-content\/uploads\/2025\/10\/DRL-1557-11-255x300.jpg 255w, https:\/\/www.drrashel-bbg.com\/wp-content\/uploads\/2025\/10\/DRL-1557-11-768x904.jpg 768w, https:\/\/www.drrashel-bbg.com\/wp-content\/uploads\/2025\/10\/DRL-1557-11-600x706.jpg 600w\" sizes=\"(max-width: 1300px) 100vw, 1300px\" \/> <img loading=\"lazy\" decoding=\"async\" class=\"aligncenter wp-image-4592\" src=\"https:\/\/www.drrashel-bbg.com\/wp-content\/uploads\/2025\/10\/DRL-1557-12.jpg\" alt=\"\" width=\"1300\" height=\"1341\" srcset=\"https:\/\/www.drrashel-bbg.com\/wp-content\/uploads\/2025\/10\/DRL-1557-12.jpg 790w, https:\/\/www.drrashel-bbg.com\/wp-content\/uploads\/2025\/10\/DRL-1557-12-291x300.jpg 291w, https:\/\/www.drrashel-bbg.com\/wp-content\/uploads\/2025\/10\/DRL-1557-12-768x792.jpg 768w, https:\/\/www.drrashel-bbg.com\/wp-content\/uploads\/2025\/10\/DRL-1557-12-600x619.jpg 600w\" sizes=\"(max-width: 1300px) 100vw, 1300px\" \/><\/p>\n<p>&nbsp;<\/p>\n<p><strong><b>Beneficis del producte:<\/b><\/strong><\/p>\n<p>Vitamina C brillant &amp; netejant facial anti-envelliment elimina impureses aburrides per a una pell clara i radiant. Vitamina C brillant &amp; serum facial anti-envelliment combate l'envelliment, il\u00b7lumina, endureix, repara, protegeix i millora l'elasticitat de la pell. Vitamina C brillant &amp; crema facial anti-envelliment hidrata profundament i millora les l\u00ednies fines i la pell opaca. Vitamina C brillant &amp; El t\u00f2ner anti-envelliment protegeix la pell dels radicals lliures nocius amb antioxidants i fins i tot pot ajudar a la pell danyada pel sol. Vitamina C brillant &amp; llet netejant anti-envelliment il\u00b7lumina la pell i estimula la renovaci\u00f3 cel\u00b7lular.<\/p>\n<p>&nbsp;<\/p>\n<p><strong><b>Ingredients i tecnologies principals:<\/b><\/strong><\/p>\n<p>INGREDIENTS ESTRELLES<\/p>\n<p>VC pot bloquejar la producci\u00f3 de melanina de la font, aconseguint aix\u00ed l'efecte d'esclarejar les marques i taques d'acne existents, i fins i tot fora i il\u00b7luminar el to general de la pell.<\/p>\n<p>INGREDIENTS COMPLETS<\/p>\n<p>Vitamina C brillant &amp; netejador facial anti-envelliment<\/p>\n<p>AQUA, 3-o-ETHYL ASCORBIC ACID, HIALURONAT DE SODI, CLORUR DE SODI<\/p>\n<p>DISTEARAT DE GLICOL, GLICOL<\/p>\n<p>Vitamina C brillant &amp; s\u00e8rum facial anti-envelliment<\/p>\n<p>AQUA, COLLAGEN HIDROLIZAT, HIALURONATE DE SODIU, 3-O-ETHIL ASCORBIC ACID, GLICERINA, AMINO\u00c0CIDS DE GLUTEN DE BLAMO<\/p>\n<p>Vitamina C brillant &amp; crema facial anti-envelliment<\/p>\n<p>AQUA, GLICERINA, HIALURONAT DE SODI, &#8217; 3-o-ETHIL ASCORBIC ACID, DIMETHICONE, PROPILENE GLICOL<\/p>\n<p>Vitamina C brillant &amp; t\u00f2ner d'ess\u00e8ncia anti-envelliment<\/p>\n<p>AQUA, GLICERINA, PROPILENO GLICOL, COLLAGEN HIDROLIZAT, NIACINAMIDA, 3-O-ETHIL \u00c0CID ASCORBIC<\/p>\n<p>Vitamina C brillant &amp; llet de neteja anti-envelliment<\/p>\n<p>AQUA, PARAFFINUM LIQUIDUM, GLICERINA, NIACINAMIDE, XANTHAN GUM, 3-O-ETHIL ASCORBIC ACID, HIALURONATE DE SODI<\/p>\n<p>&nbsp;<\/p>\n<p><strong><b>Com utilitzar:<\/b><\/strong><\/p>\n<p>Vitamina C brillant &amp; netejador facial anti-envelliment<\/p>\n<p>Massatjar el netejant espumant sobre la pell humida en petits moviments clrculars, despr\u00e9s esballar. Utilitza twicedailly per obtenir els millors resultats.<\/p>\n<p>Vitamina C brillant &amp; s\u00e8rum facial anti-envelliment<\/p>\n<p>1.Aplicar uniformement a la cara i el coll al mat\u00ed i a la nit, despr\u00e9s de netejar.2. Massatge en moviments circulars per a una millor absorci\u00f3.  3. Segur per a \u00fas diari o sota maquillatge.<\/p>\n<p>Vitamina C brillant &amp; crema facial anti-envelliment<\/p>\n<p>Despr\u00e9s de netejar i tonificar, aplicar una petita quantitat de la crema a la cara i el coll, massatge fins que s'absorbi completament.<\/p>\n<p>Vitamina C brillant &amp; t\u00f2ner d'ess\u00e8ncia anti-envelliment<\/p>\n<p>Renteu-vos la cara, preneu la quantitat adequada a la m\u00e0 i amb un flap suau fins que s'absorbeixi perfectament. O impregnar una almofada de cot\u00f3 amb t\u00f2ner i netejar suavement a trav\u00e9s de la cara, els ulls i el coll per netejar i tonificar.<\/p>\n<p>Vitamina C brillant &amp; llet de neteja anti-envelliment<\/p>\n<p>Utilitzar el mat\u00ed i la nit, aplicar-se al dia o la pell humida de la cara, el coll i descollet. Massatgently en la pell, esballar amb aigua clara o eliminar amb una almohadilla de cot\u00f3, tamb\u00e9 adequat per eliminar el maquillatge.<\/p>\n<p>&nbsp;<\/p>\n<p><strong><b>Introducci\u00f3 de la marca:<\/b><\/strong><\/p>\n<p>DR\u00b7RASHEL va ser fundada el 1989 pel senyor BAKRI, un mestre de cura de la pell, amb trenta anys d'experi\u00e8ncia en productes. Centrat en la salut, el senyor BAKRI va desenvolupar f\u00f3rmules precises per als ingredients naturals per maximitzar la salut de la pell i la radiaci\u00f3 vibrant, un principi aplicat en l'\u00e0mplia gamma de productes de cura de la pell de DR\u00b7RASHEL.<\/p>\n<p>Els productes DR\u00b7RASHEL es distribueixen per tot el m\u00f3n i s\u00f3n rebuts per clients en cinc continents, m\u00e9s espec\u00edficament, a l'Orient Mitj\u00e0, Am\u00e8rica del Sud i Europa.<\/p>\n<p>Exportem a m\u00e9s de 100 pa\u00efsos, incloent els Emirats \u00c0rabs Units, R\u00fassia, Am\u00e8rica, M\u00e8xic, Austr\u00e0lia, Ar\u00e0bia Saudita, Brasil, \u00cdndia i Sud-\u00e0frica.<\/p>\n<p>Tenim ISO, GMPC American European Union Internacional autorit\u00e0ria doble certificaci\u00f3, avan\u00e7ada R &amp; amp; D equip de prova, milers de f\u00f3rmules madures i equip de vendes d'alta efici\u00e8ncia i superioritat de preu competitiu. Les nostres categories de productes s\u00f3n: productes de cura de la pell, productes de maquillatge, productes de rentat i cura.<\/p>\n<p>&nbsp;<\/p>\n<p><strong><b>Preguntes freq\u00fcents:<\/b><\/strong><\/p>\n<p>P: El producte cont\u00e9 altres ingredients que ajuden en el brillant o anti-envelliment?<\/p>\n<p>R: S\u00ed, el producte tamb\u00e9 cont\u00e9 niacinamida, que \u00e9s la millor combinaci\u00f3 per a blanquejar i brillant.<\/p>\n<p>P: Es pot utilitzar aquest producte tant al mat\u00ed com a la nit?<\/p>\n<p>R: S\u00ed, s'utilitza durant el dia per a la protecci\u00f3 antioxidant, i a la nit per a la reparaci\u00f3 i el blanquejament.<\/p>","protected":false},"excerpt":{"rendered":"<p>Millora la textura de la pell opaca, desvaneix les taques fosques, il\u00b7lumina i elimina el groc, redueix la deposici\u00f3 de melanina i equilibra el to de la pell. Tamb\u00e9 proporciona hidrataci\u00f3 24 hores, nutreix i repara la pell, resisteix l'envelliment i revitalitza la pell.<\/p>\n<p>N\u00famero de s\u00e8rie: DRL-1557<\/p>\n<p>Tipus de pell aplicable: Adequat per a la pell que \u00e9s aburrida, mostrant signes d'envelliment, perdent fermesa i t\u00e9 un to de pell desigual.<\/p>\n<p>Capacitat del producte: 80ml 50ml 50g 100ml 100ml.<\/p>","protected":false},"featured_media":4580,"comment_status":"closed","ping_status":"closed","template":"","meta":[],"product_brand":[],"product_cat":[169,168],"product_tag":[],"class_list":{"0":"post-4575","1":"product","2":"type-product","3":"status-publish","4":"has-post-thumbnail","6":"product_cat-facial-care-sets","7":"product_cat-sets-kits","9":"first","10":"instock","11":"shipping-taxable","12":"product-type-simple"},"_links":{"self":[{"href":"https:\/\/www.drrashel-bbg.com\/fr\/wp-json\/wp\/v2\/product\/4575","targetHints":{"allow":["GET"]}}],"collection":[{"href":"https:\/\/www.drrashel-bbg.com\/fr\/wp-json\/wp\/v2\/product"}],"about":[{"href":"https:\/\/www.drrashel-bbg.com\/fr\/wp-json\/wp\/v2\/types\/product"}],"replies":[{"embeddable":true,"href":"https:\/\/www.drrashel-bbg.com\/fr\/wp-json\/wp\/v2\/comments?post=4575"}],"wp:featuredmedia":[{"embeddable":true,"href":"https:\/\/www.drrashel-bbg.com\/fr\/wp-json\/wp\/v2\/media\/4580"}],"wp:attachment":[{"href":"https:\/\/www.drrashel-bbg.com\/fr\/wp-json\/wp\/v2\/media?parent=4575"}],"wp:term":[{"taxonomy":"product_brand","embeddable":true,"href":"https:\/\/www.drrashel-bbg.com\/fr\/wp-json\/wp\/v2\/product_brand?post=4575"},{"taxonomy":"product_cat","embeddable":true,"href":"https:\/\/www.drrashel-bbg.com\/fr\/wp-json\/wp\/v2\/product_cat?post=4575"},{"taxonomy":"product_tag","embeddable":true,"href":"https:\/\/www.drrashel-bbg.com\/fr\/wp-json\/wp\/v2\/product_tag?post=4575"}],"curies":[{"name":"wp","href":"https:\/\/api.w.org\/{rel}","templated":true}]}}