{"id":4614,"date":"2025-10-24T17:02:17","date_gmt":"2025-10-24T09:02:17","guid":{"rendered":"https:\/\/www.drrashel-bbg.com\/?post_type=product&#038;p=4614"},"modified":"2026-01-04T15:26:17","modified_gmt":"2026-01-04T07:26:17","slug":"vitamin-c-brightening-skin-care-travel-set","status":"publish","type":"product","link":"https:\/\/www.drrashel-bbg.com\/fr\/facial-care-sets\/vitamin-c-brightening-skin-care-travel-set\/","title":{"rendered":"Vitamina C brillant conjunt de viatges de cura de la pell"},"content":{"rendered":"<p><img fetchpriority=\"high\" decoding=\"async\" class=\"aligncenter wp-image-4621\" src=\"https:\/\/www.drrashel-bbg.com\/wp-content\/uploads\/2025\/10\/DRL-1951-1.jpg\" alt=\"\" width=\"1300\" height=\"1540\" srcset=\"https:\/\/www.drrashel-bbg.com\/wp-content\/uploads\/2025\/10\/DRL-1951-1.jpg 790w, https:\/\/www.drrashel-bbg.com\/wp-content\/uploads\/2025\/10\/DRL-1951-1-253x300.jpg 253w, https:\/\/www.drrashel-bbg.com\/wp-content\/uploads\/2025\/10\/DRL-1951-1-768x910.jpg 768w, https:\/\/www.drrashel-bbg.com\/wp-content\/uploads\/2025\/10\/DRL-1951-1-600x711.jpg 600w\" sizes=\"(max-width: 1300px) 100vw, 1300px\" \/> <img decoding=\"async\" class=\"aligncenter wp-image-4622\" src=\"https:\/\/www.drrashel-bbg.com\/wp-content\/uploads\/2025\/10\/DRL-1951-2.jpg\" alt=\"\" width=\"1300\" height=\"1348\" srcset=\"https:\/\/www.drrashel-bbg.com\/wp-content\/uploads\/2025\/10\/DRL-1951-2.jpg 790w, https:\/\/www.drrashel-bbg.com\/wp-content\/uploads\/2025\/10\/DRL-1951-2-289x300.jpg 289w, https:\/\/www.drrashel-bbg.com\/wp-content\/uploads\/2025\/10\/DRL-1951-2-768x796.jpg 768w, https:\/\/www.drrashel-bbg.com\/wp-content\/uploads\/2025\/10\/DRL-1951-2-600x622.jpg 600w\" sizes=\"(max-width: 1300px) 100vw, 1300px\" \/> <img decoding=\"async\" class=\"aligncenter wp-image-4623\" src=\"https:\/\/www.drrashel-bbg.com\/wp-content\/uploads\/2025\/10\/DRL-1951-3.jpg\" alt=\"\" width=\"1300\" height=\"1560\" srcset=\"https:\/\/www.drrashel-bbg.com\/wp-content\/uploads\/2025\/10\/DRL-1951-3.jpg 790w, https:\/\/www.drrashel-bbg.com\/wp-content\/uploads\/2025\/10\/DRL-1951-3-250x300.jpg 250w, https:\/\/www.drrashel-bbg.com\/wp-content\/uploads\/2025\/10\/DRL-1951-3-768x922.jpg 768w, https:\/\/www.drrashel-bbg.com\/wp-content\/uploads\/2025\/10\/DRL-1951-3-600x720.jpg 600w\" sizes=\"(max-width: 1300px) 100vw, 1300px\" \/> <img loading=\"lazy\" decoding=\"async\" class=\"aligncenter wp-image-4624\" src=\"https:\/\/www.drrashel-bbg.com\/wp-content\/uploads\/2025\/10\/DRL-1951-4.jpg\" alt=\"\" width=\"1300\" height=\"1896\" srcset=\"https:\/\/www.drrashel-bbg.com\/wp-content\/uploads\/2025\/10\/DRL-1951-4.jpg 790w, https:\/\/www.drrashel-bbg.com\/wp-content\/uploads\/2025\/10\/DRL-1951-4-206x300.jpg 206w, https:\/\/www.drrashel-bbg.com\/wp-content\/uploads\/2025\/10\/DRL-1951-4-702x1024.jpg 702w, https:\/\/www.drrashel-bbg.com\/wp-content\/uploads\/2025\/10\/DRL-1951-4-768x1120.jpg 768w, https:\/\/www.drrashel-bbg.com\/wp-content\/uploads\/2025\/10\/DRL-1951-4-600x875.jpg 600w\" sizes=\"(max-width: 1300px) 100vw, 1300px\" \/> <img loading=\"lazy\" decoding=\"async\" class=\"aligncenter wp-image-4625\" src=\"https:\/\/www.drrashel-bbg.com\/wp-content\/uploads\/2025\/10\/DRL-1951-5.jpg\" alt=\"\" width=\"1300\" height=\"2008\" srcset=\"https:\/\/www.drrashel-bbg.com\/wp-content\/uploads\/2025\/10\/DRL-1951-5.jpg 790w, https:\/\/www.drrashel-bbg.com\/wp-content\/uploads\/2025\/10\/DRL-1951-5-194x300.jpg 194w, https:\/\/www.drrashel-bbg.com\/wp-content\/uploads\/2025\/10\/DRL-1951-5-663x1024.jpg 663w, https:\/\/www.drrashel-bbg.com\/wp-content\/uploads\/2025\/10\/DRL-1951-5-768x1186.jpg 768w, https:\/\/www.drrashel-bbg.com\/wp-content\/uploads\/2025\/10\/DRL-1951-5-600x927.jpg 600w\" sizes=\"(max-width: 1300px) 100vw, 1300px\" \/> <img loading=\"lazy\" decoding=\"async\" class=\"aligncenter wp-image-4626\" src=\"https:\/\/www.drrashel-bbg.com\/wp-content\/uploads\/2025\/10\/DRL-1951-6.jpg\" alt=\"\" width=\"1300\" height=\"1794\" srcset=\"https:\/\/www.drrashel-bbg.com\/wp-content\/uploads\/2025\/10\/DRL-1951-6.jpg 790w, https:\/\/www.drrashel-bbg.com\/wp-content\/uploads\/2025\/10\/DRL-1951-6-217x300.jpg 217w, https:\/\/www.drrashel-bbg.com\/wp-content\/uploads\/2025\/10\/DRL-1951-6-742x1024.jpg 742w, https:\/\/www.drrashel-bbg.com\/wp-content\/uploads\/2025\/10\/DRL-1951-6-768x1060.jpg 768w, https:\/\/www.drrashel-bbg.com\/wp-content\/uploads\/2025\/10\/DRL-1951-6-600x828.jpg 600w\" sizes=\"(max-width: 1300px) 100vw, 1300px\" \/> <img loading=\"lazy\" decoding=\"async\" class=\"aligncenter wp-image-4627\" src=\"https:\/\/www.drrashel-bbg.com\/wp-content\/uploads\/2025\/10\/DRL-1951-7.jpg\" alt=\"\" width=\"1300\" height=\"1772\" srcset=\"https:\/\/www.drrashel-bbg.com\/wp-content\/uploads\/2025\/10\/DRL-1951-7.jpg 790w, https:\/\/www.drrashel-bbg.com\/wp-content\/uploads\/2025\/10\/DRL-1951-7-220x300.jpg 220w, https:\/\/www.drrashel-bbg.com\/wp-content\/uploads\/2025\/10\/DRL-1951-7-751x1024.jpg 751w, https:\/\/www.drrashel-bbg.com\/wp-content\/uploads\/2025\/10\/DRL-1951-7-768x1047.jpg 768w, https:\/\/www.drrashel-bbg.com\/wp-content\/uploads\/2025\/10\/DRL-1951-7-600x818.jpg 600w\" sizes=\"(max-width: 1300px) 100vw, 1300px\" \/> <img loading=\"lazy\" decoding=\"async\" class=\"aligncenter wp-image-4628\" src=\"https:\/\/www.drrashel-bbg.com\/wp-content\/uploads\/2025\/10\/DRL-1951-8.jpg\" alt=\"\" width=\"1300\" height=\"1940\" srcset=\"https:\/\/www.drrashel-bbg.com\/wp-content\/uploads\/2025\/10\/DRL-1951-8.jpg 790w, https:\/\/www.drrashel-bbg.com\/wp-content\/uploads\/2025\/10\/DRL-1951-8-201x300.jpg 201w, https:\/\/www.drrashel-bbg.com\/wp-content\/uploads\/2025\/10\/DRL-1951-8-686x1024.jpg 686w, https:\/\/www.drrashel-bbg.com\/wp-content\/uploads\/2025\/10\/DRL-1951-8-768x1146.jpg 768w, https:\/\/www.drrashel-bbg.com\/wp-content\/uploads\/2025\/10\/DRL-1951-8-600x895.jpg 600w\" sizes=\"(max-width: 1300px) 100vw, 1300px\" \/> <img loading=\"lazy\" decoding=\"async\" class=\"aligncenter wp-image-4629\" src=\"https:\/\/www.drrashel-bbg.com\/wp-content\/uploads\/2025\/10\/DRL-1951-9.jpg\" alt=\"\" width=\"1300\" height=\"1522\" srcset=\"https:\/\/www.drrashel-bbg.com\/wp-content\/uploads\/2025\/10\/DRL-1951-9.jpg 790w, https:\/\/www.drrashel-bbg.com\/wp-content\/uploads\/2025\/10\/DRL-1951-9-256x300.jpg 256w, https:\/\/www.drrashel-bbg.com\/wp-content\/uploads\/2025\/10\/DRL-1951-9-768x899.jpg 768w, https:\/\/www.drrashel-bbg.com\/wp-content\/uploads\/2025\/10\/DRL-1951-9-600x703.jpg 600w\" sizes=\"(max-width: 1300px) 100vw, 1300px\" \/> <img loading=\"lazy\" decoding=\"async\" class=\"aligncenter wp-image-4630\" src=\"https:\/\/www.drrashel-bbg.com\/wp-content\/uploads\/2025\/10\/DRL-1951-10.jpg\" alt=\"\" width=\"1300\" height=\"915\" srcset=\"https:\/\/www.drrashel-bbg.com\/wp-content\/uploads\/2025\/10\/DRL-1951-10.jpg 790w, https:\/\/www.drrashel-bbg.com\/wp-content\/uploads\/2025\/10\/DRL-1951-10-300x211.jpg 300w, https:\/\/www.drrashel-bbg.com\/wp-content\/uploads\/2025\/10\/DRL-1951-10-768x541.jpg 768w, https:\/\/www.drrashel-bbg.com\/wp-content\/uploads\/2025\/10\/DRL-1951-10-600x422.jpg 600w\" sizes=\"(max-width: 1300px) 100vw, 1300px\" \/> <img loading=\"lazy\" decoding=\"async\" class=\"aligncenter wp-image-4631\" src=\"https:\/\/www.drrashel-bbg.com\/wp-content\/uploads\/2025\/10\/DRL-1951-11.jpg\" alt=\"\" width=\"1300\" height=\"864\" srcset=\"https:\/\/www.drrashel-bbg.com\/wp-content\/uploads\/2025\/10\/DRL-1951-11.jpg 790w, https:\/\/www.drrashel-bbg.com\/wp-content\/uploads\/2025\/10\/DRL-1951-11-300x199.jpg 300w, https:\/\/www.drrashel-bbg.com\/wp-content\/uploads\/2025\/10\/DRL-1951-11-768x510.jpg 768w, https:\/\/www.drrashel-bbg.com\/wp-content\/uploads\/2025\/10\/DRL-1951-11-600x399.jpg 600w\" sizes=\"(max-width: 1300px) 100vw, 1300px\" \/> <img loading=\"lazy\" decoding=\"async\" class=\"aligncenter wp-image-4632\" src=\"https:\/\/www.drrashel-bbg.com\/wp-content\/uploads\/2025\/10\/DRL-1951-12.jpg\" alt=\"\" width=\"1300\" height=\"930\" srcset=\"https:\/\/www.drrashel-bbg.com\/wp-content\/uploads\/2025\/10\/DRL-1951-12.jpg 790w, https:\/\/www.drrashel-bbg.com\/wp-content\/uploads\/2025\/10\/DRL-1951-12-300x215.jpg 300w, https:\/\/www.drrashel-bbg.com\/wp-content\/uploads\/2025\/10\/DRL-1951-12-768x549.jpg 768w, https:\/\/www.drrashel-bbg.com\/wp-content\/uploads\/2025\/10\/DRL-1951-12-600x429.jpg 600w\" sizes=\"(max-width: 1300px) 100vw, 1300px\" \/> <img loading=\"lazy\" decoding=\"async\" class=\"aligncenter wp-image-4633\" src=\"https:\/\/www.drrashel-bbg.com\/wp-content\/uploads\/2025\/10\/DRL-1951-13.jpg\" alt=\"\" width=\"1300\" height=\"846\" srcset=\"https:\/\/www.drrashel-bbg.com\/wp-content\/uploads\/2025\/10\/DRL-1951-13.jpg 790w, https:\/\/www.drrashel-bbg.com\/wp-content\/uploads\/2025\/10\/DRL-1951-13-300x195.jpg 300w, https:\/\/www.drrashel-bbg.com\/wp-content\/uploads\/2025\/10\/DRL-1951-13-768x500.jpg 768w, https:\/\/www.drrashel-bbg.com\/wp-content\/uploads\/2025\/10\/DRL-1951-13-600x390.jpg 600w\" sizes=\"(max-width: 1300px) 100vw, 1300px\" \/><\/p>\n<p>&nbsp;<\/p>\n<p><strong><b>Beneficis del producte:<\/b><\/strong><\/p>\n<p><strong><b>Vitamina C Neteja facial brillant<\/b><\/strong>\u00a0Exfolia suavement i neteja efectivament la pell. <strong><b>Vitamina C T\u00f2ner d'ess\u00e8ncia brillant<\/b><\/strong>\u00a0aprieta i neteja els poros des de dins, ajudant a reduir l'aparici\u00f3 de les imperfeccions. <strong><b>Vitamina C S\u00e8rum facial brillant<\/b><\/strong>\u00a0ajuda a millorar el to de la pell i millorar la radiaci\u00f3. <strong><b>Crema de dia amb vitamina C<\/b><\/strong>\u00a0millora l'elasticitat de la pell, mentre que <strong><b>Crema nocturna luminosa de vitamina C<\/b><\/strong>\u00a0Deixa la pell hidratada i hidratada durant tot el dia.<\/p>\n<p>&nbsp;<\/p>\n<p><strong><b>Ingredients i tecnologies principals:<\/b><\/strong><\/p>\n<p>INGREDIENTS ESTRELLES<\/p>\n<p>VC pot eliminar les c\u00e8l\u00b7lules de la pell opaques i revelar la radiaci\u00f3. \u00c9s ric en multivitamines, que fan que la pell sigui suau, brillant i revitalitzada.<\/p>\n<p>INGREDIENTS COMPLETS<\/p>\n<p><strong><b>Vitamina C Neteja facial brillant<\/b><\/strong><\/p>\n<p>AQUA, NIACINAMIDA, HIALURONAT DE SODIU, \u00c0CID ASCORBIC 3-O-ETHIL, CERAMIDA NP<\/p>\n<p><strong><b>Vitamina C T\u00f2ner d'ess\u00e8ncia brillant<\/b><\/strong><\/p>\n<p>AQUA, GLICERINA, HIALURONAT DE SODIU, NIACINAMIDA, \u00c0CID ASCORBIC 3-O-ETIL, CERAMIDA NP<\/p>\n<p><strong><b>Vitamina C S\u00e8rum facial brillant<\/b><\/strong><\/p>\n<p>AQUA, GLICERINA, NIACINAMIDA, HIALURONAT DE SODIU, \u00c0CID ASCORBIC 3-O-ETIL, CERAMIDA NP<\/p>\n<p><strong><b>Crema de dia amb vitamina C<\/b><\/strong><\/p>\n<p>AQUA, GLICERINA, NIACINAMIDA, HIALURONAT DE SODIU, \u00c0CID ASCORBIC 3-O-ETIL, CERAMIDA NP<\/p>\n<p><strong><b>Crema nocturna luminosa de vitamina C<\/b><\/strong><\/p>\n<p>AQUA, GLICERINA, NIACINAMIDA, HIALURONAT DE SODIU, \u00c0CID ASCORBIC 3-O-ETIL, CERAMIDA NP<\/p>\n<p>&nbsp;<\/p>\n<p><strong><b>Com utilitzar:<\/b><\/strong><\/p>\n<h2><strong><b>Vitamina C Neteja facial brillant<\/b><\/strong><\/h2>\n<p>Utilitza dues vegades al dia, estrimitz una petita quantitat a les mans i treballa en espuma rica. Massatge sobre la cara humida, evitar el contacte amb els ulls, esballar a fons amb aigua.<\/p>\n<p><strong><b>Vitamina C T\u00f2ner d'ess\u00e8ncia brillant<\/b><\/strong><\/p>\n<p>Renteu-vos la cara, preneu la quantitat adequada a la m\u00e0 i amb un flap suau fins que s'absorbeixi perfectament. O impregnar una almofada de cot\u00f3 amb t\u00f2ner i netejar suavement a trav\u00e9s de la cara, els ulls i el coll per netejar i tonificar.<\/p>\n<p><strong><b>Vitamina C S\u00e8rum facial brillant<\/b><\/strong><\/p>\n<p>Utilitzat en la pell netejada, distribueix 3-4 gotes sobre la pell de la cara i el coll comen\u00e7ant des del centre de la cara i treballant el seu cam\u00ed, i massatge suaument inconfortablement absorbit, utilitzat cada mat\u00ed i nit sol o abans del seu hidratant.<\/p>\n<p><strong><b>Crema de dia amb vitamina C<\/b><\/strong><\/p>\n<p>Aplicar cada dia en una cara i coll ben netejats despr\u00e9s del s\u00e8rum. Aplicar amb moviments circulars per a una millor absorci\u00f3. Evitar el contacte amb els ulls.<\/p>\n<p><strong><b>Crema nocturna luminosa de vitamina C<\/b><\/strong><\/p>\n<p>Lis sobre la cara i el coll cada nit despr\u00e9s de netejar i aplicar serums. Evitar el contacte amb<\/p>\n<p>&nbsp;<\/p>\n<p><strong><b>Introducci\u00f3 de la marca:<\/b><\/strong><\/p>\n<p>DR\u00b7RASHEL va ser fundada el 1989 pel senyor BAKRI, un mestre de cura de la pell, amb trenta anys d'experi\u00e8ncia en productes. Centrat en la salut, el senyor BAKRI va desenvolupar f\u00f3rmules precises per als ingredients naturals per maximitzar la salut de la pell i la radiaci\u00f3 vibrant, un principi aplicat en l'\u00e0mplia gamma de productes de cura de la pell de DR\u00b7RASHEL.<\/p>\n<p>Els productes DR\u00b7RASHEL es distribueixen per tot el m\u00f3n i s\u00f3n rebuts per clients en cinc continents, m\u00e9s espec\u00edficament, a l'Orient Mitj\u00e0, Am\u00e8rica del Sud i Europa.<\/p>\n<p>Exportem a m\u00e9s de 100 pa\u00efsos, incloent els Emirats \u00c0rabs Units, R\u00fassia, Am\u00e8rica, M\u00e8xic, Austr\u00e0lia, Ar\u00e0bia Saudita, Brasil, \u00cdndia i Sud-\u00e0frica.<\/p>\n<p>Tenim ISO, GMPC American European Union Internacional autorit\u00e0ria doble certificaci\u00f3, avan\u00e7ada R &amp; amp; D equip de prova, milers de f\u00f3rmules madures i equip de vendes d'alta efici\u00e8ncia i superioritat de preu competitiu. Les nostres categories de productes s\u00f3n: productes de cura de la pell, productes de maquillatge, productes de rentat i cura.<\/p>\n<p>&nbsp;<\/p>\n<p><strong><b>Preguntes freq\u00fcents:<\/b><\/strong><\/p>\n<p>P: Quines s\u00f3n les principals funcions d'aquest paquet de viatge VC?<\/p>\n<p>R: Aquest producte \u00e9s principalment per a l'antioxidaci\u00f3 i el to de la pell brillant. \u00c9s especialment adequat per ajudar la pell a resistir els raigs ultraviolats durant el viatge i evitar que la fatiga de viatge causi un to de pell opac.<\/p>\n<p>P: La mida de viatge i els productes de mida completa tenen els mateixos ingredients?<\/p>\n<p>R: S\u00ed, els ingredients, la f\u00f3rmula i la qualitat del producte de mida de viatge s\u00f3n exactament els mateixos que la mida completa, per\u00f2 \u00e9s una mini versi\u00f3 dissenyada per a la seva comoditat quan viatja o per a la seva primera experi\u00e8ncia.<\/p>","protected":false},"excerpt":{"rendered":"<p>Aquest conjunt de viatges est\u00e0 dissenyat per ser senzill i c\u00f2mode, fent que sigui c\u00f2mode per a la gent viatjar. La funci\u00f3 principal d'aquest kit \u00e9s il\u00b7luminar les taques fosques, fins i tot el to de la pell, millorar la radiaci\u00f3 i el color, i fer que la pell sigui suau i el\u00e0stica.<\/p>\n<p>N\u00famero de s\u00e8rie: DRL-1951<\/p>\n<p>Tipus de pell aplicable: Adequat per a tots els tipus de pell<\/p>\n<p>Capacitat del producte: 120g 100ml 50ml 50g 50g<\/p>","protected":false},"featured_media":4619,"comment_status":"closed","ping_status":"closed","template":"","meta":[],"product_brand":[],"product_cat":[169,168],"product_tag":[],"class_list":{"0":"post-4614","1":"product","2":"type-product","3":"status-publish","4":"has-post-thumbnail","6":"product_cat-facial-care-sets","7":"product_cat-sets-kits","9":"first","10":"instock","11":"shipping-taxable","12":"product-type-simple"},"_links":{"self":[{"href":"https:\/\/www.drrashel-bbg.com\/fr\/wp-json\/wp\/v2\/product\/4614","targetHints":{"allow":["GET"]}}],"collection":[{"href":"https:\/\/www.drrashel-bbg.com\/fr\/wp-json\/wp\/v2\/product"}],"about":[{"href":"https:\/\/www.drrashel-bbg.com\/fr\/wp-json\/wp\/v2\/types\/product"}],"replies":[{"embeddable":true,"href":"https:\/\/www.drrashel-bbg.com\/fr\/wp-json\/wp\/v2\/comments?post=4614"}],"wp:featuredmedia":[{"embeddable":true,"href":"https:\/\/www.drrashel-bbg.com\/fr\/wp-json\/wp\/v2\/media\/4619"}],"wp:attachment":[{"href":"https:\/\/www.drrashel-bbg.com\/fr\/wp-json\/wp\/v2\/media?parent=4614"}],"wp:term":[{"taxonomy":"product_brand","embeddable":true,"href":"https:\/\/www.drrashel-bbg.com\/fr\/wp-json\/wp\/v2\/product_brand?post=4614"},{"taxonomy":"product_cat","embeddable":true,"href":"https:\/\/www.drrashel-bbg.com\/fr\/wp-json\/wp\/v2\/product_cat?post=4614"},{"taxonomy":"product_tag","embeddable":true,"href":"https:\/\/www.drrashel-bbg.com\/fr\/wp-json\/wp\/v2\/product_tag?post=4614"}],"curies":[{"name":"wp","href":"https:\/\/api.w.org\/{rel}","templated":true}]}}