{"id":4634,"date":"2025-10-24T17:10:01","date_gmt":"2025-10-24T09:10:01","guid":{"rendered":"https:\/\/www.drrashel-bbg.com\/?post_type=product&#038;p=4634"},"modified":"2026-01-04T14:16:26","modified_gmt":"2026-01-04T06:16:26","slug":"whitening-fade-spots-skin-care-kit-drl","status":"publish","type":"product","link":"https:\/\/www.drrashel-bbg.com\/fr\/facial-care-sets\/whitening-fade-spots-skin-care-kit-drl\/","title":{"rendered":"Kit de cura de la pell Whitening Fade Spots"},"content":{"rendered":"<p data-wp-editing=\"1\"><img fetchpriority=\"high\" decoding=\"async\" class=\"aligncenter wp-image-4639\" src=\"https:\/\/www.drrashel-bbg.com\/wp-content\/uploads\/2025\/10\/DRL-1701-2.jpg\" alt=\"\" width=\"1300\" height=\"2524\" srcset=\"https:\/\/www.drrashel-bbg.com\/wp-content\/uploads\/2025\/10\/DRL-1701-2.jpg 750w, https:\/\/www.drrashel-bbg.com\/wp-content\/uploads\/2025\/10\/DRL-1701-2-155x300.jpg 155w, https:\/\/www.drrashel-bbg.com\/wp-content\/uploads\/2025\/10\/DRL-1701-2-527x1024.jpg 527w, https:\/\/www.drrashel-bbg.com\/wp-content\/uploads\/2025\/10\/DRL-1701-2-600x1165.jpg 600w\" sizes=\"(max-width: 1300px) 100vw, 1300px\" \/> <img decoding=\"async\" class=\"aligncenter wp-image-4640\" src=\"https:\/\/www.drrashel-bbg.com\/wp-content\/uploads\/2025\/10\/DRL-1701-3.jpg\" alt=\"\" width=\"1300\" height=\"2042\" srcset=\"https:\/\/www.drrashel-bbg.com\/wp-content\/uploads\/2025\/10\/DRL-1701-3.jpg 750w, https:\/\/www.drrashel-bbg.com\/wp-content\/uploads\/2025\/10\/DRL-1701-3-191x300.jpg 191w, https:\/\/www.drrashel-bbg.com\/wp-content\/uploads\/2025\/10\/DRL-1701-3-652x1024.jpg 652w, https:\/\/www.drrashel-bbg.com\/wp-content\/uploads\/2025\/10\/DRL-1701-3-600x942.jpg 600w\" sizes=\"(max-width: 1300px) 100vw, 1300px\" \/> <img decoding=\"async\" class=\"aligncenter wp-image-4641\" src=\"https:\/\/www.drrashel-bbg.com\/wp-content\/uploads\/2025\/10\/DRL-1701-4.jpg\" alt=\"\" width=\"1300\" height=\"1754\" srcset=\"https:\/\/www.drrashel-bbg.com\/wp-content\/uploads\/2025\/10\/DRL-1701-4.jpg 750w, https:\/\/www.drrashel-bbg.com\/wp-content\/uploads\/2025\/10\/DRL-1701-4-222x300.jpg 222w, https:\/\/www.drrashel-bbg.com\/wp-content\/uploads\/2025\/10\/DRL-1701-4-600x810.jpg 600w\" sizes=\"(max-width: 1300px) 100vw, 1300px\" \/> <img loading=\"lazy\" decoding=\"async\" class=\"aligncenter wp-image-4642\" src=\"https:\/\/www.drrashel-bbg.com\/wp-content\/uploads\/2025\/10\/DRL-1701-5.jpg\" alt=\"\" width=\"1300\" height=\"1801\" srcset=\"https:\/\/www.drrashel-bbg.com\/wp-content\/uploads\/2025\/10\/DRL-1701-5.jpg 750w, https:\/\/www.drrashel-bbg.com\/wp-content\/uploads\/2025\/10\/DRL-1701-5-217x300.jpg 217w, https:\/\/www.drrashel-bbg.com\/wp-content\/uploads\/2025\/10\/DRL-1701-5-739x1024.jpg 739w, https:\/\/www.drrashel-bbg.com\/wp-content\/uploads\/2025\/10\/DRL-1701-5-600x831.jpg 600w\" sizes=\"(max-width: 1300px) 100vw, 1300px\" \/> <img loading=\"lazy\" decoding=\"async\" class=\"aligncenter wp-image-4643\" src=\"https:\/\/www.drrashel-bbg.com\/wp-content\/uploads\/2025\/10\/DRL-1701-6.jpg\" alt=\"\" width=\"1300\" height=\"1834\" srcset=\"https:\/\/www.drrashel-bbg.com\/wp-content\/uploads\/2025\/10\/DRL-1701-6.jpg 750w, https:\/\/www.drrashel-bbg.com\/wp-content\/uploads\/2025\/10\/DRL-1701-6-213x300.jpg 213w, https:\/\/www.drrashel-bbg.com\/wp-content\/uploads\/2025\/10\/DRL-1701-6-726x1024.jpg 726w, https:\/\/www.drrashel-bbg.com\/wp-content\/uploads\/2025\/10\/DRL-1701-6-600x846.jpg 600w\" sizes=\"(max-width: 1300px) 100vw, 1300px\" \/> <img loading=\"lazy\" decoding=\"async\" class=\"aligncenter wp-image-4644\" src=\"https:\/\/www.drrashel-bbg.com\/wp-content\/uploads\/2025\/10\/DRL-1701-7.jpg\" alt=\"\" width=\"1300\" height=\"1901\" srcset=\"https:\/\/www.drrashel-bbg.com\/wp-content\/uploads\/2025\/10\/DRL-1701-7.jpg 750w, https:\/\/www.drrashel-bbg.com\/wp-content\/uploads\/2025\/10\/DRL-1701-7-205x300.jpg 205w, https:\/\/www.drrashel-bbg.com\/wp-content\/uploads\/2025\/10\/DRL-1701-7-700x1024.jpg 700w, https:\/\/www.drrashel-bbg.com\/wp-content\/uploads\/2025\/10\/DRL-1701-7-600x878.jpg 600w\" sizes=\"(max-width: 1300px) 100vw, 1300px\" \/> <img loading=\"lazy\" decoding=\"async\" class=\"aligncenter wp-image-4645\" src=\"https:\/\/www.drrashel-bbg.com\/wp-content\/uploads\/2025\/10\/DRL-1701-8.jpg\" alt=\"\" width=\"1300\" height=\"1399\" srcset=\"https:\/\/www.drrashel-bbg.com\/wp-content\/uploads\/2025\/10\/DRL-1701-8.jpg 750w, https:\/\/www.drrashel-bbg.com\/wp-content\/uploads\/2025\/10\/DRL-1701-8-279x300.jpg 279w, https:\/\/www.drrashel-bbg.com\/wp-content\/uploads\/2025\/10\/DRL-1701-8-600x646.jpg 600w\" sizes=\"(max-width: 1300px) 100vw, 1300px\" \/> <img loading=\"lazy\" decoding=\"async\" class=\"aligncenter wp-image-4646\" src=\"https:\/\/www.drrashel-bbg.com\/wp-content\/uploads\/2025\/10\/DRL-1701-9.jpg\" alt=\"\" width=\"1300\" height=\"2454\" srcset=\"https:\/\/www.drrashel-bbg.com\/wp-content\/uploads\/2025\/10\/DRL-1701-9.jpg 750w, https:\/\/www.drrashel-bbg.com\/wp-content\/uploads\/2025\/10\/DRL-1701-9-159x300.jpg 159w, https:\/\/www.drrashel-bbg.com\/wp-content\/uploads\/2025\/10\/DRL-1701-9-542x1024.jpg 542w, https:\/\/www.drrashel-bbg.com\/wp-content\/uploads\/2025\/10\/DRL-1701-9-600x1133.jpg 600w\" sizes=\"(max-width: 1300px) 100vw, 1300px\" \/> <img loading=\"lazy\" decoding=\"async\" class=\"aligncenter wp-image-4647\" src=\"https:\/\/www.drrashel-bbg.com\/wp-content\/uploads\/2025\/10\/DRL-1701-10.jpg\" alt=\"\" width=\"1300\" height=\"1981\" srcset=\"https:\/\/www.drrashel-bbg.com\/wp-content\/uploads\/2025\/10\/DRL-1701-10.jpg 750w, https:\/\/www.drrashel-bbg.com\/wp-content\/uploads\/2025\/10\/DRL-1701-10-197x300.jpg 197w, https:\/\/www.drrashel-bbg.com\/wp-content\/uploads\/2025\/10\/DRL-1701-10-672x1024.jpg 672w, https:\/\/www.drrashel-bbg.com\/wp-content\/uploads\/2025\/10\/DRL-1701-10-600x914.jpg 600w\" sizes=\"(max-width: 1300px) 100vw, 1300px\" \/> <img loading=\"lazy\" decoding=\"async\" class=\"aligncenter wp-image-4648\" src=\"https:\/\/www.drrashel-bbg.com\/wp-content\/uploads\/2025\/10\/DRL-1701-11.jpg\" alt=\"\" width=\"1300\" height=\"2026\" srcset=\"https:\/\/www.drrashel-bbg.com\/wp-content\/uploads\/2025\/10\/DRL-1701-11.jpg 750w, https:\/\/www.drrashel-bbg.com\/wp-content\/uploads\/2025\/10\/DRL-1701-11-192x300.jpg 192w, https:\/\/www.drrashel-bbg.com\/wp-content\/uploads\/2025\/10\/DRL-1701-11-657x1024.jpg 657w, https:\/\/www.drrashel-bbg.com\/wp-content\/uploads\/2025\/10\/DRL-1701-11-600x935.jpg 600w\" sizes=\"(max-width: 1300px) 100vw, 1300px\" \/> <img loading=\"lazy\" decoding=\"async\" class=\"aligncenter wp-image-4649\" src=\"https:\/\/www.drrashel-bbg.com\/wp-content\/uploads\/2025\/10\/DRL-1701-12.jpg\" alt=\"\" width=\"1300\" height=\"2922\" srcset=\"https:\/\/www.drrashel-bbg.com\/wp-content\/uploads\/2025\/10\/DRL-1701-12.jpg 750w, https:\/\/www.drrashel-bbg.com\/wp-content\/uploads\/2025\/10\/DRL-1701-12-133x300.jpg 133w, https:\/\/www.drrashel-bbg.com\/wp-content\/uploads\/2025\/10\/DRL-1701-12-456x1024.jpg 456w, https:\/\/www.drrashel-bbg.com\/wp-content\/uploads\/2025\/10\/DRL-1701-12-683x1536.jpg 683w, https:\/\/www.drrashel-bbg.com\/wp-content\/uploads\/2025\/10\/DRL-1701-12-600x1349.jpg 600w\" sizes=\"(max-width: 1300px) 100vw, 1300px\" \/> <img loading=\"lazy\" decoding=\"async\" class=\"aligncenter wp-image-4650\" src=\"https:\/\/www.drrashel-bbg.com\/wp-content\/uploads\/2025\/10\/DRL-1701-13.jpg\" alt=\"\" width=\"1300\" height=\"1364\" srcset=\"https:\/\/www.drrashel-bbg.com\/wp-content\/uploads\/2025\/10\/DRL-1701-13.jpg 750w, https:\/\/www.drrashel-bbg.com\/wp-content\/uploads\/2025\/10\/DRL-1701-13-286x300.jpg 286w, https:\/\/www.drrashel-bbg.com\/wp-content\/uploads\/2025\/10\/DRL-1701-13-600x630.jpg 600w\" sizes=\"(max-width: 1300px) 100vw, 1300px\" \/><\/p>\n<p><strong><b>Beneficis del producte:<\/b><\/strong><\/p>\n<p><strong><b>T\u00f2ner de blanquejament fade spots<\/b><\/strong>\u00a0hidrata, revigora i mant\u00e9 la humitat 24 hores. <strong><b>Blancament de les taches de desvaneixement<\/b><\/strong>\u00a0<strong><b>loci\u00f3<\/b><\/strong>\u00a0Deixa la pell clara i brillant. Tamb\u00e9 ajuda a reduir l'aparici\u00f3 d'arrugues i l\u00ednies fines. <strong><b>Blancament Fade Neteja<\/b><\/strong>\u00a0exfolia suavement, estimula la renovaci\u00f3 cel\u00b7lular i redueix l'aparici\u00f3 de taques fosques i descoloraci\u00f3. <strong><b>S\u00e8rum de blanquejament fade spots<\/b><\/strong>\u00a0Ilumina i purifica la pell per a una radiaci\u00f3 millorada. <strong><b>Crema nocturna Fade Spots<\/b><\/strong>\u00a0equilibra el to de la pell, nutreix i repara. <strong><b>Crema de dia blanquejant<\/b><\/strong>\u00a0Redueix la hiperpigmentaci\u00f3 per a un aspecte refrescat durant tot el dia.<\/p>\n<p>&nbsp;<\/p>\n<p><strong><b>Ingredients i tecnologies principals:<\/b><\/strong><\/p>\n<p>INGREDIENTS ESTRELLES<\/p>\n<p>La niacinamida aborda visiblement l'aburriment a causa de taques fosques i ultrafines, ajudant a restaurar l'aparen\u00e7a de la pell lisa, clara i saludable.<\/p>\n<p>INGREDIENTS COMPLETS<\/p>\n<p><strong><b>T\u00f2ner de blanquejament fade spots<\/b><\/strong><\/p>\n<p>AQUA, ALP HA-ARBUTINA, NIACINAMIDA, \u00c0CID HIALUR\u00d3NIC, MALTITOL<\/p>\n<p><strong><b>Loci\u00f3 de blanquejament Fade Spots<\/b><\/strong><\/p>\n<p>AQUA, ALFA-ARBUTINA, NIACINAMIDA, TOCOFEROL, \u00e0cid hialur\u00f2nic<\/p>\n<p><strong><b>Blancament Fade Neteja<\/b><\/strong><\/p>\n<p>AQUA, GLICERINA, \u00c0CID PALM\u00cdTIC, \u00c0CID STEARIC, \u00c0CID MYRISTIC<\/p>\n<p><strong><b>S\u00e8rum de blanquejament fade spots<\/b><\/strong><\/p>\n<p>AQUA, GLICERINA, EXTRACT D'ALOE VERA, ARBUTINA, HIALURONAT DE SODI<\/p>\n<p><strong><b>Crema nocturna Fade Spots<\/b><\/strong><\/p>\n<p>AQUA, GLICERINA, NIACINAMIDA, HIALURONAT DE SODI, ALFA-ARBUTINA<\/p>\n<p><strong><b>Crema de dia blanquejant<\/b><\/strong><\/p>\n<p>AQUA, GLICERINA, NIACINAMIDA, ALFA-ARBUTINA, HIALURONAT DE SODI<\/p>\n<p>&nbsp;<\/p>\n<p><strong><b>Com utilitzar:<\/b><\/strong><\/p>\n<h2><strong><b>T\u00f2ner de blanquejament fade spots<\/b><\/strong><\/h2>\n<p>Utilitza-lo di\u00e0riament, al mat\u00ed i a la nit, com l'\u00faltim pas de la teva rutina de neteja: despr\u00e9s del teu netejador facial i exfoliador, i abans del teu sorum i hidratant.<\/p>\n<p><strong><b>Loci\u00f3 de blanquejament Fade Spots<\/b><\/strong><\/p>\n<p>Utilitza-lo al mat\u00ed i a la nit, aplica-lo al dia o a la pell humida de la cara, el coll i el decollet. Massatge suau en la pell.<\/p>\n<p><strong><b>Blancament Fade Neteja<\/b><\/strong><\/p>\n<p>Utilitzar dues vegades al dia, espremer una petita quantitat a les mans i treballar en espuma rica, massatge sobre la cara humida, evitar el contacte amb els ulls, esballar a fons amb aigua.<\/p>\n<p><strong><b>S\u00e8rum de blanquejament fade spots<\/b><\/strong><\/p>\n<p>Tracta la pell al mat\u00ed i a la nit distribuint 2-4 gotes de producte de mida de perla a la palma de la m\u00e0 i aplicant-ho uniformement a zones de decoloracions com les taques solars i els tacs foscos.<\/p>\n<p><strong><b>Crema nocturna Fade Spots<\/b><\/strong><\/p>\n<p>Cada nit despr\u00e9s de netejar, aplicar uniformement sobre la cara i el coll.<\/p>\n<p><strong><b>Crema de dia blanquejant<\/b><\/strong><\/p>\n<p>Aplicar uniformement sobre la cara cada mat\u00ed despr\u00e9s de netejar.<\/p>\n<p><strong><b>\u00a0<\/b><\/strong><\/p>\n<p><strong><b>Introducci\u00f3 de la marca:<\/b><\/strong><\/p>\n<p>DR\u00b7RASHEL va ser fundada el 1989 pel senyor BAKRI, un mestre de cura de la pell, amb trenta anys d'experi\u00e8ncia en productes. Centrat en la salut, el senyor BAKRI va desenvolupar f\u00f3rmules precises per als ingredients naturals per maximitzar la salut de la pell i la radiaci\u00f3 vibrant, un principi aplicat en l'\u00e0mplia gamma de productes de cura de la pell de DR\u00b7RASHEL.<\/p>\n<p>Els productes DR\u00b7RASHEL es distribueixen per tot el m\u00f3n i s\u00f3n rebuts per clients en cinc continents, m\u00e9s espec\u00edficament, a l'Orient Mitj\u00e0, Am\u00e8rica del Sud i Europa.<\/p>\n<p>Exportem a m\u00e9s de 100 pa\u00efsos, incloent els Emirats \u00c0rabs Units, R\u00fassia, Am\u00e8rica, M\u00e8xic, Austr\u00e0lia, Ar\u00e0bia Saudita, Brasil, \u00cdndia i Sud-\u00e0frica.<\/p>\n<p>Tenim ISO, GMPC American European Union Internacional autorit\u00e0ria doble certificaci\u00f3, avan\u00e7ada R &amp; amp; D equip de prova, milers de f\u00f3rmules madures i equip de vendes d'alta efici\u00e8ncia i superioritat de preu competitiu. Les nostres categories de productes s\u00f3n: productes de cura de la pell, productes de maquillatge, productes de rentat i cura.<\/p>\n<p>&nbsp;<\/p>\n<p><strong><b>Preguntes freq\u00fcents:<\/b><\/strong><\/p>\n<p>P: Quin \u00e9s el principal principi de blanquejament i eliminaci\u00f3 de taques d'aquest producte?<\/p>\n<p>R: Aquest kit utilitza niacinamida per aclarir les taques. Pot inhibir la producci\u00f3 de melanina des de la font i bloquejar la transfer\u00e8ncia de melanina a l'epidermi.<\/p>\n<p>P: Pot ser utilitzat per persones amb pell sensible?<\/p>\n<p>R: Aquest producte \u00e9s lleu en f\u00f3rmula, per\u00f2 tothom&#8217; Les al\u00b7l\u00e8rgies s\u00f3n diferents. Recomanem que les persones amb pell sensible realitzin una prova de pell de 24 hores darrere de l'orella o a l'interior del bra\u00e7 per confirmar que no hi ha vermellora, inflamaci\u00f3, picadura, picadura o altres mol\u00e8sties abans d'utilitzar-les a la cara.<\/p>","protected":false},"excerpt":{"rendered":"<p>Aquest conjunt es centra en blanquejar i esclarecer les taques, mentre redueix la pigmentaci\u00f3, esclareix i fins i tot el to de la pell, hidrata la pell i proporciona una hidrataci\u00f3 intensa, repara i hidrata la pell tota la nit.<\/p>\n<p>N\u00famero de s\u00e8rie: DRL-1701<\/p>\n<p>Tipus de pell aplicable: Adequat per a tothom, especialment aquells amb taques facials que volen blanquejar la pell.<\/p>\n<p>Capacitat del producte: 100ml 100ml 80ml 50ml 50g 50g<\/p>","protected":false},"featured_media":4637,"comment_status":"closed","ping_status":"closed","template":"","meta":[],"product_brand":[],"product_cat":[169,168],"product_tag":[],"class_list":{"0":"post-4634","1":"product","2":"type-product","3":"status-publish","4":"has-post-thumbnail","6":"product_cat-facial-care-sets","7":"product_cat-sets-kits","9":"first","10":"instock","11":"shipping-taxable","12":"product-type-simple"},"_links":{"self":[{"href":"https:\/\/www.drrashel-bbg.com\/fr\/wp-json\/wp\/v2\/product\/4634","targetHints":{"allow":["GET"]}}],"collection":[{"href":"https:\/\/www.drrashel-bbg.com\/fr\/wp-json\/wp\/v2\/product"}],"about":[{"href":"https:\/\/www.drrashel-bbg.com\/fr\/wp-json\/wp\/v2\/types\/product"}],"replies":[{"embeddable":true,"href":"https:\/\/www.drrashel-bbg.com\/fr\/wp-json\/wp\/v2\/comments?post=4634"}],"wp:featuredmedia":[{"embeddable":true,"href":"https:\/\/www.drrashel-bbg.com\/fr\/wp-json\/wp\/v2\/media\/4637"}],"wp:attachment":[{"href":"https:\/\/www.drrashel-bbg.com\/fr\/wp-json\/wp\/v2\/media?parent=4634"}],"wp:term":[{"taxonomy":"product_brand","embeddable":true,"href":"https:\/\/www.drrashel-bbg.com\/fr\/wp-json\/wp\/v2\/product_brand?post=4634"},{"taxonomy":"product_cat","embeddable":true,"href":"https:\/\/www.drrashel-bbg.com\/fr\/wp-json\/wp\/v2\/product_cat?post=4634"},{"taxonomy":"product_tag","embeddable":true,"href":"https:\/\/www.drrashel-bbg.com\/fr\/wp-json\/wp\/v2\/product_tag?post=4634"}],"curies":[{"name":"wp","href":"https:\/\/api.w.org\/{rel}","templated":true}]}}